{"id":42613,"date":"2023-07-14T17:47:54","date_gmt":"2023-07-14T21:47:54","guid":{"rendered":"https:\/\/demo.perimeter-solutions.com\/fluorfreie-loesungen\/"},"modified":"2024-08-15T11:21:50","modified_gmt":"2024-08-15T15:21:50","slug":"fluorfreie-loesungen","status":"publish","type":"page","link":"https:\/\/demo.perimeter-solutions.com\/de\/fluorfreie-loesungen\/","title":{"rendered":"Fluorfreie L\u00f6sungen"},"content":{"rendered":"\t\t<div data-elementor-type=\"wp-page\" data-elementor-id=\"42613\" class=\"elementor elementor-42613 elementor-37920\" data-elementor-post-type=\"page\">\n\t\t\t\t\t\t<section class=\"elementor-section elementor-top-section elementor-element elementor-element-a53ddb9 elementor-section-stretched elementor-section-boxed elementor-section-height-default elementor-section-height-default\" data-id=\"a53ddb9\" data-element_type=\"section\" data-e-type=\"section\" data-settings=\"{&quot;stretch_section&quot;:&quot;section-stretched&quot;,&quot;background_background&quot;:&quot;classic&quot;}\">\n\t\t\t\t\t\t\t<div class=\"elementor-background-overlay\"><\/div>\n\t\t\t\t\t\t\t<div class=\"elementor-container elementor-column-gap-default\">\n\t\t\t\t\t<div class=\"elementor-column elementor-col-100 elementor-top-column elementor-element elementor-element-8e1337c\" data-id=\"8e1337c\" data-element_type=\"column\" data-e-type=\"column\">\n\t\t\t<div class=\"elementor-widget-wrap elementor-element-populated\">\n\t\t\t\t\t\t<div class=\"elementor-element elementor-element-3fcef61 elementor-widget elementor-widget-heading\" data-id=\"3fcef61\" data-element_type=\"widget\" data-e-type=\"widget\" data-widget_type=\"heading.default\">\n\t\t\t\t<div class=\"elementor-widget-container\">\n\t\t\t\t\t<h1 class=\"elementor-heading-title elementor-size-default\">FLUORFREIE L\u00d6SUNGEN<\/h1>\t\t\t\t<\/div>\n\t\t\t\t<\/div>\n\t\t\t\t\t<\/div>\n\t\t<\/div>\n\t\t\t\t\t<\/div>\n\t\t<\/section>\n\t\t\t\t<section class=\"elementor-section elementor-top-section elementor-element elementor-element-e36f22b elementor-section-boxed elementor-section-height-default elementor-section-height-default\" data-id=\"e36f22b\" data-element_type=\"section\" data-e-type=\"section\" data-settings=\"{&quot;background_background&quot;:&quot;classic&quot;}\">\n\t\t\t\t\t\t\t<div class=\"elementor-background-overlay\"><\/div>\n\t\t\t\t\t\t\t<div class=\"elementor-container elementor-column-gap-default\">\n\t\t\t\t\t<div class=\"elementor-column elementor-col-100 elementor-top-column elementor-element elementor-element-9ead739\" data-id=\"9ead739\" data-element_type=\"column\" data-e-type=\"column\">\n\t\t\t<div class=\"elementor-widget-wrap elementor-element-populated\">\n\t\t\t\t\t\t<div class=\"elementor-element elementor-element-d5454f1 elementor-widget elementor-widget-text-editor\" data-id=\"d5454f1\" data-element_type=\"widget\" data-e-type=\"widget\" data-widget_type=\"text-editor.default\">\n\t\t\t\t<div class=\"elementor-widget-container\">\n\t\t\t\t\t\t\t\t\t<p>Perimeter Solutions ist heute Innovations- und Marktf\u00fchrer in der Entwicklung und Umsetzung einer effektiven, neuen fluorfreien Feuerl\u00f6schschaumtechnologie und bedient mit eine Vielzahl von\u00a0Kunden weltweit.<\/p><p>Wir haben das weltweit erste fluorfreie Schaummittelkonzentrat mit geringer Ausdehnung entwickelt &#8211; SOLBERG<sup>\u00ae<\/sup>\u00a0RE-HEALING\u2122.<\/p><p>Diese Technologie wird seit mehr als zwei Jahrzehnten in einer breiten Palette von Anwendungen eingesetzt.<br \/>Mit F&amp;E-Teams auf zwei Kontinenten entwickeln wir die n\u00e4chste Generation von hochleistungsf\u00e4higen fluorfreien \u00a0<a href=\"https:\/\/demo.perimeter-solutions.com\/de\/?page_id=43111\" target=\"_blank\" rel=\"noopener\">Schaumstoffe der Klasse B f\u00fcr die Brandbek\u00e4mpfung<\/a>\u00a0werden regelm\u00e4\u00dfig mit neuen Produkten eingef\u00fchrt.<br \/>Heute, da viele Unternehmen an ihren fluorfreien Schaumprodukten der ersten oder zweiten Generation arbeiten, entwickelt Perimeter Solutions Produkte der vierten Generation.<\/p><p>Die fluorfreie Produktlinie von Perimeter Solutions umfasst Schaumkonzentratvarianten f\u00fcr Kohlenwasserstoff- und polare L\u00f6sungsmittelbr\u00e4nde, Schulungsschaum, Spezialsch\u00e4ume und eine komplette Reihe von\u00a0<a href=\"https:\/\/demo.perimeter-solutions.com\/de\/?page_id=43106\" target=\"_blank\" rel=\"noopener\">Schaumkonzentraten der Klasse A<\/a>.\u00a0 Es umfasst Produkte mit Zertifizierungen und Zulassungen f\u00fcr g\u00e4ngige Systeme und Entladungsvorrichtungen.<\/p><p>Perimeter Solutions liefert mehr als nur Technologie und Produkte.<br \/>Neben unseren Produkten bieten wir auch komplette L\u00f6sungen ohne Fluor an, die Folgendes umfassen:<\/p><ul><li>Fest installierte, halbfest installierte und mobile Hardware-Systeme<\/li><li>Konvertierungsexpertise &amp; Schulung<\/li><li>Schneller, zuverl\u00e4ssiger Kundenservice<\/li><li>Logistische Unterst\u00fctzung<\/li><\/ul><p>Da sich die Welt schnell auf eine fluorfreie Technologie zubewegt, ist Perimeter Solutions weiterhin f\u00fchrend in der Entwicklung neuer fluorfreier Schaumstoffkonzentrate, die auf die Anforderungen spezifischer Anwendungen zugeschnitten sind und die Umstellung leicht machen.<\/p>\t\t\t\t\t\t\t\t<\/div>\n\t\t\t\t<\/div>\n\t\t\t\t<section class=\"elementor-section elementor-inner-section elementor-element elementor-element-7d936b2 elementor-section-boxed elementor-section-height-default elementor-section-height-default\" data-id=\"7d936b2\" data-element_type=\"section\" data-e-type=\"section\">\n\t\t\t\t\t\t<div class=\"elementor-container elementor-column-gap-default\">\n\t\t\t\t\t<div class=\"elementor-column elementor-col-100 elementor-inner-column elementor-element elementor-element-8ca9d1d\" data-id=\"8ca9d1d\" data-element_type=\"column\" data-e-type=\"column\">\n\t\t\t<div class=\"elementor-widget-wrap elementor-element-populated\">\n\t\t\t\t\t\t<div class=\"elementor-element elementor-element-205bc2a elementor-widget elementor-widget-image\" data-id=\"205bc2a\" data-element_type=\"widget\" data-e-type=\"widget\" data-widget_type=\"image.default\">\n\t\t\t\t<div class=\"elementor-widget-container\">\n\t\t\t\t\t\t\t\t\t\t\t\t\t\t\t<img fetchpriority=\"high\" decoding=\"async\" width=\"2560\" height=\"643\" src=\"https:\/\/demo.perimeter-solutions.com\/wp-content\/uploads\/2023\/08\/GOPR7450-Mark-Siem-crop-scaled.jpg\" class=\"attachment-full size-full wp-image-42617\" alt=\"\" \/>\t\t\t\t\t\t\t\t\t\t\t\t\t\t\t<\/div>\n\t\t\t\t<\/div>\n\t\t\t\t<div class=\"elementor-element elementor-element-1a9e074 elementor-widget elementor-widget-text-editor\" data-id=\"1a9e074\" data-element_type=\"widget\" data-e-type=\"widget\" data-widget_type=\"text-editor.default\">\n\t\t\t\t<div class=\"elementor-widget-container\">\n\t\t\t\t\t\t\t\t\t<strong>Perimeter Solutions Fluorfrei erstmals<\/strong>\n<ul>\n \t<li>Erster schwer dehnbarer, fluorfreier Schaumstoff im Jahr 2000\n<ul>\n \t<li>Entwickelt von Ted Schaefer<\/li>\n<\/ul>\n<\/li>\n \t<li>Erster UL-gelisteter fluorfreier Schaum f\u00fcr Sprinkleranwendungen\n<ul>\n \t<li><a href=\"https:\/\/demo.perimeter-solutions.com\/?page_id=22234\">SOLBERG<sup>\u00ae<\/sup> RE-HEALING\u2122 RF3<\/a><\/li>\n<\/ul>\n<\/li>\n \t<li>Erster UL-gelisteter fluorfreier Schaum f\u00fcr Sprinkleranwendungen sowohl f\u00fcr Kohlenwasserstoff- als auch f\u00fcr polare L\u00f6sungsmittelbrennstoffe\n<ul>\n \t<li><a href=\"https:\/\/demo.perimeter-solutions.com\/?page_id=33683\">SOLBERG<sup>\u00ae<\/sup> RE-HEALING\u2122 3\u00d73 FLUORFREIES SP-100<\/a><\/li>\n<\/ul>\n<\/li>\n \t<li>Eine der ersten Organisationen, die dem Milit\u00e4r ein synthetisches fluorfreies Schaumstoffkonzentrat zur Aufnahme in die MIL-SPEC Qualified Products List vorgelegt hat (in Bearbeitung).<\/li>\n<\/ul>\t\t\t\t\t\t\t\t<\/div>\n\t\t\t\t<\/div>\n\t\t\t\t\t<\/div>\n\t\t<\/div>\n\t\t\t\t\t<\/div>\n\t\t<\/section>\n\t\t\t\t\t<\/div>\n\t\t<\/div>\n\t\t\t\t\t<\/div>\n\t\t<\/section>\n\t\t\t\t<\/div>\n\t\t","protected":false},"excerpt":{"rendered":"<p>FLUORFREIE L\u00d6SUNGEN Perimeter Solutions ist heute Innovations- und Marktf\u00fchrer in der Entwicklung und Umsetzung einer effektiven, neuen fluorfreien Feuerl\u00f6schschaumtechnologie und bedient mit eine Vielzahl von\u00a0Kunden weltweit. Wir haben das weltweit [&hellip;]<\/p>\n","protected":false},"author":3,"featured_media":0,"parent":0,"menu_order":0,"comment_status":"closed","ping_status":"closed","template":"","meta":{"_acf_changed":false,"footnotes":""},"class_list":["post-42613","page","type-page","status-publish","hentry"],"acf":[],"yoast_head":"<!-- This site is optimized with the Yoast SEO Premium plugin v21.9 (Yoast SEO v23.5) - https:\/\/yoast.com\/wordpress\/plugins\/seo\/ -->\n<title>Fluorfreie L\u00f6sungen - PS Demo site<\/title>\n<meta name=\"description\" content=\"Perimeter Solutions bietet Labordienstleistungen zur Analyse von Schaumstoffkonzentraten an. Die Analyse umfasst Verifizierungen im Labor und Feuertests.\" \/>\n<meta name=\"robots\" content=\"noindex, follow, max-snippet:-1, max-image-preview:large, max-video-preview:-1\" \/>\n<meta property=\"og:locale\" content=\"de_DE\" \/>\n<meta property=\"og:type\" content=\"article\" \/>\n<meta property=\"og:title\" content=\"Fluorfreie L\u00f6sungen\" \/>\n<meta property=\"og:description\" content=\"Perimeter Solutions bietet Labordienstleistungen zur Analyse von Schaumstoffkonzentraten an. Die Analyse umfasst Verifizierungen im Labor und Feuertests.\" \/>\n<meta property=\"og:url\" content=\"https:\/\/demo.perimeter-solutions.com\/de\/fluorfreie-loesungen\/\" \/>\n<meta property=\"og:site_name\" content=\"PS Demo site\" \/>\n<meta property=\"article:modified_time\" content=\"2024-08-15T15:21:50+00:00\" \/>\n<meta property=\"og:image\" content=\"https:\/\/demo.perimeter-solutions.com\/wp-content\/uploads\/2023\/08\/GOPR7450-Mark-Siem-crop-scaled.jpg\" \/>\n<meta name=\"twitter:card\" content=\"summary_large_image\" \/>\n<meta name=\"twitter:label1\" content=\"Gesch\u00e4tzte Lesezeit\" \/>\n\t<meta name=\"twitter:data1\" content=\"2\u00a0Minuten\" \/>\n<script type=\"application\/ld+json\" class=\"yoast-schema-graph\">{\"@context\":\"https:\/\/schema.org\",\"@graph\":[{\"@type\":\"WebPage\",\"@id\":\"https:\/\/demo.perimeter-solutions.com\/de\/fluorfreie-loesungen\/\",\"url\":\"https:\/\/demo.perimeter-solutions.com\/de\/fluorfreie-loesungen\/\",\"name\":\"Fluorfreie L\u00f6sungen - PS Demo site\",\"isPartOf\":{\"@id\":\"https:\/\/demo.perimeter-solutions.com\/de\/#website\"},\"primaryImageOfPage\":{\"@id\":\"https:\/\/demo.perimeter-solutions.com\/de\/fluorfreie-loesungen\/#primaryimage\"},\"image\":{\"@id\":\"https:\/\/demo.perimeter-solutions.com\/de\/fluorfreie-loesungen\/#primaryimage\"},\"thumbnailUrl\":\"https:\/\/demo.perimeter-solutions.com\/wp-content\/uploads\/2023\/08\/GOPR7450-Mark-Siem-crop-scaled.jpg\",\"datePublished\":\"2023-07-14T21:47:54+00:00\",\"dateModified\":\"2024-08-15T15:21:50+00:00\",\"description\":\"Perimeter Solutions bietet Labordienstleistungen zur Analyse von Schaumstoffkonzentraten an. Die Analyse umfasst Verifizierungen im Labor und Feuertests.\",\"inLanguage\":\"de\",\"potentialAction\":[{\"@type\":\"ReadAction\",\"target\":[\"https:\/\/demo.perimeter-solutions.com\/de\/fluorfreie-loesungen\/\"]}]},{\"@type\":\"ImageObject\",\"inLanguage\":\"de\",\"@id\":\"https:\/\/demo.perimeter-solutions.com\/de\/fluorfreie-loesungen\/#primaryimage\",\"url\":\"https:\/\/demo.perimeter-solutions.com\/wp-content\/uploads\/2023\/08\/GOPR7450-Mark-Siem-crop-scaled.jpg\",\"contentUrl\":\"https:\/\/demo.perimeter-solutions.com\/wp-content\/uploads\/2023\/08\/GOPR7450-Mark-Siem-crop-scaled.jpg\"},{\"@type\":\"WebSite\",\"@id\":\"https:\/\/demo.perimeter-solutions.com\/de\/#website\",\"url\":\"https:\/\/demo.perimeter-solutions.com\/de\/\",\"name\":\"PS Demo site\",\"description\":\"\",\"publisher\":{\"@id\":\"https:\/\/demo.perimeter-solutions.com\/de\/#organization\"},\"potentialAction\":[{\"@type\":\"SearchAction\",\"target\":{\"@type\":\"EntryPoint\",\"urlTemplate\":\"https:\/\/demo.perimeter-solutions.com\/de\/?s={search_term_string}\"},\"query-input\":{\"@type\":\"PropertyValueSpecification\",\"valueRequired\":true,\"valueName\":\"search_term_string\"}}],\"inLanguage\":\"de\"},{\"@type\":\"Organization\",\"@id\":\"https:\/\/demo.perimeter-solutions.com\/de\/#organization\",\"name\":\"Perimeter Solutions\",\"url\":\"https:\/\/demo.perimeter-solutions.com\/de\/\",\"logo\":{\"@type\":\"ImageObject\",\"inLanguage\":\"de\",\"@id\":\"https:\/\/demo.perimeter-solutions.com\/de\/#\/schema\/logo\/image\/\",\"url\":\"https:\/\/demo.perimeter-solutions.com\/wp-content\/uploads\/2021\/02\/perimeter-logo-RGB.png\",\"contentUrl\":\"https:\/\/demo.perimeter-solutions.com\/wp-content\/uploads\/2021\/02\/perimeter-logo-RGB.png\",\"width\":794,\"height\":138,\"caption\":\"Perimeter Solutions\"},\"image\":{\"@id\":\"https:\/\/demo.perimeter-solutions.com\/de\/#\/schema\/logo\/image\/\"}}]}<\/script>\n<!-- \/ Yoast SEO Premium plugin. -->","yoast_head_json":{"title":"Fluorfreie L\u00f6sungen - PS Demo site","description":"Perimeter Solutions bietet Labordienstleistungen zur Analyse von Schaumstoffkonzentraten an. Die Analyse umfasst Verifizierungen im Labor und Feuertests.","robots":{"index":"noindex","follow":"follow","max-snippet":"max-snippet:-1","max-image-preview":"max-image-preview:large","max-video-preview":"max-video-preview:-1"},"og_locale":"de_DE","og_type":"article","og_title":"Fluorfreie L\u00f6sungen","og_description":"Perimeter Solutions bietet Labordienstleistungen zur Analyse von Schaumstoffkonzentraten an. Die Analyse umfasst Verifizierungen im Labor und Feuertests.","og_url":"https:\/\/demo.perimeter-solutions.com\/de\/fluorfreie-loesungen\/","og_site_name":"PS Demo site","article_modified_time":"2024-08-15T15:21:50+00:00","og_image":[{"url":"https:\/\/demo.perimeter-solutions.com\/wp-content\/uploads\/2023\/08\/GOPR7450-Mark-Siem-crop-scaled.jpg"}],"twitter_card":"summary_large_image","twitter_misc":{"Gesch\u00e4tzte Lesezeit":"2\u00a0Minuten"},"schema":{"@context":"https:\/\/schema.org","@graph":[{"@type":"WebPage","@id":"https:\/\/demo.perimeter-solutions.com\/de\/fluorfreie-loesungen\/","url":"https:\/\/demo.perimeter-solutions.com\/de\/fluorfreie-loesungen\/","name":"Fluorfreie L\u00f6sungen - PS Demo site","isPartOf":{"@id":"https:\/\/demo.perimeter-solutions.com\/de\/#website"},"primaryImageOfPage":{"@id":"https:\/\/demo.perimeter-solutions.com\/de\/fluorfreie-loesungen\/#primaryimage"},"image":{"@id":"https:\/\/demo.perimeter-solutions.com\/de\/fluorfreie-loesungen\/#primaryimage"},"thumbnailUrl":"https:\/\/demo.perimeter-solutions.com\/wp-content\/uploads\/2023\/08\/GOPR7450-Mark-Siem-crop-scaled.jpg","datePublished":"2023-07-14T21:47:54+00:00","dateModified":"2024-08-15T15:21:50+00:00","description":"Perimeter Solutions bietet Labordienstleistungen zur Analyse von Schaumstoffkonzentraten an. Die Analyse umfasst Verifizierungen im Labor und Feuertests.","inLanguage":"de","potentialAction":[{"@type":"ReadAction","target":["https:\/\/demo.perimeter-solutions.com\/de\/fluorfreie-loesungen\/"]}]},{"@type":"ImageObject","inLanguage":"de","@id":"https:\/\/demo.perimeter-solutions.com\/de\/fluorfreie-loesungen\/#primaryimage","url":"https:\/\/demo.perimeter-solutions.com\/wp-content\/uploads\/2023\/08\/GOPR7450-Mark-Siem-crop-scaled.jpg","contentUrl":"https:\/\/demo.perimeter-solutions.com\/wp-content\/uploads\/2023\/08\/GOPR7450-Mark-Siem-crop-scaled.jpg"},{"@type":"WebSite","@id":"https:\/\/demo.perimeter-solutions.com\/de\/#website","url":"https:\/\/demo.perimeter-solutions.com\/de\/","name":"PS Demo site","description":"","publisher":{"@id":"https:\/\/demo.perimeter-solutions.com\/de\/#organization"},"potentialAction":[{"@type":"SearchAction","target":{"@type":"EntryPoint","urlTemplate":"https:\/\/demo.perimeter-solutions.com\/de\/?s={search_term_string}"},"query-input":{"@type":"PropertyValueSpecification","valueRequired":true,"valueName":"search_term_string"}}],"inLanguage":"de"},{"@type":"Organization","@id":"https:\/\/demo.perimeter-solutions.com\/de\/#organization","name":"Perimeter Solutions","url":"https:\/\/demo.perimeter-solutions.com\/de\/","logo":{"@type":"ImageObject","inLanguage":"de","@id":"https:\/\/demo.perimeter-solutions.com\/de\/#\/schema\/logo\/image\/","url":"https:\/\/demo.perimeter-solutions.com\/wp-content\/uploads\/2021\/02\/perimeter-logo-RGB.png","contentUrl":"https:\/\/demo.perimeter-solutions.com\/wp-content\/uploads\/2021\/02\/perimeter-logo-RGB.png","width":794,"height":138,"caption":"Perimeter Solutions"},"image":{"@id":"https:\/\/demo.perimeter-solutions.com\/de\/#\/schema\/logo\/image\/"}}]}},"_links":{"self":[{"href":"https:\/\/demo.perimeter-solutions.com\/de\/wp-json\/wp\/v2\/pages\/42613","targetHints":{"allow":["GET"]}}],"collection":[{"href":"https:\/\/demo.perimeter-solutions.com\/de\/wp-json\/wp\/v2\/pages"}],"about":[{"href":"https:\/\/demo.perimeter-solutions.com\/de\/wp-json\/wp\/v2\/types\/page"}],"author":[{"embeddable":true,"href":"https:\/\/demo.perimeter-solutions.com\/de\/wp-json\/wp\/v2\/users\/3"}],"replies":[{"embeddable":true,"href":"https:\/\/demo.perimeter-solutions.com\/de\/wp-json\/wp\/v2\/comments?post=42613"}],"version-history":[{"count":12,"href":"https:\/\/demo.perimeter-solutions.com\/de\/wp-json\/wp\/v2\/pages\/42613\/revisions"}],"predecessor-version":[{"id":43651,"href":"https:\/\/demo.perimeter-solutions.com\/de\/wp-json\/wp\/v2\/pages\/42613\/revisions\/43651"}],"wp:attachment":[{"href":"https:\/\/demo.perimeter-solutions.com\/de\/wp-json\/wp\/v2\/media?parent=42613"}],"curies":[{"name":"wp","href":"https:\/\/api.w.org\/{rel}","templated":true}]}}