{"id":42629,"date":"2023-10-10T11:58:09","date_gmt":"2023-10-10T15:58:09","guid":{"rendered":"https:\/\/demo.perimeter-solutions.com\/esg-umweltverantwortung\/"},"modified":"2024-08-14T21:43:37","modified_gmt":"2024-08-15T01:43:37","slug":"esg-umweltverantwortung","status":"publish","type":"page","link":"https:\/\/demo.perimeter-solutions.com\/de\/esg-umweltverantwortung\/","title":{"rendered":"ESG Umweltverantwortung"},"content":{"rendered":"\t\t<div data-elementor-type=\"wp-page\" data-elementor-id=\"42629\" class=\"elementor elementor-42629 elementor-38574\" data-elementor-post-type=\"page\">\n\t\t\t\t\t\t<section class=\"elementor-section elementor-top-section elementor-element elementor-element-a53ddb9 elementor-section-stretched elementor-section-boxed elementor-section-height-default elementor-section-height-default\" data-id=\"a53ddb9\" data-element_type=\"section\" data-e-type=\"section\" data-settings=\"{&quot;stretch_section&quot;:&quot;section-stretched&quot;,&quot;background_background&quot;:&quot;classic&quot;}\">\n\t\t\t\t\t\t<div class=\"elementor-container elementor-column-gap-default\">\n\t\t\t\t\t<div class=\"elementor-column elementor-col-100 elementor-top-column elementor-element elementor-element-8e1337c\" data-id=\"8e1337c\" data-element_type=\"column\" data-e-type=\"column\">\n\t\t\t<div class=\"elementor-widget-wrap elementor-element-populated\">\n\t\t\t\t\t\t<div class=\"elementor-element elementor-element-3fcef61 elementor-widget elementor-widget-heading\" data-id=\"3fcef61\" data-element_type=\"widget\" data-e-type=\"widget\" data-widget_type=\"heading.default\">\n\t\t\t\t<div class=\"elementor-widget-container\">\n\t\t\t\t\t<h1 class=\"elementor-heading-title elementor-size-default\">ESG-Verantwortung<\/h1>\t\t\t\t<\/div>\n\t\t\t\t<\/div>\n\t\t\t\t\t<\/div>\n\t\t<\/div>\n\t\t\t\t\t<\/div>\n\t\t<\/section>\n\t\t\t\t<section class=\"elementor-section elementor-top-section elementor-element elementor-element-e36f22b elementor-section-boxed elementor-section-height-default elementor-section-height-default\" data-id=\"e36f22b\" data-element_type=\"section\" data-e-type=\"section\" data-settings=\"{&quot;background_background&quot;:&quot;classic&quot;}\">\n\t\t\t\t\t\t\t<div class=\"elementor-background-overlay\"><\/div>\n\t\t\t\t\t\t\t<div class=\"elementor-container elementor-column-gap-default\">\n\t\t\t\t\t<div class=\"elementor-column elementor-col-100 elementor-top-column elementor-element elementor-element-9ead739\" data-id=\"9ead739\" data-element_type=\"column\" data-e-type=\"column\">\n\t\t\t<div class=\"elementor-widget-wrap elementor-element-populated\">\n\t\t\t\t\t\t<div class=\"elementor-element elementor-element-d5454f1 elementor-widget elementor-widget-text-editor\" data-id=\"d5454f1\" data-element_type=\"widget\" data-e-type=\"widget\" data-widget_type=\"text-editor.default\">\n\t\t\t\t<div class=\"elementor-widget-container\">\n\t\t\t\t\t\t\t\t\t<p style=\"font-weight: 400;\">Wir haben daran gearbeitet, unsere ESG-Strategie zu verbessern, um sie mit der breiteren Transformation unseres Unternehmens in Einklang zu bringen.<\/p>\n<p style=\"font-weight: 400;\">Unser F\u00fchrungsteam hat erkannt, wie wichtig es ist, \u00f6kologische und soziale Priorit\u00e4ten in unsere Gesch\u00e4ftsabl\u00e4ufe einzubetten. Wir haben eine verbesserte und modernisierte ESG-Strategie verabschiedet, die zus\u00e4tzliche Fortschritte bei Initiativen zur F\u00f6rderung von Nachhaltigkeit, <span style=\"letter-spacing: 0px;\">Vielfalt, Gerechtigkeit und Inklusion sowie erh\u00f6hter Transparenz erzielen soll.<\/span><\/p>\n<p style=\"font-weight: 400;\">Unser Senior Management Team entwickelt die strategische ESG-Ausrichtung des Unternehmens und treibt den Fortschritt durch eine interne ESG-Arbeitsgruppe voran, die von einem funktions\u00fcbergreifenden Team von F\u00fchrungskr\u00e4ften aus den Bereichen Business, Operations, Umwelt &amp; Sicherheit, Human Resources, Investor Relations und Legal &amp; Compliance geleitet wird.<\/p>\n<p style=\"font-weight: 400;\">Unser Vorstand hat die Aufgabe, die Strategie, die Initiativen und die Leistung des Managements bei der Erreichung der ESG-Ziele zu \u00fcberwachen und zu beurteilen.<br \/>\nVor diesem Hintergrund <span style=\"letter-spacing: 0px;\">haben wir mit Hilfe externer ESG-Experten eine Bewertung von Schl\u00fcsselindikatoren vorgenommen und uns mit unseren internen und externen Stakeholdern zu ESG-Themen ausgetauscht, um <\/span><span style=\"letter-spacing: 0px;\">unsere k\u00fcnftige Ausrichtung und unsere Grunds\u00e4tze<\/span> <span style=\"letter-spacing: 0px;\">besser zu verstehen <\/span><span style=\"letter-spacing: 0px;\">.<\/span> <\/p>\n<p style=\"font-weight: 400;\"><strong><br \/>Verantwortung f\u00fcr die Umwelt<\/strong><\/p>\n<p style=\"font-weight: 400;\"><span style=\"letter-spacing: 0px;\">Wir sind davon \u00fcberzeugt, dass der Schutz der Umwelt ein wesentlicher Bestandteil unserer t\u00e4glichen Arbeit ist.<br \/>\nAngesichts der zunehmenden Bedeutung des Klimawandels sind wir uns der Notwendigkeit bewusst, die zunehmenden Vorschriften und strengeren Umweltstandards einzuhalten. <\/span><\/p>\n<p style=\"font-weight: 400;\">Perimeter Solutions ist bestrebt, erstklassige Produkte herzustellen und gleichzeitig die nat\u00fcrlichen Ressourcen der Erde zu sch\u00fctzen und zu erhalten.<\/p>\n<p style=\"font-weight: 400;\">Bei Perimeter Solutions unterst\u00fctzen und praktizieren wir erstklassige Industriestandards und unternehmenseigene Umwelt-, Gesundheits-, Sicherheits- und Schutzinitiativen.<\/p>\n<p style=\"font-weight: 400;\">Erfahren Sie hier mehr: <a href=\"https:\/\/demo.perimeter-solutions.com\/about-environmental-safety-health-security\/\" rel=\"noopener\">\u00fcber-umwelt-sicherheit-gesundheit-sicherheit<\/a><\/p>\n<p style=\"font-weight: 400;\"><strong><br \/>Soziale Auswirkungen<\/strong><\/p>\n<p style=\"font-weight: 400;\">Wir betrachten unsere Mitarbeiter als unser wertvollstes Kapital.<br \/>\nDie Entwicklung, Gewinnung und Bindung von Mitarbeitern ist ein entscheidender Erfolgsfaktor f\u00fcr unser Unternehmen.<br \/>\nUm den Aufstieg unserer Mitarbeiter zu f\u00f6rdern, bieten wir Schulungs- und Entwicklungsprogramme an, die den Aufstieg aus den eigenen Reihen beg\u00fcnstigen, und besetzen unser Team weiterhin mit starken und erfahrenen Managementtalenten.<br \/>\nUnser Erfolg h\u00e4ngt von einer hochqualifizierten, motivierten und gesch\u00e4tzten Belegschaft ab.<br \/>\nWir glauben auch, dass Investitionen in lokale Gemeinschaften, die soziale und wirtschaftliche Ergebnisse erzielen, das Herzst\u00fcck der sozialen Wirkung sind.<br \/>\nWir glauben daran, den Gemeinschaften, in denen wir leben und arbeiten, etwas zur\u00fcckzugeben.     <\/p>\n<p style=\"font-weight: 400;\"><strong><br \/>Vielfalt, Gleichberechtigung und Integration (DE&amp;I)<\/strong> sind f\u00fcr uns von entscheidender Bedeutung.<br \/>\nUnser Engagement beginnt mit dem Ziel, eine <a href=\"https:\/\/demo.perimeter-solutions.com\/wp-content\/uploads\/2023\/12\/Affirmative-Action-Policy-December-2023.pdf\" target=\"_blank\" rel=\"noopener\">Belegschaft<\/a> zu gewinnen, zu halten und zu entwickeln <a href=\"https:\/\/demo.perimeter-solutions.com\/wp-content\/uploads\/2023\/12\/Affirmative-Action-Policy-December-2023.pdf\" target=\"_blank\" rel=\"noopener\">, die in Bezug auf Hintergrund, Wissen, F\u00e4higkeiten und Erfahrung vielf\u00e4ltig ist<\/a>.<br \/>\nPerimeter verpflichtet sich, <a href=\"https:\/\/demo.perimeter-solutions.com\/wp-content\/uploads\/2023\/12\/Equal-Employment-Opportunity-Policy-12112023.pdf\" target=\"_blank\" rel=\"noopener\">gleiche Besch\u00e4ftigungschancen<\/a> zu bieten und trifft alle Entscheidungen \u00fcber Einstellung, Bezahlung, Leistung und Bef\u00f6rderung auf der Grundlage von Verdiensten und ohne Diskriminierung aufgrund von Geschlecht, sexueller Orientierung, Alter, Familienstand, ethnischer Herkunft, Nationalit\u00e4t, Behinderung oder religi\u00f6ser \u00dcberzeugung.<br \/>\nWir sind davon \u00fcberzeugt, dass die Mitarbeiter die wichtigste Komponente f\u00fcr unseren anhaltenden Erfolg sind, und wir bem\u00fchen uns, leistungsstarke Talente anzuziehen.   <\/p>\n<p style=\"font-weight: 400;\">Lesen Sie hier mehr \u00fcber unsere Kultur und Werte: <a href=\"https:\/\/demo.perimeter-solutions.com\/about-culture-values\/\" target=\"_blank\" rel=\"noopener\">about-culture-values<\/a><\/p>\n<p style=\"font-weight: 400;\">Wir sind davon \u00fcberzeugt, dass Investitionen in lokale Gemeinschaften zur Schaffung sozialer und wirtschaftlicher Ergebnisse das Herzst\u00fcck der Erzeugung sozialer Wirkung sind.<br \/>\nWir glauben daran, den Gemeinschaften, in denen wir leben und arbeiten, etwas zur\u00fcckzugeben.<br \/>\nWir unterst\u00fctzen das Engagement unserer Mitarbeiter in ihren Gemeinden, indem wir ihnen die M\u00f6glichkeit geben, sich ehrenamtlich zu engagieren.<br \/>\nDurch strategische Partnerschaften mit gemeinn\u00fctzigen Organisationen, ehrenamtliches Engagement und Philanthropie ist unsere unternehmerische Verantwortung darauf ausgerichtet, zur Schaffung einer besseren Welt beizutragen.   <\/p>\n<p style=\"font-weight: 400;\">Erfahren Sie mehr \u00fcber die Organisationen, mit denen wir zusammenarbeiten:<\/p>\n<ul>\n<li><a href=\"https:\/\/www.iawfonline.org\" target=\"_blank\" rel=\"noopener\"><a href=\"https:\/\/www.iawfonline.org\">Internationale Vereinigung f\u00fcr Waldbrandbek\u00e4mpfung<\/a><\/a> <\/li>\n<li><a href=\"https:\/\/www.stateforesters.org\/\" target=\"_blank\" rel=\"noopener\"><a href=\"https:\/\/www.stateforesters.org\/\">Nationale Vereinigung der Staatsf\u00f6rster<\/a><\/a> <\/li>\n<li><a href=\"http:\/\/wffoundation.org\" target=\"_blank\" rel=\"noopener\"><a href=\"http:\/\/wffoundation.org\">Wildland Firefighter Stiftung<\/a><\/a> <\/li>\n<li><a href=\"https:\/\/thewflc.org\" target=\"_blank\" rel=\"noopener\"><a href=\"https:\/\/thewflc.org\">Western Forestry Leadership Council<\/a><\/a><\/li>\n<li><a href=\"https:\/\/www.iafc.org\" target=\"_blank\" rel=\"noopener\"><a href=\"https:\/\/www.iafc.org\">Internationaler Verband der Feuerwehrchefs<\/a><\/a> <\/li>\n<li><a href=\"https:\/\/wfca.com\/\" target=\"_blank\" rel=\"noopener\"><a href=\"https:\/\/wfca.com\/\">Verband der westlichen Feuerwehrchefs<\/a><\/a> <\/li>\n<\/ul>\n<p style=\"font-weight: 400;\"><strong><br \/>Kultur des Regierens<\/strong><\/p>\n<p style=\"font-weight: 400;\">Wir sind bestrebt, bei unseren Corporate Governance-Praktiken Spitzenleistungen zu erzielen.<br \/>\nWir legen Wert auf eine Kultur der Verantwortlichkeit und f\u00fchren unsere Gesch\u00e4fte in einer Art und Weise, die fair, ethisch und verantwortungsvoll ist, um das Vertrauen unserer Stakeholder zu gewinnen. <\/p>\n<p style=\"font-weight: 400;\">Perimeter Solutions verf\u00fcgt \u00fcber umfassende Corporate Governance-Richtlinien und -Strukturen, um die Verantwortlichkeit und Transparenz unseres Managementteams zu f\u00f6rdern.<br \/>\nDiese Richtlinien spiegeln unsere grunds\u00e4tzliche Verpflichtung wider, die h\u00f6chsten Standards der Ethik und Integrit\u00e4t aufrechtzuerhalten und unser Gesch\u00e4ft in \u00dcbereinstimmung mit allen anwendbaren Anti-Korruptions-, Anti-Korruptions- und Anti-Kartellgesetzen und -vorschriften zu betreiben.<br \/>\nWir verf\u00fcgen \u00fcber eine <a href=\"https:\/\/demo.perimeter-solutions.com\/about-culture-values\/\">Ethik- und Compliance-Hotline f\u00fcr Mitarbeiter<\/a>, bei der Stakeholder ihre ethischen Bedenken \u00e4u\u00dfern k\u00f6nnen.<br \/>\nWir suchen weiterhin nach M\u00f6glichkeiten, den Zugang zu den Meldeoptionen zu verbessern und die Effektivit\u00e4t unserer Reaktionen auf gemeldete ethische Bedenken zu erh\u00f6hen.   <\/p>\n<p style=\"font-weight: 400;\"><strong>Zus\u00e4tzliche Ressourcen:<\/strong><\/p>\n<ul>\n<li><a href=\"https:\/\/demo.perimeter-solutions.com\/wp-content\/uploads\/2024\/02\/PerimeterSolutions_2023_ESG_R10.pdf\" target=\"_blank\" rel=\"noopener\"><a href=\"https:\/\/demo.perimeter-solutions.com\/wp-content\/uploads\/2024\/02\/PerimeterSolutions_2023_ESG_R10.pdf\">2023 ESG-Bericht<\/a><\/a><\/li>\n<li><a href=\"https:\/\/ir.perimeter-solutions.com\/corporate-governance\/governance-documents\"><a href=\"https:\/\/ir.perimeter-solutions.com\/corporate-governance\/governance-documents\">Governance-Dokumente<\/a><\/a><\/li>\n<li><a href=\"https:\/\/ir.perimeter-solutions.com\/corporate-governance\/board-of-directors\"><a href=\"https:\/\/ir.perimeter-solutions.com\/corporate-governance\/board-of-directors\">Direktorium<\/a><\/a><\/li>\n<li><a href=\"https:\/\/ir.perimeter-solutions.com\/corporate-governance\/board-committees\"><a href=\"https:\/\/ir.perimeter-solutions.com\/corporate-governance\/board-committees\">Vorstandsaussch\u00fcsse<\/a><\/a><\/li>\n<li><a href=\"https:\/\/ir.perimeter-solutions.com\/sec-filings\/annual-reports\"><a href=\"https:\/\/ir.perimeter-solutions.com\/sec-filings\/annual-reports\">Perimeter Solutions Jahresberichte<\/a><\/a><\/li>\n<\/ul>\n\t\t\t\t\t\t\t\t<\/div>\n\t\t\t\t<\/div>\n\t\t\t\t<section class=\"elementor-section elementor-inner-section elementor-element elementor-element-e5f9bcc elementor-section-boxed elementor-section-height-default elementor-section-height-default\" data-id=\"e5f9bcc\" data-element_type=\"section\" data-e-type=\"section\">\n\t\t\t\t\t\t<div class=\"elementor-container elementor-column-gap-default\">\n\t\t\t\t\t<div class=\"elementor-column elementor-col-100 elementor-inner-column elementor-element elementor-element-9efa689\" data-id=\"9efa689\" data-element_type=\"column\" data-e-type=\"column\">\n\t\t\t<div class=\"elementor-widget-wrap\">\n\t\t\t\t\t\t\t<\/div>\n\t\t<\/div>\n\t\t\t\t\t<\/div>\n\t\t<\/section>\n\t\t\t\t\t<\/div>\n\t\t<\/div>\n\t\t\t\t\t<\/div>\n\t\t<\/section>\n\t\t\t\t<\/div>\n\t\t","protected":false},"excerpt":{"rendered":"<p>ESG-Verantwortung Wir haben daran gearbeitet, unsere ESG-Strategie zu verbessern, um sie mit der breiteren Transformation unseres Unternehmens in Einklang zu bringen. Unser F\u00fchrungsteam hat erkannt, wie wichtig es ist, \u00f6kologische [&hellip;]<\/p>\n","protected":false},"author":12,"featured_media":0,"parent":0,"menu_order":0,"comment_status":"closed","ping_status":"closed","template":"","meta":{"_acf_changed":false,"footnotes":""},"class_list":["post-42629","page","type-page","status-publish","hentry"],"acf":[],"yoast_head":"<!-- This site is optimized with the Yoast SEO Premium plugin v21.9 (Yoast SEO v23.5) - https:\/\/yoast.com\/wordpress\/plugins\/seo\/ -->\n<title>ESG Umweltverantwortung - PS Demo site<\/title>\n<meta name=\"description\" content=\"Perimeter Solutions unterst\u00fctzt und praktiziert weltweit erstklassige Umwelt-, Gesundheits-, Sicherheits- und Schutzinitiativen.\" \/>\n<meta name=\"robots\" content=\"noindex, follow, max-snippet:-1, max-image-preview:large, max-video-preview:-1\" \/>\n<meta property=\"og:locale\" content=\"de_DE\" \/>\n<meta property=\"og:type\" content=\"article\" \/>\n<meta property=\"og:title\" content=\"ESG Umweltverantwortung\" \/>\n<meta property=\"og:description\" content=\"Perimeter Solutions unterst\u00fctzt und praktiziert weltweit erstklassige Umwelt-, Gesundheits-, Sicherheits- und Schutzinitiativen.\" \/>\n<meta property=\"og:url\" content=\"https:\/\/demo.perimeter-solutions.com\/de\/esg-umweltverantwortung\/\" \/>\n<meta property=\"og:site_name\" content=\"PS Demo site\" \/>\n<meta property=\"article:modified_time\" content=\"2024-08-15T01:43:37+00:00\" \/>\n<meta name=\"twitter:card\" content=\"summary_large_image\" \/>\n<script type=\"application\/ld+json\" class=\"yoast-schema-graph\">{\"@context\":\"https:\/\/schema.org\",\"@graph\":[{\"@type\":\"WebPage\",\"@id\":\"https:\/\/demo.perimeter-solutions.com\/de\/esg-umweltverantwortung\/\",\"url\":\"https:\/\/demo.perimeter-solutions.com\/de\/esg-umweltverantwortung\/\",\"name\":\"ESG Umweltverantwortung - PS Demo site\",\"isPartOf\":{\"@id\":\"https:\/\/demo.perimeter-solutions.com\/de\/#website\"},\"datePublished\":\"2023-10-10T15:58:09+00:00\",\"dateModified\":\"2024-08-15T01:43:37+00:00\",\"description\":\"Perimeter Solutions unterst\u00fctzt und praktiziert weltweit erstklassige Umwelt-, Gesundheits-, Sicherheits- und Schutzinitiativen.\",\"inLanguage\":\"de\",\"potentialAction\":[{\"@type\":\"ReadAction\",\"target\":[\"https:\/\/demo.perimeter-solutions.com\/de\/esg-umweltverantwortung\/\"]}]},{\"@type\":\"WebSite\",\"@id\":\"https:\/\/demo.perimeter-solutions.com\/de\/#website\",\"url\":\"https:\/\/demo.perimeter-solutions.com\/de\/\",\"name\":\"PS Demo site\",\"description\":\"\",\"publisher\":{\"@id\":\"https:\/\/demo.perimeter-solutions.com\/de\/#organization\"},\"potentialAction\":[{\"@type\":\"SearchAction\",\"target\":{\"@type\":\"EntryPoint\",\"urlTemplate\":\"https:\/\/demo.perimeter-solutions.com\/de\/?s={search_term_string}\"},\"query-input\":{\"@type\":\"PropertyValueSpecification\",\"valueRequired\":true,\"valueName\":\"search_term_string\"}}],\"inLanguage\":\"de\"},{\"@type\":\"Organization\",\"@id\":\"https:\/\/demo.perimeter-solutions.com\/de\/#organization\",\"name\":\"Perimeter Solutions\",\"url\":\"https:\/\/demo.perimeter-solutions.com\/de\/\",\"logo\":{\"@type\":\"ImageObject\",\"inLanguage\":\"de\",\"@id\":\"https:\/\/demo.perimeter-solutions.com\/de\/#\/schema\/logo\/image\/\",\"url\":\"https:\/\/demo.perimeter-solutions.com\/wp-content\/uploads\/2021\/02\/perimeter-logo-RGB.png\",\"contentUrl\":\"https:\/\/demo.perimeter-solutions.com\/wp-content\/uploads\/2021\/02\/perimeter-logo-RGB.png\",\"width\":794,\"height\":138,\"caption\":\"Perimeter Solutions\"},\"image\":{\"@id\":\"https:\/\/demo.perimeter-solutions.com\/de\/#\/schema\/logo\/image\/\"}}]}<\/script>\n<!-- \/ Yoast SEO Premium plugin. -->","yoast_head_json":{"title":"ESG Umweltverantwortung - PS Demo site","description":"Perimeter Solutions unterst\u00fctzt und praktiziert weltweit erstklassige Umwelt-, Gesundheits-, Sicherheits- und Schutzinitiativen.","robots":{"index":"noindex","follow":"follow","max-snippet":"max-snippet:-1","max-image-preview":"max-image-preview:large","max-video-preview":"max-video-preview:-1"},"og_locale":"de_DE","og_type":"article","og_title":"ESG Umweltverantwortung","og_description":"Perimeter Solutions unterst\u00fctzt und praktiziert weltweit erstklassige Umwelt-, Gesundheits-, Sicherheits- und Schutzinitiativen.","og_url":"https:\/\/demo.perimeter-solutions.com\/de\/esg-umweltverantwortung\/","og_site_name":"PS Demo site","article_modified_time":"2024-08-15T01:43:37+00:00","twitter_card":"summary_large_image","schema":{"@context":"https:\/\/schema.org","@graph":[{"@type":"WebPage","@id":"https:\/\/demo.perimeter-solutions.com\/de\/esg-umweltverantwortung\/","url":"https:\/\/demo.perimeter-solutions.com\/de\/esg-umweltverantwortung\/","name":"ESG Umweltverantwortung - PS Demo site","isPartOf":{"@id":"https:\/\/demo.perimeter-solutions.com\/de\/#website"},"datePublished":"2023-10-10T15:58:09+00:00","dateModified":"2024-08-15T01:43:37+00:00","description":"Perimeter Solutions unterst\u00fctzt und praktiziert weltweit erstklassige Umwelt-, Gesundheits-, Sicherheits- und Schutzinitiativen.","inLanguage":"de","potentialAction":[{"@type":"ReadAction","target":["https:\/\/demo.perimeter-solutions.com\/de\/esg-umweltverantwortung\/"]}]},{"@type":"WebSite","@id":"https:\/\/demo.perimeter-solutions.com\/de\/#website","url":"https:\/\/demo.perimeter-solutions.com\/de\/","name":"PS Demo site","description":"","publisher":{"@id":"https:\/\/demo.perimeter-solutions.com\/de\/#organization"},"potentialAction":[{"@type":"SearchAction","target":{"@type":"EntryPoint","urlTemplate":"https:\/\/demo.perimeter-solutions.com\/de\/?s={search_term_string}"},"query-input":{"@type":"PropertyValueSpecification","valueRequired":true,"valueName":"search_term_string"}}],"inLanguage":"de"},{"@type":"Organization","@id":"https:\/\/demo.perimeter-solutions.com\/de\/#organization","name":"Perimeter Solutions","url":"https:\/\/demo.perimeter-solutions.com\/de\/","logo":{"@type":"ImageObject","inLanguage":"de","@id":"https:\/\/demo.perimeter-solutions.com\/de\/#\/schema\/logo\/image\/","url":"https:\/\/demo.perimeter-solutions.com\/wp-content\/uploads\/2021\/02\/perimeter-logo-RGB.png","contentUrl":"https:\/\/demo.perimeter-solutions.com\/wp-content\/uploads\/2021\/02\/perimeter-logo-RGB.png","width":794,"height":138,"caption":"Perimeter Solutions"},"image":{"@id":"https:\/\/demo.perimeter-solutions.com\/de\/#\/schema\/logo\/image\/"}}]}},"_links":{"self":[{"href":"https:\/\/demo.perimeter-solutions.com\/de\/wp-json\/wp\/v2\/pages\/42629","targetHints":{"allow":["GET"]}}],"collection":[{"href":"https:\/\/demo.perimeter-solutions.com\/de\/wp-json\/wp\/v2\/pages"}],"about":[{"href":"https:\/\/demo.perimeter-solutions.com\/de\/wp-json\/wp\/v2\/types\/page"}],"author":[{"embeddable":true,"href":"https:\/\/demo.perimeter-solutions.com\/de\/wp-json\/wp\/v2\/users\/12"}],"replies":[{"embeddable":true,"href":"https:\/\/demo.perimeter-solutions.com\/de\/wp-json\/wp\/v2\/comments?post=42629"}],"version-history":[{"count":1,"href":"https:\/\/demo.perimeter-solutions.com\/de\/wp-json\/wp\/v2\/pages\/42629\/revisions"}],"predecessor-version":[{"id":42631,"href":"https:\/\/demo.perimeter-solutions.com\/de\/wp-json\/wp\/v2\/pages\/42629\/revisions\/42631"}],"wp:attachment":[{"href":"https:\/\/demo.perimeter-solutions.com\/de\/wp-json\/wp\/v2\/media?parent=42629"}],"curies":[{"name":"wp","href":"https:\/\/api.w.org\/{rel}","templated":true}]}}