{"id":42676,"date":"2021-08-27T15:25:05","date_gmt":"2021-08-27T19:25:05","guid":{"rendered":"https:\/\/demo.perimeter-solutions.com\/techniker-fuer-fertigungsunterstuetzung\/"},"modified":"2024-07-23T00:43:50","modified_gmt":"2024-07-23T04:43:50","slug":"techniker-fuer-fertigungsunterstuetzung","status":"publish","type":"page","link":"https:\/\/demo.perimeter-solutions.com\/de\/karriere-bei-perimeter-solutions\/techniker-fuer-fertigungsunterstuetzung\/","title":{"rendered":"Techniker f\u00fcr Fertigungsunterst\u00fctzung"},"content":{"rendered":"\t\t<div data-elementor-type=\"wp-page\" data-elementor-id=\"42676\" class=\"elementor elementor-42676 elementor-28113\" data-elementor-post-type=\"page\">\n\t\t\t\t\t\t<section class=\"elementor-section elementor-top-section elementor-element elementor-element-a53ddb9 elementor-section-stretched elementor-section-boxed elementor-section-height-default elementor-section-height-default\" data-id=\"a53ddb9\" data-element_type=\"section\" data-e-type=\"section\" data-settings=\"{&quot;stretch_section&quot;:&quot;section-stretched&quot;,&quot;background_background&quot;:&quot;classic&quot;}\">\n\t\t\t\t\t\t<div class=\"elementor-container elementor-column-gap-default\">\n\t\t\t\t\t<div class=\"elementor-column elementor-col-100 elementor-top-column elementor-element elementor-element-8e1337c\" data-id=\"8e1337c\" data-element_type=\"column\" data-e-type=\"column\">\n\t\t\t<div class=\"elementor-widget-wrap elementor-element-populated\">\n\t\t\t\t\t\t<div class=\"elementor-element elementor-element-3fcef61 elementor-widget elementor-widget-heading\" data-id=\"3fcef61\" data-element_type=\"widget\" data-e-type=\"widget\" data-widget_type=\"heading.default\">\n\t\t\t\t<div class=\"elementor-widget-container\">\n\t\t\t\t\t<h1 class=\"elementor-heading-title elementor-size-default\">Karriere bei Perimeter Solutions<\/h1>\t\t\t\t<\/div>\n\t\t\t\t<\/div>\n\t\t\t\t\t<\/div>\n\t\t<\/div>\n\t\t\t\t\t<\/div>\n\t\t<\/section>\n\t\t\t\t<section class=\"elementor-section elementor-top-section elementor-element elementor-element-e36f22b elementor-section-boxed elementor-section-height-default elementor-section-height-default\" data-id=\"e36f22b\" data-element_type=\"section\" data-e-type=\"section\" data-settings=\"{&quot;background_background&quot;:&quot;classic&quot;}\">\n\t\t\t\t\t\t\t<div class=\"elementor-background-overlay\"><\/div>\n\t\t\t\t\t\t\t<div class=\"elementor-container elementor-column-gap-default\">\n\t\t\t\t\t<div class=\"elementor-column elementor-col-100 elementor-top-column elementor-element elementor-element-9ead739\" data-id=\"9ead739\" data-element_type=\"column\" data-e-type=\"column\">\n\t\t\t<div class=\"elementor-widget-wrap elementor-element-populated\">\n\t\t\t\t\t\t<div class=\"elementor-element elementor-element-0c290f4 elementor-widget elementor-widget-heading\" data-id=\"0c290f4\" data-element_type=\"widget\" data-e-type=\"widget\" data-widget_type=\"heading.default\">\n\t\t\t\t<div class=\"elementor-widget-container\">\n\t\t\t\t\t<h4 class=\"elementor-heading-title elementor-size-default\">Finanzplanung &amp; Analyse \u2013 Analyst<\/h4>\t\t\t\t<\/div>\n\t\t\t\t<\/div>\n\t\t\t\t<div class=\"elementor-element elementor-element-d5454f1 elementor-widget elementor-widget-text-editor\" data-id=\"d5454f1\" data-element_type=\"widget\" data-e-type=\"widget\" data-widget_type=\"text-editor.default\">\n\t\t\t\t<div class=\"elementor-widget-container\">\n\t\t\t\t\t\t\t\t\t<p class=\"p2\"><b><strong>\u00dcberblick \u00fcber das Unternehmen<\/strong>:<\/b><\/p>\n<p>Perimeter Solutions ist ein f\u00fchrender globaler L\u00f6sungsanbieter, der hochwertige Schmiermitteladditive und Feuerl\u00f6schchemikalien herstellt. Wir entwickeln Produkte, die sich auf wichtige Fragen des Lebens auswirken &#8211; Fragen, bei denen es oft keinen Spielraum f\u00fcr Fehler gibt und der Job keine zweite Chance bietet.<\/p>\n<p>Bei Perimeter bezeichnen wir die L\u00f6sungen, die wir entwickeln, als &#8216;Solutions that Save&#8217; &#8211; denn das unterstreicht, was wir f\u00fcr unsere Kunden und die Welt im Allgemeinen in allen unseren Gesch\u00e4ftsbereichen erreichen wollen.<\/p>\n<p class=\"p2\"><b><strong>Aufgaben und Verantwortlichkeiten<\/strong>:  <\/b><\/p>\n<ul>\n<li>F\u00e4higkeit, Arbeiten anhand von schriftlichen und m\u00fcndlichen Anweisungen zu verstehen und auszuf\u00fchren<\/li>\n<li>Mischen Sie Schaumstoffkonzentrate mit automatischer Chargenabfolge<\/li>\n<li>Einen Gabelstapler bedienen<\/li>\n<li>Bereitet Beh\u00e4lter zum Bef\u00fcllen vor<\/li>\n<li>Sie k\u00f6nnen bis zu 55 Pfund heben<\/li>\n<li>W\u00f6chentliche Besprechungen mit der Fertigung und den technischen Diensten zur Best\u00e4tigung der Produktions- und Lieferpl\u00e4ne<\/li>\n<li>Berichtet an den Produktionsleiter<\/li>\n<li>Andere Aufgaben nach Bedarf<\/li>\n<\/ul>\n<p class=\"p2\"><strong>Fertigkeiten und Spezifikationen:<\/strong><\/p>\n<ul>\n<li>Gro\u00dfe Kommunikationsf\u00e4higkeit<\/li>\n<li>Gewinnen Sie umfassende Kenntnisse \u00fcber Solbergs Produkte und Dienstleistungen<\/li>\n<li>Ausgezeichnete analytische, probleml\u00f6sende und organisatorische F\u00e4higkeiten<\/li>\n<li>Mechanisches Geschick mit guten mathematischen F\u00e4higkeiten<\/li>\n<li>Selbstmotiviert und in der Lage, unbeaufsichtigt zu arbeiten  <\/li>\n<\/ul>\n<p><strong>Ausbildung und Qualifikationen:<\/strong><\/p>\n<ul>\n<li>Abitur oder allgemeinbildender Abschluss einer akkreditierten Einrichtung<\/li>\n<li>Zwei bis f\u00fcnf Jahre oder mehr einschl\u00e4gige Erfahrung in einem industriellen Umfeld<\/li>\n<\/ul>\n\t\t\t\t\t\t\t\t<\/div>\n\t\t\t\t<\/div>\n\t\t\t\t<div class=\"elementor-element elementor-element-1146615 elementor-widget elementor-widget-button\" data-id=\"1146615\" data-element_type=\"widget\" data-e-type=\"widget\" data-widget_type=\"button.default\">\n\t\t\t\t<div class=\"elementor-widget-container\">\n\t\t\t\t\t\t\t\t\t<div class=\"elementor-button-wrapper\">\n\t\t\t\t\t<a class=\"elementor-button elementor-button-link elementor-size-sm\" href=\"https:\/\/perimeter-solutions-lp.prismhr-hire.com\/job\/308089\/manufacturing-support-technician\">\n\t\t\t\t\t\t<span class=\"elementor-button-content-wrapper\">\n\t\t\t\t\t\t\t\t\t<span class=\"elementor-button-text\">F\u00dcR DIESEN JOB BEWERBEN<\/span>\n\t\t\t\t\t<\/span>\n\t\t\t\t\t<\/a>\n\t\t\t\t<\/div>\n\t\t\t\t\t\t\t\t<\/div>\n\t\t\t\t<\/div>\n\t\t\t\t\t<\/div>\n\t\t<\/div>\n\t\t\t\t\t<\/div>\n\t\t<\/section>\n\t\t\t\t<\/div>\n\t\t","protected":false},"excerpt":{"rendered":"<p>Karriere bei Perimeter Solutions Finanzplanung &amp; Analyse \u2013 Analyst \u00dcberblick \u00fcber das Unternehmen: Perimeter Solutions ist ein f\u00fchrender globaler L\u00f6sungsanbieter, der hochwertige Schmiermitteladditive und Feuerl\u00f6schchemikalien herstellt. Wir entwickeln Produkte, die [&hellip;]<\/p>\n","protected":false},"author":3,"featured_media":0,"parent":42884,"menu_order":0,"comment_status":"closed","ping_status":"closed","template":"","meta":{"_acf_changed":false,"footnotes":""},"class_list":["post-42676","page","type-page","status-publish","hentry"],"acf":[],"yoast_head":"<!-- This site is optimized with the Yoast SEO Premium plugin v21.9 (Yoast SEO v23.5) - https:\/\/yoast.com\/wordpress\/plugins\/seo\/ -->\n<title>Techniker f\u00fcr Fertigungsunterst\u00fctzung - PS Demo site<\/title>\n<meta name=\"robots\" content=\"noindex, follow, max-snippet:-1, max-image-preview:large, max-video-preview:-1\" \/>\n<meta property=\"og:locale\" content=\"de_DE\" \/>\n<meta property=\"og:type\" content=\"article\" \/>\n<meta property=\"og:title\" content=\"Techniker f\u00fcr Fertigungsunterst\u00fctzung\" \/>\n<meta property=\"og:description\" content=\"Karriere bei Perimeter Solutions Finanzplanung &amp; Analyse \u2013 Analyst \u00dcberblick \u00fcber das Unternehmen: Perimeter Solutions ist ein f\u00fchrender globaler L\u00f6sungsanbieter, der hochwertige Schmiermitteladditive und Feuerl\u00f6schchemikalien herstellt. Wir entwickeln Produkte, die [&hellip;]\" \/>\n<meta property=\"og:url\" content=\"https:\/\/demo.perimeter-solutions.com\/de\/karriere-bei-perimeter-solutions\/techniker-fuer-fertigungsunterstuetzung\/\" \/>\n<meta property=\"og:site_name\" content=\"PS Demo site\" \/>\n<meta property=\"article:modified_time\" content=\"2024-07-23T04:43:50+00:00\" \/>\n<meta name=\"twitter:card\" content=\"summary_large_image\" \/>\n<meta name=\"twitter:label1\" content=\"Gesch\u00e4tzte Lesezeit\" \/>\n\t<meta name=\"twitter:data1\" content=\"1\u00a0Minute\" \/>\n<script type=\"application\/ld+json\" class=\"yoast-schema-graph\">{\"@context\":\"https:\/\/schema.org\",\"@graph\":[{\"@type\":\"WebPage\",\"@id\":\"https:\/\/demo.perimeter-solutions.com\/de\/karriere-bei-perimeter-solutions\/techniker-fuer-fertigungsunterstuetzung\/\",\"url\":\"https:\/\/demo.perimeter-solutions.com\/de\/karriere-bei-perimeter-solutions\/techniker-fuer-fertigungsunterstuetzung\/\",\"name\":\"Techniker f\u00fcr Fertigungsunterst\u00fctzung - PS Demo site\",\"isPartOf\":{\"@id\":\"https:\/\/demo.perimeter-solutions.com\/de\/#website\"},\"datePublished\":\"2021-08-27T19:25:05+00:00\",\"dateModified\":\"2024-07-23T04:43:50+00:00\",\"breadcrumb\":{\"@id\":\"https:\/\/demo.perimeter-solutions.com\/de\/karriere-bei-perimeter-solutions\/techniker-fuer-fertigungsunterstuetzung\/#breadcrumb\"},\"inLanguage\":\"de\",\"potentialAction\":[{\"@type\":\"ReadAction\",\"target\":[\"https:\/\/demo.perimeter-solutions.com\/de\/karriere-bei-perimeter-solutions\/techniker-fuer-fertigungsunterstuetzung\/\"]}]},{\"@type\":\"BreadcrumbList\",\"@id\":\"https:\/\/demo.perimeter-solutions.com\/de\/karriere-bei-perimeter-solutions\/techniker-fuer-fertigungsunterstuetzung\/#breadcrumb\",\"itemListElement\":[{\"@type\":\"ListItem\",\"position\":1,\"name\":\"Karriere bei Perimeter Solutions\",\"item\":\"https:\/\/demo.perimeter-solutions.com\/de\/karriere-bei-perimeter-solutions\/\"},{\"@type\":\"ListItem\",\"position\":2,\"name\":\"Techniker f\u00fcr Fertigungsunterst\u00fctzung\"}]},{\"@type\":\"WebSite\",\"@id\":\"https:\/\/demo.perimeter-solutions.com\/de\/#website\",\"url\":\"https:\/\/demo.perimeter-solutions.com\/de\/\",\"name\":\"PS Demo site\",\"description\":\"\",\"publisher\":{\"@id\":\"https:\/\/demo.perimeter-solutions.com\/de\/#organization\"},\"potentialAction\":[{\"@type\":\"SearchAction\",\"target\":{\"@type\":\"EntryPoint\",\"urlTemplate\":\"https:\/\/demo.perimeter-solutions.com\/de\/?s={search_term_string}\"},\"query-input\":{\"@type\":\"PropertyValueSpecification\",\"valueRequired\":true,\"valueName\":\"search_term_string\"}}],\"inLanguage\":\"de\"},{\"@type\":\"Organization\",\"@id\":\"https:\/\/demo.perimeter-solutions.com\/de\/#organization\",\"name\":\"Perimeter Solutions\",\"url\":\"https:\/\/demo.perimeter-solutions.com\/de\/\",\"logo\":{\"@type\":\"ImageObject\",\"inLanguage\":\"de\",\"@id\":\"https:\/\/demo.perimeter-solutions.com\/de\/#\/schema\/logo\/image\/\",\"url\":\"https:\/\/demo.perimeter-solutions.com\/wp-content\/uploads\/2021\/02\/perimeter-logo-RGB.png\",\"contentUrl\":\"https:\/\/demo.perimeter-solutions.com\/wp-content\/uploads\/2021\/02\/perimeter-logo-RGB.png\",\"width\":794,\"height\":138,\"caption\":\"Perimeter Solutions\"},\"image\":{\"@id\":\"https:\/\/demo.perimeter-solutions.com\/de\/#\/schema\/logo\/image\/\"}}]}<\/script>\n<!-- \/ Yoast SEO Premium plugin. -->","yoast_head_json":{"title":"Techniker f\u00fcr Fertigungsunterst\u00fctzung - PS Demo site","robots":{"index":"noindex","follow":"follow","max-snippet":"max-snippet:-1","max-image-preview":"max-image-preview:large","max-video-preview":"max-video-preview:-1"},"og_locale":"de_DE","og_type":"article","og_title":"Techniker f\u00fcr Fertigungsunterst\u00fctzung","og_description":"Karriere bei Perimeter Solutions Finanzplanung &amp; Analyse \u2013 Analyst \u00dcberblick \u00fcber das Unternehmen: Perimeter Solutions ist ein f\u00fchrender globaler L\u00f6sungsanbieter, der hochwertige Schmiermitteladditive und Feuerl\u00f6schchemikalien herstellt. Wir entwickeln Produkte, die [&hellip;]","og_url":"https:\/\/demo.perimeter-solutions.com\/de\/karriere-bei-perimeter-solutions\/techniker-fuer-fertigungsunterstuetzung\/","og_site_name":"PS Demo site","article_modified_time":"2024-07-23T04:43:50+00:00","twitter_card":"summary_large_image","twitter_misc":{"Gesch\u00e4tzte Lesezeit":"1\u00a0Minute"},"schema":{"@context":"https:\/\/schema.org","@graph":[{"@type":"WebPage","@id":"https:\/\/demo.perimeter-solutions.com\/de\/karriere-bei-perimeter-solutions\/techniker-fuer-fertigungsunterstuetzung\/","url":"https:\/\/demo.perimeter-solutions.com\/de\/karriere-bei-perimeter-solutions\/techniker-fuer-fertigungsunterstuetzung\/","name":"Techniker f\u00fcr Fertigungsunterst\u00fctzung - PS Demo site","isPartOf":{"@id":"https:\/\/demo.perimeter-solutions.com\/de\/#website"},"datePublished":"2021-08-27T19:25:05+00:00","dateModified":"2024-07-23T04:43:50+00:00","breadcrumb":{"@id":"https:\/\/demo.perimeter-solutions.com\/de\/karriere-bei-perimeter-solutions\/techniker-fuer-fertigungsunterstuetzung\/#breadcrumb"},"inLanguage":"de","potentialAction":[{"@type":"ReadAction","target":["https:\/\/demo.perimeter-solutions.com\/de\/karriere-bei-perimeter-solutions\/techniker-fuer-fertigungsunterstuetzung\/"]}]},{"@type":"BreadcrumbList","@id":"https:\/\/demo.perimeter-solutions.com\/de\/karriere-bei-perimeter-solutions\/techniker-fuer-fertigungsunterstuetzung\/#breadcrumb","itemListElement":[{"@type":"ListItem","position":1,"name":"Karriere bei Perimeter Solutions","item":"https:\/\/demo.perimeter-solutions.com\/de\/karriere-bei-perimeter-solutions\/"},{"@type":"ListItem","position":2,"name":"Techniker f\u00fcr Fertigungsunterst\u00fctzung"}]},{"@type":"WebSite","@id":"https:\/\/demo.perimeter-solutions.com\/de\/#website","url":"https:\/\/demo.perimeter-solutions.com\/de\/","name":"PS Demo site","description":"","publisher":{"@id":"https:\/\/demo.perimeter-solutions.com\/de\/#organization"},"potentialAction":[{"@type":"SearchAction","target":{"@type":"EntryPoint","urlTemplate":"https:\/\/demo.perimeter-solutions.com\/de\/?s={search_term_string}"},"query-input":{"@type":"PropertyValueSpecification","valueRequired":true,"valueName":"search_term_string"}}],"inLanguage":"de"},{"@type":"Organization","@id":"https:\/\/demo.perimeter-solutions.com\/de\/#organization","name":"Perimeter Solutions","url":"https:\/\/demo.perimeter-solutions.com\/de\/","logo":{"@type":"ImageObject","inLanguage":"de","@id":"https:\/\/demo.perimeter-solutions.com\/de\/#\/schema\/logo\/image\/","url":"https:\/\/demo.perimeter-solutions.com\/wp-content\/uploads\/2021\/02\/perimeter-logo-RGB.png","contentUrl":"https:\/\/demo.perimeter-solutions.com\/wp-content\/uploads\/2021\/02\/perimeter-logo-RGB.png","width":794,"height":138,"caption":"Perimeter Solutions"},"image":{"@id":"https:\/\/demo.perimeter-solutions.com\/de\/#\/schema\/logo\/image\/"}}]}},"_links":{"self":[{"href":"https:\/\/demo.perimeter-solutions.com\/de\/wp-json\/wp\/v2\/pages\/42676","targetHints":{"allow":["GET"]}}],"collection":[{"href":"https:\/\/demo.perimeter-solutions.com\/de\/wp-json\/wp\/v2\/pages"}],"about":[{"href":"https:\/\/demo.perimeter-solutions.com\/de\/wp-json\/wp\/v2\/types\/page"}],"author":[{"embeddable":true,"href":"https:\/\/demo.perimeter-solutions.com\/de\/wp-json\/wp\/v2\/users\/3"}],"replies":[{"embeddable":true,"href":"https:\/\/demo.perimeter-solutions.com\/de\/wp-json\/wp\/v2\/comments?post=42676"}],"version-history":[{"count":1,"href":"https:\/\/demo.perimeter-solutions.com\/de\/wp-json\/wp\/v2\/pages\/42676\/revisions"}],"predecessor-version":[{"id":42678,"href":"https:\/\/demo.perimeter-solutions.com\/de\/wp-json\/wp\/v2\/pages\/42676\/revisions\/42678"}],"up":[{"embeddable":true,"href":"https:\/\/demo.perimeter-solutions.com\/de\/wp-json\/wp\/v2\/pages\/42884"}],"wp:attachment":[{"href":"https:\/\/demo.perimeter-solutions.com\/de\/wp-json\/wp\/v2\/media?parent=42676"}],"curies":[{"name":"wp","href":"https:\/\/api.w.org\/{rel}","templated":true}]}}