{"id":42683,"date":"2021-11-17T15:26:02","date_gmt":"2021-11-17T20:26:02","guid":{"rendered":"https:\/\/demo.perimeter-solutions.com\/supervisor-fertigung\/"},"modified":"2024-07-23T00:43:50","modified_gmt":"2024-07-23T04:43:50","slug":"supervisor-fertigung","status":"publish","type":"page","link":"https:\/\/demo.perimeter-solutions.com\/de\/karriere-bei-perimeter-solutions\/supervisor-fertigung\/","title":{"rendered":"Supervisor Fertigung"},"content":{"rendered":"\t\t<div data-elementor-type=\"wp-page\" data-elementor-id=\"42683\" class=\"elementor elementor-42683 elementor-29125\" data-elementor-post-type=\"page\">\n\t\t\t\t\t\t<section class=\"elementor-section elementor-top-section elementor-element elementor-element-a53ddb9 elementor-section-stretched elementor-section-boxed elementor-section-height-default elementor-section-height-default\" data-id=\"a53ddb9\" data-element_type=\"section\" data-e-type=\"section\" data-settings=\"{&quot;stretch_section&quot;:&quot;section-stretched&quot;,&quot;background_background&quot;:&quot;classic&quot;}\">\n\t\t\t\t\t\t<div class=\"elementor-container elementor-column-gap-default\">\n\t\t\t\t\t<div class=\"elementor-column elementor-col-100 elementor-top-column elementor-element elementor-element-8e1337c\" data-id=\"8e1337c\" data-element_type=\"column\" data-e-type=\"column\">\n\t\t\t<div class=\"elementor-widget-wrap elementor-element-populated\">\n\t\t\t\t\t\t<div class=\"elementor-element elementor-element-3fcef61 elementor-widget elementor-widget-heading\" data-id=\"3fcef61\" data-element_type=\"widget\" data-e-type=\"widget\" data-widget_type=\"heading.default\">\n\t\t\t\t<div class=\"elementor-widget-container\">\n\t\t\t\t\t<h1 class=\"elementor-heading-title elementor-size-default\">Karriere bei Perimeter Solutions<\/h1>\t\t\t\t<\/div>\n\t\t\t\t<\/div>\n\t\t\t\t\t<\/div>\n\t\t<\/div>\n\t\t\t\t\t<\/div>\n\t\t<\/section>\n\t\t\t\t<section class=\"elementor-section elementor-top-section elementor-element elementor-element-e36f22b elementor-section-boxed elementor-section-height-default elementor-section-height-default\" data-id=\"e36f22b\" data-element_type=\"section\" data-e-type=\"section\" data-settings=\"{&quot;background_background&quot;:&quot;classic&quot;}\">\n\t\t\t\t\t\t\t<div class=\"elementor-background-overlay\"><\/div>\n\t\t\t\t\t\t\t<div class=\"elementor-container elementor-column-gap-default\">\n\t\t\t\t\t<div class=\"elementor-column elementor-col-100 elementor-top-column elementor-element elementor-element-9ead739\" data-id=\"9ead739\" data-element_type=\"column\" data-e-type=\"column\">\n\t\t\t<div class=\"elementor-widget-wrap elementor-element-populated\">\n\t\t\t\t\t\t<div class=\"elementor-element elementor-element-0c290f4 elementor-widget elementor-widget-heading\" data-id=\"0c290f4\" data-element_type=\"widget\" data-e-type=\"widget\" data-widget_type=\"heading.default\">\n\t\t\t\t<div class=\"elementor-widget-container\">\n\t\t\t\t\t<h4 class=\"elementor-heading-title elementor-size-default\">Finanzplanung &amp; Analyse \u2013 Analyst<\/h4>\t\t\t\t<\/div>\n\t\t\t\t<\/div>\n\t\t\t\t<div class=\"elementor-element elementor-element-d5454f1 elementor-widget elementor-widget-text-editor\" data-id=\"d5454f1\" data-element_type=\"widget\" data-e-type=\"widget\" data-widget_type=\"text-editor.default\">\n\t\t\t\t<div class=\"elementor-widget-container\">\n\t\t\t\t\t\t\t\t\t<p class=\"p2\"><b><strong>Berichtet an<\/strong>: <\/b>General Manager, Kanada<\/p>\n<p><b>Standort: <\/b>Kamloops, BC<\/p>\n<p><b>Zusammenfassung der Position:  <\/b><\/p>\n<p>Die Hauptaufgabe dieser Position besteht darin, alle Aspekte der Phos-Chek Produkte am Standort Kamloops zu \u00fcberwachen.<br \/>\nDazu geh\u00f6ren die Produktionsplanung, der Produktversand, die Annahme von Rohstoffen und die Instandhaltung der Anlage, um eine ununterbrochene Versorgung der Kunden von Perimeter Solutions mit Phos-Chek-Produkten zu gew\u00e4hrleisten.<br \/>\nDar\u00fcber hinaus wird der Kamloops Manufacturing Supervisor das Tankprojekt, die Lager und die Instandhaltung der Anlage beaufsichtigen.  <\/p>\n<p>Der Produktionsleiter beaufsichtigt direkt den Werksassistenten, den Tank-Projektleiter, die saisonalen Produktionsassistenten und die Aushilfskr\u00e4fte und gibt ihnen t\u00e4glich Anweisungen.  <\/p>\n<p>Der Manufacturing Supervisor f\u00fchrt alle unternehmensbezogenen Gesch\u00e4fte in einer professionellen, sicheren und effizienten Art und Weise durch, in voller \u00dcbereinstimmung mit den EHS&amp;S-Richtlinien von Perimeter Solutions, den provinziellen Anforderungen an Gesundheit und Sicherheit am Arbeitsplatz, der Umweltgesetzgebung und verschiedenen anderen geltenden Gesetzen.  <\/p>\n<p class=\"p2\"><b>Wichtigste Aufgaben und Verantwortlichkeiten:<\/b><\/p>\n<ul>\n<li>Befolgen Sie die Sicherheitsrichtlinien von Perimeter Solutions.<\/li>\n<li>Vollst\u00e4ndige Einhaltung des Perimeter Solutions Plans zur Verhinderung von und Reaktion auf Versch\u00fcttungen.<\/li>\n<li>Beteiligt sich an den Bem\u00fchungen, sicherzustellen, dass die Einrichtungen des Unternehmens die entsprechenden Sicherheits-, Umwelt- und anderen Gesetze f\u00fcr die Herstellung und Lagerung einhalten.  <\/li>\n<li>ber\u00e4t sich mit dem General Manager bei der Planung der Produktion, um eine ununterbrochene Versorgung mit Produkten zu gew\u00e4hrleisten.<\/li>\n<li>Halten Sie einen ausreichenden Vorrat an allen Produkten auf einem Niveau, das der saisonalen Nachfrage entspricht.<\/li>\n<li>Stellen Sie sicher, dass die Produktions- und Lagereinrichtungen in vollem Umfang den Unternehmensstandards von Perimeter Solutions Canada Ltd. entsprechen.<\/li>\n<li>Stellt sicher, dass die QC-Richtlinien f\u00fcr die Herstellung stets eingehalten werden.<\/li>\n<li>Stellt sicher, dass die Produktionsanlagen proaktiv und gem\u00e4\u00df den festgelegten Wartungspl\u00e4nen gewartet werden.<\/li>\n<li>Stellen Sie t\u00e4glich Herstellungs-\/Inventar- und Versand-\/Empfangsunterlagen zur Verf\u00fcgung, um eine rechtzeitige Datenverarbeitung zu gew\u00e4hrleisten.<\/li>\n<li>Stellt sicher, dass die Werksaktivit\u00e4ten und die Versand-\/Empfangsvorg\u00e4nge korrekt kodiert werden.  <\/li>\n<li>Erm\u00f6glicht die j\u00e4hrliche Inspektion und Wartung des rollenden Materials.<\/li>\n<li>Ist verantwortlich f\u00fcr die allgemeine Sauberkeit und Instandhaltung des gesamten Gel\u00e4ndes und der Ausr\u00fcstung der Einrichtung in Kamloops.<\/li>\n<li>F\u00fchrt alle Aktivit\u00e4ten durch, die mit der Wartung von Produktions- und Lagereinrichtungen zusammenh\u00e4ngen.<\/li>\n<li>Erleichtert die Verlagerung von Ressourcen zwischen den Produktionsst\u00e4tten in Absprache mit dem General Manager<\/li>\n<li>J\u00e4hrliche \u00dcberpr\u00fcfung der sicheren Arbeitsverfahren<\/li>\n<li>Erstellen Sie sichere Arbeitsanweisungen f\u00fcr neue Aufgaben oder Ausr\u00fcstung<\/li>\n<li>Vervollst\u00e4ndigen Sie den Prozess des \u00c4nderungsmanagements f\u00fcr neue Aufgaben.<\/li>\n<li>\u00dcberpr\u00fcfen Sie die eigenen Sicherheitsprozesse auf regelm\u00e4\u00dfiger Basis<\/li>\n<li>Leitende Person der Einrichtung LO\/TO<\/li>\n<li>Leiter f\u00fcr das Betreten enger R\u00e4ume in der Einrichtung<\/li>\n<li>Die Herstellungs- und Lagerungsvorg\u00e4nge werden angemessen \u00fcberwacht.<\/li>\n<li>Angemessene funktionale Stellenbeschreibungen f\u00fcr alle Mitarbeiter.  <\/li>\n<li>Angemessene Ausbildung und Leistungsbewertung f\u00fcr alle Mitarbeiter.<\/li>\n<li>Angemessene Personaldokumentation und Aufzeichnungen werden gef\u00fchrt<\/li>\n<li>Beteiligt sich am Einstellungsverfahren f\u00fcr saisonales Anlagenpersonal<\/li>\n<li>F\u00fchren Sie Leistungsbeurteilungen f\u00fcr Ihre direkten Mitarbeiter durch<\/li>\n<li>Teilnahme an der j\u00e4hrlichen operativen Budgetplanung.<\/li>\n<li>F\u00fchren Sie Sicherheitsinspektionen im Haushalt durch<\/li>\n<li>T\u00e4gliche Sicherheitskontrollen des Werksgel\u00e4ndes; Sicherstellung, dass die Anlage am Ende eines jeden Tages verschlossen und gesichert ist<\/li>\n<li>Rotierender Bereitschaftsdienst<\/li>\n<li>Modernisierung von Einrichtungen und Ausr\u00fcstung zur Erh\u00f6hung der Sicherheit und Effizienz<\/li>\n<li>Projektplanung<\/li>\n<li>Sicherheit, Orientierung und \u00dcberpr\u00fcfung der Auftragnehmer<\/li>\n<li>Andere Aufgaben werden nach Bedarf zugewiesen<\/li>\n<\/ul>\n<p><strong>Anforderungen:<\/strong><\/p>\n<\/p>\n<ul>\n<li>Hochschulabschluss in Wirtschaft oder einem verwandten Bereich (nicht erforderlich, aber von Vorteil)<\/li>\n<li>Diplom oder Kurs in Fertigungssteuerung und -abwicklung (nicht erforderlich, aber bevorzugt)<\/li>\n<li>Mindestens 3 Jahre Erfahrung in der Fertigung  <\/li>\n<li>NetSuite Erfahrung bevorzugt<\/li>\n<li>Ausgepr\u00e4gte analytische F\u00e4higkeiten und Probleml\u00f6sungskompetenz sowie die F\u00e4higkeit, mit minimaler Aufsicht zu arbeiten  <\/li>\n<li>Vertiefte Kenntnisse \u00fcber die in der verarbeitenden Industrie eingesetzten Technologien, einschlie\u00dflich Maschinen<\/li>\n<li>F\u00e4higkeit, mit neuem Material umzugehen, Planung, Bewertung, F\u00e4higkeit, neue Techniken anzuwenden<\/li>\n<li>Kenntnisse \u00fcber Qualit\u00e4tskontrollma\u00dfnahmen und -techniken in der Produktion<\/li>\n<li>Hervorragende Organisation und die F\u00e4higkeit, Priorit\u00e4ten zu setzen und mehrere Projekte gleichzeitig zu koordinieren<\/li>\n<li>Verf\u00fcgen Sie \u00fcber F\u00fchrungsqualit\u00e4ten und motivierende Eigenschaften, um Ihre Mitarbeiter auf die Produktionsziele auszurichten.<\/li>\n<li>Sie m\u00fcssen ein Teamplayer sein und effektiv mit allen Ebenen der Organisation zusammenarbeiten k\u00f6nnen.  <\/li>\n<li>Zeigen Sie ein ausgepr\u00e4gtes Gesp\u00fcr f\u00fcr Dringlichkeit und Reaktionsf\u00e4higkeit bei der Erf\u00fcllung von Gesch\u00e4ftsanforderungen<\/li>\n<li>Beherrschung von Microsoft Word und Excel<\/li>\n<li>Erste-Hilfe-Zertifikat  <\/li>\n<\/ul>\n<p><strong>K\u00f6rperliche Anforderungen:<\/strong><\/p>\n<p>Die Arbeit findet in einer B\u00fcroumgebung statt.<br \/>\nBei dieser Arbeit stehen Sie h\u00e4ufig unter dem Druck von Fristen, der Notwendigkeit von Genauigkeit und widerspr\u00fcchlichen Anforderungen; unangenehme Kontakte mit der \u00d6ffentlichkeit oder Kunden sind h\u00e4ufig.<br \/>\nSie m\u00fcssen st\u00e4ndig auf Sinneseindr\u00fccke achten und diese entschl\u00fcsseln, was Sorgfalt und Aufmerksamkeit erfordert, um sie effektiv zu interpretieren.<br \/>\nDie Arbeit erfordert h\u00e4ufig sich wiederholende Hand-, Arm- und Fingerbewegungen sowie Fingergeschicklichkeit.<br \/>\nDer Mitarbeiter muss unter Umst\u00e4nden bis zu 50 Pfund heben, bewegen und tragen.<br \/>\nDas Privatleben wird durch die Arbeit, die Arbeitszeiten und die Notwendigkeit, zu reisen, in gewissem Ma\u00dfe beeintr\u00e4chtigt.     <\/p>\n\t\t\t\t\t\t\t\t<\/div>\n\t\t\t\t<\/div>\n\t\t\t\t<div class=\"elementor-element elementor-element-1146615 elementor-widget elementor-widget-button\" data-id=\"1146615\" data-element_type=\"widget\" data-e-type=\"widget\" data-widget_type=\"button.default\">\n\t\t\t\t<div class=\"elementor-widget-container\">\n\t\t\t\t\t\t\t\t\t<div class=\"elementor-button-wrapper\">\n\t\t\t\t\t<a class=\"elementor-button elementor-button-link elementor-size-sm\" href=\"https:\/\/ca.indeed.com\/viewjob?t=manufacturing+supervisor=ec1c2d3e034251da=2.188049322.382035648.1637268767-1486637184.1582067485\" target=\"_blank\">\n\t\t\t\t\t\t<span class=\"elementor-button-content-wrapper\">\n\t\t\t\t\t\t\t\t\t<span class=\"elementor-button-text\">F\u00dcR DIESEN JOB BEWERBEN<\/span>\n\t\t\t\t\t<\/span>\n\t\t\t\t\t<\/a>\n\t\t\t\t<\/div>\n\t\t\t\t\t\t\t\t<\/div>\n\t\t\t\t<\/div>\n\t\t\t\t\t<\/div>\n\t\t<\/div>\n\t\t\t\t\t<\/div>\n\t\t<\/section>\n\t\t\t\t<\/div>\n\t\t","protected":false},"excerpt":{"rendered":"<p>Karriere bei Perimeter Solutions Finanzplanung &amp; Analyse \u2013 Analyst Berichtet an: General Manager, Kanada Standort: Kamloops, BC Zusammenfassung der Position: Die Hauptaufgabe dieser Position besteht darin, alle Aspekte der Phos-Chek [&hellip;]<\/p>\n","protected":false},"author":3,"featured_media":0,"parent":42884,"menu_order":0,"comment_status":"closed","ping_status":"closed","template":"","meta":{"_acf_changed":false,"footnotes":""},"class_list":["post-42683","page","type-page","status-publish","hentry"],"acf":[],"yoast_head":"<!-- This site is optimized with the Yoast SEO Premium plugin v21.9 (Yoast SEO v23.5) - https:\/\/yoast.com\/wordpress\/plugins\/seo\/ -->\n<title>Supervisor Fertigung - PS Demo site<\/title>\n<meta name=\"robots\" content=\"noindex, follow, max-snippet:-1, max-image-preview:large, max-video-preview:-1\" \/>\n<meta property=\"og:locale\" content=\"de_DE\" \/>\n<meta property=\"og:type\" content=\"article\" \/>\n<meta property=\"og:title\" content=\"Supervisor Fertigung\" \/>\n<meta property=\"og:description\" content=\"Karriere bei Perimeter Solutions Finanzplanung &amp; Analyse \u2013 Analyst Berichtet an: General Manager, Kanada Standort: Kamloops, BC Zusammenfassung der Position: Die Hauptaufgabe dieser Position besteht darin, alle Aspekte der Phos-Chek [&hellip;]\" \/>\n<meta property=\"og:url\" content=\"https:\/\/demo.perimeter-solutions.com\/de\/karriere-bei-perimeter-solutions\/supervisor-fertigung\/\" \/>\n<meta property=\"og:site_name\" content=\"PS Demo site\" \/>\n<meta property=\"article:modified_time\" content=\"2024-07-23T04:43:50+00:00\" \/>\n<meta name=\"twitter:card\" content=\"summary_large_image\" \/>\n<meta name=\"twitter:label1\" content=\"Gesch\u00e4tzte Lesezeit\" \/>\n\t<meta name=\"twitter:data1\" content=\"4\u00a0Minuten\" \/>\n<script type=\"application\/ld+json\" class=\"yoast-schema-graph\">{\"@context\":\"https:\/\/schema.org\",\"@graph\":[{\"@type\":\"WebPage\",\"@id\":\"https:\/\/demo.perimeter-solutions.com\/de\/karriere-bei-perimeter-solutions\/supervisor-fertigung\/\",\"url\":\"https:\/\/demo.perimeter-solutions.com\/de\/karriere-bei-perimeter-solutions\/supervisor-fertigung\/\",\"name\":\"Supervisor Fertigung - PS Demo site\",\"isPartOf\":{\"@id\":\"https:\/\/demo.perimeter-solutions.com\/de\/#website\"},\"datePublished\":\"2021-11-17T20:26:02+00:00\",\"dateModified\":\"2024-07-23T04:43:50+00:00\",\"breadcrumb\":{\"@id\":\"https:\/\/demo.perimeter-solutions.com\/de\/karriere-bei-perimeter-solutions\/supervisor-fertigung\/#breadcrumb\"},\"inLanguage\":\"de\",\"potentialAction\":[{\"@type\":\"ReadAction\",\"target\":[\"https:\/\/demo.perimeter-solutions.com\/de\/karriere-bei-perimeter-solutions\/supervisor-fertigung\/\"]}]},{\"@type\":\"BreadcrumbList\",\"@id\":\"https:\/\/demo.perimeter-solutions.com\/de\/karriere-bei-perimeter-solutions\/supervisor-fertigung\/#breadcrumb\",\"itemListElement\":[{\"@type\":\"ListItem\",\"position\":1,\"name\":\"Karriere bei Perimeter Solutions\",\"item\":\"https:\/\/demo.perimeter-solutions.com\/de\/karriere-bei-perimeter-solutions\/\"},{\"@type\":\"ListItem\",\"position\":2,\"name\":\"Supervisor Fertigung\"}]},{\"@type\":\"WebSite\",\"@id\":\"https:\/\/demo.perimeter-solutions.com\/de\/#website\",\"url\":\"https:\/\/demo.perimeter-solutions.com\/de\/\",\"name\":\"PS Demo site\",\"description\":\"\",\"publisher\":{\"@id\":\"https:\/\/demo.perimeter-solutions.com\/de\/#organization\"},\"potentialAction\":[{\"@type\":\"SearchAction\",\"target\":{\"@type\":\"EntryPoint\",\"urlTemplate\":\"https:\/\/demo.perimeter-solutions.com\/de\/?s={search_term_string}\"},\"query-input\":{\"@type\":\"PropertyValueSpecification\",\"valueRequired\":true,\"valueName\":\"search_term_string\"}}],\"inLanguage\":\"de\"},{\"@type\":\"Organization\",\"@id\":\"https:\/\/demo.perimeter-solutions.com\/de\/#organization\",\"name\":\"Perimeter Solutions\",\"url\":\"https:\/\/demo.perimeter-solutions.com\/de\/\",\"logo\":{\"@type\":\"ImageObject\",\"inLanguage\":\"de\",\"@id\":\"https:\/\/demo.perimeter-solutions.com\/de\/#\/schema\/logo\/image\/\",\"url\":\"https:\/\/demo.perimeter-solutions.com\/wp-content\/uploads\/2021\/02\/perimeter-logo-RGB.png\",\"contentUrl\":\"https:\/\/demo.perimeter-solutions.com\/wp-content\/uploads\/2021\/02\/perimeter-logo-RGB.png\",\"width\":794,\"height\":138,\"caption\":\"Perimeter Solutions\"},\"image\":{\"@id\":\"https:\/\/demo.perimeter-solutions.com\/de\/#\/schema\/logo\/image\/\"}}]}<\/script>\n<!-- \/ Yoast SEO Premium plugin. -->","yoast_head_json":{"title":"Supervisor Fertigung - PS Demo site","robots":{"index":"noindex","follow":"follow","max-snippet":"max-snippet:-1","max-image-preview":"max-image-preview:large","max-video-preview":"max-video-preview:-1"},"og_locale":"de_DE","og_type":"article","og_title":"Supervisor Fertigung","og_description":"Karriere bei Perimeter Solutions Finanzplanung &amp; Analyse \u2013 Analyst Berichtet an: General Manager, Kanada Standort: Kamloops, BC Zusammenfassung der Position: Die Hauptaufgabe dieser Position besteht darin, alle Aspekte der Phos-Chek [&hellip;]","og_url":"https:\/\/demo.perimeter-solutions.com\/de\/karriere-bei-perimeter-solutions\/supervisor-fertigung\/","og_site_name":"PS Demo site","article_modified_time":"2024-07-23T04:43:50+00:00","twitter_card":"summary_large_image","twitter_misc":{"Gesch\u00e4tzte Lesezeit":"4\u00a0Minuten"},"schema":{"@context":"https:\/\/schema.org","@graph":[{"@type":"WebPage","@id":"https:\/\/demo.perimeter-solutions.com\/de\/karriere-bei-perimeter-solutions\/supervisor-fertigung\/","url":"https:\/\/demo.perimeter-solutions.com\/de\/karriere-bei-perimeter-solutions\/supervisor-fertigung\/","name":"Supervisor Fertigung - PS Demo site","isPartOf":{"@id":"https:\/\/demo.perimeter-solutions.com\/de\/#website"},"datePublished":"2021-11-17T20:26:02+00:00","dateModified":"2024-07-23T04:43:50+00:00","breadcrumb":{"@id":"https:\/\/demo.perimeter-solutions.com\/de\/karriere-bei-perimeter-solutions\/supervisor-fertigung\/#breadcrumb"},"inLanguage":"de","potentialAction":[{"@type":"ReadAction","target":["https:\/\/demo.perimeter-solutions.com\/de\/karriere-bei-perimeter-solutions\/supervisor-fertigung\/"]}]},{"@type":"BreadcrumbList","@id":"https:\/\/demo.perimeter-solutions.com\/de\/karriere-bei-perimeter-solutions\/supervisor-fertigung\/#breadcrumb","itemListElement":[{"@type":"ListItem","position":1,"name":"Karriere bei Perimeter Solutions","item":"https:\/\/demo.perimeter-solutions.com\/de\/karriere-bei-perimeter-solutions\/"},{"@type":"ListItem","position":2,"name":"Supervisor Fertigung"}]},{"@type":"WebSite","@id":"https:\/\/demo.perimeter-solutions.com\/de\/#website","url":"https:\/\/demo.perimeter-solutions.com\/de\/","name":"PS Demo site","description":"","publisher":{"@id":"https:\/\/demo.perimeter-solutions.com\/de\/#organization"},"potentialAction":[{"@type":"SearchAction","target":{"@type":"EntryPoint","urlTemplate":"https:\/\/demo.perimeter-solutions.com\/de\/?s={search_term_string}"},"query-input":{"@type":"PropertyValueSpecification","valueRequired":true,"valueName":"search_term_string"}}],"inLanguage":"de"},{"@type":"Organization","@id":"https:\/\/demo.perimeter-solutions.com\/de\/#organization","name":"Perimeter Solutions","url":"https:\/\/demo.perimeter-solutions.com\/de\/","logo":{"@type":"ImageObject","inLanguage":"de","@id":"https:\/\/demo.perimeter-solutions.com\/de\/#\/schema\/logo\/image\/","url":"https:\/\/demo.perimeter-solutions.com\/wp-content\/uploads\/2021\/02\/perimeter-logo-RGB.png","contentUrl":"https:\/\/demo.perimeter-solutions.com\/wp-content\/uploads\/2021\/02\/perimeter-logo-RGB.png","width":794,"height":138,"caption":"Perimeter Solutions"},"image":{"@id":"https:\/\/demo.perimeter-solutions.com\/de\/#\/schema\/logo\/image\/"}}]}},"_links":{"self":[{"href":"https:\/\/demo.perimeter-solutions.com\/de\/wp-json\/wp\/v2\/pages\/42683","targetHints":{"allow":["GET"]}}],"collection":[{"href":"https:\/\/demo.perimeter-solutions.com\/de\/wp-json\/wp\/v2\/pages"}],"about":[{"href":"https:\/\/demo.perimeter-solutions.com\/de\/wp-json\/wp\/v2\/types\/page"}],"author":[{"embeddable":true,"href":"https:\/\/demo.perimeter-solutions.com\/de\/wp-json\/wp\/v2\/users\/3"}],"replies":[{"embeddable":true,"href":"https:\/\/demo.perimeter-solutions.com\/de\/wp-json\/wp\/v2\/comments?post=42683"}],"version-history":[{"count":1,"href":"https:\/\/demo.perimeter-solutions.com\/de\/wp-json\/wp\/v2\/pages\/42683\/revisions"}],"predecessor-version":[{"id":42684,"href":"https:\/\/demo.perimeter-solutions.com\/de\/wp-json\/wp\/v2\/pages\/42683\/revisions\/42684"}],"up":[{"embeddable":true,"href":"https:\/\/demo.perimeter-solutions.com\/de\/wp-json\/wp\/v2\/pages\/42884"}],"wp:attachment":[{"href":"https:\/\/demo.perimeter-solutions.com\/de\/wp-json\/wp\/v2\/media?parent=42683"}],"curies":[{"name":"wp","href":"https:\/\/api.w.org\/{rel}","templated":true}]}}