{"id":42685,"date":"2021-12-03T13:52:10","date_gmt":"2021-12-03T18:52:10","guid":{"rendered":"https:\/\/demo.perimeter-solutions.com\/senior-rechtsanwaltsgehilfin\/"},"modified":"2024-07-23T00:43:50","modified_gmt":"2024-07-23T04:43:50","slug":"senior-rechtsanwaltsgehilfin","status":"publish","type":"page","link":"https:\/\/demo.perimeter-solutions.com\/de\/karriere-bei-perimeter-solutions\/senior-rechtsanwaltsgehilfin\/","title":{"rendered":"Senior Rechtsanwaltsgehilfin"},"content":{"rendered":"\t\t<div data-elementor-type=\"wp-page\" data-elementor-id=\"42685\" class=\"elementor elementor-42685 elementor-29257\" data-elementor-post-type=\"page\">\n\t\t\t\t\t\t<section class=\"elementor-section elementor-top-section elementor-element elementor-element-a53ddb9 elementor-section-stretched elementor-section-boxed elementor-section-height-default elementor-section-height-default\" data-id=\"a53ddb9\" data-element_type=\"section\" data-e-type=\"section\" data-settings=\"{&quot;stretch_section&quot;:&quot;section-stretched&quot;,&quot;background_background&quot;:&quot;classic&quot;}\">\n\t\t\t\t\t\t<div class=\"elementor-container elementor-column-gap-default\">\n\t\t\t\t\t<div class=\"elementor-column elementor-col-100 elementor-top-column elementor-element elementor-element-8e1337c\" data-id=\"8e1337c\" data-element_type=\"column\" data-e-type=\"column\">\n\t\t\t<div class=\"elementor-widget-wrap elementor-element-populated\">\n\t\t\t\t\t\t<div class=\"elementor-element elementor-element-3fcef61 elementor-widget elementor-widget-heading\" data-id=\"3fcef61\" data-element_type=\"widget\" data-e-type=\"widget\" data-widget_type=\"heading.default\">\n\t\t\t\t<div class=\"elementor-widget-container\">\n\t\t\t\t\t<h1 class=\"elementor-heading-title elementor-size-default\">Karriere bei Perimeter Solutions<\/h1>\t\t\t\t<\/div>\n\t\t\t\t<\/div>\n\t\t\t\t\t<\/div>\n\t\t<\/div>\n\t\t\t\t\t<\/div>\n\t\t<\/section>\n\t\t\t\t<section class=\"elementor-section elementor-top-section elementor-element elementor-element-e36f22b elementor-section-boxed elementor-section-height-default elementor-section-height-default\" data-id=\"e36f22b\" data-element_type=\"section\" data-e-type=\"section\" data-settings=\"{&quot;background_background&quot;:&quot;classic&quot;}\">\n\t\t\t\t\t\t\t<div class=\"elementor-background-overlay\"><\/div>\n\t\t\t\t\t\t\t<div class=\"elementor-container elementor-column-gap-default\">\n\t\t\t\t\t<div class=\"elementor-column elementor-col-100 elementor-top-column elementor-element elementor-element-9ead739\" data-id=\"9ead739\" data-element_type=\"column\" data-e-type=\"column\">\n\t\t\t<div class=\"elementor-widget-wrap elementor-element-populated\">\n\t\t\t\t\t\t<div class=\"elementor-element elementor-element-0c290f4 elementor-widget elementor-widget-heading\" data-id=\"0c290f4\" data-element_type=\"widget\" data-e-type=\"widget\" data-widget_type=\"heading.default\">\n\t\t\t\t<div class=\"elementor-widget-container\">\n\t\t\t\t\t<h4 class=\"elementor-heading-title elementor-size-default\">Finanzplanung &amp; Analyse \u2013 Analyst<\/h4>\t\t\t\t<\/div>\n\t\t\t\t<\/div>\n\t\t\t\t<div class=\"elementor-element elementor-element-d5454f1 elementor-widget elementor-widget-text-editor\" data-id=\"d5454f1\" data-element_type=\"widget\" data-e-type=\"widget\" data-widget_type=\"text-editor.default\">\n\t\t\t\t<div class=\"elementor-widget-container\">\n\t\t\t\t\t\t\t\t\t<p class=\"p2\"><b><strong>\u00dcberblick \u00fcber das Unternehmen<\/strong><\/b><\/p>\n<p style=\"font-weight: 400;\">Perimeter Solutions ist ein f\u00fchrender globaler L\u00f6sungsanbieter, der hochwertige Schmiermitteladditive und Feuerl\u00f6schchemikalien herstellt. Wir entwickeln Produkte, die sich auf wichtige Fragen des Lebens auswirken &#8211; Fragen, bei denen es oft keinen Spielraum f\u00fcr Fehler gibt und der Job keine zweite Chance bietet.<\/p>\n<p style=\"font-weight: 400;\">Bei Perimeter bezeichnen wir die L\u00f6sungen, die wir entwickeln, als &#8216;Solutions that Save&#8217; &#8211; denn das unterstreicht, was wir f\u00fcr unsere Kunden und die Welt im Allgemeinen in allen unseren Gesch\u00e4ftsbereichen erreichen wollen.<\/p>\n<p style=\"font-weight: 400;\"><strong>JOB ZUSAMMENFASSUNG<\/strong> <\/p>\n<p style=\"font-weight: 400;\">Verantwortlich f\u00fcr allgemeine juristische Unterst\u00fctzungsleistungen.<br \/>\nUnter der Leitung der juristischen Leitung bearbeitet er juristische Projekte innerhalb der Organisation. Dazu geh\u00f6ren der Entwurf und die Umsetzung von Formularvertr\u00e4gen, die Pflege der Datenbank f\u00fcr juristische Vertr\u00e4ge, die Recherche und Analyse von Rechtsangelegenheiten und die Unterst\u00fctzung bei speziellen Projekten.   <\/p>\n<p style=\"font-weight: 400;\"><strong>HAUPTAUFGABEN UND VERANTWORTLICHKEITEN<\/strong><\/p>\n<ul style=\"font-weight: 400;\">\n<li>Entwerfen Sie rechtliche Vereinbarungen, helfen Sie bei der Ausf\u00fchrung von Vereinbarungen.<\/li>\n<li>Pflegen Sie eine Datenbank mit juristischen Dokumentationen und anderen juristischen Aktivit\u00e4ten des Unternehmens<\/li>\n<li>Unterst\u00fctzung bei der M&amp;A-Due-Diligence-Pr\u00fcfung von Unternehmen<\/li>\n<li>Unterst\u00fctzung und Durchf\u00fchrung von Recherchen zu rechtlichen Themen<\/li>\n<li>Bewerten Sie ein bestimmtes Problem\/einen bestimmten Streitfall und formulieren Sie einen Aktionsplan zur L\u00f6sung der Angelegenheit und f\u00fchren Sie ihn aus.<\/li>\n<li>Unterst\u00fctzung des General Counsel in Fragen der Corporate Governance<\/li>\n<li>Mithilfe bei juristischen Projekten zur Verbesserung der Effizienz und Transparenz innerhalb der Abteilung und gegen\u00fcber internen Kunden<\/li>\n<li>Assistiert bei speziellen Projekten wie zugewiesen.<\/li>\n<li>M\u00f6glichkeit, sich auf Fachgebiete zu konzentrieren: geistiges Eigentum, Corporate Governance und Wertpapierrecht, Umweltvorschriften<\/li>\n<\/ul>\n<p style=\"font-weight: 400;\"><strong>QUALIFIKATIONEN<\/strong><\/p>\n<ul style=\"font-weight: 400;\">\n<li>Beherrschung der Microsoft-Software<\/li>\n<li>Ausgezeichnetes Organisationstalent und Liebe zum Detail<\/li>\n<li>Ausgepr\u00e4gtes Verst\u00e4ndnis der Rechtssprache und -prinzipien, Recherchemethoden, Schrifts\u00e4tze und Verfahren vor Gericht und andere damit zusammenh\u00e4ngende Angelegenheiten<\/li>\n<li>Juristische Recherche und Ermittlungsf\u00e4higkeiten<\/li>\n<li>Ausgezeichnete schriftliche und m\u00fcndliche Kommunikationsf\u00e4higkeiten<\/li>\n<li>Starke analytische F\u00e4higkeiten und Probleml\u00f6sungskompetenz<\/li>\n<li>Hervorragendes Zeitmanagement und nachgewiesene F\u00e4higkeit, Fristen einzuhalten<\/li>\n<li>Ausgezeichnete F\u00e4higkeiten im Umgang mit Menschen und im Kundenservice<\/li>\n<li>Die F\u00e4higkeit, in einem schnelllebigen und bisweilen stressigen Umfeld gut zu funktionieren<\/li>\n<li>Die F\u00e4higkeit, unabh\u00e4ngig zu arbeiten<\/li>\n<li>F\u00e4higkeit zur Wahrung der Vertraulichkeit und zur Aus\u00fcbung von Diskretion und gutem Urteilsverm\u00f6gen<\/li>\n<\/ul>\n<p style=\"font-weight: 400;\"><strong>Ausbildung\/Zertifizierung<\/strong><\/p>\n<p style=\"font-weight: 400;\">Zertifizierung als Rechtsanwaltsfachangestellte oder Bachelor-Abschluss in Rechtsanwaltsfachangestellte oder einem verwandten Bereich oder gleichwertige Erfahrung<\/p>\n<p style=\"font-weight: 400;\"><strong>Verwandte Berufserfahrung<\/strong><\/p>\n<p style=\"font-weight: 400;\">Mindestens 5 Jahre Erfahrung als Rechtsanwaltsgehilfe oder gleichwertige Berufserfahrung.<br \/>\nErfahrung in einer Anwaltskanzlei oder Rechtsabteilung eines Unternehmens bevorzugt. <\/p>\n<p style=\"font-weight: 400;\"><strong>Kultur:<\/strong><\/p>\n<p style=\"font-weight: 400;\">Als neues b\u00f6rsennotiertes Unternehmen, das an der NYSE unter dem K\u00fcrzel PRM gehandelt wird, befindet sich unser weltweiter Hauptsitz in der Innenstadt von Clayton, mit Zugang zu kostenlosen Parkpl\u00e4tzen, einem Fitnesscenter und fu\u00dfl\u00e4ufiger Erreichbarkeit von Parks, Restaurants und Einkaufsm\u00f6glichkeiten.<br \/>\nWir haben in unsere Mitarbeiter investiert, indem wir unser B\u00fcro mit der neuesten Cloud-basierten Technologie, Bereichen f\u00fcr die Zusammenarbeit, Stehpulten, pers\u00f6nlichen Laptops und anderen Annehmlichkeiten ausgestattet haben, um einen hybriden Arbeitsplan zu erm\u00f6glichen. <\/p>\n<p style=\"font-weight: 400;\"><strong>Vorteile:<\/strong> <\/p>\n<p style=\"font-weight: 400;\">Perimeter Solutions bietet eine Reihe von Leistungsprogrammen f\u00fcr Gesundheit und Wohlbefinden.<br \/>\nZu den Leistungsoptionen geh\u00f6ren u.a. medizinische, zahn\u00e4rztliche und visuelle Leistungen, Health Savings Account, Flexible Spending Accounts, Altersvorsorge, Leistungen bei Krankheit und Unfall, Lebensversicherung, bezahlter Urlaub und Feiertage. <\/p>\n<p style=\"font-weight: 400;\"><strong>K\u00f6rperliche Anforderungen und Arbeitsumgebung<\/strong><\/p>\n<p style=\"font-weight: 400;\">Die hier beschriebenen k\u00f6rperlichen Anforderungen sind repr\u00e4sentativ f\u00fcr diejenigen, die ein Mitarbeiter erf\u00fcllen muss, um die wesentlichen Funktionen dieser Position erfolgreich auszuf\u00fchren.<br \/>\nAngemessene Vorkehrungen k\u00f6nnen getroffen werden, um Menschen mit Behinderungen die Ausf\u00fchrung der Aufgaben zu erm\u00f6glichen. <\/p>\n<p style=\"font-weight: 400;\"><strong>Covid &#8211; 19<\/strong><strong>:<\/strong> F\u00fcr diese Stelle ist der Nachweis einer Impfung oder ein w\u00f6chentlicher negativer Test erforderlich, um vor Ort arbeiten zu k\u00f6nnen.  <\/p>\n\t\t\t\t\t\t\t\t<\/div>\n\t\t\t\t<\/div>\n\t\t\t\t<div class=\"elementor-element elementor-element-1146615 elementor-widget elementor-widget-button\" data-id=\"1146615\" data-element_type=\"widget\" data-e-type=\"widget\" data-widget_type=\"button.default\">\n\t\t\t\t<div class=\"elementor-widget-container\">\n\t\t\t\t\t\t\t\t\t<div class=\"elementor-button-wrapper\">\n\t\t\t\t\t<a class=\"elementor-button elementor-button-link elementor-size-sm\" href=\"https:\/\/perimeter-solutions-lp.prismhr-hire.com\/job\/351191\/senior-paralegal\" target=\"_blank\">\n\t\t\t\t\t\t<span class=\"elementor-button-content-wrapper\">\n\t\t\t\t\t\t\t\t\t<span class=\"elementor-button-text\">F\u00dcR DIESEN JOB BEWERBEN<\/span>\n\t\t\t\t\t<\/span>\n\t\t\t\t\t<\/a>\n\t\t\t\t<\/div>\n\t\t\t\t\t\t\t\t<\/div>\n\t\t\t\t<\/div>\n\t\t\t\t\t<\/div>\n\t\t<\/div>\n\t\t\t\t\t<\/div>\n\t\t<\/section>\n\t\t\t\t<\/div>\n\t\t","protected":false},"excerpt":{"rendered":"<p>Karriere bei Perimeter Solutions Finanzplanung &amp; Analyse \u2013 Analyst \u00dcberblick \u00fcber das Unternehmen Perimeter Solutions ist ein f\u00fchrender globaler L\u00f6sungsanbieter, der hochwertige Schmiermitteladditive und Feuerl\u00f6schchemikalien herstellt. Wir entwickeln Produkte, die [&hellip;]<\/p>\n","protected":false},"author":3,"featured_media":0,"parent":42884,"menu_order":0,"comment_status":"closed","ping_status":"closed","template":"","meta":{"_acf_changed":false,"footnotes":""},"class_list":["post-42685","page","type-page","status-publish","hentry"],"acf":[],"yoast_head":"<!-- This site is optimized with the Yoast SEO Premium plugin v21.9 (Yoast SEO v23.5) - https:\/\/yoast.com\/wordpress\/plugins\/seo\/ -->\n<title>Senior Rechtsanwaltsgehilfin - PS Demo site<\/title>\n<meta name=\"robots\" content=\"noindex, follow, max-snippet:-1, max-image-preview:large, max-video-preview:-1\" \/>\n<meta property=\"og:locale\" content=\"de_DE\" \/>\n<meta property=\"og:type\" content=\"article\" \/>\n<meta property=\"og:title\" content=\"Senior Rechtsanwaltsgehilfin\" \/>\n<meta property=\"og:description\" content=\"Karriere bei Perimeter Solutions Finanzplanung &amp; Analyse \u2013 Analyst \u00dcberblick \u00fcber das Unternehmen Perimeter Solutions ist ein f\u00fchrender globaler L\u00f6sungsanbieter, der hochwertige Schmiermitteladditive und Feuerl\u00f6schchemikalien herstellt. Wir entwickeln Produkte, die [&hellip;]\" \/>\n<meta property=\"og:url\" content=\"https:\/\/demo.perimeter-solutions.com\/de\/karriere-bei-perimeter-solutions\/senior-rechtsanwaltsgehilfin\/\" \/>\n<meta property=\"og:site_name\" content=\"PS Demo site\" \/>\n<meta property=\"article:modified_time\" content=\"2024-07-23T04:43:50+00:00\" \/>\n<meta name=\"twitter:card\" content=\"summary_large_image\" \/>\n<meta name=\"twitter:label1\" content=\"Gesch\u00e4tzte Lesezeit\" \/>\n\t<meta name=\"twitter:data1\" content=\"3\u00a0Minuten\" \/>\n<script type=\"application\/ld+json\" class=\"yoast-schema-graph\">{\"@context\":\"https:\/\/schema.org\",\"@graph\":[{\"@type\":\"WebPage\",\"@id\":\"https:\/\/demo.perimeter-solutions.com\/de\/karriere-bei-perimeter-solutions\/senior-rechtsanwaltsgehilfin\/\",\"url\":\"https:\/\/demo.perimeter-solutions.com\/de\/karriere-bei-perimeter-solutions\/senior-rechtsanwaltsgehilfin\/\",\"name\":\"Senior Rechtsanwaltsgehilfin - PS Demo site\",\"isPartOf\":{\"@id\":\"https:\/\/demo.perimeter-solutions.com\/de\/#website\"},\"datePublished\":\"2021-12-03T18:52:10+00:00\",\"dateModified\":\"2024-07-23T04:43:50+00:00\",\"breadcrumb\":{\"@id\":\"https:\/\/demo.perimeter-solutions.com\/de\/karriere-bei-perimeter-solutions\/senior-rechtsanwaltsgehilfin\/#breadcrumb\"},\"inLanguage\":\"de\",\"potentialAction\":[{\"@type\":\"ReadAction\",\"target\":[\"https:\/\/demo.perimeter-solutions.com\/de\/karriere-bei-perimeter-solutions\/senior-rechtsanwaltsgehilfin\/\"]}]},{\"@type\":\"BreadcrumbList\",\"@id\":\"https:\/\/demo.perimeter-solutions.com\/de\/karriere-bei-perimeter-solutions\/senior-rechtsanwaltsgehilfin\/#breadcrumb\",\"itemListElement\":[{\"@type\":\"ListItem\",\"position\":1,\"name\":\"Karriere bei Perimeter Solutions\",\"item\":\"https:\/\/demo.perimeter-solutions.com\/de\/karriere-bei-perimeter-solutions\/\"},{\"@type\":\"ListItem\",\"position\":2,\"name\":\"Senior Rechtsanwaltsgehilfin\"}]},{\"@type\":\"WebSite\",\"@id\":\"https:\/\/demo.perimeter-solutions.com\/de\/#website\",\"url\":\"https:\/\/demo.perimeter-solutions.com\/de\/\",\"name\":\"PS Demo site\",\"description\":\"\",\"publisher\":{\"@id\":\"https:\/\/demo.perimeter-solutions.com\/de\/#organization\"},\"potentialAction\":[{\"@type\":\"SearchAction\",\"target\":{\"@type\":\"EntryPoint\",\"urlTemplate\":\"https:\/\/demo.perimeter-solutions.com\/de\/?s={search_term_string}\"},\"query-input\":{\"@type\":\"PropertyValueSpecification\",\"valueRequired\":true,\"valueName\":\"search_term_string\"}}],\"inLanguage\":\"de\"},{\"@type\":\"Organization\",\"@id\":\"https:\/\/demo.perimeter-solutions.com\/de\/#organization\",\"name\":\"Perimeter Solutions\",\"url\":\"https:\/\/demo.perimeter-solutions.com\/de\/\",\"logo\":{\"@type\":\"ImageObject\",\"inLanguage\":\"de\",\"@id\":\"https:\/\/demo.perimeter-solutions.com\/de\/#\/schema\/logo\/image\/\",\"url\":\"https:\/\/demo.perimeter-solutions.com\/wp-content\/uploads\/2021\/02\/perimeter-logo-RGB.png\",\"contentUrl\":\"https:\/\/demo.perimeter-solutions.com\/wp-content\/uploads\/2021\/02\/perimeter-logo-RGB.png\",\"width\":794,\"height\":138,\"caption\":\"Perimeter Solutions\"},\"image\":{\"@id\":\"https:\/\/demo.perimeter-solutions.com\/de\/#\/schema\/logo\/image\/\"}}]}<\/script>\n<!-- \/ Yoast SEO Premium plugin. -->","yoast_head_json":{"title":"Senior Rechtsanwaltsgehilfin - PS Demo site","robots":{"index":"noindex","follow":"follow","max-snippet":"max-snippet:-1","max-image-preview":"max-image-preview:large","max-video-preview":"max-video-preview:-1"},"og_locale":"de_DE","og_type":"article","og_title":"Senior Rechtsanwaltsgehilfin","og_description":"Karriere bei Perimeter Solutions Finanzplanung &amp; Analyse \u2013 Analyst \u00dcberblick \u00fcber das Unternehmen Perimeter Solutions ist ein f\u00fchrender globaler L\u00f6sungsanbieter, der hochwertige Schmiermitteladditive und Feuerl\u00f6schchemikalien herstellt. Wir entwickeln Produkte, die [&hellip;]","og_url":"https:\/\/demo.perimeter-solutions.com\/de\/karriere-bei-perimeter-solutions\/senior-rechtsanwaltsgehilfin\/","og_site_name":"PS Demo site","article_modified_time":"2024-07-23T04:43:50+00:00","twitter_card":"summary_large_image","twitter_misc":{"Gesch\u00e4tzte Lesezeit":"3\u00a0Minuten"},"schema":{"@context":"https:\/\/schema.org","@graph":[{"@type":"WebPage","@id":"https:\/\/demo.perimeter-solutions.com\/de\/karriere-bei-perimeter-solutions\/senior-rechtsanwaltsgehilfin\/","url":"https:\/\/demo.perimeter-solutions.com\/de\/karriere-bei-perimeter-solutions\/senior-rechtsanwaltsgehilfin\/","name":"Senior Rechtsanwaltsgehilfin - PS Demo site","isPartOf":{"@id":"https:\/\/demo.perimeter-solutions.com\/de\/#website"},"datePublished":"2021-12-03T18:52:10+00:00","dateModified":"2024-07-23T04:43:50+00:00","breadcrumb":{"@id":"https:\/\/demo.perimeter-solutions.com\/de\/karriere-bei-perimeter-solutions\/senior-rechtsanwaltsgehilfin\/#breadcrumb"},"inLanguage":"de","potentialAction":[{"@type":"ReadAction","target":["https:\/\/demo.perimeter-solutions.com\/de\/karriere-bei-perimeter-solutions\/senior-rechtsanwaltsgehilfin\/"]}]},{"@type":"BreadcrumbList","@id":"https:\/\/demo.perimeter-solutions.com\/de\/karriere-bei-perimeter-solutions\/senior-rechtsanwaltsgehilfin\/#breadcrumb","itemListElement":[{"@type":"ListItem","position":1,"name":"Karriere bei Perimeter Solutions","item":"https:\/\/demo.perimeter-solutions.com\/de\/karriere-bei-perimeter-solutions\/"},{"@type":"ListItem","position":2,"name":"Senior Rechtsanwaltsgehilfin"}]},{"@type":"WebSite","@id":"https:\/\/demo.perimeter-solutions.com\/de\/#website","url":"https:\/\/demo.perimeter-solutions.com\/de\/","name":"PS Demo site","description":"","publisher":{"@id":"https:\/\/demo.perimeter-solutions.com\/de\/#organization"},"potentialAction":[{"@type":"SearchAction","target":{"@type":"EntryPoint","urlTemplate":"https:\/\/demo.perimeter-solutions.com\/de\/?s={search_term_string}"},"query-input":{"@type":"PropertyValueSpecification","valueRequired":true,"valueName":"search_term_string"}}],"inLanguage":"de"},{"@type":"Organization","@id":"https:\/\/demo.perimeter-solutions.com\/de\/#organization","name":"Perimeter Solutions","url":"https:\/\/demo.perimeter-solutions.com\/de\/","logo":{"@type":"ImageObject","inLanguage":"de","@id":"https:\/\/demo.perimeter-solutions.com\/de\/#\/schema\/logo\/image\/","url":"https:\/\/demo.perimeter-solutions.com\/wp-content\/uploads\/2021\/02\/perimeter-logo-RGB.png","contentUrl":"https:\/\/demo.perimeter-solutions.com\/wp-content\/uploads\/2021\/02\/perimeter-logo-RGB.png","width":794,"height":138,"caption":"Perimeter Solutions"},"image":{"@id":"https:\/\/demo.perimeter-solutions.com\/de\/#\/schema\/logo\/image\/"}}]}},"_links":{"self":[{"href":"https:\/\/demo.perimeter-solutions.com\/de\/wp-json\/wp\/v2\/pages\/42685","targetHints":{"allow":["GET"]}}],"collection":[{"href":"https:\/\/demo.perimeter-solutions.com\/de\/wp-json\/wp\/v2\/pages"}],"about":[{"href":"https:\/\/demo.perimeter-solutions.com\/de\/wp-json\/wp\/v2\/types\/page"}],"author":[{"embeddable":true,"href":"https:\/\/demo.perimeter-solutions.com\/de\/wp-json\/wp\/v2\/users\/3"}],"replies":[{"embeddable":true,"href":"https:\/\/demo.perimeter-solutions.com\/de\/wp-json\/wp\/v2\/comments?post=42685"}],"version-history":[{"count":1,"href":"https:\/\/demo.perimeter-solutions.com\/de\/wp-json\/wp\/v2\/pages\/42685\/revisions"}],"predecessor-version":[{"id":42688,"href":"https:\/\/demo.perimeter-solutions.com\/de\/wp-json\/wp\/v2\/pages\/42685\/revisions\/42688"}],"up":[{"embeddable":true,"href":"https:\/\/demo.perimeter-solutions.com\/de\/wp-json\/wp\/v2\/pages\/42884"}],"wp:attachment":[{"href":"https:\/\/demo.perimeter-solutions.com\/de\/wp-json\/wp\/v2\/media?parent=42685"}],"curies":[{"name":"wp","href":"https:\/\/api.w.org\/{rel}","templated":true}]}}