{"id":42699,"date":"2021-12-03T13:15:16","date_gmt":"2021-12-03T18:15:16","guid":{"rendered":"https:\/\/demo.perimeter-solutions.com\/senior-unternehmensjurist\/"},"modified":"2024-07-23T00:43:50","modified_gmt":"2024-07-23T04:43:50","slug":"senior-unternehmensjurist","status":"publish","type":"page","link":"https:\/\/demo.perimeter-solutions.com\/de\/karriere-bei-perimeter-solutions\/senior-unternehmensjurist\/","title":{"rendered":"Senior Unternehmensjurist"},"content":{"rendered":"\t\t<div data-elementor-type=\"wp-page\" data-elementor-id=\"42699\" class=\"elementor elementor-42699 elementor-29242\" data-elementor-post-type=\"page\">\n\t\t\t\t\t\t<section class=\"elementor-section elementor-top-section elementor-element elementor-element-a53ddb9 elementor-section-stretched elementor-section-boxed elementor-section-height-default elementor-section-height-default\" data-id=\"a53ddb9\" data-element_type=\"section\" data-e-type=\"section\" data-settings=\"{&quot;stretch_section&quot;:&quot;section-stretched&quot;,&quot;background_background&quot;:&quot;classic&quot;}\">\n\t\t\t\t\t\t<div class=\"elementor-container elementor-column-gap-default\">\n\t\t\t\t\t<div class=\"elementor-column elementor-col-100 elementor-top-column elementor-element elementor-element-8e1337c\" data-id=\"8e1337c\" data-element_type=\"column\" data-e-type=\"column\">\n\t\t\t<div class=\"elementor-widget-wrap elementor-element-populated\">\n\t\t\t\t\t\t<div class=\"elementor-element elementor-element-3fcef61 elementor-widget elementor-widget-heading\" data-id=\"3fcef61\" data-element_type=\"widget\" data-e-type=\"widget\" data-widget_type=\"heading.default\">\n\t\t\t\t<div class=\"elementor-widget-container\">\n\t\t\t\t\t<h1 class=\"elementor-heading-title elementor-size-default\">Karriere bei Perimeter Solutions<\/h1>\t\t\t\t<\/div>\n\t\t\t\t<\/div>\n\t\t\t\t\t<\/div>\n\t\t<\/div>\n\t\t\t\t\t<\/div>\n\t\t<\/section>\n\t\t\t\t<section class=\"elementor-section elementor-top-section elementor-element elementor-element-e36f22b elementor-section-boxed elementor-section-height-default elementor-section-height-default\" data-id=\"e36f22b\" data-element_type=\"section\" data-e-type=\"section\" data-settings=\"{&quot;background_background&quot;:&quot;classic&quot;}\">\n\t\t\t\t\t\t\t<div class=\"elementor-background-overlay\"><\/div>\n\t\t\t\t\t\t\t<div class=\"elementor-container elementor-column-gap-default\">\n\t\t\t\t\t<div class=\"elementor-column elementor-col-100 elementor-top-column elementor-element elementor-element-9ead739\" data-id=\"9ead739\" data-element_type=\"column\" data-e-type=\"column\">\n\t\t\t<div class=\"elementor-widget-wrap elementor-element-populated\">\n\t\t\t\t\t\t<div class=\"elementor-element elementor-element-0c290f4 elementor-widget elementor-widget-heading\" data-id=\"0c290f4\" data-element_type=\"widget\" data-e-type=\"widget\" data-widget_type=\"heading.default\">\n\t\t\t\t<div class=\"elementor-widget-container\">\n\t\t\t\t\t<h4 class=\"elementor-heading-title elementor-size-default\">Finanzplanung &amp; Analyse \u2013 Analyst<\/h4>\t\t\t\t<\/div>\n\t\t\t\t<\/div>\n\t\t\t\t<div class=\"elementor-element elementor-element-d5454f1 elementor-widget elementor-widget-text-editor\" data-id=\"d5454f1\" data-element_type=\"widget\" data-e-type=\"widget\" data-widget_type=\"text-editor.default\">\n\t\t\t\t<div class=\"elementor-widget-container\">\n\t\t\t\t\t\t\t\t\t<p class=\"p2\"><b><strong>\u00dcberblick \u00fcber das Unternehmen<\/strong><\/b><\/p>\n<p>Perimeter Solutions ist ein f\u00fchrender globaler L\u00f6sungsanbieter, der hochwertige Schmiermitteladditive und Feuerl\u00f6schchemikalien herstellt. Wir entwickeln Produkte, die sich auf wichtige Fragen des Lebens auswirken &#8211; Fragen, bei denen es oft keinen Spielraum f\u00fcr Fehler gibt und der Job keine zweite Chance bietet.<\/p>\n<p>Bei Perimeter bezeichnen wir die L\u00f6sungen, die wir entwickeln, als &#8216;Solutions that Save&#8217; &#8211; denn das unterstreicht, was wir f\u00fcr unsere Kunden und die Welt im Allgemeinen in allen unseren Gesch\u00e4ftsbereichen erreichen wollen.<\/p>\n<p><b>Standort: <\/b>Clayton, MO<\/p>\n<p><b>Zusammenfassung der Position:  <\/b><\/p>\n<p>Der Senior Corporate Counsel ist eine Mischung aus Rechts- und Compliance-Funktionen, die dem General Counsel unterstellt sind und sich mit einem breiten Spektrum von Transaktions-, Compliance- und regulatorischen Themen befassen, die das gesamte Unternehmen betreffen.  <\/p>\n<p>Der Senior Corporate Counsel ist verantwortlich f\u00fcr die t\u00e4gliche rechtliche Vertretung, Beratung und Unterst\u00fctzung bei einer Vielzahl von rechtlichen, regulatorischen und Compliance-Angelegenheiten, die alle Gesch\u00e4ftsbereiche des Unternehmens betreffen.<br \/>\nVon dem Senior Corporate Counsel wird erwartet, dass er eine breite Palette von Handelsvertr\u00e4gen entwirft, pr\u00fcft und verhandelt, darunter Kauf- und Verkaufsvertr\u00e4ge, Lizenz- und Vertraulichkeitsvertr\u00e4ge, Partnerschaftsvertr\u00e4ge, Beratungsvertr\u00e4ge sowie Forschungs- und Entwicklungsvertr\u00e4ge.<br \/>\nDer Senior Corporate Counsel soll auch bei Transaktionsangelegenheiten behilflich sein, einschlie\u00dflich Due-Diligence-Pr\u00fcfungen bei Fusionen und \u00dcbernahmen, Joint-Venture-Vertr\u00e4gen und anderen Partnerschaftsvertr\u00e4gen, \u00dcberpr\u00fcfung und Verhandlung von Transaktionsvertr\u00e4gen, einschlie\u00dflich Vertr\u00e4gen \u00fcber den Erwerb von Anteilen und Verm\u00f6genswerten und Nebenvertr\u00e4gen.<br \/>\nDie Position umfasst die Recherche von Rechtsangelegenheiten, die Erstellung von Berichten, das Management von externen Rechtsberatern, die Unterst\u00fctzung bei einem breiten Spektrum von Compliance-Angelegenheiten, einschlie\u00dflich Angelegenheiten im Zusammenhang mit der Bek\u00e4mpfung von Bestechung und Korruption, Kartellrecht, Betrug und Wertpapierregulierung.<br \/>\nVon dem Senior Corporate Counsel wird erwartet, dass er selbstst\u00e4ndig arbeitet, um komplexe Probleme zu erkennen und vertrauensvolle berufliche Beziehungen innerhalb der Abteilung und zu internen Kunden von Perimeter Solutions in Bezug auf das Fachgebiet aufzubauen.    <\/p>\n<p>Diese Position untersteht dem Chefsyndikus und ist f\u00fcr die Leitung einer Rechtsanwaltsgehilfin in der Rechtsabteilung verantwortlich.<\/p>\n<p class=\"p2\"><b>Verantwortlichkeiten:<\/b><\/p>\n<ul>\n<li>T\u00e4gliche rechtliche Vertretung, Beratung und Unterst\u00fctzung f\u00fcr die Gesch\u00e4ftsbereiche Brandschutz und \u00d6ladditive<\/li>\n<li>Wir verhandeln komplexe Handelsvereinbarungen, einschlie\u00dflich Beschaffungs-, Logistik- und Liefervereinbarungen, Forschungs- und Entwicklungsvereinbarungen, Vereinbarungen mit Dienstleistern sowie Lizenz- und Geheimhaltungsvereinbarungen.<\/li>\n<li>Unterst\u00fctzung in Transaktionsangelegenheiten, z.B. bei der Durchf\u00fchrung von Due-Diligence-Pr\u00fcfungen, der Aushandlung von Kauf- und Verkaufsvertr\u00e4gen, Joint-Venture- und Partnerschaftsvertr\u00e4gen, Lizenz-, Maut- und Liefervertr\u00e4gen.<\/li>\n<li>Unterst\u00fctzen Sie das Unternehmen bei der Einhaltung von Vorschriften in den Bereichen Bestechung und Korruption, Kartellrecht, Betrug, Wertpapierregulierung und Interessenkonflikte.<\/li>\n<li>Verwalten Sie ein Netzwerk von externen Anw\u00e4lten, koordinieren Sie die Bearbeitung bestimmter Verfahren, Projekte oder Fragen.<\/li>\n<li>Unterst\u00fctzung bei der L\u00f6sung von Rechts- und Compliance-Problemen, die mit unseren Niederlassungen in Europa und Australien auftreten<\/li>\n<li>Arbeiten Sie selbst\u00e4ndig, um Risiken und Probleme zu erkennen und L\u00f6sungen f\u00fcr komplexe Probleme zu empfehlen.<\/li>\n<li>Sie leiten Projekte und sind f\u00fcr sie verantwortlich.<\/li>\n<li>Identifizieren Sie Prozessverbesserungen und treiben Sie Ver\u00e4nderungen voran.<\/li>\n<li>Identifizieren Sie Risiken und bieten Sie L\u00f6sungen f\u00fcr die L\u00f6sung von Projekten an, arbeiten Sie mit minimaler Anleitung und bauen Sie vertrauensvolle professionelle Beziehungen innerhalb der Organisation auf.<\/li>\n<li>Aufbau einer starken Compliance-Kultur innerhalb des Unternehmens<\/li>\n<\/ul>\n<p><strong>Qualifikationen:<\/strong><\/p>\n<ul>\n<li>Juris Doctorate Degree (J.D.) von einer akkreditierten juristischen Fakult\u00e4t erforderlich.<\/li>\n<li>F\u00fcnf oder mehr Jahre Erfahrung in einer Anwaltskanzlei, Rechtsabteilung eines Unternehmens oder einem vergleichbaren juristischen Umfeld mit Erfahrung in Transaktions- und Compliance-Angelegenheiten.<\/li>\n<li>Erforderlich ist eine Zulassung in Missouri oder die M\u00f6glichkeit, in Missouri zu praktizieren.<\/li>\n<li>Kenntnisse in allgemeinen Unternehmensangelegenheiten erforderlich.<br \/>\nZus\u00e4tzliche Spezialisierung auf die chemische Industrie oder auf Compliance, regulatorische Angelegenheiten oder M&amp;A bevorzugt. <\/li>\n<li>Beherrschung allgemeiner Computerkenntnisse.<br \/>\nZus\u00e4tzliche Sprachkenntnisse (Spanisch, Franz\u00f6sisch oder Deutsch) sind von Vorteil. <\/li>\n<\/ul>\n<p style=\"font-weight: 400;\"><strong>Kultur:<\/strong><\/p>\n<p style=\"font-weight: 400;\">Als neues b\u00f6rsennotiertes Unternehmen, das an der NYSE unter dem K\u00fcrzel PRM gehandelt wird, befindet sich unser weltweiter Hauptsitz in der Innenstadt von Clayton, mit Zugang zu kostenlosen Parkpl\u00e4tzen, einem Fitnesscenter und fu\u00dfl\u00e4ufiger Erreichbarkeit von Parks, Restaurants und Einkaufsm\u00f6glichkeiten.<br \/>\nWir haben in unsere Mitarbeiter investiert, indem wir unser B\u00fcro mit der neuesten Cloud-basierten Technologie, Bereichen f\u00fcr die Zusammenarbeit, Stehpulten, pers\u00f6nlichen Laptops und anderen Annehmlichkeiten ausgestattet haben, um einen hybriden Arbeitsplan zu erm\u00f6glichen. <\/p>\n<p style=\"font-weight: 400;\"><strong>Vorteile:<\/strong> <\/p>\n<p style=\"font-weight: 400;\">Perimeter Solutions bietet eine Reihe von Leistungsprogrammen f\u00fcr Gesundheit und Wohlbefinden.<br \/>\nZu den Leistungsoptionen geh\u00f6ren u.a. medizinische, zahn\u00e4rztliche und visuelle Leistungen, Health Savings Account, Flexible Spending Accounts, Altersvorsorge, Leistungen bei Krankheit und Unfall, Lebensversicherung, bezahlter Urlaub und Feiertage. <\/p>\n<p style=\"font-weight: 400;\"><strong>K\u00f6rperliche Anforderungen und Arbeitsumgebung:<\/strong><\/p>\n<p style=\"font-weight: 400;\">Die hier beschriebenen k\u00f6rperlichen Anforderungen sind repr\u00e4sentativ f\u00fcr diejenigen, die ein Mitarbeiter erf\u00fcllen muss, um die wesentlichen Funktionen dieser Position erfolgreich auszuf\u00fchren.<br \/>\nAngemessene Vorkehrungen k\u00f6nnen getroffen werden, um Menschen mit Behinderungen die Ausf\u00fchrung der Aufgaben zu erm\u00f6glichen. <\/p>\n\t\t\t\t\t\t\t\t<\/div>\n\t\t\t\t<\/div>\n\t\t\t\t<div class=\"elementor-element elementor-element-1146615 elementor-widget elementor-widget-button\" data-id=\"1146615\" data-element_type=\"widget\" data-e-type=\"widget\" data-widget_type=\"button.default\">\n\t\t\t\t<div class=\"elementor-widget-container\">\n\t\t\t\t\t\t\t\t\t<div class=\"elementor-button-wrapper\">\n\t\t\t\t\t<a class=\"elementor-button elementor-button-link elementor-size-sm\" href=\"https:\/\/perimeter-solutions-lp.prismhr-hire.com\/job\/351173\/senior-corporate-counsel\" target=\"_blank\">\n\t\t\t\t\t\t<span class=\"elementor-button-content-wrapper\">\n\t\t\t\t\t\t\t\t\t<span class=\"elementor-button-text\">F\u00dcR DIESEN JOB BEWERBEN<\/span>\n\t\t\t\t\t<\/span>\n\t\t\t\t\t<\/a>\n\t\t\t\t<\/div>\n\t\t\t\t\t\t\t\t<\/div>\n\t\t\t\t<\/div>\n\t\t\t\t\t<\/div>\n\t\t<\/div>\n\t\t\t\t\t<\/div>\n\t\t<\/section>\n\t\t\t\t<\/div>\n\t\t","protected":false},"excerpt":{"rendered":"<p>Karriere bei Perimeter Solutions Finanzplanung &amp; Analyse \u2013 Analyst \u00dcberblick \u00fcber das Unternehmen Perimeter Solutions ist ein f\u00fchrender globaler L\u00f6sungsanbieter, der hochwertige Schmiermitteladditive und Feuerl\u00f6schchemikalien herstellt. Wir entwickeln Produkte, die [&hellip;]<\/p>\n","protected":false},"author":3,"featured_media":0,"parent":42884,"menu_order":0,"comment_status":"closed","ping_status":"closed","template":"","meta":{"_acf_changed":false,"footnotes":""},"class_list":["post-42699","page","type-page","status-publish","hentry"],"acf":[],"yoast_head":"<!-- This site is optimized with the Yoast SEO Premium plugin v21.9 (Yoast SEO v23.5) - https:\/\/yoast.com\/wordpress\/plugins\/seo\/ -->\n<title>Senior Unternehmensjurist - PS Demo site<\/title>\n<meta name=\"robots\" content=\"noindex, follow, max-snippet:-1, max-image-preview:large, max-video-preview:-1\" \/>\n<meta property=\"og:locale\" content=\"de_DE\" \/>\n<meta property=\"og:type\" content=\"article\" \/>\n<meta property=\"og:title\" content=\"Senior Unternehmensjurist\" \/>\n<meta property=\"og:description\" content=\"Karriere bei Perimeter Solutions Finanzplanung &amp; Analyse \u2013 Analyst \u00dcberblick \u00fcber das Unternehmen Perimeter Solutions ist ein f\u00fchrender globaler L\u00f6sungsanbieter, der hochwertige Schmiermitteladditive und Feuerl\u00f6schchemikalien herstellt. Wir entwickeln Produkte, die [&hellip;]\" \/>\n<meta property=\"og:url\" content=\"https:\/\/demo.perimeter-solutions.com\/de\/karriere-bei-perimeter-solutions\/senior-unternehmensjurist\/\" \/>\n<meta property=\"og:site_name\" content=\"PS Demo site\" \/>\n<meta property=\"article:modified_time\" content=\"2024-07-23T04:43:50+00:00\" \/>\n<meta name=\"twitter:card\" content=\"summary_large_image\" \/>\n<meta name=\"twitter:label1\" content=\"Gesch\u00e4tzte Lesezeit\" \/>\n\t<meta name=\"twitter:data1\" content=\"4\u00a0Minuten\" \/>\n<script type=\"application\/ld+json\" class=\"yoast-schema-graph\">{\"@context\":\"https:\/\/schema.org\",\"@graph\":[{\"@type\":\"WebPage\",\"@id\":\"https:\/\/demo.perimeter-solutions.com\/de\/karriere-bei-perimeter-solutions\/senior-unternehmensjurist\/\",\"url\":\"https:\/\/demo.perimeter-solutions.com\/de\/karriere-bei-perimeter-solutions\/senior-unternehmensjurist\/\",\"name\":\"Senior Unternehmensjurist - PS Demo site\",\"isPartOf\":{\"@id\":\"https:\/\/demo.perimeter-solutions.com\/de\/#website\"},\"datePublished\":\"2021-12-03T18:15:16+00:00\",\"dateModified\":\"2024-07-23T04:43:50+00:00\",\"breadcrumb\":{\"@id\":\"https:\/\/demo.perimeter-solutions.com\/de\/karriere-bei-perimeter-solutions\/senior-unternehmensjurist\/#breadcrumb\"},\"inLanguage\":\"de\",\"potentialAction\":[{\"@type\":\"ReadAction\",\"target\":[\"https:\/\/demo.perimeter-solutions.com\/de\/karriere-bei-perimeter-solutions\/senior-unternehmensjurist\/\"]}]},{\"@type\":\"BreadcrumbList\",\"@id\":\"https:\/\/demo.perimeter-solutions.com\/de\/karriere-bei-perimeter-solutions\/senior-unternehmensjurist\/#breadcrumb\",\"itemListElement\":[{\"@type\":\"ListItem\",\"position\":1,\"name\":\"Karriere bei Perimeter Solutions\",\"item\":\"https:\/\/demo.perimeter-solutions.com\/de\/karriere-bei-perimeter-solutions\/\"},{\"@type\":\"ListItem\",\"position\":2,\"name\":\"Senior Unternehmensjurist\"}]},{\"@type\":\"WebSite\",\"@id\":\"https:\/\/demo.perimeter-solutions.com\/de\/#website\",\"url\":\"https:\/\/demo.perimeter-solutions.com\/de\/\",\"name\":\"PS Demo site\",\"description\":\"\",\"publisher\":{\"@id\":\"https:\/\/demo.perimeter-solutions.com\/de\/#organization\"},\"potentialAction\":[{\"@type\":\"SearchAction\",\"target\":{\"@type\":\"EntryPoint\",\"urlTemplate\":\"https:\/\/demo.perimeter-solutions.com\/de\/?s={search_term_string}\"},\"query-input\":{\"@type\":\"PropertyValueSpecification\",\"valueRequired\":true,\"valueName\":\"search_term_string\"}}],\"inLanguage\":\"de\"},{\"@type\":\"Organization\",\"@id\":\"https:\/\/demo.perimeter-solutions.com\/de\/#organization\",\"name\":\"Perimeter Solutions\",\"url\":\"https:\/\/demo.perimeter-solutions.com\/de\/\",\"logo\":{\"@type\":\"ImageObject\",\"inLanguage\":\"de\",\"@id\":\"https:\/\/demo.perimeter-solutions.com\/de\/#\/schema\/logo\/image\/\",\"url\":\"https:\/\/demo.perimeter-solutions.com\/wp-content\/uploads\/2021\/02\/perimeter-logo-RGB.png\",\"contentUrl\":\"https:\/\/demo.perimeter-solutions.com\/wp-content\/uploads\/2021\/02\/perimeter-logo-RGB.png\",\"width\":794,\"height\":138,\"caption\":\"Perimeter Solutions\"},\"image\":{\"@id\":\"https:\/\/demo.perimeter-solutions.com\/de\/#\/schema\/logo\/image\/\"}}]}<\/script>\n<!-- \/ Yoast SEO Premium plugin. -->","yoast_head_json":{"title":"Senior Unternehmensjurist - PS Demo site","robots":{"index":"noindex","follow":"follow","max-snippet":"max-snippet:-1","max-image-preview":"max-image-preview:large","max-video-preview":"max-video-preview:-1"},"og_locale":"de_DE","og_type":"article","og_title":"Senior Unternehmensjurist","og_description":"Karriere bei Perimeter Solutions Finanzplanung &amp; Analyse \u2013 Analyst \u00dcberblick \u00fcber das Unternehmen Perimeter Solutions ist ein f\u00fchrender globaler L\u00f6sungsanbieter, der hochwertige Schmiermitteladditive und Feuerl\u00f6schchemikalien herstellt. Wir entwickeln Produkte, die [&hellip;]","og_url":"https:\/\/demo.perimeter-solutions.com\/de\/karriere-bei-perimeter-solutions\/senior-unternehmensjurist\/","og_site_name":"PS Demo site","article_modified_time":"2024-07-23T04:43:50+00:00","twitter_card":"summary_large_image","twitter_misc":{"Gesch\u00e4tzte Lesezeit":"4\u00a0Minuten"},"schema":{"@context":"https:\/\/schema.org","@graph":[{"@type":"WebPage","@id":"https:\/\/demo.perimeter-solutions.com\/de\/karriere-bei-perimeter-solutions\/senior-unternehmensjurist\/","url":"https:\/\/demo.perimeter-solutions.com\/de\/karriere-bei-perimeter-solutions\/senior-unternehmensjurist\/","name":"Senior Unternehmensjurist - PS Demo site","isPartOf":{"@id":"https:\/\/demo.perimeter-solutions.com\/de\/#website"},"datePublished":"2021-12-03T18:15:16+00:00","dateModified":"2024-07-23T04:43:50+00:00","breadcrumb":{"@id":"https:\/\/demo.perimeter-solutions.com\/de\/karriere-bei-perimeter-solutions\/senior-unternehmensjurist\/#breadcrumb"},"inLanguage":"de","potentialAction":[{"@type":"ReadAction","target":["https:\/\/demo.perimeter-solutions.com\/de\/karriere-bei-perimeter-solutions\/senior-unternehmensjurist\/"]}]},{"@type":"BreadcrumbList","@id":"https:\/\/demo.perimeter-solutions.com\/de\/karriere-bei-perimeter-solutions\/senior-unternehmensjurist\/#breadcrumb","itemListElement":[{"@type":"ListItem","position":1,"name":"Karriere bei Perimeter Solutions","item":"https:\/\/demo.perimeter-solutions.com\/de\/karriere-bei-perimeter-solutions\/"},{"@type":"ListItem","position":2,"name":"Senior Unternehmensjurist"}]},{"@type":"WebSite","@id":"https:\/\/demo.perimeter-solutions.com\/de\/#website","url":"https:\/\/demo.perimeter-solutions.com\/de\/","name":"PS Demo site","description":"","publisher":{"@id":"https:\/\/demo.perimeter-solutions.com\/de\/#organization"},"potentialAction":[{"@type":"SearchAction","target":{"@type":"EntryPoint","urlTemplate":"https:\/\/demo.perimeter-solutions.com\/de\/?s={search_term_string}"},"query-input":{"@type":"PropertyValueSpecification","valueRequired":true,"valueName":"search_term_string"}}],"inLanguage":"de"},{"@type":"Organization","@id":"https:\/\/demo.perimeter-solutions.com\/de\/#organization","name":"Perimeter Solutions","url":"https:\/\/demo.perimeter-solutions.com\/de\/","logo":{"@type":"ImageObject","inLanguage":"de","@id":"https:\/\/demo.perimeter-solutions.com\/de\/#\/schema\/logo\/image\/","url":"https:\/\/demo.perimeter-solutions.com\/wp-content\/uploads\/2021\/02\/perimeter-logo-RGB.png","contentUrl":"https:\/\/demo.perimeter-solutions.com\/wp-content\/uploads\/2021\/02\/perimeter-logo-RGB.png","width":794,"height":138,"caption":"Perimeter Solutions"},"image":{"@id":"https:\/\/demo.perimeter-solutions.com\/de\/#\/schema\/logo\/image\/"}}]}},"_links":{"self":[{"href":"https:\/\/demo.perimeter-solutions.com\/de\/wp-json\/wp\/v2\/pages\/42699","targetHints":{"allow":["GET"]}}],"collection":[{"href":"https:\/\/demo.perimeter-solutions.com\/de\/wp-json\/wp\/v2\/pages"}],"about":[{"href":"https:\/\/demo.perimeter-solutions.com\/de\/wp-json\/wp\/v2\/types\/page"}],"author":[{"embeddable":true,"href":"https:\/\/demo.perimeter-solutions.com\/de\/wp-json\/wp\/v2\/users\/3"}],"replies":[{"embeddable":true,"href":"https:\/\/demo.perimeter-solutions.com\/de\/wp-json\/wp\/v2\/comments?post=42699"}],"version-history":[{"count":1,"href":"https:\/\/demo.perimeter-solutions.com\/de\/wp-json\/wp\/v2\/pages\/42699\/revisions"}],"predecessor-version":[{"id":42702,"href":"https:\/\/demo.perimeter-solutions.com\/de\/wp-json\/wp\/v2\/pages\/42699\/revisions\/42702"}],"up":[{"embeddable":true,"href":"https:\/\/demo.perimeter-solutions.com\/de\/wp-json\/wp\/v2\/pages\/42884"}],"wp:attachment":[{"href":"https:\/\/demo.perimeter-solutions.com\/de\/wp-json\/wp\/v2\/media?parent=42699"}],"curies":[{"name":"wp","href":"https:\/\/api.w.org\/{rel}","templated":true}]}}