{"id":42705,"date":"2022-01-24T12:42:02","date_gmt":"2022-01-24T17:42:02","guid":{"rendered":"https:\/\/demo.perimeter-solutions.com\/spezialist-fuer-buchhaltung\/"},"modified":"2024-07-23T00:43:51","modified_gmt":"2024-07-23T04:43:51","slug":"spezialist-fuer-buchhaltung","status":"publish","type":"page","link":"https:\/\/demo.perimeter-solutions.com\/de\/karriere-bei-perimeter-solutions\/spezialist-fuer-buchhaltung\/","title":{"rendered":"Spezialist f\u00fcr Buchhaltung"},"content":{"rendered":"\t\t<div data-elementor-type=\"wp-page\" data-elementor-id=\"42705\" class=\"elementor elementor-42705 elementor-30480\" data-elementor-post-type=\"page\">\n\t\t\t\t\t\t<section class=\"elementor-section elementor-top-section elementor-element elementor-element-a53ddb9 elementor-section-stretched elementor-section-boxed elementor-section-height-default elementor-section-height-default\" data-id=\"a53ddb9\" data-element_type=\"section\" data-e-type=\"section\" data-settings=\"{&quot;stretch_section&quot;:&quot;section-stretched&quot;,&quot;background_background&quot;:&quot;classic&quot;}\">\n\t\t\t\t\t\t<div class=\"elementor-container elementor-column-gap-default\">\n\t\t\t\t\t<div class=\"elementor-column elementor-col-100 elementor-top-column elementor-element elementor-element-8e1337c\" data-id=\"8e1337c\" data-element_type=\"column\" data-e-type=\"column\">\n\t\t\t<div class=\"elementor-widget-wrap elementor-element-populated\">\n\t\t\t\t\t\t<div class=\"elementor-element elementor-element-3fcef61 elementor-widget elementor-widget-heading\" data-id=\"3fcef61\" data-element_type=\"widget\" data-e-type=\"widget\" data-widget_type=\"heading.default\">\n\t\t\t\t<div class=\"elementor-widget-container\">\n\t\t\t\t\t<h1 class=\"elementor-heading-title elementor-size-default\">Karriere bei Perimeter Solutions<\/h1>\t\t\t\t<\/div>\n\t\t\t\t<\/div>\n\t\t\t\t\t<\/div>\n\t\t<\/div>\n\t\t\t\t\t<\/div>\n\t\t<\/section>\n\t\t\t\t<section class=\"elementor-section elementor-top-section elementor-element elementor-element-e36f22b elementor-section-boxed elementor-section-height-default elementor-section-height-default\" data-id=\"e36f22b\" data-element_type=\"section\" data-e-type=\"section\" data-settings=\"{&quot;background_background&quot;:&quot;classic&quot;}\">\n\t\t\t\t\t\t\t<div class=\"elementor-background-overlay\"><\/div>\n\t\t\t\t\t\t\t<div class=\"elementor-container elementor-column-gap-default\">\n\t\t\t\t\t<div class=\"elementor-column elementor-col-100 elementor-top-column elementor-element elementor-element-9ead739\" data-id=\"9ead739\" data-element_type=\"column\" data-e-type=\"column\">\n\t\t\t<div class=\"elementor-widget-wrap elementor-element-populated\">\n\t\t\t\t\t\t<div class=\"elementor-element elementor-element-0c290f4 elementor-widget elementor-widget-heading\" data-id=\"0c290f4\" data-element_type=\"widget\" data-e-type=\"widget\" data-widget_type=\"heading.default\">\n\t\t\t\t<div class=\"elementor-widget-container\">\n\t\t\t\t\t<h4 class=\"elementor-heading-title elementor-size-default\">Finanzplanung &amp; Analyse \u2013 Analyst<\/h4>\t\t\t\t<\/div>\n\t\t\t\t<\/div>\n\t\t\t\t<div class=\"elementor-element elementor-element-d5454f1 elementor-widget elementor-widget-text-editor\" data-id=\"d5454f1\" data-element_type=\"widget\" data-e-type=\"widget\" data-widget_type=\"text-editor.default\">\n\t\t\t\t<div class=\"elementor-widget-container\">\n\t\t\t\t\t\t\t\t\t<p style=\"font-weight: 400;\"><strong>\u00dcberblick \u00fcber das Unternehmen<\/strong><\/p>\n<p style=\"font-weight: 400;\">Perimeter Solutions ist ein f\u00fchrender globaler L\u00f6sungsanbieter, der hochwertige Schmiermitteladditive und Feuerl\u00f6schchemikalien herstellt. Wir entwickeln Produkte, die sich auf wichtige Fragen des Lebens auswirken &#8211; Fragen, bei denen es oft keinen Spielraum f\u00fcr Fehler gibt und der Job keine zweite Chance bietet.<\/p>\n<p style=\"font-weight: 400;\">  Bei Perimeter bezeichnen wir die L\u00f6sungen, die wir entwickeln, als &#8216;Solutions that Save&#8217; &#8211; denn das unterstreicht, was wir f\u00fcr unsere Kunden und die Welt im Allgemeinen in allen unseren Gesch\u00e4ftsbereichen erreichen wollen.<\/p>\n<p style=\"font-weight: 400;\"><strong>Positionszusammenfassung<\/strong><\/p>\n<p style=\"font-weight: 400;\">Der SEC Accounting Specialist unterst\u00fctzt Sie bei der Erstellung und \u00dcberpr\u00fcfung von internen und externen Berichtsdokumenten, einschlie\u00dflich, aber nicht beschr\u00e4nkt auf: Quartalsberichte auf Formular 10-Q, Jahresberichte auf Formular 10-K, viertelj\u00e4hrliche zus\u00e4tzliche Informationspakete und viertelj\u00e4hrliche interne Managementberichte.<br \/>\nDer SEC Accounting Specialist hilft auch bei der Erledigung verschiedener viertelj\u00e4hrlicher Aufgaben in komplexen Bereichen wie Konsolidierung, Eigenkapital, Gewinn pro Aktie und aktienbasierte Verg\u00fctung, bei der Durchf\u00fchrung technischer Buchhaltungsrecherchen f\u00fcr wichtige Transaktionen, bei der Ausarbeitung von Buchhaltungsrichtlinien und bei der Unterst\u00fctzung des SOX-Compliance-Prozesses des Unternehmens. <\/p>\n<p style=\"font-weight: 400;\"><strong>Wesentliche Pflichten und Verantwortlichkeiten<\/strong><\/p>\n<p style=\"font-weight: 400;\">Zu den wesentlichen Aufgaben geh\u00f6ren unter anderem die folgenden:<\/p>\n<ul style=\"font-weight: 400;\">\n<li>Unterst\u00fctzung bei der Vorbereitung von viertelj\u00e4hrlichen, j\u00e4hrlichen und anderen Ad-hoc-Berichten an die SEC (z.B. Jahresbericht auf Formular 10-K, Quartalsberichte auf Formular 10-Q, die viertelj\u00e4hrliche Gewinnmitteilung auf Formular 8-K) und erg\u00e4nzende Informationsberichte, einschlie\u00dflich der Verantwortung f\u00fcr die Vorbereitung der viertelj\u00e4hrlichen Eigenkapital- und Kapitalflussrechnungen.<\/li>\n<li>Pflegen und berichten Sie \u00fcber die aktienbasierte Verg\u00fctung des Unternehmens innerhalb der Aktiensoftware des Unternehmens.<\/li>\n<li>Erstellen Sie viertelj\u00e4hrliche Arbeitspapiere und Fu\u00dfnoten zu komplexen Bereichen, einschlie\u00dflich Eigenkapital, Gewinn pro Aktie und Konsolidierung.<\/li>\n<li>Recherchieren und \u00fcberpr\u00fcfen Sie verschiedene periodische Journalbuchungen und komplexe Transaktionen, einschlie\u00dflich derer, die mit bedeutenden Leasingaktivit\u00e4ten, dem Erwerb und der Ver\u00e4u\u00dferung von Verm\u00f6genswerten zusammenh\u00e4ngen.<\/li>\n<li>Assistieren Sie bei der Koordination mit externen und internen Pr\u00fcfern in Bezug auf \u00dcberpr\u00fcfungs- und Auditverfahren.<\/li>\n<li>Helfen Sie bei der Entwicklung und Dokumentation neuer Buchhaltungsrichtlinien und -verfahren.<\/li>\n<li>Unterst\u00fctzung bei der Implementierung neuer Buchhaltungsrichtlinien und interner Kontrollprozesse.<\/li>\n<li>Verfolgen und recherchieren Sie die Ver\u00f6ffentlichung neuer Rechnungslegungsverlautbarungen und bewerten Sie deren m\u00f6gliche Auswirkungen auf das Unternehmen.<\/li>\n<li>Arbeiten Sie mit anderen Gruppen innerhalb des Unternehmens zusammen, um die wichtigsten Finanzkennzahlen des Unternehmens (z.B. FFO, EBITDA, NOI) zusammenzustellen und zu \u00fcberpr\u00fcfen und andere Ad-hoc-Analysen durchzuf\u00fchren.<\/li>\n<li>Effektive Bearbeitung mehrerer Projekte gleichzeitig in einer termingerechten Umgebung; und<\/li>\n<li>F\u00fchren Sie bei Bedarf effektiv spezielle Ad-hoc-Projekte durch.<\/li>\n<\/ul>\n<p style=\"font-weight: 400;\"> <strong>Mindestqualifikationen (Kenntnisse, Fertigkeiten und F\u00e4higkeiten)<\/strong><\/p>\n<ul style=\"font-weight: 400;\">\n<li>Einen Bachelor-Abschluss in Buchhaltung<\/li>\n<li>Ausgepr\u00e4gte Excel-Kenntnisse und die F\u00e4higkeit, mehrere Aufgaben gleichzeitig zu erledigen<\/li>\n<li>Aktive CPA-Lizenz (bevorzugt)<\/li>\n<li>1 &#8211; 3 Jahre Erfahrung in einer Big 4\/Nationalen Wirtschaftspr\u00fcfungsgesellschaft und\/oder in einem b\u00f6rsennotierten Unternehmen<\/li>\n<\/ul>\n<p style=\"font-weight: 400;\"><strong>COVID &#8211; 19<\/strong>: F\u00fcr diese Stelle ist der Nachweis einer Impfung oder ein w\u00f6chentlicher negativer Test erforderlich, um vor Ort arbeiten zu k\u00f6nnen.  <\/p>\n<p style=\"font-weight: 400;\"><strong>Kultur:<\/strong><\/p>\n<p style=\"font-weight: 400;\">Als neues b\u00f6rsennotiertes Unternehmen, das an der NYSE unter dem K\u00fcrzel PRM gehandelt wird, befindet sich unser weltweiter Hauptsitz in der Innenstadt von Clayton, mit Zugang zu kostenlosen Parkpl\u00e4tzen, einem Fitnesscenter und fu\u00dfl\u00e4ufiger Erreichbarkeit von Parks, Restaurants und Einkaufsm\u00f6glichkeiten.<br \/>\nWir haben in unsere Mitarbeiter investiert, indem wir unser B\u00fcro mit der neuesten Cloud-basierten Technologie, Bereichen f\u00fcr die Zusammenarbeit, Stehpulten, pers\u00f6nlichen Laptops und anderen Annehmlichkeiten ausgestattet haben, um einen hybriden Arbeitsplan zu erm\u00f6glichen. <\/p>\n<p style=\"font-weight: 400;\"><strong>Vorteile:<\/strong> <\/p>\n<p style=\"font-weight: 400;\">Perimeter Solutions bietet eine Reihe von Leistungsprogrammen f\u00fcr Gesundheit und Wohlbefinden.<br \/>\nZu den Leistungsoptionen geh\u00f6ren u.a. medizinische, zahn\u00e4rztliche und visuelle Leistungen, Health Savings Account, Flexible Spending Accounts, Altersvorsorge, Leistungen bei Krankheit und Unfall, Lebensversicherung, bezahlter Urlaub und Feiertage. <\/p>\n<p style=\"font-weight: 400;\"> <strong>K\u00f6rperliche Anforderungen und Arbeitsumgebung:<\/strong><\/p>\n<p style=\"font-weight: 400;\">Die hier beschriebenen k\u00f6rperlichen Anforderungen sind repr\u00e4sentativ f\u00fcr diejenigen, die ein Mitarbeiter erf\u00fcllen muss, um die wesentlichen Funktionen dieser Position erfolgreich auszuf\u00fchren.<br \/>\nAngemessene Vorkehrungen k\u00f6nnen getroffen werden, um Menschen mit Behinderungen die Ausf\u00fchrung der Aufgaben zu erm\u00f6glichen. <\/p>\n\t\t\t\t\t\t\t\t<\/div>\n\t\t\t\t<\/div>\n\t\t\t\t<div class=\"elementor-element elementor-element-1146615 elementor-widget elementor-widget-button\" data-id=\"1146615\" data-element_type=\"widget\" data-e-type=\"widget\" data-widget_type=\"button.default\">\n\t\t\t\t<div class=\"elementor-widget-container\">\n\t\t\t\t\t\t\t\t\t<div class=\"elementor-button-wrapper\">\n\t\t\t\t\t<a class=\"elementor-button elementor-button-link elementor-size-sm\" href=\"https:\/\/perimeter-solutions-lp.prismhr-hire.com\/job\/373002\/accounting-specialist\" target=\"_blank\">\n\t\t\t\t\t\t<span class=\"elementor-button-content-wrapper\">\n\t\t\t\t\t\t\t\t\t<span class=\"elementor-button-text\">F\u00dcR DIESEN JOB BEWERBEN<\/span>\n\t\t\t\t\t<\/span>\n\t\t\t\t\t<\/a>\n\t\t\t\t<\/div>\n\t\t\t\t\t\t\t\t<\/div>\n\t\t\t\t<\/div>\n\t\t\t\t\t<\/div>\n\t\t<\/div>\n\t\t\t\t\t<\/div>\n\t\t<\/section>\n\t\t\t\t<\/div>\n\t\t","protected":false},"excerpt":{"rendered":"<p>Karriere bei Perimeter Solutions Finanzplanung &amp; Analyse \u2013 Analyst \u00dcberblick \u00fcber das Unternehmen Perimeter Solutions ist ein f\u00fchrender globaler L\u00f6sungsanbieter, der hochwertige Schmiermitteladditive und Feuerl\u00f6schchemikalien herstellt. Wir entwickeln Produkte, die [&hellip;]<\/p>\n","protected":false},"author":3,"featured_media":0,"parent":42884,"menu_order":0,"comment_status":"closed","ping_status":"closed","template":"","meta":{"_acf_changed":false,"footnotes":""},"class_list":["post-42705","page","type-page","status-publish","hentry"],"acf":[],"yoast_head":"<!-- This site is optimized with the Yoast SEO Premium plugin v21.9 (Yoast SEO v23.5) - https:\/\/yoast.com\/wordpress\/plugins\/seo\/ -->\n<title>Spezialist f\u00fcr Buchhaltung - PS Demo site<\/title>\n<meta name=\"robots\" content=\"noindex, follow, max-snippet:-1, max-image-preview:large, max-video-preview:-1\" \/>\n<meta property=\"og:locale\" content=\"de_DE\" \/>\n<meta property=\"og:type\" content=\"article\" \/>\n<meta property=\"og:title\" content=\"Spezialist f\u00fcr Buchhaltung\" \/>\n<meta property=\"og:description\" content=\"Karriere bei Perimeter Solutions Finanzplanung &amp; Analyse \u2013 Analyst \u00dcberblick \u00fcber das Unternehmen Perimeter Solutions ist ein f\u00fchrender globaler L\u00f6sungsanbieter, der hochwertige Schmiermitteladditive und Feuerl\u00f6schchemikalien herstellt. Wir entwickeln Produkte, die [&hellip;]\" \/>\n<meta property=\"og:url\" content=\"https:\/\/demo.perimeter-solutions.com\/de\/karriere-bei-perimeter-solutions\/spezialist-fuer-buchhaltung\/\" \/>\n<meta property=\"og:site_name\" content=\"PS Demo site\" \/>\n<meta property=\"article:modified_time\" content=\"2024-07-23T04:43:51+00:00\" \/>\n<meta name=\"twitter:card\" content=\"summary_large_image\" \/>\n<meta name=\"twitter:label1\" content=\"Gesch\u00e4tzte Lesezeit\" \/>\n\t<meta name=\"twitter:data1\" content=\"3\u00a0Minuten\" \/>\n<script type=\"application\/ld+json\" class=\"yoast-schema-graph\">{\"@context\":\"https:\/\/schema.org\",\"@graph\":[{\"@type\":\"WebPage\",\"@id\":\"https:\/\/demo.perimeter-solutions.com\/de\/karriere-bei-perimeter-solutions\/spezialist-fuer-buchhaltung\/\",\"url\":\"https:\/\/demo.perimeter-solutions.com\/de\/karriere-bei-perimeter-solutions\/spezialist-fuer-buchhaltung\/\",\"name\":\"Spezialist f\u00fcr Buchhaltung - PS Demo site\",\"isPartOf\":{\"@id\":\"https:\/\/demo.perimeter-solutions.com\/de\/#website\"},\"datePublished\":\"2022-01-24T17:42:02+00:00\",\"dateModified\":\"2024-07-23T04:43:51+00:00\",\"breadcrumb\":{\"@id\":\"https:\/\/demo.perimeter-solutions.com\/de\/karriere-bei-perimeter-solutions\/spezialist-fuer-buchhaltung\/#breadcrumb\"},\"inLanguage\":\"de\",\"potentialAction\":[{\"@type\":\"ReadAction\",\"target\":[\"https:\/\/demo.perimeter-solutions.com\/de\/karriere-bei-perimeter-solutions\/spezialist-fuer-buchhaltung\/\"]}]},{\"@type\":\"BreadcrumbList\",\"@id\":\"https:\/\/demo.perimeter-solutions.com\/de\/karriere-bei-perimeter-solutions\/spezialist-fuer-buchhaltung\/#breadcrumb\",\"itemListElement\":[{\"@type\":\"ListItem\",\"position\":1,\"name\":\"Karriere bei Perimeter Solutions\",\"item\":\"https:\/\/demo.perimeter-solutions.com\/de\/karriere-bei-perimeter-solutions\/\"},{\"@type\":\"ListItem\",\"position\":2,\"name\":\"Spezialist f\u00fcr Buchhaltung\"}]},{\"@type\":\"WebSite\",\"@id\":\"https:\/\/demo.perimeter-solutions.com\/de\/#website\",\"url\":\"https:\/\/demo.perimeter-solutions.com\/de\/\",\"name\":\"PS Demo site\",\"description\":\"\",\"publisher\":{\"@id\":\"https:\/\/demo.perimeter-solutions.com\/de\/#organization\"},\"potentialAction\":[{\"@type\":\"SearchAction\",\"target\":{\"@type\":\"EntryPoint\",\"urlTemplate\":\"https:\/\/demo.perimeter-solutions.com\/de\/?s={search_term_string}\"},\"query-input\":{\"@type\":\"PropertyValueSpecification\",\"valueRequired\":true,\"valueName\":\"search_term_string\"}}],\"inLanguage\":\"de\"},{\"@type\":\"Organization\",\"@id\":\"https:\/\/demo.perimeter-solutions.com\/de\/#organization\",\"name\":\"Perimeter Solutions\",\"url\":\"https:\/\/demo.perimeter-solutions.com\/de\/\",\"logo\":{\"@type\":\"ImageObject\",\"inLanguage\":\"de\",\"@id\":\"https:\/\/demo.perimeter-solutions.com\/de\/#\/schema\/logo\/image\/\",\"url\":\"https:\/\/demo.perimeter-solutions.com\/wp-content\/uploads\/2021\/02\/perimeter-logo-RGB.png\",\"contentUrl\":\"https:\/\/demo.perimeter-solutions.com\/wp-content\/uploads\/2021\/02\/perimeter-logo-RGB.png\",\"width\":794,\"height\":138,\"caption\":\"Perimeter Solutions\"},\"image\":{\"@id\":\"https:\/\/demo.perimeter-solutions.com\/de\/#\/schema\/logo\/image\/\"}}]}<\/script>\n<!-- \/ Yoast SEO Premium plugin. -->","yoast_head_json":{"title":"Spezialist f\u00fcr Buchhaltung - PS Demo site","robots":{"index":"noindex","follow":"follow","max-snippet":"max-snippet:-1","max-image-preview":"max-image-preview:large","max-video-preview":"max-video-preview:-1"},"og_locale":"de_DE","og_type":"article","og_title":"Spezialist f\u00fcr Buchhaltung","og_description":"Karriere bei Perimeter Solutions Finanzplanung &amp; Analyse \u2013 Analyst \u00dcberblick \u00fcber das Unternehmen Perimeter Solutions ist ein f\u00fchrender globaler L\u00f6sungsanbieter, der hochwertige Schmiermitteladditive und Feuerl\u00f6schchemikalien herstellt. Wir entwickeln Produkte, die [&hellip;]","og_url":"https:\/\/demo.perimeter-solutions.com\/de\/karriere-bei-perimeter-solutions\/spezialist-fuer-buchhaltung\/","og_site_name":"PS Demo site","article_modified_time":"2024-07-23T04:43:51+00:00","twitter_card":"summary_large_image","twitter_misc":{"Gesch\u00e4tzte Lesezeit":"3\u00a0Minuten"},"schema":{"@context":"https:\/\/schema.org","@graph":[{"@type":"WebPage","@id":"https:\/\/demo.perimeter-solutions.com\/de\/karriere-bei-perimeter-solutions\/spezialist-fuer-buchhaltung\/","url":"https:\/\/demo.perimeter-solutions.com\/de\/karriere-bei-perimeter-solutions\/spezialist-fuer-buchhaltung\/","name":"Spezialist f\u00fcr Buchhaltung - PS Demo site","isPartOf":{"@id":"https:\/\/demo.perimeter-solutions.com\/de\/#website"},"datePublished":"2022-01-24T17:42:02+00:00","dateModified":"2024-07-23T04:43:51+00:00","breadcrumb":{"@id":"https:\/\/demo.perimeter-solutions.com\/de\/karriere-bei-perimeter-solutions\/spezialist-fuer-buchhaltung\/#breadcrumb"},"inLanguage":"de","potentialAction":[{"@type":"ReadAction","target":["https:\/\/demo.perimeter-solutions.com\/de\/karriere-bei-perimeter-solutions\/spezialist-fuer-buchhaltung\/"]}]},{"@type":"BreadcrumbList","@id":"https:\/\/demo.perimeter-solutions.com\/de\/karriere-bei-perimeter-solutions\/spezialist-fuer-buchhaltung\/#breadcrumb","itemListElement":[{"@type":"ListItem","position":1,"name":"Karriere bei Perimeter Solutions","item":"https:\/\/demo.perimeter-solutions.com\/de\/karriere-bei-perimeter-solutions\/"},{"@type":"ListItem","position":2,"name":"Spezialist f\u00fcr Buchhaltung"}]},{"@type":"WebSite","@id":"https:\/\/demo.perimeter-solutions.com\/de\/#website","url":"https:\/\/demo.perimeter-solutions.com\/de\/","name":"PS Demo site","description":"","publisher":{"@id":"https:\/\/demo.perimeter-solutions.com\/de\/#organization"},"potentialAction":[{"@type":"SearchAction","target":{"@type":"EntryPoint","urlTemplate":"https:\/\/demo.perimeter-solutions.com\/de\/?s={search_term_string}"},"query-input":{"@type":"PropertyValueSpecification","valueRequired":true,"valueName":"search_term_string"}}],"inLanguage":"de"},{"@type":"Organization","@id":"https:\/\/demo.perimeter-solutions.com\/de\/#organization","name":"Perimeter Solutions","url":"https:\/\/demo.perimeter-solutions.com\/de\/","logo":{"@type":"ImageObject","inLanguage":"de","@id":"https:\/\/demo.perimeter-solutions.com\/de\/#\/schema\/logo\/image\/","url":"https:\/\/demo.perimeter-solutions.com\/wp-content\/uploads\/2021\/02\/perimeter-logo-RGB.png","contentUrl":"https:\/\/demo.perimeter-solutions.com\/wp-content\/uploads\/2021\/02\/perimeter-logo-RGB.png","width":794,"height":138,"caption":"Perimeter Solutions"},"image":{"@id":"https:\/\/demo.perimeter-solutions.com\/de\/#\/schema\/logo\/image\/"}}]}},"_links":{"self":[{"href":"https:\/\/demo.perimeter-solutions.com\/de\/wp-json\/wp\/v2\/pages\/42705","targetHints":{"allow":["GET"]}}],"collection":[{"href":"https:\/\/demo.perimeter-solutions.com\/de\/wp-json\/wp\/v2\/pages"}],"about":[{"href":"https:\/\/demo.perimeter-solutions.com\/de\/wp-json\/wp\/v2\/types\/page"}],"author":[{"embeddable":true,"href":"https:\/\/demo.perimeter-solutions.com\/de\/wp-json\/wp\/v2\/users\/3"}],"replies":[{"embeddable":true,"href":"https:\/\/demo.perimeter-solutions.com\/de\/wp-json\/wp\/v2\/comments?post=42705"}],"version-history":[{"count":1,"href":"https:\/\/demo.perimeter-solutions.com\/de\/wp-json\/wp\/v2\/pages\/42705\/revisions"}],"predecessor-version":[{"id":42710,"href":"https:\/\/demo.perimeter-solutions.com\/de\/wp-json\/wp\/v2\/pages\/42705\/revisions\/42710"}],"up":[{"embeddable":true,"href":"https:\/\/demo.perimeter-solutions.com\/de\/wp-json\/wp\/v2\/pages\/42884"}],"wp:attachment":[{"href":"https:\/\/demo.perimeter-solutions.com\/de\/wp-json\/wp\/v2\/media?parent=42705"}],"curies":[{"name":"wp","href":"https:\/\/api.w.org\/{rel}","templated":true}]}}