{"id":42777,"date":"2022-03-07T14:25:36","date_gmt":"2022-03-07T19:25:36","guid":{"rendered":"https:\/\/demo.perimeter-solutions.com\/formulierungschemiker\/"},"modified":"2024-07-23T00:43:51","modified_gmt":"2024-07-23T04:43:51","slug":"formulierungschemiker","status":"publish","type":"page","link":"https:\/\/demo.perimeter-solutions.com\/de\/karriere-bei-perimeter-solutions\/formulierungschemiker\/","title":{"rendered":"Formulierungschemiker"},"content":{"rendered":"\t\t<div data-elementor-type=\"wp-page\" data-elementor-id=\"42777\" class=\"elementor elementor-42777 elementor-31144\" data-elementor-post-type=\"page\">\n\t\t\t\t\t\t<section class=\"elementor-section elementor-top-section elementor-element elementor-element-a53ddb9 elementor-section-stretched elementor-section-boxed elementor-section-height-default elementor-section-height-default\" data-id=\"a53ddb9\" data-element_type=\"section\" data-e-type=\"section\" data-settings=\"{&quot;stretch_section&quot;:&quot;section-stretched&quot;,&quot;background_background&quot;:&quot;classic&quot;}\">\n\t\t\t\t\t\t<div class=\"elementor-container elementor-column-gap-default\">\n\t\t\t\t\t<div class=\"elementor-column elementor-col-100 elementor-top-column elementor-element elementor-element-8e1337c\" data-id=\"8e1337c\" data-element_type=\"column\" data-e-type=\"column\">\n\t\t\t<div class=\"elementor-widget-wrap elementor-element-populated\">\n\t\t\t\t\t\t<div class=\"elementor-element elementor-element-3fcef61 elementor-widget elementor-widget-heading\" data-id=\"3fcef61\" data-element_type=\"widget\" data-e-type=\"widget\" data-widget_type=\"heading.default\">\n\t\t\t\t<div class=\"elementor-widget-container\">\n\t\t\t\t\t<h1 class=\"elementor-heading-title elementor-size-default\">Karriere bei Perimeter Solutions<\/h1>\t\t\t\t<\/div>\n\t\t\t\t<\/div>\n\t\t\t\t\t<\/div>\n\t\t<\/div>\n\t\t\t\t\t<\/div>\n\t\t<\/section>\n\t\t\t\t<section class=\"elementor-section elementor-top-section elementor-element elementor-element-e36f22b elementor-section-boxed elementor-section-height-default elementor-section-height-default\" data-id=\"e36f22b\" data-element_type=\"section\" data-e-type=\"section\" data-settings=\"{&quot;background_background&quot;:&quot;classic&quot;}\">\n\t\t\t\t\t\t\t<div class=\"elementor-background-overlay\"><\/div>\n\t\t\t\t\t\t\t<div class=\"elementor-container elementor-column-gap-default\">\n\t\t\t\t\t<div class=\"elementor-column elementor-col-100 elementor-top-column elementor-element elementor-element-9ead739\" data-id=\"9ead739\" data-element_type=\"column\" data-e-type=\"column\">\n\t\t\t<div class=\"elementor-widget-wrap elementor-element-populated\">\n\t\t\t\t\t\t<div class=\"elementor-element elementor-element-0c290f4 elementor-widget elementor-widget-heading\" data-id=\"0c290f4\" data-element_type=\"widget\" data-e-type=\"widget\" data-widget_type=\"heading.default\">\n\t\t\t\t<div class=\"elementor-widget-container\">\n\t\t\t\t\t<h4 class=\"elementor-heading-title elementor-size-default\">Finanzplanung &amp; Analyse \u2013 Analyst<\/h4>\t\t\t\t<\/div>\n\t\t\t\t<\/div>\n\t\t\t\t<div class=\"elementor-element elementor-element-d5454f1 elementor-widget elementor-widget-text-editor\" data-id=\"d5454f1\" data-element_type=\"widget\" data-e-type=\"widget\" data-widget_type=\"text-editor.default\">\n\t\t\t\t<div class=\"elementor-widget-container\">\n\t\t\t\t\t\t\t\t\t<p style=\"font-weight: 400;\"><strong>\u00dcberblick \u00fcber das Unternehmen<br \/><\/strong><\/p>\n<p style=\"font-weight: 400;\">Perimeter Solutions ist ein f\u00fchrender globaler L\u00f6sungsanbieter, der hochwertige Schmiermitteladditive und Feuerl\u00f6schchemikalien herstellt. Wir entwickeln Produkte, die sich auf wichtige Fragen des Lebens auswirken &#8211; Fragen, bei denen es oft keinen Spielraum f\u00fcr Fehler gibt und der Job keine zweite Chance bietet.<\/p>\n<p style=\"font-weight: 400;\">Bei Perimeter bezeichnen wir die L\u00f6sungen, die wir entwickeln, als &#8216;Solutions that Save&#8217; &#8211; denn das unterstreicht, was wir f\u00fcr unsere Kunden und die Welt im Allgemeinen in allen unseren Gesch\u00e4ftsbereichen erreichen wollen.<\/p>\n<p style=\"font-weight: 400;\"><strong>Standort:<\/strong> Perimeter Solutions- Rancho Cucamonga, Kalifornien.<br \/>\nVor Ort. <\/p>\n<p style=\"font-weight: 400;\"><strong>Covid &#8211; 19<\/strong><strong>:<\/strong> F\u00fcr diese Stelle ist der Nachweis einer Impfung oder ein w\u00f6chentlicher negativer Test erforderlich, um vor Ort arbeiten zu k\u00f6nnen.  <\/p>\n<p style=\"font-weight: 400;\"><strong>Beschreibung<\/strong><\/p>\n<p style=\"font-weight: 400;\">Entwickeln und f\u00fchren Sie Forschungsprojekte durch, die die Brandsicherheit unterst\u00fctzen.<br \/>\nDer Formulierungschemiker ist dem F&amp;E-Leiter unterstellt und arbeitet eng mit anderen Labormitarbeitern und anderen Mitarbeitern der Abteilung zusammen. <\/p>\n<p style=\"font-weight: 400;\"><strong>Wichtigste Verantwortlichkeiten\/Zust\u00e4ndigkeiten:<\/strong><\/p>\n<ul style=\"font-weight: 400;\">\n<li>Forschung und Entwicklung mit Hauptaugenmerk auf die Verbesserung der aktuellen Brandschutzprodukte<\/li>\n<li>Entwerfen und f\u00fchren Sie Forschungsarbeiten durch, die den Kundenbed\u00fcrfnissen entsprechen und die Gesch\u00e4ftsziele von Perimeter Solutions unterst\u00fctzen.<\/li>\n<li>Dokumentieren und berichten Sie alle Testverfahren, Ergebnisse und Beobachtungen in einem Laborjournal<\/li>\n<li>F\u00fchren Sie Labortests gem\u00e4\u00df den schriftlichen Verfahren durch<\/li>\n<li>Schnittstelle zur Fertigung f\u00fcr die Entwicklung neuer Produkte, einschlie\u00dflich Produkttests und Scale-up<\/li>\n<li>Bieten Sie technische Unterst\u00fctzung f\u00fcr kundenorientierte Projekte und helfen Sie bei der L\u00f6sung von Problemen mit der Produktqualit\u00e4t<\/li>\n<li>Arbeiten Sie eng mit anderen Abteilungen und Teams innerhalb von Perimeter Solutions zusammen und kommunizieren Sie technische Informationen effektiv.<\/li>\n<li>Erstellen Sie eine Dokumentation in Form von schriftlichen Berichten<\/li>\n<li>Einhaltung der ESH-Richtlinien<\/li>\n<\/ul>\n<p style=\"font-weight: 400;\"><strong>Erfahrungen\/F\u00e4higkeiten:<\/strong><\/p>\n<ul style=\"font-weight: 400;\">\n<li>Ausgezeichnete Laborkenntnisse<\/li>\n<li>Erfahren in der Patentsprache und im Schreiben.<\/li>\n<li>Kenntnisse in den Bereichen Datenerfassung, Datenanalyse, Auswertung und wissenschaftliche Methoden<\/li>\n<li>Erfahrung mit dem Stage Gate-Prozess und dem Projektmanagement<\/li>\n<li>Ausgezeichnete schriftliche und m\u00fcndliche Kommunikationsf\u00e4higkeiten &#8211; gutes Urteilsverm\u00f6gen mit der F\u00e4higkeit, zeitnahe und fundierte Entscheidungen zu treffen<\/li>\n<li>Starke organisatorische, planerische, probleml\u00f6sende und kreative F\u00e4higkeiten<\/li>\n<li>Nachgewiesene F\u00e4higkeit, in einem Team zu arbeiten und einen Beitrag zu leisten<\/li>\n<li>Erfahrung im Umgang mit Microsoft Office-Anwendungen (Excel, Word, PowerPoint, SharePoint usw.)<\/li>\n<li>Erfahrung im Verfassen von technischen Berichten, die Verfahren, Ergebnisse und Beobachtungen detailliert beschreiben  <\/li>\n<\/ul>\n<p style=\"font-weight: 400;\"><strong>Anforderungen:<\/strong><\/p>\n<ul style=\"font-weight: 400;\">\n<li>Mindestens BS in Chemie oder Chemieingenieurwesen<\/li>\n<li>Mindestens drei Jahre Erfahrung in der chemischen Industrie in der Produktentwicklung und Verbesserung aktueller Formulierungen.<\/li>\n<li>Sie m\u00fcssen in der Lage sein, 10% in den USA und Kanada zu reisen.<\/li>\n<\/ul>\n<p style=\"font-weight: 400;\"><strong>Vorteile:  <\/strong><\/p>\n<p style=\"font-weight: 400;\">Perimeter Solutions bietet eine Reihe von Leistungsprogrammen f\u00fcr Gesundheit und Wohlbefinden.<br \/>\nZu den Leistungsoptionen geh\u00f6ren u.a. medizinische, zahn\u00e4rztliche und visuelle Leistungen, Health Savings Account, Flexible Spending Accounts, Altersvorsorge, Leistungen bei Krankheit und Unfall, Lebensversicherung, bezahlter Urlaub und Feiertage. <\/p>\n<p style=\"font-weight: 400;\"><strong>K\u00f6rperliche Anforderungen und Arbeitsumgebung:<\/strong><\/p>\n<p style=\"font-weight: 400;\">Die hier beschriebenen k\u00f6rperlichen Anforderungen sind repr\u00e4sentativ f\u00fcr diejenigen, die ein Mitarbeiter erf\u00fcllen muss, um die wesentlichen Funktionen dieser Position erfolgreich auszuf\u00fchren.<br \/>\nAngemessene Vorkehrungen k\u00f6nnen getroffen werden, um Menschen mit Behinderungen die Ausf\u00fchrung der Aufgaben zu erm\u00f6glichen. <\/p>\n<p style=\"font-weight: 400;\"><strong>Covid &#8211; 19<\/strong><strong>:<\/strong> F\u00fcr diese Stelle ist der Nachweis einer Impfung oder ein w\u00f6chentlicher negativer Test erforderlich, um vor Ort arbeiten zu k\u00f6nnen.<\/p>\n\t\t\t\t\t\t\t\t<\/div>\n\t\t\t\t<\/div>\n\t\t\t\t<div class=\"elementor-element elementor-element-1146615 elementor-widget elementor-widget-button\" data-id=\"1146615\" data-element_type=\"widget\" data-e-type=\"widget\" data-widget_type=\"button.default\">\n\t\t\t\t<div class=\"elementor-widget-container\">\n\t\t\t\t\t\t\t\t\t<div class=\"elementor-button-wrapper\">\n\t\t\t\t\t<a class=\"elementor-button elementor-button-link elementor-size-sm\" href=\"https:\/\/perimeter-solutions-lp.prismhr-hire.com\/job\/394994\/formulation-chemist\" target=\"_blank\">\n\t\t\t\t\t\t<span class=\"elementor-button-content-wrapper\">\n\t\t\t\t\t\t\t\t\t<span class=\"elementor-button-text\">F\u00dcR DIESEN JOB BEWERBEN<\/span>\n\t\t\t\t\t<\/span>\n\t\t\t\t\t<\/a>\n\t\t\t\t<\/div>\n\t\t\t\t\t\t\t\t<\/div>\n\t\t\t\t<\/div>\n\t\t\t\t\t<\/div>\n\t\t<\/div>\n\t\t\t\t\t<\/div>\n\t\t<\/section>\n\t\t\t\t<\/div>\n\t\t","protected":false},"excerpt":{"rendered":"<p>Karriere bei Perimeter Solutions Finanzplanung &amp; Analyse \u2013 Analyst \u00dcberblick \u00fcber das Unternehmen Perimeter Solutions ist ein f\u00fchrender globaler L\u00f6sungsanbieter, der hochwertige Schmiermitteladditive und Feuerl\u00f6schchemikalien herstellt. Wir entwickeln Produkte, die [&hellip;]<\/p>\n","protected":false},"author":3,"featured_media":0,"parent":42884,"menu_order":0,"comment_status":"closed","ping_status":"closed","template":"","meta":{"_acf_changed":false,"footnotes":""},"class_list":["post-42777","page","type-page","status-publish","hentry"],"acf":[],"yoast_head":"<!-- This site is optimized with the Yoast SEO Premium plugin v21.9 (Yoast SEO v23.5) - https:\/\/yoast.com\/wordpress\/plugins\/seo\/ -->\n<title>Formulierungschemiker - PS Demo site<\/title>\n<meta name=\"robots\" content=\"noindex, follow, max-snippet:-1, max-image-preview:large, max-video-preview:-1\" \/>\n<meta property=\"og:locale\" content=\"de_DE\" \/>\n<meta property=\"og:type\" content=\"article\" \/>\n<meta property=\"og:title\" content=\"Formulierungschemiker\" \/>\n<meta property=\"og:description\" content=\"Karriere bei Perimeter Solutions Finanzplanung &amp; Analyse \u2013 Analyst \u00dcberblick \u00fcber das Unternehmen Perimeter Solutions ist ein f\u00fchrender globaler L\u00f6sungsanbieter, der hochwertige Schmiermitteladditive und Feuerl\u00f6schchemikalien herstellt. Wir entwickeln Produkte, die [&hellip;]\" \/>\n<meta property=\"og:url\" content=\"https:\/\/demo.perimeter-solutions.com\/de\/karriere-bei-perimeter-solutions\/formulierungschemiker\/\" \/>\n<meta property=\"og:site_name\" content=\"PS Demo site\" \/>\n<meta property=\"article:modified_time\" content=\"2024-07-23T04:43:51+00:00\" \/>\n<meta name=\"twitter:card\" content=\"summary_large_image\" \/>\n<meta name=\"twitter:label1\" content=\"Gesch\u00e4tzte Lesezeit\" \/>\n\t<meta name=\"twitter:data1\" content=\"3\u00a0Minuten\" \/>\n<script type=\"application\/ld+json\" class=\"yoast-schema-graph\">{\"@context\":\"https:\/\/schema.org\",\"@graph\":[{\"@type\":\"WebPage\",\"@id\":\"https:\/\/demo.perimeter-solutions.com\/de\/karriere-bei-perimeter-solutions\/formulierungschemiker\/\",\"url\":\"https:\/\/demo.perimeter-solutions.com\/de\/karriere-bei-perimeter-solutions\/formulierungschemiker\/\",\"name\":\"Formulierungschemiker - PS Demo site\",\"isPartOf\":{\"@id\":\"https:\/\/demo.perimeter-solutions.com\/de\/#website\"},\"datePublished\":\"2022-03-07T19:25:36+00:00\",\"dateModified\":\"2024-07-23T04:43:51+00:00\",\"breadcrumb\":{\"@id\":\"https:\/\/demo.perimeter-solutions.com\/de\/karriere-bei-perimeter-solutions\/formulierungschemiker\/#breadcrumb\"},\"inLanguage\":\"de\",\"potentialAction\":[{\"@type\":\"ReadAction\",\"target\":[\"https:\/\/demo.perimeter-solutions.com\/de\/karriere-bei-perimeter-solutions\/formulierungschemiker\/\"]}]},{\"@type\":\"BreadcrumbList\",\"@id\":\"https:\/\/demo.perimeter-solutions.com\/de\/karriere-bei-perimeter-solutions\/formulierungschemiker\/#breadcrumb\",\"itemListElement\":[{\"@type\":\"ListItem\",\"position\":1,\"name\":\"Karriere bei Perimeter Solutions\",\"item\":\"https:\/\/demo.perimeter-solutions.com\/de\/karriere-bei-perimeter-solutions\/\"},{\"@type\":\"ListItem\",\"position\":2,\"name\":\"Formulierungschemiker\"}]},{\"@type\":\"WebSite\",\"@id\":\"https:\/\/demo.perimeter-solutions.com\/de\/#website\",\"url\":\"https:\/\/demo.perimeter-solutions.com\/de\/\",\"name\":\"PS Demo site\",\"description\":\"\",\"publisher\":{\"@id\":\"https:\/\/demo.perimeter-solutions.com\/de\/#organization\"},\"potentialAction\":[{\"@type\":\"SearchAction\",\"target\":{\"@type\":\"EntryPoint\",\"urlTemplate\":\"https:\/\/demo.perimeter-solutions.com\/de\/?s={search_term_string}\"},\"query-input\":{\"@type\":\"PropertyValueSpecification\",\"valueRequired\":true,\"valueName\":\"search_term_string\"}}],\"inLanguage\":\"de\"},{\"@type\":\"Organization\",\"@id\":\"https:\/\/demo.perimeter-solutions.com\/de\/#organization\",\"name\":\"Perimeter Solutions\",\"url\":\"https:\/\/demo.perimeter-solutions.com\/de\/\",\"logo\":{\"@type\":\"ImageObject\",\"inLanguage\":\"de\",\"@id\":\"https:\/\/demo.perimeter-solutions.com\/de\/#\/schema\/logo\/image\/\",\"url\":\"https:\/\/demo.perimeter-solutions.com\/wp-content\/uploads\/2021\/02\/perimeter-logo-RGB.png\",\"contentUrl\":\"https:\/\/demo.perimeter-solutions.com\/wp-content\/uploads\/2021\/02\/perimeter-logo-RGB.png\",\"width\":794,\"height\":138,\"caption\":\"Perimeter Solutions\"},\"image\":{\"@id\":\"https:\/\/demo.perimeter-solutions.com\/de\/#\/schema\/logo\/image\/\"}}]}<\/script>\n<!-- \/ Yoast SEO Premium plugin. -->","yoast_head_json":{"title":"Formulierungschemiker - PS Demo site","robots":{"index":"noindex","follow":"follow","max-snippet":"max-snippet:-1","max-image-preview":"max-image-preview:large","max-video-preview":"max-video-preview:-1"},"og_locale":"de_DE","og_type":"article","og_title":"Formulierungschemiker","og_description":"Karriere bei Perimeter Solutions Finanzplanung &amp; Analyse \u2013 Analyst \u00dcberblick \u00fcber das Unternehmen Perimeter Solutions ist ein f\u00fchrender globaler L\u00f6sungsanbieter, der hochwertige Schmiermitteladditive und Feuerl\u00f6schchemikalien herstellt. Wir entwickeln Produkte, die [&hellip;]","og_url":"https:\/\/demo.perimeter-solutions.com\/de\/karriere-bei-perimeter-solutions\/formulierungschemiker\/","og_site_name":"PS Demo site","article_modified_time":"2024-07-23T04:43:51+00:00","twitter_card":"summary_large_image","twitter_misc":{"Gesch\u00e4tzte Lesezeit":"3\u00a0Minuten"},"schema":{"@context":"https:\/\/schema.org","@graph":[{"@type":"WebPage","@id":"https:\/\/demo.perimeter-solutions.com\/de\/karriere-bei-perimeter-solutions\/formulierungschemiker\/","url":"https:\/\/demo.perimeter-solutions.com\/de\/karriere-bei-perimeter-solutions\/formulierungschemiker\/","name":"Formulierungschemiker - PS Demo site","isPartOf":{"@id":"https:\/\/demo.perimeter-solutions.com\/de\/#website"},"datePublished":"2022-03-07T19:25:36+00:00","dateModified":"2024-07-23T04:43:51+00:00","breadcrumb":{"@id":"https:\/\/demo.perimeter-solutions.com\/de\/karriere-bei-perimeter-solutions\/formulierungschemiker\/#breadcrumb"},"inLanguage":"de","potentialAction":[{"@type":"ReadAction","target":["https:\/\/demo.perimeter-solutions.com\/de\/karriere-bei-perimeter-solutions\/formulierungschemiker\/"]}]},{"@type":"BreadcrumbList","@id":"https:\/\/demo.perimeter-solutions.com\/de\/karriere-bei-perimeter-solutions\/formulierungschemiker\/#breadcrumb","itemListElement":[{"@type":"ListItem","position":1,"name":"Karriere bei Perimeter Solutions","item":"https:\/\/demo.perimeter-solutions.com\/de\/karriere-bei-perimeter-solutions\/"},{"@type":"ListItem","position":2,"name":"Formulierungschemiker"}]},{"@type":"WebSite","@id":"https:\/\/demo.perimeter-solutions.com\/de\/#website","url":"https:\/\/demo.perimeter-solutions.com\/de\/","name":"PS Demo site","description":"","publisher":{"@id":"https:\/\/demo.perimeter-solutions.com\/de\/#organization"},"potentialAction":[{"@type":"SearchAction","target":{"@type":"EntryPoint","urlTemplate":"https:\/\/demo.perimeter-solutions.com\/de\/?s={search_term_string}"},"query-input":{"@type":"PropertyValueSpecification","valueRequired":true,"valueName":"search_term_string"}}],"inLanguage":"de"},{"@type":"Organization","@id":"https:\/\/demo.perimeter-solutions.com\/de\/#organization","name":"Perimeter Solutions","url":"https:\/\/demo.perimeter-solutions.com\/de\/","logo":{"@type":"ImageObject","inLanguage":"de","@id":"https:\/\/demo.perimeter-solutions.com\/de\/#\/schema\/logo\/image\/","url":"https:\/\/demo.perimeter-solutions.com\/wp-content\/uploads\/2021\/02\/perimeter-logo-RGB.png","contentUrl":"https:\/\/demo.perimeter-solutions.com\/wp-content\/uploads\/2021\/02\/perimeter-logo-RGB.png","width":794,"height":138,"caption":"Perimeter Solutions"},"image":{"@id":"https:\/\/demo.perimeter-solutions.com\/de\/#\/schema\/logo\/image\/"}}]}},"_links":{"self":[{"href":"https:\/\/demo.perimeter-solutions.com\/de\/wp-json\/wp\/v2\/pages\/42777","targetHints":{"allow":["GET"]}}],"collection":[{"href":"https:\/\/demo.perimeter-solutions.com\/de\/wp-json\/wp\/v2\/pages"}],"about":[{"href":"https:\/\/demo.perimeter-solutions.com\/de\/wp-json\/wp\/v2\/types\/page"}],"author":[{"embeddable":true,"href":"https:\/\/demo.perimeter-solutions.com\/de\/wp-json\/wp\/v2\/users\/3"}],"replies":[{"embeddable":true,"href":"https:\/\/demo.perimeter-solutions.com\/de\/wp-json\/wp\/v2\/comments?post=42777"}],"version-history":[{"count":1,"href":"https:\/\/demo.perimeter-solutions.com\/de\/wp-json\/wp\/v2\/pages\/42777\/revisions"}],"predecessor-version":[{"id":42779,"href":"https:\/\/demo.perimeter-solutions.com\/de\/wp-json\/wp\/v2\/pages\/42777\/revisions\/42779"}],"up":[{"embeddable":true,"href":"https:\/\/demo.perimeter-solutions.com\/de\/wp-json\/wp\/v2\/pages\/42884"}],"wp:attachment":[{"href":"https:\/\/demo.perimeter-solutions.com\/de\/wp-json\/wp\/v2\/media?parent=42777"}],"curies":[{"name":"wp","href":"https:\/\/api.w.org\/{rel}","templated":true}]}}