{"id":48619,"date":"2026-03-16T14:43:05","date_gmt":"2026-03-16T18:43:05","guid":{"rendered":"https:\/\/demo.perimeter-solutions.com\/?page_id=48619"},"modified":"2026-03-16T14:43:06","modified_gmt":"2026-03-16T18:43:06","slug":"finden-sie-einen-vertreter-2","status":"publish","type":"page","link":"https:\/\/demo.perimeter-solutions.com\/de\/finden-sie-einen-vertreter\/finden-sie-einen-vertreter-2\/","title":{"rendered":"Finden Sie einen Vertreter"},"content":{"rendered":"\t\t<div data-elementor-type=\"wp-page\" data-elementor-id=\"48619\" class=\"elementor elementor-48619 elementor-48616\" data-elementor-post-type=\"page\">\n\t\t\t\t\t\t<section class=\"elementor-section elementor-top-section elementor-element elementor-element-a53ddb9 elementor-section-stretched elementor-section-boxed elementor-section-height-default elementor-section-height-default\" data-id=\"a53ddb9\" data-element_type=\"section\" data-e-type=\"section\" data-settings=\"{&quot;stretch_section&quot;:&quot;section-stretched&quot;,&quot;background_background&quot;:&quot;classic&quot;}\">\n\t\t\t\t\t\t<div class=\"elementor-container elementor-column-gap-default\">\n\t\t\t\t\t<div class=\"elementor-column elementor-col-100 elementor-top-column elementor-element elementor-element-8e1337c\" data-id=\"8e1337c\" data-element_type=\"column\" data-e-type=\"column\">\n\t\t\t<div class=\"elementor-widget-wrap elementor-element-populated\">\n\t\t\t\t\t\t<div class=\"elementor-element elementor-element-3fcef61 elementor-widget elementor-widget-heading\" data-id=\"3fcef61\" data-element_type=\"widget\" data-e-type=\"widget\" data-widget_type=\"heading.default\">\n\t\t\t\t<div class=\"elementor-widget-container\">\n\t\t\t\t\t<h1 class=\"elementor-heading-title elementor-size-default\">Finden Sie einen Vertreter<\/h1>\t\t\t\t<\/div>\n\t\t\t\t<\/div>\n\t\t\t\t\t<\/div>\n\t\t<\/div>\n\t\t\t\t\t<\/div>\n\t\t<\/section>\n\t\t\t\t<section class=\"elementor-section elementor-top-section elementor-element elementor-element-e36f22b elementor-section-boxed elementor-section-height-default elementor-section-height-default\" data-id=\"e36f22b\" data-element_type=\"section\" data-e-type=\"section\" data-settings=\"{&quot;background_background&quot;:&quot;classic&quot;}\">\n\t\t\t\t\t\t\t<div class=\"elementor-background-overlay\"><\/div>\n\t\t\t\t\t\t\t<div class=\"elementor-container elementor-column-gap-default\">\n\t\t\t\t\t<div class=\"elementor-column elementor-col-100 elementor-top-column elementor-element elementor-element-9ead739\" data-id=\"9ead739\" data-element_type=\"column\" data-e-type=\"column\">\n\t\t\t<div class=\"elementor-widget-wrap elementor-element-populated\">\n\t\t\t\t\t\t<div class=\"elementor-element elementor-element-32b0c50 elementor-widget elementor-widget-text-editor\" data-id=\"32b0c50\" data-element_type=\"widget\" data-e-type=\"widget\" data-widget_type=\"text-editor.default\">\n\t\t\t\t<div class=\"elementor-widget-container\">\n\t\t\t\t\t\t\t\t\t<p>L\u00f6schschaum<\/p>\t\t\t\t\t\t\t\t<\/div>\n\t\t\t\t<\/div>\n\t\t\t\t<section class=\"elementor-section elementor-inner-section elementor-element elementor-element-0d6fa07 elementor-section-boxed elementor-section-height-default elementor-section-height-default\" data-id=\"0d6fa07\" data-element_type=\"section\" data-e-type=\"section\">\n\t\t\t\t\t\t<div class=\"elementor-container elementor-column-gap-default\">\n\t\t\t\t\t<div class=\"elementor-column elementor-col-33 elementor-inner-column elementor-element elementor-element-2edfe21\" data-id=\"2edfe21\" data-element_type=\"column\" data-e-type=\"column\">\n\t\t\t<div class=\"elementor-widget-wrap elementor-element-populated\">\n\t\t\t\t\t\t<div class=\"elementor-element elementor-element-f767991 elementor-widget elementor-widget-text-editor\" data-id=\"f767991\" data-element_type=\"widget\" data-e-type=\"widget\" data-widget_type=\"text-editor.default\">\n\t\t\t\t<div class=\"elementor-widget-container\">\n\t\t\t\t\t\t\t\t\t<p>VEREINIGTE STAATEN<\/p>\t\t\t\t\t\t\t\t<\/div>\n\t\t\t\t<\/div>\n\t\t\t\t<div class=\"elementor-element elementor-element-14aef5f elementor-widget-divider--view-line elementor-widget elementor-widget-divider\" data-id=\"14aef5f\" data-element_type=\"widget\" data-e-type=\"widget\" data-widget_type=\"divider.default\">\n\t\t\t\t<div class=\"elementor-widget-container\">\n\t\t\t\t\t\t\t<div class=\"elementor-divider\">\n\t\t\t<span class=\"elementor-divider-separator\">\n\t\t\t\t\t\t<\/span>\n\t\t<\/div>\n\t\t\t\t\t\t<\/div>\n\t\t\t\t<\/div>\n\t\t\t\t<div class=\"elementor-element elementor-element-6997882 elementor-widget elementor-widget-text-editor\" data-id=\"6997882\" data-element_type=\"widget\" data-e-type=\"widget\" data-widget_type=\"text-editor.default\">\n\t\t\t\t<div class=\"elementor-widget-container\">\n\t\t\t\t\t\t\t\t\t<p class=\"p1\"><span class=\"s1\">1520 Brookfield Avenue<br>Green Bay, WI 54313<\/span><\/p><p class=\"p1\"><span class=\"s1\"><b>Tel: +1 (920) 593-9445<\/b><\/span><\/p><p class=\"p2\"><a href=\"mailto:salesfoamusa@perimeter-solutions.com\"><span class=\"s1\">salesfoamusa@perimeter-solutions.com<\/span><\/a><\/p>\t\t\t\t\t\t\t\t<\/div>\n\t\t\t\t<\/div>\n\t\t\t\t\t<\/div>\n\t\t<\/div>\n\t\t\t\t<div class=\"elementor-column elementor-col-33 elementor-inner-column elementor-element elementor-element-a1eeb30\" data-id=\"a1eeb30\" data-element_type=\"column\" data-e-type=\"column\">\n\t\t\t<div class=\"elementor-widget-wrap elementor-element-populated\">\n\t\t\t\t\t\t<div class=\"elementor-element elementor-element-8bf3d62 elementor-widget elementor-widget-text-editor\" data-id=\"8bf3d62\" data-element_type=\"widget\" data-e-type=\"widget\" data-widget_type=\"text-editor.default\">\n\t\t\t\t<div class=\"elementor-widget-container\">\n\t\t\t\t\t\t\t\t\t<p class=\"p1\"><span class=\"s1\"><b>EMEA<\/b><\/span><\/p>\t\t\t\t\t\t\t\t<\/div>\n\t\t\t\t<\/div>\n\t\t\t\t<div class=\"elementor-element elementor-element-850cc28 elementor-widget-divider--view-line elementor-widget elementor-widget-divider\" data-id=\"850cc28\" data-element_type=\"widget\" data-e-type=\"widget\" data-widget_type=\"divider.default\">\n\t\t\t\t<div class=\"elementor-widget-container\">\n\t\t\t\t\t\t\t<div class=\"elementor-divider\">\n\t\t\t<span class=\"elementor-divider-separator\">\n\t\t\t\t\t\t<\/span>\n\t\t<\/div>\n\t\t\t\t\t\t<\/div>\n\t\t\t\t<\/div>\n\t\t\t\t<div class=\"elementor-element elementor-element-9affbc9 elementor-widget elementor-widget-text-editor\" data-id=\"9affbc9\" data-element_type=\"widget\" data-e-type=\"widget\" data-widget_type=\"text-editor.default\">\n\t\t\t\t<div class=\"elementor-widget-container\">\n\t\t\t\t\t\t\t\t\t<p class=\"p1\"><span class=\"s1\">Pol\u00edgono Industrial de Bai\u00f1a, Parcela 23<br>33682 Bai\u00f1a-Mieres (Asturien) &#8211; Spanien<\/span><\/p><p class=\"p1\"><span class=\"s1\"><b>Tel: +34 985 24 29 45<\/b><\/span><\/p><p class=\"p2\"><a href=\"mailto:salesfoamemea@perimeter-solutions.com\"><span class=\"s1\">salesfoamemea@perimeter-solutions.com<\/span><\/a><\/p>\t\t\t\t\t\t\t\t<\/div>\n\t\t\t\t<\/div>\n\t\t\t\t\t<\/div>\n\t\t<\/div>\n\t\t\t\t<div class=\"elementor-column elementor-col-33 elementor-inner-column elementor-element elementor-element-3b83996\" data-id=\"3b83996\" data-element_type=\"column\" data-e-type=\"column\">\n\t\t\t<div class=\"elementor-widget-wrap elementor-element-populated\">\n\t\t\t\t\t\t<div class=\"elementor-element elementor-element-a2ba8e8 elementor-widget elementor-widget-text-editor\" data-id=\"a2ba8e8\" data-element_type=\"widget\" data-e-type=\"widget\" data-widget_type=\"text-editor.default\">\n\t\t\t\t<div class=\"elementor-widget-container\">\n\t\t\t\t\t\t\t\t\t<p class=\"p1\"><span class=\"s1\"><b>ASIEN-PAZIFIK<br><\/b><\/span><\/p>\t\t\t\t\t\t\t\t<\/div>\n\t\t\t\t<\/div>\n\t\t\t\t<div class=\"elementor-element elementor-element-7355ed5 elementor-widget-divider--view-line elementor-widget elementor-widget-divider\" data-id=\"7355ed5\" data-element_type=\"widget\" data-e-type=\"widget\" data-widget_type=\"divider.default\">\n\t\t\t\t<div class=\"elementor-widget-container\">\n\t\t\t\t\t\t\t<div class=\"elementor-divider\">\n\t\t\t<span class=\"elementor-divider-separator\">\n\t\t\t\t\t\t<\/span>\n\t\t<\/div>\n\t\t\t\t\t\t<\/div>\n\t\t\t\t<\/div>\n\t\t\t\t<div class=\"elementor-element elementor-element-7730f7f elementor-widget elementor-widget-text-editor\" data-id=\"7730f7f\" data-element_type=\"widget\" data-e-type=\"widget\" data-widget_type=\"text-editor.default\">\n\t\t\t\t<div class=\"elementor-widget-container\">\n\t\t\t\t\t\t\t\t\t<p class=\"p1\"><span class=\"s1\">3 Charles Street<br>St Marys NSW 0276 &#8211; Australien<\/span><\/p><p class=\"p1\"><span class=\"s1\"><b>Tel: +61 2 9673 5300<\/b><\/span><\/p><p class=\"p2\"><a href=\"mailto:salesfoamapac@perimeter-solutions.com\"><span class=\"s1\">salesfoamapac@perimeter-solutions.com<\/span><\/a><\/p>\t\t\t\t\t\t\t\t<\/div>\n\t\t\t\t<\/div>\n\t\t\t\t\t<\/div>\n\t\t<\/div>\n\t\t\t\t\t<\/div>\n\t\t<\/section>\n\t\t\t\t<div class=\"elementor-element elementor-element-03daddf elementor-widget elementor-widget-text-editor\" data-id=\"03daddf\" data-element_type=\"widget\" data-e-type=\"widget\" data-widget_type=\"text-editor.default\">\n\t\t\t\t<div class=\"elementor-widget-container\">\n\t\t\t\t\t\t\t\t\t<p>Langfristig wirkende Hemmstoffe<\/p>\t\t\t\t\t\t\t\t<\/div>\n\t\t\t\t<\/div>\n\t\t\t\t<section class=\"elementor-section elementor-inner-section elementor-element elementor-element-4e22d2c elementor-section-boxed elementor-section-height-default elementor-section-height-default\" data-id=\"4e22d2c\" data-element_type=\"section\" data-e-type=\"section\">\n\t\t\t\t\t\t<div class=\"elementor-container elementor-column-gap-default\">\n\t\t\t\t\t<div class=\"elementor-column elementor-col-33 elementor-inner-column elementor-element elementor-element-5306986\" data-id=\"5306986\" data-element_type=\"column\" data-e-type=\"column\">\n\t\t\t<div class=\"elementor-widget-wrap elementor-element-populated\">\n\t\t\t\t\t\t<div class=\"elementor-element elementor-element-dbce7d8 elementor-widget elementor-widget-text-editor\" data-id=\"dbce7d8\" data-element_type=\"widget\" data-e-type=\"widget\" data-widget_type=\"text-editor.default\">\n\t\t\t\t<div class=\"elementor-widget-container\">\n\t\t\t\t\t\t\t\t\t<p>VEREINIGTE STAATEN<\/p>\t\t\t\t\t\t\t\t<\/div>\n\t\t\t\t<\/div>\n\t\t\t\t<div class=\"elementor-element elementor-element-51f355b elementor-widget-divider--view-line elementor-widget elementor-widget-divider\" data-id=\"51f355b\" data-element_type=\"widget\" data-e-type=\"widget\" data-widget_type=\"divider.default\">\n\t\t\t\t<div class=\"elementor-widget-container\">\n\t\t\t\t\t\t\t<div class=\"elementor-divider\">\n\t\t\t<span class=\"elementor-divider-separator\">\n\t\t\t\t\t\t<\/span>\n\t\t<\/div>\n\t\t\t\t\t\t<\/div>\n\t\t\t\t<\/div>\n\t\t\t\t<div class=\"elementor-element elementor-element-3791477 elementor-widget elementor-widget-text-editor\" data-id=\"3791477\" data-element_type=\"widget\" data-e-type=\"widget\" data-widget_type=\"text-editor.default\">\n\t\t\t\t<div class=\"elementor-widget-container\">\n\t\t\t\t\t\t\t\t\t<p class=\"p1\">10667 Jersey Blvd<br>Rancho Cucamonga, CA 91730<\/p><p class=\"p1\"><span class=\"s1\"><b>Tel: +1 (909) 581-3400<\/b><\/span><\/p><p class=\"p2\"><a href=\"mailto:salesretardantusa@perimeter-solutions.com\"><span class=\"s1\">salesretardantusa@perimeter-solutions.com<\/span><\/a><\/p>\t\t\t\t\t\t\t\t<\/div>\n\t\t\t\t<\/div>\n\t\t\t\t\t<\/div>\n\t\t<\/div>\n\t\t\t\t<div class=\"elementor-column elementor-col-33 elementor-inner-column elementor-element elementor-element-1b4fd4b\" data-id=\"1b4fd4b\" data-element_type=\"column\" data-e-type=\"column\">\n\t\t\t<div class=\"elementor-widget-wrap elementor-element-populated\">\n\t\t\t\t\t\t<div class=\"elementor-element elementor-element-21d5650 elementor-widget elementor-widget-text-editor\" data-id=\"21d5650\" data-element_type=\"widget\" data-e-type=\"widget\" data-widget_type=\"text-editor.default\">\n\t\t\t\t<div class=\"elementor-widget-container\">\n\t\t\t\t\t\t\t\t\t<p>EMEA<\/p>\t\t\t\t\t\t\t\t<\/div>\n\t\t\t\t<\/div>\n\t\t\t\t<div class=\"elementor-element elementor-element-3888b40 elementor-widget-divider--view-line elementor-widget elementor-widget-divider\" data-id=\"3888b40\" data-element_type=\"widget\" data-e-type=\"widget\" data-widget_type=\"divider.default\">\n\t\t\t\t<div class=\"elementor-widget-container\">\n\t\t\t\t\t\t\t<div class=\"elementor-divider\">\n\t\t\t<span class=\"elementor-divider-separator\">\n\t\t\t\t\t\t<\/span>\n\t\t<\/div>\n\t\t\t\t\t\t<\/div>\n\t\t\t\t<\/div>\n\t\t\t\t<div class=\"elementor-element elementor-element-8f3dcb2 elementor-widget elementor-widget-text-editor\" data-id=\"8f3dcb2\" data-element_type=\"widget\" data-e-type=\"widget\" data-widget_type=\"text-editor.default\">\n\t\t\t\t<div class=\"elementor-widget-container\">\n\t\t\t\t\t\t\t\t\t<p>415, rue Louis Armand &#8211; P\u00f4le d&#8217; Activit\u00e9s<br>13290 Aix-en-Provence<br>Cedex 3, Frankreich<\/p><p class=\"p1\"><strong>Tel: +33 (0)4 42 24 45 08<\/strong><\/p><p class=\"p2\"><a href=\"mailto:salesretardantsEMEA@perimeter-solutions.com\"><a href=\"mailto:salesretardantsEMEA@perimeter-solutions.com\">salesretardantsEMEA@perimeter-solutions.com<\/a><\/a><\/p>\t\t\t\t\t\t\t\t<\/div>\n\t\t\t\t<\/div>\n\t\t\t\t\t<\/div>\n\t\t<\/div>\n\t\t\t\t<div class=\"elementor-column elementor-col-33 elementor-inner-column elementor-element elementor-element-7302aa2\" data-id=\"7302aa2\" data-element_type=\"column\" data-e-type=\"column\">\n\t\t\t<div class=\"elementor-widget-wrap elementor-element-populated\">\n\t\t\t\t\t\t<div class=\"elementor-element elementor-element-a9c7113 elementor-widget elementor-widget-text-editor\" data-id=\"a9c7113\" data-element_type=\"widget\" data-e-type=\"widget\" data-widget_type=\"text-editor.default\">\n\t\t\t\t<div class=\"elementor-widget-container\">\n\t\t\t\t\t\t\t\t\t<p>ASIA PACIFIC<\/p>\t\t\t\t\t\t\t\t<\/div>\n\t\t\t\t<\/div>\n\t\t\t\t<div class=\"elementor-element elementor-element-510534e elementor-widget-divider--view-line elementor-widget elementor-widget-divider\" data-id=\"510534e\" data-element_type=\"widget\" data-e-type=\"widget\" data-widget_type=\"divider.default\">\n\t\t\t\t<div class=\"elementor-widget-container\">\n\t\t\t\t\t\t\t<div class=\"elementor-divider\">\n\t\t\t<span class=\"elementor-divider-separator\">\n\t\t\t\t\t\t<\/span>\n\t\t<\/div>\n\t\t\t\t\t\t<\/div>\n\t\t\t\t<\/div>\n\t\t\t\t<div class=\"elementor-element elementor-element-7177864 elementor-widget elementor-widget-text-editor\" data-id=\"7177864\" data-element_type=\"widget\" data-e-type=\"widget\" data-widget_type=\"text-editor.default\">\n\t\t\t\t<div class=\"elementor-widget-container\">\n\t\t\t\t\t\t\t\t\t<p>46 Hudson Crescent\u00a0<br \/>Lavington NSW 2641<br \/>Australia<\/p><p class=\"p1\"><strong>Tel: +61 02 6040 6900<\/strong><\/p><p class=\"x_MsoNormal\"><a title=\"mailto:Retardants.APAC@perimeter-solutions.com\" href=\"mailto:Retardants.APAC@perimeter-solutions.com\" data-linkindex=\"2\" data-ogsc=\"\">Retardants.APAC@perimeter-solutions.com<\/a><\/p>\t\t\t\t\t\t\t\t<\/div>\n\t\t\t\t<\/div>\n\t\t\t\t\t<\/div>\n\t\t<\/div>\n\t\t\t\t\t<\/div>\n\t\t<\/section>\n\t\t\t\t<div class=\"elementor-element elementor-element-fe7c29e elementor-widget elementor-widget-text-editor\" data-id=\"fe7c29e\" data-element_type=\"widget\" data-e-type=\"widget\" data-widget_type=\"text-editor.default\">\n\t\t\t\t<div class=\"elementor-widget-container\">\n\t\t\t\t\t\t\t\t\t<p><a href=\"https:\/\/demo.perimeter-solutions.com\/de\/?page_id=42600\" target=\"_blank\" rel=\"noopener\"><a href=\"https:\/\/demo.perimeter-solutions.com\/de\/?page_id=42600\">Hausbesitzer klicken hier, um einen Dienstanbieter zu finden<\/a><\/a><\/p>\t\t\t\t\t\t\t\t<\/div>\n\t\t\t\t<\/div>\n\t\t\t\t\t<\/div>\n\t\t<\/div>\n\t\t\t\t\t<\/div>\n\t\t<\/section>\n\t\t\t\t<\/div>\n\t\t","protected":false},"excerpt":{"rendered":"<p>Finden Sie einen Vertreter L\u00f6schschaum VEREINIGTE STAATEN 1520 Brookfield AvenueGreen Bay, WI 54313 Tel: +1 (920) 593-9445 salesfoamusa@perimeter-solutions.com EMEA Pol\u00edgono Industrial de Bai\u00f1a, Parcela 2333682 Bai\u00f1a-Mieres (Asturien) &#8211; Spanien Tel: [&hellip;]<\/p>\n","protected":false},"author":3,"featured_media":0,"parent":42865,"menu_order":0,"comment_status":"closed","ping_status":"closed","template":"","meta":{"_acf_changed":false,"footnotes":""},"class_list":["post-48619","page","type-page","status-publish","hentry"],"acf":[],"yoast_head":"<!-- This site is optimized with the Yoast SEO Premium plugin v21.9 (Yoast SEO v23.5) - https:\/\/yoast.com\/wordpress\/plugins\/seo\/ -->\n<title>Finden Sie einen Vertreter - PS Demo site<\/title>\n<meta name=\"robots\" content=\"noindex, follow, max-snippet:-1, max-image-preview:large, max-video-preview:-1\" \/>\n<meta property=\"og:locale\" content=\"de_DE\" \/>\n<meta property=\"og:type\" content=\"article\" \/>\n<meta property=\"og:title\" content=\"Finden Sie einen Vertreter\" \/>\n<meta property=\"og:description\" content=\"Finden Sie einen Vertreter L\u00f6schschaum VEREINIGTE STAATEN 1520 Brookfield AvenueGreen Bay, WI 54313 Tel: +1 (920) 593-9445 salesfoamusa@perimeter-solutions.com EMEA Pol\u00edgono Industrial de Bai\u00f1a, Parcela 2333682 Bai\u00f1a-Mieres (Asturien) &#8211; Spanien Tel: [&hellip;]\" \/>\n<meta property=\"og:url\" content=\"https:\/\/demo.perimeter-solutions.com\/de\/finden-sie-einen-vertreter\/finden-sie-einen-vertreter-2\/\" \/>\n<meta property=\"og:site_name\" content=\"PS Demo site\" \/>\n<meta property=\"article:modified_time\" content=\"2026-03-16T18:43:06+00:00\" \/>\n<meta name=\"twitter:card\" content=\"summary_large_image\" \/>\n<script type=\"application\/ld+json\" class=\"yoast-schema-graph\">{\"@context\":\"https:\/\/schema.org\",\"@graph\":[{\"@type\":\"WebPage\",\"@id\":\"https:\/\/demo.perimeter-solutions.com\/de\/finden-sie-einen-vertreter\/finden-sie-einen-vertreter-2\/\",\"url\":\"https:\/\/demo.perimeter-solutions.com\/de\/finden-sie-einen-vertreter\/finden-sie-einen-vertreter-2\/\",\"name\":\"Finden Sie einen Vertreter - PS Demo site\",\"isPartOf\":{\"@id\":\"https:\/\/demo.perimeter-solutions.com\/de\/#website\"},\"datePublished\":\"2026-03-16T18:43:05+00:00\",\"dateModified\":\"2026-03-16T18:43:06+00:00\",\"inLanguage\":\"de\",\"potentialAction\":[{\"@type\":\"ReadAction\",\"target\":[\"https:\/\/demo.perimeter-solutions.com\/de\/finden-sie-einen-vertreter\/finden-sie-einen-vertreter-2\/\"]}]},{\"@type\":\"WebSite\",\"@id\":\"https:\/\/demo.perimeter-solutions.com\/de\/#website\",\"url\":\"https:\/\/demo.perimeter-solutions.com\/de\/\",\"name\":\"PS Demo site\",\"description\":\"\",\"publisher\":{\"@id\":\"https:\/\/demo.perimeter-solutions.com\/de\/#organization\"},\"potentialAction\":[{\"@type\":\"SearchAction\",\"target\":{\"@type\":\"EntryPoint\",\"urlTemplate\":\"https:\/\/demo.perimeter-solutions.com\/de\/?s={search_term_string}\"},\"query-input\":{\"@type\":\"PropertyValueSpecification\",\"valueRequired\":true,\"valueName\":\"search_term_string\"}}],\"inLanguage\":\"de\"},{\"@type\":\"Organization\",\"@id\":\"https:\/\/demo.perimeter-solutions.com\/de\/#organization\",\"name\":\"Perimeter Solutions\",\"url\":\"https:\/\/demo.perimeter-solutions.com\/de\/\",\"logo\":{\"@type\":\"ImageObject\",\"inLanguage\":\"de\",\"@id\":\"https:\/\/demo.perimeter-solutions.com\/de\/#\/schema\/logo\/image\/\",\"url\":\"https:\/\/demo.perimeter-solutions.com\/wp-content\/uploads\/2021\/02\/perimeter-logo-RGB.png\",\"contentUrl\":\"https:\/\/demo.perimeter-solutions.com\/wp-content\/uploads\/2021\/02\/perimeter-logo-RGB.png\",\"width\":794,\"height\":138,\"caption\":\"Perimeter Solutions\"},\"image\":{\"@id\":\"https:\/\/demo.perimeter-solutions.com\/de\/#\/schema\/logo\/image\/\"}}]}<\/script>\n<!-- \/ Yoast SEO Premium plugin. -->","yoast_head_json":{"title":"Finden Sie einen Vertreter - PS Demo site","robots":{"index":"noindex","follow":"follow","max-snippet":"max-snippet:-1","max-image-preview":"max-image-preview:large","max-video-preview":"max-video-preview:-1"},"og_locale":"de_DE","og_type":"article","og_title":"Finden Sie einen Vertreter","og_description":"Finden Sie einen Vertreter L\u00f6schschaum VEREINIGTE STAATEN 1520 Brookfield AvenueGreen Bay, WI 54313 Tel: +1 (920) 593-9445 salesfoamusa@perimeter-solutions.com EMEA Pol\u00edgono Industrial de Bai\u00f1a, Parcela 2333682 Bai\u00f1a-Mieres (Asturien) &#8211; Spanien Tel: [&hellip;]","og_url":"https:\/\/demo.perimeter-solutions.com\/de\/finden-sie-einen-vertreter\/finden-sie-einen-vertreter-2\/","og_site_name":"PS Demo site","article_modified_time":"2026-03-16T18:43:06+00:00","twitter_card":"summary_large_image","schema":{"@context":"https:\/\/schema.org","@graph":[{"@type":"WebPage","@id":"https:\/\/demo.perimeter-solutions.com\/de\/finden-sie-einen-vertreter\/finden-sie-einen-vertreter-2\/","url":"https:\/\/demo.perimeter-solutions.com\/de\/finden-sie-einen-vertreter\/finden-sie-einen-vertreter-2\/","name":"Finden Sie einen Vertreter - PS Demo site","isPartOf":{"@id":"https:\/\/demo.perimeter-solutions.com\/de\/#website"},"datePublished":"2026-03-16T18:43:05+00:00","dateModified":"2026-03-16T18:43:06+00:00","inLanguage":"de","potentialAction":[{"@type":"ReadAction","target":["https:\/\/demo.perimeter-solutions.com\/de\/finden-sie-einen-vertreter\/finden-sie-einen-vertreter-2\/"]}]},{"@type":"WebSite","@id":"https:\/\/demo.perimeter-solutions.com\/de\/#website","url":"https:\/\/demo.perimeter-solutions.com\/de\/","name":"PS Demo site","description":"","publisher":{"@id":"https:\/\/demo.perimeter-solutions.com\/de\/#organization"},"potentialAction":[{"@type":"SearchAction","target":{"@type":"EntryPoint","urlTemplate":"https:\/\/demo.perimeter-solutions.com\/de\/?s={search_term_string}"},"query-input":{"@type":"PropertyValueSpecification","valueRequired":true,"valueName":"search_term_string"}}],"inLanguage":"de"},{"@type":"Organization","@id":"https:\/\/demo.perimeter-solutions.com\/de\/#organization","name":"Perimeter Solutions","url":"https:\/\/demo.perimeter-solutions.com\/de\/","logo":{"@type":"ImageObject","inLanguage":"de","@id":"https:\/\/demo.perimeter-solutions.com\/de\/#\/schema\/logo\/image\/","url":"https:\/\/demo.perimeter-solutions.com\/wp-content\/uploads\/2021\/02\/perimeter-logo-RGB.png","contentUrl":"https:\/\/demo.perimeter-solutions.com\/wp-content\/uploads\/2021\/02\/perimeter-logo-RGB.png","width":794,"height":138,"caption":"Perimeter Solutions"},"image":{"@id":"https:\/\/demo.perimeter-solutions.com\/de\/#\/schema\/logo\/image\/"}}]}},"_links":{"self":[{"href":"https:\/\/demo.perimeter-solutions.com\/de\/wp-json\/wp\/v2\/pages\/48619","targetHints":{"allow":["GET"]}}],"collection":[{"href":"https:\/\/demo.perimeter-solutions.com\/de\/wp-json\/wp\/v2\/pages"}],"about":[{"href":"https:\/\/demo.perimeter-solutions.com\/de\/wp-json\/wp\/v2\/types\/page"}],"author":[{"embeddable":true,"href":"https:\/\/demo.perimeter-solutions.com\/de\/wp-json\/wp\/v2\/users\/3"}],"replies":[{"embeddable":true,"href":"https:\/\/demo.perimeter-solutions.com\/de\/wp-json\/wp\/v2\/comments?post=48619"}],"version-history":[{"count":1,"href":"https:\/\/demo.perimeter-solutions.com\/de\/wp-json\/wp\/v2\/pages\/48619\/revisions"}],"predecessor-version":[{"id":48620,"href":"https:\/\/demo.perimeter-solutions.com\/de\/wp-json\/wp\/v2\/pages\/48619\/revisions\/48620"}],"up":[{"embeddable":true,"href":"https:\/\/demo.perimeter-solutions.com\/de\/wp-json\/wp\/v2\/pages\/42865"}],"wp:attachment":[{"href":"https:\/\/demo.perimeter-solutions.com\/de\/wp-json\/wp\/v2\/media?parent=48619"}],"curies":[{"name":"wp","href":"https:\/\/api.w.org\/{rel}","templated":true}]}}