{"id":42180,"date":"2024-06-30T11:56:22","date_gmt":"2024-06-30T15:56:22","guid":{"rendered":"https:\/\/demo.perimeter-solutions.com\/product\/auxquimia-aquafilm-exd-20-exd-30\/"},"modified":"2024-08-14T18:43:38","modified_gmt":"2024-08-14T22:43:38","slug":"auxquimia-aquafilm-exd-20-exd-30-2","status":"publish","type":"product","link":"https:\/\/demo.perimeter-solutions.com\/de\/product\/auxquimia-aquafilm-exd-20-exd-30-2\/","title":{"rendered":"AUXQUIMIA AQUAFILM<sup>\u00ae<\/sup> EXD-20\/EXD-30"},"content":{"rendered":"<p><span style=\"color: #000000;\"><strong>AUXQUIMIA AQUAFILM<sup>\u00ae<\/sup> EXD-20<\/strong> und <strong>EXD-30<\/strong> sind wasserhaltige, filmbildende Schaum (AFFF)-Feuerl\u00f6schadditive zur Unterdr\u00fcckung von Kohlenwasserstoffbr\u00e4nden bei niedrigen Temperaturen.<\/span><\/p>\n<p><span style=\"color: #000000;\">Bei der Bek\u00e4mpfung von Kohlenwasserstoffbr\u00e4nden l\u00f6schen sie sehr schnell und bieten eine hervorragende R\u00fcckbrandbest\u00e4ndigkeit. Sie k\u00f6nnen auch f\u00fcr Br\u00e4nde der Klasse F verwendet werden.<\/span><\/p>\n<p><span style=\"color: #000000;\">Sowohl AUXQUIMIA AQUAFILM EXD-20 als auch AUXQUIMIA AQUAFILM EXD-30 enthalten L\u00f6sungsmittel und Salze, um den Gefrierpunkt auf unter -20\u00b0C bzw. -30\u00b0C zu senken.<\/span><\/p>\n","protected":false},"excerpt":{"rendered":"<p>AUXQUIMIA AQUAFILM\u00ae EXD-20 und EXD-30 sind wasserhaltige, filmbildende Schaum (AFFF)-Feuerl\u00f6schadditive zur Unterdr\u00fcckung von Kohlenwasserstoffbr\u00e4nden bei niedrigen Temperaturen. Bei der Bek\u00e4mpfung von Kohlenwasserstoffbr\u00e4nden l\u00f6schen sie sehr schnell und bieten eine hervorragende [&hellip;]<\/p>\n","protected":false},"featured_media":42194,"template":"","meta":{"_acf_changed":false},"product_cat":[192,206],"product_tag":[213],"class_list":{"0":"post-42180","1":"product","2":"type-product","3":"status-publish","4":"has-post-thumbnail","6":"product_cat-fire-extinguisher-agents-de","7":"product_cat-fluorinated-class-b-agents-de","8":"product_tag-auxquimia-de","10":"first","11":"instock","12":"shipping-taxable","13":"purchasable","14":"product-type-simple"},"acf":[],"yoast_head":"<!-- This site is optimized with the Yoast SEO Premium plugin v21.9 (Yoast SEO v23.5) - https:\/\/yoast.com\/wordpress\/plugins\/seo\/ -->\n<title>AUXQUIMIA AQUAFILM\u00ae EXD-20\/EXD-30 - PS Demo site<\/title>\n<meta name=\"description\" content=\"AUXQUIMIA AQUAFILM \u00ae EXD-20 und EXD-30 sind wasserhaltige, filmbildende Schaum (AFFF)-Feuerl\u00f6schadditive zur Unterdr\u00fcckung von Kohlenwasserstoffbr\u00e4nden bei niedrigen Temperaturen.\" \/>\n<meta name=\"robots\" content=\"noindex, follow, max-snippet:-1, max-image-preview:large, max-video-preview:-1\" \/>\n<meta property=\"og:locale\" content=\"de_DE\" \/>\n<meta property=\"og:type\" content=\"article\" \/>\n<meta property=\"og:title\" content=\"AUXQUIMIA AQUAFILM\u00ae EXD-20\/EXD-30\" \/>\n<meta property=\"og:description\" content=\"AUXQUIMIA AQUAFILM \u00ae EXD-20 und EXD-30 sind wasserhaltige, filmbildende Schaum (AFFF)-Feuerl\u00f6schadditive zur Unterdr\u00fcckung von Kohlenwasserstoffbr\u00e4nden bei niedrigen Temperaturen.\" \/>\n<meta property=\"og:url\" content=\"https:\/\/demo.perimeter-solutions.com\/de\/product\/auxquimia-aquafilm-exd-20-exd-30-2\/\" \/>\n<meta property=\"og:site_name\" content=\"PS Demo site\" \/>\n<meta property=\"article:modified_time\" content=\"2024-08-14T22:43:38+00:00\" \/>\n<meta property=\"og:image\" content=\"https:\/\/demo.perimeter-solutions.com\/wp-content\/uploads\/2024\/06\/AUXQUIMIA_AQUAFILM_EX-20-Eng-A4_Page_1.jpg\" \/>\n\t<meta property=\"og:image:width\" content=\"1241\" \/>\n\t<meta property=\"og:image:height\" content=\"1754\" \/>\n\t<meta property=\"og:image:type\" content=\"image\/jpeg\" \/>\n<meta name=\"twitter:card\" content=\"summary_large_image\" \/>\n<meta name=\"twitter:label1\" content=\"Gesch\u00e4tzte Lesezeit\" \/>\n\t<meta name=\"twitter:data1\" content=\"1\u00a0Minute\" \/>\n<script type=\"application\/ld+json\" class=\"yoast-schema-graph\">{\"@context\":\"https:\/\/schema.org\",\"@graph\":[{\"@type\":\"WebPage\",\"@id\":\"https:\/\/demo.perimeter-solutions.com\/de\/product\/auxquimia-aquafilm-exd-20-exd-30-2\/\",\"url\":\"https:\/\/demo.perimeter-solutions.com\/de\/product\/auxquimia-aquafilm-exd-20-exd-30-2\/\",\"name\":\"AUXQUIMIA AQUAFILM\u00ae EXD-20\/EXD-30 - PS Demo site\",\"isPartOf\":{\"@id\":\"https:\/\/demo.perimeter-solutions.com\/de\/#website\"},\"primaryImageOfPage\":{\"@id\":\"https:\/\/demo.perimeter-solutions.com\/de\/product\/auxquimia-aquafilm-exd-20-exd-30-2\/#primaryimage\"},\"image\":{\"@id\":\"https:\/\/demo.perimeter-solutions.com\/de\/product\/auxquimia-aquafilm-exd-20-exd-30-2\/#primaryimage\"},\"thumbnailUrl\":\"https:\/\/demo.perimeter-solutions.com\/wp-content\/uploads\/2024\/06\/AUXQUIMIA_AQUAFILM_EX-20-Eng-A4_Page_1.jpg\",\"datePublished\":\"2024-06-30T15:56:22+00:00\",\"dateModified\":\"2024-08-14T22:43:38+00:00\",\"description\":\"AUXQUIMIA AQUAFILM \u00ae EXD-20 und EXD-30 sind wasserhaltige, filmbildende Schaum (AFFF)-Feuerl\u00f6schadditive zur Unterdr\u00fcckung von Kohlenwasserstoffbr\u00e4nden bei niedrigen Temperaturen.\",\"breadcrumb\":{\"@id\":\"https:\/\/demo.perimeter-solutions.com\/de\/product\/auxquimia-aquafilm-exd-20-exd-30-2\/#breadcrumb\"},\"inLanguage\":\"de\",\"potentialAction\":[{\"@type\":\"ReadAction\",\"target\":[\"https:\/\/demo.perimeter-solutions.com\/de\/product\/auxquimia-aquafilm-exd-20-exd-30-2\/\"]}]},{\"@type\":\"ImageObject\",\"inLanguage\":\"de\",\"@id\":\"https:\/\/demo.perimeter-solutions.com\/de\/product\/auxquimia-aquafilm-exd-20-exd-30-2\/#primaryimage\",\"url\":\"https:\/\/demo.perimeter-solutions.com\/wp-content\/uploads\/2024\/06\/AUXQUIMIA_AQUAFILM_EX-20-Eng-A4_Page_1.jpg\",\"contentUrl\":\"https:\/\/demo.perimeter-solutions.com\/wp-content\/uploads\/2024\/06\/AUXQUIMIA_AQUAFILM_EX-20-Eng-A4_Page_1.jpg\",\"width\":1241,\"height\":1754},{\"@type\":\"BreadcrumbList\",\"@id\":\"https:\/\/demo.perimeter-solutions.com\/de\/product\/auxquimia-aquafilm-exd-20-exd-30-2\/#breadcrumb\",\"itemListElement\":[{\"@type\":\"ListItem\",\"position\":1,\"name\":\"Produktkatalog\",\"item\":\"https:\/\/demo.perimeter-solutions.com\/de\/produktkatalog\/\"},{\"@type\":\"ListItem\",\"position\":2,\"name\":\"AUXQUIMIA AQUAFILM\u00ae EXD-20\/EXD-30\"}]},{\"@type\":\"WebSite\",\"@id\":\"https:\/\/demo.perimeter-solutions.com\/de\/#website\",\"url\":\"https:\/\/demo.perimeter-solutions.com\/de\/\",\"name\":\"PS Demo site\",\"description\":\"\",\"publisher\":{\"@id\":\"https:\/\/demo.perimeter-solutions.com\/de\/#organization\"},\"potentialAction\":[{\"@type\":\"SearchAction\",\"target\":{\"@type\":\"EntryPoint\",\"urlTemplate\":\"https:\/\/demo.perimeter-solutions.com\/de\/?s={search_term_string}\"},\"query-input\":{\"@type\":\"PropertyValueSpecification\",\"valueRequired\":true,\"valueName\":\"search_term_string\"}}],\"inLanguage\":\"de\"},{\"@type\":\"Organization\",\"@id\":\"https:\/\/demo.perimeter-solutions.com\/de\/#organization\",\"name\":\"Perimeter Solutions\",\"url\":\"https:\/\/demo.perimeter-solutions.com\/de\/\",\"logo\":{\"@type\":\"ImageObject\",\"inLanguage\":\"de\",\"@id\":\"https:\/\/demo.perimeter-solutions.com\/de\/#\/schema\/logo\/image\/\",\"url\":\"https:\/\/demo.perimeter-solutions.com\/wp-content\/uploads\/2021\/02\/perimeter-logo-RGB.png\",\"contentUrl\":\"https:\/\/demo.perimeter-solutions.com\/wp-content\/uploads\/2021\/02\/perimeter-logo-RGB.png\",\"width\":794,\"height\":138,\"caption\":\"Perimeter Solutions\"},\"image\":{\"@id\":\"https:\/\/demo.perimeter-solutions.com\/de\/#\/schema\/logo\/image\/\"}}]}<\/script>\n<!-- \/ Yoast SEO Premium plugin. -->","yoast_head_json":{"title":"AUXQUIMIA AQUAFILM\u00ae EXD-20\/EXD-30 - PS Demo site","description":"AUXQUIMIA AQUAFILM \u00ae EXD-20 und EXD-30 sind wasserhaltige, filmbildende Schaum (AFFF)-Feuerl\u00f6schadditive zur Unterdr\u00fcckung von Kohlenwasserstoffbr\u00e4nden bei niedrigen Temperaturen.","robots":{"index":"noindex","follow":"follow","max-snippet":"max-snippet:-1","max-image-preview":"max-image-preview:large","max-video-preview":"max-video-preview:-1"},"og_locale":"de_DE","og_type":"article","og_title":"AUXQUIMIA AQUAFILM\u00ae EXD-20\/EXD-30","og_description":"AUXQUIMIA AQUAFILM \u00ae EXD-20 und EXD-30 sind wasserhaltige, filmbildende Schaum (AFFF)-Feuerl\u00f6schadditive zur Unterdr\u00fcckung von Kohlenwasserstoffbr\u00e4nden bei niedrigen Temperaturen.","og_url":"https:\/\/demo.perimeter-solutions.com\/de\/product\/auxquimia-aquafilm-exd-20-exd-30-2\/","og_site_name":"PS Demo site","article_modified_time":"2024-08-14T22:43:38+00:00","og_image":[{"width":1241,"height":1754,"url":"https:\/\/demo.perimeter-solutions.com\/wp-content\/uploads\/2024\/06\/AUXQUIMIA_AQUAFILM_EX-20-Eng-A4_Page_1.jpg","type":"image\/jpeg"}],"twitter_card":"summary_large_image","twitter_misc":{"Gesch\u00e4tzte Lesezeit":"1\u00a0Minute"},"schema":{"@context":"https:\/\/schema.org","@graph":[{"@type":"WebPage","@id":"https:\/\/demo.perimeter-solutions.com\/de\/product\/auxquimia-aquafilm-exd-20-exd-30-2\/","url":"https:\/\/demo.perimeter-solutions.com\/de\/product\/auxquimia-aquafilm-exd-20-exd-30-2\/","name":"AUXQUIMIA AQUAFILM\u00ae EXD-20\/EXD-30 - PS Demo site","isPartOf":{"@id":"https:\/\/demo.perimeter-solutions.com\/de\/#website"},"primaryImageOfPage":{"@id":"https:\/\/demo.perimeter-solutions.com\/de\/product\/auxquimia-aquafilm-exd-20-exd-30-2\/#primaryimage"},"image":{"@id":"https:\/\/demo.perimeter-solutions.com\/de\/product\/auxquimia-aquafilm-exd-20-exd-30-2\/#primaryimage"},"thumbnailUrl":"https:\/\/demo.perimeter-solutions.com\/wp-content\/uploads\/2024\/06\/AUXQUIMIA_AQUAFILM_EX-20-Eng-A4_Page_1.jpg","datePublished":"2024-06-30T15:56:22+00:00","dateModified":"2024-08-14T22:43:38+00:00","description":"AUXQUIMIA AQUAFILM \u00ae EXD-20 und EXD-30 sind wasserhaltige, filmbildende Schaum (AFFF)-Feuerl\u00f6schadditive zur Unterdr\u00fcckung von Kohlenwasserstoffbr\u00e4nden bei niedrigen Temperaturen.","breadcrumb":{"@id":"https:\/\/demo.perimeter-solutions.com\/de\/product\/auxquimia-aquafilm-exd-20-exd-30-2\/#breadcrumb"},"inLanguage":"de","potentialAction":[{"@type":"ReadAction","target":["https:\/\/demo.perimeter-solutions.com\/de\/product\/auxquimia-aquafilm-exd-20-exd-30-2\/"]}]},{"@type":"ImageObject","inLanguage":"de","@id":"https:\/\/demo.perimeter-solutions.com\/de\/product\/auxquimia-aquafilm-exd-20-exd-30-2\/#primaryimage","url":"https:\/\/demo.perimeter-solutions.com\/wp-content\/uploads\/2024\/06\/AUXQUIMIA_AQUAFILM_EX-20-Eng-A4_Page_1.jpg","contentUrl":"https:\/\/demo.perimeter-solutions.com\/wp-content\/uploads\/2024\/06\/AUXQUIMIA_AQUAFILM_EX-20-Eng-A4_Page_1.jpg","width":1241,"height":1754},{"@type":"BreadcrumbList","@id":"https:\/\/demo.perimeter-solutions.com\/de\/product\/auxquimia-aquafilm-exd-20-exd-30-2\/#breadcrumb","itemListElement":[{"@type":"ListItem","position":1,"name":"Produktkatalog","item":"https:\/\/demo.perimeter-solutions.com\/de\/produktkatalog\/"},{"@type":"ListItem","position":2,"name":"AUXQUIMIA AQUAFILM\u00ae EXD-20\/EXD-30"}]},{"@type":"WebSite","@id":"https:\/\/demo.perimeter-solutions.com\/de\/#website","url":"https:\/\/demo.perimeter-solutions.com\/de\/","name":"PS Demo site","description":"","publisher":{"@id":"https:\/\/demo.perimeter-solutions.com\/de\/#organization"},"potentialAction":[{"@type":"SearchAction","target":{"@type":"EntryPoint","urlTemplate":"https:\/\/demo.perimeter-solutions.com\/de\/?s={search_term_string}"},"query-input":{"@type":"PropertyValueSpecification","valueRequired":true,"valueName":"search_term_string"}}],"inLanguage":"de"},{"@type":"Organization","@id":"https:\/\/demo.perimeter-solutions.com\/de\/#organization","name":"Perimeter Solutions","url":"https:\/\/demo.perimeter-solutions.com\/de\/","logo":{"@type":"ImageObject","inLanguage":"de","@id":"https:\/\/demo.perimeter-solutions.com\/de\/#\/schema\/logo\/image\/","url":"https:\/\/demo.perimeter-solutions.com\/wp-content\/uploads\/2021\/02\/perimeter-logo-RGB.png","contentUrl":"https:\/\/demo.perimeter-solutions.com\/wp-content\/uploads\/2021\/02\/perimeter-logo-RGB.png","width":794,"height":138,"caption":"Perimeter Solutions"},"image":{"@id":"https:\/\/demo.perimeter-solutions.com\/de\/#\/schema\/logo\/image\/"}}]}},"_links":{"self":[{"href":"https:\/\/demo.perimeter-solutions.com\/de\/wp-json\/wp\/v2\/product\/42180","targetHints":{"allow":["GET"]}}],"collection":[{"href":"https:\/\/demo.perimeter-solutions.com\/de\/wp-json\/wp\/v2\/product"}],"about":[{"href":"https:\/\/demo.perimeter-solutions.com\/de\/wp-json\/wp\/v2\/types\/product"}],"wp:featuredmedia":[{"embeddable":true,"href":"https:\/\/demo.perimeter-solutions.com\/de\/wp-json\/wp\/v2\/media\/42194"}],"wp:attachment":[{"href":"https:\/\/demo.perimeter-solutions.com\/de\/wp-json\/wp\/v2\/media?parent=42180"}],"wp:term":[{"taxonomy":"product_cat","embeddable":true,"href":"https:\/\/demo.perimeter-solutions.com\/de\/wp-json\/wp\/v2\/product_cat?post=42180"},{"taxonomy":"product_tag","embeddable":true,"href":"https:\/\/demo.perimeter-solutions.com\/de\/wp-json\/wp\/v2\/product_tag?post=42180"}],"curies":[{"name":"wp","href":"https:\/\/api.w.org\/{rel}","templated":true}]}}