{"id":42201,"date":"2024-06-28T14:54:20","date_gmt":"2024-06-28T18:54:20","guid":{"rendered":"https:\/\/demo.perimeter-solutions.com\/product\/solberg-versagard-as-100\/"},"modified":"2024-08-14T16:16:56","modified_gmt":"2024-08-14T20:16:56","slug":"solberg-versagard-as-100","status":"publish","type":"product","link":"https:\/\/demo.perimeter-solutions.com\/de\/product\/solberg-versagard-as-100\/","title":{"rendered":"SOLBERG<sup>\u00ae<\/sup> VERSAGARD\u2122 AS-100"},"content":{"rendered":"<div><strong>SOLBERG<sup>\u00ae<\/sup> VERSAGARD\u2122 AS-100<\/strong> Mehrzweck-Schaummittelkonzentrat 3\u00d73 ohne Fluor ist eine alkoholbest\u00e4ndige, hochmoderne pseudoplastische Schaumtechnologie ohne absichtlich zugesetzte PFAS-Chemikalien, die zum L\u00f6schen und Sichern sowohl von Br\u00e4nden der Klasse B (Kohlenwasserstoffkraftstoff und polarer L\u00f6sungsmittelkraftstoff) als auch von tiefsitzenden Br\u00e4nden der Klasse A entwickelt wurde. Dieses biologisch abbaubare und nicht persistente fluorfreie Schaumkonzentrat ist eine Kombination aus Kohlenwasserstoff-Tensiden und Additiven, die ausgezeichnete Schaum-, Dampfabdichtungs-, L\u00f6sch- und R\u00fcckbrandeigenschaften f\u00fcr den Angriff und die Sicherung von Flach- und Brennstoffbr\u00e4nden mit Frisch-, See- oder Brackwasser bieten. Wasser. Einige fluorfreie Sch\u00e4ume sind viskos und zeigen bei Kontakt mit Wasser h\u00e4ufig einen Viskosit\u00e4tsanstieg. SOLBERG VERSAGARD AS-100 erzeugt sehr stabile Sch\u00e4ume mit \u00e4hnlicher Viskosit\u00e4t wie herk\u00f6mmliche AR-AFFF-Sch\u00e4ume. Dadurch werden Lagerung, Handhabung und Langzeitstabilit\u00e4t deutlich verbessert. SOLBERG VERSAGARD AS-100 enth\u00e4lt keine Siloxane. <strong>Ein breites Anwendungsspektrum<\/strong> SOLBERG VERSAGARD AS-100 wurde entwickelt, um stabile Sch\u00e4ume mit hoher Flie\u00dff\u00e4higkeit und langsamer Entw\u00e4sserung zu erzeugen. Diese neuartige Technologie erm\u00f6glicht SOLBERG VERSAGARD eine \u00e4hnliche Leistung wie fluorierte Produkte. Es kann mit Ger\u00e4ten mit schwacher Schaumbildung (D\u00fcsen und Monitore) und Ger\u00e4ten zur Abgabe von mittel- und hochexpandiertem Schaum verwendet werden, um Br\u00e4nde zu bek\u00e4mpfen, bei denen Kohlenwasserstoffbr\u00e4nde der Klasse B und Br\u00e4nde mit polaren L\u00f6sungsmitteln auftreten. Es ist vollst\u00e4ndig kompatibel und leicht zu dosieren mit Standard-Feuerl\u00f6schausr\u00fcstung, einschlie\u00dflich In-Line-Induktoren, selbsteinleitenden D\u00fcsen, Feuerwehrautopumpen, Blasentanks, Pumpenskids, Ausgleichsdrucksystemen und mehr. Zus\u00e4tzlich zu seiner ausgezeichneten Schaum- und Blasenstabilit\u00e4t verf\u00fcgt SOLBERG VERSAGARD AS-100 \u00fcber ein hervorragendes Benetzungsverm\u00f6gen, was es auch zu einem effektiven Hilfsmittel bei der L\u00f6schung von Kraftstoffbr\u00e4nden der Klasse A macht.<\/div>\n<div><\/div>\n<div><strong>ZERTIFIZIERUNGEN: <\/strong>Europ\u00e4ische Norm EN-1568:2018 Teil 3 &amp; 4 f\u00fcr alle Kraftstoffe mit S\u00fc\u00df- und Seewasser (IA\/IA &#8211; IA\/IA); Europ\u00e4ische Norm EN-1568:2018 Teil 1 &amp; 2 &#8211; f\u00fcr die Verwendung mit Mittel- und Schwerschauml\u00f6schger\u00e4ten; Zertifizierung der International Maritime Organization MSC.1\/Circ. 1312; LASTFIRE (Gut\/Gut\/Gut) mit 3 D\u00fcsen (Semi, Asp, System); ICAO Level B, <span lang=\"EN-AU\">UL162<\/span><span lang=\"EN-AU\"> Listed<\/span>.<\/div>\n<h4>Verf\u00fcgbare Optionen<\/h4>\n","protected":false},"excerpt":{"rendered":"<h1 class=\"elementor-heading-title elementor-size-default\">MULTI-PURPOSE 3&#215;3 FLUORINE-FREE FOAM CONCENTRATE<\/h1>\n","protected":false},"featured_media":42204,"template":"","meta":{"_acf_changed":false},"product_cat":[198,187],"product_tag":[221,225,229,231,251,233,218,245,234,249,247,241,243],"class_list":{"0":"post-42201","1":"product","2":"type-product","3":"status-publish","4":"has-post-thumbnail","6":"product_cat-class-b-fluorine-free-de","7":"product_cat-class-b-de","8":"product_tag-en-1568-de","9":"product_tag-gesip-de","10":"product_tag-icao-de","11":"product_tag-industriell","12":"product_tag-kommunal","13":"product_tag-lastfire-de","14":"product_tag-luftfahrt","15":"product_tag-marine-de","16":"product_tag-med-imo-de","17":"product_tag-militar-dod","18":"product_tag-ol-und-gas","19":"product_tag-solberg-de","20":"product_tag-ul-162","22":"first","23":"instock","24":"shipping-taxable","25":"purchasable","26":"product-type-simple"},"acf":[],"yoast_head":"<!-- This site is optimized with the Yoast SEO Premium plugin v21.9 (Yoast SEO v23.5) - https:\/\/yoast.com\/wordpress\/plugins\/seo\/ -->\n<title>SOLBERG\u00ae VERSAGARD\u2122 AS-100 - PS Demo site<\/title>\n<meta name=\"description\" content=\"SOLBERG\u00ae VERSAGARD\u2122 AS-100 Mehrzweck-Schaummittelkonzentrat 3\u00d73 ohne Fluor ist eine alkoholbest\u00e4ndige, hochmoderne pseudoplastische Schaumtechnologie ohne absichtlich zugesetzte PFAS-Chemikalien, die zum L\u00f6schen und Sichern sowohl von Br\u00e4nden der Klasse B (Kohlenwasserstoffkraftstoff und polarer L\u00f6sungsmittelkraftstoff) als auch von tiefsitzenden Br\u00e4nden der Klasse A entwickelt wurde.\" \/>\n<meta name=\"robots\" content=\"noindex, follow, max-snippet:-1, max-image-preview:large, max-video-preview:-1\" \/>\n<meta property=\"og:locale\" content=\"de_DE\" \/>\n<meta property=\"og:type\" content=\"article\" \/>\n<meta property=\"og:title\" content=\"SOLBERG\u00ae VERSAGARD\u2122 AS-100\" \/>\n<meta property=\"og:description\" content=\"SOLBERG\u00ae VERSAGARD\u2122 AS-100 Mehrzweck-Schaummittelkonzentrat 3\u00d73 ohne Fluor ist eine alkoholbest\u00e4ndige, hochmoderne pseudoplastische Schaumtechnologie ohne absichtlich zugesetzte PFAS-Chemikalien, die zum L\u00f6schen und Sichern sowohl von Br\u00e4nden der Klasse B (Kohlenwasserstoffkraftstoff und polarer L\u00f6sungsmittelkraftstoff) als auch von tiefsitzenden Br\u00e4nden der Klasse A entwickelt wurde.\" \/>\n<meta property=\"og:url\" content=\"https:\/\/demo.perimeter-solutions.com\/de\/product\/solberg-versagard-as-100\/\" \/>\n<meta property=\"og:site_name\" content=\"PS Demo site\" \/>\n<meta property=\"article:modified_time\" content=\"2024-08-14T20:16:56+00:00\" \/>\n<meta name=\"twitter:card\" content=\"summary_large_image\" \/>\n<meta name=\"twitter:label1\" content=\"Gesch\u00e4tzte Lesezeit\" \/>\n\t<meta name=\"twitter:data1\" content=\"2\u00a0Minuten\" \/>\n<script type=\"application\/ld+json\" class=\"yoast-schema-graph\">{\"@context\":\"https:\/\/schema.org\",\"@graph\":[{\"@type\":\"WebPage\",\"@id\":\"https:\/\/demo.perimeter-solutions.com\/de\/product\/solberg-versagard-as-100\/\",\"url\":\"https:\/\/demo.perimeter-solutions.com\/de\/product\/solberg-versagard-as-100\/\",\"name\":\"SOLBERG\u00ae VERSAGARD\u2122 AS-100 - PS Demo site\",\"isPartOf\":{\"@id\":\"https:\/\/demo.perimeter-solutions.com\/de\/#website\"},\"primaryImageOfPage\":{\"@id\":\"https:\/\/demo.perimeter-solutions.com\/de\/product\/solberg-versagard-as-100\/#primaryimage\"},\"image\":{\"@id\":\"https:\/\/demo.perimeter-solutions.com\/de\/product\/solberg-versagard-as-100\/#primaryimage\"},\"thumbnailUrl\":\"https:\/\/demo.perimeter-solutions.com\/wp-content\/uploads\/2024\/06\/PERI9969-VERSAGARD-AS-100-UL-approved-datasheet-a4-v6.3-pdf.jpg\",\"datePublished\":\"2024-06-28T18:54:20+00:00\",\"dateModified\":\"2024-08-14T20:16:56+00:00\",\"description\":\"SOLBERG\u00ae VERSAGARD\u2122 AS-100 Mehrzweck-Schaummittelkonzentrat 3\u00d73 ohne Fluor ist eine alkoholbest\u00e4ndige, hochmoderne pseudoplastische Schaumtechnologie ohne absichtlich zugesetzte PFAS-Chemikalien, die zum L\u00f6schen und Sichern sowohl von Br\u00e4nden der Klasse B (Kohlenwasserstoffkraftstoff und polarer L\u00f6sungsmittelkraftstoff) als auch von tiefsitzenden Br\u00e4nden der Klasse A entwickelt wurde.\",\"breadcrumb\":{\"@id\":\"https:\/\/demo.perimeter-solutions.com\/de\/product\/solberg-versagard-as-100\/#breadcrumb\"},\"inLanguage\":\"de\",\"potentialAction\":[{\"@type\":\"ReadAction\",\"target\":[\"https:\/\/demo.perimeter-solutions.com\/de\/product\/solberg-versagard-as-100\/\"]}]},{\"@type\":\"ImageObject\",\"inLanguage\":\"de\",\"@id\":\"https:\/\/demo.perimeter-solutions.com\/de\/product\/solberg-versagard-as-100\/#primaryimage\",\"url\":\"https:\/\/demo.perimeter-solutions.com\/wp-content\/uploads\/2024\/06\/PERI9969-VERSAGARD-AS-100-UL-approved-datasheet-a4-v6.3-pdf.jpg\",\"contentUrl\":\"https:\/\/demo.perimeter-solutions.com\/wp-content\/uploads\/2024\/06\/PERI9969-VERSAGARD-AS-100-UL-approved-datasheet-a4-v6.3-pdf.jpg\"},{\"@type\":\"BreadcrumbList\",\"@id\":\"https:\/\/demo.perimeter-solutions.com\/de\/product\/solberg-versagard-as-100\/#breadcrumb\",\"itemListElement\":[{\"@type\":\"ListItem\",\"position\":1,\"name\":\"Produktkatalog\",\"item\":\"https:\/\/demo.perimeter-solutions.com\/de\/produktkatalog\/\"},{\"@type\":\"ListItem\",\"position\":2,\"name\":\"SOLBERG\u00ae VERSAGARD\u2122 AS-100\"}]},{\"@type\":\"WebSite\",\"@id\":\"https:\/\/demo.perimeter-solutions.com\/de\/#website\",\"url\":\"https:\/\/demo.perimeter-solutions.com\/de\/\",\"name\":\"PS Demo site\",\"description\":\"\",\"publisher\":{\"@id\":\"https:\/\/demo.perimeter-solutions.com\/de\/#organization\"},\"potentialAction\":[{\"@type\":\"SearchAction\",\"target\":{\"@type\":\"EntryPoint\",\"urlTemplate\":\"https:\/\/demo.perimeter-solutions.com\/de\/?s={search_term_string}\"},\"query-input\":{\"@type\":\"PropertyValueSpecification\",\"valueRequired\":true,\"valueName\":\"search_term_string\"}}],\"inLanguage\":\"de\"},{\"@type\":\"Organization\",\"@id\":\"https:\/\/demo.perimeter-solutions.com\/de\/#organization\",\"name\":\"Perimeter Solutions\",\"url\":\"https:\/\/demo.perimeter-solutions.com\/de\/\",\"logo\":{\"@type\":\"ImageObject\",\"inLanguage\":\"de\",\"@id\":\"https:\/\/demo.perimeter-solutions.com\/de\/#\/schema\/logo\/image\/\",\"url\":\"https:\/\/demo.perimeter-solutions.com\/wp-content\/uploads\/2021\/02\/perimeter-logo-RGB.png\",\"contentUrl\":\"https:\/\/demo.perimeter-solutions.com\/wp-content\/uploads\/2021\/02\/perimeter-logo-RGB.png\",\"width\":794,\"height\":138,\"caption\":\"Perimeter Solutions\"},\"image\":{\"@id\":\"https:\/\/demo.perimeter-solutions.com\/de\/#\/schema\/logo\/image\/\"}}]}<\/script>\n<!-- \/ Yoast SEO Premium plugin. -->","yoast_head_json":{"title":"SOLBERG\u00ae VERSAGARD\u2122 AS-100 - PS Demo site","description":"SOLBERG\u00ae VERSAGARD\u2122 AS-100 Mehrzweck-Schaummittelkonzentrat 3\u00d73 ohne Fluor ist eine alkoholbest\u00e4ndige, hochmoderne pseudoplastische Schaumtechnologie ohne absichtlich zugesetzte PFAS-Chemikalien, die zum L\u00f6schen und Sichern sowohl von Br\u00e4nden der Klasse B (Kohlenwasserstoffkraftstoff und polarer L\u00f6sungsmittelkraftstoff) als auch von tiefsitzenden Br\u00e4nden der Klasse A entwickelt wurde.","robots":{"index":"noindex","follow":"follow","max-snippet":"max-snippet:-1","max-image-preview":"max-image-preview:large","max-video-preview":"max-video-preview:-1"},"og_locale":"de_DE","og_type":"article","og_title":"SOLBERG\u00ae VERSAGARD\u2122 AS-100","og_description":"SOLBERG\u00ae VERSAGARD\u2122 AS-100 Mehrzweck-Schaummittelkonzentrat 3\u00d73 ohne Fluor ist eine alkoholbest\u00e4ndige, hochmoderne pseudoplastische Schaumtechnologie ohne absichtlich zugesetzte PFAS-Chemikalien, die zum L\u00f6schen und Sichern sowohl von Br\u00e4nden der Klasse B (Kohlenwasserstoffkraftstoff und polarer L\u00f6sungsmittelkraftstoff) als auch von tiefsitzenden Br\u00e4nden der Klasse A entwickelt wurde.","og_url":"https:\/\/demo.perimeter-solutions.com\/de\/product\/solberg-versagard-as-100\/","og_site_name":"PS Demo site","article_modified_time":"2024-08-14T20:16:56+00:00","twitter_card":"summary_large_image","twitter_misc":{"Gesch\u00e4tzte Lesezeit":"2\u00a0Minuten"},"schema":{"@context":"https:\/\/schema.org","@graph":[{"@type":"WebPage","@id":"https:\/\/demo.perimeter-solutions.com\/de\/product\/solberg-versagard-as-100\/","url":"https:\/\/demo.perimeter-solutions.com\/de\/product\/solberg-versagard-as-100\/","name":"SOLBERG\u00ae VERSAGARD\u2122 AS-100 - PS Demo site","isPartOf":{"@id":"https:\/\/demo.perimeter-solutions.com\/de\/#website"},"primaryImageOfPage":{"@id":"https:\/\/demo.perimeter-solutions.com\/de\/product\/solberg-versagard-as-100\/#primaryimage"},"image":{"@id":"https:\/\/demo.perimeter-solutions.com\/de\/product\/solberg-versagard-as-100\/#primaryimage"},"thumbnailUrl":"https:\/\/demo.perimeter-solutions.com\/wp-content\/uploads\/2024\/06\/PERI9969-VERSAGARD-AS-100-UL-approved-datasheet-a4-v6.3-pdf.jpg","datePublished":"2024-06-28T18:54:20+00:00","dateModified":"2024-08-14T20:16:56+00:00","description":"SOLBERG\u00ae VERSAGARD\u2122 AS-100 Mehrzweck-Schaummittelkonzentrat 3\u00d73 ohne Fluor ist eine alkoholbest\u00e4ndige, hochmoderne pseudoplastische Schaumtechnologie ohne absichtlich zugesetzte PFAS-Chemikalien, die zum L\u00f6schen und Sichern sowohl von Br\u00e4nden der Klasse B (Kohlenwasserstoffkraftstoff und polarer L\u00f6sungsmittelkraftstoff) als auch von tiefsitzenden Br\u00e4nden der Klasse A entwickelt wurde.","breadcrumb":{"@id":"https:\/\/demo.perimeter-solutions.com\/de\/product\/solberg-versagard-as-100\/#breadcrumb"},"inLanguage":"de","potentialAction":[{"@type":"ReadAction","target":["https:\/\/demo.perimeter-solutions.com\/de\/product\/solberg-versagard-as-100\/"]}]},{"@type":"ImageObject","inLanguage":"de","@id":"https:\/\/demo.perimeter-solutions.com\/de\/product\/solberg-versagard-as-100\/#primaryimage","url":"https:\/\/demo.perimeter-solutions.com\/wp-content\/uploads\/2024\/06\/PERI9969-VERSAGARD-AS-100-UL-approved-datasheet-a4-v6.3-pdf.jpg","contentUrl":"https:\/\/demo.perimeter-solutions.com\/wp-content\/uploads\/2024\/06\/PERI9969-VERSAGARD-AS-100-UL-approved-datasheet-a4-v6.3-pdf.jpg"},{"@type":"BreadcrumbList","@id":"https:\/\/demo.perimeter-solutions.com\/de\/product\/solberg-versagard-as-100\/#breadcrumb","itemListElement":[{"@type":"ListItem","position":1,"name":"Produktkatalog","item":"https:\/\/demo.perimeter-solutions.com\/de\/produktkatalog\/"},{"@type":"ListItem","position":2,"name":"SOLBERG\u00ae VERSAGARD\u2122 AS-100"}]},{"@type":"WebSite","@id":"https:\/\/demo.perimeter-solutions.com\/de\/#website","url":"https:\/\/demo.perimeter-solutions.com\/de\/","name":"PS Demo site","description":"","publisher":{"@id":"https:\/\/demo.perimeter-solutions.com\/de\/#organization"},"potentialAction":[{"@type":"SearchAction","target":{"@type":"EntryPoint","urlTemplate":"https:\/\/demo.perimeter-solutions.com\/de\/?s={search_term_string}"},"query-input":{"@type":"PropertyValueSpecification","valueRequired":true,"valueName":"search_term_string"}}],"inLanguage":"de"},{"@type":"Organization","@id":"https:\/\/demo.perimeter-solutions.com\/de\/#organization","name":"Perimeter Solutions","url":"https:\/\/demo.perimeter-solutions.com\/de\/","logo":{"@type":"ImageObject","inLanguage":"de","@id":"https:\/\/demo.perimeter-solutions.com\/de\/#\/schema\/logo\/image\/","url":"https:\/\/demo.perimeter-solutions.com\/wp-content\/uploads\/2021\/02\/perimeter-logo-RGB.png","contentUrl":"https:\/\/demo.perimeter-solutions.com\/wp-content\/uploads\/2021\/02\/perimeter-logo-RGB.png","width":794,"height":138,"caption":"Perimeter Solutions"},"image":{"@id":"https:\/\/demo.perimeter-solutions.com\/de\/#\/schema\/logo\/image\/"}}]}},"_links":{"self":[{"href":"https:\/\/demo.perimeter-solutions.com\/de\/wp-json\/wp\/v2\/product\/42201","targetHints":{"allow":["GET"]}}],"collection":[{"href":"https:\/\/demo.perimeter-solutions.com\/de\/wp-json\/wp\/v2\/product"}],"about":[{"href":"https:\/\/demo.perimeter-solutions.com\/de\/wp-json\/wp\/v2\/types\/product"}],"wp:featuredmedia":[{"embeddable":true,"href":"https:\/\/demo.perimeter-solutions.com\/de\/wp-json\/wp\/v2\/media\/42204"}],"wp:attachment":[{"href":"https:\/\/demo.perimeter-solutions.com\/de\/wp-json\/wp\/v2\/media?parent=42201"}],"wp:term":[{"taxonomy":"product_cat","embeddable":true,"href":"https:\/\/demo.perimeter-solutions.com\/de\/wp-json\/wp\/v2\/product_cat?post=42201"},{"taxonomy":"product_tag","embeddable":true,"href":"https:\/\/demo.perimeter-solutions.com\/de\/wp-json\/wp\/v2\/product_tag?post=42201"}],"curies":[{"name":"wp","href":"https:\/\/api.w.org\/{rel}","templated":true}]}}