{"id":42214,"date":"2024-06-28T15:18:46","date_gmt":"2024-06-28T19:18:46","guid":{"rendered":"https:\/\/demo.perimeter-solutions.com\/product\/solberg-versagard-1x3\/"},"modified":"2024-08-14T21:35:29","modified_gmt":"2024-08-15T01:35:29","slug":"solberg-versagard-1x3","status":"publish","type":"product","link":"https:\/\/demo.perimeter-solutions.com\/de\/product\/solberg-versagard-1x3\/","title":{"rendered":"SOLBERG<sup>\u00ae<\/sup> VERSAGARD\u2122 1&#215;3"},"content":{"rendered":"<div>\n<p><strong>SOLBERG<sup>\u00ae<\/sup> VERSAGARD\u2122 1\u00d73<\/strong> fluorfreies Mehrzweck-Schaummittelkonzentrat ist eine hochmoderne fluorfreie pseudoplastische AR-Schaumtechnologie. SOLBERG VERSAGARD 1\u00d73 ist nicht persistent, siloxanfrei und enth\u00e4lt keine absichtlich zugesetzten PFAS-Chemikalien. Es wurde f\u00fcr das L\u00f6schen und Sichern von Br\u00e4nden der Klasse B (Kohlenwasserstoff- und polare L\u00f6sungsmittelbr\u00e4nde) entwickelt. SOLBERG VERSAGARD 1\u00d73 ist eine Kombination aus Kohlenwasserstoff-Tensiden und Additiven, die eine hervorragende Schaumexpansion, Produktstabilit\u00e4t, Dampfabdichtung, L\u00f6sch- und R\u00fcckbrenneigenschaften sowohl bei flachen als auch bei tief liegenden Br\u00e4nden mit S\u00fc\u00df-, See- oder Brackwasser gew\u00e4hrleistet. SOLBERG VERSAGARD 1\u00d73 wurde entwickelt, um einen stabilen Schaumteppich mit langer Auslaufzeit und au\u00dfergew\u00f6hnlicher Mobilit\u00e4t \u00fcber die Brennstoffoberfl\u00e4che und um Hindernisse herum zu erzeugen. Dieser fluorfreie Schaum der neuen Generation kann mit Ger\u00e4ten mit geringer und mittlerer Ausdehnung (D\u00fcsen und Monitore) bei 1 % f\u00fcr Kohlenwasserstoff-Brennstoffe und 3 % f\u00fcr Br\u00e4nde mit polaren L\u00f6sungsmitteln verwendet werden. SOLBERG VERSAGARD 1\u00d73 kann mit Ger\u00e4ten mit geringer Ausdehnung (D\u00fcsen und Monitore), einigen nicht-saugenden Ger\u00e4ten und Ger\u00e4ten mit mittlerer Schaumausdehnung verwendet werden. Die Viskosit\u00e4t dieses Produkts kann sich bei sehr niedrigen Temperaturen erh\u00f6hen und die Verwendung einer speziellen Ausr\u00fcstung kann empfohlen werden. Zus\u00e4tzlich zu seiner ausgezeichneten Schaum- und Blasenstabilit\u00e4t verf\u00fcgt SOLBERG VERSAGARD 1\u00d73 \u00fcber ein hervorragendes Benetzungsverm\u00f6gen, was es zu einem effektiven Hilfsmittel f\u00fcr das L\u00f6schen von Kraftstoffbr\u00e4nden der Klasse B macht.<\/p>\n<p><strong>ZERTIFIZIERUNGEN:<\/strong> SOLBERG VERSAGARD 1\u00d73 wurde in mehreren gro\u00df angelegten Brandversuchen getestet. Die Ergebnisse umfassen:<\/p>\n<ul>\n<li>Erreicht eine hohe Bewertung und ist nach der europ\u00e4ischen Norm EN-1568:2018 Teil 3 &amp; 4 f\u00fcr alle Kraftstoffe mit S\u00fc\u00df- und Meerwasser zertifiziert &#8211; IA\/IB- IA\/IA (Aceton\/IPA)<\/li>\n<li>Bestanden und zertifiziert nach der Europ\u00e4ischen Norm EN-1568:2018 Teil 1 &amp; 2 &#8211; f\u00fcr die Verwendung bei 3% mit Mittel- und Hochexpansionsschaumabwurfger\u00e4ten<\/li>\n<li>Zertifizierung der Internationalen Seeschifffahrtsorganisation MSC.1\/Circ. 1312<\/li>\n<li>LASTFIRE chargenzertifiziert mit drei D\u00fcsen (Semi, Asp, System)<\/li>\n<\/ul>\n<\/div>\n<p>&nbsp;<\/p>\n<h4>Verf\u00fcgbare Optionen<\/h4>\n","protected":false},"excerpt":{"rendered":"<h1 class=\"elementor-heading-title elementor-size-default\">MULTI-PURPOSE 1&#215;3 FLUORINFREIES SCHAUMKONZENTRAT<\/h1>\n","protected":false},"featured_media":42216,"template":"","meta":{"_acf_changed":false},"product_cat":[198,187],"product_tag":[221,225,229,231,251,233,218,245,234,249,247,241,243],"class_list":{"0":"post-42214","1":"product","2":"type-product","3":"status-publish","4":"has-post-thumbnail","6":"product_cat-class-b-fluorine-free-de","7":"product_cat-class-b-de","8":"product_tag-en-1568-de","9":"product_tag-gesip-de","10":"product_tag-icao-de","11":"product_tag-industriell","12":"product_tag-kommunal","13":"product_tag-lastfire-de","14":"product_tag-luftfahrt","15":"product_tag-marine-de","16":"product_tag-med-imo-de","17":"product_tag-militar-dod","18":"product_tag-ol-und-gas","19":"product_tag-solberg-de","20":"product_tag-ul-162","22":"first","23":"instock","24":"shipping-taxable","25":"purchasable","26":"product-type-simple"},"acf":[],"yoast_head":"<!-- This site is optimized with the Yoast SEO Premium plugin v21.9 (Yoast SEO v23.5) - https:\/\/yoast.com\/wordpress\/plugins\/seo\/ -->\n<title>SOLBERG\u00ae VERSAGARD\u2122 1x3 - PS Demo site<\/title>\n<meta name=\"description\" content=\"SOLBERG\u00ae VERSAGARD\u2122 1\u00d73 fluorfreies Mehrzweck-Schaummittelkonzentrat ist eine hochmoderne fluorfreie pseudoplastische AR-Schaumtechnologie. SOLBERG VERSAGARD 1\u00d73 ist nicht persistent, siloxanfrei und enth\u00e4lt keine absichtlich zugesetzten PFAS-Chemikalien. Es wurde f\u00fcr das L\u00f6schen und Sichern von Br\u00e4nden der Klasse B (Kohlenwasserstoff- und polare L\u00f6sungsmittelbr\u00e4nde) entwickelt.\" \/>\n<meta name=\"robots\" content=\"noindex, follow, max-snippet:-1, max-image-preview:large, max-video-preview:-1\" \/>\n<meta property=\"og:locale\" content=\"de_DE\" \/>\n<meta property=\"og:type\" content=\"article\" \/>\n<meta property=\"og:title\" content=\"SOLBERG\u00ae VERSAGARD\u2122 1x3\" \/>\n<meta property=\"og:description\" content=\"SOLBERG\u00ae VERSAGARD\u2122 1\u00d73 fluorfreies Mehrzweck-Schaummittelkonzentrat ist eine hochmoderne fluorfreie pseudoplastische AR-Schaumtechnologie. SOLBERG VERSAGARD 1\u00d73 ist nicht persistent, siloxanfrei und enth\u00e4lt keine absichtlich zugesetzten PFAS-Chemikalien. Es wurde f\u00fcr das L\u00f6schen und Sichern von Br\u00e4nden der Klasse B (Kohlenwasserstoff- und polare L\u00f6sungsmittelbr\u00e4nde) entwickelt.\" \/>\n<meta property=\"og:url\" content=\"https:\/\/demo.perimeter-solutions.com\/de\/product\/solberg-versagard-1x3\/\" \/>\n<meta property=\"og:site_name\" content=\"PS Demo site\" \/>\n<meta property=\"article:modified_time\" content=\"2024-08-15T01:35:29+00:00\" \/>\n<meta name=\"twitter:card\" content=\"summary_large_image\" \/>\n<meta name=\"twitter:label1\" content=\"Gesch\u00e4tzte Lesezeit\" \/>\n\t<meta name=\"twitter:data1\" content=\"2\u00a0Minuten\" \/>\n<script type=\"application\/ld+json\" class=\"yoast-schema-graph\">{\"@context\":\"https:\/\/schema.org\",\"@graph\":[{\"@type\":\"WebPage\",\"@id\":\"https:\/\/demo.perimeter-solutions.com\/de\/product\/solberg-versagard-1x3\/\",\"url\":\"https:\/\/demo.perimeter-solutions.com\/de\/product\/solberg-versagard-1x3\/\",\"name\":\"SOLBERG\u00ae VERSAGARD\u2122 1x3 - PS Demo site\",\"isPartOf\":{\"@id\":\"https:\/\/demo.perimeter-solutions.com\/de\/#website\"},\"primaryImageOfPage\":{\"@id\":\"https:\/\/demo.perimeter-solutions.com\/de\/product\/solberg-versagard-1x3\/#primaryimage\"},\"image\":{\"@id\":\"https:\/\/demo.perimeter-solutions.com\/de\/product\/solberg-versagard-1x3\/#primaryimage\"},\"thumbnailUrl\":\"https:\/\/demo.perimeter-solutions.com\/wp-content\/uploads\/2024\/06\/VERSAGARD-1x3_Standard_v5.2-1-pdf.jpg\",\"datePublished\":\"2024-06-28T19:18:46+00:00\",\"dateModified\":\"2024-08-15T01:35:29+00:00\",\"description\":\"SOLBERG\u00ae VERSAGARD\u2122 1\u00d73 fluorfreies Mehrzweck-Schaummittelkonzentrat ist eine hochmoderne fluorfreie pseudoplastische AR-Schaumtechnologie. SOLBERG VERSAGARD 1\u00d73 ist nicht persistent, siloxanfrei und enth\u00e4lt keine absichtlich zugesetzten PFAS-Chemikalien. Es wurde f\u00fcr das L\u00f6schen und Sichern von Br\u00e4nden der Klasse B (Kohlenwasserstoff- und polare L\u00f6sungsmittelbr\u00e4nde) entwickelt.\",\"breadcrumb\":{\"@id\":\"https:\/\/demo.perimeter-solutions.com\/de\/product\/solberg-versagard-1x3\/#breadcrumb\"},\"inLanguage\":\"de\",\"potentialAction\":[{\"@type\":\"ReadAction\",\"target\":[\"https:\/\/demo.perimeter-solutions.com\/de\/product\/solberg-versagard-1x3\/\"]}]},{\"@type\":\"ImageObject\",\"inLanguage\":\"de\",\"@id\":\"https:\/\/demo.perimeter-solutions.com\/de\/product\/solberg-versagard-1x3\/#primaryimage\",\"url\":\"https:\/\/demo.perimeter-solutions.com\/wp-content\/uploads\/2024\/06\/VERSAGARD-1x3_Standard_v5.2-1-pdf.jpg\",\"contentUrl\":\"https:\/\/demo.perimeter-solutions.com\/wp-content\/uploads\/2024\/06\/VERSAGARD-1x3_Standard_v5.2-1-pdf.jpg\"},{\"@type\":\"BreadcrumbList\",\"@id\":\"https:\/\/demo.perimeter-solutions.com\/de\/product\/solberg-versagard-1x3\/#breadcrumb\",\"itemListElement\":[{\"@type\":\"ListItem\",\"position\":1,\"name\":\"Produktkatalog\",\"item\":\"https:\/\/demo.perimeter-solutions.com\/de\/produktkatalog\/\"},{\"@type\":\"ListItem\",\"position\":2,\"name\":\"SOLBERG\u00ae VERSAGARD\u2122 1&#215;3\"}]},{\"@type\":\"WebSite\",\"@id\":\"https:\/\/demo.perimeter-solutions.com\/de\/#website\",\"url\":\"https:\/\/demo.perimeter-solutions.com\/de\/\",\"name\":\"PS Demo site\",\"description\":\"\",\"publisher\":{\"@id\":\"https:\/\/demo.perimeter-solutions.com\/de\/#organization\"},\"potentialAction\":[{\"@type\":\"SearchAction\",\"target\":{\"@type\":\"EntryPoint\",\"urlTemplate\":\"https:\/\/demo.perimeter-solutions.com\/de\/?s={search_term_string}\"},\"query-input\":{\"@type\":\"PropertyValueSpecification\",\"valueRequired\":true,\"valueName\":\"search_term_string\"}}],\"inLanguage\":\"de\"},{\"@type\":\"Organization\",\"@id\":\"https:\/\/demo.perimeter-solutions.com\/de\/#organization\",\"name\":\"Perimeter Solutions\",\"url\":\"https:\/\/demo.perimeter-solutions.com\/de\/\",\"logo\":{\"@type\":\"ImageObject\",\"inLanguage\":\"de\",\"@id\":\"https:\/\/demo.perimeter-solutions.com\/de\/#\/schema\/logo\/image\/\",\"url\":\"https:\/\/demo.perimeter-solutions.com\/wp-content\/uploads\/2021\/02\/perimeter-logo-RGB.png\",\"contentUrl\":\"https:\/\/demo.perimeter-solutions.com\/wp-content\/uploads\/2021\/02\/perimeter-logo-RGB.png\",\"width\":794,\"height\":138,\"caption\":\"Perimeter Solutions\"},\"image\":{\"@id\":\"https:\/\/demo.perimeter-solutions.com\/de\/#\/schema\/logo\/image\/\"}}]}<\/script>\n<!-- \/ Yoast SEO Premium plugin. -->","yoast_head_json":{"title":"SOLBERG\u00ae VERSAGARD\u2122 1x3 - PS Demo site","description":"SOLBERG\u00ae VERSAGARD\u2122 1\u00d73 fluorfreies Mehrzweck-Schaummittelkonzentrat ist eine hochmoderne fluorfreie pseudoplastische AR-Schaumtechnologie. SOLBERG VERSAGARD 1\u00d73 ist nicht persistent, siloxanfrei und enth\u00e4lt keine absichtlich zugesetzten PFAS-Chemikalien. Es wurde f\u00fcr das L\u00f6schen und Sichern von Br\u00e4nden der Klasse B (Kohlenwasserstoff- und polare L\u00f6sungsmittelbr\u00e4nde) entwickelt.","robots":{"index":"noindex","follow":"follow","max-snippet":"max-snippet:-1","max-image-preview":"max-image-preview:large","max-video-preview":"max-video-preview:-1"},"og_locale":"de_DE","og_type":"article","og_title":"SOLBERG\u00ae VERSAGARD\u2122 1x3","og_description":"SOLBERG\u00ae VERSAGARD\u2122 1\u00d73 fluorfreies Mehrzweck-Schaummittelkonzentrat ist eine hochmoderne fluorfreie pseudoplastische AR-Schaumtechnologie. SOLBERG VERSAGARD 1\u00d73 ist nicht persistent, siloxanfrei und enth\u00e4lt keine absichtlich zugesetzten PFAS-Chemikalien. Es wurde f\u00fcr das L\u00f6schen und Sichern von Br\u00e4nden der Klasse B (Kohlenwasserstoff- und polare L\u00f6sungsmittelbr\u00e4nde) entwickelt.","og_url":"https:\/\/demo.perimeter-solutions.com\/de\/product\/solberg-versagard-1x3\/","og_site_name":"PS Demo site","article_modified_time":"2024-08-15T01:35:29+00:00","twitter_card":"summary_large_image","twitter_misc":{"Gesch\u00e4tzte Lesezeit":"2\u00a0Minuten"},"schema":{"@context":"https:\/\/schema.org","@graph":[{"@type":"WebPage","@id":"https:\/\/demo.perimeter-solutions.com\/de\/product\/solberg-versagard-1x3\/","url":"https:\/\/demo.perimeter-solutions.com\/de\/product\/solberg-versagard-1x3\/","name":"SOLBERG\u00ae VERSAGARD\u2122 1x3 - PS Demo site","isPartOf":{"@id":"https:\/\/demo.perimeter-solutions.com\/de\/#website"},"primaryImageOfPage":{"@id":"https:\/\/demo.perimeter-solutions.com\/de\/product\/solberg-versagard-1x3\/#primaryimage"},"image":{"@id":"https:\/\/demo.perimeter-solutions.com\/de\/product\/solberg-versagard-1x3\/#primaryimage"},"thumbnailUrl":"https:\/\/demo.perimeter-solutions.com\/wp-content\/uploads\/2024\/06\/VERSAGARD-1x3_Standard_v5.2-1-pdf.jpg","datePublished":"2024-06-28T19:18:46+00:00","dateModified":"2024-08-15T01:35:29+00:00","description":"SOLBERG\u00ae VERSAGARD\u2122 1\u00d73 fluorfreies Mehrzweck-Schaummittelkonzentrat ist eine hochmoderne fluorfreie pseudoplastische AR-Schaumtechnologie. SOLBERG VERSAGARD 1\u00d73 ist nicht persistent, siloxanfrei und enth\u00e4lt keine absichtlich zugesetzten PFAS-Chemikalien. Es wurde f\u00fcr das L\u00f6schen und Sichern von Br\u00e4nden der Klasse B (Kohlenwasserstoff- und polare L\u00f6sungsmittelbr\u00e4nde) entwickelt.","breadcrumb":{"@id":"https:\/\/demo.perimeter-solutions.com\/de\/product\/solberg-versagard-1x3\/#breadcrumb"},"inLanguage":"de","potentialAction":[{"@type":"ReadAction","target":["https:\/\/demo.perimeter-solutions.com\/de\/product\/solberg-versagard-1x3\/"]}]},{"@type":"ImageObject","inLanguage":"de","@id":"https:\/\/demo.perimeter-solutions.com\/de\/product\/solberg-versagard-1x3\/#primaryimage","url":"https:\/\/demo.perimeter-solutions.com\/wp-content\/uploads\/2024\/06\/VERSAGARD-1x3_Standard_v5.2-1-pdf.jpg","contentUrl":"https:\/\/demo.perimeter-solutions.com\/wp-content\/uploads\/2024\/06\/VERSAGARD-1x3_Standard_v5.2-1-pdf.jpg"},{"@type":"BreadcrumbList","@id":"https:\/\/demo.perimeter-solutions.com\/de\/product\/solberg-versagard-1x3\/#breadcrumb","itemListElement":[{"@type":"ListItem","position":1,"name":"Produktkatalog","item":"https:\/\/demo.perimeter-solutions.com\/de\/produktkatalog\/"},{"@type":"ListItem","position":2,"name":"SOLBERG\u00ae VERSAGARD\u2122 1&#215;3"}]},{"@type":"WebSite","@id":"https:\/\/demo.perimeter-solutions.com\/de\/#website","url":"https:\/\/demo.perimeter-solutions.com\/de\/","name":"PS Demo site","description":"","publisher":{"@id":"https:\/\/demo.perimeter-solutions.com\/de\/#organization"},"potentialAction":[{"@type":"SearchAction","target":{"@type":"EntryPoint","urlTemplate":"https:\/\/demo.perimeter-solutions.com\/de\/?s={search_term_string}"},"query-input":{"@type":"PropertyValueSpecification","valueRequired":true,"valueName":"search_term_string"}}],"inLanguage":"de"},{"@type":"Organization","@id":"https:\/\/demo.perimeter-solutions.com\/de\/#organization","name":"Perimeter Solutions","url":"https:\/\/demo.perimeter-solutions.com\/de\/","logo":{"@type":"ImageObject","inLanguage":"de","@id":"https:\/\/demo.perimeter-solutions.com\/de\/#\/schema\/logo\/image\/","url":"https:\/\/demo.perimeter-solutions.com\/wp-content\/uploads\/2021\/02\/perimeter-logo-RGB.png","contentUrl":"https:\/\/demo.perimeter-solutions.com\/wp-content\/uploads\/2021\/02\/perimeter-logo-RGB.png","width":794,"height":138,"caption":"Perimeter Solutions"},"image":{"@id":"https:\/\/demo.perimeter-solutions.com\/de\/#\/schema\/logo\/image\/"}}]}},"_links":{"self":[{"href":"https:\/\/demo.perimeter-solutions.com\/de\/wp-json\/wp\/v2\/product\/42214","targetHints":{"allow":["GET"]}}],"collection":[{"href":"https:\/\/demo.perimeter-solutions.com\/de\/wp-json\/wp\/v2\/product"}],"about":[{"href":"https:\/\/demo.perimeter-solutions.com\/de\/wp-json\/wp\/v2\/types\/product"}],"wp:featuredmedia":[{"embeddable":true,"href":"https:\/\/demo.perimeter-solutions.com\/de\/wp-json\/wp\/v2\/media\/42216"}],"wp:attachment":[{"href":"https:\/\/demo.perimeter-solutions.com\/de\/wp-json\/wp\/v2\/media?parent=42214"}],"wp:term":[{"taxonomy":"product_cat","embeddable":true,"href":"https:\/\/demo.perimeter-solutions.com\/de\/wp-json\/wp\/v2\/product_cat?post=42214"},{"taxonomy":"product_tag","embeddable":true,"href":"https:\/\/demo.perimeter-solutions.com\/de\/wp-json\/wp\/v2\/product_tag?post=42214"}],"curies":[{"name":"wp","href":"https:\/\/api.w.org\/{rel}","templated":true}]}}