{"id":42242,"date":"2024-06-28T13:34:17","date_gmt":"2024-06-28T17:34:17","guid":{"rendered":"https:\/\/demo.perimeter-solutions.com\/product\/auxquimia-h-930\/"},"modified":"2024-08-14T15:35:50","modified_gmt":"2024-08-14T19:35:50","slug":"auxquimia-h-930-2","status":"publish","type":"product","link":"https:\/\/demo.perimeter-solutions.com\/de\/product\/auxquimia-h-930-2\/","title":{"rendered":"AUXQUIMIA<sup>\u00ae<\/sup> H-930"},"content":{"rendered":"<div><strong>AUXQUIMIA<sup>\u00ae<\/sup> H-930<\/strong> ist ein synthetisches Schaummittel, das speziell f\u00fcr die Verwendung in Hoch- und Mittelschaumgeneratoren zur Bek\u00e4mpfung von Br\u00e4nden der Klassen A und B (Kohlenwasserstoff) entwickelt wurde.<br \/>\nDieses Produkt enth\u00e4lt synthetische Tenside mit einer sehr guten Best\u00e4ndigkeit gegen Wasserh\u00e4rte und ist leicht biologisch abbaubar.<br \/>\nAUXQUIMIA H-930 kann mit Hoch-, Mittel- und Schwerschaumger\u00e4ten verwendet werden.<br \/>\nDieser hochexpansive Schaum mit einem Expansionskoeffizienten von 500 bis 1.000 ist geeignet, um Br\u00e4nde in Innenr\u00e4umen durch Ersticken zu l\u00f6schen.<br \/>\nMittelschwerer Schaum ist ein ausreichend schwerer Schaum f\u00fcr den Einsatz im Freien, zum F\u00fcllen kleiner Stellen, zum schnellen Abdecken von versch\u00fctteten Fl\u00fcssigkeiten usw.<br \/>\nEr kann zur Erzeugung von Schwer- und Schwerstschaum (mit Wasserspr\u00fchd\u00fcsen) f\u00fcr allgemeine Zwecke (Br\u00e4nde der Klassen A und B) verwendet werden. Wenn es notwendig ist, leichte Kohlenwasserstoffbr\u00e4nde zu l\u00f6schen, wenden Sie es vorsichtig an und erh\u00f6hen Sie die Anwendungsrate je nach Bedarf. AUXQUIMIA H-930 Konzentrat weist keine Kompatibilit\u00e4tsprobleme mit anderen Konzentraten auf, die f\u00fcr dieselben Anwendungen verwendet werden, und sein Schaum kann gleichzeitig mit anderen angewendet werden.<\/div>\n<div><\/div>\n<div><strong>ZERTIFIZIERUNGEN:<\/strong> EN-1568-1 und EN-1568-3 mit S\u00fc\u00df- und Meerwasser (Klasse IIIC).<\/div>\n<p>&nbsp;<\/p>\n<h4>Verf\u00fcgbare Optionen<\/h4>\n","protected":false},"excerpt":{"rendered":"<p>AUXQUIMIA\u00ae H-930 ist ein synthetisches Schaummittel, das speziell f\u00fcr die Verwendung in Hoch- und Mittelschaumgeneratoren zur Bek\u00e4mpfung von Br\u00e4nden der Klassen A und B (Kohlenwasserstoff) entwickelt wurde. Dieses Produkt enth\u00e4lt [&hellip;]<\/p>\n","protected":false},"featured_media":42244,"template":"","meta":{"_acf_changed":false},"product_cat":[187,199],"product_tag":[213,221,231,251,245,247],"class_list":{"0":"post-42242","1":"product","2":"type-product","3":"status-publish","4":"has-post-thumbnail","6":"product_cat-class-b-de","7":"product_cat-hi-ex-foam-concentrate-de","8":"product_tag-auxquimia-de","9":"product_tag-en-1568-de","10":"product_tag-industriell","11":"product_tag-kommunal","12":"product_tag-marine-de","13":"product_tag-ol-und-gas","15":"first","16":"instock","17":"shipping-taxable","18":"purchasable","19":"product-type-simple"},"acf":[],"yoast_head":"<!-- This site is optimized with the Yoast SEO Premium plugin v21.9 (Yoast SEO v23.5) - https:\/\/yoast.com\/wordpress\/plugins\/seo\/ -->\n<title>AUXQUIMIA\u00ae H-930 - PS Demo site<\/title>\n<meta name=\"description\" content=\"AUXQUIMIA\u00ae H-930 ist ein synthetisches Schaummittel, das speziell f\u00fcr den Einsatz in Hoch- und Mittelschaumgeneratoren zur Bek\u00e4mpfung von Br\u00e4nden der Klassen A und B (Kohlenwasserstoff) entwickelt wurde.\" \/>\n<meta name=\"robots\" content=\"noindex, follow, max-snippet:-1, max-image-preview:large, max-video-preview:-1\" \/>\n<meta property=\"og:locale\" content=\"de_DE\" \/>\n<meta property=\"og:type\" content=\"article\" \/>\n<meta property=\"og:title\" content=\"AUXQUIMIA\u00ae H-930\" \/>\n<meta property=\"og:description\" content=\"AUXQUIMIA\u00ae H-930 ist ein synthetisches Schaummittel, das speziell f\u00fcr den Einsatz in Hoch- und Mittelschaumgeneratoren zur Bek\u00e4mpfung von Br\u00e4nden der Klassen A und B (Kohlenwasserstoff) entwickelt wurde.\" \/>\n<meta property=\"og:url\" content=\"https:\/\/demo.perimeter-solutions.com\/de\/product\/auxquimia-h-930-2\/\" \/>\n<meta property=\"og:site_name\" content=\"PS Demo site\" \/>\n<meta property=\"article:modified_time\" content=\"2024-08-14T19:35:50+00:00\" \/>\n<meta property=\"og:image\" content=\"https:\/\/demo.perimeter-solutions.com\/wp-content\/uploads\/2024\/06\/AUXQUIMIA_H-930_Page_1.jpg\" \/>\n\t<meta property=\"og:image:width\" content=\"1445\" \/>\n\t<meta property=\"og:image:height\" content=\"1870\" \/>\n\t<meta property=\"og:image:type\" content=\"image\/jpeg\" \/>\n<meta name=\"twitter:card\" content=\"summary_large_image\" \/>\n<meta name=\"twitter:label1\" content=\"Gesch\u00e4tzte Lesezeit\" \/>\n\t<meta name=\"twitter:data1\" content=\"1\u00a0Minute\" \/>\n<script type=\"application\/ld+json\" class=\"yoast-schema-graph\">{\"@context\":\"https:\/\/schema.org\",\"@graph\":[{\"@type\":\"WebPage\",\"@id\":\"https:\/\/demo.perimeter-solutions.com\/de\/product\/auxquimia-h-930-2\/\",\"url\":\"https:\/\/demo.perimeter-solutions.com\/de\/product\/auxquimia-h-930-2\/\",\"name\":\"AUXQUIMIA\u00ae H-930 - PS Demo site\",\"isPartOf\":{\"@id\":\"https:\/\/demo.perimeter-solutions.com\/de\/#website\"},\"primaryImageOfPage\":{\"@id\":\"https:\/\/demo.perimeter-solutions.com\/de\/product\/auxquimia-h-930-2\/#primaryimage\"},\"image\":{\"@id\":\"https:\/\/demo.perimeter-solutions.com\/de\/product\/auxquimia-h-930-2\/#primaryimage\"},\"thumbnailUrl\":\"https:\/\/demo.perimeter-solutions.com\/wp-content\/uploads\/2024\/06\/AUXQUIMIA_H-930_Page_1.jpg\",\"datePublished\":\"2024-06-28T17:34:17+00:00\",\"dateModified\":\"2024-08-14T19:35:50+00:00\",\"description\":\"AUXQUIMIA\u00ae H-930 ist ein synthetisches Schaummittel, das speziell f\u00fcr den Einsatz in Hoch- und Mittelschaumgeneratoren zur Bek\u00e4mpfung von Br\u00e4nden der Klassen A und B (Kohlenwasserstoff) entwickelt wurde.\",\"breadcrumb\":{\"@id\":\"https:\/\/demo.perimeter-solutions.com\/de\/product\/auxquimia-h-930-2\/#breadcrumb\"},\"inLanguage\":\"de\",\"potentialAction\":[{\"@type\":\"ReadAction\",\"target\":[\"https:\/\/demo.perimeter-solutions.com\/de\/product\/auxquimia-h-930-2\/\"]}]},{\"@type\":\"ImageObject\",\"inLanguage\":\"de\",\"@id\":\"https:\/\/demo.perimeter-solutions.com\/de\/product\/auxquimia-h-930-2\/#primaryimage\",\"url\":\"https:\/\/demo.perimeter-solutions.com\/wp-content\/uploads\/2024\/06\/AUXQUIMIA_H-930_Page_1.jpg\",\"contentUrl\":\"https:\/\/demo.perimeter-solutions.com\/wp-content\/uploads\/2024\/06\/AUXQUIMIA_H-930_Page_1.jpg\",\"width\":1445,\"height\":1870},{\"@type\":\"BreadcrumbList\",\"@id\":\"https:\/\/demo.perimeter-solutions.com\/de\/product\/auxquimia-h-930-2\/#breadcrumb\",\"itemListElement\":[{\"@type\":\"ListItem\",\"position\":1,\"name\":\"Produktkatalog\",\"item\":\"https:\/\/demo.perimeter-solutions.com\/de\/produktkatalog\/\"},{\"@type\":\"ListItem\",\"position\":2,\"name\":\"AUXQUIMIA\u00ae H-930\"}]},{\"@type\":\"WebSite\",\"@id\":\"https:\/\/demo.perimeter-solutions.com\/de\/#website\",\"url\":\"https:\/\/demo.perimeter-solutions.com\/de\/\",\"name\":\"PS Demo site\",\"description\":\"\",\"publisher\":{\"@id\":\"https:\/\/demo.perimeter-solutions.com\/de\/#organization\"},\"potentialAction\":[{\"@type\":\"SearchAction\",\"target\":{\"@type\":\"EntryPoint\",\"urlTemplate\":\"https:\/\/demo.perimeter-solutions.com\/de\/?s={search_term_string}\"},\"query-input\":{\"@type\":\"PropertyValueSpecification\",\"valueRequired\":true,\"valueName\":\"search_term_string\"}}],\"inLanguage\":\"de\"},{\"@type\":\"Organization\",\"@id\":\"https:\/\/demo.perimeter-solutions.com\/de\/#organization\",\"name\":\"Perimeter Solutions\",\"url\":\"https:\/\/demo.perimeter-solutions.com\/de\/\",\"logo\":{\"@type\":\"ImageObject\",\"inLanguage\":\"de\",\"@id\":\"https:\/\/demo.perimeter-solutions.com\/de\/#\/schema\/logo\/image\/\",\"url\":\"https:\/\/demo.perimeter-solutions.com\/wp-content\/uploads\/2021\/02\/perimeter-logo-RGB.png\",\"contentUrl\":\"https:\/\/demo.perimeter-solutions.com\/wp-content\/uploads\/2021\/02\/perimeter-logo-RGB.png\",\"width\":794,\"height\":138,\"caption\":\"Perimeter Solutions\"},\"image\":{\"@id\":\"https:\/\/demo.perimeter-solutions.com\/de\/#\/schema\/logo\/image\/\"}}]}<\/script>\n<!-- \/ Yoast SEO Premium plugin. -->","yoast_head_json":{"title":"AUXQUIMIA\u00ae H-930 - PS Demo site","description":"AUXQUIMIA\u00ae H-930 ist ein synthetisches Schaummittel, das speziell f\u00fcr den Einsatz in Hoch- und Mittelschaumgeneratoren zur Bek\u00e4mpfung von Br\u00e4nden der Klassen A und B (Kohlenwasserstoff) entwickelt wurde.","robots":{"index":"noindex","follow":"follow","max-snippet":"max-snippet:-1","max-image-preview":"max-image-preview:large","max-video-preview":"max-video-preview:-1"},"og_locale":"de_DE","og_type":"article","og_title":"AUXQUIMIA\u00ae H-930","og_description":"AUXQUIMIA\u00ae H-930 ist ein synthetisches Schaummittel, das speziell f\u00fcr den Einsatz in Hoch- und Mittelschaumgeneratoren zur Bek\u00e4mpfung von Br\u00e4nden der Klassen A und B (Kohlenwasserstoff) entwickelt wurde.","og_url":"https:\/\/demo.perimeter-solutions.com\/de\/product\/auxquimia-h-930-2\/","og_site_name":"PS Demo site","article_modified_time":"2024-08-14T19:35:50+00:00","og_image":[{"width":1445,"height":1870,"url":"https:\/\/demo.perimeter-solutions.com\/wp-content\/uploads\/2024\/06\/AUXQUIMIA_H-930_Page_1.jpg","type":"image\/jpeg"}],"twitter_card":"summary_large_image","twitter_misc":{"Gesch\u00e4tzte Lesezeit":"1\u00a0Minute"},"schema":{"@context":"https:\/\/schema.org","@graph":[{"@type":"WebPage","@id":"https:\/\/demo.perimeter-solutions.com\/de\/product\/auxquimia-h-930-2\/","url":"https:\/\/demo.perimeter-solutions.com\/de\/product\/auxquimia-h-930-2\/","name":"AUXQUIMIA\u00ae H-930 - PS Demo site","isPartOf":{"@id":"https:\/\/demo.perimeter-solutions.com\/de\/#website"},"primaryImageOfPage":{"@id":"https:\/\/demo.perimeter-solutions.com\/de\/product\/auxquimia-h-930-2\/#primaryimage"},"image":{"@id":"https:\/\/demo.perimeter-solutions.com\/de\/product\/auxquimia-h-930-2\/#primaryimage"},"thumbnailUrl":"https:\/\/demo.perimeter-solutions.com\/wp-content\/uploads\/2024\/06\/AUXQUIMIA_H-930_Page_1.jpg","datePublished":"2024-06-28T17:34:17+00:00","dateModified":"2024-08-14T19:35:50+00:00","description":"AUXQUIMIA\u00ae H-930 ist ein synthetisches Schaummittel, das speziell f\u00fcr den Einsatz in Hoch- und Mittelschaumgeneratoren zur Bek\u00e4mpfung von Br\u00e4nden der Klassen A und B (Kohlenwasserstoff) entwickelt wurde.","breadcrumb":{"@id":"https:\/\/demo.perimeter-solutions.com\/de\/product\/auxquimia-h-930-2\/#breadcrumb"},"inLanguage":"de","potentialAction":[{"@type":"ReadAction","target":["https:\/\/demo.perimeter-solutions.com\/de\/product\/auxquimia-h-930-2\/"]}]},{"@type":"ImageObject","inLanguage":"de","@id":"https:\/\/demo.perimeter-solutions.com\/de\/product\/auxquimia-h-930-2\/#primaryimage","url":"https:\/\/demo.perimeter-solutions.com\/wp-content\/uploads\/2024\/06\/AUXQUIMIA_H-930_Page_1.jpg","contentUrl":"https:\/\/demo.perimeter-solutions.com\/wp-content\/uploads\/2024\/06\/AUXQUIMIA_H-930_Page_1.jpg","width":1445,"height":1870},{"@type":"BreadcrumbList","@id":"https:\/\/demo.perimeter-solutions.com\/de\/product\/auxquimia-h-930-2\/#breadcrumb","itemListElement":[{"@type":"ListItem","position":1,"name":"Produktkatalog","item":"https:\/\/demo.perimeter-solutions.com\/de\/produktkatalog\/"},{"@type":"ListItem","position":2,"name":"AUXQUIMIA\u00ae H-930"}]},{"@type":"WebSite","@id":"https:\/\/demo.perimeter-solutions.com\/de\/#website","url":"https:\/\/demo.perimeter-solutions.com\/de\/","name":"PS Demo site","description":"","publisher":{"@id":"https:\/\/demo.perimeter-solutions.com\/de\/#organization"},"potentialAction":[{"@type":"SearchAction","target":{"@type":"EntryPoint","urlTemplate":"https:\/\/demo.perimeter-solutions.com\/de\/?s={search_term_string}"},"query-input":{"@type":"PropertyValueSpecification","valueRequired":true,"valueName":"search_term_string"}}],"inLanguage":"de"},{"@type":"Organization","@id":"https:\/\/demo.perimeter-solutions.com\/de\/#organization","name":"Perimeter Solutions","url":"https:\/\/demo.perimeter-solutions.com\/de\/","logo":{"@type":"ImageObject","inLanguage":"de","@id":"https:\/\/demo.perimeter-solutions.com\/de\/#\/schema\/logo\/image\/","url":"https:\/\/demo.perimeter-solutions.com\/wp-content\/uploads\/2021\/02\/perimeter-logo-RGB.png","contentUrl":"https:\/\/demo.perimeter-solutions.com\/wp-content\/uploads\/2021\/02\/perimeter-logo-RGB.png","width":794,"height":138,"caption":"Perimeter Solutions"},"image":{"@id":"https:\/\/demo.perimeter-solutions.com\/de\/#\/schema\/logo\/image\/"}}]}},"_links":{"self":[{"href":"https:\/\/demo.perimeter-solutions.com\/de\/wp-json\/wp\/v2\/product\/42242","targetHints":{"allow":["GET"]}}],"collection":[{"href":"https:\/\/demo.perimeter-solutions.com\/de\/wp-json\/wp\/v2\/product"}],"about":[{"href":"https:\/\/demo.perimeter-solutions.com\/de\/wp-json\/wp\/v2\/types\/product"}],"wp:featuredmedia":[{"embeddable":true,"href":"https:\/\/demo.perimeter-solutions.com\/de\/wp-json\/wp\/v2\/media\/42244"}],"wp:attachment":[{"href":"https:\/\/demo.perimeter-solutions.com\/de\/wp-json\/wp\/v2\/media?parent=42242"}],"wp:term":[{"taxonomy":"product_cat","embeddable":true,"href":"https:\/\/demo.perimeter-solutions.com\/de\/wp-json\/wp\/v2\/product_cat?post=42242"},{"taxonomy":"product_tag","embeddable":true,"href":"https:\/\/demo.perimeter-solutions.com\/de\/wp-json\/wp\/v2\/product_tag?post=42242"}],"curies":[{"name":"wp","href":"https:\/\/api.w.org\/{rel}","templated":true}]}}