{"id":42255,"date":"2024-06-28T13:47:08","date_gmt":"2024-06-28T17:47:08","guid":{"rendered":"https:\/\/demo.perimeter-solutions.com\/product\/auxquimia-unipol-ff-3-6\/"},"modified":"2024-08-14T16:03:49","modified_gmt":"2024-08-14T20:03:49","slug":"auxquimia-unipol-ff-3-6","status":"publish","type":"product","link":"https:\/\/demo.perimeter-solutions.com\/de\/product\/auxquimia-unipol-ff-3-6\/","title":{"rendered":"AUXQUIMIA<sup>\u00ae<\/sup> UNIPOL-FF\u2122 3\/6"},"content":{"rendered":"<p><span style=\"color: #000000;\"><strong>AUXQUIMIA<sup>\u00ae<\/sup> UNIPOL-FF<sup>\u2122<\/sup> 3\/6 <\/strong>ist ein Schaummittelkonzentrat, das mit einer speziellen Kombination aus Kohlenwasserstoff-Tensiden und pseudoplastischen Polymeren formuliert wurde, die seinen Schauml\u00f6sungen ausgezeichnete Schaum-, L\u00f6sch- und R\u00fcckbrenneigenschaften verleiht. Es enth\u00e4lt keine halogenorganischen Verbindungen. Er kann zum L\u00f6schen von Br\u00e4nden der Klasse B (Fl\u00fcssigkeiten) und der Klasse A (Feststoffe) verwendet werden.<\/span><\/p>\n<p><span style=\"color: #000000;\">UNIPOL-FF 3\/6 wurde f\u00fcr die Verwendung mit Hoch-, Mittel- und Schwerschaumger\u00e4ten entwickelt und erzeugt Sch\u00e4ume mit hoher Flie\u00dff\u00e4higkeit und langsamer Drainage. Es wird vor allem bei Kohlenwasserstoffbr\u00e4nden eingesetzt und kann sogar mit einer bisher nur f\u00fcr AFFF-Mittel zugelassenen Kraftausbringungsleistung angewendet werden. Es kann auch f\u00fcr polare L\u00f6sungsmittel verwendet werden, in diesem Fall mit vorsichtiger Anwendung. Das Fehlen von fluorierten Additiven, die die Anti-Alkohol-Wirkung des Produkts verbessern, kann die Leistung mit verschiedenen L\u00f6sungsmitteln verringern, so dass es notwendig sein kann, die typischen Anwendungsraten zu erh\u00f6hen. Im Gegensatz zu den AFFF-Mitteln bildet es keinen w\u00e4ssrigen Film auf Kohlenwasserstoffen, da es keine fluorierten Tenside enth\u00e4lt. Die ausgezeichneten L\u00f6schzeiten sind dank des guten Schaumbildungsverm\u00f6gens, der hohen Wasserbindung und der Oleophobie m\u00f6glich.<\/span><\/p>\n<p><span style=\"color: #000000;\">Da es keinen w\u00e4ssrigen Film bildet, wird empfohlen, bei der Verwendung von UNIPOL-FF 3\/6 den Treibstoff mit einer Schaumstoffschicht zu bedecken, die dick genug ist, um zu verhindern, dass die Oberfl\u00e4che des Treibstoffs freigelegt wird und sich wieder entz\u00fcndet. Aufgrund seiner guten Benetzungsf\u00e4higkeit und seines hohen Wasserr\u00fcckhalteverm\u00f6gens eignet es sich sehr gut zum L\u00f6schen von Br\u00e4nden der Klasse A (fest) sowohl mit Spr\u00fch- als auch mit Niedrig-Expansionsd\u00fcsen.<\/span><\/p>\n<p><span style=\"color: #000000;\">Die Verd\u00fcnnungsrate von UNIPOL-FF 3\/6 betr\u00e4gt 3% in S\u00fc\u00df- oder Meerwasser zum L\u00f6schen von Kohlenwasserstoffbr\u00e4nden und 6% bei Br\u00e4nden mit polaren L\u00f6sungsmitteln (Alkohole, Ketone, Ether, Ester, Amine usw.) oder wenn eine mittlere Ausdehnung erforderlich ist.<\/span><\/p>\n<p><span style=\"color: #000000;\">UNIPOL-FF 3\/6 ist biologisch gut abbaubar. Es funktioniert sowohl mit S\u00fc\u00df- als auch mit Meerwasser und kann mit Standardger\u00e4ten (Inline-Induktoren, Blasentanks, Pumpen, Gleichdrucksystemen usw.) und Spezialger\u00e4ten f\u00fcr AFFF-Wirkstoffe (z. B. Hydrofoam-D\u00fcsen) dosiert werden.<\/span><\/p>\n<h4>Verf\u00fcgbare Optionen<\/h4>\n","protected":false},"excerpt":{"rendered":"<p>AUXQUIMIA\u00ae UNIPOL-FF\u2122 3\/6 ist ein Schaummittelkonzentrat, das mit einer speziellen Kombination aus Kohlenwasserstoff-Tensiden und pseudoplastischen Polymeren formuliert wurde, die seinen Schauml\u00f6sungen ausgezeichnete Schaum-, L\u00f6sch- und R\u00fcckbrenneigenschaften verleiht. Es enth\u00e4lt keine [&hellip;]<\/p>\n","protected":false},"featured_media":42257,"template":"","meta":{"_acf_changed":false},"product_cat":[198,187],"product_tag":[213,221,231,251,233,247,243],"class_list":{"0":"post-42255","1":"product","2":"type-product","3":"status-publish","4":"has-post-thumbnail","6":"product_cat-class-b-fluorine-free-de","7":"product_cat-class-b-de","8":"product_tag-auxquimia-de","9":"product_tag-en-1568-de","10":"product_tag-industriell","11":"product_tag-kommunal","12":"product_tag-lastfire-de","13":"product_tag-ol-und-gas","14":"product_tag-ul-162","16":"first","17":"instock","18":"shipping-taxable","19":"purchasable","20":"product-type-simple"},"acf":[],"yoast_head":"<!-- This site is optimized with the Yoast SEO Premium plugin v21.9 (Yoast SEO v23.5) - https:\/\/yoast.com\/wordpress\/plugins\/seo\/ -->\n<title>AUXQUIMIA\u00ae UNIPOL-FF\u2122 3\/6 - PS Demo site<\/title>\n<meta name=\"description\" content=\"AUXQUIMIA\u00ae UNIPOL-FF\u2122 3\/6 ist ein Schaummittelkonzentrat, das mit einer speziellen Kombination aus Kohlenwasserstoff-Tensiden und pseudoplastischen Polymeren formuliert wurde, die seinen Schauml\u00f6sungen ausgezeichnete Schaum-, L\u00f6sch- und R\u00fcckbrenneigenschaften verleiht.\" \/>\n<meta name=\"robots\" content=\"noindex, follow, max-snippet:-1, max-image-preview:large, max-video-preview:-1\" \/>\n<meta property=\"og:locale\" content=\"de_DE\" \/>\n<meta property=\"og:type\" content=\"article\" \/>\n<meta property=\"og:title\" content=\"AUXQUIMIA\u00ae UNIPOL-FF\u2122 3\/6\" \/>\n<meta property=\"og:description\" content=\"AUXQUIMIA\u00ae UNIPOL-FF\u2122 3\/6 ist ein Schaummittelkonzentrat, das mit einer speziellen Kombination aus Kohlenwasserstoff-Tensiden und pseudoplastischen Polymeren formuliert wurde, die seinen Schauml\u00f6sungen ausgezeichnete Schaum-, L\u00f6sch- und R\u00fcckbrenneigenschaften verleiht.\" \/>\n<meta property=\"og:url\" content=\"https:\/\/demo.perimeter-solutions.com\/de\/product\/auxquimia-unipol-ff-3-6\/\" \/>\n<meta property=\"og:site_name\" content=\"PS Demo site\" \/>\n<meta property=\"article:modified_time\" content=\"2024-08-14T20:03:49+00:00\" \/>\n<meta property=\"og:image\" content=\"https:\/\/demo.perimeter-solutions.com\/wp-content\/uploads\/2024\/06\/AUXQUIMIA_Unipol-FF-3-6-ENG-A4_v2_Page_1-scaled.jpg\" \/>\n\t<meta property=\"og:image:width\" content=\"1811\" \/>\n\t<meta property=\"og:image:height\" content=\"2560\" \/>\n\t<meta property=\"og:image:type\" content=\"image\/jpeg\" \/>\n<meta name=\"twitter:card\" content=\"summary_large_image\" \/>\n<meta name=\"twitter:label1\" content=\"Gesch\u00e4tzte Lesezeit\" \/>\n\t<meta name=\"twitter:data1\" content=\"2\u00a0Minuten\" \/>\n<script type=\"application\/ld+json\" class=\"yoast-schema-graph\">{\"@context\":\"https:\/\/schema.org\",\"@graph\":[{\"@type\":\"WebPage\",\"@id\":\"https:\/\/demo.perimeter-solutions.com\/de\/product\/auxquimia-unipol-ff-3-6\/\",\"url\":\"https:\/\/demo.perimeter-solutions.com\/de\/product\/auxquimia-unipol-ff-3-6\/\",\"name\":\"AUXQUIMIA\u00ae UNIPOL-FF\u2122 3\/6 - PS Demo site\",\"isPartOf\":{\"@id\":\"https:\/\/demo.perimeter-solutions.com\/de\/#website\"},\"primaryImageOfPage\":{\"@id\":\"https:\/\/demo.perimeter-solutions.com\/de\/product\/auxquimia-unipol-ff-3-6\/#primaryimage\"},\"image\":{\"@id\":\"https:\/\/demo.perimeter-solutions.com\/de\/product\/auxquimia-unipol-ff-3-6\/#primaryimage\"},\"thumbnailUrl\":\"https:\/\/demo.perimeter-solutions.com\/wp-content\/uploads\/2024\/06\/AUXQUIMIA_Unipol-FF-3-6-ENG-A4_v2_Page_1-scaled.jpg\",\"datePublished\":\"2024-06-28T17:47:08+00:00\",\"dateModified\":\"2024-08-14T20:03:49+00:00\",\"description\":\"AUXQUIMIA\u00ae UNIPOL-FF\u2122 3\/6 ist ein Schaummittelkonzentrat, das mit einer speziellen Kombination aus Kohlenwasserstoff-Tensiden und pseudoplastischen Polymeren formuliert wurde, die seinen Schauml\u00f6sungen ausgezeichnete Schaum-, L\u00f6sch- und R\u00fcckbrenneigenschaften verleiht.\",\"breadcrumb\":{\"@id\":\"https:\/\/demo.perimeter-solutions.com\/de\/product\/auxquimia-unipol-ff-3-6\/#breadcrumb\"},\"inLanguage\":\"de\",\"potentialAction\":[{\"@type\":\"ReadAction\",\"target\":[\"https:\/\/demo.perimeter-solutions.com\/de\/product\/auxquimia-unipol-ff-3-6\/\"]}]},{\"@type\":\"ImageObject\",\"inLanguage\":\"de\",\"@id\":\"https:\/\/demo.perimeter-solutions.com\/de\/product\/auxquimia-unipol-ff-3-6\/#primaryimage\",\"url\":\"https:\/\/demo.perimeter-solutions.com\/wp-content\/uploads\/2024\/06\/AUXQUIMIA_Unipol-FF-3-6-ENG-A4_v2_Page_1-scaled.jpg\",\"contentUrl\":\"https:\/\/demo.perimeter-solutions.com\/wp-content\/uploads\/2024\/06\/AUXQUIMIA_Unipol-FF-3-6-ENG-A4_v2_Page_1-scaled.jpg\",\"width\":1811,\"height\":2560},{\"@type\":\"BreadcrumbList\",\"@id\":\"https:\/\/demo.perimeter-solutions.com\/de\/product\/auxquimia-unipol-ff-3-6\/#breadcrumb\",\"itemListElement\":[{\"@type\":\"ListItem\",\"position\":1,\"name\":\"Produktkatalog\",\"item\":\"https:\/\/demo.perimeter-solutions.com\/de\/produktkatalog\/\"},{\"@type\":\"ListItem\",\"position\":2,\"name\":\"AUXQUIMIA\u00ae UNIPOL-FF\u2122 3\/6\"}]},{\"@type\":\"WebSite\",\"@id\":\"https:\/\/demo.perimeter-solutions.com\/de\/#website\",\"url\":\"https:\/\/demo.perimeter-solutions.com\/de\/\",\"name\":\"PS Demo site\",\"description\":\"\",\"publisher\":{\"@id\":\"https:\/\/demo.perimeter-solutions.com\/de\/#organization\"},\"potentialAction\":[{\"@type\":\"SearchAction\",\"target\":{\"@type\":\"EntryPoint\",\"urlTemplate\":\"https:\/\/demo.perimeter-solutions.com\/de\/?s={search_term_string}\"},\"query-input\":{\"@type\":\"PropertyValueSpecification\",\"valueRequired\":true,\"valueName\":\"search_term_string\"}}],\"inLanguage\":\"de\"},{\"@type\":\"Organization\",\"@id\":\"https:\/\/demo.perimeter-solutions.com\/de\/#organization\",\"name\":\"Perimeter Solutions\",\"url\":\"https:\/\/demo.perimeter-solutions.com\/de\/\",\"logo\":{\"@type\":\"ImageObject\",\"inLanguage\":\"de\",\"@id\":\"https:\/\/demo.perimeter-solutions.com\/de\/#\/schema\/logo\/image\/\",\"url\":\"https:\/\/demo.perimeter-solutions.com\/wp-content\/uploads\/2021\/02\/perimeter-logo-RGB.png\",\"contentUrl\":\"https:\/\/demo.perimeter-solutions.com\/wp-content\/uploads\/2021\/02\/perimeter-logo-RGB.png\",\"width\":794,\"height\":138,\"caption\":\"Perimeter Solutions\"},\"image\":{\"@id\":\"https:\/\/demo.perimeter-solutions.com\/de\/#\/schema\/logo\/image\/\"}}]}<\/script>\n<!-- \/ Yoast SEO Premium plugin. -->","yoast_head_json":{"title":"AUXQUIMIA\u00ae UNIPOL-FF\u2122 3\/6 - PS Demo site","description":"AUXQUIMIA\u00ae UNIPOL-FF\u2122 3\/6 ist ein Schaummittelkonzentrat, das mit einer speziellen Kombination aus Kohlenwasserstoff-Tensiden und pseudoplastischen Polymeren formuliert wurde, die seinen Schauml\u00f6sungen ausgezeichnete Schaum-, L\u00f6sch- und R\u00fcckbrenneigenschaften verleiht.","robots":{"index":"noindex","follow":"follow","max-snippet":"max-snippet:-1","max-image-preview":"max-image-preview:large","max-video-preview":"max-video-preview:-1"},"og_locale":"de_DE","og_type":"article","og_title":"AUXQUIMIA\u00ae UNIPOL-FF\u2122 3\/6","og_description":"AUXQUIMIA\u00ae UNIPOL-FF\u2122 3\/6 ist ein Schaummittelkonzentrat, das mit einer speziellen Kombination aus Kohlenwasserstoff-Tensiden und pseudoplastischen Polymeren formuliert wurde, die seinen Schauml\u00f6sungen ausgezeichnete Schaum-, L\u00f6sch- und R\u00fcckbrenneigenschaften verleiht.","og_url":"https:\/\/demo.perimeter-solutions.com\/de\/product\/auxquimia-unipol-ff-3-6\/","og_site_name":"PS Demo site","article_modified_time":"2024-08-14T20:03:49+00:00","og_image":[{"width":1811,"height":2560,"url":"https:\/\/demo.perimeter-solutions.com\/wp-content\/uploads\/2024\/06\/AUXQUIMIA_Unipol-FF-3-6-ENG-A4_v2_Page_1-scaled.jpg","type":"image\/jpeg"}],"twitter_card":"summary_large_image","twitter_misc":{"Gesch\u00e4tzte Lesezeit":"2\u00a0Minuten"},"schema":{"@context":"https:\/\/schema.org","@graph":[{"@type":"WebPage","@id":"https:\/\/demo.perimeter-solutions.com\/de\/product\/auxquimia-unipol-ff-3-6\/","url":"https:\/\/demo.perimeter-solutions.com\/de\/product\/auxquimia-unipol-ff-3-6\/","name":"AUXQUIMIA\u00ae UNIPOL-FF\u2122 3\/6 - PS Demo site","isPartOf":{"@id":"https:\/\/demo.perimeter-solutions.com\/de\/#website"},"primaryImageOfPage":{"@id":"https:\/\/demo.perimeter-solutions.com\/de\/product\/auxquimia-unipol-ff-3-6\/#primaryimage"},"image":{"@id":"https:\/\/demo.perimeter-solutions.com\/de\/product\/auxquimia-unipol-ff-3-6\/#primaryimage"},"thumbnailUrl":"https:\/\/demo.perimeter-solutions.com\/wp-content\/uploads\/2024\/06\/AUXQUIMIA_Unipol-FF-3-6-ENG-A4_v2_Page_1-scaled.jpg","datePublished":"2024-06-28T17:47:08+00:00","dateModified":"2024-08-14T20:03:49+00:00","description":"AUXQUIMIA\u00ae UNIPOL-FF\u2122 3\/6 ist ein Schaummittelkonzentrat, das mit einer speziellen Kombination aus Kohlenwasserstoff-Tensiden und pseudoplastischen Polymeren formuliert wurde, die seinen Schauml\u00f6sungen ausgezeichnete Schaum-, L\u00f6sch- und R\u00fcckbrenneigenschaften verleiht.","breadcrumb":{"@id":"https:\/\/demo.perimeter-solutions.com\/de\/product\/auxquimia-unipol-ff-3-6\/#breadcrumb"},"inLanguage":"de","potentialAction":[{"@type":"ReadAction","target":["https:\/\/demo.perimeter-solutions.com\/de\/product\/auxquimia-unipol-ff-3-6\/"]}]},{"@type":"ImageObject","inLanguage":"de","@id":"https:\/\/demo.perimeter-solutions.com\/de\/product\/auxquimia-unipol-ff-3-6\/#primaryimage","url":"https:\/\/demo.perimeter-solutions.com\/wp-content\/uploads\/2024\/06\/AUXQUIMIA_Unipol-FF-3-6-ENG-A4_v2_Page_1-scaled.jpg","contentUrl":"https:\/\/demo.perimeter-solutions.com\/wp-content\/uploads\/2024\/06\/AUXQUIMIA_Unipol-FF-3-6-ENG-A4_v2_Page_1-scaled.jpg","width":1811,"height":2560},{"@type":"BreadcrumbList","@id":"https:\/\/demo.perimeter-solutions.com\/de\/product\/auxquimia-unipol-ff-3-6\/#breadcrumb","itemListElement":[{"@type":"ListItem","position":1,"name":"Produktkatalog","item":"https:\/\/demo.perimeter-solutions.com\/de\/produktkatalog\/"},{"@type":"ListItem","position":2,"name":"AUXQUIMIA\u00ae UNIPOL-FF\u2122 3\/6"}]},{"@type":"WebSite","@id":"https:\/\/demo.perimeter-solutions.com\/de\/#website","url":"https:\/\/demo.perimeter-solutions.com\/de\/","name":"PS Demo site","description":"","publisher":{"@id":"https:\/\/demo.perimeter-solutions.com\/de\/#organization"},"potentialAction":[{"@type":"SearchAction","target":{"@type":"EntryPoint","urlTemplate":"https:\/\/demo.perimeter-solutions.com\/de\/?s={search_term_string}"},"query-input":{"@type":"PropertyValueSpecification","valueRequired":true,"valueName":"search_term_string"}}],"inLanguage":"de"},{"@type":"Organization","@id":"https:\/\/demo.perimeter-solutions.com\/de\/#organization","name":"Perimeter Solutions","url":"https:\/\/demo.perimeter-solutions.com\/de\/","logo":{"@type":"ImageObject","inLanguage":"de","@id":"https:\/\/demo.perimeter-solutions.com\/de\/#\/schema\/logo\/image\/","url":"https:\/\/demo.perimeter-solutions.com\/wp-content\/uploads\/2021\/02\/perimeter-logo-RGB.png","contentUrl":"https:\/\/demo.perimeter-solutions.com\/wp-content\/uploads\/2021\/02\/perimeter-logo-RGB.png","width":794,"height":138,"caption":"Perimeter Solutions"},"image":{"@id":"https:\/\/demo.perimeter-solutions.com\/de\/#\/schema\/logo\/image\/"}}]}},"_links":{"self":[{"href":"https:\/\/demo.perimeter-solutions.com\/de\/wp-json\/wp\/v2\/product\/42255","targetHints":{"allow":["GET"]}}],"collection":[{"href":"https:\/\/demo.perimeter-solutions.com\/de\/wp-json\/wp\/v2\/product"}],"about":[{"href":"https:\/\/demo.perimeter-solutions.com\/de\/wp-json\/wp\/v2\/types\/product"}],"wp:featuredmedia":[{"embeddable":true,"href":"https:\/\/demo.perimeter-solutions.com\/de\/wp-json\/wp\/v2\/media\/42257"}],"wp:attachment":[{"href":"https:\/\/demo.perimeter-solutions.com\/de\/wp-json\/wp\/v2\/media?parent=42255"}],"wp:term":[{"taxonomy":"product_cat","embeddable":true,"href":"https:\/\/demo.perimeter-solutions.com\/de\/wp-json\/wp\/v2\/product_cat?post=42255"},{"taxonomy":"product_tag","embeddable":true,"href":"https:\/\/demo.perimeter-solutions.com\/de\/wp-json\/wp\/v2\/product_tag?post=42255"}],"curies":[{"name":"wp","href":"https:\/\/api.w.org\/{rel}","templated":true}]}}