{"id":42286,"date":"2024-06-28T14:25:54","date_gmt":"2024-06-28T18:25:54","guid":{"rendered":"https:\/\/demo.perimeter-solutions.com\/product\/solberg-re-healing-3x3-fluorfrei-sp-100\/"},"modified":"2024-08-14T16:11:41","modified_gmt":"2024-08-14T20:11:41","slug":"solberg-re-healing-3x3-fluorfrei-sp-100","status":"publish","type":"product","link":"https:\/\/demo.perimeter-solutions.com\/de\/product\/solberg-re-healing-3x3-fluorfrei-sp-100\/","title":{"rendered":"SOLBERG<sup>\u00ae<\/sup> RE-HEALING\u2122 3X3 FLUORFREI SP-100"},"content":{"rendered":"<div><strong>SOLBERG<sup>\u00ae<\/sup> RE-HEALING<sup>\u2122<\/sup> 3\u00d73 FLUORINE-FREE SP-100<\/strong> Schaummittel ist das branchenweit erste UL-gelistete fluorfreie 3\u00d73-Schaummittel mit dem vollen Umfang an Hardware und Sprinklerlisten, einschlie\u00dflich nicht angesaugter Standard-Sprinklerk\u00f6pfe. Es enth\u00e4lt eine innovative Technologie, die nicht persistent ist, keine Silikon-\/Siloxanchemikalien enth\u00e4lt und keine absichtlich zugesetzten PFAS-Chemikalien enth\u00e4lt. SOLBERG RE-HEALING 3\u00d73 FLUORINE-FREE SP-100 ist f\u00fcr das L\u00f6schen und Sichern sowohl von Br\u00e4nden der Klasse B (Kohlenwasserstoff-Brennstoff und polarer L\u00f6sungsmittel-Brennstoff) als auch von tiefsitzenden Br\u00e4nden der Klasse A konzipiert. Dieses fluorfreie Schaummittelkonzentrat ist eine Kombination aus firmeneigenen Kohlenwasserstoff-Tensiden und Additiven, die hervorragende Schaum-, Dampfdichtungs- und Stabilit\u00e4tseigenschaften f\u00fcr die Bek\u00e4mpfung und Sicherung von sowohl oberfl\u00e4chlichen als auch tiefliegenden Br\u00e4nden bieten. SOLBERG RE-HEALING 3\u00d73 FLUORINE-FREE SP-100 wurde speziell f\u00fcr Sprinkleranwendungen entwickelt, um Brennstoffe der Klasse B (Kohlenwasserstoffbrennstoffe und polare L\u00f6sungsmittel) zu l\u00f6schen und zu sichern. Dank dieser Technologie kann es sowohl \u00fcber Standard- als auch \u00fcber Luftsprinklerk\u00f6pfe bei Br\u00e4nden von Kohlenwasserstoffen und polaren L\u00f6sungsmitteln erfolgreich eingesetzt werden. SOLBERG RE-HEALING 3\u00d73 FLUORINE-FREE SP-100 kann auch mit einer Vielzahl von D\u00fcsen und Monitoren mit geringer Ausdehnung verwendet werden. Es ist vollst\u00e4ndig kompatibel und l\u00e4sst sich leicht mit Standard-Feuerwehrausr\u00fcstung dosieren, einschlie\u00dflich Inline-Induktoren, selbstinduzierenden D\u00fcsen, Feuerl\u00f6schpumpen, Blasentanks, Pumpenskids, Gleichdrucksystemen und mehr. <strong>ZERTIFIZIERUNGEN: <\/strong>UL 162 (siehe Technisches Datenblatt f\u00fcr Ger\u00e4teauflistungen), FM Approved<\/div>\n<p>&nbsp;<\/p>\n<h4>Verf\u00fcgbare Optionen<\/h4>\n","protected":false},"excerpt":{"rendered":"<p>SOLBERG\u00ae RE-HEALING\u2122 3\u00d73 FLUORINE-FREE SP-100 Schaummittel ist das branchenweit erste UL-gelistete fluorfreie 3\u00d73-Schaummittel mit dem vollen Umfang an Hardware und Sprinklerlisten, einschlie\u00dflich nicht angesaugter Standard-Sprinklerk\u00f6pfe. Es enth\u00e4lt eine innovative Technologie, [&hellip;]<\/p>\n","protected":false},"featured_media":42288,"template":"","meta":{"_acf_changed":false},"product_cat":[198,187],"product_tag":[223,229,231,218,245,247,241,243],"class_list":{"0":"post-42286","1":"product","2":"type-product","3":"status-publish","4":"has-post-thumbnail","6":"product_cat-class-b-fluorine-free-de","7":"product_cat-class-b-de","8":"product_tag-fm","9":"product_tag-icao-de","10":"product_tag-industriell","11":"product_tag-luftfahrt","12":"product_tag-marine-de","13":"product_tag-ol-und-gas","14":"product_tag-solberg-de","15":"product_tag-ul-162","17":"first","18":"instock","19":"shipping-taxable","20":"purchasable","21":"product-type-simple"},"acf":[],"yoast_head":"<!-- This site is optimized with the Yoast SEO Premium plugin v21.9 (Yoast SEO v23.5) - https:\/\/yoast.com\/wordpress\/plugins\/seo\/ -->\n<title>SOLBERG\u00ae RE-HEALING\u2122 3X3 FLUORFREI SP-100 - PS Demo site<\/title>\n<meta name=\"robots\" content=\"noindex, follow, max-snippet:-1, max-image-preview:large, max-video-preview:-1\" \/>\n<meta property=\"og:locale\" content=\"de_DE\" \/>\n<meta property=\"og:type\" content=\"article\" \/>\n<meta property=\"og:title\" content=\"SOLBERG\u00ae RE-HEALING\u2122 3X3 FLUORFREI SP-100\" \/>\n<meta property=\"og:description\" content=\"SOLBERG\u00ae RE-HEALING\u2122 3\u00d73 FLUORINE-FREE SP-100 Schaummittel ist das branchenweit erste UL-gelistete fluorfreie 3\u00d73-Schaummittel mit dem vollen Umfang an Hardware und Sprinklerlisten, einschlie\u00dflich nicht angesaugter Standard-Sprinklerk\u00f6pfe. Es enth\u00e4lt eine innovative Technologie, [&hellip;]\" \/>\n<meta property=\"og:url\" content=\"https:\/\/demo.perimeter-solutions.com\/de\/product\/solberg-re-healing-3x3-fluorfrei-sp-100\/\" \/>\n<meta property=\"og:site_name\" content=\"PS Demo site\" \/>\n<meta property=\"article:modified_time\" content=\"2024-08-14T20:11:41+00:00\" \/>\n<meta name=\"twitter:card\" content=\"summary_large_image\" \/>\n<meta name=\"twitter:label1\" content=\"Gesch\u00e4tzte Lesezeit\" \/>\n\t<meta name=\"twitter:data1\" content=\"2\u00a0Minuten\" \/>\n<script type=\"application\/ld+json\" class=\"yoast-schema-graph\">{\"@context\":\"https:\/\/schema.org\",\"@graph\":[{\"@type\":\"WebPage\",\"@id\":\"https:\/\/demo.perimeter-solutions.com\/de\/product\/solberg-re-healing-3x3-fluorfrei-sp-100\/\",\"url\":\"https:\/\/demo.perimeter-solutions.com\/de\/product\/solberg-re-healing-3x3-fluorfrei-sp-100\/\",\"name\":\"SOLBERG\u00ae RE-HEALING\u2122 3X3 FLUORFREI SP-100 - PS Demo site\",\"isPartOf\":{\"@id\":\"https:\/\/demo.perimeter-solutions.com\/de\/#website\"},\"primaryImageOfPage\":{\"@id\":\"https:\/\/demo.perimeter-solutions.com\/de\/product\/solberg-re-healing-3x3-fluorfrei-sp-100\/#primaryimage\"},\"image\":{\"@id\":\"https:\/\/demo.perimeter-solutions.com\/de\/product\/solberg-re-healing-3x3-fluorfrei-sp-100\/#primaryimage\"},\"thumbnailUrl\":\"https:\/\/demo.perimeter-solutions.com\/wp-content\/uploads\/2024\/06\/SOLBERG-RE-HEALING-3x3-FLUORINE-FREE-SP-100-datasheet_Letter-v18-pdf.jpg\",\"datePublished\":\"2024-06-28T18:25:54+00:00\",\"dateModified\":\"2024-08-14T20:11:41+00:00\",\"breadcrumb\":{\"@id\":\"https:\/\/demo.perimeter-solutions.com\/de\/product\/solberg-re-healing-3x3-fluorfrei-sp-100\/#breadcrumb\"},\"inLanguage\":\"de\",\"potentialAction\":[{\"@type\":\"ReadAction\",\"target\":[\"https:\/\/demo.perimeter-solutions.com\/de\/product\/solberg-re-healing-3x3-fluorfrei-sp-100\/\"]}]},{\"@type\":\"ImageObject\",\"inLanguage\":\"de\",\"@id\":\"https:\/\/demo.perimeter-solutions.com\/de\/product\/solberg-re-healing-3x3-fluorfrei-sp-100\/#primaryimage\",\"url\":\"https:\/\/demo.perimeter-solutions.com\/wp-content\/uploads\/2024\/06\/SOLBERG-RE-HEALING-3x3-FLUORINE-FREE-SP-100-datasheet_Letter-v18-pdf.jpg\",\"contentUrl\":\"https:\/\/demo.perimeter-solutions.com\/wp-content\/uploads\/2024\/06\/SOLBERG-RE-HEALING-3x3-FLUORINE-FREE-SP-100-datasheet_Letter-v18-pdf.jpg\"},{\"@type\":\"BreadcrumbList\",\"@id\":\"https:\/\/demo.perimeter-solutions.com\/de\/product\/solberg-re-healing-3x3-fluorfrei-sp-100\/#breadcrumb\",\"itemListElement\":[{\"@type\":\"ListItem\",\"position\":1,\"name\":\"Produktkatalog\",\"item\":\"https:\/\/demo.perimeter-solutions.com\/de\/produktkatalog\/\"},{\"@type\":\"ListItem\",\"position\":2,\"name\":\"SOLBERG\u00ae RE-HEALING\u2122 3X3 FLUORFREI SP-100\"}]},{\"@type\":\"WebSite\",\"@id\":\"https:\/\/demo.perimeter-solutions.com\/de\/#website\",\"url\":\"https:\/\/demo.perimeter-solutions.com\/de\/\",\"name\":\"PS Demo site\",\"description\":\"\",\"publisher\":{\"@id\":\"https:\/\/demo.perimeter-solutions.com\/de\/#organization\"},\"potentialAction\":[{\"@type\":\"SearchAction\",\"target\":{\"@type\":\"EntryPoint\",\"urlTemplate\":\"https:\/\/demo.perimeter-solutions.com\/de\/?s={search_term_string}\"},\"query-input\":{\"@type\":\"PropertyValueSpecification\",\"valueRequired\":true,\"valueName\":\"search_term_string\"}}],\"inLanguage\":\"de\"},{\"@type\":\"Organization\",\"@id\":\"https:\/\/demo.perimeter-solutions.com\/de\/#organization\",\"name\":\"Perimeter Solutions\",\"url\":\"https:\/\/demo.perimeter-solutions.com\/de\/\",\"logo\":{\"@type\":\"ImageObject\",\"inLanguage\":\"de\",\"@id\":\"https:\/\/demo.perimeter-solutions.com\/de\/#\/schema\/logo\/image\/\",\"url\":\"https:\/\/demo.perimeter-solutions.com\/wp-content\/uploads\/2021\/02\/perimeter-logo-RGB.png\",\"contentUrl\":\"https:\/\/demo.perimeter-solutions.com\/wp-content\/uploads\/2021\/02\/perimeter-logo-RGB.png\",\"width\":794,\"height\":138,\"caption\":\"Perimeter Solutions\"},\"image\":{\"@id\":\"https:\/\/demo.perimeter-solutions.com\/de\/#\/schema\/logo\/image\/\"}}]}<\/script>\n<!-- \/ Yoast SEO Premium plugin. -->","yoast_head_json":{"title":"SOLBERG\u00ae RE-HEALING\u2122 3X3 FLUORFREI SP-100 - PS Demo site","robots":{"index":"noindex","follow":"follow","max-snippet":"max-snippet:-1","max-image-preview":"max-image-preview:large","max-video-preview":"max-video-preview:-1"},"og_locale":"de_DE","og_type":"article","og_title":"SOLBERG\u00ae RE-HEALING\u2122 3X3 FLUORFREI SP-100","og_description":"SOLBERG\u00ae RE-HEALING\u2122 3\u00d73 FLUORINE-FREE SP-100 Schaummittel ist das branchenweit erste UL-gelistete fluorfreie 3\u00d73-Schaummittel mit dem vollen Umfang an Hardware und Sprinklerlisten, einschlie\u00dflich nicht angesaugter Standard-Sprinklerk\u00f6pfe. Es enth\u00e4lt eine innovative Technologie, [&hellip;]","og_url":"https:\/\/demo.perimeter-solutions.com\/de\/product\/solberg-re-healing-3x3-fluorfrei-sp-100\/","og_site_name":"PS Demo site","article_modified_time":"2024-08-14T20:11:41+00:00","twitter_card":"summary_large_image","twitter_misc":{"Gesch\u00e4tzte Lesezeit":"2\u00a0Minuten"},"schema":{"@context":"https:\/\/schema.org","@graph":[{"@type":"WebPage","@id":"https:\/\/demo.perimeter-solutions.com\/de\/product\/solberg-re-healing-3x3-fluorfrei-sp-100\/","url":"https:\/\/demo.perimeter-solutions.com\/de\/product\/solberg-re-healing-3x3-fluorfrei-sp-100\/","name":"SOLBERG\u00ae RE-HEALING\u2122 3X3 FLUORFREI SP-100 - PS Demo site","isPartOf":{"@id":"https:\/\/demo.perimeter-solutions.com\/de\/#website"},"primaryImageOfPage":{"@id":"https:\/\/demo.perimeter-solutions.com\/de\/product\/solberg-re-healing-3x3-fluorfrei-sp-100\/#primaryimage"},"image":{"@id":"https:\/\/demo.perimeter-solutions.com\/de\/product\/solberg-re-healing-3x3-fluorfrei-sp-100\/#primaryimage"},"thumbnailUrl":"https:\/\/demo.perimeter-solutions.com\/wp-content\/uploads\/2024\/06\/SOLBERG-RE-HEALING-3x3-FLUORINE-FREE-SP-100-datasheet_Letter-v18-pdf.jpg","datePublished":"2024-06-28T18:25:54+00:00","dateModified":"2024-08-14T20:11:41+00:00","breadcrumb":{"@id":"https:\/\/demo.perimeter-solutions.com\/de\/product\/solberg-re-healing-3x3-fluorfrei-sp-100\/#breadcrumb"},"inLanguage":"de","potentialAction":[{"@type":"ReadAction","target":["https:\/\/demo.perimeter-solutions.com\/de\/product\/solberg-re-healing-3x3-fluorfrei-sp-100\/"]}]},{"@type":"ImageObject","inLanguage":"de","@id":"https:\/\/demo.perimeter-solutions.com\/de\/product\/solberg-re-healing-3x3-fluorfrei-sp-100\/#primaryimage","url":"https:\/\/demo.perimeter-solutions.com\/wp-content\/uploads\/2024\/06\/SOLBERG-RE-HEALING-3x3-FLUORINE-FREE-SP-100-datasheet_Letter-v18-pdf.jpg","contentUrl":"https:\/\/demo.perimeter-solutions.com\/wp-content\/uploads\/2024\/06\/SOLBERG-RE-HEALING-3x3-FLUORINE-FREE-SP-100-datasheet_Letter-v18-pdf.jpg"},{"@type":"BreadcrumbList","@id":"https:\/\/demo.perimeter-solutions.com\/de\/product\/solberg-re-healing-3x3-fluorfrei-sp-100\/#breadcrumb","itemListElement":[{"@type":"ListItem","position":1,"name":"Produktkatalog","item":"https:\/\/demo.perimeter-solutions.com\/de\/produktkatalog\/"},{"@type":"ListItem","position":2,"name":"SOLBERG\u00ae RE-HEALING\u2122 3X3 FLUORFREI SP-100"}]},{"@type":"WebSite","@id":"https:\/\/demo.perimeter-solutions.com\/de\/#website","url":"https:\/\/demo.perimeter-solutions.com\/de\/","name":"PS Demo site","description":"","publisher":{"@id":"https:\/\/demo.perimeter-solutions.com\/de\/#organization"},"potentialAction":[{"@type":"SearchAction","target":{"@type":"EntryPoint","urlTemplate":"https:\/\/demo.perimeter-solutions.com\/de\/?s={search_term_string}"},"query-input":{"@type":"PropertyValueSpecification","valueRequired":true,"valueName":"search_term_string"}}],"inLanguage":"de"},{"@type":"Organization","@id":"https:\/\/demo.perimeter-solutions.com\/de\/#organization","name":"Perimeter Solutions","url":"https:\/\/demo.perimeter-solutions.com\/de\/","logo":{"@type":"ImageObject","inLanguage":"de","@id":"https:\/\/demo.perimeter-solutions.com\/de\/#\/schema\/logo\/image\/","url":"https:\/\/demo.perimeter-solutions.com\/wp-content\/uploads\/2021\/02\/perimeter-logo-RGB.png","contentUrl":"https:\/\/demo.perimeter-solutions.com\/wp-content\/uploads\/2021\/02\/perimeter-logo-RGB.png","width":794,"height":138,"caption":"Perimeter Solutions"},"image":{"@id":"https:\/\/demo.perimeter-solutions.com\/de\/#\/schema\/logo\/image\/"}}]}},"_links":{"self":[{"href":"https:\/\/demo.perimeter-solutions.com\/de\/wp-json\/wp\/v2\/product\/42286","targetHints":{"allow":["GET"]}}],"collection":[{"href":"https:\/\/demo.perimeter-solutions.com\/de\/wp-json\/wp\/v2\/product"}],"about":[{"href":"https:\/\/demo.perimeter-solutions.com\/de\/wp-json\/wp\/v2\/types\/product"}],"wp:featuredmedia":[{"embeddable":true,"href":"https:\/\/demo.perimeter-solutions.com\/de\/wp-json\/wp\/v2\/media\/42288"}],"wp:attachment":[{"href":"https:\/\/demo.perimeter-solutions.com\/de\/wp-json\/wp\/v2\/media?parent=42286"}],"wp:term":[{"taxonomy":"product_cat","embeddable":true,"href":"https:\/\/demo.perimeter-solutions.com\/de\/wp-json\/wp\/v2\/product_cat?post=42286"},{"taxonomy":"product_tag","embeddable":true,"href":"https:\/\/demo.perimeter-solutions.com\/de\/wp-json\/wp\/v2\/product_tag?post=42286"}],"curies":[{"name":"wp","href":"https:\/\/api.w.org\/{rel}","templated":true}]}}