{"id":42294,"date":"2024-06-28T14:29:51","date_gmt":"2024-06-28T18:29:51","guid":{"rendered":"https:\/\/demo.perimeter-solutions.com\/product\/solberg-re-healing-rf6-schaumstoffkonzentrat\/"},"modified":"2024-08-14T16:12:55","modified_gmt":"2024-08-14T20:12:55","slug":"solberg-re-healing-rf6-schaumstoffkonzentrat","status":"publish","type":"product","link":"https:\/\/demo.perimeter-solutions.com\/de\/product\/solberg-re-healing-rf6-schaumstoffkonzentrat\/","title":{"rendered":"SOLBERG<sup>\u00ae<\/sup> RE HEALING\u2122 RF6 SCHAUMSTOFFKONZENTRAT"},"content":{"rendered":"<div>\n<p><strong>SOLBERG<sup> \u00ae<\/sup> RE\u2011HEALING\u2122 RF6 Schaummittel<\/strong> ist ein innovatives, umweltvertr\u00e4gliches, fluortensid- und fluorpolymerfreies Schaumkonzentrat, das zum wirksamen L\u00f6schen von Kohlenwasserstoffbr\u00e4nden der Klasse B verwendet wird. SOLBERG RE\u2011HEALING RF6 Schaummittelkonzentrat ist mit 6%iger L\u00f6sung dosiert in S\u00fc\u00df-, Salz- oder Brackwasser einsetzbar. SOLBERG RE-HEALING RF6 Schaum besitzt aufgrund seines bemerkenswerten Flie\u00df- und schnellen Wiederverschlussverhaltens eine hervorragende R\u00fcckbrandbest\u00e4ndigkeit. SOLBERG RE\u2011HEALING Schaummittelkonzentrate werden mit einer neuen synthetischen Hochleistungsschaumtechnologie formuliert, um traditionelle AFFF, FFFP Schaummittelmittel und \u00e4ltere Protein- und Fluorproteinsch\u00e4ume zu ersetzen. SOLBERG RE-HEALING RF6 Schaummittel ist f\u00fcr den Einsatz bei Kohlenwasserstoffbr\u00e4nden der Klasse B vorgesehen. Es ist nicht f\u00fcr die Verwendung mit polaren L\u00f6sungsmittelkraftstoffen der Klasse B vorgesehen. Der Schaum kann verwendet werden, um eine erneute Entz\u00fcndung einer versch\u00fctteten Fl\u00fcssigkeit zu verhindern und gef\u00e4hrliche D\u00e4mpfe zu kontrollieren. Bei Brennstoffen der Klasse A verbessert SOLBERG RE-HEALING RF6 Schaum die L\u00f6schung bei tiefliegenden Br\u00e4nden. Schaumaustragsger\u00e4te wie luftansaugende sowie nicht luftansaugende Ger\u00e4te, einschlie\u00dflich Standard-Sprinklerk\u00f6pfe, k\u00f6nnen verwendet werden, um maximale Ergebnisse zu erzielen. Das Produkt wird aus 3 Teilen Schaummittelkonzentrat mit 97 Teilen Wasser gemischt. Es kann auch als 6%ige Vormischungsl\u00f6sung verwendet werden. SOLBERG RE-HEALING RF3-Schaum ist mit den meisten Trockenpulver (chemischen) Mitteln kompatibel. <strong>ZERTIFIZIERUNGEN: <\/strong><span class=\"TextRun SCXW223846905 BCX0\" lang=\"EN-US\" xml:lang=\"EN-US\" data-contrast=\"none\"><span class=\"NormalTextRun SCXW223846905 BCX0\" data-ccp-charstyle=\"x_a1\" data-ccp-charstyle-defn=\"{\">Europ\u00e4ische Norm EN 1568 Teil 3 und International Civil Aviation <\/span><\/span><span class=\"TextRun SCXW223846905 BCX0\" lang=\"EN-US\" xml:lang=\"EN-US\" data-contrast=\"none\"><span class=\"NormalTextRun SCXW223846905 BCX0\" data-ccp-charstyle=\"x_a1\">Organisation (ICAO) Stufe B.<\/span><\/span><\/p>\n<\/div>\n<p>&nbsp;<\/p>\n<h4>Verf\u00fcgbare Optionen<\/h4>\n","protected":false},"excerpt":{"rendered":"<p>SOLBERG \u00ae RE\u2011HEALING\u2122 RF6 Schaummittel ist ein innovatives, umweltvertr\u00e4gliches, fluortensid- und fluorpolymerfreies Schaumkonzentrat, das zum wirksamen L\u00f6schen von Kohlenwasserstoffbr\u00e4nden der Klasse B verwendet wird. SOLBERG RE\u2011HEALING RF6 Schaummittelkonzentrat ist mit [&hellip;]<\/p>\n","protected":false},"featured_media":42295,"template":"","meta":{"_acf_changed":false},"product_cat":[198,187],"product_tag":[221,229,231,251,218,241],"class_list":{"0":"post-42294","1":"product","2":"type-product","3":"status-publish","4":"has-post-thumbnail","6":"product_cat-class-b-fluorine-free-de","7":"product_cat-class-b-de","8":"product_tag-en-1568-de","9":"product_tag-icao-de","10":"product_tag-industriell","11":"product_tag-kommunal","12":"product_tag-luftfahrt","13":"product_tag-solberg-de","15":"first","16":"instock","17":"shipping-taxable","18":"purchasable","19":"product-type-simple"},"acf":[],"yoast_head":"<!-- This site is optimized with the Yoast SEO Premium plugin v21.9 (Yoast SEO v23.5) - https:\/\/yoast.com\/wordpress\/plugins\/seo\/ -->\n<title>SOLBERG\u00ae RE HEALING\u2122 RF6 SCHAUMSTOFFKONZENTRAT - PS Demo site<\/title>\n<meta name=\"robots\" content=\"noindex, follow, max-snippet:-1, max-image-preview:large, max-video-preview:-1\" \/>\n<meta property=\"og:locale\" content=\"de_DE\" \/>\n<meta property=\"og:type\" content=\"article\" \/>\n<meta property=\"og:title\" content=\"SOLBERG\u00ae RE HEALING\u2122 RF6 SCHAUMSTOFFKONZENTRAT\" \/>\n<meta property=\"og:description\" content=\"SOLBERG \u00ae RE\u2011HEALING\u2122 RF6 Schaummittel ist ein innovatives, umweltvertr\u00e4gliches, fluortensid- und fluorpolymerfreies Schaumkonzentrat, das zum wirksamen L\u00f6schen von Kohlenwasserstoffbr\u00e4nden der Klasse B verwendet wird. SOLBERG RE\u2011HEALING RF6 Schaummittelkonzentrat ist mit [&hellip;]\" \/>\n<meta property=\"og:url\" content=\"https:\/\/demo.perimeter-solutions.com\/de\/product\/solberg-re-healing-rf6-schaumstoffkonzentrat\/\" \/>\n<meta property=\"og:site_name\" content=\"PS Demo site\" \/>\n<meta property=\"article:modified_time\" content=\"2024-08-14T20:12:55+00:00\" \/>\n<meta name=\"twitter:card\" content=\"summary_large_image\" \/>\n<meta name=\"twitter:label1\" content=\"Gesch\u00e4tzte Lesezeit\" \/>\n\t<meta name=\"twitter:data1\" content=\"2\u00a0Minuten\" \/>\n<script type=\"application\/ld+json\" class=\"yoast-schema-graph\">{\"@context\":\"https:\/\/schema.org\",\"@graph\":[{\"@type\":\"WebPage\",\"@id\":\"https:\/\/demo.perimeter-solutions.com\/de\/product\/solberg-re-healing-rf6-schaumstoffkonzentrat\/\",\"url\":\"https:\/\/demo.perimeter-solutions.com\/de\/product\/solberg-re-healing-rf6-schaumstoffkonzentrat\/\",\"name\":\"SOLBERG\u00ae RE HEALING\u2122 RF6 SCHAUMSTOFFKONZENTRAT - PS Demo site\",\"isPartOf\":{\"@id\":\"https:\/\/demo.perimeter-solutions.com\/de\/#website\"},\"primaryImageOfPage\":{\"@id\":\"https:\/\/demo.perimeter-solutions.com\/de\/product\/solberg-re-healing-rf6-schaumstoffkonzentrat\/#primaryimage\"},\"image\":{\"@id\":\"https:\/\/demo.perimeter-solutions.com\/de\/product\/solberg-re-healing-rf6-schaumstoffkonzentrat\/#primaryimage\"},\"thumbnailUrl\":\"https:\/\/demo.perimeter-solutions.com\/wp-content\/uploads\/2024\/06\/PERI_Rehealing_RF6_FoamConcentrate_Datasheet_APAC_v2-1-pdf.jpg\",\"datePublished\":\"2024-06-28T18:29:51+00:00\",\"dateModified\":\"2024-08-14T20:12:55+00:00\",\"breadcrumb\":{\"@id\":\"https:\/\/demo.perimeter-solutions.com\/de\/product\/solberg-re-healing-rf6-schaumstoffkonzentrat\/#breadcrumb\"},\"inLanguage\":\"de\",\"potentialAction\":[{\"@type\":\"ReadAction\",\"target\":[\"https:\/\/demo.perimeter-solutions.com\/de\/product\/solberg-re-healing-rf6-schaumstoffkonzentrat\/\"]}]},{\"@type\":\"ImageObject\",\"inLanguage\":\"de\",\"@id\":\"https:\/\/demo.perimeter-solutions.com\/de\/product\/solberg-re-healing-rf6-schaumstoffkonzentrat\/#primaryimage\",\"url\":\"https:\/\/demo.perimeter-solutions.com\/wp-content\/uploads\/2024\/06\/PERI_Rehealing_RF6_FoamConcentrate_Datasheet_APAC_v2-1-pdf.jpg\",\"contentUrl\":\"https:\/\/demo.perimeter-solutions.com\/wp-content\/uploads\/2024\/06\/PERI_Rehealing_RF6_FoamConcentrate_Datasheet_APAC_v2-1-pdf.jpg\"},{\"@type\":\"BreadcrumbList\",\"@id\":\"https:\/\/demo.perimeter-solutions.com\/de\/product\/solberg-re-healing-rf6-schaumstoffkonzentrat\/#breadcrumb\",\"itemListElement\":[{\"@type\":\"ListItem\",\"position\":1,\"name\":\"Produktkatalog\",\"item\":\"https:\/\/demo.perimeter-solutions.com\/de\/produktkatalog\/\"},{\"@type\":\"ListItem\",\"position\":2,\"name\":\"SOLBERG\u00ae RE HEALING\u2122 RF6 SCHAUMSTOFFKONZENTRAT\"}]},{\"@type\":\"WebSite\",\"@id\":\"https:\/\/demo.perimeter-solutions.com\/de\/#website\",\"url\":\"https:\/\/demo.perimeter-solutions.com\/de\/\",\"name\":\"PS Demo site\",\"description\":\"\",\"publisher\":{\"@id\":\"https:\/\/demo.perimeter-solutions.com\/de\/#organization\"},\"potentialAction\":[{\"@type\":\"SearchAction\",\"target\":{\"@type\":\"EntryPoint\",\"urlTemplate\":\"https:\/\/demo.perimeter-solutions.com\/de\/?s={search_term_string}\"},\"query-input\":{\"@type\":\"PropertyValueSpecification\",\"valueRequired\":true,\"valueName\":\"search_term_string\"}}],\"inLanguage\":\"de\"},{\"@type\":\"Organization\",\"@id\":\"https:\/\/demo.perimeter-solutions.com\/de\/#organization\",\"name\":\"Perimeter Solutions\",\"url\":\"https:\/\/demo.perimeter-solutions.com\/de\/\",\"logo\":{\"@type\":\"ImageObject\",\"inLanguage\":\"de\",\"@id\":\"https:\/\/demo.perimeter-solutions.com\/de\/#\/schema\/logo\/image\/\",\"url\":\"https:\/\/demo.perimeter-solutions.com\/wp-content\/uploads\/2021\/02\/perimeter-logo-RGB.png\",\"contentUrl\":\"https:\/\/demo.perimeter-solutions.com\/wp-content\/uploads\/2021\/02\/perimeter-logo-RGB.png\",\"width\":794,\"height\":138,\"caption\":\"Perimeter Solutions\"},\"image\":{\"@id\":\"https:\/\/demo.perimeter-solutions.com\/de\/#\/schema\/logo\/image\/\"}}]}<\/script>\n<!-- \/ Yoast SEO Premium plugin. -->","yoast_head_json":{"title":"SOLBERG\u00ae RE HEALING\u2122 RF6 SCHAUMSTOFFKONZENTRAT - PS Demo site","robots":{"index":"noindex","follow":"follow","max-snippet":"max-snippet:-1","max-image-preview":"max-image-preview:large","max-video-preview":"max-video-preview:-1"},"og_locale":"de_DE","og_type":"article","og_title":"SOLBERG\u00ae RE HEALING\u2122 RF6 SCHAUMSTOFFKONZENTRAT","og_description":"SOLBERG \u00ae RE\u2011HEALING\u2122 RF6 Schaummittel ist ein innovatives, umweltvertr\u00e4gliches, fluortensid- und fluorpolymerfreies Schaumkonzentrat, das zum wirksamen L\u00f6schen von Kohlenwasserstoffbr\u00e4nden der Klasse B verwendet wird. SOLBERG RE\u2011HEALING RF6 Schaummittelkonzentrat ist mit [&hellip;]","og_url":"https:\/\/demo.perimeter-solutions.com\/de\/product\/solberg-re-healing-rf6-schaumstoffkonzentrat\/","og_site_name":"PS Demo site","article_modified_time":"2024-08-14T20:12:55+00:00","twitter_card":"summary_large_image","twitter_misc":{"Gesch\u00e4tzte Lesezeit":"2\u00a0Minuten"},"schema":{"@context":"https:\/\/schema.org","@graph":[{"@type":"WebPage","@id":"https:\/\/demo.perimeter-solutions.com\/de\/product\/solberg-re-healing-rf6-schaumstoffkonzentrat\/","url":"https:\/\/demo.perimeter-solutions.com\/de\/product\/solberg-re-healing-rf6-schaumstoffkonzentrat\/","name":"SOLBERG\u00ae RE HEALING\u2122 RF6 SCHAUMSTOFFKONZENTRAT - PS Demo site","isPartOf":{"@id":"https:\/\/demo.perimeter-solutions.com\/de\/#website"},"primaryImageOfPage":{"@id":"https:\/\/demo.perimeter-solutions.com\/de\/product\/solberg-re-healing-rf6-schaumstoffkonzentrat\/#primaryimage"},"image":{"@id":"https:\/\/demo.perimeter-solutions.com\/de\/product\/solberg-re-healing-rf6-schaumstoffkonzentrat\/#primaryimage"},"thumbnailUrl":"https:\/\/demo.perimeter-solutions.com\/wp-content\/uploads\/2024\/06\/PERI_Rehealing_RF6_FoamConcentrate_Datasheet_APAC_v2-1-pdf.jpg","datePublished":"2024-06-28T18:29:51+00:00","dateModified":"2024-08-14T20:12:55+00:00","breadcrumb":{"@id":"https:\/\/demo.perimeter-solutions.com\/de\/product\/solberg-re-healing-rf6-schaumstoffkonzentrat\/#breadcrumb"},"inLanguage":"de","potentialAction":[{"@type":"ReadAction","target":["https:\/\/demo.perimeter-solutions.com\/de\/product\/solberg-re-healing-rf6-schaumstoffkonzentrat\/"]}]},{"@type":"ImageObject","inLanguage":"de","@id":"https:\/\/demo.perimeter-solutions.com\/de\/product\/solberg-re-healing-rf6-schaumstoffkonzentrat\/#primaryimage","url":"https:\/\/demo.perimeter-solutions.com\/wp-content\/uploads\/2024\/06\/PERI_Rehealing_RF6_FoamConcentrate_Datasheet_APAC_v2-1-pdf.jpg","contentUrl":"https:\/\/demo.perimeter-solutions.com\/wp-content\/uploads\/2024\/06\/PERI_Rehealing_RF6_FoamConcentrate_Datasheet_APAC_v2-1-pdf.jpg"},{"@type":"BreadcrumbList","@id":"https:\/\/demo.perimeter-solutions.com\/de\/product\/solberg-re-healing-rf6-schaumstoffkonzentrat\/#breadcrumb","itemListElement":[{"@type":"ListItem","position":1,"name":"Produktkatalog","item":"https:\/\/demo.perimeter-solutions.com\/de\/produktkatalog\/"},{"@type":"ListItem","position":2,"name":"SOLBERG\u00ae RE HEALING\u2122 RF6 SCHAUMSTOFFKONZENTRAT"}]},{"@type":"WebSite","@id":"https:\/\/demo.perimeter-solutions.com\/de\/#website","url":"https:\/\/demo.perimeter-solutions.com\/de\/","name":"PS Demo site","description":"","publisher":{"@id":"https:\/\/demo.perimeter-solutions.com\/de\/#organization"},"potentialAction":[{"@type":"SearchAction","target":{"@type":"EntryPoint","urlTemplate":"https:\/\/demo.perimeter-solutions.com\/de\/?s={search_term_string}"},"query-input":{"@type":"PropertyValueSpecification","valueRequired":true,"valueName":"search_term_string"}}],"inLanguage":"de"},{"@type":"Organization","@id":"https:\/\/demo.perimeter-solutions.com\/de\/#organization","name":"Perimeter Solutions","url":"https:\/\/demo.perimeter-solutions.com\/de\/","logo":{"@type":"ImageObject","inLanguage":"de","@id":"https:\/\/demo.perimeter-solutions.com\/de\/#\/schema\/logo\/image\/","url":"https:\/\/demo.perimeter-solutions.com\/wp-content\/uploads\/2021\/02\/perimeter-logo-RGB.png","contentUrl":"https:\/\/demo.perimeter-solutions.com\/wp-content\/uploads\/2021\/02\/perimeter-logo-RGB.png","width":794,"height":138,"caption":"Perimeter Solutions"},"image":{"@id":"https:\/\/demo.perimeter-solutions.com\/de\/#\/schema\/logo\/image\/"}}]}},"_links":{"self":[{"href":"https:\/\/demo.perimeter-solutions.com\/de\/wp-json\/wp\/v2\/product\/42294","targetHints":{"allow":["GET"]}}],"collection":[{"href":"https:\/\/demo.perimeter-solutions.com\/de\/wp-json\/wp\/v2\/product"}],"about":[{"href":"https:\/\/demo.perimeter-solutions.com\/de\/wp-json\/wp\/v2\/types\/product"}],"wp:featuredmedia":[{"embeddable":true,"href":"https:\/\/demo.perimeter-solutions.com\/de\/wp-json\/wp\/v2\/media\/42295"}],"wp:attachment":[{"href":"https:\/\/demo.perimeter-solutions.com\/de\/wp-json\/wp\/v2\/media?parent=42294"}],"wp:term":[{"taxonomy":"product_cat","embeddable":true,"href":"https:\/\/demo.perimeter-solutions.com\/de\/wp-json\/wp\/v2\/product_cat?post=42294"},{"taxonomy":"product_tag","embeddable":true,"href":"https:\/\/demo.perimeter-solutions.com\/de\/wp-json\/wp\/v2\/product_tag?post=42294"}],"curies":[{"name":"wp","href":"https:\/\/api.w.org\/{rel}","templated":true}]}}