{"id":42302,"date":"2024-06-28T14:40:41","date_gmt":"2024-06-28T18:40:41","guid":{"rendered":"https:\/\/demo.perimeter-solutions.com\/product\/solberg-re-healing-rf1-ag-1-schaumkonzentrat\/"},"modified":"2024-08-14T16:14:11","modified_gmt":"2024-08-14T20:14:11","slug":"solberg-re-healing-rf1-ag-1-schaumkonzentrat","status":"publish","type":"product","link":"https:\/\/demo.perimeter-solutions.com\/de\/product\/solberg-re-healing-rf1-ag-1-schaumkonzentrat\/","title":{"rendered":"SOLBERG<sup>\u00ae<\/sup> RE-HEALING\u2122 RF1-AG 1% SCHAUMKONZENTRAT"},"content":{"rendered":"<div>\n<p><strong>SOLBERG<sup>\u00ae<\/sup> RE-HEALING<sup>\u2122<\/sup> RF1-AG, 1% Schaummittelkonzentrat <\/strong>ist ein innovatives, umweltvertr\u00e4gliches, fluortensid- und fluorpolymerfreies Schaummittelkonzentrat, das zum effektiven L\u00f6schen von Br\u00e4nden mit Kohlenwasserstoffen der Klasse B verwendet wird. Das SOLBERG RE-HEALING RF1-AG Schaummittelkonzentrat ist mit einer 1%igen L\u00f6sung dosiert und kann in S\u00fc\u00df- und Salzwasser verwendet werden. SOLBERG RE-HEALING RF1-AG Schaummittelkonzentrat besitzt aufgrund seiner bemerkenswerten Flie\u00dff\u00e4higkeit und schnellen Wiederabdichtungseigenschaften eine ausgezeichnete R\u00fcckbrandfestigkeit. SOLBERG RE-HEALING RF1-AG Schaumstoffkonzentrat wurde unter Verwendung einer neuen synthetischen Hochleistungsschaumstofftechnologie formuliert und ersetzt herk\u00f6mmliche AFFF- und FFFP-Schaumstoffkonzentrate sowie \u00e4ltere Protein- und Fluorprotein-Schaumstoffe. SOLBERG RE-HEALING RF1-AG Schaummittel ist f\u00fcr den Einsatz bei Br\u00e4nden von Kohlenwasserstoffbrennstoffen der Klasse B bestimmt. Es ist nicht f\u00fcr die Verwendung mit polaren L\u00f6sungsmittelkraftstoffen der Klasse B vorgesehen. Der Schaum kann verwendet werden, um eine erneute Entz\u00fcndung einer versch\u00fctteten Fl\u00fcssigkeit zu verhindern und gef\u00e4hrliche D\u00e4mpfe zu kontrollieren. Bei Brennstoffen der Klasse A verbessert SOLBERG RE-HEALING RF1-AG Schaum die L\u00f6schung von tief sitzenden Br\u00e4nden. Schaumaustragsger\u00e4te wie Luftansaugger\u00e4te sowie Ger\u00e4te ohne Luftansaugung k\u00f6nnen verwendet werden, um maximale Ergebnisse zu erzielen. Das Produkt wird 1 Teil Schaummittelkonzentrat mit 99 Teilen Wasser gemischt. Es kann auch als 1%ige Vormischungsl\u00f6sung verwendet werden. SOLBERG RE-HEALING RF1-AG Schaumstoff ist mit den meisten Trockenpulver (chemischen) Mitteln kompatibel. <strong>ZERTIFIZIERUNGEN: <\/strong>EN 1568-3:2008 (Klasse 1A) Zugelassen<\/p>\n<\/div>\n<p>&nbsp;<\/p>\n<h4>Verf\u00fcgbare Optionen<\/h4>\n","protected":false},"excerpt":{"rendered":"<p>SOLBERG\u00ae RE-HEALING\u2122 RF1-AG, 1% Schaummittelkonzentrat ist ein innovatives, umweltvertr\u00e4gliches, fluortensid- und fluorpolymerfreies Schaummittelkonzentrat, das zum effektiven L\u00f6schen von Br\u00e4nden mit Kohlenwasserstoffen der Klasse B verwendet wird. Das SOLBERG RE-HEALING RF1-AG [&hellip;]<\/p>\n","protected":false},"featured_media":42303,"template":"","meta":{"_acf_changed":false},"product_cat":[198,187],"product_tag":[221,245,247,241],"class_list":{"0":"post-42302","1":"product","2":"type-product","3":"status-publish","4":"has-post-thumbnail","6":"product_cat-class-b-fluorine-free-de","7":"product_cat-class-b-de","8":"product_tag-en-1568-de","9":"product_tag-marine-de","10":"product_tag-ol-und-gas","11":"product_tag-solberg-de","13":"first","14":"instock","15":"shipping-taxable","16":"purchasable","17":"product-type-simple"},"acf":[],"yoast_head":"<!-- This site is optimized with the Yoast SEO Premium plugin v21.9 (Yoast SEO v23.5) - https:\/\/yoast.com\/wordpress\/plugins\/seo\/ -->\n<title>SOLBERG\u00ae RE-HEALING\u2122 RF1-AG 1% SCHAUMKONZENTRAT - PS Demo site<\/title>\n<meta name=\"description\" content=\"SOLBERG\u00ae RE-HEALING\u2122 RF1-AG, 1% Schaummittelkonzentrat ist ein innovatives, umweltvertr\u00e4gliches, fluortensid- und fluorpolymerfreies Schaummittelkonzentrat, das zum effektiven L\u00f6schen von Br\u00e4nden mit Kohlenwasserstoffen der Klasse B verwendet wird.\" \/>\n<meta name=\"robots\" content=\"noindex, follow, max-snippet:-1, max-image-preview:large, max-video-preview:-1\" \/>\n<meta property=\"og:locale\" content=\"de_DE\" \/>\n<meta property=\"og:type\" content=\"article\" \/>\n<meta property=\"og:title\" content=\"SOLBERG\u00ae RE-HEALING\u2122 RF1-AG 1% SCHAUMKONZENTRAT\" \/>\n<meta property=\"og:description\" content=\"SOLBERG\u00ae RE-HEALING\u2122 RF1-AG, 1% Schaummittelkonzentrat ist ein innovatives, umweltvertr\u00e4gliches, fluortensid- und fluorpolymerfreies Schaummittelkonzentrat, das zum effektiven L\u00f6schen von Br\u00e4nden mit Kohlenwasserstoffen der Klasse B verwendet wird.\" \/>\n<meta property=\"og:url\" content=\"https:\/\/demo.perimeter-solutions.com\/de\/product\/solberg-re-healing-rf1-ag-1-schaumkonzentrat\/\" \/>\n<meta property=\"og:site_name\" content=\"PS Demo site\" \/>\n<meta property=\"article:modified_time\" content=\"2024-08-14T20:14:11+00:00\" \/>\n<meta name=\"twitter:card\" content=\"summary_large_image\" \/>\n<meta name=\"twitter:label1\" content=\"Gesch\u00e4tzte Lesezeit\" \/>\n\t<meta name=\"twitter:data1\" content=\"2\u00a0Minuten\" \/>\n<script type=\"application\/ld+json\" class=\"yoast-schema-graph\">{\"@context\":\"https:\/\/schema.org\",\"@graph\":[{\"@type\":\"WebPage\",\"@id\":\"https:\/\/demo.perimeter-solutions.com\/de\/product\/solberg-re-healing-rf1-ag-1-schaumkonzentrat\/\",\"url\":\"https:\/\/demo.perimeter-solutions.com\/de\/product\/solberg-re-healing-rf1-ag-1-schaumkonzentrat\/\",\"name\":\"SOLBERG\u00ae RE-HEALING\u2122 RF1-AG 1% SCHAUMKONZENTRAT - PS Demo site\",\"isPartOf\":{\"@id\":\"https:\/\/demo.perimeter-solutions.com\/de\/#website\"},\"primaryImageOfPage\":{\"@id\":\"https:\/\/demo.perimeter-solutions.com\/de\/product\/solberg-re-healing-rf1-ag-1-schaumkonzentrat\/#primaryimage\"},\"image\":{\"@id\":\"https:\/\/demo.perimeter-solutions.com\/de\/product\/solberg-re-healing-rf1-ag-1-schaumkonzentrat\/#primaryimage\"},\"thumbnailUrl\":\"https:\/\/demo.perimeter-solutions.com\/wp-content\/uploads\/2024\/06\/PERI_Rehealing_RF1-AG_1_FoamConcentrate_Datasheet_v2-pdf.jpg\",\"datePublished\":\"2024-06-28T18:40:41+00:00\",\"dateModified\":\"2024-08-14T20:14:11+00:00\",\"description\":\"SOLBERG\u00ae RE-HEALING\u2122 RF1-AG, 1% Schaummittelkonzentrat ist ein innovatives, umweltvertr\u00e4gliches, fluortensid- und fluorpolymerfreies Schaummittelkonzentrat, das zum effektiven L\u00f6schen von Br\u00e4nden mit Kohlenwasserstoffen der Klasse B verwendet wird.\",\"breadcrumb\":{\"@id\":\"https:\/\/demo.perimeter-solutions.com\/de\/product\/solberg-re-healing-rf1-ag-1-schaumkonzentrat\/#breadcrumb\"},\"inLanguage\":\"de\",\"potentialAction\":[{\"@type\":\"ReadAction\",\"target\":[\"https:\/\/demo.perimeter-solutions.com\/de\/product\/solberg-re-healing-rf1-ag-1-schaumkonzentrat\/\"]}]},{\"@type\":\"ImageObject\",\"inLanguage\":\"de\",\"@id\":\"https:\/\/demo.perimeter-solutions.com\/de\/product\/solberg-re-healing-rf1-ag-1-schaumkonzentrat\/#primaryimage\",\"url\":\"https:\/\/demo.perimeter-solutions.com\/wp-content\/uploads\/2024\/06\/PERI_Rehealing_RF1-AG_1_FoamConcentrate_Datasheet_v2-pdf.jpg\",\"contentUrl\":\"https:\/\/demo.perimeter-solutions.com\/wp-content\/uploads\/2024\/06\/PERI_Rehealing_RF1-AG_1_FoamConcentrate_Datasheet_v2-pdf.jpg\"},{\"@type\":\"BreadcrumbList\",\"@id\":\"https:\/\/demo.perimeter-solutions.com\/de\/product\/solberg-re-healing-rf1-ag-1-schaumkonzentrat\/#breadcrumb\",\"itemListElement\":[{\"@type\":\"ListItem\",\"position\":1,\"name\":\"Produktkatalog\",\"item\":\"https:\/\/demo.perimeter-solutions.com\/de\/produktkatalog\/\"},{\"@type\":\"ListItem\",\"position\":2,\"name\":\"SOLBERG\u00ae RE-HEALING\u2122 RF1-AG 1% SCHAUMKONZENTRAT\"}]},{\"@type\":\"WebSite\",\"@id\":\"https:\/\/demo.perimeter-solutions.com\/de\/#website\",\"url\":\"https:\/\/demo.perimeter-solutions.com\/de\/\",\"name\":\"PS Demo site\",\"description\":\"\",\"publisher\":{\"@id\":\"https:\/\/demo.perimeter-solutions.com\/de\/#organization\"},\"potentialAction\":[{\"@type\":\"SearchAction\",\"target\":{\"@type\":\"EntryPoint\",\"urlTemplate\":\"https:\/\/demo.perimeter-solutions.com\/de\/?s={search_term_string}\"},\"query-input\":{\"@type\":\"PropertyValueSpecification\",\"valueRequired\":true,\"valueName\":\"search_term_string\"}}],\"inLanguage\":\"de\"},{\"@type\":\"Organization\",\"@id\":\"https:\/\/demo.perimeter-solutions.com\/de\/#organization\",\"name\":\"Perimeter Solutions\",\"url\":\"https:\/\/demo.perimeter-solutions.com\/de\/\",\"logo\":{\"@type\":\"ImageObject\",\"inLanguage\":\"de\",\"@id\":\"https:\/\/demo.perimeter-solutions.com\/de\/#\/schema\/logo\/image\/\",\"url\":\"https:\/\/demo.perimeter-solutions.com\/wp-content\/uploads\/2021\/02\/perimeter-logo-RGB.png\",\"contentUrl\":\"https:\/\/demo.perimeter-solutions.com\/wp-content\/uploads\/2021\/02\/perimeter-logo-RGB.png\",\"width\":794,\"height\":138,\"caption\":\"Perimeter Solutions\"},\"image\":{\"@id\":\"https:\/\/demo.perimeter-solutions.com\/de\/#\/schema\/logo\/image\/\"}}]}<\/script>\n<!-- \/ Yoast SEO Premium plugin. -->","yoast_head_json":{"title":"SOLBERG\u00ae RE-HEALING\u2122 RF1-AG 1% SCHAUMKONZENTRAT - PS Demo site","description":"SOLBERG\u00ae RE-HEALING\u2122 RF1-AG, 1% Schaummittelkonzentrat ist ein innovatives, umweltvertr\u00e4gliches, fluortensid- und fluorpolymerfreies Schaummittelkonzentrat, das zum effektiven L\u00f6schen von Br\u00e4nden mit Kohlenwasserstoffen der Klasse B verwendet wird.","robots":{"index":"noindex","follow":"follow","max-snippet":"max-snippet:-1","max-image-preview":"max-image-preview:large","max-video-preview":"max-video-preview:-1"},"og_locale":"de_DE","og_type":"article","og_title":"SOLBERG\u00ae RE-HEALING\u2122 RF1-AG 1% SCHAUMKONZENTRAT","og_description":"SOLBERG\u00ae RE-HEALING\u2122 RF1-AG, 1% Schaummittelkonzentrat ist ein innovatives, umweltvertr\u00e4gliches, fluortensid- und fluorpolymerfreies Schaummittelkonzentrat, das zum effektiven L\u00f6schen von Br\u00e4nden mit Kohlenwasserstoffen der Klasse B verwendet wird.","og_url":"https:\/\/demo.perimeter-solutions.com\/de\/product\/solberg-re-healing-rf1-ag-1-schaumkonzentrat\/","og_site_name":"PS Demo site","article_modified_time":"2024-08-14T20:14:11+00:00","twitter_card":"summary_large_image","twitter_misc":{"Gesch\u00e4tzte Lesezeit":"2\u00a0Minuten"},"schema":{"@context":"https:\/\/schema.org","@graph":[{"@type":"WebPage","@id":"https:\/\/demo.perimeter-solutions.com\/de\/product\/solberg-re-healing-rf1-ag-1-schaumkonzentrat\/","url":"https:\/\/demo.perimeter-solutions.com\/de\/product\/solberg-re-healing-rf1-ag-1-schaumkonzentrat\/","name":"SOLBERG\u00ae RE-HEALING\u2122 RF1-AG 1% SCHAUMKONZENTRAT - PS Demo site","isPartOf":{"@id":"https:\/\/demo.perimeter-solutions.com\/de\/#website"},"primaryImageOfPage":{"@id":"https:\/\/demo.perimeter-solutions.com\/de\/product\/solberg-re-healing-rf1-ag-1-schaumkonzentrat\/#primaryimage"},"image":{"@id":"https:\/\/demo.perimeter-solutions.com\/de\/product\/solberg-re-healing-rf1-ag-1-schaumkonzentrat\/#primaryimage"},"thumbnailUrl":"https:\/\/demo.perimeter-solutions.com\/wp-content\/uploads\/2024\/06\/PERI_Rehealing_RF1-AG_1_FoamConcentrate_Datasheet_v2-pdf.jpg","datePublished":"2024-06-28T18:40:41+00:00","dateModified":"2024-08-14T20:14:11+00:00","description":"SOLBERG\u00ae RE-HEALING\u2122 RF1-AG, 1% Schaummittelkonzentrat ist ein innovatives, umweltvertr\u00e4gliches, fluortensid- und fluorpolymerfreies Schaummittelkonzentrat, das zum effektiven L\u00f6schen von Br\u00e4nden mit Kohlenwasserstoffen der Klasse B verwendet wird.","breadcrumb":{"@id":"https:\/\/demo.perimeter-solutions.com\/de\/product\/solberg-re-healing-rf1-ag-1-schaumkonzentrat\/#breadcrumb"},"inLanguage":"de","potentialAction":[{"@type":"ReadAction","target":["https:\/\/demo.perimeter-solutions.com\/de\/product\/solberg-re-healing-rf1-ag-1-schaumkonzentrat\/"]}]},{"@type":"ImageObject","inLanguage":"de","@id":"https:\/\/demo.perimeter-solutions.com\/de\/product\/solberg-re-healing-rf1-ag-1-schaumkonzentrat\/#primaryimage","url":"https:\/\/demo.perimeter-solutions.com\/wp-content\/uploads\/2024\/06\/PERI_Rehealing_RF1-AG_1_FoamConcentrate_Datasheet_v2-pdf.jpg","contentUrl":"https:\/\/demo.perimeter-solutions.com\/wp-content\/uploads\/2024\/06\/PERI_Rehealing_RF1-AG_1_FoamConcentrate_Datasheet_v2-pdf.jpg"},{"@type":"BreadcrumbList","@id":"https:\/\/demo.perimeter-solutions.com\/de\/product\/solberg-re-healing-rf1-ag-1-schaumkonzentrat\/#breadcrumb","itemListElement":[{"@type":"ListItem","position":1,"name":"Produktkatalog","item":"https:\/\/demo.perimeter-solutions.com\/de\/produktkatalog\/"},{"@type":"ListItem","position":2,"name":"SOLBERG\u00ae RE-HEALING\u2122 RF1-AG 1% SCHAUMKONZENTRAT"}]},{"@type":"WebSite","@id":"https:\/\/demo.perimeter-solutions.com\/de\/#website","url":"https:\/\/demo.perimeter-solutions.com\/de\/","name":"PS Demo site","description":"","publisher":{"@id":"https:\/\/demo.perimeter-solutions.com\/de\/#organization"},"potentialAction":[{"@type":"SearchAction","target":{"@type":"EntryPoint","urlTemplate":"https:\/\/demo.perimeter-solutions.com\/de\/?s={search_term_string}"},"query-input":{"@type":"PropertyValueSpecification","valueRequired":true,"valueName":"search_term_string"}}],"inLanguage":"de"},{"@type":"Organization","@id":"https:\/\/demo.perimeter-solutions.com\/de\/#organization","name":"Perimeter Solutions","url":"https:\/\/demo.perimeter-solutions.com\/de\/","logo":{"@type":"ImageObject","inLanguage":"de","@id":"https:\/\/demo.perimeter-solutions.com\/de\/#\/schema\/logo\/image\/","url":"https:\/\/demo.perimeter-solutions.com\/wp-content\/uploads\/2021\/02\/perimeter-logo-RGB.png","contentUrl":"https:\/\/demo.perimeter-solutions.com\/wp-content\/uploads\/2021\/02\/perimeter-logo-RGB.png","width":794,"height":138,"caption":"Perimeter Solutions"},"image":{"@id":"https:\/\/demo.perimeter-solutions.com\/de\/#\/schema\/logo\/image\/"}}]}},"_links":{"self":[{"href":"https:\/\/demo.perimeter-solutions.com\/de\/wp-json\/wp\/v2\/product\/42302","targetHints":{"allow":["GET"]}}],"collection":[{"href":"https:\/\/demo.perimeter-solutions.com\/de\/wp-json\/wp\/v2\/product"}],"about":[{"href":"https:\/\/demo.perimeter-solutions.com\/de\/wp-json\/wp\/v2\/types\/product"}],"wp:featuredmedia":[{"embeddable":true,"href":"https:\/\/demo.perimeter-solutions.com\/de\/wp-json\/wp\/v2\/media\/42303"}],"wp:attachment":[{"href":"https:\/\/demo.perimeter-solutions.com\/de\/wp-json\/wp\/v2\/media?parent=42302"}],"wp:term":[{"taxonomy":"product_cat","embeddable":true,"href":"https:\/\/demo.perimeter-solutions.com\/de\/wp-json\/wp\/v2\/product_cat?post=42302"},{"taxonomy":"product_tag","embeddable":true,"href":"https:\/\/demo.perimeter-solutions.com\/de\/wp-json\/wp\/v2\/product_tag?post=42302"}],"curies":[{"name":"wp","href":"https:\/\/api.w.org\/{rel}","templated":true}]}}