{"id":42310,"date":"2024-06-28T13:43:35","date_gmt":"2024-06-28T17:43:35","guid":{"rendered":"https:\/\/demo.perimeter-solutions.com\/product\/phos-chek-3x6-fluorine-free\/"},"modified":"2024-08-14T15:50:52","modified_gmt":"2024-08-14T19:50:52","slug":"phos-chek-3x6-fluorine-free","status":"publish","type":"product","link":"https:\/\/demo.perimeter-solutions.com\/de\/product\/phos-chek-3x6-fluorine-free\/","title":{"rendered":"PHOS-CHEK 3\u00d76% FLUORINE FREE"},"content":{"rendered":"<div>\n<p><strong>PHOS-CHEK<sup>\u00ae<\/sup> 3\u00d76%<\/strong> fluorfreies alkoholbest\u00e4ndiges (AR) Schaummittelkonzentrat ist eine Mischung aus Wasser, Kohlenwasserstofftensiden und pseudoplastischen Polymeren. Dieser organohalogenfreie Schaum ist ein umweltfreundliches Produkt der n\u00e4chsten Generation f\u00fcr den Einsatz bei Kohlenwasserstoffbr\u00e4nden der Klasse B und Br\u00e4nden mit polaren L\u00f6sungsmitteln mit S\u00fc\u00dfwasser. Diese neue Formulierung demonstriert das Engagement von Perimeter Solutions Products f\u00fcr \u00fcberlegene Brandbek\u00e4mpfungsleistung und Umweltverantwortung. PHOS-CHEK 3\u00d76% fluorfrei alkoholbest\u00e4ndig ist ein sehr leistungsf\u00e4higes Netzmittel und kann bei Br\u00e4nden der Klasse A eingesetzt werden. PHOS-CHEK 3\u00d76% fluorfreier alkoholbest\u00e4ndiger Schaum wurde f\u00fcr schnelle Kontrolle und Niederschlagung bei sanften und kraftvollen Anwendungen bei Kohlenwasserstoffbr\u00e4nden entwickelt. Bei polaren L\u00f6sungsmitteln ist der Schaum mit einer Typ-II-Anwendung oder einer sanften Anwendung zugelassen. Das Schaummittelkonzentrat erf\u00fcllt auch die Qualit\u00e4ts- und Leistungstestanforderungen von LASTFIRE.<\/p>\n<p><strong>ZERTIFIZIERUNGEN: <\/strong>UL162\/ULC S564 Listed, EN 1568-3:2008 (Klasse 1A), EN 1568-4:2008 (Klasse 1B) Approved, LASTFIRE.<\/p>\n<\/div>\n<p>&nbsp;<\/p>\n<h4>Verf\u00fcgbare Optionen<\/h4>\n","protected":false},"excerpt":{"rendered":"<p>PHOS-CHEK\u00ae 3\u00d76% fluorfreies alkoholbest\u00e4ndiges (AR) Schaummittelkonzentrat ist eine Mischung aus Wasser, Kohlenwasserstofftensiden und pseudoplastischen Polymeren. Dieser organohalogenfreie Schaum ist ein umweltfreundliches Produkt der n\u00e4chsten Generation f\u00fcr den Einsatz bei Kohlenwasserstoffbr\u00e4nden [&hellip;]<\/p>\n","protected":false},"featured_media":42311,"template":"","meta":{"_acf_changed":false},"product_cat":[198,187],"product_tag":[231,251,247,239,243],"class_list":{"0":"post-42310","1":"product","2":"type-product","3":"status-publish","4":"has-post-thumbnail","6":"product_cat-class-b-fluorine-free-de","7":"product_cat-class-b-de","8":"product_tag-industriell","9":"product_tag-kommunal","10":"product_tag-ol-und-gas","11":"product_tag-phos-chek-de","12":"product_tag-ul-162","14":"first","15":"instock","16":"shipping-taxable","17":"purchasable","18":"product-type-simple"},"acf":[],"yoast_head":"<!-- This site is optimized with the Yoast SEO Premium plugin v21.9 (Yoast SEO v23.5) - https:\/\/yoast.com\/wordpress\/plugins\/seo\/ -->\n<title>PHOS-CHEK 3\u00d76% FLUORINE FREE - PS Demo site<\/title>\n<meta name=\"robots\" content=\"noindex, follow, max-snippet:-1, max-image-preview:large, max-video-preview:-1\" \/>\n<meta property=\"og:locale\" content=\"de_DE\" \/>\n<meta property=\"og:type\" content=\"article\" \/>\n<meta property=\"og:title\" content=\"PHOS-CHEK 3\u00d76% FLUORINE FREE\" \/>\n<meta property=\"og:description\" content=\"PHOS-CHEK\u00ae 3\u00d76% fluorfreies alkoholbest\u00e4ndiges (AR) Schaummittelkonzentrat ist eine Mischung aus Wasser, Kohlenwasserstofftensiden und pseudoplastischen Polymeren. Dieser organohalogenfreie Schaum ist ein umweltfreundliches Produkt der n\u00e4chsten Generation f\u00fcr den Einsatz bei Kohlenwasserstoffbr\u00e4nden [&hellip;]\" \/>\n<meta property=\"og:url\" content=\"https:\/\/demo.perimeter-solutions.com\/de\/product\/phos-chek-3x6-fluorine-free\/\" \/>\n<meta property=\"og:site_name\" content=\"PS Demo site\" \/>\n<meta property=\"article:modified_time\" content=\"2024-08-14T19:50:52+00:00\" \/>\n<meta name=\"twitter:card\" content=\"summary_large_image\" \/>\n<meta name=\"twitter:label1\" content=\"Gesch\u00e4tzte Lesezeit\" \/>\n\t<meta name=\"twitter:data1\" content=\"1\u00a0Minute\" \/>\n<script type=\"application\/ld+json\" class=\"yoast-schema-graph\">{\"@context\":\"https:\/\/schema.org\",\"@graph\":[{\"@type\":\"WebPage\",\"@id\":\"https:\/\/demo.perimeter-solutions.com\/de\/product\/phos-chek-3x6-fluorine-free\/\",\"url\":\"https:\/\/demo.perimeter-solutions.com\/de\/product\/phos-chek-3x6-fluorine-free\/\",\"name\":\"PHOS-CHEK 3\u00d76% FLUORINE FREE - PS Demo site\",\"isPartOf\":{\"@id\":\"https:\/\/demo.perimeter-solutions.com\/de\/#website\"},\"primaryImageOfPage\":{\"@id\":\"https:\/\/demo.perimeter-solutions.com\/de\/product\/phos-chek-3x6-fluorine-free\/#primaryimage\"},\"image\":{\"@id\":\"https:\/\/demo.perimeter-solutions.com\/de\/product\/phos-chek-3x6-fluorine-free\/#primaryimage\"},\"thumbnailUrl\":\"https:\/\/demo.perimeter-solutions.com\/wp-content\/uploads\/2024\/06\/PC-3x6-FLUORINE-FREE-AR-PCC-2019032-4NL-pdf.jpg\",\"datePublished\":\"2024-06-28T17:43:35+00:00\",\"dateModified\":\"2024-08-14T19:50:52+00:00\",\"breadcrumb\":{\"@id\":\"https:\/\/demo.perimeter-solutions.com\/de\/product\/phos-chek-3x6-fluorine-free\/#breadcrumb\"},\"inLanguage\":\"de\",\"potentialAction\":[{\"@type\":\"ReadAction\",\"target\":[\"https:\/\/demo.perimeter-solutions.com\/de\/product\/phos-chek-3x6-fluorine-free\/\"]}]},{\"@type\":\"ImageObject\",\"inLanguage\":\"de\",\"@id\":\"https:\/\/demo.perimeter-solutions.com\/de\/product\/phos-chek-3x6-fluorine-free\/#primaryimage\",\"url\":\"https:\/\/demo.perimeter-solutions.com\/wp-content\/uploads\/2024\/06\/PC-3x6-FLUORINE-FREE-AR-PCC-2019032-4NL-pdf.jpg\",\"contentUrl\":\"https:\/\/demo.perimeter-solutions.com\/wp-content\/uploads\/2024\/06\/PC-3x6-FLUORINE-FREE-AR-PCC-2019032-4NL-pdf.jpg\"},{\"@type\":\"BreadcrumbList\",\"@id\":\"https:\/\/demo.perimeter-solutions.com\/de\/product\/phos-chek-3x6-fluorine-free\/#breadcrumb\",\"itemListElement\":[{\"@type\":\"ListItem\",\"position\":1,\"name\":\"Produktkatalog\",\"item\":\"https:\/\/demo.perimeter-solutions.com\/de\/produktkatalog\/\"},{\"@type\":\"ListItem\",\"position\":2,\"name\":\"PHOS-CHEK 3\u00d76% FLUORINE FREE\"}]},{\"@type\":\"WebSite\",\"@id\":\"https:\/\/demo.perimeter-solutions.com\/de\/#website\",\"url\":\"https:\/\/demo.perimeter-solutions.com\/de\/\",\"name\":\"PS Demo site\",\"description\":\"\",\"publisher\":{\"@id\":\"https:\/\/demo.perimeter-solutions.com\/de\/#organization\"},\"potentialAction\":[{\"@type\":\"SearchAction\",\"target\":{\"@type\":\"EntryPoint\",\"urlTemplate\":\"https:\/\/demo.perimeter-solutions.com\/de\/?s={search_term_string}\"},\"query-input\":{\"@type\":\"PropertyValueSpecification\",\"valueRequired\":true,\"valueName\":\"search_term_string\"}}],\"inLanguage\":\"de\"},{\"@type\":\"Organization\",\"@id\":\"https:\/\/demo.perimeter-solutions.com\/de\/#organization\",\"name\":\"Perimeter Solutions\",\"url\":\"https:\/\/demo.perimeter-solutions.com\/de\/\",\"logo\":{\"@type\":\"ImageObject\",\"inLanguage\":\"de\",\"@id\":\"https:\/\/demo.perimeter-solutions.com\/de\/#\/schema\/logo\/image\/\",\"url\":\"https:\/\/demo.perimeter-solutions.com\/wp-content\/uploads\/2021\/02\/perimeter-logo-RGB.png\",\"contentUrl\":\"https:\/\/demo.perimeter-solutions.com\/wp-content\/uploads\/2021\/02\/perimeter-logo-RGB.png\",\"width\":794,\"height\":138,\"caption\":\"Perimeter Solutions\"},\"image\":{\"@id\":\"https:\/\/demo.perimeter-solutions.com\/de\/#\/schema\/logo\/image\/\"}}]}<\/script>\n<!-- \/ Yoast SEO Premium plugin. -->","yoast_head_json":{"title":"PHOS-CHEK 3\u00d76% FLUORINE FREE - PS Demo site","robots":{"index":"noindex","follow":"follow","max-snippet":"max-snippet:-1","max-image-preview":"max-image-preview:large","max-video-preview":"max-video-preview:-1"},"og_locale":"de_DE","og_type":"article","og_title":"PHOS-CHEK 3\u00d76% FLUORINE FREE","og_description":"PHOS-CHEK\u00ae 3\u00d76% fluorfreies alkoholbest\u00e4ndiges (AR) Schaummittelkonzentrat ist eine Mischung aus Wasser, Kohlenwasserstofftensiden und pseudoplastischen Polymeren. Dieser organohalogenfreie Schaum ist ein umweltfreundliches Produkt der n\u00e4chsten Generation f\u00fcr den Einsatz bei Kohlenwasserstoffbr\u00e4nden [&hellip;]","og_url":"https:\/\/demo.perimeter-solutions.com\/de\/product\/phos-chek-3x6-fluorine-free\/","og_site_name":"PS Demo site","article_modified_time":"2024-08-14T19:50:52+00:00","twitter_card":"summary_large_image","twitter_misc":{"Gesch\u00e4tzte Lesezeit":"1\u00a0Minute"},"schema":{"@context":"https:\/\/schema.org","@graph":[{"@type":"WebPage","@id":"https:\/\/demo.perimeter-solutions.com\/de\/product\/phos-chek-3x6-fluorine-free\/","url":"https:\/\/demo.perimeter-solutions.com\/de\/product\/phos-chek-3x6-fluorine-free\/","name":"PHOS-CHEK 3\u00d76% FLUORINE FREE - PS Demo site","isPartOf":{"@id":"https:\/\/demo.perimeter-solutions.com\/de\/#website"},"primaryImageOfPage":{"@id":"https:\/\/demo.perimeter-solutions.com\/de\/product\/phos-chek-3x6-fluorine-free\/#primaryimage"},"image":{"@id":"https:\/\/demo.perimeter-solutions.com\/de\/product\/phos-chek-3x6-fluorine-free\/#primaryimage"},"thumbnailUrl":"https:\/\/demo.perimeter-solutions.com\/wp-content\/uploads\/2024\/06\/PC-3x6-FLUORINE-FREE-AR-PCC-2019032-4NL-pdf.jpg","datePublished":"2024-06-28T17:43:35+00:00","dateModified":"2024-08-14T19:50:52+00:00","breadcrumb":{"@id":"https:\/\/demo.perimeter-solutions.com\/de\/product\/phos-chek-3x6-fluorine-free\/#breadcrumb"},"inLanguage":"de","potentialAction":[{"@type":"ReadAction","target":["https:\/\/demo.perimeter-solutions.com\/de\/product\/phos-chek-3x6-fluorine-free\/"]}]},{"@type":"ImageObject","inLanguage":"de","@id":"https:\/\/demo.perimeter-solutions.com\/de\/product\/phos-chek-3x6-fluorine-free\/#primaryimage","url":"https:\/\/demo.perimeter-solutions.com\/wp-content\/uploads\/2024\/06\/PC-3x6-FLUORINE-FREE-AR-PCC-2019032-4NL-pdf.jpg","contentUrl":"https:\/\/demo.perimeter-solutions.com\/wp-content\/uploads\/2024\/06\/PC-3x6-FLUORINE-FREE-AR-PCC-2019032-4NL-pdf.jpg"},{"@type":"BreadcrumbList","@id":"https:\/\/demo.perimeter-solutions.com\/de\/product\/phos-chek-3x6-fluorine-free\/#breadcrumb","itemListElement":[{"@type":"ListItem","position":1,"name":"Produktkatalog","item":"https:\/\/demo.perimeter-solutions.com\/de\/produktkatalog\/"},{"@type":"ListItem","position":2,"name":"PHOS-CHEK 3\u00d76% FLUORINE FREE"}]},{"@type":"WebSite","@id":"https:\/\/demo.perimeter-solutions.com\/de\/#website","url":"https:\/\/demo.perimeter-solutions.com\/de\/","name":"PS Demo site","description":"","publisher":{"@id":"https:\/\/demo.perimeter-solutions.com\/de\/#organization"},"potentialAction":[{"@type":"SearchAction","target":{"@type":"EntryPoint","urlTemplate":"https:\/\/demo.perimeter-solutions.com\/de\/?s={search_term_string}"},"query-input":{"@type":"PropertyValueSpecification","valueRequired":true,"valueName":"search_term_string"}}],"inLanguage":"de"},{"@type":"Organization","@id":"https:\/\/demo.perimeter-solutions.com\/de\/#organization","name":"Perimeter Solutions","url":"https:\/\/demo.perimeter-solutions.com\/de\/","logo":{"@type":"ImageObject","inLanguage":"de","@id":"https:\/\/demo.perimeter-solutions.com\/de\/#\/schema\/logo\/image\/","url":"https:\/\/demo.perimeter-solutions.com\/wp-content\/uploads\/2021\/02\/perimeter-logo-RGB.png","contentUrl":"https:\/\/demo.perimeter-solutions.com\/wp-content\/uploads\/2021\/02\/perimeter-logo-RGB.png","width":794,"height":138,"caption":"Perimeter Solutions"},"image":{"@id":"https:\/\/demo.perimeter-solutions.com\/de\/#\/schema\/logo\/image\/"}}]}},"_links":{"self":[{"href":"https:\/\/demo.perimeter-solutions.com\/de\/wp-json\/wp\/v2\/product\/42310","targetHints":{"allow":["GET"]}}],"collection":[{"href":"https:\/\/demo.perimeter-solutions.com\/de\/wp-json\/wp\/v2\/product"}],"about":[{"href":"https:\/\/demo.perimeter-solutions.com\/de\/wp-json\/wp\/v2\/types\/product"}],"wp:featuredmedia":[{"embeddable":true,"href":"https:\/\/demo.perimeter-solutions.com\/de\/wp-json\/wp\/v2\/media\/42311"}],"wp:attachment":[{"href":"https:\/\/demo.perimeter-solutions.com\/de\/wp-json\/wp\/v2\/media?parent=42310"}],"wp:term":[{"taxonomy":"product_cat","embeddable":true,"href":"https:\/\/demo.perimeter-solutions.com\/de\/wp-json\/wp\/v2\/product_cat?post=42310"},{"taxonomy":"product_tag","embeddable":true,"href":"https:\/\/demo.perimeter-solutions.com\/de\/wp-json\/wp\/v2\/product_tag?post=42310"}],"curies":[{"name":"wp","href":"https:\/\/api.w.org\/{rel}","templated":true}]}}