{"id":42346,"date":"2024-06-27T13:19:59","date_gmt":"2024-06-27T17:19:59","guid":{"rendered":"https:\/\/demo.perimeter-solutions.com\/product\/phos-chek-first-response\/"},"modified":"2024-08-14T14:07:44","modified_gmt":"2024-08-14T18:07:44","slug":"phos-chek-first-response-2","status":"publish","type":"product","link":"https:\/\/demo.perimeter-solutions.com\/de\/product\/phos-chek-first-response-2\/","title":{"rendered":"PHOS-CHEK First Response"},"content":{"rendered":"<p><span style=\"color: #000000;\"><strong>PHOS-CHEK<sup>\u00ae<\/sup> FIRST RESPONSE<\/strong> ist die neueste Entwicklung eines preisbewussten Klasse-A-Schaummittelkonzentrats, das im Vergleich zu anderen Sparsch\u00e4umen wie den Klasse-A-Schaumprodukten von Chemguard und Ansul Silv-ex Plus g\u00fcnstig abschneidet.<\/span><\/p>\n<p><span style=\"color: #000000;\">PHOS-CHEK FIRST RESPONSE wurde entwickelt, um Wasser f\u00fcr die Brandbek\u00e4mpfung effektiver zu machen. Die einzigartige Kombination von Tensiden reduziert die Oberfl\u00e4chenspannung des Wassers erheblich und erzeugt beim Mischen mit Luft eine Schaumdecke, die Kraftstoffe mit einer dicken Wasserschicht umgibt. Dadurch wird eine Barriere zwischen Brennstoff und Feuer geschaffen, die das Feuer schneller niederschl\u00e4gt als Wasser allein, und den Feuerwehrleuten erm\u00f6glicht, die Einsatzbereiche zu sehen. Eine effektivere Wasserf\u00fchrung reduziert die zum L\u00f6schen des Feuers ben\u00f6tigte Wassermenge, reduziert Wassersch\u00e4den und erh\u00f6ht die Sicherheit der Feuerwehrleute durch schnelleren Niederschlag und reduzierte Aufr\u00e4um-\/\u00dcberholungsanforderungen.<\/span><\/p>\n<p><span style=\"color: #000000;\">PHOS-CHEK FIRST RESPONSE enth\u00e4lt keine gef\u00e4hrlichen Stoffe, ist nicht korrosiv, ungiftig, leicht biologisch abbaubar und hat keinen Flammpunkt. Es enth\u00e4lt keine fluorierten Tenside wie PFOS\/PFOA, die nur in Schaumstoffen der Klasse B vorkommen.<\/span><\/p>\n<p><span style=\"color: #000000;\"><strong>Bitte wenden Sie sich an einen Experten f\u00fcr Regulierungsfragen, um sich \u00fcber die Einschr\u00e4nkungen und Vorschriften zu informieren, die in Ihrem Staat oder an Ihrem Wohnort in Bezug auf den Verkauf und Vertrieb von Schaumstoffkonzentraten der Klasse A gelten k\u00f6nnen.<\/strong><\/span><\/p>\n<h4>Verf\u00fcgbare Optionen<\/h4>\n","protected":false},"excerpt":{"rendered":"<h4 class=\"elementor-heading-title elementor-size-default\">Wirtschaftliche Leistung<\/h4>\n","protected":false},"featured_media":42348,"template":"","meta":{"_acf_changed":false},"product_cat":[186],"product_tag":[221,231,251,239,255,257],"class_list":{"0":"post-42346","1":"product","2":"type-product","3":"status-publish","4":"has-post-thumbnail","6":"product_cat-class-a-de","7":"product_tag-en-1568-de","8":"product_tag-industriell","9":"product_tag-kommunal","10":"product_tag-phos-chek-de","11":"product_tag-usfs-qpl-de","12":"product_tag-wildland-de","14":"first","15":"instock","16":"shipping-taxable","17":"purchasable","18":"product-type-simple"},"acf":[],"yoast_head":"<!-- This site is optimized with the Yoast SEO Premium plugin v21.9 (Yoast SEO v23.5) - https:\/\/yoast.com\/wordpress\/plugins\/seo\/ -->\n<title>PHOS-CHEK First Response - PS Demo site<\/title>\n<meta name=\"description\" content=\"PHOS-CHEK\u00ae FIRST RESPONSE ist die neueste Entwicklung eines preisbewussten Schaumstoffkonzentrats der Klasse A, das mit der Leistung anderer Economy-Schaumstoffe vergleichbar ist.\" \/>\n<meta name=\"robots\" content=\"noindex, follow, max-snippet:-1, max-image-preview:large, max-video-preview:-1\" \/>\n<meta property=\"og:locale\" content=\"de_DE\" \/>\n<meta property=\"og:type\" content=\"article\" \/>\n<meta property=\"og:title\" content=\"PHOS-CHEK First Response\" \/>\n<meta property=\"og:description\" content=\"PHOS-CHEK\u00ae FIRST RESPONSE ist die neueste Entwicklung eines preisbewussten Schaumstoffkonzentrats der Klasse A, das mit der Leistung anderer Economy-Schaumstoffe vergleichbar ist.\" \/>\n<meta property=\"og:url\" content=\"https:\/\/demo.perimeter-solutions.com\/de\/product\/phos-chek-first-response-2\/\" \/>\n<meta property=\"og:site_name\" content=\"PS Demo site\" \/>\n<meta property=\"article:modified_time\" content=\"2024-08-14T18:07:44+00:00\" \/>\n<meta name=\"twitter:card\" content=\"summary_large_image\" \/>\n<meta name=\"twitter:label1\" content=\"Gesch\u00e4tzte Lesezeit\" \/>\n\t<meta name=\"twitter:data1\" content=\"2\u00a0Minuten\" \/>\n<script type=\"application\/ld+json\" class=\"yoast-schema-graph\">{\"@context\":\"https:\/\/schema.org\",\"@graph\":[{\"@type\":\"WebPage\",\"@id\":\"https:\/\/demo.perimeter-solutions.com\/de\/product\/phos-chek-first-response-2\/\",\"url\":\"https:\/\/demo.perimeter-solutions.com\/de\/product\/phos-chek-first-response-2\/\",\"name\":\"PHOS-CHEK First Response - PS Demo site\",\"isPartOf\":{\"@id\":\"https:\/\/demo.perimeter-solutions.com\/de\/#website\"},\"primaryImageOfPage\":{\"@id\":\"https:\/\/demo.perimeter-solutions.com\/de\/product\/phos-chek-first-response-2\/#primaryimage\"},\"image\":{\"@id\":\"https:\/\/demo.perimeter-solutions.com\/de\/product\/phos-chek-first-response-2\/#primaryimage\"},\"thumbnailUrl\":\"https:\/\/demo.perimeter-solutions.com\/wp-content\/uploads\/2024\/06\/PC-FIRST-RESPONSE-Class-A_PCC-2019018_Letter-v8-pdf.jpg\",\"datePublished\":\"2024-06-27T17:19:59+00:00\",\"dateModified\":\"2024-08-14T18:07:44+00:00\",\"description\":\"PHOS-CHEK\u00ae FIRST RESPONSE ist die neueste Entwicklung eines preisbewussten Schaumstoffkonzentrats der Klasse A, das mit der Leistung anderer Economy-Schaumstoffe vergleichbar ist.\",\"breadcrumb\":{\"@id\":\"https:\/\/demo.perimeter-solutions.com\/de\/product\/phos-chek-first-response-2\/#breadcrumb\"},\"inLanguage\":\"de\",\"potentialAction\":[{\"@type\":\"ReadAction\",\"target\":[\"https:\/\/demo.perimeter-solutions.com\/de\/product\/phos-chek-first-response-2\/\"]}]},{\"@type\":\"ImageObject\",\"inLanguage\":\"de\",\"@id\":\"https:\/\/demo.perimeter-solutions.com\/de\/product\/phos-chek-first-response-2\/#primaryimage\",\"url\":\"https:\/\/demo.perimeter-solutions.com\/wp-content\/uploads\/2024\/06\/PC-FIRST-RESPONSE-Class-A_PCC-2019018_Letter-v8-pdf.jpg\",\"contentUrl\":\"https:\/\/demo.perimeter-solutions.com\/wp-content\/uploads\/2024\/06\/PC-FIRST-RESPONSE-Class-A_PCC-2019018_Letter-v8-pdf.jpg\"},{\"@type\":\"BreadcrumbList\",\"@id\":\"https:\/\/demo.perimeter-solutions.com\/de\/product\/phos-chek-first-response-2\/#breadcrumb\",\"itemListElement\":[{\"@type\":\"ListItem\",\"position\":1,\"name\":\"Produktkatalog\",\"item\":\"https:\/\/demo.perimeter-solutions.com\/de\/produktkatalog\/\"},{\"@type\":\"ListItem\",\"position\":2,\"name\":\"PHOS-CHEK First Response\"}]},{\"@type\":\"WebSite\",\"@id\":\"https:\/\/demo.perimeter-solutions.com\/de\/#website\",\"url\":\"https:\/\/demo.perimeter-solutions.com\/de\/\",\"name\":\"PS Demo site\",\"description\":\"\",\"publisher\":{\"@id\":\"https:\/\/demo.perimeter-solutions.com\/de\/#organization\"},\"potentialAction\":[{\"@type\":\"SearchAction\",\"target\":{\"@type\":\"EntryPoint\",\"urlTemplate\":\"https:\/\/demo.perimeter-solutions.com\/de\/?s={search_term_string}\"},\"query-input\":{\"@type\":\"PropertyValueSpecification\",\"valueRequired\":true,\"valueName\":\"search_term_string\"}}],\"inLanguage\":\"de\"},{\"@type\":\"Organization\",\"@id\":\"https:\/\/demo.perimeter-solutions.com\/de\/#organization\",\"name\":\"Perimeter Solutions\",\"url\":\"https:\/\/demo.perimeter-solutions.com\/de\/\",\"logo\":{\"@type\":\"ImageObject\",\"inLanguage\":\"de\",\"@id\":\"https:\/\/demo.perimeter-solutions.com\/de\/#\/schema\/logo\/image\/\",\"url\":\"https:\/\/demo.perimeter-solutions.com\/wp-content\/uploads\/2021\/02\/perimeter-logo-RGB.png\",\"contentUrl\":\"https:\/\/demo.perimeter-solutions.com\/wp-content\/uploads\/2021\/02\/perimeter-logo-RGB.png\",\"width\":794,\"height\":138,\"caption\":\"Perimeter Solutions\"},\"image\":{\"@id\":\"https:\/\/demo.perimeter-solutions.com\/de\/#\/schema\/logo\/image\/\"}}]}<\/script>\n<!-- \/ Yoast SEO Premium plugin. -->","yoast_head_json":{"title":"PHOS-CHEK First Response - PS Demo site","description":"PHOS-CHEK\u00ae FIRST RESPONSE ist die neueste Entwicklung eines preisbewussten Schaumstoffkonzentrats der Klasse A, das mit der Leistung anderer Economy-Schaumstoffe vergleichbar ist.","robots":{"index":"noindex","follow":"follow","max-snippet":"max-snippet:-1","max-image-preview":"max-image-preview:large","max-video-preview":"max-video-preview:-1"},"og_locale":"de_DE","og_type":"article","og_title":"PHOS-CHEK First Response","og_description":"PHOS-CHEK\u00ae FIRST RESPONSE ist die neueste Entwicklung eines preisbewussten Schaumstoffkonzentrats der Klasse A, das mit der Leistung anderer Economy-Schaumstoffe vergleichbar ist.","og_url":"https:\/\/demo.perimeter-solutions.com\/de\/product\/phos-chek-first-response-2\/","og_site_name":"PS Demo site","article_modified_time":"2024-08-14T18:07:44+00:00","twitter_card":"summary_large_image","twitter_misc":{"Gesch\u00e4tzte Lesezeit":"2\u00a0Minuten"},"schema":{"@context":"https:\/\/schema.org","@graph":[{"@type":"WebPage","@id":"https:\/\/demo.perimeter-solutions.com\/de\/product\/phos-chek-first-response-2\/","url":"https:\/\/demo.perimeter-solutions.com\/de\/product\/phos-chek-first-response-2\/","name":"PHOS-CHEK First Response - PS Demo site","isPartOf":{"@id":"https:\/\/demo.perimeter-solutions.com\/de\/#website"},"primaryImageOfPage":{"@id":"https:\/\/demo.perimeter-solutions.com\/de\/product\/phos-chek-first-response-2\/#primaryimage"},"image":{"@id":"https:\/\/demo.perimeter-solutions.com\/de\/product\/phos-chek-first-response-2\/#primaryimage"},"thumbnailUrl":"https:\/\/demo.perimeter-solutions.com\/wp-content\/uploads\/2024\/06\/PC-FIRST-RESPONSE-Class-A_PCC-2019018_Letter-v8-pdf.jpg","datePublished":"2024-06-27T17:19:59+00:00","dateModified":"2024-08-14T18:07:44+00:00","description":"PHOS-CHEK\u00ae FIRST RESPONSE ist die neueste Entwicklung eines preisbewussten Schaumstoffkonzentrats der Klasse A, das mit der Leistung anderer Economy-Schaumstoffe vergleichbar ist.","breadcrumb":{"@id":"https:\/\/demo.perimeter-solutions.com\/de\/product\/phos-chek-first-response-2\/#breadcrumb"},"inLanguage":"de","potentialAction":[{"@type":"ReadAction","target":["https:\/\/demo.perimeter-solutions.com\/de\/product\/phos-chek-first-response-2\/"]}]},{"@type":"ImageObject","inLanguage":"de","@id":"https:\/\/demo.perimeter-solutions.com\/de\/product\/phos-chek-first-response-2\/#primaryimage","url":"https:\/\/demo.perimeter-solutions.com\/wp-content\/uploads\/2024\/06\/PC-FIRST-RESPONSE-Class-A_PCC-2019018_Letter-v8-pdf.jpg","contentUrl":"https:\/\/demo.perimeter-solutions.com\/wp-content\/uploads\/2024\/06\/PC-FIRST-RESPONSE-Class-A_PCC-2019018_Letter-v8-pdf.jpg"},{"@type":"BreadcrumbList","@id":"https:\/\/demo.perimeter-solutions.com\/de\/product\/phos-chek-first-response-2\/#breadcrumb","itemListElement":[{"@type":"ListItem","position":1,"name":"Produktkatalog","item":"https:\/\/demo.perimeter-solutions.com\/de\/produktkatalog\/"},{"@type":"ListItem","position":2,"name":"PHOS-CHEK First Response"}]},{"@type":"WebSite","@id":"https:\/\/demo.perimeter-solutions.com\/de\/#website","url":"https:\/\/demo.perimeter-solutions.com\/de\/","name":"PS Demo site","description":"","publisher":{"@id":"https:\/\/demo.perimeter-solutions.com\/de\/#organization"},"potentialAction":[{"@type":"SearchAction","target":{"@type":"EntryPoint","urlTemplate":"https:\/\/demo.perimeter-solutions.com\/de\/?s={search_term_string}"},"query-input":{"@type":"PropertyValueSpecification","valueRequired":true,"valueName":"search_term_string"}}],"inLanguage":"de"},{"@type":"Organization","@id":"https:\/\/demo.perimeter-solutions.com\/de\/#organization","name":"Perimeter Solutions","url":"https:\/\/demo.perimeter-solutions.com\/de\/","logo":{"@type":"ImageObject","inLanguage":"de","@id":"https:\/\/demo.perimeter-solutions.com\/de\/#\/schema\/logo\/image\/","url":"https:\/\/demo.perimeter-solutions.com\/wp-content\/uploads\/2021\/02\/perimeter-logo-RGB.png","contentUrl":"https:\/\/demo.perimeter-solutions.com\/wp-content\/uploads\/2021\/02\/perimeter-logo-RGB.png","width":794,"height":138,"caption":"Perimeter Solutions"},"image":{"@id":"https:\/\/demo.perimeter-solutions.com\/de\/#\/schema\/logo\/image\/"}}]}},"_links":{"self":[{"href":"https:\/\/demo.perimeter-solutions.com\/de\/wp-json\/wp\/v2\/product\/42346","targetHints":{"allow":["GET"]}}],"collection":[{"href":"https:\/\/demo.perimeter-solutions.com\/de\/wp-json\/wp\/v2\/product"}],"about":[{"href":"https:\/\/demo.perimeter-solutions.com\/de\/wp-json\/wp\/v2\/types\/product"}],"wp:featuredmedia":[{"embeddable":true,"href":"https:\/\/demo.perimeter-solutions.com\/de\/wp-json\/wp\/v2\/media\/42348"}],"wp:attachment":[{"href":"https:\/\/demo.perimeter-solutions.com\/de\/wp-json\/wp\/v2\/media?parent=42346"}],"wp:term":[{"taxonomy":"product_cat","embeddable":true,"href":"https:\/\/demo.perimeter-solutions.com\/de\/wp-json\/wp\/v2\/product_cat?post=42346"},{"taxonomy":"product_tag","embeddable":true,"href":"https:\/\/demo.perimeter-solutions.com\/de\/wp-json\/wp\/v2\/product_tag?post=42346"}],"curies":[{"name":"wp","href":"https:\/\/api.w.org\/{rel}","templated":true}]}}