{"id":42374,"date":"2024-06-27T15:16:47","date_gmt":"2024-06-27T19:16:47","guid":{"rendered":"https:\/\/demo.perimeter-solutions.com\/product\/fire-trol-931\/"},"modified":"2024-08-14T12:23:39","modified_gmt":"2024-08-14T16:23:39","slug":"fire-trol-931-2","status":"publish","type":"product","link":"https:\/\/demo.perimeter-solutions.com\/de\/product\/fire-trol-931-2\/","title":{"rendered":"FIRE-TROL 931"},"content":{"rendered":"<div>\n<p><strong>FIRE-TROL <sup>\u00ae<\/sup> 931<\/strong> Langzeitbrandschutzmittel ist seit mehr als 30 Jahren der Standard in Europa.<\/p>\n<p>Es ist eine hochwirksame Anwendung aus der Luft, die von Starrfl\u00fcglern und Hubschraubern zur Kontrolle und Bek\u00e4mpfung von Waldbr\u00e4nden eingesetzt wird.<\/p>\n<p>FIRE-TROL 931 haftet sehr gut am Brandherd und ist durch seine helle F\u00e4rbung vom Flugzeug aus leicht zu erkennen. So k\u00f6nnen die Piloten durchgehende Brandschutzlinien anlegen, die die Ausbreitung von Fl\u00e4chenbr\u00e4nden verhindern.<\/p>\n<p>FIRE-TROL 931 wurde von CEREN, dem nationalen franz\u00f6sischen Forschungslabor f\u00fcr Brandbek\u00e4mpfung, getestet.<br \/>\nDabei wurde festgestellt, dass FIRE-TROL 931 bei einer Verd\u00fcnnungsrate von 20% ein ausgezeichnetes Langzeit-Feuerschutzmittel ist.<\/p>\n<p>&nbsp;<\/p>\n<p><strong>Bitte wenden Sie sich an einen Experten, um zu erfahren, welche Beschr\u00e4nkungen und Vorschriften f\u00fcr Ihren Staat oder Ihre Gemeinde in Bezug auf den Verkauf und Vertrieb von Flammschutzmitteln gelten.<\/strong><\/p>\n<\/div>\n","protected":false},"excerpt":{"rendered":"<h4 class=\"elementor-heading-title elementor-size-default\">Langfristiges Feuerschutzmittel f\u00fcr die Anwendung aus der Luft<\/h4>\n","protected":false},"featured_media":42376,"template":"","meta":{"_acf_changed":false},"product_cat":[184],"product_tag":[219],"class_list":{"0":"post-42374","1":"product","2":"type-product","3":"status-publish","4":"has-post-thumbnail","6":"product_cat-fire-retardants-de","7":"product_tag-biogema-de","9":"first","10":"instock","11":"shipping-taxable","12":"purchasable","13":"product-type-simple"},"acf":[],"yoast_head":"<!-- This site is optimized with the Yoast SEO Premium plugin v21.9 (Yoast SEO v23.5) - https:\/\/yoast.com\/wordpress\/plugins\/seo\/ -->\n<title>FIRE-TROL 931 - PS Demo site<\/title>\n<meta name=\"description\" content=\"FIRE-TROL\u00ae 931 Langzeitbrandschutzmittel ist seit mehr als 30 Jahren der Standard in Europa. Es ist eine hochwirksame Anwendung aus der Luft, die von Starrfl\u00fcglern und Hubschraubern zur Kontrolle und Bek\u00e4mpfung von Waldbr\u00e4nden eingesetzt wird.\" \/>\n<meta name=\"robots\" content=\"noindex, follow, max-snippet:-1, max-image-preview:large, max-video-preview:-1\" \/>\n<meta property=\"og:locale\" content=\"de_DE\" \/>\n<meta property=\"og:type\" content=\"article\" \/>\n<meta property=\"og:title\" content=\"FIRE-TROL 931\" \/>\n<meta property=\"og:description\" content=\"FIRE-TROL\u00ae 931 Langzeitbrandschutzmittel ist seit mehr als 30 Jahren der Standard in Europa. Es ist eine hochwirksame Anwendung aus der Luft, die von Starrfl\u00fcglern und Hubschraubern zur Kontrolle und Bek\u00e4mpfung von Waldbr\u00e4nden eingesetzt wird.\" \/>\n<meta property=\"og:url\" content=\"https:\/\/demo.perimeter-solutions.com\/de\/product\/fire-trol-931-2\/\" \/>\n<meta property=\"og:site_name\" content=\"PS Demo site\" \/>\n<meta property=\"article:modified_time\" content=\"2024-08-14T16:23:39+00:00\" \/>\n<meta property=\"og:image\" content=\"https:\/\/demo.perimeter-solutions.com\/wp-content\/uploads\/2024\/06\/PERI2643-FIRETROL931_Letter_v1.5-2_Page_1-scaled.jpg\" \/>\n\t<meta property=\"og:image:width\" content=\"1978\" \/>\n\t<meta property=\"og:image:height\" content=\"2560\" \/>\n\t<meta property=\"og:image:type\" content=\"image\/jpeg\" \/>\n<meta name=\"twitter:card\" content=\"summary_large_image\" \/>\n<meta name=\"twitter:label1\" content=\"Gesch\u00e4tzte Lesezeit\" \/>\n\t<meta name=\"twitter:data1\" content=\"1\u00a0Minute\" \/>\n<script type=\"application\/ld+json\" class=\"yoast-schema-graph\">{\"@context\":\"https:\/\/schema.org\",\"@graph\":[{\"@type\":\"WebPage\",\"@id\":\"https:\/\/demo.perimeter-solutions.com\/de\/product\/fire-trol-931-2\/\",\"url\":\"https:\/\/demo.perimeter-solutions.com\/de\/product\/fire-trol-931-2\/\",\"name\":\"FIRE-TROL 931 - PS Demo site\",\"isPartOf\":{\"@id\":\"https:\/\/demo.perimeter-solutions.com\/de\/#website\"},\"primaryImageOfPage\":{\"@id\":\"https:\/\/demo.perimeter-solutions.com\/de\/product\/fire-trol-931-2\/#primaryimage\"},\"image\":{\"@id\":\"https:\/\/demo.perimeter-solutions.com\/de\/product\/fire-trol-931-2\/#primaryimage\"},\"thumbnailUrl\":\"https:\/\/demo.perimeter-solutions.com\/wp-content\/uploads\/2024\/06\/PERI2643-FIRETROL931_Letter_v1.5-2_Page_1-scaled.jpg\",\"datePublished\":\"2024-06-27T19:16:47+00:00\",\"dateModified\":\"2024-08-14T16:23:39+00:00\",\"description\":\"FIRE-TROL\u00ae 931 Langzeitbrandschutzmittel ist seit mehr als 30 Jahren der Standard in Europa. Es ist eine hochwirksame Anwendung aus der Luft, die von Starrfl\u00fcglern und Hubschraubern zur Kontrolle und Bek\u00e4mpfung von Waldbr\u00e4nden eingesetzt wird.\",\"breadcrumb\":{\"@id\":\"https:\/\/demo.perimeter-solutions.com\/de\/product\/fire-trol-931-2\/#breadcrumb\"},\"inLanguage\":\"de\",\"potentialAction\":[{\"@type\":\"ReadAction\",\"target\":[\"https:\/\/demo.perimeter-solutions.com\/de\/product\/fire-trol-931-2\/\"]}]},{\"@type\":\"ImageObject\",\"inLanguage\":\"de\",\"@id\":\"https:\/\/demo.perimeter-solutions.com\/de\/product\/fire-trol-931-2\/#primaryimage\",\"url\":\"https:\/\/demo.perimeter-solutions.com\/wp-content\/uploads\/2024\/06\/PERI2643-FIRETROL931_Letter_v1.5-2_Page_1-scaled.jpg\",\"contentUrl\":\"https:\/\/demo.perimeter-solutions.com\/wp-content\/uploads\/2024\/06\/PERI2643-FIRETROL931_Letter_v1.5-2_Page_1-scaled.jpg\",\"width\":1978,\"height\":2560},{\"@type\":\"BreadcrumbList\",\"@id\":\"https:\/\/demo.perimeter-solutions.com\/de\/product\/fire-trol-931-2\/#breadcrumb\",\"itemListElement\":[{\"@type\":\"ListItem\",\"position\":1,\"name\":\"Produktkatalog\",\"item\":\"https:\/\/demo.perimeter-solutions.com\/de\/produktkatalog\/\"},{\"@type\":\"ListItem\",\"position\":2,\"name\":\"FIRE-TROL 931\"}]},{\"@type\":\"WebSite\",\"@id\":\"https:\/\/demo.perimeter-solutions.com\/de\/#website\",\"url\":\"https:\/\/demo.perimeter-solutions.com\/de\/\",\"name\":\"PS Demo site\",\"description\":\"\",\"publisher\":{\"@id\":\"https:\/\/demo.perimeter-solutions.com\/de\/#organization\"},\"potentialAction\":[{\"@type\":\"SearchAction\",\"target\":{\"@type\":\"EntryPoint\",\"urlTemplate\":\"https:\/\/demo.perimeter-solutions.com\/de\/?s={search_term_string}\"},\"query-input\":{\"@type\":\"PropertyValueSpecification\",\"valueRequired\":true,\"valueName\":\"search_term_string\"}}],\"inLanguage\":\"de\"},{\"@type\":\"Organization\",\"@id\":\"https:\/\/demo.perimeter-solutions.com\/de\/#organization\",\"name\":\"Perimeter Solutions\",\"url\":\"https:\/\/demo.perimeter-solutions.com\/de\/\",\"logo\":{\"@type\":\"ImageObject\",\"inLanguage\":\"de\",\"@id\":\"https:\/\/demo.perimeter-solutions.com\/de\/#\/schema\/logo\/image\/\",\"url\":\"https:\/\/demo.perimeter-solutions.com\/wp-content\/uploads\/2021\/02\/perimeter-logo-RGB.png\",\"contentUrl\":\"https:\/\/demo.perimeter-solutions.com\/wp-content\/uploads\/2021\/02\/perimeter-logo-RGB.png\",\"width\":794,\"height\":138,\"caption\":\"Perimeter Solutions\"},\"image\":{\"@id\":\"https:\/\/demo.perimeter-solutions.com\/de\/#\/schema\/logo\/image\/\"}}]}<\/script>\n<!-- \/ Yoast SEO Premium plugin. -->","yoast_head_json":{"title":"FIRE-TROL 931 - PS Demo site","description":"FIRE-TROL\u00ae 931 Langzeitbrandschutzmittel ist seit mehr als 30 Jahren der Standard in Europa. Es ist eine hochwirksame Anwendung aus der Luft, die von Starrfl\u00fcglern und Hubschraubern zur Kontrolle und Bek\u00e4mpfung von Waldbr\u00e4nden eingesetzt wird.","robots":{"index":"noindex","follow":"follow","max-snippet":"max-snippet:-1","max-image-preview":"max-image-preview:large","max-video-preview":"max-video-preview:-1"},"og_locale":"de_DE","og_type":"article","og_title":"FIRE-TROL 931","og_description":"FIRE-TROL\u00ae 931 Langzeitbrandschutzmittel ist seit mehr als 30 Jahren der Standard in Europa. Es ist eine hochwirksame Anwendung aus der Luft, die von Starrfl\u00fcglern und Hubschraubern zur Kontrolle und Bek\u00e4mpfung von Waldbr\u00e4nden eingesetzt wird.","og_url":"https:\/\/demo.perimeter-solutions.com\/de\/product\/fire-trol-931-2\/","og_site_name":"PS Demo site","article_modified_time":"2024-08-14T16:23:39+00:00","og_image":[{"width":1978,"height":2560,"url":"https:\/\/demo.perimeter-solutions.com\/wp-content\/uploads\/2024\/06\/PERI2643-FIRETROL931_Letter_v1.5-2_Page_1-scaled.jpg","type":"image\/jpeg"}],"twitter_card":"summary_large_image","twitter_misc":{"Gesch\u00e4tzte Lesezeit":"1\u00a0Minute"},"schema":{"@context":"https:\/\/schema.org","@graph":[{"@type":"WebPage","@id":"https:\/\/demo.perimeter-solutions.com\/de\/product\/fire-trol-931-2\/","url":"https:\/\/demo.perimeter-solutions.com\/de\/product\/fire-trol-931-2\/","name":"FIRE-TROL 931 - PS Demo site","isPartOf":{"@id":"https:\/\/demo.perimeter-solutions.com\/de\/#website"},"primaryImageOfPage":{"@id":"https:\/\/demo.perimeter-solutions.com\/de\/product\/fire-trol-931-2\/#primaryimage"},"image":{"@id":"https:\/\/demo.perimeter-solutions.com\/de\/product\/fire-trol-931-2\/#primaryimage"},"thumbnailUrl":"https:\/\/demo.perimeter-solutions.com\/wp-content\/uploads\/2024\/06\/PERI2643-FIRETROL931_Letter_v1.5-2_Page_1-scaled.jpg","datePublished":"2024-06-27T19:16:47+00:00","dateModified":"2024-08-14T16:23:39+00:00","description":"FIRE-TROL\u00ae 931 Langzeitbrandschutzmittel ist seit mehr als 30 Jahren der Standard in Europa. Es ist eine hochwirksame Anwendung aus der Luft, die von Starrfl\u00fcglern und Hubschraubern zur Kontrolle und Bek\u00e4mpfung von Waldbr\u00e4nden eingesetzt wird.","breadcrumb":{"@id":"https:\/\/demo.perimeter-solutions.com\/de\/product\/fire-trol-931-2\/#breadcrumb"},"inLanguage":"de","potentialAction":[{"@type":"ReadAction","target":["https:\/\/demo.perimeter-solutions.com\/de\/product\/fire-trol-931-2\/"]}]},{"@type":"ImageObject","inLanguage":"de","@id":"https:\/\/demo.perimeter-solutions.com\/de\/product\/fire-trol-931-2\/#primaryimage","url":"https:\/\/demo.perimeter-solutions.com\/wp-content\/uploads\/2024\/06\/PERI2643-FIRETROL931_Letter_v1.5-2_Page_1-scaled.jpg","contentUrl":"https:\/\/demo.perimeter-solutions.com\/wp-content\/uploads\/2024\/06\/PERI2643-FIRETROL931_Letter_v1.5-2_Page_1-scaled.jpg","width":1978,"height":2560},{"@type":"BreadcrumbList","@id":"https:\/\/demo.perimeter-solutions.com\/de\/product\/fire-trol-931-2\/#breadcrumb","itemListElement":[{"@type":"ListItem","position":1,"name":"Produktkatalog","item":"https:\/\/demo.perimeter-solutions.com\/de\/produktkatalog\/"},{"@type":"ListItem","position":2,"name":"FIRE-TROL 931"}]},{"@type":"WebSite","@id":"https:\/\/demo.perimeter-solutions.com\/de\/#website","url":"https:\/\/demo.perimeter-solutions.com\/de\/","name":"PS Demo site","description":"","publisher":{"@id":"https:\/\/demo.perimeter-solutions.com\/de\/#organization"},"potentialAction":[{"@type":"SearchAction","target":{"@type":"EntryPoint","urlTemplate":"https:\/\/demo.perimeter-solutions.com\/de\/?s={search_term_string}"},"query-input":{"@type":"PropertyValueSpecification","valueRequired":true,"valueName":"search_term_string"}}],"inLanguage":"de"},{"@type":"Organization","@id":"https:\/\/demo.perimeter-solutions.com\/de\/#organization","name":"Perimeter Solutions","url":"https:\/\/demo.perimeter-solutions.com\/de\/","logo":{"@type":"ImageObject","inLanguage":"de","@id":"https:\/\/demo.perimeter-solutions.com\/de\/#\/schema\/logo\/image\/","url":"https:\/\/demo.perimeter-solutions.com\/wp-content\/uploads\/2021\/02\/perimeter-logo-RGB.png","contentUrl":"https:\/\/demo.perimeter-solutions.com\/wp-content\/uploads\/2021\/02\/perimeter-logo-RGB.png","width":794,"height":138,"caption":"Perimeter Solutions"},"image":{"@id":"https:\/\/demo.perimeter-solutions.com\/de\/#\/schema\/logo\/image\/"}}]}},"_links":{"self":[{"href":"https:\/\/demo.perimeter-solutions.com\/de\/wp-json\/wp\/v2\/product\/42374","targetHints":{"allow":["GET"]}}],"collection":[{"href":"https:\/\/demo.perimeter-solutions.com\/de\/wp-json\/wp\/v2\/product"}],"about":[{"href":"https:\/\/demo.perimeter-solutions.com\/de\/wp-json\/wp\/v2\/types\/product"}],"wp:featuredmedia":[{"embeddable":true,"href":"https:\/\/demo.perimeter-solutions.com\/de\/wp-json\/wp\/v2\/media\/42376"}],"wp:attachment":[{"href":"https:\/\/demo.perimeter-solutions.com\/de\/wp-json\/wp\/v2\/media?parent=42374"}],"wp:term":[{"taxonomy":"product_cat","embeddable":true,"href":"https:\/\/demo.perimeter-solutions.com\/de\/wp-json\/wp\/v2\/product_cat?post=42374"},{"taxonomy":"product_tag","embeddable":true,"href":"https:\/\/demo.perimeter-solutions.com\/de\/wp-json\/wp\/v2\/product_tag?post=42374"}],"curies":[{"name":"wp","href":"https:\/\/api.w.org\/{rel}","templated":true}]}}