{"id":42382,"date":"2024-06-28T11:13:53","date_gmt":"2024-06-28T15:13:53","guid":{"rendered":"https:\/\/demo.perimeter-solutions.com\/product\/phos-chek-3x3-ar-afff\/"},"modified":"2024-08-14T14:50:48","modified_gmt":"2024-08-14T18:50:48","slug":"phos-chek-3x3-ar-afff-2","status":"publish","type":"product","link":"https:\/\/demo.perimeter-solutions.com\/de\/product\/phos-chek-3x3-ar-afff-2\/","title":{"rendered":"PHOS-CHEK 3\u00d73% AR-AFFF"},"content":{"rendered":"<div><strong>PHOS-CHEK<sup>\u00ae<\/sup> 3\u00d73% AR-AFFF<\/strong> Schaumkonzentrat ist eine Mischung aus Wasser, Kohlenwasserstoff-Tensiden, L\u00f6sungsmitteln, C6-Fluortensiden und Fluorpolymeren. Die Dosierung des Produkts betr\u00e4gt 3% sowohl f\u00fcr Kohlenwasserstoffbr\u00e4nde als auch f\u00fcr Br\u00e4nde mit polaren L\u00f6sungsmitteln. PHOS-CHEK 3\u00d73% AR-AFFF ist UL-gelistet und FM-zugelassen f\u00fcr sanfte und kr\u00e4ftige Anwendungen, wenn es mit S\u00fc\u00df-, Salz- und Brackwasser verd\u00fcnnt wird. PHOS-CHEK 3\u00d73% AR-AFFF ist ein vielseitiger Schaum, der sowohl in festen Schaumsystemen als auch in der Notfallhilfe eingesetzt werden kann. Es ist die Wahl vieler kommunaler und industrieller Feuerwehren. PHOS-CHEK 3\u00d73% AR-AFFF kann mit Standard-Zumischger\u00e4ten, Schaumabgabeger\u00e4ten, Blasentank-\/Zumischersystemen, Schaumkammern, Schaumerzeugern, Sprinklern, Inline-Schaumzumischern und selbstansaugenden D\u00fcsen verwendet werden.<\/div>\n<div><\/div>\n<div><strong>ZERTIFIZIERUNGEN: <\/strong>UL162 gelistet, EN 1568-3:2008 (Klasse 1A), EN 1568-4:2008 (Klasse 1B) zugelassen, FM-gepr\u00fcft<\/div>\n<h4>Verf\u00fcgbare Optionen<\/h4>\n","protected":false},"excerpt":{"rendered":"<p>PHOS-CHEK\u00ae 3\u00d73% AR-AFFF Schaumkonzentrat ist eine Mischung aus Wasser, Kohlenwasserstoff-Tensiden, L\u00f6sungsmitteln, C6-Fluortensiden und Fluorpolymeren. Die Dosierung des Produkts betr\u00e4gt 3% sowohl f\u00fcr Kohlenwasserstoffbr\u00e4nde als auch f\u00fcr Br\u00e4nde mit polaren L\u00f6sungsmitteln. [&hellip;]<\/p>\n","protected":false},"featured_media":42384,"template":"","meta":{"_acf_changed":false},"product_cat":[201,187],"product_tag":[231,247,239,243],"class_list":{"0":"post-42382","1":"product","2":"type-product","3":"status-publish","4":"has-post-thumbnail","6":"product_cat-class-b-fluorinated-de","7":"product_cat-class-b-de","8":"product_tag-industriell","9":"product_tag-ol-und-gas","10":"product_tag-phos-chek-de","11":"product_tag-ul-162","13":"first","14":"instock","15":"shipping-taxable","16":"purchasable","17":"product-type-simple"},"acf":[],"yoast_head":"<!-- This site is optimized with the Yoast SEO Premium plugin v21.9 (Yoast SEO v23.5) - https:\/\/yoast.com\/wordpress\/plugins\/seo\/ -->\n<title>PHOS-CHEK 3\u00d73% AR-AFFF - PS Demo site<\/title>\n<meta name=\"description\" content=\"PHOS-CHEK\u00ae 3\u00d73% AR-AFFF Schaumkonzentrat ist eine Mischung aus Wasser, Kohlenwasserstoff-Tensiden, L\u00f6sungsmitteln, C6-Fluortensiden und Fluorpolymeren. Die Dosierung des Produkts betr\u00e4gt 3% sowohl f\u00fcr Kohlenwasserstoffbr\u00e4nde als auch f\u00fcr Br\u00e4nde mit polaren L\u00f6sungsmitteln.\" \/>\n<meta name=\"robots\" content=\"noindex, follow, max-snippet:-1, max-image-preview:large, max-video-preview:-1\" \/>\n<meta property=\"og:locale\" content=\"de_DE\" \/>\n<meta property=\"og:type\" content=\"article\" \/>\n<meta property=\"og:title\" content=\"PHOS-CHEK 3\u00d73% AR-AFFF\" \/>\n<meta property=\"og:description\" content=\"PHOS-CHEK\u00ae 3\u00d73% AR-AFFF Schaumkonzentrat ist eine Mischung aus Wasser, Kohlenwasserstoff-Tensiden, L\u00f6sungsmitteln, C6-Fluortensiden und Fluorpolymeren. Die Dosierung des Produkts betr\u00e4gt 3% sowohl f\u00fcr Kohlenwasserstoffbr\u00e4nde als auch f\u00fcr Br\u00e4nde mit polaren L\u00f6sungsmitteln.\" \/>\n<meta property=\"og:url\" content=\"https:\/\/demo.perimeter-solutions.com\/de\/product\/phos-chek-3x3-ar-afff-2\/\" \/>\n<meta property=\"og:site_name\" content=\"PS Demo site\" \/>\n<meta property=\"article:modified_time\" content=\"2024-08-14T18:50:48+00:00\" \/>\n<meta name=\"twitter:card\" content=\"summary_large_image\" \/>\n<meta name=\"twitter:label1\" content=\"Gesch\u00e4tzte Lesezeit\" \/>\n\t<meta name=\"twitter:data1\" content=\"1\u00a0Minute\" \/>\n<script type=\"application\/ld+json\" class=\"yoast-schema-graph\">{\"@context\":\"https:\/\/schema.org\",\"@graph\":[{\"@type\":\"WebPage\",\"@id\":\"https:\/\/demo.perimeter-solutions.com\/de\/product\/phos-chek-3x3-ar-afff-2\/\",\"url\":\"https:\/\/demo.perimeter-solutions.com\/de\/product\/phos-chek-3x3-ar-afff-2\/\",\"name\":\"PHOS-CHEK 3\u00d73% AR-AFFF - PS Demo site\",\"isPartOf\":{\"@id\":\"https:\/\/demo.perimeter-solutions.com\/de\/#website\"},\"primaryImageOfPage\":{\"@id\":\"https:\/\/demo.perimeter-solutions.com\/de\/product\/phos-chek-3x3-ar-afff-2\/#primaryimage\"},\"image\":{\"@id\":\"https:\/\/demo.perimeter-solutions.com\/de\/product\/phos-chek-3x3-ar-afff-2\/#primaryimage\"},\"thumbnailUrl\":\"https:\/\/demo.perimeter-solutions.com\/wp-content\/uploads\/2024\/06\/PC-3x3-AR-AFFF-PCC-2019002-4-pdf.jpg\",\"datePublished\":\"2024-06-28T15:13:53+00:00\",\"dateModified\":\"2024-08-14T18:50:48+00:00\",\"description\":\"PHOS-CHEK\u00ae 3\u00d73% AR-AFFF Schaumkonzentrat ist eine Mischung aus Wasser, Kohlenwasserstoff-Tensiden, L\u00f6sungsmitteln, C6-Fluortensiden und Fluorpolymeren. Die Dosierung des Produkts betr\u00e4gt 3% sowohl f\u00fcr Kohlenwasserstoffbr\u00e4nde als auch f\u00fcr Br\u00e4nde mit polaren L\u00f6sungsmitteln.\",\"breadcrumb\":{\"@id\":\"https:\/\/demo.perimeter-solutions.com\/de\/product\/phos-chek-3x3-ar-afff-2\/#breadcrumb\"},\"inLanguage\":\"de\",\"potentialAction\":[{\"@type\":\"ReadAction\",\"target\":[\"https:\/\/demo.perimeter-solutions.com\/de\/product\/phos-chek-3x3-ar-afff-2\/\"]}]},{\"@type\":\"ImageObject\",\"inLanguage\":\"de\",\"@id\":\"https:\/\/demo.perimeter-solutions.com\/de\/product\/phos-chek-3x3-ar-afff-2\/#primaryimage\",\"url\":\"https:\/\/demo.perimeter-solutions.com\/wp-content\/uploads\/2024\/06\/PC-3x3-AR-AFFF-PCC-2019002-4-pdf.jpg\",\"contentUrl\":\"https:\/\/demo.perimeter-solutions.com\/wp-content\/uploads\/2024\/06\/PC-3x3-AR-AFFF-PCC-2019002-4-pdf.jpg\"},{\"@type\":\"BreadcrumbList\",\"@id\":\"https:\/\/demo.perimeter-solutions.com\/de\/product\/phos-chek-3x3-ar-afff-2\/#breadcrumb\",\"itemListElement\":[{\"@type\":\"ListItem\",\"position\":1,\"name\":\"Produktkatalog\",\"item\":\"https:\/\/demo.perimeter-solutions.com\/de\/produktkatalog\/\"},{\"@type\":\"ListItem\",\"position\":2,\"name\":\"PHOS-CHEK 3\u00d73% AR-AFFF\"}]},{\"@type\":\"WebSite\",\"@id\":\"https:\/\/demo.perimeter-solutions.com\/de\/#website\",\"url\":\"https:\/\/demo.perimeter-solutions.com\/de\/\",\"name\":\"PS Demo site\",\"description\":\"\",\"publisher\":{\"@id\":\"https:\/\/demo.perimeter-solutions.com\/de\/#organization\"},\"potentialAction\":[{\"@type\":\"SearchAction\",\"target\":{\"@type\":\"EntryPoint\",\"urlTemplate\":\"https:\/\/demo.perimeter-solutions.com\/de\/?s={search_term_string}\"},\"query-input\":{\"@type\":\"PropertyValueSpecification\",\"valueRequired\":true,\"valueName\":\"search_term_string\"}}],\"inLanguage\":\"de\"},{\"@type\":\"Organization\",\"@id\":\"https:\/\/demo.perimeter-solutions.com\/de\/#organization\",\"name\":\"Perimeter Solutions\",\"url\":\"https:\/\/demo.perimeter-solutions.com\/de\/\",\"logo\":{\"@type\":\"ImageObject\",\"inLanguage\":\"de\",\"@id\":\"https:\/\/demo.perimeter-solutions.com\/de\/#\/schema\/logo\/image\/\",\"url\":\"https:\/\/demo.perimeter-solutions.com\/wp-content\/uploads\/2021\/02\/perimeter-logo-RGB.png\",\"contentUrl\":\"https:\/\/demo.perimeter-solutions.com\/wp-content\/uploads\/2021\/02\/perimeter-logo-RGB.png\",\"width\":794,\"height\":138,\"caption\":\"Perimeter Solutions\"},\"image\":{\"@id\":\"https:\/\/demo.perimeter-solutions.com\/de\/#\/schema\/logo\/image\/\"}}]}<\/script>\n<!-- \/ Yoast SEO Premium plugin. -->","yoast_head_json":{"title":"PHOS-CHEK 3\u00d73% AR-AFFF - PS Demo site","description":"PHOS-CHEK\u00ae 3\u00d73% AR-AFFF Schaumkonzentrat ist eine Mischung aus Wasser, Kohlenwasserstoff-Tensiden, L\u00f6sungsmitteln, C6-Fluortensiden und Fluorpolymeren. Die Dosierung des Produkts betr\u00e4gt 3% sowohl f\u00fcr Kohlenwasserstoffbr\u00e4nde als auch f\u00fcr Br\u00e4nde mit polaren L\u00f6sungsmitteln.","robots":{"index":"noindex","follow":"follow","max-snippet":"max-snippet:-1","max-image-preview":"max-image-preview:large","max-video-preview":"max-video-preview:-1"},"og_locale":"de_DE","og_type":"article","og_title":"PHOS-CHEK 3\u00d73% AR-AFFF","og_description":"PHOS-CHEK\u00ae 3\u00d73% AR-AFFF Schaumkonzentrat ist eine Mischung aus Wasser, Kohlenwasserstoff-Tensiden, L\u00f6sungsmitteln, C6-Fluortensiden und Fluorpolymeren. Die Dosierung des Produkts betr\u00e4gt 3% sowohl f\u00fcr Kohlenwasserstoffbr\u00e4nde als auch f\u00fcr Br\u00e4nde mit polaren L\u00f6sungsmitteln.","og_url":"https:\/\/demo.perimeter-solutions.com\/de\/product\/phos-chek-3x3-ar-afff-2\/","og_site_name":"PS Demo site","article_modified_time":"2024-08-14T18:50:48+00:00","twitter_card":"summary_large_image","twitter_misc":{"Gesch\u00e4tzte Lesezeit":"1\u00a0Minute"},"schema":{"@context":"https:\/\/schema.org","@graph":[{"@type":"WebPage","@id":"https:\/\/demo.perimeter-solutions.com\/de\/product\/phos-chek-3x3-ar-afff-2\/","url":"https:\/\/demo.perimeter-solutions.com\/de\/product\/phos-chek-3x3-ar-afff-2\/","name":"PHOS-CHEK 3\u00d73% AR-AFFF - PS Demo site","isPartOf":{"@id":"https:\/\/demo.perimeter-solutions.com\/de\/#website"},"primaryImageOfPage":{"@id":"https:\/\/demo.perimeter-solutions.com\/de\/product\/phos-chek-3x3-ar-afff-2\/#primaryimage"},"image":{"@id":"https:\/\/demo.perimeter-solutions.com\/de\/product\/phos-chek-3x3-ar-afff-2\/#primaryimage"},"thumbnailUrl":"https:\/\/demo.perimeter-solutions.com\/wp-content\/uploads\/2024\/06\/PC-3x3-AR-AFFF-PCC-2019002-4-pdf.jpg","datePublished":"2024-06-28T15:13:53+00:00","dateModified":"2024-08-14T18:50:48+00:00","description":"PHOS-CHEK\u00ae 3\u00d73% AR-AFFF Schaumkonzentrat ist eine Mischung aus Wasser, Kohlenwasserstoff-Tensiden, L\u00f6sungsmitteln, C6-Fluortensiden und Fluorpolymeren. Die Dosierung des Produkts betr\u00e4gt 3% sowohl f\u00fcr Kohlenwasserstoffbr\u00e4nde als auch f\u00fcr Br\u00e4nde mit polaren L\u00f6sungsmitteln.","breadcrumb":{"@id":"https:\/\/demo.perimeter-solutions.com\/de\/product\/phos-chek-3x3-ar-afff-2\/#breadcrumb"},"inLanguage":"de","potentialAction":[{"@type":"ReadAction","target":["https:\/\/demo.perimeter-solutions.com\/de\/product\/phos-chek-3x3-ar-afff-2\/"]}]},{"@type":"ImageObject","inLanguage":"de","@id":"https:\/\/demo.perimeter-solutions.com\/de\/product\/phos-chek-3x3-ar-afff-2\/#primaryimage","url":"https:\/\/demo.perimeter-solutions.com\/wp-content\/uploads\/2024\/06\/PC-3x3-AR-AFFF-PCC-2019002-4-pdf.jpg","contentUrl":"https:\/\/demo.perimeter-solutions.com\/wp-content\/uploads\/2024\/06\/PC-3x3-AR-AFFF-PCC-2019002-4-pdf.jpg"},{"@type":"BreadcrumbList","@id":"https:\/\/demo.perimeter-solutions.com\/de\/product\/phos-chek-3x3-ar-afff-2\/#breadcrumb","itemListElement":[{"@type":"ListItem","position":1,"name":"Produktkatalog","item":"https:\/\/demo.perimeter-solutions.com\/de\/produktkatalog\/"},{"@type":"ListItem","position":2,"name":"PHOS-CHEK 3\u00d73% AR-AFFF"}]},{"@type":"WebSite","@id":"https:\/\/demo.perimeter-solutions.com\/de\/#website","url":"https:\/\/demo.perimeter-solutions.com\/de\/","name":"PS Demo site","description":"","publisher":{"@id":"https:\/\/demo.perimeter-solutions.com\/de\/#organization"},"potentialAction":[{"@type":"SearchAction","target":{"@type":"EntryPoint","urlTemplate":"https:\/\/demo.perimeter-solutions.com\/de\/?s={search_term_string}"},"query-input":{"@type":"PropertyValueSpecification","valueRequired":true,"valueName":"search_term_string"}}],"inLanguage":"de"},{"@type":"Organization","@id":"https:\/\/demo.perimeter-solutions.com\/de\/#organization","name":"Perimeter Solutions","url":"https:\/\/demo.perimeter-solutions.com\/de\/","logo":{"@type":"ImageObject","inLanguage":"de","@id":"https:\/\/demo.perimeter-solutions.com\/de\/#\/schema\/logo\/image\/","url":"https:\/\/demo.perimeter-solutions.com\/wp-content\/uploads\/2021\/02\/perimeter-logo-RGB.png","contentUrl":"https:\/\/demo.perimeter-solutions.com\/wp-content\/uploads\/2021\/02\/perimeter-logo-RGB.png","width":794,"height":138,"caption":"Perimeter Solutions"},"image":{"@id":"https:\/\/demo.perimeter-solutions.com\/de\/#\/schema\/logo\/image\/"}}]}},"_links":{"self":[{"href":"https:\/\/demo.perimeter-solutions.com\/de\/wp-json\/wp\/v2\/product\/42382","targetHints":{"allow":["GET"]}}],"collection":[{"href":"https:\/\/demo.perimeter-solutions.com\/de\/wp-json\/wp\/v2\/product"}],"about":[{"href":"https:\/\/demo.perimeter-solutions.com\/de\/wp-json\/wp\/v2\/types\/product"}],"wp:featuredmedia":[{"embeddable":true,"href":"https:\/\/demo.perimeter-solutions.com\/de\/wp-json\/wp\/v2\/media\/42384"}],"wp:attachment":[{"href":"https:\/\/demo.perimeter-solutions.com\/de\/wp-json\/wp\/v2\/media?parent=42382"}],"wp:term":[{"taxonomy":"product_cat","embeddable":true,"href":"https:\/\/demo.perimeter-solutions.com\/de\/wp-json\/wp\/v2\/product_cat?post=42382"},{"taxonomy":"product_tag","embeddable":true,"href":"https:\/\/demo.perimeter-solutions.com\/de\/wp-json\/wp\/v2\/product_tag?post=42382"}],"curies":[{"name":"wp","href":"https:\/\/api.w.org\/{rel}","templated":true}]}}