{"id":42391,"date":"2024-06-28T11:20:32","date_gmt":"2024-06-28T15:20:32","guid":{"rendered":"https:\/\/demo.perimeter-solutions.com\/product\/phos-chek-1x3-ar-afff-ultra\/"},"modified":"2024-08-14T14:48:07","modified_gmt":"2024-08-14T18:48:07","slug":"phos-chek-1x3-ar-afff-ultra-2","status":"publish","type":"product","link":"https:\/\/demo.perimeter-solutions.com\/de\/product\/phos-chek-1x3-ar-afff-ultra-2\/","title":{"rendered":"PHOS-CHEK 1\u00d73% AR-AFFF Ultra"},"content":{"rendered":"<p><span style=\"color: #000000;\"><strong>PHOS-CHEK<sup>\u00ae<\/sup> 1\u00d73% AR-AFFF Ultra<\/strong> Schaumkonzentrat ist eine Mischung aus Wasser, Kohlenwasserstoff-Tensiden, L\u00f6sungsmitteln, C6-Fluortensiden und Fluorpolymeren. Das Produkt ist bei sanften oder kr\u00e4ftigen Anwendungen gleicherma\u00dfen wirksam und wird auf 1% f\u00fcr Kohlenwasserstoffbr\u00e4nde und auf 3% f\u00fcr Br\u00e4nde mit polaren L\u00f6sungsmitteln dosiert. Das 1\u00d73%ige AR-AFFF ist UL, EN1568 Teil 3&amp;4 und LASTFIRE zugelassen. <\/span><span style=\"color: #000000;\">PHOS-CHEK 1\u00d73% AR-AFFF Ultra ist ein vielseitiger Schaum und ideal f\u00fcr den Einsatz im Notfall. <\/span><span style=\"color: #000000;\">PHOS-CHEK 1\u00d73% AR-AFFF Ultra kann mit Standard-Zumischger\u00e4ten, Schaumabgabeger\u00e4ten, Inline-Schaumzumischern und selbstansaugenden D\u00fcsen verwendet werden. <\/span><\/p>\n<p><span style=\"color: #000000;\"><strong>ZERTIFIZIERUNGEN: <\/strong>UL 162 Listed, EN 1568-3:2008 (Klasse IA) und EN 1568-4:2008 (Klasse IA) Approved und erf\u00fcllt die Qualit\u00e4ts- und Leistungstestanforderungen von LASTFIRE.<\/span><\/p>\n<h4>Verf\u00fcgbare Optionen<\/h4>\n","protected":false},"excerpt":{"rendered":"<p>PHOS-CHEK\u00ae 1\u00d73% AR-AFFF Ultra Schaumkonzentrat ist eine Mischung aus Wasser, Kohlenwasserstoff-Tensiden, L\u00f6sungsmitteln, C6-Fluortensiden und Fluorpolymeren. Das Produkt ist bei sanften oder kr\u00e4ftigen Anwendungen gleicherma\u00dfen wirksam und wird auf 1% f\u00fcr [&hellip;]<\/p>\n","protected":false},"featured_media":42393,"template":"","meta":{"_acf_changed":false},"product_cat":[201,187],"product_tag":[247,239,243],"class_list":{"0":"post-42391","1":"product","2":"type-product","3":"status-publish","4":"has-post-thumbnail","6":"product_cat-class-b-fluorinated-de","7":"product_cat-class-b-de","8":"product_tag-ol-und-gas","9":"product_tag-phos-chek-de","10":"product_tag-ul-162","12":"first","13":"instock","14":"shipping-taxable","15":"purchasable","16":"product-type-simple"},"acf":[],"yoast_head":"<!-- This site is optimized with the Yoast SEO Premium plugin v21.9 (Yoast SEO v23.5) - https:\/\/yoast.com\/wordpress\/plugins\/seo\/ -->\n<title>PHOS-CHEK 1\u00d73% AR-AFFF Ultra - PS Demo site<\/title>\n<meta name=\"description\" content=\"PHOS-CHEK\u00ae 1\u00d73% AR-AFFF Ultra Schaumkonzentrat ist eine Mischung aus Wasser, Kohlenwasserstoff-Tensiden, L\u00f6sungsmitteln, C6-Fluortensiden und Fluorpolymeren. Das Produkt ist bei sanften oder kr\u00e4ftigen Anwendungen gleicherma\u00dfen wirksam und wird auf 1% f\u00fcr Kohlenwasserstoffbr\u00e4nde und auf 3% f\u00fcr Br\u00e4nde mit polaren L\u00f6sungsmitteln dosiert.\" \/>\n<meta name=\"robots\" content=\"noindex, follow, max-snippet:-1, max-image-preview:large, max-video-preview:-1\" \/>\n<meta property=\"og:locale\" content=\"de_DE\" \/>\n<meta property=\"og:type\" content=\"article\" \/>\n<meta property=\"og:title\" content=\"PHOS-CHEK 1\u00d73% AR-AFFF Ultra\" \/>\n<meta property=\"og:description\" content=\"PHOS-CHEK\u00ae 1\u00d73% AR-AFFF Ultra Schaumkonzentrat ist eine Mischung aus Wasser, Kohlenwasserstoff-Tensiden, L\u00f6sungsmitteln, C6-Fluortensiden und Fluorpolymeren. Das Produkt ist bei sanften oder kr\u00e4ftigen Anwendungen gleicherma\u00dfen wirksam und wird auf 1% f\u00fcr Kohlenwasserstoffbr\u00e4nde und auf 3% f\u00fcr Br\u00e4nde mit polaren L\u00f6sungsmitteln dosiert.\" \/>\n<meta property=\"og:url\" content=\"https:\/\/demo.perimeter-solutions.com\/de\/product\/phos-chek-1x3-ar-afff-ultra-2\/\" \/>\n<meta property=\"og:site_name\" content=\"PS Demo site\" \/>\n<meta property=\"article:modified_time\" content=\"2024-08-14T18:48:07+00:00\" \/>\n<meta name=\"twitter:card\" content=\"summary_large_image\" \/>\n<meta name=\"twitter:label1\" content=\"Gesch\u00e4tzte Lesezeit\" \/>\n\t<meta name=\"twitter:data1\" content=\"1\u00a0Minute\" \/>\n<script type=\"application\/ld+json\" class=\"yoast-schema-graph\">{\"@context\":\"https:\/\/schema.org\",\"@graph\":[{\"@type\":\"WebPage\",\"@id\":\"https:\/\/demo.perimeter-solutions.com\/de\/product\/phos-chek-1x3-ar-afff-ultra-2\/\",\"url\":\"https:\/\/demo.perimeter-solutions.com\/de\/product\/phos-chek-1x3-ar-afff-ultra-2\/\",\"name\":\"PHOS-CHEK 1\u00d73% AR-AFFF Ultra - PS Demo site\",\"isPartOf\":{\"@id\":\"https:\/\/demo.perimeter-solutions.com\/de\/#website\"},\"primaryImageOfPage\":{\"@id\":\"https:\/\/demo.perimeter-solutions.com\/de\/product\/phos-chek-1x3-ar-afff-ultra-2\/#primaryimage\"},\"image\":{\"@id\":\"https:\/\/demo.perimeter-solutions.com\/de\/product\/phos-chek-1x3-ar-afff-ultra-2\/#primaryimage\"},\"thumbnailUrl\":\"https:\/\/demo.perimeter-solutions.com\/wp-content\/uploads\/2024\/06\/PC-1x3-AR-AFFF-ULTRA-PCC-2019025-3NL-pdf.jpg\",\"datePublished\":\"2024-06-28T15:20:32+00:00\",\"dateModified\":\"2024-08-14T18:48:07+00:00\",\"description\":\"PHOS-CHEK\u00ae 1\u00d73% AR-AFFF Ultra Schaumkonzentrat ist eine Mischung aus Wasser, Kohlenwasserstoff-Tensiden, L\u00f6sungsmitteln, C6-Fluortensiden und Fluorpolymeren. Das Produkt ist bei sanften oder kr\u00e4ftigen Anwendungen gleicherma\u00dfen wirksam und wird auf 1% f\u00fcr Kohlenwasserstoffbr\u00e4nde und auf 3% f\u00fcr Br\u00e4nde mit polaren L\u00f6sungsmitteln dosiert.\",\"breadcrumb\":{\"@id\":\"https:\/\/demo.perimeter-solutions.com\/de\/product\/phos-chek-1x3-ar-afff-ultra-2\/#breadcrumb\"},\"inLanguage\":\"de\",\"potentialAction\":[{\"@type\":\"ReadAction\",\"target\":[\"https:\/\/demo.perimeter-solutions.com\/de\/product\/phos-chek-1x3-ar-afff-ultra-2\/\"]}]},{\"@type\":\"ImageObject\",\"inLanguage\":\"de\",\"@id\":\"https:\/\/demo.perimeter-solutions.com\/de\/product\/phos-chek-1x3-ar-afff-ultra-2\/#primaryimage\",\"url\":\"https:\/\/demo.perimeter-solutions.com\/wp-content\/uploads\/2024\/06\/PC-1x3-AR-AFFF-ULTRA-PCC-2019025-3NL-pdf.jpg\",\"contentUrl\":\"https:\/\/demo.perimeter-solutions.com\/wp-content\/uploads\/2024\/06\/PC-1x3-AR-AFFF-ULTRA-PCC-2019025-3NL-pdf.jpg\"},{\"@type\":\"BreadcrumbList\",\"@id\":\"https:\/\/demo.perimeter-solutions.com\/de\/product\/phos-chek-1x3-ar-afff-ultra-2\/#breadcrumb\",\"itemListElement\":[{\"@type\":\"ListItem\",\"position\":1,\"name\":\"Produktkatalog\",\"item\":\"https:\/\/demo.perimeter-solutions.com\/de\/produktkatalog\/\"},{\"@type\":\"ListItem\",\"position\":2,\"name\":\"PHOS-CHEK 1\u00d73% AR-AFFF Ultra\"}]},{\"@type\":\"WebSite\",\"@id\":\"https:\/\/demo.perimeter-solutions.com\/de\/#website\",\"url\":\"https:\/\/demo.perimeter-solutions.com\/de\/\",\"name\":\"PS Demo site\",\"description\":\"\",\"publisher\":{\"@id\":\"https:\/\/demo.perimeter-solutions.com\/de\/#organization\"},\"potentialAction\":[{\"@type\":\"SearchAction\",\"target\":{\"@type\":\"EntryPoint\",\"urlTemplate\":\"https:\/\/demo.perimeter-solutions.com\/de\/?s={search_term_string}\"},\"query-input\":{\"@type\":\"PropertyValueSpecification\",\"valueRequired\":true,\"valueName\":\"search_term_string\"}}],\"inLanguage\":\"de\"},{\"@type\":\"Organization\",\"@id\":\"https:\/\/demo.perimeter-solutions.com\/de\/#organization\",\"name\":\"Perimeter Solutions\",\"url\":\"https:\/\/demo.perimeter-solutions.com\/de\/\",\"logo\":{\"@type\":\"ImageObject\",\"inLanguage\":\"de\",\"@id\":\"https:\/\/demo.perimeter-solutions.com\/de\/#\/schema\/logo\/image\/\",\"url\":\"https:\/\/demo.perimeter-solutions.com\/wp-content\/uploads\/2021\/02\/perimeter-logo-RGB.png\",\"contentUrl\":\"https:\/\/demo.perimeter-solutions.com\/wp-content\/uploads\/2021\/02\/perimeter-logo-RGB.png\",\"width\":794,\"height\":138,\"caption\":\"Perimeter Solutions\"},\"image\":{\"@id\":\"https:\/\/demo.perimeter-solutions.com\/de\/#\/schema\/logo\/image\/\"}}]}<\/script>\n<!-- \/ Yoast SEO Premium plugin. -->","yoast_head_json":{"title":"PHOS-CHEK 1\u00d73% AR-AFFF Ultra - PS Demo site","description":"PHOS-CHEK\u00ae 1\u00d73% AR-AFFF Ultra Schaumkonzentrat ist eine Mischung aus Wasser, Kohlenwasserstoff-Tensiden, L\u00f6sungsmitteln, C6-Fluortensiden und Fluorpolymeren. Das Produkt ist bei sanften oder kr\u00e4ftigen Anwendungen gleicherma\u00dfen wirksam und wird auf 1% f\u00fcr Kohlenwasserstoffbr\u00e4nde und auf 3% f\u00fcr Br\u00e4nde mit polaren L\u00f6sungsmitteln dosiert.","robots":{"index":"noindex","follow":"follow","max-snippet":"max-snippet:-1","max-image-preview":"max-image-preview:large","max-video-preview":"max-video-preview:-1"},"og_locale":"de_DE","og_type":"article","og_title":"PHOS-CHEK 1\u00d73% AR-AFFF Ultra","og_description":"PHOS-CHEK\u00ae 1\u00d73% AR-AFFF Ultra Schaumkonzentrat ist eine Mischung aus Wasser, Kohlenwasserstoff-Tensiden, L\u00f6sungsmitteln, C6-Fluortensiden und Fluorpolymeren. Das Produkt ist bei sanften oder kr\u00e4ftigen Anwendungen gleicherma\u00dfen wirksam und wird auf 1% f\u00fcr Kohlenwasserstoffbr\u00e4nde und auf 3% f\u00fcr Br\u00e4nde mit polaren L\u00f6sungsmitteln dosiert.","og_url":"https:\/\/demo.perimeter-solutions.com\/de\/product\/phos-chek-1x3-ar-afff-ultra-2\/","og_site_name":"PS Demo site","article_modified_time":"2024-08-14T18:48:07+00:00","twitter_card":"summary_large_image","twitter_misc":{"Gesch\u00e4tzte Lesezeit":"1\u00a0Minute"},"schema":{"@context":"https:\/\/schema.org","@graph":[{"@type":"WebPage","@id":"https:\/\/demo.perimeter-solutions.com\/de\/product\/phos-chek-1x3-ar-afff-ultra-2\/","url":"https:\/\/demo.perimeter-solutions.com\/de\/product\/phos-chek-1x3-ar-afff-ultra-2\/","name":"PHOS-CHEK 1\u00d73% AR-AFFF Ultra - PS Demo site","isPartOf":{"@id":"https:\/\/demo.perimeter-solutions.com\/de\/#website"},"primaryImageOfPage":{"@id":"https:\/\/demo.perimeter-solutions.com\/de\/product\/phos-chek-1x3-ar-afff-ultra-2\/#primaryimage"},"image":{"@id":"https:\/\/demo.perimeter-solutions.com\/de\/product\/phos-chek-1x3-ar-afff-ultra-2\/#primaryimage"},"thumbnailUrl":"https:\/\/demo.perimeter-solutions.com\/wp-content\/uploads\/2024\/06\/PC-1x3-AR-AFFF-ULTRA-PCC-2019025-3NL-pdf.jpg","datePublished":"2024-06-28T15:20:32+00:00","dateModified":"2024-08-14T18:48:07+00:00","description":"PHOS-CHEK\u00ae 1\u00d73% AR-AFFF Ultra Schaumkonzentrat ist eine Mischung aus Wasser, Kohlenwasserstoff-Tensiden, L\u00f6sungsmitteln, C6-Fluortensiden und Fluorpolymeren. Das Produkt ist bei sanften oder kr\u00e4ftigen Anwendungen gleicherma\u00dfen wirksam und wird auf 1% f\u00fcr Kohlenwasserstoffbr\u00e4nde und auf 3% f\u00fcr Br\u00e4nde mit polaren L\u00f6sungsmitteln dosiert.","breadcrumb":{"@id":"https:\/\/demo.perimeter-solutions.com\/de\/product\/phos-chek-1x3-ar-afff-ultra-2\/#breadcrumb"},"inLanguage":"de","potentialAction":[{"@type":"ReadAction","target":["https:\/\/demo.perimeter-solutions.com\/de\/product\/phos-chek-1x3-ar-afff-ultra-2\/"]}]},{"@type":"ImageObject","inLanguage":"de","@id":"https:\/\/demo.perimeter-solutions.com\/de\/product\/phos-chek-1x3-ar-afff-ultra-2\/#primaryimage","url":"https:\/\/demo.perimeter-solutions.com\/wp-content\/uploads\/2024\/06\/PC-1x3-AR-AFFF-ULTRA-PCC-2019025-3NL-pdf.jpg","contentUrl":"https:\/\/demo.perimeter-solutions.com\/wp-content\/uploads\/2024\/06\/PC-1x3-AR-AFFF-ULTRA-PCC-2019025-3NL-pdf.jpg"},{"@type":"BreadcrumbList","@id":"https:\/\/demo.perimeter-solutions.com\/de\/product\/phos-chek-1x3-ar-afff-ultra-2\/#breadcrumb","itemListElement":[{"@type":"ListItem","position":1,"name":"Produktkatalog","item":"https:\/\/demo.perimeter-solutions.com\/de\/produktkatalog\/"},{"@type":"ListItem","position":2,"name":"PHOS-CHEK 1\u00d73% AR-AFFF Ultra"}]},{"@type":"WebSite","@id":"https:\/\/demo.perimeter-solutions.com\/de\/#website","url":"https:\/\/demo.perimeter-solutions.com\/de\/","name":"PS Demo site","description":"","publisher":{"@id":"https:\/\/demo.perimeter-solutions.com\/de\/#organization"},"potentialAction":[{"@type":"SearchAction","target":{"@type":"EntryPoint","urlTemplate":"https:\/\/demo.perimeter-solutions.com\/de\/?s={search_term_string}"},"query-input":{"@type":"PropertyValueSpecification","valueRequired":true,"valueName":"search_term_string"}}],"inLanguage":"de"},{"@type":"Organization","@id":"https:\/\/demo.perimeter-solutions.com\/de\/#organization","name":"Perimeter Solutions","url":"https:\/\/demo.perimeter-solutions.com\/de\/","logo":{"@type":"ImageObject","inLanguage":"de","@id":"https:\/\/demo.perimeter-solutions.com\/de\/#\/schema\/logo\/image\/","url":"https:\/\/demo.perimeter-solutions.com\/wp-content\/uploads\/2021\/02\/perimeter-logo-RGB.png","contentUrl":"https:\/\/demo.perimeter-solutions.com\/wp-content\/uploads\/2021\/02\/perimeter-logo-RGB.png","width":794,"height":138,"caption":"Perimeter Solutions"},"image":{"@id":"https:\/\/demo.perimeter-solutions.com\/de\/#\/schema\/logo\/image\/"}}]}},"_links":{"self":[{"href":"https:\/\/demo.perimeter-solutions.com\/de\/wp-json\/wp\/v2\/product\/42391","targetHints":{"allow":["GET"]}}],"collection":[{"href":"https:\/\/demo.perimeter-solutions.com\/de\/wp-json\/wp\/v2\/product"}],"about":[{"href":"https:\/\/demo.perimeter-solutions.com\/de\/wp-json\/wp\/v2\/types\/product"}],"wp:featuredmedia":[{"embeddable":true,"href":"https:\/\/demo.perimeter-solutions.com\/de\/wp-json\/wp\/v2\/media\/42393"}],"wp:attachment":[{"href":"https:\/\/demo.perimeter-solutions.com\/de\/wp-json\/wp\/v2\/media?parent=42391"}],"wp:term":[{"taxonomy":"product_cat","embeddable":true,"href":"https:\/\/demo.perimeter-solutions.com\/de\/wp-json\/wp\/v2\/product_cat?post=42391"},{"taxonomy":"product_tag","embeddable":true,"href":"https:\/\/demo.perimeter-solutions.com\/de\/wp-json\/wp\/v2\/product_tag?post=42391"}],"curies":[{"name":"wp","href":"https:\/\/api.w.org\/{rel}","templated":true}]}}