{"id":42406,"date":"2024-06-28T11:25:49","date_gmt":"2024-06-28T15:25:49","guid":{"rendered":"https:\/\/demo.perimeter-solutions.com\/product\/solberg-arctic-3-mil-spec-afff-schaumstoffkonzentrat-2\/"},"modified":"2024-08-14T15:12:45","modified_gmt":"2024-08-14T19:12:45","slug":"solberg-arctic-3-mil-spec-afff-schaumstoffkonzentrat-2","status":"publish","type":"product","link":"https:\/\/demo.perimeter-solutions.com\/de\/product\/solberg-arctic-3-mil-spec-afff-schaumstoffkonzentrat-2\/","title":{"rendered":"SOLBERG<sup>\u00ae<\/sup> ARCTIC\u2122 3% MIL-SPEC AFFF SCHAUMSTOFFKONZENTRAT"},"content":{"rendered":"<p><span style=\"color: #000000;\"><strong>SOLBERG<sup>\u00ae<\/sup> ARCTIC\u2122 3% MIL-SPEC AFFF<\/strong> ist ein synthetisches Schaumkonzentrat, das zum effektiven L\u00f6schen von Br\u00e4nden mit Kohlenwasserstoffen der Klasse B in 3%iger L\u00f6sung verwendet wird. SOLBERG ARCTIC 3% MIL-SPEC AFFF-Schaum bietet schnelle L\u00f6schung und ausgezeichnete R\u00fcckbrenneigenschaften und kann mit S\u00fc\u00df-, Salz- und Brackwasser verwendet werden.<\/span><\/p>\n<p><span style=\"color: #000000;\">SOLBERG ARCTIC 3% MIL-SPEC AFFF Schaumkonzentrat kann bei Br\u00e4nden von Kohlenwasserstoffbrennstoffen der Klasse B eingesetzt werden. Es ist nicht f\u00fcr die Verwendung mit polaren L\u00f6sungsmittelkraftstoffen der Klasse B vorgesehen. Der Schaum kann verwendet werden, um das Wiederaufflammen einer versch\u00fctteten Fl\u00fcssigkeit zu verhindern und gef\u00e4hrliche D\u00e4mpfe zu kontrollieren. Um maximale Ergebnisse zu erzielen, k\u00f6nnen Schaumabgabeger\u00e4te, wie z.B. Luftsauger, aber auch nicht-luftsaugende Ger\u00e4te, wie z.B. Standard-Sprinklerk\u00f6pfe, verwendet werden. Das Produkt wird aus 3 Teilen Schaummittelkonzentrat zu 97 Teilen Wasser gemischt. Es kann auch als 3%ige Vormischungsl\u00f6sung verwendet werden. SOLBERG ARCTIC 3% MIL-SPEC AFFF-Schaum ist mit den meisten pulverf\u00f6rmigen (trockenchemischen) Kampfstoffen kompatibel.<\/span><\/p>\n<p><span style=\"color: #000000;\">SOLBERG ARCTIC 3% MIL-SPEC AFFF-Schaummittel wurde nach den Kriterien der Underwriters Laboratories, Inc. (UL) Standard 162 getestet und erf\u00fcllt diese.<\/span><span style=\"color: #000000;\">SOLBERG ARCTIC 3% MIL-SPEC AFFF-Schaummittel kann mit den meisten handels\u00fcblichen Dosierger\u00e4ten auf den richtigen Schauml\u00f6sungsprozentsatz eingestellt werden.<\/span><\/p>\n<p><span style=\"color: #000000;\"><strong>ZERTIFIZIERUNGEN:<\/strong> UL-162; UL Canada (CAN\/ULC) Standards S560, S564; ICAO Level C; U.S. Military Specification MIL-F-24385F.<\/span><\/p>\n<h4>Verf\u00fcgbare Optionen<\/h4>\n","protected":false},"excerpt":{"rendered":"<p>SOLBERG\u00ae ARCTIC\u2122 3% MIL-SPEC AFFF ist ein synthetisches Schaumkonzentrat, das zum effektiven L\u00f6schen von Br\u00e4nden mit Kohlenwasserstoffen der Klasse B in 3%iger L\u00f6sung verwendet wird. SOLBERG ARCTIC 3% MIL-SPEC AFFF-Schaum [&hellip;]<\/p>\n","protected":false},"featured_media":42408,"template":"","meta":{"_acf_changed":false},"product_cat":[201,187],"product_tag":[229,218,235,249,241,243],"class_list":{"0":"post-42406","1":"product","2":"type-product","3":"status-publish","4":"has-post-thumbnail","6":"product_cat-class-b-fluorinated-de","7":"product_cat-class-b-de","8":"product_tag-icao-de","9":"product_tag-luftfahrt","10":"product_tag-mil-spec-de","11":"product_tag-militar-dod","12":"product_tag-solberg-de","13":"product_tag-ul-162","15":"first","16":"instock","17":"shipping-taxable","18":"purchasable","19":"product-type-simple"},"acf":[],"yoast_head":"<!-- This site is optimized with the Yoast SEO Premium plugin v21.9 (Yoast SEO v23.5) - https:\/\/yoast.com\/wordpress\/plugins\/seo\/ -->\n<title>SOLBERG\u00ae ARCTIC\u2122 3% MIL-SPEC AFFF SCHAUMSTOFFKONZENTRAT - PS Demo site<\/title>\n<meta name=\"description\" content=\"SOLBERG\u00ae ARCTIC\u2122 3% MIL-SPEC AFFF ist ein synthetisches Schaumkonzentrat, das zum effektiven L\u00f6schen von Br\u00e4nden mit Kohlenwasserstoffen der Klasse B in 3%iger L\u00f6sung verwendet wird. SOLBERG ARCTIC 3% MIL-SPEC AFFF-Schaum bietet schnelle L\u00f6schung und ausgezeichnete R\u00fcckbrenneigenschaften und kann mit S\u00fc\u00df-, Salz- und Brackwasser verwendet werden.\" \/>\n<meta name=\"robots\" content=\"noindex, follow, max-snippet:-1, max-image-preview:large, max-video-preview:-1\" \/>\n<meta property=\"og:locale\" content=\"de_DE\" \/>\n<meta property=\"og:type\" content=\"article\" \/>\n<meta property=\"og:title\" content=\"SOLBERG\u00ae ARCTIC\u2122 3% MIL-SPEC AFFF SCHAUMSTOFFKONZENTRAT\" \/>\n<meta property=\"og:description\" content=\"SOLBERG\u00ae ARCTIC\u2122 3% MIL-SPEC AFFF ist ein synthetisches Schaumkonzentrat, das zum effektiven L\u00f6schen von Br\u00e4nden mit Kohlenwasserstoffen der Klasse B in 3%iger L\u00f6sung verwendet wird. SOLBERG ARCTIC 3% MIL-SPEC AFFF-Schaum bietet schnelle L\u00f6schung und ausgezeichnete R\u00fcckbrenneigenschaften und kann mit S\u00fc\u00df-, Salz- und Brackwasser verwendet werden.\" \/>\n<meta property=\"og:url\" content=\"https:\/\/demo.perimeter-solutions.com\/de\/product\/solberg-arctic-3-mil-spec-afff-schaumstoffkonzentrat-2\/\" \/>\n<meta property=\"og:site_name\" content=\"PS Demo site\" \/>\n<meta property=\"article:modified_time\" content=\"2024-08-14T19:12:45+00:00\" \/>\n<meta name=\"twitter:card\" content=\"summary_large_image\" \/>\n<meta name=\"twitter:label1\" content=\"Gesch\u00e4tzte Lesezeit\" \/>\n\t<meta name=\"twitter:data1\" content=\"2\u00a0Minuten\" \/>\n<script type=\"application\/ld+json\" class=\"yoast-schema-graph\">{\"@context\":\"https:\/\/schema.org\",\"@graph\":[{\"@type\":\"WebPage\",\"@id\":\"https:\/\/demo.perimeter-solutions.com\/de\/product\/solberg-arctic-3-mil-spec-afff-schaumstoffkonzentrat-2\/\",\"url\":\"https:\/\/demo.perimeter-solutions.com\/de\/product\/solberg-arctic-3-mil-spec-afff-schaumstoffkonzentrat-2\/\",\"name\":\"SOLBERG\u00ae ARCTIC\u2122 3% MIL-SPEC AFFF SCHAUMSTOFFKONZENTRAT - PS Demo site\",\"isPartOf\":{\"@id\":\"https:\/\/demo.perimeter-solutions.com\/de\/#website\"},\"primaryImageOfPage\":{\"@id\":\"https:\/\/demo.perimeter-solutions.com\/de\/product\/solberg-arctic-3-mil-spec-afff-schaumstoffkonzentrat-2\/#primaryimage\"},\"image\":{\"@id\":\"https:\/\/demo.perimeter-solutions.com\/de\/product\/solberg-arctic-3-mil-spec-afff-schaumstoffkonzentrat-2\/#primaryimage\"},\"thumbnailUrl\":\"https:\/\/demo.perimeter-solutions.com\/wp-content\/uploads\/2024\/06\/ARCTIC-3-MIL-SPEC-AFFF-F-2015006-3-A4-pdf.jpg\",\"datePublished\":\"2024-06-28T15:25:49+00:00\",\"dateModified\":\"2024-08-14T19:12:45+00:00\",\"description\":\"SOLBERG\u00ae ARCTIC\u2122 3% MIL-SPEC AFFF ist ein synthetisches Schaumkonzentrat, das zum effektiven L\u00f6schen von Br\u00e4nden mit Kohlenwasserstoffen der Klasse B in 3%iger L\u00f6sung verwendet wird. SOLBERG ARCTIC 3% MIL-SPEC AFFF-Schaum bietet schnelle L\u00f6schung und ausgezeichnete R\u00fcckbrenneigenschaften und kann mit S\u00fc\u00df-, Salz- und Brackwasser verwendet werden.\",\"breadcrumb\":{\"@id\":\"https:\/\/demo.perimeter-solutions.com\/de\/product\/solberg-arctic-3-mil-spec-afff-schaumstoffkonzentrat-2\/#breadcrumb\"},\"inLanguage\":\"de\",\"potentialAction\":[{\"@type\":\"ReadAction\",\"target\":[\"https:\/\/demo.perimeter-solutions.com\/de\/product\/solberg-arctic-3-mil-spec-afff-schaumstoffkonzentrat-2\/\"]}]},{\"@type\":\"ImageObject\",\"inLanguage\":\"de\",\"@id\":\"https:\/\/demo.perimeter-solutions.com\/de\/product\/solberg-arctic-3-mil-spec-afff-schaumstoffkonzentrat-2\/#primaryimage\",\"url\":\"https:\/\/demo.perimeter-solutions.com\/wp-content\/uploads\/2024\/06\/ARCTIC-3-MIL-SPEC-AFFF-F-2015006-3-A4-pdf.jpg\",\"contentUrl\":\"https:\/\/demo.perimeter-solutions.com\/wp-content\/uploads\/2024\/06\/ARCTIC-3-MIL-SPEC-AFFF-F-2015006-3-A4-pdf.jpg\"},{\"@type\":\"BreadcrumbList\",\"@id\":\"https:\/\/demo.perimeter-solutions.com\/de\/product\/solberg-arctic-3-mil-spec-afff-schaumstoffkonzentrat-2\/#breadcrumb\",\"itemListElement\":[{\"@type\":\"ListItem\",\"position\":1,\"name\":\"Produktkatalog\",\"item\":\"https:\/\/demo.perimeter-solutions.com\/de\/produktkatalog\/\"},{\"@type\":\"ListItem\",\"position\":2,\"name\":\"SOLBERG\u00ae ARCTIC\u2122 3% MIL-SPEC AFFF SCHAUMSTOFFKONZENTRAT\"}]},{\"@type\":\"WebSite\",\"@id\":\"https:\/\/demo.perimeter-solutions.com\/de\/#website\",\"url\":\"https:\/\/demo.perimeter-solutions.com\/de\/\",\"name\":\"PS Demo site\",\"description\":\"\",\"publisher\":{\"@id\":\"https:\/\/demo.perimeter-solutions.com\/de\/#organization\"},\"potentialAction\":[{\"@type\":\"SearchAction\",\"target\":{\"@type\":\"EntryPoint\",\"urlTemplate\":\"https:\/\/demo.perimeter-solutions.com\/de\/?s={search_term_string}\"},\"query-input\":{\"@type\":\"PropertyValueSpecification\",\"valueRequired\":true,\"valueName\":\"search_term_string\"}}],\"inLanguage\":\"de\"},{\"@type\":\"Organization\",\"@id\":\"https:\/\/demo.perimeter-solutions.com\/de\/#organization\",\"name\":\"Perimeter Solutions\",\"url\":\"https:\/\/demo.perimeter-solutions.com\/de\/\",\"logo\":{\"@type\":\"ImageObject\",\"inLanguage\":\"de\",\"@id\":\"https:\/\/demo.perimeter-solutions.com\/de\/#\/schema\/logo\/image\/\",\"url\":\"https:\/\/demo.perimeter-solutions.com\/wp-content\/uploads\/2021\/02\/perimeter-logo-RGB.png\",\"contentUrl\":\"https:\/\/demo.perimeter-solutions.com\/wp-content\/uploads\/2021\/02\/perimeter-logo-RGB.png\",\"width\":794,\"height\":138,\"caption\":\"Perimeter Solutions\"},\"image\":{\"@id\":\"https:\/\/demo.perimeter-solutions.com\/de\/#\/schema\/logo\/image\/\"}}]}<\/script>\n<!-- \/ Yoast SEO Premium plugin. -->","yoast_head_json":{"title":"SOLBERG\u00ae ARCTIC\u2122 3% MIL-SPEC AFFF SCHAUMSTOFFKONZENTRAT - PS Demo site","description":"SOLBERG\u00ae ARCTIC\u2122 3% MIL-SPEC AFFF ist ein synthetisches Schaumkonzentrat, das zum effektiven L\u00f6schen von Br\u00e4nden mit Kohlenwasserstoffen der Klasse B in 3%iger L\u00f6sung verwendet wird. SOLBERG ARCTIC 3% MIL-SPEC AFFF-Schaum bietet schnelle L\u00f6schung und ausgezeichnete R\u00fcckbrenneigenschaften und kann mit S\u00fc\u00df-, Salz- und Brackwasser verwendet werden.","robots":{"index":"noindex","follow":"follow","max-snippet":"max-snippet:-1","max-image-preview":"max-image-preview:large","max-video-preview":"max-video-preview:-1"},"og_locale":"de_DE","og_type":"article","og_title":"SOLBERG\u00ae ARCTIC\u2122 3% MIL-SPEC AFFF SCHAUMSTOFFKONZENTRAT","og_description":"SOLBERG\u00ae ARCTIC\u2122 3% MIL-SPEC AFFF ist ein synthetisches Schaumkonzentrat, das zum effektiven L\u00f6schen von Br\u00e4nden mit Kohlenwasserstoffen der Klasse B in 3%iger L\u00f6sung verwendet wird. SOLBERG ARCTIC 3% MIL-SPEC AFFF-Schaum bietet schnelle L\u00f6schung und ausgezeichnete R\u00fcckbrenneigenschaften und kann mit S\u00fc\u00df-, Salz- und Brackwasser verwendet werden.","og_url":"https:\/\/demo.perimeter-solutions.com\/de\/product\/solberg-arctic-3-mil-spec-afff-schaumstoffkonzentrat-2\/","og_site_name":"PS Demo site","article_modified_time":"2024-08-14T19:12:45+00:00","twitter_card":"summary_large_image","twitter_misc":{"Gesch\u00e4tzte Lesezeit":"2\u00a0Minuten"},"schema":{"@context":"https:\/\/schema.org","@graph":[{"@type":"WebPage","@id":"https:\/\/demo.perimeter-solutions.com\/de\/product\/solberg-arctic-3-mil-spec-afff-schaumstoffkonzentrat-2\/","url":"https:\/\/demo.perimeter-solutions.com\/de\/product\/solberg-arctic-3-mil-spec-afff-schaumstoffkonzentrat-2\/","name":"SOLBERG\u00ae ARCTIC\u2122 3% MIL-SPEC AFFF SCHAUMSTOFFKONZENTRAT - PS Demo site","isPartOf":{"@id":"https:\/\/demo.perimeter-solutions.com\/de\/#website"},"primaryImageOfPage":{"@id":"https:\/\/demo.perimeter-solutions.com\/de\/product\/solberg-arctic-3-mil-spec-afff-schaumstoffkonzentrat-2\/#primaryimage"},"image":{"@id":"https:\/\/demo.perimeter-solutions.com\/de\/product\/solberg-arctic-3-mil-spec-afff-schaumstoffkonzentrat-2\/#primaryimage"},"thumbnailUrl":"https:\/\/demo.perimeter-solutions.com\/wp-content\/uploads\/2024\/06\/ARCTIC-3-MIL-SPEC-AFFF-F-2015006-3-A4-pdf.jpg","datePublished":"2024-06-28T15:25:49+00:00","dateModified":"2024-08-14T19:12:45+00:00","description":"SOLBERG\u00ae ARCTIC\u2122 3% MIL-SPEC AFFF ist ein synthetisches Schaumkonzentrat, das zum effektiven L\u00f6schen von Br\u00e4nden mit Kohlenwasserstoffen der Klasse B in 3%iger L\u00f6sung verwendet wird. SOLBERG ARCTIC 3% MIL-SPEC AFFF-Schaum bietet schnelle L\u00f6schung und ausgezeichnete R\u00fcckbrenneigenschaften und kann mit S\u00fc\u00df-, Salz- und Brackwasser verwendet werden.","breadcrumb":{"@id":"https:\/\/demo.perimeter-solutions.com\/de\/product\/solberg-arctic-3-mil-spec-afff-schaumstoffkonzentrat-2\/#breadcrumb"},"inLanguage":"de","potentialAction":[{"@type":"ReadAction","target":["https:\/\/demo.perimeter-solutions.com\/de\/product\/solberg-arctic-3-mil-spec-afff-schaumstoffkonzentrat-2\/"]}]},{"@type":"ImageObject","inLanguage":"de","@id":"https:\/\/demo.perimeter-solutions.com\/de\/product\/solberg-arctic-3-mil-spec-afff-schaumstoffkonzentrat-2\/#primaryimage","url":"https:\/\/demo.perimeter-solutions.com\/wp-content\/uploads\/2024\/06\/ARCTIC-3-MIL-SPEC-AFFF-F-2015006-3-A4-pdf.jpg","contentUrl":"https:\/\/demo.perimeter-solutions.com\/wp-content\/uploads\/2024\/06\/ARCTIC-3-MIL-SPEC-AFFF-F-2015006-3-A4-pdf.jpg"},{"@type":"BreadcrumbList","@id":"https:\/\/demo.perimeter-solutions.com\/de\/product\/solberg-arctic-3-mil-spec-afff-schaumstoffkonzentrat-2\/#breadcrumb","itemListElement":[{"@type":"ListItem","position":1,"name":"Produktkatalog","item":"https:\/\/demo.perimeter-solutions.com\/de\/produktkatalog\/"},{"@type":"ListItem","position":2,"name":"SOLBERG\u00ae ARCTIC\u2122 3% MIL-SPEC AFFF SCHAUMSTOFFKONZENTRAT"}]},{"@type":"WebSite","@id":"https:\/\/demo.perimeter-solutions.com\/de\/#website","url":"https:\/\/demo.perimeter-solutions.com\/de\/","name":"PS Demo site","description":"","publisher":{"@id":"https:\/\/demo.perimeter-solutions.com\/de\/#organization"},"potentialAction":[{"@type":"SearchAction","target":{"@type":"EntryPoint","urlTemplate":"https:\/\/demo.perimeter-solutions.com\/de\/?s={search_term_string}"},"query-input":{"@type":"PropertyValueSpecification","valueRequired":true,"valueName":"search_term_string"}}],"inLanguage":"de"},{"@type":"Organization","@id":"https:\/\/demo.perimeter-solutions.com\/de\/#organization","name":"Perimeter Solutions","url":"https:\/\/demo.perimeter-solutions.com\/de\/","logo":{"@type":"ImageObject","inLanguage":"de","@id":"https:\/\/demo.perimeter-solutions.com\/de\/#\/schema\/logo\/image\/","url":"https:\/\/demo.perimeter-solutions.com\/wp-content\/uploads\/2021\/02\/perimeter-logo-RGB.png","contentUrl":"https:\/\/demo.perimeter-solutions.com\/wp-content\/uploads\/2021\/02\/perimeter-logo-RGB.png","width":794,"height":138,"caption":"Perimeter Solutions"},"image":{"@id":"https:\/\/demo.perimeter-solutions.com\/de\/#\/schema\/logo\/image\/"}}]}},"_links":{"self":[{"href":"https:\/\/demo.perimeter-solutions.com\/de\/wp-json\/wp\/v2\/product\/42406","targetHints":{"allow":["GET"]}}],"collection":[{"href":"https:\/\/demo.perimeter-solutions.com\/de\/wp-json\/wp\/v2\/product"}],"about":[{"href":"https:\/\/demo.perimeter-solutions.com\/de\/wp-json\/wp\/v2\/types\/product"}],"wp:featuredmedia":[{"embeddable":true,"href":"https:\/\/demo.perimeter-solutions.com\/de\/wp-json\/wp\/v2\/media\/42408"}],"wp:attachment":[{"href":"https:\/\/demo.perimeter-solutions.com\/de\/wp-json\/wp\/v2\/media?parent=42406"}],"wp:term":[{"taxonomy":"product_cat","embeddable":true,"href":"https:\/\/demo.perimeter-solutions.com\/de\/wp-json\/wp\/v2\/product_cat?post=42406"},{"taxonomy":"product_tag","embeddable":true,"href":"https:\/\/demo.perimeter-solutions.com\/de\/wp-json\/wp\/v2\/product_tag?post=42406"}],"curies":[{"name":"wp","href":"https:\/\/api.w.org\/{rel}","templated":true}]}}