{"id":42411,"date":"2024-06-28T11:46:48","date_gmt":"2024-06-28T15:46:48","guid":{"rendered":"https:\/\/demo.perimeter-solutions.com\/product\/solberg-arctic-6-afff-foam-concentrate\/"},"modified":"2024-08-14T15:04:07","modified_gmt":"2024-08-14T19:04:07","slug":"solberg-arctic-6-afff-foam-concentrate","status":"publish","type":"product","link":"https:\/\/demo.perimeter-solutions.com\/de\/product\/solberg-arctic-6-afff-foam-concentrate\/","title":{"rendered":"SOLBERG<sup>\u00ae<\/sup> ARCTIC\u2122 6% AFFF FOAM CONCENTRATE"},"content":{"rendered":"<p><span style=\"color: #000000;\"><strong>SOLBERG<sup>\u00ae<\/sup> ARCTIC\u2122 6% AFFF<\/strong> Schaummittel ist ein synthetisches Schaumkonzentrat, das zum wirksamen L\u00f6schen von Kohlenwasserstoffbr\u00e4nden der Klasse B mit einer 6% igen L\u00f6sung verwendet wird. SOLBERG ARCTIC 6% AFFF-Schaum bietet eine schnelle L\u00f6schung und hervorragende R\u00fcckbrandeigenschaften und kann mit S\u00fc\u00df-, Salz- und Brackwasser verwendet werden.<\/span><\/p>\n<p><span style=\"color: #000000;\">SOLBERG ARCTIC 6% AFFF Schaummittel kann bei Kohlenwasserstoffbr\u00e4nden der Klasse B angewendet werden. Es ist nicht f\u00fcr die Verwendung mit polaren L\u00f6sungsmittelkraftstoffen der Klasse B vorgesehen. Der Schaum kann verwendet werden, um eine erneute Entz\u00fcndung einer versch\u00fctteten Fl\u00fcssigkeit zu verhindern und gef\u00e4hrliche D\u00e4mpfe zu kontrollieren. Schaumaustragsger\u00e4te wie Luftansaugger\u00e4te sowie Ger\u00e4te ohne Luftansaugung k\u00f6nnen verwendet werden, um maximale Ergebnisse zu erzielen. Das Produkt wird mit 6 Teilen Schaummittelkonzentrat zu 94 Teilen Wasser gemischt. Es kann auch als 6%ige Vormischungsl\u00f6sung verwendet werden. SOLBERG ARCTIC 6% AFFF-Schaum ist mit den meisten pulverf\u00f6rmigen (trockenen chemischen) Mitteln kompatibel.<\/span><\/p>\n<p><span style=\"color: #000000;\">ZERTIFIZIERUNGEN: UL162\/ULC S564 gelistet, EN 1568-3:2008 (Klasse 1A), ICAO Level B<\/span><\/p>\n<h4>Verf\u00fcgbare Optionen<\/h4>\n","protected":false},"excerpt":{"rendered":"<p>SOLBERG\u00ae ARCTIC\u2122 6% AFFF Schaummittel ist ein synthetisches Schaumkonzentrat, das zum wirksamen L\u00f6schen von Kohlenwasserstoffbr\u00e4nden der Klasse B mit einer 6% igen L\u00f6sung verwendet wird. SOLBERG ARCTIC 6% AFFF-Schaum bietet [&hellip;]<\/p>\n","protected":false},"featured_media":42413,"template":"","meta":{"_acf_changed":false},"product_cat":[201,187],"product_tag":[231,241,243],"class_list":{"0":"post-42411","1":"product","2":"type-product","3":"status-publish","4":"has-post-thumbnail","6":"product_cat-class-b-fluorinated-de","7":"product_cat-class-b-de","8":"product_tag-industriell","9":"product_tag-solberg-de","10":"product_tag-ul-162","12":"first","13":"instock","14":"shipping-taxable","15":"purchasable","16":"product-type-simple"},"acf":[],"yoast_head":"<!-- This site is optimized with the Yoast SEO Premium plugin v21.9 (Yoast SEO v23.5) - https:\/\/yoast.com\/wordpress\/plugins\/seo\/ -->\n<title>SOLBERG\u00ae ARCTIC\u2122 6% AFFF FOAM CONCENTRATE - PS Demo site<\/title>\n<meta name=\"robots\" content=\"noindex, follow, max-snippet:-1, max-image-preview:large, max-video-preview:-1\" \/>\n<meta property=\"og:locale\" content=\"de_DE\" \/>\n<meta property=\"og:type\" content=\"article\" \/>\n<meta property=\"og:title\" content=\"SOLBERG\u00ae ARCTIC\u2122 6% AFFF FOAM CONCENTRATE\" \/>\n<meta property=\"og:description\" content=\"SOLBERG\u00ae ARCTIC\u2122 6% AFFF Schaummittel ist ein synthetisches Schaumkonzentrat, das zum wirksamen L\u00f6schen von Kohlenwasserstoffbr\u00e4nden der Klasse B mit einer 6% igen L\u00f6sung verwendet wird. SOLBERG ARCTIC 6% AFFF-Schaum bietet [&hellip;]\" \/>\n<meta property=\"og:url\" content=\"https:\/\/demo.perimeter-solutions.com\/de\/product\/solberg-arctic-6-afff-foam-concentrate\/\" \/>\n<meta property=\"og:site_name\" content=\"PS Demo site\" \/>\n<meta property=\"article:modified_time\" content=\"2024-08-14T19:04:07+00:00\" \/>\n<meta name=\"twitter:card\" content=\"summary_large_image\" \/>\n<meta name=\"twitter:label1\" content=\"Gesch\u00e4tzte Lesezeit\" \/>\n\t<meta name=\"twitter:data1\" content=\"1\u00a0Minute\" \/>\n<script type=\"application\/ld+json\" class=\"yoast-schema-graph\">{\"@context\":\"https:\/\/schema.org\",\"@graph\":[{\"@type\":\"WebPage\",\"@id\":\"https:\/\/demo.perimeter-solutions.com\/de\/product\/solberg-arctic-6-afff-foam-concentrate\/\",\"url\":\"https:\/\/demo.perimeter-solutions.com\/de\/product\/solberg-arctic-6-afff-foam-concentrate\/\",\"name\":\"SOLBERG\u00ae ARCTIC\u2122 6% AFFF FOAM CONCENTRATE - PS Demo site\",\"isPartOf\":{\"@id\":\"https:\/\/demo.perimeter-solutions.com\/de\/#website\"},\"primaryImageOfPage\":{\"@id\":\"https:\/\/demo.perimeter-solutions.com\/de\/product\/solberg-arctic-6-afff-foam-concentrate\/#primaryimage\"},\"image\":{\"@id\":\"https:\/\/demo.perimeter-solutions.com\/de\/product\/solberg-arctic-6-afff-foam-concentrate\/#primaryimage\"},\"thumbnailUrl\":\"https:\/\/demo.perimeter-solutions.com\/wp-content\/uploads\/2024\/06\/PERI_Arctic6_AFFF_FoamConcentrate_Datasheet_v1-1-pdf.jpg\",\"datePublished\":\"2024-06-28T15:46:48+00:00\",\"dateModified\":\"2024-08-14T19:04:07+00:00\",\"breadcrumb\":{\"@id\":\"https:\/\/demo.perimeter-solutions.com\/de\/product\/solberg-arctic-6-afff-foam-concentrate\/#breadcrumb\"},\"inLanguage\":\"de\",\"potentialAction\":[{\"@type\":\"ReadAction\",\"target\":[\"https:\/\/demo.perimeter-solutions.com\/de\/product\/solberg-arctic-6-afff-foam-concentrate\/\"]}]},{\"@type\":\"ImageObject\",\"inLanguage\":\"de\",\"@id\":\"https:\/\/demo.perimeter-solutions.com\/de\/product\/solberg-arctic-6-afff-foam-concentrate\/#primaryimage\",\"url\":\"https:\/\/demo.perimeter-solutions.com\/wp-content\/uploads\/2024\/06\/PERI_Arctic6_AFFF_FoamConcentrate_Datasheet_v1-1-pdf.jpg\",\"contentUrl\":\"https:\/\/demo.perimeter-solutions.com\/wp-content\/uploads\/2024\/06\/PERI_Arctic6_AFFF_FoamConcentrate_Datasheet_v1-1-pdf.jpg\"},{\"@type\":\"BreadcrumbList\",\"@id\":\"https:\/\/demo.perimeter-solutions.com\/de\/product\/solberg-arctic-6-afff-foam-concentrate\/#breadcrumb\",\"itemListElement\":[{\"@type\":\"ListItem\",\"position\":1,\"name\":\"Produktkatalog\",\"item\":\"https:\/\/demo.perimeter-solutions.com\/de\/produktkatalog\/\"},{\"@type\":\"ListItem\",\"position\":2,\"name\":\"SOLBERG\u00ae ARCTIC\u2122 6% AFFF FOAM CONCENTRATE\"}]},{\"@type\":\"WebSite\",\"@id\":\"https:\/\/demo.perimeter-solutions.com\/de\/#website\",\"url\":\"https:\/\/demo.perimeter-solutions.com\/de\/\",\"name\":\"PS Demo site\",\"description\":\"\",\"publisher\":{\"@id\":\"https:\/\/demo.perimeter-solutions.com\/de\/#organization\"},\"potentialAction\":[{\"@type\":\"SearchAction\",\"target\":{\"@type\":\"EntryPoint\",\"urlTemplate\":\"https:\/\/demo.perimeter-solutions.com\/de\/?s={search_term_string}\"},\"query-input\":{\"@type\":\"PropertyValueSpecification\",\"valueRequired\":true,\"valueName\":\"search_term_string\"}}],\"inLanguage\":\"de\"},{\"@type\":\"Organization\",\"@id\":\"https:\/\/demo.perimeter-solutions.com\/de\/#organization\",\"name\":\"Perimeter Solutions\",\"url\":\"https:\/\/demo.perimeter-solutions.com\/de\/\",\"logo\":{\"@type\":\"ImageObject\",\"inLanguage\":\"de\",\"@id\":\"https:\/\/demo.perimeter-solutions.com\/de\/#\/schema\/logo\/image\/\",\"url\":\"https:\/\/demo.perimeter-solutions.com\/wp-content\/uploads\/2021\/02\/perimeter-logo-RGB.png\",\"contentUrl\":\"https:\/\/demo.perimeter-solutions.com\/wp-content\/uploads\/2021\/02\/perimeter-logo-RGB.png\",\"width\":794,\"height\":138,\"caption\":\"Perimeter Solutions\"},\"image\":{\"@id\":\"https:\/\/demo.perimeter-solutions.com\/de\/#\/schema\/logo\/image\/\"}}]}<\/script>\n<!-- \/ Yoast SEO Premium plugin. -->","yoast_head_json":{"title":"SOLBERG\u00ae ARCTIC\u2122 6% AFFF FOAM CONCENTRATE - PS Demo site","robots":{"index":"noindex","follow":"follow","max-snippet":"max-snippet:-1","max-image-preview":"max-image-preview:large","max-video-preview":"max-video-preview:-1"},"og_locale":"de_DE","og_type":"article","og_title":"SOLBERG\u00ae ARCTIC\u2122 6% AFFF FOAM CONCENTRATE","og_description":"SOLBERG\u00ae ARCTIC\u2122 6% AFFF Schaummittel ist ein synthetisches Schaumkonzentrat, das zum wirksamen L\u00f6schen von Kohlenwasserstoffbr\u00e4nden der Klasse B mit einer 6% igen L\u00f6sung verwendet wird. SOLBERG ARCTIC 6% AFFF-Schaum bietet [&hellip;]","og_url":"https:\/\/demo.perimeter-solutions.com\/de\/product\/solberg-arctic-6-afff-foam-concentrate\/","og_site_name":"PS Demo site","article_modified_time":"2024-08-14T19:04:07+00:00","twitter_card":"summary_large_image","twitter_misc":{"Gesch\u00e4tzte Lesezeit":"1\u00a0Minute"},"schema":{"@context":"https:\/\/schema.org","@graph":[{"@type":"WebPage","@id":"https:\/\/demo.perimeter-solutions.com\/de\/product\/solberg-arctic-6-afff-foam-concentrate\/","url":"https:\/\/demo.perimeter-solutions.com\/de\/product\/solberg-arctic-6-afff-foam-concentrate\/","name":"SOLBERG\u00ae ARCTIC\u2122 6% AFFF FOAM CONCENTRATE - PS Demo site","isPartOf":{"@id":"https:\/\/demo.perimeter-solutions.com\/de\/#website"},"primaryImageOfPage":{"@id":"https:\/\/demo.perimeter-solutions.com\/de\/product\/solberg-arctic-6-afff-foam-concentrate\/#primaryimage"},"image":{"@id":"https:\/\/demo.perimeter-solutions.com\/de\/product\/solberg-arctic-6-afff-foam-concentrate\/#primaryimage"},"thumbnailUrl":"https:\/\/demo.perimeter-solutions.com\/wp-content\/uploads\/2024\/06\/PERI_Arctic6_AFFF_FoamConcentrate_Datasheet_v1-1-pdf.jpg","datePublished":"2024-06-28T15:46:48+00:00","dateModified":"2024-08-14T19:04:07+00:00","breadcrumb":{"@id":"https:\/\/demo.perimeter-solutions.com\/de\/product\/solberg-arctic-6-afff-foam-concentrate\/#breadcrumb"},"inLanguage":"de","potentialAction":[{"@type":"ReadAction","target":["https:\/\/demo.perimeter-solutions.com\/de\/product\/solberg-arctic-6-afff-foam-concentrate\/"]}]},{"@type":"ImageObject","inLanguage":"de","@id":"https:\/\/demo.perimeter-solutions.com\/de\/product\/solberg-arctic-6-afff-foam-concentrate\/#primaryimage","url":"https:\/\/demo.perimeter-solutions.com\/wp-content\/uploads\/2024\/06\/PERI_Arctic6_AFFF_FoamConcentrate_Datasheet_v1-1-pdf.jpg","contentUrl":"https:\/\/demo.perimeter-solutions.com\/wp-content\/uploads\/2024\/06\/PERI_Arctic6_AFFF_FoamConcentrate_Datasheet_v1-1-pdf.jpg"},{"@type":"BreadcrumbList","@id":"https:\/\/demo.perimeter-solutions.com\/de\/product\/solberg-arctic-6-afff-foam-concentrate\/#breadcrumb","itemListElement":[{"@type":"ListItem","position":1,"name":"Produktkatalog","item":"https:\/\/demo.perimeter-solutions.com\/de\/produktkatalog\/"},{"@type":"ListItem","position":2,"name":"SOLBERG\u00ae ARCTIC\u2122 6% AFFF FOAM CONCENTRATE"}]},{"@type":"WebSite","@id":"https:\/\/demo.perimeter-solutions.com\/de\/#website","url":"https:\/\/demo.perimeter-solutions.com\/de\/","name":"PS Demo site","description":"","publisher":{"@id":"https:\/\/demo.perimeter-solutions.com\/de\/#organization"},"potentialAction":[{"@type":"SearchAction","target":{"@type":"EntryPoint","urlTemplate":"https:\/\/demo.perimeter-solutions.com\/de\/?s={search_term_string}"},"query-input":{"@type":"PropertyValueSpecification","valueRequired":true,"valueName":"search_term_string"}}],"inLanguage":"de"},{"@type":"Organization","@id":"https:\/\/demo.perimeter-solutions.com\/de\/#organization","name":"Perimeter Solutions","url":"https:\/\/demo.perimeter-solutions.com\/de\/","logo":{"@type":"ImageObject","inLanguage":"de","@id":"https:\/\/demo.perimeter-solutions.com\/de\/#\/schema\/logo\/image\/","url":"https:\/\/demo.perimeter-solutions.com\/wp-content\/uploads\/2021\/02\/perimeter-logo-RGB.png","contentUrl":"https:\/\/demo.perimeter-solutions.com\/wp-content\/uploads\/2021\/02\/perimeter-logo-RGB.png","width":794,"height":138,"caption":"Perimeter Solutions"},"image":{"@id":"https:\/\/demo.perimeter-solutions.com\/de\/#\/schema\/logo\/image\/"}}]}},"_links":{"self":[{"href":"https:\/\/demo.perimeter-solutions.com\/de\/wp-json\/wp\/v2\/product\/42411","targetHints":{"allow":["GET"]}}],"collection":[{"href":"https:\/\/demo.perimeter-solutions.com\/de\/wp-json\/wp\/v2\/product"}],"about":[{"href":"https:\/\/demo.perimeter-solutions.com\/de\/wp-json\/wp\/v2\/types\/product"}],"wp:featuredmedia":[{"embeddable":true,"href":"https:\/\/demo.perimeter-solutions.com\/de\/wp-json\/wp\/v2\/media\/42413"}],"wp:attachment":[{"href":"https:\/\/demo.perimeter-solutions.com\/de\/wp-json\/wp\/v2\/media?parent=42411"}],"wp:term":[{"taxonomy":"product_cat","embeddable":true,"href":"https:\/\/demo.perimeter-solutions.com\/de\/wp-json\/wp\/v2\/product_cat?post=42411"},{"taxonomy":"product_tag","embeddable":true,"href":"https:\/\/demo.perimeter-solutions.com\/de\/wp-json\/wp\/v2\/product_tag?post=42411"}],"curies":[{"name":"wp","href":"https:\/\/api.w.org\/{rel}","templated":true}]}}