{"id":42419,"date":"2024-06-28T11:57:43","date_gmt":"2024-06-28T15:57:43","guid":{"rendered":"https:\/\/demo.perimeter-solutions.com\/product\/aquafilm-af\/"},"modified":"2024-08-14T19:56:40","modified_gmt":"2024-08-14T23:56:40","slug":"aquafilm-af","status":"publish","type":"product","link":"https:\/\/demo.perimeter-solutions.com\/de\/product\/aquafilm-af\/","title":{"rendered":"AQUAFILM\u2122 AF"},"content":{"rendered":"<div>\n<p><strong>AQUAFILM\u2122 AF<\/strong> wurde speziell f\u00fcr die Bek\u00e4mpfung aller Arten von Br\u00e4nden der Klasse B (Kohlenwasserstoff) sowie von Br\u00e4nden der Klasse A entwickelt. Seine hervorragenden AFFF-Eigenschaften verleihen diesem Produkt eine effektive und schnelle Brandbek\u00e4mpfung bei der Bek\u00e4mpfung nicht mischbarer brennbarer Fl\u00fcssigkeiten. <strong>Dieses Produkt wurde speziell entwickelt, um die Anforderungen der Luftfahrt zu erf\u00fcllen und zu \u00fcbertreffen.<\/strong><\/p>\n<p>AQUAFILM AF verwendet ausgew\u00e4hlte fluorierte und kohlenwasserstoffhaltige Tenside, die eine gute Bildung eines w\u00e4ssrigen Films auf der Oberfl\u00e4che der meisten kohlenwasserstoffhaltigen Kraftstoffe erm\u00f6glichen. Dadurch werden Dampflecks unterdr\u00fcckt und der Kontakt mit Sauerstoff verhindert, w\u00e4hrend gleichzeitig eine hervorragende Abdichtung auf hei\u00dfen Oberfl\u00e4chen gew\u00e4hrleistet wird. Seine Formulierung erm\u00f6glicht eine hervorragende \u00d6labweisung, Flie\u00dff\u00e4higkeit und R\u00fcckbrandfestigkeit. AQUAFILM AF ist ein perfektes Hilfsmittel zur Brandbek\u00e4mpfung in Lagertanks, in Bunkern, in Prozessbereichen, auf Laderampen, in Kraftwerken, auf Flugh\u00e4fen oder in Schiffsterminals.<\/p>\n<p>AQUAFILM AF ist f\u00fcr die Verwendung mit Schwerschaumger\u00e4ten (D\u00fcsen, Monitore, Schaumkammern usw.), nicht-spr\u00fchenden Ger\u00e4ten (Wasserspr\u00fchd\u00fcsen und Standardsprinkler) und Mittelschaumzweigen konzipiert. AQUAFILM AF ist in hohem Ma\u00dfe biologisch abbaubar und wird gem\u00e4\u00df &#8220;C6-Fluorverbindungen&#8221; hergestellt, die das EPA PFOA Stewardship Program 2010\/2015 erf\u00fcllen.<\/p>\n<p><strong>Verd\u00fcnnungsraten<\/strong><\/p>\n<p>AQUAFILM AF kann mit Standardger\u00e4ten (Inline-Induktoren, Blasentanks, Gleichdrucksysteme usw.) und speziellen Ger\u00e4ten f\u00fcr AFFF-Mittel (z.B. Hydrofoam-D\u00fcsen) dosiert werden.<\/p>\n<ul>\n<li>Die Verd\u00fcnnungsrate von AQUAFILM AF-1 ICAO B betr\u00e4gt 1% in S\u00fc\u00df- oder Meerwasser (1% Schaumkonzentrat + 99% Wasser)<\/li>\n<li>Die Verd\u00fcnnungsrate von AQUAFILM AF-1 ICAO C betr\u00e4gt 1% in S\u00fc\u00df- oder Meerwasser (1% Schaummittel + 99% Wasser)<\/li>\n<li>Die Verd\u00fcnnungsrate von AQUAFILM AF-3 ICAO B betr\u00e4gt 3% in S\u00fc\u00df- oder Meerwasser (3% Schaumkonzentrat + 97% Wasser)<\/li>\n<li>Die Verd\u00fcnnungsrate von AQUAFILM AF-3 ICAO C betr\u00e4gt 3% in S\u00fc\u00df- oder Meerwasser (3% Schaumkonzentrat + 97% Wasser)<\/li>\n<li>Die Verd\u00fcnnungsrate von AQUAFILM AF-6 ICAO B betr\u00e4gt 6% in S\u00fc\u00df- oder Meerwasser (6% Schaummittel + 94% Wasser).<\/li>\n<li>Die Verd\u00fcnnungsrate von AQUAFILM AF-6 ICAO C betr\u00e4gt 6% in S\u00fc\u00df- oder Meerwasser (6% Schaummittel + 94% Wasser).<\/li>\n<\/ul>\n<p><strong>ZERTIFIZIERUNGEN:<\/strong><\/p>\n<ul>\n<li>AQUAFILM AF-1 ICAO B\n<ul>\n<li>EN-1568-3:2008 (Klasse 1B); ICAO Klasse B<\/li>\n<\/ul>\n<\/li>\n<li>AQUAFILM AF-1 ICAO C\n<ul>\n<li>EN-1568-3:2008 (Klasse 1B); ICAO Klasse C<\/li>\n<\/ul>\n<\/li>\n<li>AQUAFILM AF-3 ICAO B\n<ul>\n<li>EN-1568-3:2008 (Klasse 1B); ICAO Klasse B<\/li>\n<\/ul>\n<\/li>\n<li>AQUAFILM AF-3 ICAO C\n<ul>\n<li>EN-1568-3:2008 (Klasse 1B); ICAO Klasse C<\/li>\n<\/ul>\n<\/li>\n<li>AQUAFILM AF-6 ICAO B\n<ul>\n<li>EN-1568-3:2008 (Klasse 1B); ICAO Klasse B<\/li>\n<\/ul>\n<\/li>\n<li>AQUAFILM AF-6 ICAO C\n<ul>\n<li>EN-1568-3:2008 (Klasse 1B); ICAO Klasse C<\/li>\n<\/ul>\n<\/li>\n<\/ul>\n<p><strong>AQUAFILM\u2122 AF<\/strong> ist nur in den folgenden Regionen erh\u00e4ltlich:<\/p>\n<ul>\n<li>EMEA<\/li>\n<li>APAC<\/li>\n<\/ul>\n<h4>Verf\u00fcgbare Optionen<\/h4>\n<\/div>\n","protected":false},"excerpt":{"rendered":"<p>AQUAFILM\u2122 AF wurde speziell f\u00fcr die Bek\u00e4mpfung aller Arten von Br\u00e4nden der Klasse B (Kohlenwasserstoff) sowie von Br\u00e4nden der Klasse A entwickelt. Seine hervorragenden AFFF-Eigenschaften verleihen diesem Produkt eine effektive [&hellip;]<\/p>\n","protected":false},"featured_media":42421,"template":"","meta":{"_acf_changed":false},"product_cat":[201,187],"product_tag":[213,221,231,251,243],"class_list":{"0":"post-42419","1":"product","2":"type-product","3":"status-publish","4":"has-post-thumbnail","6":"product_cat-class-b-fluorinated-de","7":"product_cat-class-b-de","8":"product_tag-auxquimia-de","9":"product_tag-en-1568-de","10":"product_tag-industriell","11":"product_tag-kommunal","12":"product_tag-ul-162","14":"first","15":"instock","16":"shipping-taxable","17":"purchasable","18":"product-type-simple"},"acf":[],"yoast_head":"<!-- This site is optimized with the Yoast SEO Premium plugin v21.9 (Yoast SEO v23.5) - https:\/\/yoast.com\/wordpress\/plugins\/seo\/ -->\n<title>AQUAFILM\u2122 AF - PS Demo site<\/title>\n<meta name=\"robots\" content=\"noindex, follow, max-snippet:-1, max-image-preview:large, max-video-preview:-1\" \/>\n<meta property=\"og:locale\" content=\"de_DE\" \/>\n<meta property=\"og:type\" content=\"article\" \/>\n<meta property=\"og:title\" content=\"AQUAFILM\u2122 AF\" \/>\n<meta property=\"og:description\" content=\"AQUAFILM\u2122 AF wurde speziell f\u00fcr die Bek\u00e4mpfung aller Arten von Br\u00e4nden der Klasse B (Kohlenwasserstoff) sowie von Br\u00e4nden der Klasse A entwickelt. Seine hervorragenden AFFF-Eigenschaften verleihen diesem Produkt eine effektive [&hellip;]\" \/>\n<meta property=\"og:url\" content=\"https:\/\/demo.perimeter-solutions.com\/de\/product\/aquafilm-af\/\" \/>\n<meta property=\"og:site_name\" content=\"PS Demo site\" \/>\n<meta property=\"article:modified_time\" content=\"2024-08-14T23:56:40+00:00\" \/>\n<meta property=\"og:image\" content=\"https:\/\/demo.perimeter-solutions.com\/wp-content\/uploads\/2024\/06\/AUXQUIMIA_AQUAFILM_AF-1_ICAO_B_EN_Page_1.jpg\" \/>\n\t<meta property=\"og:image:width\" content=\"731\" \/>\n\t<meta property=\"og:image:height\" content=\"946\" \/>\n\t<meta property=\"og:image:type\" content=\"image\/jpeg\" \/>\n<meta name=\"twitter:card\" content=\"summary_large_image\" \/>\n<meta name=\"twitter:label1\" content=\"Gesch\u00e4tzte Lesezeit\" \/>\n\t<meta name=\"twitter:data1\" content=\"2\u00a0Minuten\" \/>\n<script type=\"application\/ld+json\" class=\"yoast-schema-graph\">{\"@context\":\"https:\/\/schema.org\",\"@graph\":[{\"@type\":\"WebPage\",\"@id\":\"https:\/\/demo.perimeter-solutions.com\/de\/product\/aquafilm-af\/\",\"url\":\"https:\/\/demo.perimeter-solutions.com\/de\/product\/aquafilm-af\/\",\"name\":\"AQUAFILM\u2122 AF - PS Demo site\",\"isPartOf\":{\"@id\":\"https:\/\/demo.perimeter-solutions.com\/de\/#website\"},\"primaryImageOfPage\":{\"@id\":\"https:\/\/demo.perimeter-solutions.com\/de\/product\/aquafilm-af\/#primaryimage\"},\"image\":{\"@id\":\"https:\/\/demo.perimeter-solutions.com\/de\/product\/aquafilm-af\/#primaryimage\"},\"thumbnailUrl\":\"https:\/\/demo.perimeter-solutions.com\/wp-content\/uploads\/2024\/06\/AUXQUIMIA_AQUAFILM_AF-1_ICAO_B_EN_Page_1.jpg\",\"datePublished\":\"2024-06-28T15:57:43+00:00\",\"dateModified\":\"2024-08-14T23:56:40+00:00\",\"breadcrumb\":{\"@id\":\"https:\/\/demo.perimeter-solutions.com\/de\/product\/aquafilm-af\/#breadcrumb\"},\"inLanguage\":\"de\",\"potentialAction\":[{\"@type\":\"ReadAction\",\"target\":[\"https:\/\/demo.perimeter-solutions.com\/de\/product\/aquafilm-af\/\"]}]},{\"@type\":\"ImageObject\",\"inLanguage\":\"de\",\"@id\":\"https:\/\/demo.perimeter-solutions.com\/de\/product\/aquafilm-af\/#primaryimage\",\"url\":\"https:\/\/demo.perimeter-solutions.com\/wp-content\/uploads\/2024\/06\/AUXQUIMIA_AQUAFILM_AF-1_ICAO_B_EN_Page_1.jpg\",\"contentUrl\":\"https:\/\/demo.perimeter-solutions.com\/wp-content\/uploads\/2024\/06\/AUXQUIMIA_AQUAFILM_AF-1_ICAO_B_EN_Page_1.jpg\",\"width\":731,\"height\":946},{\"@type\":\"BreadcrumbList\",\"@id\":\"https:\/\/demo.perimeter-solutions.com\/de\/product\/aquafilm-af\/#breadcrumb\",\"itemListElement\":[{\"@type\":\"ListItem\",\"position\":1,\"name\":\"Produktkatalog\",\"item\":\"https:\/\/demo.perimeter-solutions.com\/de\/produktkatalog\/\"},{\"@type\":\"ListItem\",\"position\":2,\"name\":\"AQUAFILM\u2122 AF\"}]},{\"@type\":\"WebSite\",\"@id\":\"https:\/\/demo.perimeter-solutions.com\/de\/#website\",\"url\":\"https:\/\/demo.perimeter-solutions.com\/de\/\",\"name\":\"PS Demo site\",\"description\":\"\",\"publisher\":{\"@id\":\"https:\/\/demo.perimeter-solutions.com\/de\/#organization\"},\"potentialAction\":[{\"@type\":\"SearchAction\",\"target\":{\"@type\":\"EntryPoint\",\"urlTemplate\":\"https:\/\/demo.perimeter-solutions.com\/de\/?s={search_term_string}\"},\"query-input\":{\"@type\":\"PropertyValueSpecification\",\"valueRequired\":true,\"valueName\":\"search_term_string\"}}],\"inLanguage\":\"de\"},{\"@type\":\"Organization\",\"@id\":\"https:\/\/demo.perimeter-solutions.com\/de\/#organization\",\"name\":\"Perimeter Solutions\",\"url\":\"https:\/\/demo.perimeter-solutions.com\/de\/\",\"logo\":{\"@type\":\"ImageObject\",\"inLanguage\":\"de\",\"@id\":\"https:\/\/demo.perimeter-solutions.com\/de\/#\/schema\/logo\/image\/\",\"url\":\"https:\/\/demo.perimeter-solutions.com\/wp-content\/uploads\/2021\/02\/perimeter-logo-RGB.png\",\"contentUrl\":\"https:\/\/demo.perimeter-solutions.com\/wp-content\/uploads\/2021\/02\/perimeter-logo-RGB.png\",\"width\":794,\"height\":138,\"caption\":\"Perimeter Solutions\"},\"image\":{\"@id\":\"https:\/\/demo.perimeter-solutions.com\/de\/#\/schema\/logo\/image\/\"}}]}<\/script>\n<!-- \/ Yoast SEO Premium plugin. -->","yoast_head_json":{"title":"AQUAFILM\u2122 AF - PS Demo site","robots":{"index":"noindex","follow":"follow","max-snippet":"max-snippet:-1","max-image-preview":"max-image-preview:large","max-video-preview":"max-video-preview:-1"},"og_locale":"de_DE","og_type":"article","og_title":"AQUAFILM\u2122 AF","og_description":"AQUAFILM\u2122 AF wurde speziell f\u00fcr die Bek\u00e4mpfung aller Arten von Br\u00e4nden der Klasse B (Kohlenwasserstoff) sowie von Br\u00e4nden der Klasse A entwickelt. Seine hervorragenden AFFF-Eigenschaften verleihen diesem Produkt eine effektive [&hellip;]","og_url":"https:\/\/demo.perimeter-solutions.com\/de\/product\/aquafilm-af\/","og_site_name":"PS Demo site","article_modified_time":"2024-08-14T23:56:40+00:00","og_image":[{"width":731,"height":946,"url":"https:\/\/demo.perimeter-solutions.com\/wp-content\/uploads\/2024\/06\/AUXQUIMIA_AQUAFILM_AF-1_ICAO_B_EN_Page_1.jpg","type":"image\/jpeg"}],"twitter_card":"summary_large_image","twitter_misc":{"Gesch\u00e4tzte Lesezeit":"2\u00a0Minuten"},"schema":{"@context":"https:\/\/schema.org","@graph":[{"@type":"WebPage","@id":"https:\/\/demo.perimeter-solutions.com\/de\/product\/aquafilm-af\/","url":"https:\/\/demo.perimeter-solutions.com\/de\/product\/aquafilm-af\/","name":"AQUAFILM\u2122 AF - PS Demo site","isPartOf":{"@id":"https:\/\/demo.perimeter-solutions.com\/de\/#website"},"primaryImageOfPage":{"@id":"https:\/\/demo.perimeter-solutions.com\/de\/product\/aquafilm-af\/#primaryimage"},"image":{"@id":"https:\/\/demo.perimeter-solutions.com\/de\/product\/aquafilm-af\/#primaryimage"},"thumbnailUrl":"https:\/\/demo.perimeter-solutions.com\/wp-content\/uploads\/2024\/06\/AUXQUIMIA_AQUAFILM_AF-1_ICAO_B_EN_Page_1.jpg","datePublished":"2024-06-28T15:57:43+00:00","dateModified":"2024-08-14T23:56:40+00:00","breadcrumb":{"@id":"https:\/\/demo.perimeter-solutions.com\/de\/product\/aquafilm-af\/#breadcrumb"},"inLanguage":"de","potentialAction":[{"@type":"ReadAction","target":["https:\/\/demo.perimeter-solutions.com\/de\/product\/aquafilm-af\/"]}]},{"@type":"ImageObject","inLanguage":"de","@id":"https:\/\/demo.perimeter-solutions.com\/de\/product\/aquafilm-af\/#primaryimage","url":"https:\/\/demo.perimeter-solutions.com\/wp-content\/uploads\/2024\/06\/AUXQUIMIA_AQUAFILM_AF-1_ICAO_B_EN_Page_1.jpg","contentUrl":"https:\/\/demo.perimeter-solutions.com\/wp-content\/uploads\/2024\/06\/AUXQUIMIA_AQUAFILM_AF-1_ICAO_B_EN_Page_1.jpg","width":731,"height":946},{"@type":"BreadcrumbList","@id":"https:\/\/demo.perimeter-solutions.com\/de\/product\/aquafilm-af\/#breadcrumb","itemListElement":[{"@type":"ListItem","position":1,"name":"Produktkatalog","item":"https:\/\/demo.perimeter-solutions.com\/de\/produktkatalog\/"},{"@type":"ListItem","position":2,"name":"AQUAFILM\u2122 AF"}]},{"@type":"WebSite","@id":"https:\/\/demo.perimeter-solutions.com\/de\/#website","url":"https:\/\/demo.perimeter-solutions.com\/de\/","name":"PS Demo site","description":"","publisher":{"@id":"https:\/\/demo.perimeter-solutions.com\/de\/#organization"},"potentialAction":[{"@type":"SearchAction","target":{"@type":"EntryPoint","urlTemplate":"https:\/\/demo.perimeter-solutions.com\/de\/?s={search_term_string}"},"query-input":{"@type":"PropertyValueSpecification","valueRequired":true,"valueName":"search_term_string"}}],"inLanguage":"de"},{"@type":"Organization","@id":"https:\/\/demo.perimeter-solutions.com\/de\/#organization","name":"Perimeter Solutions","url":"https:\/\/demo.perimeter-solutions.com\/de\/","logo":{"@type":"ImageObject","inLanguage":"de","@id":"https:\/\/demo.perimeter-solutions.com\/de\/#\/schema\/logo\/image\/","url":"https:\/\/demo.perimeter-solutions.com\/wp-content\/uploads\/2021\/02\/perimeter-logo-RGB.png","contentUrl":"https:\/\/demo.perimeter-solutions.com\/wp-content\/uploads\/2021\/02\/perimeter-logo-RGB.png","width":794,"height":138,"caption":"Perimeter Solutions"},"image":{"@id":"https:\/\/demo.perimeter-solutions.com\/de\/#\/schema\/logo\/image\/"}}]}},"_links":{"self":[{"href":"https:\/\/demo.perimeter-solutions.com\/de\/wp-json\/wp\/v2\/product\/42419","targetHints":{"allow":["GET"]}}],"collection":[{"href":"https:\/\/demo.perimeter-solutions.com\/de\/wp-json\/wp\/v2\/product"}],"about":[{"href":"https:\/\/demo.perimeter-solutions.com\/de\/wp-json\/wp\/v2\/types\/product"}],"wp:featuredmedia":[{"embeddable":true,"href":"https:\/\/demo.perimeter-solutions.com\/de\/wp-json\/wp\/v2\/media\/42421"}],"wp:attachment":[{"href":"https:\/\/demo.perimeter-solutions.com\/de\/wp-json\/wp\/v2\/media?parent=42419"}],"wp:term":[{"taxonomy":"product_cat","embeddable":true,"href":"https:\/\/demo.perimeter-solutions.com\/de\/wp-json\/wp\/v2\/product_cat?post=42419"},{"taxonomy":"product_tag","embeddable":true,"href":"https:\/\/demo.perimeter-solutions.com\/de\/wp-json\/wp\/v2\/product_tag?post=42419"}],"curies":[{"name":"wp","href":"https:\/\/api.w.org\/{rel}","templated":true}]}}