{"id":42435,"date":"2024-06-26T12:18:43","date_gmt":"2024-06-26T16:18:43","guid":{"rendered":"https:\/\/demo.perimeter-solutions.com\/product\/phos-chek-1-ff-klasse-a-b-schaum-2\/"},"modified":"2024-08-14T13:15:09","modified_gmt":"2024-08-14T17:15:09","slug":"phos-chek-1-ff-klasse-a-b-schaum-2","status":"publish","type":"product","link":"https:\/\/demo.perimeter-solutions.com\/de\/product\/phos-chek-1-ff-klasse-a-b-schaum-2\/","title":{"rendered":"PHOS-CHEK<sup>\u00ae<\/sup> 1% FF KLASSE A\/B SCHAUM"},"content":{"rendered":"<p><span style=\"color: #000000;\">Der erste zertifizierte fluorfreie L\u00f6schschaum der Klasse A\/B, <strong>PHOS-CHEK<sup>\u00ae<\/sup> 1%<\/strong> Fluorfreies Schaummittel ist eine Mischung aus Wasser und Kohlenwasserstoff-Tensiden. Dieser organohalogenfreie Schaum wurde f\u00fcr den Einsatz bei Kohlenwasserstoffbr\u00e4nden der Klasse B entwickelt und ist ein umweltfreundliches Produkt der n\u00e4chsten Generation, das das Engagement von Perimeter Solutions f\u00fcr \u00fcberlegene Brandbek\u00e4mpfungsleistung und Umweltverantwortung demonstriert. Schaum der Klasse A\/B kann in zahlreichen Anwendungen verwendet werden, die von Bau- und Wohnbr\u00e4nden reichen; Waldbr\u00e4nde; allgemeiner Anlagenschutz; Gefahren der Klasse A (gew\u00f6hnliche brennbare Materialien wie Holz, Stoff, Papier, Gummi und viele Kunststoffe); Gefahren der Klasse B, die nicht in die Tiefe gehen; (zB Fahrzeugbr\u00e4nde) und Schaum\u00fcbungen. PHOS-CHEK 1% Fluorine-free Schaum wurde f\u00fcr schnelle Kontrolle und Niederschlagung bei sanften und kraftvollen Anwendungen bei Kohlenwasserstoffbr\u00e4nden entwickelt. Die Verwendung von fluorfreiem Schaum ist eine Option f\u00fcr \u00dcberlaufbr\u00e4nde und ist in Brandszenarien mit geringerer Gefahr. PHOS-CHEK 1% Fluorfreier Schaum ist ein \u00e4u\u00dferst wirksames Benetzungsmittel f\u00fcr den Einsatz bei Br\u00e4nden der Klasse A mit gew\u00f6hnlichen brennbaren Materialien wie Holz, Stoff, Papier, Gummi und vielen Kunststoffen. Als neues Feuerwehrwerkzeug bietet PHOS-CHEK<sup> \u00ae<\/sup> 1% fluorfreies Schaummittel ist kompatibel mit herk\u00f6mmlichen Feuerl\u00f6schger\u00e4ten wie z.<\/span><\/p>\n<p><strong>Bitte wenden Sie sich an einen Experten f\u00fcr Regulierungsfragen, um sich \u00fcber die Einschr\u00e4nkungen und Vorschriften zu informieren, die in Ihrem Staat oder an Ihrem Wohnort in Bezug auf den Verkauf und Vertrieb von Schaumstoffkonzentraten der Klasse A gelten k\u00f6nnen.<\/strong><\/p>\n<h4>Verf\u00fcgbare Optionen<\/h4>\n","protected":false},"excerpt":{"rendered":"<p>Der erste zertifizierte fluorfreie L\u00f6schschaum der Klasse A\/B, PHOS-CHEK\u00ae 1% Fluorfreies Schaummittel ist eine Mischung aus Wasser und Kohlenwasserstoff-Tensiden. Dieser organohalogenfreie Schaum wurde f\u00fcr den Einsatz bei Kohlenwasserstoffbr\u00e4nden der Klasse [&hellip;]<\/p>\n","protected":false},"featured_media":42437,"template":"","meta":{"_acf_changed":false},"product_cat":[186,196,198],"product_tag":[221,239,243,257],"class_list":{"0":"post-42435","1":"product","2":"type-product","3":"status-publish","4":"has-post-thumbnail","6":"product_cat-class-a-de","7":"product_cat-class-a-b-foam-concentrate-de","8":"product_cat-class-b-fluorine-free-de","9":"product_tag-en-1568-de","10":"product_tag-phos-chek-de","11":"product_tag-ul-162","12":"product_tag-wildland-de","14":"first","15":"instock","16":"shipping-taxable","17":"purchasable","18":"product-type-simple"},"acf":[],"yoast_head":"<!-- This site is optimized with the Yoast SEO Premium plugin v21.9 (Yoast SEO v23.5) - https:\/\/yoast.com\/wordpress\/plugins\/seo\/ -->\n<title>PHOS-CHEK\u00ae 1% FF KLASSE A\/B SCHAUM - PS Demo site<\/title>\n<meta name=\"description\" content=\"Der erste zertifizierte fluorfreie L\u00f6schschaum der Klasse A\/B, PHOS-CHEK \u00ae 1% Fluorfreies Schaummittel ist eine Mischung aus Wasser und Kohlenwasserstoff-Tensiden. Dieser organohalogenfreie Schaum wurde f\u00fcr den Einsatz bei Kohlenwasserstoffbr\u00e4nden der Klasse B entwickelt und ist ein umweltfreundliches Produkt der n\u00e4chsten Generation, das das Engagement von Perimeter Solutions f\u00fcr \u00fcberlegene Brandbek\u00e4mpfungsleistung und Umweltverantwortung demonstriert.\" \/>\n<meta name=\"robots\" content=\"noindex, follow, max-snippet:-1, max-image-preview:large, max-video-preview:-1\" \/>\n<meta property=\"og:locale\" content=\"de_DE\" \/>\n<meta property=\"og:type\" content=\"article\" \/>\n<meta property=\"og:title\" content=\"PHOS-CHEK\u00ae 1% FF KLASSE A\/B SCHAUM\" \/>\n<meta property=\"og:description\" content=\"Der erste zertifizierte fluorfreie L\u00f6schschaum der Klasse A\/B, PHOS-CHEK \u00ae 1% Fluorfreies Schaummittel ist eine Mischung aus Wasser und Kohlenwasserstoff-Tensiden. Dieser organohalogenfreie Schaum wurde f\u00fcr den Einsatz bei Kohlenwasserstoffbr\u00e4nden der Klasse B entwickelt und ist ein umweltfreundliches Produkt der n\u00e4chsten Generation, das das Engagement von Perimeter Solutions f\u00fcr \u00fcberlegene Brandbek\u00e4mpfungsleistung und Umweltverantwortung demonstriert.\" \/>\n<meta property=\"og:url\" content=\"https:\/\/demo.perimeter-solutions.com\/de\/product\/phos-chek-1-ff-klasse-a-b-schaum-2\/\" \/>\n<meta property=\"og:site_name\" content=\"PS Demo site\" \/>\n<meta property=\"article:modified_time\" content=\"2024-08-14T17:15:09+00:00\" \/>\n<meta name=\"twitter:card\" content=\"summary_large_image\" \/>\n<meta name=\"twitter:label1\" content=\"Gesch\u00e4tzte Lesezeit\" \/>\n\t<meta name=\"twitter:data1\" content=\"2\u00a0Minuten\" \/>\n<script type=\"application\/ld+json\" class=\"yoast-schema-graph\">{\"@context\":\"https:\/\/schema.org\",\"@graph\":[{\"@type\":\"WebPage\",\"@id\":\"https:\/\/demo.perimeter-solutions.com\/de\/product\/phos-chek-1-ff-klasse-a-b-schaum-2\/\",\"url\":\"https:\/\/demo.perimeter-solutions.com\/de\/product\/phos-chek-1-ff-klasse-a-b-schaum-2\/\",\"name\":\"PHOS-CHEK\u00ae 1% FF KLASSE A\/B SCHAUM - PS Demo site\",\"isPartOf\":{\"@id\":\"https:\/\/demo.perimeter-solutions.com\/de\/#website\"},\"primaryImageOfPage\":{\"@id\":\"https:\/\/demo.perimeter-solutions.com\/de\/product\/phos-chek-1-ff-klasse-a-b-schaum-2\/#primaryimage\"},\"image\":{\"@id\":\"https:\/\/demo.perimeter-solutions.com\/de\/product\/phos-chek-1-ff-klasse-a-b-schaum-2\/#primaryimage\"},\"thumbnailUrl\":\"https:\/\/demo.perimeter-solutions.com\/wp-content\/uploads\/2024\/06\/PC-1-Fluorine-Free-PCC-2019023_letter_v5.3-pdf.jpg\",\"datePublished\":\"2024-06-26T16:18:43+00:00\",\"dateModified\":\"2024-08-14T17:15:09+00:00\",\"description\":\"Der erste zertifizierte fluorfreie L\u00f6schschaum der Klasse A\/B, PHOS-CHEK \u00ae 1% Fluorfreies Schaummittel ist eine Mischung aus Wasser und Kohlenwasserstoff-Tensiden. Dieser organohalogenfreie Schaum wurde f\u00fcr den Einsatz bei Kohlenwasserstoffbr\u00e4nden der Klasse B entwickelt und ist ein umweltfreundliches Produkt der n\u00e4chsten Generation, das das Engagement von Perimeter Solutions f\u00fcr \u00fcberlegene Brandbek\u00e4mpfungsleistung und Umweltverantwortung demonstriert.\",\"breadcrumb\":{\"@id\":\"https:\/\/demo.perimeter-solutions.com\/de\/product\/phos-chek-1-ff-klasse-a-b-schaum-2\/#breadcrumb\"},\"inLanguage\":\"de\",\"potentialAction\":[{\"@type\":\"ReadAction\",\"target\":[\"https:\/\/demo.perimeter-solutions.com\/de\/product\/phos-chek-1-ff-klasse-a-b-schaum-2\/\"]}]},{\"@type\":\"ImageObject\",\"inLanguage\":\"de\",\"@id\":\"https:\/\/demo.perimeter-solutions.com\/de\/product\/phos-chek-1-ff-klasse-a-b-schaum-2\/#primaryimage\",\"url\":\"https:\/\/demo.perimeter-solutions.com\/wp-content\/uploads\/2024\/06\/PC-1-Fluorine-Free-PCC-2019023_letter_v5.3-pdf.jpg\",\"contentUrl\":\"https:\/\/demo.perimeter-solutions.com\/wp-content\/uploads\/2024\/06\/PC-1-Fluorine-Free-PCC-2019023_letter_v5.3-pdf.jpg\"},{\"@type\":\"BreadcrumbList\",\"@id\":\"https:\/\/demo.perimeter-solutions.com\/de\/product\/phos-chek-1-ff-klasse-a-b-schaum-2\/#breadcrumb\",\"itemListElement\":[{\"@type\":\"ListItem\",\"position\":1,\"name\":\"Produktkatalog\",\"item\":\"https:\/\/demo.perimeter-solutions.com\/de\/produktkatalog\/\"},{\"@type\":\"ListItem\",\"position\":2,\"name\":\"PHOS-CHEK\u00ae 1% FF KLASSE A\/B SCHAUM\"}]},{\"@type\":\"WebSite\",\"@id\":\"https:\/\/demo.perimeter-solutions.com\/de\/#website\",\"url\":\"https:\/\/demo.perimeter-solutions.com\/de\/\",\"name\":\"PS Demo site\",\"description\":\"\",\"publisher\":{\"@id\":\"https:\/\/demo.perimeter-solutions.com\/de\/#organization\"},\"potentialAction\":[{\"@type\":\"SearchAction\",\"target\":{\"@type\":\"EntryPoint\",\"urlTemplate\":\"https:\/\/demo.perimeter-solutions.com\/de\/?s={search_term_string}\"},\"query-input\":{\"@type\":\"PropertyValueSpecification\",\"valueRequired\":true,\"valueName\":\"search_term_string\"}}],\"inLanguage\":\"de\"},{\"@type\":\"Organization\",\"@id\":\"https:\/\/demo.perimeter-solutions.com\/de\/#organization\",\"name\":\"Perimeter Solutions\",\"url\":\"https:\/\/demo.perimeter-solutions.com\/de\/\",\"logo\":{\"@type\":\"ImageObject\",\"inLanguage\":\"de\",\"@id\":\"https:\/\/demo.perimeter-solutions.com\/de\/#\/schema\/logo\/image\/\",\"url\":\"https:\/\/demo.perimeter-solutions.com\/wp-content\/uploads\/2021\/02\/perimeter-logo-RGB.png\",\"contentUrl\":\"https:\/\/demo.perimeter-solutions.com\/wp-content\/uploads\/2021\/02\/perimeter-logo-RGB.png\",\"width\":794,\"height\":138,\"caption\":\"Perimeter Solutions\"},\"image\":{\"@id\":\"https:\/\/demo.perimeter-solutions.com\/de\/#\/schema\/logo\/image\/\"}}]}<\/script>\n<!-- \/ Yoast SEO Premium plugin. -->","yoast_head_json":{"title":"PHOS-CHEK\u00ae 1% FF KLASSE A\/B SCHAUM - PS Demo site","description":"Der erste zertifizierte fluorfreie L\u00f6schschaum der Klasse A\/B, PHOS-CHEK \u00ae 1% Fluorfreies Schaummittel ist eine Mischung aus Wasser und Kohlenwasserstoff-Tensiden. Dieser organohalogenfreie Schaum wurde f\u00fcr den Einsatz bei Kohlenwasserstoffbr\u00e4nden der Klasse B entwickelt und ist ein umweltfreundliches Produkt der n\u00e4chsten Generation, das das Engagement von Perimeter Solutions f\u00fcr \u00fcberlegene Brandbek\u00e4mpfungsleistung und Umweltverantwortung demonstriert.","robots":{"index":"noindex","follow":"follow","max-snippet":"max-snippet:-1","max-image-preview":"max-image-preview:large","max-video-preview":"max-video-preview:-1"},"og_locale":"de_DE","og_type":"article","og_title":"PHOS-CHEK\u00ae 1% FF KLASSE A\/B SCHAUM","og_description":"Der erste zertifizierte fluorfreie L\u00f6schschaum der Klasse A\/B, PHOS-CHEK \u00ae 1% Fluorfreies Schaummittel ist eine Mischung aus Wasser und Kohlenwasserstoff-Tensiden. Dieser organohalogenfreie Schaum wurde f\u00fcr den Einsatz bei Kohlenwasserstoffbr\u00e4nden der Klasse B entwickelt und ist ein umweltfreundliches Produkt der n\u00e4chsten Generation, das das Engagement von Perimeter Solutions f\u00fcr \u00fcberlegene Brandbek\u00e4mpfungsleistung und Umweltverantwortung demonstriert.","og_url":"https:\/\/demo.perimeter-solutions.com\/de\/product\/phos-chek-1-ff-klasse-a-b-schaum-2\/","og_site_name":"PS Demo site","article_modified_time":"2024-08-14T17:15:09+00:00","twitter_card":"summary_large_image","twitter_misc":{"Gesch\u00e4tzte Lesezeit":"2\u00a0Minuten"},"schema":{"@context":"https:\/\/schema.org","@graph":[{"@type":"WebPage","@id":"https:\/\/demo.perimeter-solutions.com\/de\/product\/phos-chek-1-ff-klasse-a-b-schaum-2\/","url":"https:\/\/demo.perimeter-solutions.com\/de\/product\/phos-chek-1-ff-klasse-a-b-schaum-2\/","name":"PHOS-CHEK\u00ae 1% FF KLASSE A\/B SCHAUM - PS Demo site","isPartOf":{"@id":"https:\/\/demo.perimeter-solutions.com\/de\/#website"},"primaryImageOfPage":{"@id":"https:\/\/demo.perimeter-solutions.com\/de\/product\/phos-chek-1-ff-klasse-a-b-schaum-2\/#primaryimage"},"image":{"@id":"https:\/\/demo.perimeter-solutions.com\/de\/product\/phos-chek-1-ff-klasse-a-b-schaum-2\/#primaryimage"},"thumbnailUrl":"https:\/\/demo.perimeter-solutions.com\/wp-content\/uploads\/2024\/06\/PC-1-Fluorine-Free-PCC-2019023_letter_v5.3-pdf.jpg","datePublished":"2024-06-26T16:18:43+00:00","dateModified":"2024-08-14T17:15:09+00:00","description":"Der erste zertifizierte fluorfreie L\u00f6schschaum der Klasse A\/B, PHOS-CHEK \u00ae 1% Fluorfreies Schaummittel ist eine Mischung aus Wasser und Kohlenwasserstoff-Tensiden. Dieser organohalogenfreie Schaum wurde f\u00fcr den Einsatz bei Kohlenwasserstoffbr\u00e4nden der Klasse B entwickelt und ist ein umweltfreundliches Produkt der n\u00e4chsten Generation, das das Engagement von Perimeter Solutions f\u00fcr \u00fcberlegene Brandbek\u00e4mpfungsleistung und Umweltverantwortung demonstriert.","breadcrumb":{"@id":"https:\/\/demo.perimeter-solutions.com\/de\/product\/phos-chek-1-ff-klasse-a-b-schaum-2\/#breadcrumb"},"inLanguage":"de","potentialAction":[{"@type":"ReadAction","target":["https:\/\/demo.perimeter-solutions.com\/de\/product\/phos-chek-1-ff-klasse-a-b-schaum-2\/"]}]},{"@type":"ImageObject","inLanguage":"de","@id":"https:\/\/demo.perimeter-solutions.com\/de\/product\/phos-chek-1-ff-klasse-a-b-schaum-2\/#primaryimage","url":"https:\/\/demo.perimeter-solutions.com\/wp-content\/uploads\/2024\/06\/PC-1-Fluorine-Free-PCC-2019023_letter_v5.3-pdf.jpg","contentUrl":"https:\/\/demo.perimeter-solutions.com\/wp-content\/uploads\/2024\/06\/PC-1-Fluorine-Free-PCC-2019023_letter_v5.3-pdf.jpg"},{"@type":"BreadcrumbList","@id":"https:\/\/demo.perimeter-solutions.com\/de\/product\/phos-chek-1-ff-klasse-a-b-schaum-2\/#breadcrumb","itemListElement":[{"@type":"ListItem","position":1,"name":"Produktkatalog","item":"https:\/\/demo.perimeter-solutions.com\/de\/produktkatalog\/"},{"@type":"ListItem","position":2,"name":"PHOS-CHEK\u00ae 1% FF KLASSE A\/B SCHAUM"}]},{"@type":"WebSite","@id":"https:\/\/demo.perimeter-solutions.com\/de\/#website","url":"https:\/\/demo.perimeter-solutions.com\/de\/","name":"PS Demo site","description":"","publisher":{"@id":"https:\/\/demo.perimeter-solutions.com\/de\/#organization"},"potentialAction":[{"@type":"SearchAction","target":{"@type":"EntryPoint","urlTemplate":"https:\/\/demo.perimeter-solutions.com\/de\/?s={search_term_string}"},"query-input":{"@type":"PropertyValueSpecification","valueRequired":true,"valueName":"search_term_string"}}],"inLanguage":"de"},{"@type":"Organization","@id":"https:\/\/demo.perimeter-solutions.com\/de\/#organization","name":"Perimeter Solutions","url":"https:\/\/demo.perimeter-solutions.com\/de\/","logo":{"@type":"ImageObject","inLanguage":"de","@id":"https:\/\/demo.perimeter-solutions.com\/de\/#\/schema\/logo\/image\/","url":"https:\/\/demo.perimeter-solutions.com\/wp-content\/uploads\/2021\/02\/perimeter-logo-RGB.png","contentUrl":"https:\/\/demo.perimeter-solutions.com\/wp-content\/uploads\/2021\/02\/perimeter-logo-RGB.png","width":794,"height":138,"caption":"Perimeter Solutions"},"image":{"@id":"https:\/\/demo.perimeter-solutions.com\/de\/#\/schema\/logo\/image\/"}}]}},"_links":{"self":[{"href":"https:\/\/demo.perimeter-solutions.com\/de\/wp-json\/wp\/v2\/product\/42435","targetHints":{"allow":["GET"]}}],"collection":[{"href":"https:\/\/demo.perimeter-solutions.com\/de\/wp-json\/wp\/v2\/product"}],"about":[{"href":"https:\/\/demo.perimeter-solutions.com\/de\/wp-json\/wp\/v2\/types\/product"}],"wp:featuredmedia":[{"embeddable":true,"href":"https:\/\/demo.perimeter-solutions.com\/de\/wp-json\/wp\/v2\/media\/42437"}],"wp:attachment":[{"href":"https:\/\/demo.perimeter-solutions.com\/de\/wp-json\/wp\/v2\/media?parent=42435"}],"wp:term":[{"taxonomy":"product_cat","embeddable":true,"href":"https:\/\/demo.perimeter-solutions.com\/de\/wp-json\/wp\/v2\/product_cat?post=42435"},{"taxonomy":"product_tag","embeddable":true,"href":"https:\/\/demo.perimeter-solutions.com\/de\/wp-json\/wp\/v2\/product_tag?post=42435"}],"curies":[{"name":"wp","href":"https:\/\/api.w.org\/{rel}","templated":true}]}}