{"id":42483,"date":"2024-06-27T12:59:59","date_gmt":"2024-06-27T16:59:59","guid":{"rendered":"https:\/\/demo.perimeter-solutions.com\/product\/auxquimia-cafoam\/"},"modified":"2024-08-14T14:18:39","modified_gmt":"2024-08-14T18:18:39","slug":"auxquimia-cafoam","status":"publish","type":"product","link":"https:\/\/demo.perimeter-solutions.com\/de\/product\/auxquimia-cafoam\/","title":{"rendered":"AUXQUIMIA CAFOAM"},"content":{"rendered":"<p><span style=\"color: #000000;\"><strong>AUXQUIMIA CAFOAM<\/strong> ist ein Schaummittelkonzentrat (0,1-1 %) zur Bek\u00e4mpfung von Br\u00e4nden der Klasse A, das speziell f\u00fcr den Einsatz in Kombination mit Druckluftschaumsystemen (CAFS) entwickelt wurde. In geringen Konzentrationen dem Wasser zugesetzt, reduziert es die Oberfl\u00e4chen- und Grenzfl\u00e4chenspannungen und erh\u00f6ht seine Penetrations- und Spreitf\u00e4higkeit. AUXQUIMIA CAFOAM reduziert den Wasserverbrauch, erreicht eine schnellere L\u00f6schung und erschwert die Wiederz\u00fcndung. Schaum, der in CAFS unter Verwendung dieses Konzentrats mit 0,3% in Wasser hergestellt wird, vereint einige wichtige Eigenschaften wie gute Haftung, langsames Abflie\u00dfen, lange Haltbarkeit, ausgezeichnete Benetzungsf\u00e4higkeit usw., ist geruchlos und leicht biologisch abbaubar.<\/span><\/p>\n<p><span style=\"color: #000000;\">Neben der Anwendung in CAFS kann es mit handels\u00fcblichen Nieder-, Mittel- und Hochschaumger\u00e4ten und Spr\u00fchd\u00fcsen aufgetragen werden. Obwohl CAFOAM haupts\u00e4chlich f\u00fcr Br\u00e4nde der Klasse A verwendet wird, kann es bei sanfter Anwendung zur Bek\u00e4mpfung von kleinen Kohlenwasserstoffbr\u00e4nden (Klasse B) mit 0,5% verwendet werden. Die nominale Zumischrate von AUXQUIMIA CAFOAM betr\u00e4gt 0,5 % in S\u00fc\u00df- oder Meerwasser (0,3 % in CAFS). Diese Rate kann zwischen 0,1 % und 1,0 % variiert werden, je nach der gew\u00fcnschten Art von Schaum. Es kann mit S\u00fc\u00df- oder Meerwasser verwendet werden.<\/span><\/p>\n<p><span style=\"color: #000000;\"><strong>Bitte wenden Sie sich an einen Experten f\u00fcr Regulierungsfragen, um sich \u00fcber die Einschr\u00e4nkungen und Vorschriften zu informieren, die in Ihrem Staat oder an Ihrem Wohnort in Bezug auf den Verkauf und Vertrieb von Schaumstoffkonzentraten der Klasse A gelten k\u00f6nnen.<\/strong><\/span><\/p>\n<h4>Verf\u00fcgbare Optionen<\/h4>\n","protected":false},"excerpt":{"rendered":"<h4 class=\"elementor-heading-title elementor-size-default\">Schaumkonzentrat der Klasse A (0,1-1 %)<\/h4>\n","protected":false},"featured_media":42485,"template":"","meta":{"_acf_changed":false},"product_cat":[186],"product_tag":[213,251],"class_list":{"0":"post-42483","1":"product","2":"type-product","3":"status-publish","4":"has-post-thumbnail","6":"product_cat-class-a-de","7":"product_tag-auxquimia-de","8":"product_tag-kommunal","10":"first","11":"instock","12":"shipping-taxable","13":"purchasable","14":"product-type-simple"},"acf":[],"yoast_head":"<!-- This site is optimized with the Yoast SEO Premium plugin v21.9 (Yoast SEO v23.5) - https:\/\/yoast.com\/wordpress\/plugins\/seo\/ -->\n<title>AUXQUIMIA CAFOAM - PS Demo site<\/title>\n<meta name=\"description\" content=\"AUXQUIMIA CAFOAM ist ein Schaummittelkonzentrat (0,1-1 %) zur Bek\u00e4mpfung von Br\u00e4nden der Klasse A, das speziell f\u00fcr den Einsatz in Kombination mit Druckluftschaumsystemen (CAFS) entwickelt wurde.\" \/>\n<meta name=\"robots\" content=\"noindex, follow, max-snippet:-1, max-image-preview:large, max-video-preview:-1\" \/>\n<meta property=\"og:locale\" content=\"de_DE\" \/>\n<meta property=\"og:type\" content=\"article\" \/>\n<meta property=\"og:title\" content=\"AUXQUIMIA CAFOAM\" \/>\n<meta property=\"og:description\" content=\"AUXQUIMIA CAFOAM ist ein Schaummittelkonzentrat (0,1-1 %) zur Bek\u00e4mpfung von Br\u00e4nden der Klasse A, das speziell f\u00fcr den Einsatz in Kombination mit Druckluftschaumsystemen (CAFS) entwickelt wurde.\" \/>\n<meta property=\"og:url\" content=\"https:\/\/demo.perimeter-solutions.com\/de\/product\/auxquimia-cafoam\/\" \/>\n<meta property=\"og:site_name\" content=\"PS Demo site\" \/>\n<meta property=\"article:modified_time\" content=\"2024-08-14T18:18:39+00:00\" \/>\n<meta property=\"og:image\" content=\"https:\/\/demo.perimeter-solutions.com\/wp-content\/uploads\/2024\/06\/AUXQUIMIA-CAFOAM_Page_1.jpg\" \/>\n\t<meta property=\"og:image:width\" content=\"1275\" \/>\n\t<meta property=\"og:image:height\" content=\"1650\" \/>\n\t<meta property=\"og:image:type\" content=\"image\/jpeg\" \/>\n<meta name=\"twitter:card\" content=\"summary_large_image\" \/>\n<meta name=\"twitter:label1\" content=\"Gesch\u00e4tzte Lesezeit\" \/>\n\t<meta name=\"twitter:data1\" content=\"2\u00a0Minuten\" \/>\n<script type=\"application\/ld+json\" class=\"yoast-schema-graph\">{\"@context\":\"https:\/\/schema.org\",\"@graph\":[{\"@type\":\"WebPage\",\"@id\":\"https:\/\/demo.perimeter-solutions.com\/de\/product\/auxquimia-cafoam\/\",\"url\":\"https:\/\/demo.perimeter-solutions.com\/de\/product\/auxquimia-cafoam\/\",\"name\":\"AUXQUIMIA CAFOAM - PS Demo site\",\"isPartOf\":{\"@id\":\"https:\/\/demo.perimeter-solutions.com\/de\/#website\"},\"primaryImageOfPage\":{\"@id\":\"https:\/\/demo.perimeter-solutions.com\/de\/product\/auxquimia-cafoam\/#primaryimage\"},\"image\":{\"@id\":\"https:\/\/demo.perimeter-solutions.com\/de\/product\/auxquimia-cafoam\/#primaryimage\"},\"thumbnailUrl\":\"https:\/\/demo.perimeter-solutions.com\/wp-content\/uploads\/2024\/06\/AUXQUIMIA-CAFOAM_Page_1.jpg\",\"datePublished\":\"2024-06-27T16:59:59+00:00\",\"dateModified\":\"2024-08-14T18:18:39+00:00\",\"description\":\"AUXQUIMIA CAFOAM ist ein Schaummittelkonzentrat (0,1-1 %) zur Bek\u00e4mpfung von Br\u00e4nden der Klasse A, das speziell f\u00fcr den Einsatz in Kombination mit Druckluftschaumsystemen (CAFS) entwickelt wurde.\",\"breadcrumb\":{\"@id\":\"https:\/\/demo.perimeter-solutions.com\/de\/product\/auxquimia-cafoam\/#breadcrumb\"},\"inLanguage\":\"de\",\"potentialAction\":[{\"@type\":\"ReadAction\",\"target\":[\"https:\/\/demo.perimeter-solutions.com\/de\/product\/auxquimia-cafoam\/\"]}]},{\"@type\":\"ImageObject\",\"inLanguage\":\"de\",\"@id\":\"https:\/\/demo.perimeter-solutions.com\/de\/product\/auxquimia-cafoam\/#primaryimage\",\"url\":\"https:\/\/demo.perimeter-solutions.com\/wp-content\/uploads\/2024\/06\/AUXQUIMIA-CAFOAM_Page_1.jpg\",\"contentUrl\":\"https:\/\/demo.perimeter-solutions.com\/wp-content\/uploads\/2024\/06\/AUXQUIMIA-CAFOAM_Page_1.jpg\",\"width\":1275,\"height\":1650},{\"@type\":\"BreadcrumbList\",\"@id\":\"https:\/\/demo.perimeter-solutions.com\/de\/product\/auxquimia-cafoam\/#breadcrumb\",\"itemListElement\":[{\"@type\":\"ListItem\",\"position\":1,\"name\":\"Produktkatalog\",\"item\":\"https:\/\/demo.perimeter-solutions.com\/de\/produktkatalog\/\"},{\"@type\":\"ListItem\",\"position\":2,\"name\":\"AUXQUIMIA CAFOAM\"}]},{\"@type\":\"WebSite\",\"@id\":\"https:\/\/demo.perimeter-solutions.com\/de\/#website\",\"url\":\"https:\/\/demo.perimeter-solutions.com\/de\/\",\"name\":\"PS Demo site\",\"description\":\"\",\"publisher\":{\"@id\":\"https:\/\/demo.perimeter-solutions.com\/de\/#organization\"},\"potentialAction\":[{\"@type\":\"SearchAction\",\"target\":{\"@type\":\"EntryPoint\",\"urlTemplate\":\"https:\/\/demo.perimeter-solutions.com\/de\/?s={search_term_string}\"},\"query-input\":{\"@type\":\"PropertyValueSpecification\",\"valueRequired\":true,\"valueName\":\"search_term_string\"}}],\"inLanguage\":\"de\"},{\"@type\":\"Organization\",\"@id\":\"https:\/\/demo.perimeter-solutions.com\/de\/#organization\",\"name\":\"Perimeter Solutions\",\"url\":\"https:\/\/demo.perimeter-solutions.com\/de\/\",\"logo\":{\"@type\":\"ImageObject\",\"inLanguage\":\"de\",\"@id\":\"https:\/\/demo.perimeter-solutions.com\/de\/#\/schema\/logo\/image\/\",\"url\":\"https:\/\/demo.perimeter-solutions.com\/wp-content\/uploads\/2021\/02\/perimeter-logo-RGB.png\",\"contentUrl\":\"https:\/\/demo.perimeter-solutions.com\/wp-content\/uploads\/2021\/02\/perimeter-logo-RGB.png\",\"width\":794,\"height\":138,\"caption\":\"Perimeter Solutions\"},\"image\":{\"@id\":\"https:\/\/demo.perimeter-solutions.com\/de\/#\/schema\/logo\/image\/\"}}]}<\/script>\n<!-- \/ Yoast SEO Premium plugin. -->","yoast_head_json":{"title":"AUXQUIMIA CAFOAM - PS Demo site","description":"AUXQUIMIA CAFOAM ist ein Schaummittelkonzentrat (0,1-1 %) zur Bek\u00e4mpfung von Br\u00e4nden der Klasse A, das speziell f\u00fcr den Einsatz in Kombination mit Druckluftschaumsystemen (CAFS) entwickelt wurde.","robots":{"index":"noindex","follow":"follow","max-snippet":"max-snippet:-1","max-image-preview":"max-image-preview:large","max-video-preview":"max-video-preview:-1"},"og_locale":"de_DE","og_type":"article","og_title":"AUXQUIMIA CAFOAM","og_description":"AUXQUIMIA CAFOAM ist ein Schaummittelkonzentrat (0,1-1 %) zur Bek\u00e4mpfung von Br\u00e4nden der Klasse A, das speziell f\u00fcr den Einsatz in Kombination mit Druckluftschaumsystemen (CAFS) entwickelt wurde.","og_url":"https:\/\/demo.perimeter-solutions.com\/de\/product\/auxquimia-cafoam\/","og_site_name":"PS Demo site","article_modified_time":"2024-08-14T18:18:39+00:00","og_image":[{"width":1275,"height":1650,"url":"https:\/\/demo.perimeter-solutions.com\/wp-content\/uploads\/2024\/06\/AUXQUIMIA-CAFOAM_Page_1.jpg","type":"image\/jpeg"}],"twitter_card":"summary_large_image","twitter_misc":{"Gesch\u00e4tzte Lesezeit":"2\u00a0Minuten"},"schema":{"@context":"https:\/\/schema.org","@graph":[{"@type":"WebPage","@id":"https:\/\/demo.perimeter-solutions.com\/de\/product\/auxquimia-cafoam\/","url":"https:\/\/demo.perimeter-solutions.com\/de\/product\/auxquimia-cafoam\/","name":"AUXQUIMIA CAFOAM - PS Demo site","isPartOf":{"@id":"https:\/\/demo.perimeter-solutions.com\/de\/#website"},"primaryImageOfPage":{"@id":"https:\/\/demo.perimeter-solutions.com\/de\/product\/auxquimia-cafoam\/#primaryimage"},"image":{"@id":"https:\/\/demo.perimeter-solutions.com\/de\/product\/auxquimia-cafoam\/#primaryimage"},"thumbnailUrl":"https:\/\/demo.perimeter-solutions.com\/wp-content\/uploads\/2024\/06\/AUXQUIMIA-CAFOAM_Page_1.jpg","datePublished":"2024-06-27T16:59:59+00:00","dateModified":"2024-08-14T18:18:39+00:00","description":"AUXQUIMIA CAFOAM ist ein Schaummittelkonzentrat (0,1-1 %) zur Bek\u00e4mpfung von Br\u00e4nden der Klasse A, das speziell f\u00fcr den Einsatz in Kombination mit Druckluftschaumsystemen (CAFS) entwickelt wurde.","breadcrumb":{"@id":"https:\/\/demo.perimeter-solutions.com\/de\/product\/auxquimia-cafoam\/#breadcrumb"},"inLanguage":"de","potentialAction":[{"@type":"ReadAction","target":["https:\/\/demo.perimeter-solutions.com\/de\/product\/auxquimia-cafoam\/"]}]},{"@type":"ImageObject","inLanguage":"de","@id":"https:\/\/demo.perimeter-solutions.com\/de\/product\/auxquimia-cafoam\/#primaryimage","url":"https:\/\/demo.perimeter-solutions.com\/wp-content\/uploads\/2024\/06\/AUXQUIMIA-CAFOAM_Page_1.jpg","contentUrl":"https:\/\/demo.perimeter-solutions.com\/wp-content\/uploads\/2024\/06\/AUXQUIMIA-CAFOAM_Page_1.jpg","width":1275,"height":1650},{"@type":"BreadcrumbList","@id":"https:\/\/demo.perimeter-solutions.com\/de\/product\/auxquimia-cafoam\/#breadcrumb","itemListElement":[{"@type":"ListItem","position":1,"name":"Produktkatalog","item":"https:\/\/demo.perimeter-solutions.com\/de\/produktkatalog\/"},{"@type":"ListItem","position":2,"name":"AUXQUIMIA CAFOAM"}]},{"@type":"WebSite","@id":"https:\/\/demo.perimeter-solutions.com\/de\/#website","url":"https:\/\/demo.perimeter-solutions.com\/de\/","name":"PS Demo site","description":"","publisher":{"@id":"https:\/\/demo.perimeter-solutions.com\/de\/#organization"},"potentialAction":[{"@type":"SearchAction","target":{"@type":"EntryPoint","urlTemplate":"https:\/\/demo.perimeter-solutions.com\/de\/?s={search_term_string}"},"query-input":{"@type":"PropertyValueSpecification","valueRequired":true,"valueName":"search_term_string"}}],"inLanguage":"de"},{"@type":"Organization","@id":"https:\/\/demo.perimeter-solutions.com\/de\/#organization","name":"Perimeter Solutions","url":"https:\/\/demo.perimeter-solutions.com\/de\/","logo":{"@type":"ImageObject","inLanguage":"de","@id":"https:\/\/demo.perimeter-solutions.com\/de\/#\/schema\/logo\/image\/","url":"https:\/\/demo.perimeter-solutions.com\/wp-content\/uploads\/2021\/02\/perimeter-logo-RGB.png","contentUrl":"https:\/\/demo.perimeter-solutions.com\/wp-content\/uploads\/2021\/02\/perimeter-logo-RGB.png","width":794,"height":138,"caption":"Perimeter Solutions"},"image":{"@id":"https:\/\/demo.perimeter-solutions.com\/de\/#\/schema\/logo\/image\/"}}]}},"_links":{"self":[{"href":"https:\/\/demo.perimeter-solutions.com\/de\/wp-json\/wp\/v2\/product\/42483","targetHints":{"allow":["GET"]}}],"collection":[{"href":"https:\/\/demo.perimeter-solutions.com\/de\/wp-json\/wp\/v2\/product"}],"about":[{"href":"https:\/\/demo.perimeter-solutions.com\/de\/wp-json\/wp\/v2\/types\/product"}],"wp:featuredmedia":[{"embeddable":true,"href":"https:\/\/demo.perimeter-solutions.com\/de\/wp-json\/wp\/v2\/media\/42485"}],"wp:attachment":[{"href":"https:\/\/demo.perimeter-solutions.com\/de\/wp-json\/wp\/v2\/media?parent=42483"}],"wp:term":[{"taxonomy":"product_cat","embeddable":true,"href":"https:\/\/demo.perimeter-solutions.com\/de\/wp-json\/wp\/v2\/product_cat?post=42483"},{"taxonomy":"product_tag","embeddable":true,"href":"https:\/\/demo.perimeter-solutions.com\/de\/wp-json\/wp\/v2\/product_tag?post=42483"}],"curies":[{"name":"wp","href":"https:\/\/api.w.org\/{rel}","templated":true}]}}