{"id":42494,"date":"2024-06-27T12:55:52","date_gmt":"2024-06-27T16:55:52","guid":{"rendered":"https:\/\/demo.perimeter-solutions.com\/product\/auxquimia-rfc-105\/"},"modified":"2024-08-14T14:21:43","modified_gmt":"2024-08-14T18:21:43","slug":"auxquimia-rfc-105","status":"publish","type":"product","link":"https:\/\/demo.perimeter-solutions.com\/de\/product\/auxquimia-rfc-105\/","title":{"rendered":"AUXQUIMIA RFC-105"},"content":{"rendered":"<p><span style=\"color: #000000;\"><strong>AUXQUIMIA RFC-105<\/strong> ist ein stark biologisch abbaubares. synthetisches Schaummittelkonzentrat mit niedriger Viskosit\u00e4t und guten Benetzungseigenschaften; speziell formuliert, um Sch\u00e4ume zur Bek\u00e4mpfung von Br\u00e4nden der Klasse A (Wald, Stadt, Geb\u00e4ude usw.) zu erhalten, die auch bei der Bek\u00e4mpfung von Br\u00e4nden der Klasse B (Kohlenwasserstoffe) wirksam eingesetzt werden k\u00f6nnen. AUXQUIMIA RFC-105 das Konzentrat l\u00f6st sich sehr schnell in Wasser auf, wobei wenig bis gar kein R\u00fchren erforderlich ist.<\/span><\/p>\n<p><span style=\"color: #000000;\">Es kann mit niedrig-, mittel- und hochsch\u00e4umenden Ger\u00e4ten, mit nicht ansaugenden Ger\u00e4ten (Wasserspr\u00fchd\u00fcsen, Sprinkler usw.) und CAFS (Druckluftsysteme) verwendet werden Bei Verwendung in Br\u00e4nden der Klasse A haftet AUXQUIMIA RFC-105 gut an das Material und die aus dem Schaum abgeleitete Fl\u00fcssigkeit mit guten Benetzungseigenschaften. Es dringt auch in das Substrat ein und verhindert ein m\u00f6gliches Wiederz\u00fcnden.<\/span><\/p>\n<p><span style=\"color: #000000;\">Bei der Bek\u00e4mpfung von Br\u00e4nden der Klasse B kann AUXQUIMIA RFC-105 mit Nieder- und Mittelexpansionsd\u00fcsen aufgetragen werden. Bei Anwendungen mit geringer Expansion ist es ratsam, eine schonende Anwendung zu verwenden. Besonders interessant ist der Einsatz von RFC-105 mit Druckluftschaumsystemen (CAFS) bei Br\u00e4nden der Klasse A und B, wo seine hohe Effizienz den Wasserverbrauch reduziert.<\/span><\/p>\n<p><span style=\"color: #000000;\">Die nominale Zumischrate nach RFC-105 betr\u00e4gt 0,5% in S\u00fc\u00df- oder Meerwasser. Dieser Anteil kann je nach gew\u00fcnschter Schaumart zwischen 0,2 und 1,0 % variiert werden. Hohe Konzentrationen (1%) werden f\u00fcr Leichtschaumstoffe empfohlen und wenn langsame Entw\u00e4sserungszeiten gew\u00fcnscht werden.<\/span><\/p>\n<p><span style=\"color: #000000;\"><strong>Bitte wenden Sie sich an einen Experten f\u00fcr Regulierungsfragen, um sich \u00fcber die Einschr\u00e4nkungen und Vorschriften zu informieren, die in Ihrem Staat oder an Ihrem Wohnort in Bezug auf den Verkauf und Vertrieb von Schaumstoffkonzentraten der Klasse A gelten k\u00f6nnen.<\/strong><\/span><\/p>\n<h4>Verf\u00fcgbare Optionen<\/h4>\n","protected":false},"excerpt":{"rendered":"<h4 class=\"elementor-heading-title elementor-size-default\">Synthetisches Multiexpansionsschaumkonzentrat der Klasse A (0,2 %-1% )<\/h4>\n","protected":false},"featured_media":42495,"template":"","meta":{"_acf_changed":false},"product_cat":[186,196],"product_tag":[213,221,251,257],"class_list":{"0":"post-42494","1":"product","2":"type-product","3":"status-publish","4":"has-post-thumbnail","6":"product_cat-class-a-de","7":"product_cat-class-a-b-foam-concentrate-de","8":"product_tag-auxquimia-de","9":"product_tag-en-1568-de","10":"product_tag-kommunal","11":"product_tag-wildland-de","13":"first","14":"instock","15":"shipping-taxable","16":"purchasable","17":"product-type-simple"},"acf":[],"yoast_head":"<!-- This site is optimized with the Yoast SEO Premium plugin v21.9 (Yoast SEO v23.5) - https:\/\/yoast.com\/wordpress\/plugins\/seo\/ -->\n<title>AUXQUIMIA RFC-105 - PS Demo site<\/title>\n<meta name=\"description\" content=\"AUXQUIMIA RFC-105 ist ein stark biologisch abbaubares. synthetisches Schaummittelkonzentrat mit niedriger Viskosit\u00e4t und guten Benetzungseigenschaften; speziell formuliert, um Sch\u00e4ume zur Bek\u00e4mpfung von Br\u00e4nden der Klasse A (Wald, Stadt, Geb\u00e4ude usw.) zu erhalten, die auch bei der Bek\u00e4mpfung von Br\u00e4nden der Klasse B (Kohlenwasserstoffe) wirksam eingesetzt werden k\u00f6nnen.\" \/>\n<meta name=\"robots\" content=\"noindex, follow, max-snippet:-1, max-image-preview:large, max-video-preview:-1\" \/>\n<meta property=\"og:locale\" content=\"de_DE\" \/>\n<meta property=\"og:type\" content=\"article\" \/>\n<meta property=\"og:title\" content=\"AUXQUIMIA RFC-105\" \/>\n<meta property=\"og:description\" content=\"AUXQUIMIA RFC-105 ist ein stark biologisch abbaubares. synthetisches Schaummittelkonzentrat mit niedriger Viskosit\u00e4t und guten Benetzungseigenschaften; speziell formuliert, um Sch\u00e4ume zur Bek\u00e4mpfung von Br\u00e4nden der Klasse A (Wald, Stadt, Geb\u00e4ude usw.) zu erhalten, die auch bei der Bek\u00e4mpfung von Br\u00e4nden der Klasse B (Kohlenwasserstoffe) wirksam eingesetzt werden k\u00f6nnen.\" \/>\n<meta property=\"og:url\" content=\"https:\/\/demo.perimeter-solutions.com\/de\/product\/auxquimia-rfc-105\/\" \/>\n<meta property=\"og:site_name\" content=\"PS Demo site\" \/>\n<meta property=\"article:modified_time\" content=\"2024-08-14T18:21:43+00:00\" \/>\n<meta property=\"og:image\" content=\"https:\/\/demo.perimeter-solutions.com\/wp-content\/uploads\/2024\/06\/AUXQUIMIA-RFC-105_Page_1.jpg\" \/>\n\t<meta property=\"og:image:width\" content=\"1445\" \/>\n\t<meta property=\"og:image:height\" content=\"1870\" \/>\n\t<meta property=\"og:image:type\" content=\"image\/jpeg\" \/>\n<meta name=\"twitter:card\" content=\"summary_large_image\" \/>\n<meta name=\"twitter:label1\" content=\"Gesch\u00e4tzte Lesezeit\" \/>\n\t<meta name=\"twitter:data1\" content=\"2\u00a0Minuten\" \/>\n<script type=\"application\/ld+json\" class=\"yoast-schema-graph\">{\"@context\":\"https:\/\/schema.org\",\"@graph\":[{\"@type\":\"WebPage\",\"@id\":\"https:\/\/demo.perimeter-solutions.com\/de\/product\/auxquimia-rfc-105\/\",\"url\":\"https:\/\/demo.perimeter-solutions.com\/de\/product\/auxquimia-rfc-105\/\",\"name\":\"AUXQUIMIA RFC-105 - PS Demo site\",\"isPartOf\":{\"@id\":\"https:\/\/demo.perimeter-solutions.com\/de\/#website\"},\"primaryImageOfPage\":{\"@id\":\"https:\/\/demo.perimeter-solutions.com\/de\/product\/auxquimia-rfc-105\/#primaryimage\"},\"image\":{\"@id\":\"https:\/\/demo.perimeter-solutions.com\/de\/product\/auxquimia-rfc-105\/#primaryimage\"},\"thumbnailUrl\":\"https:\/\/demo.perimeter-solutions.com\/wp-content\/uploads\/2024\/06\/AUXQUIMIA-RFC-105_Page_1.jpg\",\"datePublished\":\"2024-06-27T16:55:52+00:00\",\"dateModified\":\"2024-08-14T18:21:43+00:00\",\"description\":\"AUXQUIMIA RFC-105 ist ein stark biologisch abbaubares. synthetisches Schaummittelkonzentrat mit niedriger Viskosit\u00e4t und guten Benetzungseigenschaften; speziell formuliert, um Sch\u00e4ume zur Bek\u00e4mpfung von Br\u00e4nden der Klasse A (Wald, Stadt, Geb\u00e4ude usw.) zu erhalten, die auch bei der Bek\u00e4mpfung von Br\u00e4nden der Klasse B (Kohlenwasserstoffe) wirksam eingesetzt werden k\u00f6nnen.\",\"breadcrumb\":{\"@id\":\"https:\/\/demo.perimeter-solutions.com\/de\/product\/auxquimia-rfc-105\/#breadcrumb\"},\"inLanguage\":\"de\",\"potentialAction\":[{\"@type\":\"ReadAction\",\"target\":[\"https:\/\/demo.perimeter-solutions.com\/de\/product\/auxquimia-rfc-105\/\"]}]},{\"@type\":\"ImageObject\",\"inLanguage\":\"de\",\"@id\":\"https:\/\/demo.perimeter-solutions.com\/de\/product\/auxquimia-rfc-105\/#primaryimage\",\"url\":\"https:\/\/demo.perimeter-solutions.com\/wp-content\/uploads\/2024\/06\/AUXQUIMIA-RFC-105_Page_1.jpg\",\"contentUrl\":\"https:\/\/demo.perimeter-solutions.com\/wp-content\/uploads\/2024\/06\/AUXQUIMIA-RFC-105_Page_1.jpg\",\"width\":1445,\"height\":1870},{\"@type\":\"BreadcrumbList\",\"@id\":\"https:\/\/demo.perimeter-solutions.com\/de\/product\/auxquimia-rfc-105\/#breadcrumb\",\"itemListElement\":[{\"@type\":\"ListItem\",\"position\":1,\"name\":\"Produktkatalog\",\"item\":\"https:\/\/demo.perimeter-solutions.com\/de\/produktkatalog\/\"},{\"@type\":\"ListItem\",\"position\":2,\"name\":\"AUXQUIMIA RFC-105\"}]},{\"@type\":\"WebSite\",\"@id\":\"https:\/\/demo.perimeter-solutions.com\/de\/#website\",\"url\":\"https:\/\/demo.perimeter-solutions.com\/de\/\",\"name\":\"PS Demo site\",\"description\":\"\",\"publisher\":{\"@id\":\"https:\/\/demo.perimeter-solutions.com\/de\/#organization\"},\"potentialAction\":[{\"@type\":\"SearchAction\",\"target\":{\"@type\":\"EntryPoint\",\"urlTemplate\":\"https:\/\/demo.perimeter-solutions.com\/de\/?s={search_term_string}\"},\"query-input\":{\"@type\":\"PropertyValueSpecification\",\"valueRequired\":true,\"valueName\":\"search_term_string\"}}],\"inLanguage\":\"de\"},{\"@type\":\"Organization\",\"@id\":\"https:\/\/demo.perimeter-solutions.com\/de\/#organization\",\"name\":\"Perimeter Solutions\",\"url\":\"https:\/\/demo.perimeter-solutions.com\/de\/\",\"logo\":{\"@type\":\"ImageObject\",\"inLanguage\":\"de\",\"@id\":\"https:\/\/demo.perimeter-solutions.com\/de\/#\/schema\/logo\/image\/\",\"url\":\"https:\/\/demo.perimeter-solutions.com\/wp-content\/uploads\/2021\/02\/perimeter-logo-RGB.png\",\"contentUrl\":\"https:\/\/demo.perimeter-solutions.com\/wp-content\/uploads\/2021\/02\/perimeter-logo-RGB.png\",\"width\":794,\"height\":138,\"caption\":\"Perimeter Solutions\"},\"image\":{\"@id\":\"https:\/\/demo.perimeter-solutions.com\/de\/#\/schema\/logo\/image\/\"}}]}<\/script>\n<!-- \/ Yoast SEO Premium plugin. -->","yoast_head_json":{"title":"AUXQUIMIA RFC-105 - PS Demo site","description":"AUXQUIMIA RFC-105 ist ein stark biologisch abbaubares. synthetisches Schaummittelkonzentrat mit niedriger Viskosit\u00e4t und guten Benetzungseigenschaften; speziell formuliert, um Sch\u00e4ume zur Bek\u00e4mpfung von Br\u00e4nden der Klasse A (Wald, Stadt, Geb\u00e4ude usw.) zu erhalten, die auch bei der Bek\u00e4mpfung von Br\u00e4nden der Klasse B (Kohlenwasserstoffe) wirksam eingesetzt werden k\u00f6nnen.","robots":{"index":"noindex","follow":"follow","max-snippet":"max-snippet:-1","max-image-preview":"max-image-preview:large","max-video-preview":"max-video-preview:-1"},"og_locale":"de_DE","og_type":"article","og_title":"AUXQUIMIA RFC-105","og_description":"AUXQUIMIA RFC-105 ist ein stark biologisch abbaubares. synthetisches Schaummittelkonzentrat mit niedriger Viskosit\u00e4t und guten Benetzungseigenschaften; speziell formuliert, um Sch\u00e4ume zur Bek\u00e4mpfung von Br\u00e4nden der Klasse A (Wald, Stadt, Geb\u00e4ude usw.) zu erhalten, die auch bei der Bek\u00e4mpfung von Br\u00e4nden der Klasse B (Kohlenwasserstoffe) wirksam eingesetzt werden k\u00f6nnen.","og_url":"https:\/\/demo.perimeter-solutions.com\/de\/product\/auxquimia-rfc-105\/","og_site_name":"PS Demo site","article_modified_time":"2024-08-14T18:21:43+00:00","og_image":[{"width":1445,"height":1870,"url":"https:\/\/demo.perimeter-solutions.com\/wp-content\/uploads\/2024\/06\/AUXQUIMIA-RFC-105_Page_1.jpg","type":"image\/jpeg"}],"twitter_card":"summary_large_image","twitter_misc":{"Gesch\u00e4tzte Lesezeit":"2\u00a0Minuten"},"schema":{"@context":"https:\/\/schema.org","@graph":[{"@type":"WebPage","@id":"https:\/\/demo.perimeter-solutions.com\/de\/product\/auxquimia-rfc-105\/","url":"https:\/\/demo.perimeter-solutions.com\/de\/product\/auxquimia-rfc-105\/","name":"AUXQUIMIA RFC-105 - PS Demo site","isPartOf":{"@id":"https:\/\/demo.perimeter-solutions.com\/de\/#website"},"primaryImageOfPage":{"@id":"https:\/\/demo.perimeter-solutions.com\/de\/product\/auxquimia-rfc-105\/#primaryimage"},"image":{"@id":"https:\/\/demo.perimeter-solutions.com\/de\/product\/auxquimia-rfc-105\/#primaryimage"},"thumbnailUrl":"https:\/\/demo.perimeter-solutions.com\/wp-content\/uploads\/2024\/06\/AUXQUIMIA-RFC-105_Page_1.jpg","datePublished":"2024-06-27T16:55:52+00:00","dateModified":"2024-08-14T18:21:43+00:00","description":"AUXQUIMIA RFC-105 ist ein stark biologisch abbaubares. synthetisches Schaummittelkonzentrat mit niedriger Viskosit\u00e4t und guten Benetzungseigenschaften; speziell formuliert, um Sch\u00e4ume zur Bek\u00e4mpfung von Br\u00e4nden der Klasse A (Wald, Stadt, Geb\u00e4ude usw.) zu erhalten, die auch bei der Bek\u00e4mpfung von Br\u00e4nden der Klasse B (Kohlenwasserstoffe) wirksam eingesetzt werden k\u00f6nnen.","breadcrumb":{"@id":"https:\/\/demo.perimeter-solutions.com\/de\/product\/auxquimia-rfc-105\/#breadcrumb"},"inLanguage":"de","potentialAction":[{"@type":"ReadAction","target":["https:\/\/demo.perimeter-solutions.com\/de\/product\/auxquimia-rfc-105\/"]}]},{"@type":"ImageObject","inLanguage":"de","@id":"https:\/\/demo.perimeter-solutions.com\/de\/product\/auxquimia-rfc-105\/#primaryimage","url":"https:\/\/demo.perimeter-solutions.com\/wp-content\/uploads\/2024\/06\/AUXQUIMIA-RFC-105_Page_1.jpg","contentUrl":"https:\/\/demo.perimeter-solutions.com\/wp-content\/uploads\/2024\/06\/AUXQUIMIA-RFC-105_Page_1.jpg","width":1445,"height":1870},{"@type":"BreadcrumbList","@id":"https:\/\/demo.perimeter-solutions.com\/de\/product\/auxquimia-rfc-105\/#breadcrumb","itemListElement":[{"@type":"ListItem","position":1,"name":"Produktkatalog","item":"https:\/\/demo.perimeter-solutions.com\/de\/produktkatalog\/"},{"@type":"ListItem","position":2,"name":"AUXQUIMIA RFC-105"}]},{"@type":"WebSite","@id":"https:\/\/demo.perimeter-solutions.com\/de\/#website","url":"https:\/\/demo.perimeter-solutions.com\/de\/","name":"PS Demo site","description":"","publisher":{"@id":"https:\/\/demo.perimeter-solutions.com\/de\/#organization"},"potentialAction":[{"@type":"SearchAction","target":{"@type":"EntryPoint","urlTemplate":"https:\/\/demo.perimeter-solutions.com\/de\/?s={search_term_string}"},"query-input":{"@type":"PropertyValueSpecification","valueRequired":true,"valueName":"search_term_string"}}],"inLanguage":"de"},{"@type":"Organization","@id":"https:\/\/demo.perimeter-solutions.com\/de\/#organization","name":"Perimeter Solutions","url":"https:\/\/demo.perimeter-solutions.com\/de\/","logo":{"@type":"ImageObject","inLanguage":"de","@id":"https:\/\/demo.perimeter-solutions.com\/de\/#\/schema\/logo\/image\/","url":"https:\/\/demo.perimeter-solutions.com\/wp-content\/uploads\/2021\/02\/perimeter-logo-RGB.png","contentUrl":"https:\/\/demo.perimeter-solutions.com\/wp-content\/uploads\/2021\/02\/perimeter-logo-RGB.png","width":794,"height":138,"caption":"Perimeter Solutions"},"image":{"@id":"https:\/\/demo.perimeter-solutions.com\/de\/#\/schema\/logo\/image\/"}}]}},"_links":{"self":[{"href":"https:\/\/demo.perimeter-solutions.com\/de\/wp-json\/wp\/v2\/product\/42494","targetHints":{"allow":["GET"]}}],"collection":[{"href":"https:\/\/demo.perimeter-solutions.com\/de\/wp-json\/wp\/v2\/product"}],"about":[{"href":"https:\/\/demo.perimeter-solutions.com\/de\/wp-json\/wp\/v2\/types\/product"}],"wp:featuredmedia":[{"embeddable":true,"href":"https:\/\/demo.perimeter-solutions.com\/de\/wp-json\/wp\/v2\/media\/42495"}],"wp:attachment":[{"href":"https:\/\/demo.perimeter-solutions.com\/de\/wp-json\/wp\/v2\/media?parent=42494"}],"wp:term":[{"taxonomy":"product_cat","embeddable":true,"href":"https:\/\/demo.perimeter-solutions.com\/de\/wp-json\/wp\/v2\/product_cat?post=42494"},{"taxonomy":"product_tag","embeddable":true,"href":"https:\/\/demo.perimeter-solutions.com\/de\/wp-json\/wp\/v2\/product_tag?post=42494"}],"curies":[{"name":"wp","href":"https:\/\/api.w.org\/{rel}","templated":true}]}}