{"id":26451,"date":"2020-12-04T16:30:00","date_gmt":"2020-12-04T21:30:00","guid":{"rendered":"https:\/\/demo.perimeter-solutions.com\/retardantes-de-fuego\/fire-trol-ground\/"},"modified":"2021-08-19T13:29:51","modified_gmt":"2021-08-19T18:29:51","slug":"fire-trol-ground","status":"publish","type":"page","link":"https:\/\/demo.perimeter-solutions.com\/es\/retardantes-de-fuego\/fire-trol-ground\/","title":{"rendered":"FIRE-TROL GROUND"},"content":{"rendered":"\t\t<div data-elementor-type=\"wp-page\" data-elementor-id=\"26451\" class=\"elementor elementor-26451\" data-elementor-post-type=\"page\">\n\t\t\t\t\t\t<section class=\"elementor-section elementor-top-section elementor-element elementor-element-a53ddb9 elementor-section-stretched elementor-section-boxed elementor-section-height-default elementor-section-height-default\" data-id=\"a53ddb9\" data-element_type=\"section\" data-e-type=\"section\" data-settings=\"{&quot;stretch_section&quot;:&quot;section-stretched&quot;,&quot;background_background&quot;:&quot;classic&quot;}\">\n\t\t\t\t\t\t<div class=\"elementor-container elementor-column-gap-default\">\n\t\t\t\t\t<div class=\"elementor-column elementor-col-100 elementor-top-column elementor-element elementor-element-8e1337c\" data-id=\"8e1337c\" data-element_type=\"column\" data-e-type=\"column\">\n\t\t\t<div class=\"elementor-widget-wrap elementor-element-populated\">\n\t\t\t\t\t\t<div class=\"elementor-element elementor-element-3fcef61 elementor-widget elementor-widget-heading\" data-id=\"3fcef61\" data-element_type=\"widget\" data-e-type=\"widget\" data-widget_type=\"heading.default\">\n\t\t\t\t<div class=\"elementor-widget-container\">\n\t\t\t\t\t<h1 class=\"elementor-heading-title elementor-size-default\">FIRE-TROL Tierra<\/h1>\t\t\t\t<\/div>\n\t\t\t\t<\/div>\n\t\t\t\t\t<\/div>\n\t\t<\/div>\n\t\t\t\t\t<\/div>\n\t\t<\/section>\n\t\t\t\t<section class=\"elementor-section elementor-top-section elementor-element elementor-element-e36f22b elementor-section-boxed elementor-section-height-default elementor-section-height-default\" data-id=\"e36f22b\" data-element_type=\"section\" data-e-type=\"section\" data-settings=\"{&quot;background_background&quot;:&quot;classic&quot;}\">\n\t\t\t\t\t\t<div class=\"elementor-container elementor-column-gap-default\">\n\t\t\t\t\t<div class=\"elementor-column elementor-col-66 elementor-top-column elementor-element elementor-element-9ead739\" data-id=\"9ead739\" data-element_type=\"column\" data-e-type=\"column\">\n\t\t\t<div class=\"elementor-widget-wrap elementor-element-populated\">\n\t\t\t\t\t\t<div class=\"elementor-element elementor-element-1095e2a elementor-widget elementor-widget-heading\" data-id=\"1095e2a\" data-element_type=\"widget\" data-e-type=\"widget\" data-widget_type=\"heading.default\">\n\t\t\t\t<div class=\"elementor-widget-container\">\n\t\t\t\t\t<h4 class=\"elementor-heading-title elementor-size-default\">Retardantes de fuego probados aplicados al suelo<\/h4>\t\t\t\t<\/div>\n\t\t\t\t<\/div>\n\t\t\t\t<div class=\"elementor-element elementor-element-d5454f1 elementor-widget elementor-widget-text-editor\" data-id=\"d5454f1\" data-element_type=\"widget\" data-e-type=\"widget\" data-widget_type=\"text-editor.default\">\n\t\t\t\t<div class=\"elementor-widget-container\">\n\t\t\t\t\t\t\t\t\t<p>FIRE-TROL<sup> \u00ae<\/sup> 934 (sin color) y FIRE-TROL 936 (con color) son retardadores de fuego l\u00edquidos a largo plazo formulados exclusivamente para aplicaci\u00f3n en el suelo. Se han utilizado en toda Europa a lo largo de los ferrocarriles y en \u00e1reas desarrolladas. Se consideran no t\u00f3xicos y cumplen con las directrices de la OCDE y las Directivas actuales de la UE (2005).<\/p>\n<p>Los retardantes de fuego FIRE-TROL se consideran:<\/p>\n<ul>\n<li>M\u00e1s eficiente que el agua (incluso agua mejorada) ya sea en ataque directo o indirecto<\/li>\n<li>M\u00e1s f\u00e1cil de usar para los bomberos debido a la falta de emisiones de vapor.<\/li>\n<li>Uso flexible<\/li>\n<li>Un producto de elecci\u00f3n por la noche cuando los aviones no pueden volar<\/li>\n<\/ul>\n\t\t\t\t\t\t\t\t<\/div>\n\t\t\t\t<\/div>\n\t\t\t\t\t<\/div>\n\t\t<\/div>\n\t\t\t\t<div class=\"elementor-column elementor-col-33 elementor-top-column elementor-element elementor-element-c6c30d7\" data-id=\"c6c30d7\" data-element_type=\"column\" data-e-type=\"column\">\n\t\t\t<div class=\"elementor-widget-wrap elementor-element-populated\">\n\t\t\t\t\t\t<section class=\"elementor-section elementor-inner-section elementor-element elementor-element-bf8397b elementor-section-boxed elementor-section-height-default elementor-section-height-default\" data-id=\"bf8397b\" data-element_type=\"section\" data-e-type=\"section\" data-settings=\"{&quot;background_background&quot;:&quot;classic&quot;}\">\n\t\t\t\t\t\t<div class=\"elementor-container elementor-column-gap-default\">\n\t\t\t\t\t<div class=\"elementor-column elementor-col-100 elementor-inner-column elementor-element elementor-element-83de702\" data-id=\"83de702\" data-element_type=\"column\" data-e-type=\"column\">\n\t\t\t<div class=\"elementor-widget-wrap elementor-element-populated\">\n\t\t\t\t\t\t<div class=\"elementor-element elementor-element-e55a1b0 elementor-widget elementor-widget-global elementor-global-24092 elementor-global-20580 elementor-widget-text-editor\" data-id=\"e55a1b0\" data-element_type=\"widget\" data-e-type=\"widget\" data-widget_type=\"text-editor.default\">\n\t\t\t\t<div class=\"elementor-widget-container\">\n\t\t\t\t\t\t\t\t\t<p>Quick Links<\/p>\n\t\t\t\t\t\t\t\t<\/div>\n\t\t\t\t<\/div>\n\t\t\t\t<div class=\"elementor-element elementor-element-681d2f6 elementor-icon-list--layout-traditional elementor-list-item-link-full_width elementor-widget elementor-widget-icon-list\" data-id=\"681d2f6\" data-element_type=\"widget\" data-e-type=\"widget\" data-widget_type=\"icon-list.default\">\n\t\t\t\t<div class=\"elementor-widget-container\">\n\t\t\t\t\t\t\t<ul class=\"elementor-icon-list-items\">\n\t\t\t\t\t\t\t<li class=\"elementor-icon-list-item\">\n\t\t\t\t\t\t\t\t\t\t\t<a href=\"https:\/\/demo.perimeter-solutions.com\/request-a-safety-data-sheet\/\">\n\n\t\t\t\t\t\t\t\t\t\t\t\t<span class=\"elementor-icon-list-icon\">\n\t\t\t\t\t\t\t<svg xmlns=\"http:\/\/www.w3.org\/2000\/svg\" xmlns:xlink=\"http:\/\/www.w3.org\/1999\/xlink\" id=\"Paper_icon\" x=\"0px\" y=\"0px\" viewBox=\"0 0 1000 1000\" style=\"enable-background:new 0 0 1000 1000;\" xml:space=\"preserve\"><style type=\"text\/css\">\t.st0{fill:#E71B2B;}<\/style><g id=\"_x30_3\">\t<path class=\"st0\" d=\"M802.2,12.9H197.8c-49.1,0-88.9,39.8-88.9,88.9v616.9c0,15.7,6.2,30.8,17.4,41.9l213.1,213.1   c11.1,11.1,26.2,17.4,41.9,17.4h421c49.1,0,88.9-39.8,88.9-88.9V101.8C891.1,52.7,851.3,12.9,802.2,12.9z M339.3,889.9L210.1,760.6   h129.3V889.9z M831.8,902.1c0,16.3-13.3,29.6-29.6,29.6H398.6V731c0-16.4-13.3-29.6-29.6-29.6H168.2V101.8   c0-16.3,13.3-29.6,29.6-29.6h604.4c16.3,0,29.6,13.3,29.6,29.6V902.1z\"><\/path>\t<path class=\"st0\" d=\"M722.2,782.7H488.9c-16.4,0-29.6-13.3-29.6-29.6c0-16.4,13.3-29.6,29.6-29.6h233.3c16.4,0,29.6,13.3,29.6,29.6   C751.9,769.4,738.6,782.7,722.2,782.7z\"><\/path>\t<path class=\"st0\" d=\"M722.2,657.1H277.8c-16.4,0-29.6-13.3-29.6-29.6c0-16.4,13.3-29.6,29.6-29.6h444.5c16.4,0,29.6,13.3,29.6,29.6   C751.9,643.9,738.6,657.1,722.2,657.1z\"><\/path>\t<path class=\"st0\" d=\"M722.2,531.6H277.8c-16.4,0-29.6-13.3-29.6-29.6c0-16.4,13.3-29.6,29.6-29.6h444.5c16.4,0,29.6,13.3,29.6,29.6   C751.9,518.3,738.6,531.6,722.2,531.6z\"><\/path>\t<path class=\"st0\" d=\"M722.2,406H277.8c-16.4,0-29.6-13.3-29.6-29.6c0-16.4,13.3-29.6,29.6-29.6h444.5c16.4,0,29.6,13.3,29.6,29.6   C751.9,392.8,738.6,406,722.2,406z\"><\/path>\t<path class=\"st0\" d=\"M722.2,280.5H514.8c-16.4,0-29.6-13.3-29.6-29.6s13.3-29.6,29.6-29.6h207.4c16.4,0,29.6,13.3,29.6,29.6   C751.9,267.2,738.6,280.5,722.2,280.5z\"><\/path>\t<path class=\"st0\" d=\"M374.4,297.1H267.7c-2.6,0-4.7-2.1-4.7-4.7V163c0-2.6,2.1-4.7,4.7-4.7h106.7c2.6,0,4.7,2.1,4.7,4.7v129.4   C379.1,295,377,297.1,374.4,297.1z\"><\/path><\/g><\/svg>\t\t\t\t\t\t<\/span>\n\t\t\t\t\t\t\t\t\t\t<span class=\"elementor-icon-list-text\">Solicite una ficha de datos de seguridad<\/span>\n\t\t\t\t\t\t\t\t\t\t\t<\/a>\n\t\t\t\t\t\t\t\t\t<\/li>\n\t\t\t\t\t\t<\/ul>\n\t\t\t\t\t\t<\/div>\n\t\t\t\t<\/div>\n\t\t\t\t\t<\/div>\n\t\t<\/div>\n\t\t\t\t\t<\/div>\n\t\t<\/section>\n\t\t\t\t<div class=\"elementor-element elementor-element-3ffaa2f elementor-widget elementor-widget-global elementor-global-24088 elementor-global-19876 elementor-widget-button\" data-id=\"3ffaa2f\" data-element_type=\"widget\" data-e-type=\"widget\" data-widget_type=\"button.default\">\n\t\t\t\t<div class=\"elementor-widget-container\">\n\t\t\t\t\t\t\t\t\t<div class=\"elementor-button-wrapper\">\n\t\t\t\t\t<a class=\"elementor-button elementor-button-link elementor-size-lg\" href=\"https:\/\/demo.perimeter-solutions.com\/find-a-representative\/\">\n\t\t\t\t\t\t<span class=\"elementor-button-content-wrapper\">\n\t\t\t\t\t\t<span class=\"elementor-button-icon\">\n\t\t\t\t<i aria-hidden=\"true\" class=\"fas fa-map-marker-alt\"><\/i>\t\t\t<\/span>\n\t\t\t\t\t\t\t\t\t<span class=\"elementor-button-text\">Encontrar un representante<\/span>\n\t\t\t\t\t<\/span>\n\t\t\t\t\t<\/a>\n\t\t\t\t<\/div>\n\t\t\t\t\t\t\t\t<\/div>\n\t\t\t\t<\/div>\n\t\t\t\t<div class=\"elementor-element elementor-element-1152925 content-align-cta-default elementor-widget elementor-widget-eael-cta-box\" data-id=\"1152925\" data-element_type=\"widget\" data-e-type=\"widget\" data-widget_type=\"eael-cta-box.default\">\n\t\t\t\t<div class=\"elementor-widget-container\">\n\t\t\t\t\t\t\t<div class=\"eael-call-to-action cta-basic bg-lite cta-preset-1\">\n        <h2 class=\"title eael-cta-heading\">Como ordenar<\/h2><p>Contactanos en<br \/>+33 44 2244508<br \/><a href=\"mailto:Julien.ballester@perimeter-solutions.com\">Julien.ballester@perimeter-solutions.com<\/a><\/p>\n<a href=\"https:\/\/demo.perimeter-solutions.com\/contact\/\" class=\"cta-button cta-preset-1  \">Contacta con nosotros<\/a>\t<\/div>\n\t\t\t\t\t\t\t\t<\/div>\n\t\t\t\t<\/div>\n\t\t\t\t\t<\/div>\n\t\t<\/div>\n\t\t\t\t\t<\/div>\n\t\t<\/section>\n\t\t\t\t<\/div>\n\t\t","protected":false},"excerpt":{"rendered":"<p>FIRE-TROL Tierra Retardantes de fuego probados aplicados al suelo FIRE-TROL \u00ae 934 (sin color) y FIRE-TROL 936 (con color) son retardadores de fuego l\u00edquidos a largo plazo formulados exclusivamente para [&hellip;]<\/p>\n","protected":false},"author":3,"featured_media":0,"parent":25171,"menu_order":0,"comment_status":"closed","ping_status":"closed","template":"","meta":{"_acf_changed":false,"footnotes":""},"class_list":["post-26451","page","type-page","status-publish","hentry"],"acf":[],"yoast_head":"<!-- This site is optimized with the Yoast SEO Premium plugin v21.9 (Yoast SEO v23.5) - https:\/\/yoast.com\/wordpress\/plugins\/seo\/ -->\n<title>FIRE-TROL GROUND - PS Demo site<\/title>\n<meta name=\"robots\" content=\"noindex, follow, max-snippet:-1, max-image-preview:large, max-video-preview:-1\" \/>\n<meta property=\"og:locale\" content=\"es_ES\" \/>\n<meta property=\"og:type\" content=\"article\" \/>\n<meta property=\"og:title\" content=\"FIRE-TROL GROUND\" \/>\n<meta property=\"og:description\" content=\"FIRE-TROL Tierra Retardantes de fuego probados aplicados al suelo FIRE-TROL \u00ae 934 (sin color) y FIRE-TROL 936 (con color) son retardadores de fuego l\u00edquidos a largo plazo formulados exclusivamente para [&hellip;]\" \/>\n<meta property=\"og:url\" content=\"https:\/\/demo.perimeter-solutions.com\/es\/retardantes-de-fuego\/fire-trol-ground\/\" \/>\n<meta property=\"og:site_name\" content=\"PS Demo site\" \/>\n<meta property=\"article:modified_time\" content=\"2021-08-19T18:29:51+00:00\" \/>\n<meta name=\"twitter:card\" content=\"summary_large_image\" \/>\n<meta name=\"twitter:label1\" content=\"Tiempo de lectura\" \/>\n\t<meta name=\"twitter:data1\" content=\"1 minuto\" \/>\n<script type=\"application\/ld+json\" class=\"yoast-schema-graph\">{\"@context\":\"https:\/\/schema.org\",\"@graph\":[{\"@type\":\"WebPage\",\"@id\":\"https:\/\/demo.perimeter-solutions.com\/es\/retardantes-de-fuego\/fire-trol-ground\/\",\"url\":\"https:\/\/demo.perimeter-solutions.com\/es\/retardantes-de-fuego\/fire-trol-ground\/\",\"name\":\"FIRE-TROL GROUND - PS Demo site\",\"isPartOf\":{\"@id\":\"https:\/\/demo.perimeter-solutions.com\/es\/#website\"},\"datePublished\":\"2020-12-04T21:30:00+00:00\",\"dateModified\":\"2021-08-19T18:29:51+00:00\",\"breadcrumb\":{\"@id\":\"https:\/\/demo.perimeter-solutions.com\/es\/retardantes-de-fuego\/fire-trol-ground\/#breadcrumb\"},\"inLanguage\":\"es\",\"potentialAction\":[{\"@type\":\"ReadAction\",\"target\":[\"https:\/\/demo.perimeter-solutions.com\/es\/retardantes-de-fuego\/fire-trol-ground\/\"]}]},{\"@type\":\"BreadcrumbList\",\"@id\":\"https:\/\/demo.perimeter-solutions.com\/es\/retardantes-de-fuego\/fire-trol-ground\/#breadcrumb\",\"itemListElement\":[{\"@type\":\"ListItem\",\"position\":1,\"name\":\"Retardantes de fuego\",\"item\":\"https:\/\/demo.perimeter-solutions.com\/es\/retardantes-de-fuego\/\"},{\"@type\":\"ListItem\",\"position\":2,\"name\":\"FIRE-TROL GROUND\"}]},{\"@type\":\"WebSite\",\"@id\":\"https:\/\/demo.perimeter-solutions.com\/es\/#website\",\"url\":\"https:\/\/demo.perimeter-solutions.com\/es\/\",\"name\":\"PS Demo site\",\"description\":\"\",\"publisher\":{\"@id\":\"https:\/\/demo.perimeter-solutions.com\/es\/#organization\"},\"potentialAction\":[{\"@type\":\"SearchAction\",\"target\":{\"@type\":\"EntryPoint\",\"urlTemplate\":\"https:\/\/demo.perimeter-solutions.com\/es\/?s={search_term_string}\"},\"query-input\":{\"@type\":\"PropertyValueSpecification\",\"valueRequired\":true,\"valueName\":\"search_term_string\"}}],\"inLanguage\":\"es\"},{\"@type\":\"Organization\",\"@id\":\"https:\/\/demo.perimeter-solutions.com\/es\/#organization\",\"name\":\"Perimeter Solutions\",\"url\":\"https:\/\/demo.perimeter-solutions.com\/es\/\",\"logo\":{\"@type\":\"ImageObject\",\"inLanguage\":\"es\",\"@id\":\"https:\/\/demo.perimeter-solutions.com\/es\/#\/schema\/logo\/image\/\",\"url\":\"https:\/\/demo.perimeter-solutions.com\/wp-content\/uploads\/2021\/02\/perimeter-logo-RGB.png\",\"contentUrl\":\"https:\/\/demo.perimeter-solutions.com\/wp-content\/uploads\/2021\/02\/perimeter-logo-RGB.png\",\"width\":794,\"height\":138,\"caption\":\"Perimeter Solutions\"},\"image\":{\"@id\":\"https:\/\/demo.perimeter-solutions.com\/es\/#\/schema\/logo\/image\/\"}}]}<\/script>\n<!-- \/ Yoast SEO Premium plugin. -->","yoast_head_json":{"title":"FIRE-TROL GROUND - PS Demo site","robots":{"index":"noindex","follow":"follow","max-snippet":"max-snippet:-1","max-image-preview":"max-image-preview:large","max-video-preview":"max-video-preview:-1"},"og_locale":"es_ES","og_type":"article","og_title":"FIRE-TROL GROUND","og_description":"FIRE-TROL Tierra Retardantes de fuego probados aplicados al suelo FIRE-TROL \u00ae 934 (sin color) y FIRE-TROL 936 (con color) son retardadores de fuego l\u00edquidos a largo plazo formulados exclusivamente para [&hellip;]","og_url":"https:\/\/demo.perimeter-solutions.com\/es\/retardantes-de-fuego\/fire-trol-ground\/","og_site_name":"PS Demo site","article_modified_time":"2021-08-19T18:29:51+00:00","twitter_card":"summary_large_image","twitter_misc":{"Tiempo de lectura":"1 minuto"},"schema":{"@context":"https:\/\/schema.org","@graph":[{"@type":"WebPage","@id":"https:\/\/demo.perimeter-solutions.com\/es\/retardantes-de-fuego\/fire-trol-ground\/","url":"https:\/\/demo.perimeter-solutions.com\/es\/retardantes-de-fuego\/fire-trol-ground\/","name":"FIRE-TROL GROUND - PS Demo site","isPartOf":{"@id":"https:\/\/demo.perimeter-solutions.com\/es\/#website"},"datePublished":"2020-12-04T21:30:00+00:00","dateModified":"2021-08-19T18:29:51+00:00","breadcrumb":{"@id":"https:\/\/demo.perimeter-solutions.com\/es\/retardantes-de-fuego\/fire-trol-ground\/#breadcrumb"},"inLanguage":"es","potentialAction":[{"@type":"ReadAction","target":["https:\/\/demo.perimeter-solutions.com\/es\/retardantes-de-fuego\/fire-trol-ground\/"]}]},{"@type":"BreadcrumbList","@id":"https:\/\/demo.perimeter-solutions.com\/es\/retardantes-de-fuego\/fire-trol-ground\/#breadcrumb","itemListElement":[{"@type":"ListItem","position":1,"name":"Retardantes de fuego","item":"https:\/\/demo.perimeter-solutions.com\/es\/retardantes-de-fuego\/"},{"@type":"ListItem","position":2,"name":"FIRE-TROL GROUND"}]},{"@type":"WebSite","@id":"https:\/\/demo.perimeter-solutions.com\/es\/#website","url":"https:\/\/demo.perimeter-solutions.com\/es\/","name":"PS Demo site","description":"","publisher":{"@id":"https:\/\/demo.perimeter-solutions.com\/es\/#organization"},"potentialAction":[{"@type":"SearchAction","target":{"@type":"EntryPoint","urlTemplate":"https:\/\/demo.perimeter-solutions.com\/es\/?s={search_term_string}"},"query-input":{"@type":"PropertyValueSpecification","valueRequired":true,"valueName":"search_term_string"}}],"inLanguage":"es"},{"@type":"Organization","@id":"https:\/\/demo.perimeter-solutions.com\/es\/#organization","name":"Perimeter Solutions","url":"https:\/\/demo.perimeter-solutions.com\/es\/","logo":{"@type":"ImageObject","inLanguage":"es","@id":"https:\/\/demo.perimeter-solutions.com\/es\/#\/schema\/logo\/image\/","url":"https:\/\/demo.perimeter-solutions.com\/wp-content\/uploads\/2021\/02\/perimeter-logo-RGB.png","contentUrl":"https:\/\/demo.perimeter-solutions.com\/wp-content\/uploads\/2021\/02\/perimeter-logo-RGB.png","width":794,"height":138,"caption":"Perimeter Solutions"},"image":{"@id":"https:\/\/demo.perimeter-solutions.com\/es\/#\/schema\/logo\/image\/"}}]}},"_links":{"self":[{"href":"https:\/\/demo.perimeter-solutions.com\/es\/wp-json\/wp\/v2\/pages\/26451","targetHints":{"allow":["GET"]}}],"collection":[{"href":"https:\/\/demo.perimeter-solutions.com\/es\/wp-json\/wp\/v2\/pages"}],"about":[{"href":"https:\/\/demo.perimeter-solutions.com\/es\/wp-json\/wp\/v2\/types\/page"}],"author":[{"embeddable":true,"href":"https:\/\/demo.perimeter-solutions.com\/es\/wp-json\/wp\/v2\/users\/3"}],"replies":[{"embeddable":true,"href":"https:\/\/demo.perimeter-solutions.com\/es\/wp-json\/wp\/v2\/comments?post=26451"}],"version-history":[{"count":2,"href":"https:\/\/demo.perimeter-solutions.com\/es\/wp-json\/wp\/v2\/pages\/26451\/revisions"}],"predecessor-version":[{"id":26453,"href":"https:\/\/demo.perimeter-solutions.com\/es\/wp-json\/wp\/v2\/pages\/26451\/revisions\/26453"}],"up":[{"embeddable":true,"href":"https:\/\/demo.perimeter-solutions.com\/es\/wp-json\/wp\/v2\/pages\/25171"}],"wp:attachment":[{"href":"https:\/\/demo.perimeter-solutions.com\/es\/wp-json\/wp\/v2\/media?parent=26451"}],"curies":[{"name":"wp","href":"https:\/\/api.w.org\/{rel}","templated":true}]}}