{"id":26836,"date":"2021-04-05T16:36:21","date_gmt":"2021-04-05T20:36:21","guid":{"rendered":"https:\/\/demo.perimeter-solutions.com\/espuma-de-clase-b\/arctic-3-afff\/"},"modified":"2021-08-19T20:29:08","modified_gmt":"2021-08-20T01:29:08","slug":"arctic-3-afff","status":"publish","type":"page","link":"https:\/\/demo.perimeter-solutions.com\/es\/espumogeno-clase-b\/arctic-3-afff\/","title":{"rendered":"ARCTIC 3% AFFF"},"content":{"rendered":"\t\t<div data-elementor-type=\"wp-page\" data-elementor-id=\"26836\" class=\"elementor elementor-26836\" data-elementor-post-type=\"page\">\n\t\t\t\t\t\t<section class=\"elementor-section elementor-top-section elementor-element elementor-element-a53ddb9 elementor-section-stretched elementor-section-boxed elementor-section-height-default elementor-section-height-default\" data-id=\"a53ddb9\" data-element_type=\"section\" data-e-type=\"section\" data-settings=\"{&quot;stretch_section&quot;:&quot;section-stretched&quot;,&quot;background_background&quot;:&quot;classic&quot;}\">\n\t\t\t\t\t\t<div class=\"elementor-container elementor-column-gap-default\">\n\t\t\t\t\t<div class=\"elementor-column elementor-col-100 elementor-top-column elementor-element elementor-element-8e1337c\" data-id=\"8e1337c\" data-element_type=\"column\" data-e-type=\"column\">\n\t\t\t<div class=\"elementor-widget-wrap elementor-element-populated\">\n\t\t\t\t\t\t<div class=\"elementor-element elementor-element-3fcef61 elementor-widget elementor-widget-heading\" data-id=\"3fcef61\" data-element_type=\"widget\" data-e-type=\"widget\" data-widget_type=\"heading.default\">\n\t\t\t\t<div class=\"elementor-widget-container\">\n\t\t\t\t\t<h1 class=\"elementor-heading-title elementor-size-default\">SOLBERG ARCTIC\u2122 3% AFFF FOAM CONCENTRATE<\/h1>\t\t\t\t<\/div>\n\t\t\t\t<\/div>\n\t\t\t\t\t<\/div>\n\t\t<\/div>\n\t\t\t\t\t<\/div>\n\t\t<\/section>\n\t\t\t\t<section class=\"elementor-section elementor-top-section elementor-element elementor-element-e36f22b elementor-section-boxed elementor-section-height-default elementor-section-height-default\" data-id=\"e36f22b\" data-element_type=\"section\" data-e-type=\"section\" data-settings=\"{&quot;background_background&quot;:&quot;classic&quot;}\">\n\t\t\t\t\t\t<div class=\"elementor-container elementor-column-gap-default\">\n\t\t\t\t\t<div class=\"elementor-column elementor-col-66 elementor-top-column elementor-element elementor-element-9ead739\" data-id=\"9ead739\" data-element_type=\"column\" data-e-type=\"column\">\n\t\t\t<div class=\"elementor-widget-wrap elementor-element-populated\">\n\t\t\t\t\t\t<div class=\"elementor-element elementor-element-d5454f1 elementor-widget elementor-widget-text-editor\" data-id=\"d5454f1\" data-element_type=\"widget\" data-e-type=\"widget\" data-widget_type=\"text-editor.default\">\n\t\t\t\t<div class=\"elementor-widget-container\">\n\t\t\t\t\t\t\t\t\t<p><strong>Concentrado de espuma SOLBERG ARCTIC \u2122 3% AFFF<\/strong> es un concentrado de espuma sint\u00e9tico que se usa para extinguir de manera efectiva incendios de combustibles de hidrocarburos de Clase B en una soluci\u00f3n al 3%. La espuma SOLBERG ARCTIC 3% AFFF proporciona una r\u00e1pida extinci\u00f3n y excelentes caracter\u00edsticas de quemado y se puede usar con agua dulce, salada y salobre.<\/p>\n<p>El espum\u00f3geno SOLBERG ARCTIC 3% AFFF se puede aplicar a incendios de combustibles de hidrocarburos de Clase B. No est\u00e1 dise\u00f1ado para usarse con combustibles solventes polares de Clase B. La espuma se puede utilizar para evitar la reignici\u00f3n de un derrame de l\u00edquido y controlar los vapores peligrosos. Los dispositivos de descarga de espuma, como los de aspiraci\u00f3n de aire, as\u00ed como los equipos sin aspiraci\u00f3n de aire, se pueden utilizar para obtener los m\u00e1ximos resultados. El producto se mezcla con 3 partes de concentrado de espuma con 97 partes de agua. Tambi\u00e9n se puede utilizar como una soluci\u00f3n premezclada al 3%. La espuma SOLBERG ARCTIC 3% AFFF es compatible con la mayor\u00eda de los agentes en polvo (qu\u00edmicos secos).<\/p>\n\t\t\t\t\t\t\t\t<\/div>\n\t\t\t\t<\/div>\n\t\t\t\t<div class=\"elementor-element elementor-element-86b4277 elementor-widget elementor-widget-text-editor\" data-id=\"86b4277\" data-element_type=\"widget\" data-e-type=\"widget\" data-widget_type=\"text-editor.default\">\n\t\t\t\t<div class=\"elementor-widget-container\">\n\t\t\t\t\t\t\t\t\t<p><strong>CERTIFICACIONES:<\/strong> Listado en UL162 \/ ULC S564, EN 1568-3: 2008 (Clase 1A), Nivel C de la OACI<\/p>\n\t\t\t\t\t\t\t\t<\/div>\n\t\t\t\t<\/div>\n\t\t\t\t<div class=\"elementor-element elementor-element-1066b04 eael-table-align-center eael-dt-th-align-left elementor-widget elementor-widget-eael-data-table\" data-id=\"1066b04\" data-element_type=\"widget\" data-e-type=\"widget\" data-widget_type=\"eael-data-table.default\">\n\t\t\t\t<div class=\"elementor-widget-container\">\n\t\t\t\t\t\t\t<div class=\"eael-data-table-wrap\" data-table_id=\"1066b04\" id=\"eael-data-table-wrapper-1066b04\" data-custom_responsive=\"false\">\n\t\t\t<table class=\"tablesorter eael-data-table center\" id=\"eael-data-table-1066b04\">\n\t\t\t    <thead>\n\t\t\t        <tr class=\"table-header\">\n\t\t\t\t\t\t\t\t\t            <th class=\"\" id=\"\" colspan=\"100\">\n\t\t\t\t\t\t\t\t\t\t\t\t\t\t<span class=\"data-table-header-text\">Opciones Disponibles:<\/span><\/th>\n\t\t\t        \t\t\t\t        <\/tr>\n\t\t\t    <\/thead>\n\t\t\t  \t<tbody>\n\t\t\t\t\t\t\t\t\t\t\t<tr>\n\t\t\t\t\t\t\t\t\t\t\t\t\t\t\t\t   \t\t\t\t\t\t\t\t\t\t\t<td colspan=\"\" rowspan=\"\" class=\"\" id=\"\">\n\t\t\t\t\t\t\t\t\t\t\t\t<div class=\"td-content-wrapper\"><div class=\"td-content\">\n\t\t\t\t\t\t\t\t\t\t\t\t\t<strong>Tama\u00f1o del paquete<\/strong>\t\t\t\t\t\t\t\t\t\t\t\t<\/div><\/div>\n\t\t\t\t\t\t\t\t\t\t\t<\/td>\n\t\t\t\t\t\t\t\t\t\t\t\t\t\t\t\t\t\t\t\t\t\t\t\t\t\t\t\t\t   \t\t\t\t\t\t\t\t\t\t\t<td colspan=\"\" rowspan=\"\" class=\"\" id=\"\">\n\t\t\t\t\t\t\t\t\t\t\t\t<div class=\"td-content-wrapper\"><div class=\"td-content\">\n\t\t\t\t\t\t\t\t\t\t\t\t\tTotalizador de 260 galones, cubo de 5 galones, tambor de 55 galones, a granel\t\t\t\t\t\t\t\t\t\t\t\t<\/div><\/div>\n\t\t\t\t\t\t\t\t\t\t\t<\/td>\n\t\t\t\t\t\t\t\t\t\t\t\t\t\t\t\t\t\t\t\t\t\t\t\t\t\t<\/tr>\n\t\t\t        \t\t\t\t\t\t<tr>\n\t\t\t\t\t\t\t\t\t\t\t\t\t\t\t\t   \t\t\t\t\t\t\t\t\t\t\t<td colspan=\"\" rowspan=\"\" class=\"\" id=\"\">\n\t\t\t\t\t\t\t\t\t\t\t\t<div class=\"td-content-wrapper\"><div class=\"td-content\">\n\t\t\t\t\t\t\t\t\t\t\t\t\t<strong>Forma del producto<\/strong>\t\t\t\t\t\t\t\t\t\t\t\t<\/div><\/div>\n\t\t\t\t\t\t\t\t\t\t\t<\/td>\n\t\t\t\t\t\t\t\t\t\t\t\t\t\t\t\t\t\t\t\t\t\t\t\t\t\t\t\t\t   \t\t\t\t\t\t\t\t\t\t\t<td colspan=\"\" rowspan=\"\" class=\"\" id=\"\">\n\t\t\t\t\t\t\t\t\t\t\t\t<div class=\"td-content-wrapper\"><div class=\"td-content\">\n\t\t\t\t\t\t\t\t\t\t\t\t\tConcentrado liquido\t\t\t\t\t\t\t\t\t\t\t\t<\/div><\/div>\n\t\t\t\t\t\t\t\t\t\t\t<\/td>\n\t\t\t\t\t\t\t\t\t\t\t\t\t\t\t\t\t\t\t\t\t\t\t\t\t\t<\/tr>\n\t\t\t        \t\t\t    <\/tbody>\n\t\t\t<\/table>\n\t\t<\/div>\n\t  \t\t\t\t\t<\/div>\n\t\t\t\t<\/div>\n\t\t\t\t\t<\/div>\n\t\t<\/div>\n\t\t\t\t<div class=\"elementor-column elementor-col-33 elementor-top-column elementor-element elementor-element-c6c30d7\" data-id=\"c6c30d7\" data-element_type=\"column\" data-e-type=\"column\">\n\t\t\t<div class=\"elementor-widget-wrap elementor-element-populated\">\n\t\t\t\t\t\t<section class=\"elementor-section elementor-inner-section elementor-element elementor-element-dddbbb9 elementor-section-boxed elementor-section-height-default elementor-section-height-default\" data-id=\"dddbbb9\" data-element_type=\"section\" data-e-type=\"section\" data-settings=\"{&quot;background_background&quot;:&quot;classic&quot;}\">\n\t\t\t\t\t\t<div class=\"elementor-container elementor-column-gap-default\">\n\t\t\t\t\t<div class=\"elementor-column elementor-col-100 elementor-inner-column elementor-element elementor-element-ee3ad5c\" data-id=\"ee3ad5c\" data-element_type=\"column\" data-e-type=\"column\">\n\t\t\t<div class=\"elementor-widget-wrap elementor-element-populated\">\n\t\t\t\t\t\t<div class=\"elementor-element elementor-element-a9614dd elementor-widget elementor-widget-global elementor-global-24092 elementor-global-20580 elementor-widget-text-editor\" data-id=\"a9614dd\" data-element_type=\"widget\" data-e-type=\"widget\" data-widget_type=\"text-editor.default\">\n\t\t\t\t<div class=\"elementor-widget-container\">\n\t\t\t\t\t\t\t\t\t<p>Quick Links<\/p>\n\t\t\t\t\t\t\t\t<\/div>\n\t\t\t\t<\/div>\n\t\t\t\t<div class=\"elementor-element elementor-element-ff86daf elementor-icon-list--layout-traditional elementor-list-item-link-full_width elementor-widget elementor-widget-icon-list\" data-id=\"ff86daf\" data-element_type=\"widget\" data-e-type=\"widget\" data-widget_type=\"icon-list.default\">\n\t\t\t\t<div class=\"elementor-widget-container\">\n\t\t\t\t\t\t\t<ul class=\"elementor-icon-list-items\">\n\t\t\t\t\t\t\t<li class=\"elementor-icon-list-item\">\n\t\t\t\t\t\t\t\t\t\t\t<a href=\"https:\/\/demo.perimeter-solutions.com\/wp-content\/uploads\/2021\/07\/PERI_Arctic3_AFFFFoamConcentrate_Datasheet_v1.pdf\" target=\"_blank\">\n\n\t\t\t\t\t\t\t\t\t\t\t\t<span class=\"elementor-icon-list-icon\">\n\t\t\t\t\t\t\t<svg xmlns=\"http:\/\/www.w3.org\/2000\/svg\" xmlns:xlink=\"http:\/\/www.w3.org\/1999\/xlink\" id=\"Paper_icon\" x=\"0px\" y=\"0px\" viewBox=\"0 0 1000 1000\" style=\"enable-background:new 0 0 1000 1000;\" xml:space=\"preserve\"><style type=\"text\/css\">\t.st0{fill:#E71B2B;}<\/style><g id=\"_x30_3\">\t<path class=\"st0\" d=\"M802.2,12.9H197.8c-49.1,0-88.9,39.8-88.9,88.9v616.9c0,15.7,6.2,30.8,17.4,41.9l213.1,213.1   c11.1,11.1,26.2,17.4,41.9,17.4h421c49.1,0,88.9-39.8,88.9-88.9V101.8C891.1,52.7,851.3,12.9,802.2,12.9z M339.3,889.9L210.1,760.6   h129.3V889.9z M831.8,902.1c0,16.3-13.3,29.6-29.6,29.6H398.6V731c0-16.4-13.3-29.6-29.6-29.6H168.2V101.8   c0-16.3,13.3-29.6,29.6-29.6h604.4c16.3,0,29.6,13.3,29.6,29.6V902.1z\"><\/path>\t<path class=\"st0\" d=\"M722.2,782.7H488.9c-16.4,0-29.6-13.3-29.6-29.6c0-16.4,13.3-29.6,29.6-29.6h233.3c16.4,0,29.6,13.3,29.6,29.6   C751.9,769.4,738.6,782.7,722.2,782.7z\"><\/path>\t<path class=\"st0\" d=\"M722.2,657.1H277.8c-16.4,0-29.6-13.3-29.6-29.6c0-16.4,13.3-29.6,29.6-29.6h444.5c16.4,0,29.6,13.3,29.6,29.6   C751.9,643.9,738.6,657.1,722.2,657.1z\"><\/path>\t<path class=\"st0\" d=\"M722.2,531.6H277.8c-16.4,0-29.6-13.3-29.6-29.6c0-16.4,13.3-29.6,29.6-29.6h444.5c16.4,0,29.6,13.3,29.6,29.6   C751.9,518.3,738.6,531.6,722.2,531.6z\"><\/path>\t<path class=\"st0\" d=\"M722.2,406H277.8c-16.4,0-29.6-13.3-29.6-29.6c0-16.4,13.3-29.6,29.6-29.6h444.5c16.4,0,29.6,13.3,29.6,29.6   C751.9,392.8,738.6,406,722.2,406z\"><\/path>\t<path class=\"st0\" d=\"M722.2,280.5H514.8c-16.4,0-29.6-13.3-29.6-29.6s13.3-29.6,29.6-29.6h207.4c16.4,0,29.6,13.3,29.6,29.6   C751.9,267.2,738.6,280.5,722.2,280.5z\"><\/path>\t<path class=\"st0\" d=\"M374.4,297.1H267.7c-2.6,0-4.7-2.1-4.7-4.7V163c0-2.6,2.1-4.7,4.7-4.7h106.7c2.6,0,4.7,2.1,4.7,4.7v129.4   C379.1,295,377,297.1,374.4,297.1z\"><\/path><\/g><\/svg>\t\t\t\t\t\t<\/span>\n\t\t\t\t\t\t\t\t\t\t<span class=\"elementor-icon-list-text\">Hoja de datos del producto<\/span>\n\t\t\t\t\t\t\t\t\t\t\t<\/a>\n\t\t\t\t\t\t\t\t\t<\/li>\n\t\t\t\t\t\t\t\t<li class=\"elementor-icon-list-item\">\n\t\t\t\t\t\t\t\t\t\t\t<a href=\"https:\/\/demo.perimeter-solutions.com\/wp-content\/uploads\/2021\/07\/PERI_Arctic3_AFFFFoamConcentrate_Datasheet_v1-A4.pdf\" target=\"_blank\">\n\n\t\t\t\t\t\t\t\t\t\t\t\t<span class=\"elementor-icon-list-icon\">\n\t\t\t\t\t\t\t<svg xmlns=\"http:\/\/www.w3.org\/2000\/svg\" xmlns:xlink=\"http:\/\/www.w3.org\/1999\/xlink\" id=\"Paper_icon\" x=\"0px\" y=\"0px\" viewBox=\"0 0 1000 1000\" style=\"enable-background:new 0 0 1000 1000;\" xml:space=\"preserve\"><style type=\"text\/css\">\t.st0{fill:#E71B2B;}<\/style><g id=\"_x30_3\">\t<path class=\"st0\" d=\"M802.2,12.9H197.8c-49.1,0-88.9,39.8-88.9,88.9v616.9c0,15.7,6.2,30.8,17.4,41.9l213.1,213.1   c11.1,11.1,26.2,17.4,41.9,17.4h421c49.1,0,88.9-39.8,88.9-88.9V101.8C891.1,52.7,851.3,12.9,802.2,12.9z M339.3,889.9L210.1,760.6   h129.3V889.9z M831.8,902.1c0,16.3-13.3,29.6-29.6,29.6H398.6V731c0-16.4-13.3-29.6-29.6-29.6H168.2V101.8   c0-16.3,13.3-29.6,29.6-29.6h604.4c16.3,0,29.6,13.3,29.6,29.6V902.1z\"><\/path>\t<path class=\"st0\" d=\"M722.2,782.7H488.9c-16.4,0-29.6-13.3-29.6-29.6c0-16.4,13.3-29.6,29.6-29.6h233.3c16.4,0,29.6,13.3,29.6,29.6   C751.9,769.4,738.6,782.7,722.2,782.7z\"><\/path>\t<path class=\"st0\" d=\"M722.2,657.1H277.8c-16.4,0-29.6-13.3-29.6-29.6c0-16.4,13.3-29.6,29.6-29.6h444.5c16.4,0,29.6,13.3,29.6,29.6   C751.9,643.9,738.6,657.1,722.2,657.1z\"><\/path>\t<path class=\"st0\" d=\"M722.2,531.6H277.8c-16.4,0-29.6-13.3-29.6-29.6c0-16.4,13.3-29.6,29.6-29.6h444.5c16.4,0,29.6,13.3,29.6,29.6   C751.9,518.3,738.6,531.6,722.2,531.6z\"><\/path>\t<path class=\"st0\" d=\"M722.2,406H277.8c-16.4,0-29.6-13.3-29.6-29.6c0-16.4,13.3-29.6,29.6-29.6h444.5c16.4,0,29.6,13.3,29.6,29.6   C751.9,392.8,738.6,406,722.2,406z\"><\/path>\t<path class=\"st0\" d=\"M722.2,280.5H514.8c-16.4,0-29.6-13.3-29.6-29.6s13.3-29.6,29.6-29.6h207.4c16.4,0,29.6,13.3,29.6,29.6   C751.9,267.2,738.6,280.5,722.2,280.5z\"><\/path>\t<path class=\"st0\" d=\"M374.4,297.1H267.7c-2.6,0-4.7-2.1-4.7-4.7V163c0-2.6,2.1-4.7,4.7-4.7h106.7c2.6,0,4.7,2.1,4.7,4.7v129.4   C379.1,295,377,297.1,374.4,297.1z\"><\/path><\/g><\/svg>\t\t\t\t\t\t<\/span>\n\t\t\t\t\t\t\t\t\t\t<span class=\"elementor-icon-list-text\">Hoja de datos del producto (A4)<\/span>\n\t\t\t\t\t\t\t\t\t\t\t<\/a>\n\t\t\t\t\t\t\t\t\t<\/li>\n\t\t\t\t\t\t\t\t<li class=\"elementor-icon-list-item\">\n\t\t\t\t\t\t\t\t\t\t\t<a href=\"https:\/\/demo.perimeter-solutions.com\/request-a-safety-data-sheet\/\">\n\n\t\t\t\t\t\t\t\t\t\t\t\t<span class=\"elementor-icon-list-icon\">\n\t\t\t\t\t\t\t<svg xmlns=\"http:\/\/www.w3.org\/2000\/svg\" xmlns:xlink=\"http:\/\/www.w3.org\/1999\/xlink\" id=\"Paper_icon\" x=\"0px\" y=\"0px\" viewBox=\"0 0 1000 1000\" style=\"enable-background:new 0 0 1000 1000;\" xml:space=\"preserve\"><style type=\"text\/css\">\t.st0{fill:#E71B2B;}<\/style><g id=\"_x30_3\">\t<path class=\"st0\" d=\"M802.2,12.9H197.8c-49.1,0-88.9,39.8-88.9,88.9v616.9c0,15.7,6.2,30.8,17.4,41.9l213.1,213.1   c11.1,11.1,26.2,17.4,41.9,17.4h421c49.1,0,88.9-39.8,88.9-88.9V101.8C891.1,52.7,851.3,12.9,802.2,12.9z M339.3,889.9L210.1,760.6   h129.3V889.9z M831.8,902.1c0,16.3-13.3,29.6-29.6,29.6H398.6V731c0-16.4-13.3-29.6-29.6-29.6H168.2V101.8   c0-16.3,13.3-29.6,29.6-29.6h604.4c16.3,0,29.6,13.3,29.6,29.6V902.1z\"><\/path>\t<path class=\"st0\" d=\"M722.2,782.7H488.9c-16.4,0-29.6-13.3-29.6-29.6c0-16.4,13.3-29.6,29.6-29.6h233.3c16.4,0,29.6,13.3,29.6,29.6   C751.9,769.4,738.6,782.7,722.2,782.7z\"><\/path>\t<path class=\"st0\" d=\"M722.2,657.1H277.8c-16.4,0-29.6-13.3-29.6-29.6c0-16.4,13.3-29.6,29.6-29.6h444.5c16.4,0,29.6,13.3,29.6,29.6   C751.9,643.9,738.6,657.1,722.2,657.1z\"><\/path>\t<path class=\"st0\" d=\"M722.2,531.6H277.8c-16.4,0-29.6-13.3-29.6-29.6c0-16.4,13.3-29.6,29.6-29.6h444.5c16.4,0,29.6,13.3,29.6,29.6   C751.9,518.3,738.6,531.6,722.2,531.6z\"><\/path>\t<path class=\"st0\" d=\"M722.2,406H277.8c-16.4,0-29.6-13.3-29.6-29.6c0-16.4,13.3-29.6,29.6-29.6h444.5c16.4,0,29.6,13.3,29.6,29.6   C751.9,392.8,738.6,406,722.2,406z\"><\/path>\t<path class=\"st0\" d=\"M722.2,280.5H514.8c-16.4,0-29.6-13.3-29.6-29.6s13.3-29.6,29.6-29.6h207.4c16.4,0,29.6,13.3,29.6,29.6   C751.9,267.2,738.6,280.5,722.2,280.5z\"><\/path>\t<path class=\"st0\" d=\"M374.4,297.1H267.7c-2.6,0-4.7-2.1-4.7-4.7V163c0-2.6,2.1-4.7,4.7-4.7h106.7c2.6,0,4.7,2.1,4.7,4.7v129.4   C379.1,295,377,297.1,374.4,297.1z\"><\/path><\/g><\/svg>\t\t\t\t\t\t<\/span>\n\t\t\t\t\t\t\t\t\t\t<span class=\"elementor-icon-list-text\">Solicite una ficha de datos de seguridad<\/span>\n\t\t\t\t\t\t\t\t\t\t\t<\/a>\n\t\t\t\t\t\t\t\t\t<\/li>\n\t\t\t\t\t\t<\/ul>\n\t\t\t\t\t\t<\/div>\n\t\t\t\t<\/div>\n\t\t\t\t\t<\/div>\n\t\t<\/div>\n\t\t\t\t\t<\/div>\n\t\t<\/section>\n\t\t\t\t<div class=\"elementor-element elementor-element-80be2df elementor-widget elementor-widget-global elementor-global-24088 elementor-global-19876 elementor-widget-button\" data-id=\"80be2df\" data-element_type=\"widget\" data-e-type=\"widget\" data-widget_type=\"button.default\">\n\t\t\t\t<div class=\"elementor-widget-container\">\n\t\t\t\t\t\t\t\t\t<div class=\"elementor-button-wrapper\">\n\t\t\t\t\t<a class=\"elementor-button elementor-button-link elementor-size-lg\" href=\"https:\/\/demo.perimeter-solutions.com\/find-a-representative\/\">\n\t\t\t\t\t\t<span class=\"elementor-button-content-wrapper\">\n\t\t\t\t\t\t<span class=\"elementor-button-icon\">\n\t\t\t\t<i aria-hidden=\"true\" class=\"fas fa-map-marker-alt\"><\/i>\t\t\t<\/span>\n\t\t\t\t\t\t\t\t\t<span class=\"elementor-button-text\">Encontrar un representante<\/span>\n\t\t\t\t\t<\/span>\n\t\t\t\t\t<\/a>\n\t\t\t\t<\/div>\n\t\t\t\t\t\t\t\t<\/div>\n\t\t\t\t<\/div>\n\t\t\t\t<div class=\"elementor-element elementor-element-759e8fd content-align-cta-default elementor-widget elementor-widget-global elementor-global-28087 elementor-global-20991 elementor-widget-eael-cta-box\" data-id=\"759e8fd\" data-element_type=\"widget\" data-e-type=\"widget\" data-widget_type=\"eael-cta-box.default\">\n\t\t\t\t<div class=\"elementor-widget-container\">\n\t\t\t\t\t\t\t<div class=\"eael-call-to-action cta-basic bg-lite cta-preset-1\">\n        <h2 class=\"title eael-cta-heading\">Como ordenar<\/h2><p>En los US, Comun\u00edquese al 800-682-3626 <br \/>o las 24 horas al 909-946-7371<br \/><a href=\"mailto:salesfoamusa@perimeter-solutions.com\">salesfoamusa@perimeter-solutions.com<\/a><\/p>\n<p>En Canad\u00e1, cont\u00e1ctenos en<br \/>800-665-2535<\/p>\n<p>En Europa, cont\u00e1ctenos en<br \/>+34 985 24 29 45 \/ 46<br \/><a href=\"mailto:salesfoamemea@perimeter-solutions.com\">salesfoamemea@perimeter-solutions.com<\/a><\/p>\n<p>En Australia, cont\u00e1ctenos en<br \/>+61 02 9673 5300<br \/><a href=\"mailto:salesfoamapac@perimeter-solutions.com\">salesfoamapac@perimeter-solutions.com<\/a><\/p>\n<a href=\"https:\/\/demo.perimeter-solutions.com\/contact\/\" class=\"cta-button cta-preset-1  \">Contacta con nosotros<\/a>\t<\/div>\n\t\t\t\t\t\t\t\t<\/div>\n\t\t\t\t<\/div>\n\t\t\t\t\t<\/div>\n\t\t<\/div>\n\t\t\t\t\t<\/div>\n\t\t<\/section>\n\t\t\t\t<\/div>\n\t\t","protected":false},"excerpt":{"rendered":"<p>SOLBERG ARCTIC\u2122 3% AFFF FOAM CONCENTRATE Concentrado de espuma SOLBERG ARCTIC \u2122 3% AFFF es un concentrado de espuma sint\u00e9tico que se usa para extinguir de manera efectiva incendios de [&hellip;]<\/p>\n","protected":false},"author":3,"featured_media":0,"parent":25244,"menu_order":0,"comment_status":"closed","ping_status":"closed","template":"","meta":{"_acf_changed":false,"footnotes":""},"class_list":["post-26836","page","type-page","status-publish","hentry"],"acf":[],"yoast_head":"<!-- This site is optimized with the Yoast SEO Premium plugin v21.9 (Yoast SEO v23.5) - https:\/\/yoast.com\/wordpress\/plugins\/seo\/ -->\n<title>ARCTIC 3% AFFF - PS Demo site<\/title>\n<meta name=\"robots\" content=\"noindex, follow, max-snippet:-1, max-image-preview:large, max-video-preview:-1\" \/>\n<meta property=\"og:locale\" content=\"es_ES\" \/>\n<meta property=\"og:type\" content=\"article\" \/>\n<meta property=\"og:title\" content=\"ARCTIC 3% AFFF\" \/>\n<meta property=\"og:description\" content=\"SOLBERG ARCTIC\u2122 3% AFFF FOAM CONCENTRATE Concentrado de espuma SOLBERG ARCTIC \u2122 3% AFFF es un concentrado de espuma sint\u00e9tico que se usa para extinguir de manera efectiva incendios de [&hellip;]\" \/>\n<meta property=\"og:url\" content=\"https:\/\/demo.perimeter-solutions.com\/es\/espumogeno-clase-b\/arctic-3-afff\/\" \/>\n<meta property=\"og:site_name\" content=\"PS Demo site\" \/>\n<meta property=\"article:modified_time\" content=\"2021-08-20T01:29:08+00:00\" \/>\n<meta name=\"twitter:card\" content=\"summary_large_image\" \/>\n<meta name=\"twitter:label1\" content=\"Tiempo de lectura\" \/>\n\t<meta name=\"twitter:data1\" content=\"1 minuto\" \/>\n<script type=\"application\/ld+json\" class=\"yoast-schema-graph\">{\"@context\":\"https:\/\/schema.org\",\"@graph\":[{\"@type\":\"WebPage\",\"@id\":\"https:\/\/demo.perimeter-solutions.com\/es\/espumogeno-clase-b\/arctic-3-afff\/\",\"url\":\"https:\/\/demo.perimeter-solutions.com\/es\/espumogeno-clase-b\/arctic-3-afff\/\",\"name\":\"ARCTIC 3% AFFF - PS Demo site\",\"isPartOf\":{\"@id\":\"https:\/\/demo.perimeter-solutions.com\/es\/#website\"},\"datePublished\":\"2021-04-05T20:36:21+00:00\",\"dateModified\":\"2021-08-20T01:29:08+00:00\",\"breadcrumb\":{\"@id\":\"https:\/\/demo.perimeter-solutions.com\/es\/espumogeno-clase-b\/arctic-3-afff\/#breadcrumb\"},\"inLanguage\":\"es\",\"potentialAction\":[{\"@type\":\"ReadAction\",\"target\":[\"https:\/\/demo.perimeter-solutions.com\/es\/espumogeno-clase-b\/arctic-3-afff\/\"]}]},{\"@type\":\"BreadcrumbList\",\"@id\":\"https:\/\/demo.perimeter-solutions.com\/es\/espumogeno-clase-b\/arctic-3-afff\/#breadcrumb\",\"itemListElement\":[{\"@type\":\"ListItem\",\"position\":1,\"name\":\"Espum\u00f3geno (clase B)\",\"item\":\"https:\/\/demo.perimeter-solutions.com\/es\/espumogeno-clase-b\/\"},{\"@type\":\"ListItem\",\"position\":2,\"name\":\"ARCTIC 3% AFFF\"}]},{\"@type\":\"WebSite\",\"@id\":\"https:\/\/demo.perimeter-solutions.com\/es\/#website\",\"url\":\"https:\/\/demo.perimeter-solutions.com\/es\/\",\"name\":\"PS Demo site\",\"description\":\"\",\"publisher\":{\"@id\":\"https:\/\/demo.perimeter-solutions.com\/es\/#organization\"},\"potentialAction\":[{\"@type\":\"SearchAction\",\"target\":{\"@type\":\"EntryPoint\",\"urlTemplate\":\"https:\/\/demo.perimeter-solutions.com\/es\/?s={search_term_string}\"},\"query-input\":{\"@type\":\"PropertyValueSpecification\",\"valueRequired\":true,\"valueName\":\"search_term_string\"}}],\"inLanguage\":\"es\"},{\"@type\":\"Organization\",\"@id\":\"https:\/\/demo.perimeter-solutions.com\/es\/#organization\",\"name\":\"Perimeter Solutions\",\"url\":\"https:\/\/demo.perimeter-solutions.com\/es\/\",\"logo\":{\"@type\":\"ImageObject\",\"inLanguage\":\"es\",\"@id\":\"https:\/\/demo.perimeter-solutions.com\/es\/#\/schema\/logo\/image\/\",\"url\":\"https:\/\/demo.perimeter-solutions.com\/wp-content\/uploads\/2021\/02\/perimeter-logo-RGB.png\",\"contentUrl\":\"https:\/\/demo.perimeter-solutions.com\/wp-content\/uploads\/2021\/02\/perimeter-logo-RGB.png\",\"width\":794,\"height\":138,\"caption\":\"Perimeter Solutions\"},\"image\":{\"@id\":\"https:\/\/demo.perimeter-solutions.com\/es\/#\/schema\/logo\/image\/\"}}]}<\/script>\n<!-- \/ Yoast SEO Premium plugin. -->","yoast_head_json":{"title":"ARCTIC 3% AFFF - PS Demo site","robots":{"index":"noindex","follow":"follow","max-snippet":"max-snippet:-1","max-image-preview":"max-image-preview:large","max-video-preview":"max-video-preview:-1"},"og_locale":"es_ES","og_type":"article","og_title":"ARCTIC 3% AFFF","og_description":"SOLBERG ARCTIC\u2122 3% AFFF FOAM CONCENTRATE Concentrado de espuma SOLBERG ARCTIC \u2122 3% AFFF es un concentrado de espuma sint\u00e9tico que se usa para extinguir de manera efectiva incendios de [&hellip;]","og_url":"https:\/\/demo.perimeter-solutions.com\/es\/espumogeno-clase-b\/arctic-3-afff\/","og_site_name":"PS Demo site","article_modified_time":"2021-08-20T01:29:08+00:00","twitter_card":"summary_large_image","twitter_misc":{"Tiempo de lectura":"1 minuto"},"schema":{"@context":"https:\/\/schema.org","@graph":[{"@type":"WebPage","@id":"https:\/\/demo.perimeter-solutions.com\/es\/espumogeno-clase-b\/arctic-3-afff\/","url":"https:\/\/demo.perimeter-solutions.com\/es\/espumogeno-clase-b\/arctic-3-afff\/","name":"ARCTIC 3% AFFF - PS Demo site","isPartOf":{"@id":"https:\/\/demo.perimeter-solutions.com\/es\/#website"},"datePublished":"2021-04-05T20:36:21+00:00","dateModified":"2021-08-20T01:29:08+00:00","breadcrumb":{"@id":"https:\/\/demo.perimeter-solutions.com\/es\/espumogeno-clase-b\/arctic-3-afff\/#breadcrumb"},"inLanguage":"es","potentialAction":[{"@type":"ReadAction","target":["https:\/\/demo.perimeter-solutions.com\/es\/espumogeno-clase-b\/arctic-3-afff\/"]}]},{"@type":"BreadcrumbList","@id":"https:\/\/demo.perimeter-solutions.com\/es\/espumogeno-clase-b\/arctic-3-afff\/#breadcrumb","itemListElement":[{"@type":"ListItem","position":1,"name":"Espum\u00f3geno (clase B)","item":"https:\/\/demo.perimeter-solutions.com\/es\/espumogeno-clase-b\/"},{"@type":"ListItem","position":2,"name":"ARCTIC 3% AFFF"}]},{"@type":"WebSite","@id":"https:\/\/demo.perimeter-solutions.com\/es\/#website","url":"https:\/\/demo.perimeter-solutions.com\/es\/","name":"PS Demo site","description":"","publisher":{"@id":"https:\/\/demo.perimeter-solutions.com\/es\/#organization"},"potentialAction":[{"@type":"SearchAction","target":{"@type":"EntryPoint","urlTemplate":"https:\/\/demo.perimeter-solutions.com\/es\/?s={search_term_string}"},"query-input":{"@type":"PropertyValueSpecification","valueRequired":true,"valueName":"search_term_string"}}],"inLanguage":"es"},{"@type":"Organization","@id":"https:\/\/demo.perimeter-solutions.com\/es\/#organization","name":"Perimeter Solutions","url":"https:\/\/demo.perimeter-solutions.com\/es\/","logo":{"@type":"ImageObject","inLanguage":"es","@id":"https:\/\/demo.perimeter-solutions.com\/es\/#\/schema\/logo\/image\/","url":"https:\/\/demo.perimeter-solutions.com\/wp-content\/uploads\/2021\/02\/perimeter-logo-RGB.png","contentUrl":"https:\/\/demo.perimeter-solutions.com\/wp-content\/uploads\/2021\/02\/perimeter-logo-RGB.png","width":794,"height":138,"caption":"Perimeter Solutions"},"image":{"@id":"https:\/\/demo.perimeter-solutions.com\/es\/#\/schema\/logo\/image\/"}}]}},"_links":{"self":[{"href":"https:\/\/demo.perimeter-solutions.com\/es\/wp-json\/wp\/v2\/pages\/26836","targetHints":{"allow":["GET"]}}],"collection":[{"href":"https:\/\/demo.perimeter-solutions.com\/es\/wp-json\/wp\/v2\/pages"}],"about":[{"href":"https:\/\/demo.perimeter-solutions.com\/es\/wp-json\/wp\/v2\/types\/page"}],"author":[{"embeddable":true,"href":"https:\/\/demo.perimeter-solutions.com\/es\/wp-json\/wp\/v2\/users\/3"}],"replies":[{"embeddable":true,"href":"https:\/\/demo.perimeter-solutions.com\/es\/wp-json\/wp\/v2\/comments?post=26836"}],"version-history":[{"count":3,"href":"https:\/\/demo.perimeter-solutions.com\/es\/wp-json\/wp\/v2\/pages\/26836\/revisions"}],"predecessor-version":[{"id":26839,"href":"https:\/\/demo.perimeter-solutions.com\/es\/wp-json\/wp\/v2\/pages\/26836\/revisions\/26839"}],"up":[{"embeddable":true,"href":"https:\/\/demo.perimeter-solutions.com\/es\/wp-json\/wp\/v2\/pages\/25244"}],"wp:attachment":[{"href":"https:\/\/demo.perimeter-solutions.com\/es\/wp-json\/wp\/v2\/media?parent=26836"}],"curies":[{"name":"wp","href":"https:\/\/api.w.org\/{rel}","templated":true}]}}