{"id":27330,"date":"2021-02-08T22:00:55","date_gmt":"2021-02-09T03:00:55","guid":{"rendered":"https:\/\/demo.perimeter-solutions.com\/pedido-de-tarjetas-de-visita\/"},"modified":"2025-03-26T17:09:19","modified_gmt":"2025-03-26T21:09:19","slug":"pedido-de-tarjetas-de-visita","status":"publish","type":"page","link":"https:\/\/demo.perimeter-solutions.com\/es\/pedido-de-tarjetas-de-visita\/","title":{"rendered":"Pedido de tarjetas de visita"},"content":{"rendered":"\t\t<div data-elementor-type=\"wp-page\" data-elementor-id=\"27330\" class=\"elementor elementor-27330 elementor-20934\" data-elementor-post-type=\"page\">\n\t\t\t\t\t\t<section class=\"elementor-section elementor-top-section elementor-element elementor-element-a53ddb9 elementor-section-stretched elementor-section-boxed elementor-section-height-default elementor-section-height-default\" data-id=\"a53ddb9\" data-element_type=\"section\" data-e-type=\"section\" data-settings=\"{&quot;stretch_section&quot;:&quot;section-stretched&quot;,&quot;background_background&quot;:&quot;classic&quot;}\">\n\t\t\t\t\t\t<div class=\"elementor-container elementor-column-gap-default\">\n\t\t\t\t\t<div class=\"elementor-column elementor-col-100 elementor-top-column elementor-element elementor-element-8e1337c\" data-id=\"8e1337c\" data-element_type=\"column\" data-e-type=\"column\">\n\t\t\t<div class=\"elementor-widget-wrap elementor-element-populated\">\n\t\t\t\t\t\t<div class=\"elementor-element elementor-element-3fcef61 elementor-widget elementor-widget-heading\" data-id=\"3fcef61\" data-element_type=\"widget\" data-e-type=\"widget\" data-widget_type=\"heading.default\">\n\t\t\t\t<div class=\"elementor-widget-container\">\n\t\t\t\t\t<h1 class=\"elementor-heading-title elementor-size-default\">Pedido de tarjetas de visita<\/h1>\t\t\t\t<\/div>\n\t\t\t\t<\/div>\n\t\t\t\t\t<\/div>\n\t\t<\/div>\n\t\t\t\t\t<\/div>\n\t\t<\/section>\n\t\t\t\t<section class=\"elementor-section elementor-top-section elementor-element elementor-element-e36f22b elementor-section-boxed elementor-section-height-default elementor-section-height-default\" data-id=\"e36f22b\" data-element_type=\"section\" data-e-type=\"section\" data-settings=\"{&quot;background_background&quot;:&quot;classic&quot;}\">\n\t\t\t\t\t\t\t<div class=\"elementor-background-overlay\"><\/div>\n\t\t\t\t\t\t\t<div class=\"elementor-container elementor-column-gap-default\">\n\t\t\t\t\t<div class=\"elementor-column elementor-col-100 elementor-top-column elementor-element elementor-element-9ead739\" data-id=\"9ead739\" data-element_type=\"column\" data-e-type=\"column\">\n\t\t\t<div class=\"elementor-widget-wrap elementor-element-populated\">\n\t\t\t\t\t\t<div class=\"elementor-element elementor-element-0c290f4 elementor-widget elementor-widget-heading\" data-id=\"0c290f4\" data-element_type=\"widget\" data-e-type=\"widget\" data-widget_type=\"heading.default\">\n\t\t\t\t<div class=\"elementor-widget-container\">\n\t\t\t\t\t<h4 class=\"elementor-heading-title elementor-size-default\">Solicitar tarjetas de visita<\/h4>\t\t\t\t<\/div>\n\t\t\t\t<\/div>\n\t\t\t\t<div class=\"elementor-element elementor-element-d5454f1 elementor-widget elementor-widget-text-editor\" data-id=\"d5454f1\" data-element_type=\"widget\" data-e-type=\"widget\" data-widget_type=\"text-editor.default\">\n\t\t\t\t<div class=\"elementor-widget-container\">\n\t\t\t\t\t\t\t\t\t<p class=\"p2\">Las tarjetas de presentaci\u00f3n de Perimeter Solutions se pueden solicitar a trav\u00e9s del formulario a continuaci\u00f3n. Incluya toda la informaci\u00f3n requerida que le gustar\u00eda que aparezca en su tarjeta. Verifique toda la ortograf\u00eda y los detalles para garantizar la precisi\u00f3n. <\/p>\n<p>Se le enviar\u00e1 una prueba digital (PDF) antes de imprimir para verificar toda la informaci\u00f3n y el dise\u00f1o. Incluya al menos un n\u00famero de tel\u00e9fono. <\/p>\n\t\t\t\t\t\t\t\t<\/div>\n\t\t\t\t<\/div>\n\t\t\t\t<section class=\"elementor-section elementor-inner-section elementor-element elementor-element-6c970ba elementor-section-boxed elementor-section-height-default elementor-section-height-default\" data-id=\"6c970ba\" data-element_type=\"section\" data-e-type=\"section\">\n\t\t\t\t\t\t<div class=\"elementor-container elementor-column-gap-default\">\n\t\t\t\t\t<div class=\"elementor-column elementor-col-50 elementor-inner-column elementor-element elementor-element-dc6e90b\" data-id=\"dc6e90b\" data-element_type=\"column\" data-e-type=\"column\">\n\t\t\t<div class=\"elementor-widget-wrap elementor-element-populated\">\n\t\t\t\t\t\t<div class=\"elementor-element elementor-element-74ac8ef elementor-widget elementor-widget-text-editor\" data-id=\"74ac8ef\" data-element_type=\"widget\" data-e-type=\"widget\" data-widget_type=\"text-editor.default\">\n\t\t\t\t<div class=\"elementor-widget-container\">\n\t\t\t\t\t\t\t\t\t<p class=\"p2\">[contact-form-7 id=&#8221;20946&#8243; title=&#8221;Pedido de tarjetas de visita&#8221;]<\/p>\n\t\t\t\t\t\t\t\t<\/div>\n\t\t\t\t<\/div>\n\t\t\t\t\t<\/div>\n\t\t<\/div>\n\t\t\t\t<div class=\"elementor-column elementor-col-50 elementor-inner-column elementor-element elementor-element-4804a7f\" data-id=\"4804a7f\" data-element_type=\"column\" data-e-type=\"column\">\n\t\t\t<div class=\"elementor-widget-wrap elementor-element-populated\">\n\t\t\t\t\t\t<div class=\"elementor-element elementor-element-5392a42 elementor-widget elementor-widget-image\" data-id=\"5392a42\" data-element_type=\"widget\" data-e-type=\"widget\" data-widget_type=\"image.default\">\n\t\t\t\t<div class=\"elementor-widget-container\">\n\t\t\t\t\t\t\t\t\t\t\t\t\t\t\t<img fetchpriority=\"high\" decoding=\"async\" width=\"957\" height=\"1800\" src=\"https:\/\/demo.perimeter-solutions.com\/wp-content\/uploads\/2021\/02\/business-cards-examples.jpg\" class=\"attachment-full size-full wp-image-27335\" alt=\"\" srcset=\"https:\/\/demo.perimeter-solutions.com\/wp-content\/uploads\/2021\/02\/business-cards-examples.jpg 957w, https:\/\/demo.perimeter-solutions.com\/wp-content\/uploads\/2021\/02\/business-cards-examples-600x1129.jpg 600w, https:\/\/demo.perimeter-solutions.com\/wp-content\/uploads\/2021\/02\/business-cards-examples-160x300.jpg 160w, https:\/\/demo.perimeter-solutions.com\/wp-content\/uploads\/2021\/02\/business-cards-examples-544x1024.jpg 544w, https:\/\/demo.perimeter-solutions.com\/wp-content\/uploads\/2021\/02\/business-cards-examples-768x1445.jpg 768w, https:\/\/demo.perimeter-solutions.com\/wp-content\/uploads\/2021\/02\/business-cards-examples-817x1536.jpg 817w, https:\/\/demo.perimeter-solutions.com\/wp-content\/uploads\/2021\/02\/business-cards-examples-78x146.jpg 78w, https:\/\/demo.perimeter-solutions.com\/wp-content\/uploads\/2021\/02\/business-cards-examples-27x50.jpg 27w, https:\/\/demo.perimeter-solutions.com\/wp-content\/uploads\/2021\/02\/business-cards-examples-40x75.jpg 40w\" sizes=\"(max-width: 957px) 100vw, 957px\" \/>\t\t\t\t\t\t\t\t\t\t\t\t\t\t\t<\/div>\n\t\t\t\t<\/div>\n\t\t\t\t\t<\/div>\n\t\t<\/div>\n\t\t\t\t\t<\/div>\n\t\t<\/section>\n\t\t\t\t\t<\/div>\n\t\t<\/div>\n\t\t\t\t\t<\/div>\n\t\t<\/section>\n\t\t\t\t<\/div>\n\t\t","protected":false},"excerpt":{"rendered":"<p>Pedido de tarjetas de visita Solicitar tarjetas de visita Las tarjetas de presentaci\u00f3n de Perimeter Solutions se pueden solicitar a trav\u00e9s del formulario a continuaci\u00f3n. Incluya toda la informaci\u00f3n requerida [&hellip;]<\/p>\n","protected":false},"author":3,"featured_media":0,"parent":0,"menu_order":0,"comment_status":"closed","ping_status":"closed","template":"","meta":{"_acf_changed":false,"footnotes":""},"class_list":["post-27330","page","type-page","status-publish","hentry"],"acf":[],"yoast_head":"<!-- This site is optimized with the Yoast SEO Premium plugin v21.9 (Yoast SEO v23.5) - https:\/\/yoast.com\/wordpress\/plugins\/seo\/ -->\n<title>Pedido de tarjetas de visita - PS Demo site<\/title>\n<meta name=\"robots\" content=\"noindex, follow, max-snippet:-1, max-image-preview:large, max-video-preview:-1\" \/>\n<meta property=\"og:locale\" content=\"es_ES\" \/>\n<meta property=\"og:type\" content=\"article\" \/>\n<meta property=\"og:title\" content=\"Pedido de tarjetas de visita\" \/>\n<meta property=\"og:description\" content=\"Pedido de tarjetas de visita Solicitar tarjetas de visita Las tarjetas de presentaci\u00f3n de Perimeter Solutions se pueden solicitar a trav\u00e9s del formulario a continuaci\u00f3n. Incluya toda la informaci\u00f3n requerida [&hellip;]\" \/>\n<meta property=\"og:url\" content=\"https:\/\/demo.perimeter-solutions.com\/es\/pedido-de-tarjetas-de-visita\/\" \/>\n<meta property=\"og:site_name\" content=\"PS Demo site\" \/>\n<meta property=\"article:modified_time\" content=\"2025-03-26T21:09:19+00:00\" \/>\n<meta property=\"og:image\" content=\"https:\/\/demo.perimeter-solutions.com\/wp-content\/uploads\/2021\/02\/business-cards-examples.jpg\" \/>\n<meta name=\"twitter:card\" content=\"summary_large_image\" \/>\n<script type=\"application\/ld+json\" class=\"yoast-schema-graph\">{\"@context\":\"https:\/\/schema.org\",\"@graph\":[{\"@type\":\"WebPage\",\"@id\":\"https:\/\/demo.perimeter-solutions.com\/es\/pedido-de-tarjetas-de-visita\/\",\"url\":\"https:\/\/demo.perimeter-solutions.com\/es\/pedido-de-tarjetas-de-visita\/\",\"name\":\"Pedido de tarjetas de visita - PS Demo site\",\"isPartOf\":{\"@id\":\"https:\/\/demo.perimeter-solutions.com\/es\/#website\"},\"primaryImageOfPage\":{\"@id\":\"https:\/\/demo.perimeter-solutions.com\/es\/pedido-de-tarjetas-de-visita\/#primaryimage\"},\"image\":{\"@id\":\"https:\/\/demo.perimeter-solutions.com\/es\/pedido-de-tarjetas-de-visita\/#primaryimage\"},\"thumbnailUrl\":\"https:\/\/demo.perimeter-solutions.com\/wp-content\/uploads\/2021\/02\/business-cards-examples.jpg\",\"datePublished\":\"2021-02-09T03:00:55+00:00\",\"dateModified\":\"2025-03-26T21:09:19+00:00\",\"inLanguage\":\"es\",\"potentialAction\":[{\"@type\":\"ReadAction\",\"target\":[\"https:\/\/demo.perimeter-solutions.com\/es\/pedido-de-tarjetas-de-visita\/\"]}]},{\"@type\":\"ImageObject\",\"inLanguage\":\"es\",\"@id\":\"https:\/\/demo.perimeter-solutions.com\/es\/pedido-de-tarjetas-de-visita\/#primaryimage\",\"url\":\"https:\/\/demo.perimeter-solutions.com\/wp-content\/uploads\/2021\/02\/business-cards-examples.jpg\",\"contentUrl\":\"https:\/\/demo.perimeter-solutions.com\/wp-content\/uploads\/2021\/02\/business-cards-examples.jpg\"},{\"@type\":\"WebSite\",\"@id\":\"https:\/\/demo.perimeter-solutions.com\/es\/#website\",\"url\":\"https:\/\/demo.perimeter-solutions.com\/es\/\",\"name\":\"PS Demo site\",\"description\":\"\",\"publisher\":{\"@id\":\"https:\/\/demo.perimeter-solutions.com\/es\/#organization\"},\"potentialAction\":[{\"@type\":\"SearchAction\",\"target\":{\"@type\":\"EntryPoint\",\"urlTemplate\":\"https:\/\/demo.perimeter-solutions.com\/es\/?s={search_term_string}\"},\"query-input\":{\"@type\":\"PropertyValueSpecification\",\"valueRequired\":true,\"valueName\":\"search_term_string\"}}],\"inLanguage\":\"es\"},{\"@type\":\"Organization\",\"@id\":\"https:\/\/demo.perimeter-solutions.com\/es\/#organization\",\"name\":\"Perimeter Solutions\",\"url\":\"https:\/\/demo.perimeter-solutions.com\/es\/\",\"logo\":{\"@type\":\"ImageObject\",\"inLanguage\":\"es\",\"@id\":\"https:\/\/demo.perimeter-solutions.com\/es\/#\/schema\/logo\/image\/\",\"url\":\"https:\/\/demo.perimeter-solutions.com\/wp-content\/uploads\/2021\/02\/perimeter-logo-RGB.png\",\"contentUrl\":\"https:\/\/demo.perimeter-solutions.com\/wp-content\/uploads\/2021\/02\/perimeter-logo-RGB.png\",\"width\":794,\"height\":138,\"caption\":\"Perimeter Solutions\"},\"image\":{\"@id\":\"https:\/\/demo.perimeter-solutions.com\/es\/#\/schema\/logo\/image\/\"}}]}<\/script>\n<!-- \/ Yoast SEO Premium plugin. -->","yoast_head_json":{"title":"Pedido de tarjetas de visita - PS Demo site","robots":{"index":"noindex","follow":"follow","max-snippet":"max-snippet:-1","max-image-preview":"max-image-preview:large","max-video-preview":"max-video-preview:-1"},"og_locale":"es_ES","og_type":"article","og_title":"Pedido de tarjetas de visita","og_description":"Pedido de tarjetas de visita Solicitar tarjetas de visita Las tarjetas de presentaci\u00f3n de Perimeter Solutions se pueden solicitar a trav\u00e9s del formulario a continuaci\u00f3n. Incluya toda la informaci\u00f3n requerida [&hellip;]","og_url":"https:\/\/demo.perimeter-solutions.com\/es\/pedido-de-tarjetas-de-visita\/","og_site_name":"PS Demo site","article_modified_time":"2025-03-26T21:09:19+00:00","og_image":[{"url":"https:\/\/demo.perimeter-solutions.com\/wp-content\/uploads\/2021\/02\/business-cards-examples.jpg"}],"twitter_card":"summary_large_image","schema":{"@context":"https:\/\/schema.org","@graph":[{"@type":"WebPage","@id":"https:\/\/demo.perimeter-solutions.com\/es\/pedido-de-tarjetas-de-visita\/","url":"https:\/\/demo.perimeter-solutions.com\/es\/pedido-de-tarjetas-de-visita\/","name":"Pedido de tarjetas de visita - PS Demo site","isPartOf":{"@id":"https:\/\/demo.perimeter-solutions.com\/es\/#website"},"primaryImageOfPage":{"@id":"https:\/\/demo.perimeter-solutions.com\/es\/pedido-de-tarjetas-de-visita\/#primaryimage"},"image":{"@id":"https:\/\/demo.perimeter-solutions.com\/es\/pedido-de-tarjetas-de-visita\/#primaryimage"},"thumbnailUrl":"https:\/\/demo.perimeter-solutions.com\/wp-content\/uploads\/2021\/02\/business-cards-examples.jpg","datePublished":"2021-02-09T03:00:55+00:00","dateModified":"2025-03-26T21:09:19+00:00","inLanguage":"es","potentialAction":[{"@type":"ReadAction","target":["https:\/\/demo.perimeter-solutions.com\/es\/pedido-de-tarjetas-de-visita\/"]}]},{"@type":"ImageObject","inLanguage":"es","@id":"https:\/\/demo.perimeter-solutions.com\/es\/pedido-de-tarjetas-de-visita\/#primaryimage","url":"https:\/\/demo.perimeter-solutions.com\/wp-content\/uploads\/2021\/02\/business-cards-examples.jpg","contentUrl":"https:\/\/demo.perimeter-solutions.com\/wp-content\/uploads\/2021\/02\/business-cards-examples.jpg"},{"@type":"WebSite","@id":"https:\/\/demo.perimeter-solutions.com\/es\/#website","url":"https:\/\/demo.perimeter-solutions.com\/es\/","name":"PS Demo site","description":"","publisher":{"@id":"https:\/\/demo.perimeter-solutions.com\/es\/#organization"},"potentialAction":[{"@type":"SearchAction","target":{"@type":"EntryPoint","urlTemplate":"https:\/\/demo.perimeter-solutions.com\/es\/?s={search_term_string}"},"query-input":{"@type":"PropertyValueSpecification","valueRequired":true,"valueName":"search_term_string"}}],"inLanguage":"es"},{"@type":"Organization","@id":"https:\/\/demo.perimeter-solutions.com\/es\/#organization","name":"Perimeter Solutions","url":"https:\/\/demo.perimeter-solutions.com\/es\/","logo":{"@type":"ImageObject","inLanguage":"es","@id":"https:\/\/demo.perimeter-solutions.com\/es\/#\/schema\/logo\/image\/","url":"https:\/\/demo.perimeter-solutions.com\/wp-content\/uploads\/2021\/02\/perimeter-logo-RGB.png","contentUrl":"https:\/\/demo.perimeter-solutions.com\/wp-content\/uploads\/2021\/02\/perimeter-logo-RGB.png","width":794,"height":138,"caption":"Perimeter Solutions"},"image":{"@id":"https:\/\/demo.perimeter-solutions.com\/es\/#\/schema\/logo\/image\/"}}]}},"_links":{"self":[{"href":"https:\/\/demo.perimeter-solutions.com\/es\/wp-json\/wp\/v2\/pages\/27330","targetHints":{"allow":["GET"]}}],"collection":[{"href":"https:\/\/demo.perimeter-solutions.com\/es\/wp-json\/wp\/v2\/pages"}],"about":[{"href":"https:\/\/demo.perimeter-solutions.com\/es\/wp-json\/wp\/v2\/types\/page"}],"author":[{"embeddable":true,"href":"https:\/\/demo.perimeter-solutions.com\/es\/wp-json\/wp\/v2\/users\/3"}],"replies":[{"embeddable":true,"href":"https:\/\/demo.perimeter-solutions.com\/es\/wp-json\/wp\/v2\/comments?post=27330"}],"version-history":[{"count":12,"href":"https:\/\/demo.perimeter-solutions.com\/es\/wp-json\/wp\/v2\/pages\/27330\/revisions"}],"predecessor-version":[{"id":45965,"href":"https:\/\/demo.perimeter-solutions.com\/es\/wp-json\/wp\/v2\/pages\/27330\/revisions\/45965"}],"wp:attachment":[{"href":"https:\/\/demo.perimeter-solutions.com\/es\/wp-json\/wp\/v2\/media?parent=27330"}],"curies":[{"name":"wp","href":"https:\/\/api.w.org\/{rel}","templated":true}]}}