{"id":42608,"date":"2023-07-14T17:47:54","date_gmt":"2023-07-14T21:47:54","guid":{"rendered":"https:\/\/demo.perimeter-solutions.com\/soluciones-sin-fluor\/"},"modified":"2024-08-15T10:39:18","modified_gmt":"2024-08-15T14:39:18","slug":"soluciones-sin-fluor","status":"publish","type":"page","link":"https:\/\/demo.perimeter-solutions.com\/es\/soluciones-sin-fluor\/","title":{"rendered":"Soluciones sin fl\u00faor"},"content":{"rendered":"\t\t<div data-elementor-type=\"wp-page\" data-elementor-id=\"42608\" class=\"elementor elementor-42608 elementor-37920\" data-elementor-post-type=\"page\">\n\t\t\t\t\t\t<section class=\"elementor-section elementor-top-section elementor-element elementor-element-a53ddb9 elementor-section-stretched elementor-section-boxed elementor-section-height-default elementor-section-height-default\" data-id=\"a53ddb9\" data-element_type=\"section\" data-e-type=\"section\" data-settings=\"{&quot;stretch_section&quot;:&quot;section-stretched&quot;,&quot;background_background&quot;:&quot;classic&quot;}\">\n\t\t\t\t\t\t\t<div class=\"elementor-background-overlay\"><\/div>\n\t\t\t\t\t\t\t<div class=\"elementor-container elementor-column-gap-default\">\n\t\t\t\t\t<div class=\"elementor-column elementor-col-100 elementor-top-column elementor-element elementor-element-8e1337c\" data-id=\"8e1337c\" data-element_type=\"column\" data-e-type=\"column\">\n\t\t\t<div class=\"elementor-widget-wrap elementor-element-populated\">\n\t\t\t\t\t\t<div class=\"elementor-element elementor-element-3fcef61 elementor-widget elementor-widget-heading\" data-id=\"3fcef61\" data-element_type=\"widget\" data-e-type=\"widget\" data-widget_type=\"heading.default\">\n\t\t\t\t<div class=\"elementor-widget-container\">\n\t\t\t\t\t<h1 class=\"elementor-heading-title elementor-size-default\">SOLUCIONES SIN FL\u00daOR<\/h1>\t\t\t\t<\/div>\n\t\t\t\t<\/div>\n\t\t\t\t\t<\/div>\n\t\t<\/div>\n\t\t\t\t\t<\/div>\n\t\t<\/section>\n\t\t\t\t<section class=\"elementor-section elementor-top-section elementor-element elementor-element-e36f22b elementor-section-boxed elementor-section-height-default elementor-section-height-default\" data-id=\"e36f22b\" data-element_type=\"section\" data-e-type=\"section\" data-settings=\"{&quot;background_background&quot;:&quot;classic&quot;}\">\n\t\t\t\t\t\t\t<div class=\"elementor-background-overlay\"><\/div>\n\t\t\t\t\t\t\t<div class=\"elementor-container elementor-column-gap-default\">\n\t\t\t\t\t<div class=\"elementor-column elementor-col-100 elementor-top-column elementor-element elementor-element-9ead739\" data-id=\"9ead739\" data-element_type=\"column\" data-e-type=\"column\">\n\t\t\t<div class=\"elementor-widget-wrap elementor-element-populated\">\n\t\t\t\t\t\t<div class=\"elementor-element elementor-element-d5454f1 elementor-widget elementor-widget-text-editor\" data-id=\"d5454f1\" data-element_type=\"widget\" data-e-type=\"widget\" data-widget_type=\"text-editor.default\">\n\t\t\t\t<div class=\"elementor-widget-container\">\n\t\t\t\t\t\t\t\t\t<p>En la actualidad, Perimeter Solutions es l\u00edder en innovaci\u00f3n y mercado en el desarrollo y aplicaci\u00f3n de la nueva y eficaz tecnolog\u00eda de espuma contra incendios sin fl\u00faor, y presta servicio a una multitud de\u00a0clientes de todo el mundo.<\/p><p>Desarrollamos la primera l\u00ednea de productos de concentrado de espuma sin fl\u00faor y de baja expansi\u00f3n del mundo: SOLBERG<sup>\u00ae<\/sup>\u00a0RE-HEALING\u2122.<\/p><p>Esta tecnolog\u00eda se utiliza en una amplia gama de aplicaciones desde hace m\u00e1s de dos d\u00e9cadas.<br \/>Con equipos de I+D en dos continentes, estamos desarrollando la pr\u00f3xima generaci\u00f3n de espumas sin fl\u00faor de alto rendimiento. \u00a0<a href=\"https:\/\/demo.perimeter-solutions.com\/es\/espuma-de-clase-b\/\" target=\"_blank\" rel=\"noopener\">Espumas contra incendios de clase<\/a> B\u00a0con nuevos productos introducidos regularmente.<br \/>Hoy, mientras muchas empresas est\u00e1n trabajando en sus productos de espuma sin fl\u00faor de primera o segunda generaci\u00f3n, Perimeter Solutions est\u00e1 desarrollando productos de cuarta generaci\u00f3n.<\/p><p>La l\u00ednea sin fl\u00faor de Soluciones Perimetrales incluye variantes de espum\u00f3genos concentrados para incendios de combustibles de hidrocarburos y disolventes polares, espumas de entrenamiento, espumas especiales y una l\u00ednea completa de<a href=\"https:\/\/demo.perimeter-solutions.com\/es\/espuma-clase-a\/\" target=\"_blank\" rel=\"noopener\">espum\u00f3genos concentrados de Clase A<\/a>\u00a0<a href=\"https:\/\/demo.perimeter-solutions.com\/es\/espuma-clase-a\/\" target=\"_blank\" rel=\"noopener\">.\u00a0 Incluye productos con certificaciones y homologaciones para sistemas y dispositivos de descarga de uso com\u00fan.<\/a><\/p><p>Perimeter Solutions suministra algo m\u00e1s que tecnolog\u00eda y productos.<br \/>Adem\u00e1s de nuestros productos, ofrecemos soluciones completas sin fl\u00faor, entre las que se incluyen:<\/p><ul><li>Sistemas de hardware fijos, semifijos y m\u00f3viles<\/li><li>Experiencia y formaci\u00f3n en conversi\u00f3n<\/li><li>Servicio de atenci\u00f3n al cliente r\u00e1pido y fiable<\/li><li>Apoyo log\u00edstico<\/li><\/ul><p>A medida que el mundo avanza r\u00e1pidamente hacia la tecnolog\u00eda sin fl\u00faor, Perimeter Solutions sigue liderando el desarrollo de nuevos concentrados de espuma sin fl\u00faor que se adaptan a los requisitos de aplicaciones espec\u00edficas y facilitan la conversi\u00f3n.<\/p>\t\t\t\t\t\t\t\t<\/div>\n\t\t\t\t<\/div>\n\t\t\t\t<section class=\"elementor-section elementor-inner-section elementor-element elementor-element-7d936b2 elementor-section-boxed elementor-section-height-default elementor-section-height-default\" data-id=\"7d936b2\" data-element_type=\"section\" data-e-type=\"section\">\n\t\t\t\t\t\t<div class=\"elementor-container elementor-column-gap-default\">\n\t\t\t\t\t<div class=\"elementor-column elementor-col-100 elementor-inner-column elementor-element elementor-element-8ca9d1d\" data-id=\"8ca9d1d\" data-element_type=\"column\" data-e-type=\"column\">\n\t\t\t<div class=\"elementor-widget-wrap elementor-element-populated\">\n\t\t\t\t\t\t<div class=\"elementor-element elementor-element-205bc2a elementor-widget elementor-widget-image\" data-id=\"205bc2a\" data-element_type=\"widget\" data-e-type=\"widget\" data-widget_type=\"image.default\">\n\t\t\t\t<div class=\"elementor-widget-container\">\n\t\t\t\t\t\t\t\t\t\t\t\t\t\t\t<img fetchpriority=\"high\" decoding=\"async\" width=\"2560\" height=\"643\" src=\"https:\/\/demo.perimeter-solutions.com\/wp-content\/uploads\/2023\/08\/GOPR7450-Mark-Siem-crop-scaled.jpg\" class=\"attachment-full size-full wp-image-38051\" alt=\"\" \/>\t\t\t\t\t\t\t\t\t\t\t\t\t\t\t<\/div>\n\t\t\t\t<\/div>\n\t\t\t\t<div class=\"elementor-element elementor-element-1a9e074 elementor-widget elementor-widget-text-editor\" data-id=\"1a9e074\" data-element_type=\"widget\" data-e-type=\"widget\" data-widget_type=\"text-editor.default\">\n\t\t\t\t<div class=\"elementor-widget-container\">\n\t\t\t\t\t\t\t\t\t<p><strong> <\/strong><strong>Soluciones perimetrales sin fl\u00faor por primera vez<\/strong><\/p>\n<ul>\n<li>Primera espuma de baja expansi\u00f3n sin fl\u00faor en 2000\n<ul>\n<li>Desarrollado por Ted Schaefer<\/li>\n<\/ul>\n<\/li>\n<li>Primera espuma sin fl\u00faor con certificaci\u00f3n UL para aplicaciones de aspersi\u00f3n\n<ul>\n<li><a href=\"https:\/\/demo.perimeter-solutions.com\/es\/espuma-de-clase-b\/solberg-re-healing-rf3\/\"><sup>SOLBERG\u00aeRE-HEALING\u2122<\/sup>RF3<\/a><\/li>\n<\/ul>\n<\/li>\n<li>Primera espuma sin fl\u00faor con certificaci\u00f3n UL para aplicaciones de rociadores con combustibles de hidrocarburos y disolventes polares\n<ul>\n<li><a href=\"https:\/\/demo.perimeter-solutions.com\/es\/?page_id=33685\"><a href=\"https:\/\/demo.perimeter-solutions.com\/es\/?page_id=33685\">SOLBERG\u00ae RE-HEALING\u2122 3\u00d73 SP-100 SIN FL\u00daOR<\/a><\/a><\/li>\n<\/ul>\n<\/li>\n<li>Una de las primeras organizaciones en presentar a las Fuerzas Armadas un concentrado de espuma sint\u00e9tica sin fl\u00faor para a\u00f1adirlo a las pruebas de la Lista de Productos Cualificados MIL-SPEC (en proceso).<\/li>\n<\/ul>\n\t\t\t\t\t\t\t\t<\/div>\n\t\t\t\t<\/div>\n\t\t\t\t\t<\/div>\n\t\t<\/div>\n\t\t\t\t\t<\/div>\n\t\t<\/section>\n\t\t\t\t\t<\/div>\n\t\t<\/div>\n\t\t\t\t\t<\/div>\n\t\t<\/section>\n\t\t\t\t<\/div>\n\t\t","protected":false},"excerpt":{"rendered":"<p>SOLUCIONES SIN FL\u00daOR En la actualidad, Perimeter Solutions es l\u00edder en innovaci\u00f3n y mercado en el desarrollo y aplicaci\u00f3n de la nueva y eficaz tecnolog\u00eda de espuma contra incendios sin [&hellip;]<\/p>\n","protected":false},"author":3,"featured_media":0,"parent":0,"menu_order":0,"comment_status":"closed","ping_status":"closed","template":"","meta":{"_acf_changed":false,"footnotes":""},"class_list":["post-42608","page","type-page","status-publish","hentry"],"acf":[],"yoast_head":"<!-- This site is optimized with the Yoast SEO Premium plugin v21.9 (Yoast SEO v23.5) - https:\/\/yoast.com\/wordpress\/plugins\/seo\/ -->\n<title>Soluciones sin fl\u00faor - PS Demo site<\/title>\n<meta name=\"description\" content=\"Perimeter Solutions ofrece servicios de laboratorio para analizar concentrados de espuma. El an\u00e1lisis incluye verificaciones en laboratorio y pruebas de fuego.\" \/>\n<meta name=\"robots\" content=\"noindex, follow, max-snippet:-1, max-image-preview:large, max-video-preview:-1\" \/>\n<meta property=\"og:locale\" content=\"es_ES\" \/>\n<meta property=\"og:type\" content=\"article\" \/>\n<meta property=\"og:title\" content=\"Soluciones sin fl\u00faor\" \/>\n<meta property=\"og:description\" content=\"Perimeter Solutions ofrece servicios de laboratorio para analizar concentrados de espuma. El an\u00e1lisis incluye verificaciones en laboratorio y pruebas de fuego.\" \/>\n<meta property=\"og:url\" content=\"https:\/\/demo.perimeter-solutions.com\/es\/soluciones-sin-fluor\/\" \/>\n<meta property=\"og:site_name\" content=\"PS Demo site\" \/>\n<meta property=\"article:modified_time\" content=\"2024-08-15T14:39:18+00:00\" \/>\n<meta property=\"og:image\" content=\"https:\/\/demo.perimeter-solutions.com\/wp-content\/uploads\/2023\/08\/GOPR7450-Mark-Siem-crop-scaled.jpg\" \/>\n<meta name=\"twitter:card\" content=\"summary_large_image\" \/>\n<meta name=\"twitter:label1\" content=\"Tiempo de lectura\" \/>\n\t<meta name=\"twitter:data1\" content=\"2 minutos\" \/>\n<script type=\"application\/ld+json\" class=\"yoast-schema-graph\">{\"@context\":\"https:\/\/schema.org\",\"@graph\":[{\"@type\":\"WebPage\",\"@id\":\"https:\/\/demo.perimeter-solutions.com\/es\/soluciones-sin-fluor\/\",\"url\":\"https:\/\/demo.perimeter-solutions.com\/es\/soluciones-sin-fluor\/\",\"name\":\"Soluciones sin fl\u00faor - PS Demo site\",\"isPartOf\":{\"@id\":\"https:\/\/demo.perimeter-solutions.com\/es\/#website\"},\"primaryImageOfPage\":{\"@id\":\"https:\/\/demo.perimeter-solutions.com\/es\/soluciones-sin-fluor\/#primaryimage\"},\"image\":{\"@id\":\"https:\/\/demo.perimeter-solutions.com\/es\/soluciones-sin-fluor\/#primaryimage\"},\"thumbnailUrl\":\"https:\/\/demo.perimeter-solutions.com\/wp-content\/uploads\/2023\/08\/GOPR7450-Mark-Siem-crop-scaled.jpg\",\"datePublished\":\"2023-07-14T21:47:54+00:00\",\"dateModified\":\"2024-08-15T14:39:18+00:00\",\"description\":\"Perimeter Solutions ofrece servicios de laboratorio para analizar concentrados de espuma. El an\u00e1lisis incluye verificaciones en laboratorio y pruebas de fuego.\",\"inLanguage\":\"es\",\"potentialAction\":[{\"@type\":\"ReadAction\",\"target\":[\"https:\/\/demo.perimeter-solutions.com\/es\/soluciones-sin-fluor\/\"]}]},{\"@type\":\"ImageObject\",\"inLanguage\":\"es\",\"@id\":\"https:\/\/demo.perimeter-solutions.com\/es\/soluciones-sin-fluor\/#primaryimage\",\"url\":\"https:\/\/demo.perimeter-solutions.com\/wp-content\/uploads\/2023\/08\/GOPR7450-Mark-Siem-crop-scaled.jpg\",\"contentUrl\":\"https:\/\/demo.perimeter-solutions.com\/wp-content\/uploads\/2023\/08\/GOPR7450-Mark-Siem-crop-scaled.jpg\"},{\"@type\":\"WebSite\",\"@id\":\"https:\/\/demo.perimeter-solutions.com\/es\/#website\",\"url\":\"https:\/\/demo.perimeter-solutions.com\/es\/\",\"name\":\"PS Demo site\",\"description\":\"\",\"publisher\":{\"@id\":\"https:\/\/demo.perimeter-solutions.com\/es\/#organization\"},\"potentialAction\":[{\"@type\":\"SearchAction\",\"target\":{\"@type\":\"EntryPoint\",\"urlTemplate\":\"https:\/\/demo.perimeter-solutions.com\/es\/?s={search_term_string}\"},\"query-input\":{\"@type\":\"PropertyValueSpecification\",\"valueRequired\":true,\"valueName\":\"search_term_string\"}}],\"inLanguage\":\"es\"},{\"@type\":\"Organization\",\"@id\":\"https:\/\/demo.perimeter-solutions.com\/es\/#organization\",\"name\":\"Perimeter Solutions\",\"url\":\"https:\/\/demo.perimeter-solutions.com\/es\/\",\"logo\":{\"@type\":\"ImageObject\",\"inLanguage\":\"es\",\"@id\":\"https:\/\/demo.perimeter-solutions.com\/es\/#\/schema\/logo\/image\/\",\"url\":\"https:\/\/demo.perimeter-solutions.com\/wp-content\/uploads\/2021\/02\/perimeter-logo-RGB.png\",\"contentUrl\":\"https:\/\/demo.perimeter-solutions.com\/wp-content\/uploads\/2021\/02\/perimeter-logo-RGB.png\",\"width\":794,\"height\":138,\"caption\":\"Perimeter Solutions\"},\"image\":{\"@id\":\"https:\/\/demo.perimeter-solutions.com\/es\/#\/schema\/logo\/image\/\"}}]}<\/script>\n<!-- \/ Yoast SEO Premium plugin. -->","yoast_head_json":{"title":"Soluciones sin fl\u00faor - PS Demo site","description":"Perimeter Solutions ofrece servicios de laboratorio para analizar concentrados de espuma. El an\u00e1lisis incluye verificaciones en laboratorio y pruebas de fuego.","robots":{"index":"noindex","follow":"follow","max-snippet":"max-snippet:-1","max-image-preview":"max-image-preview:large","max-video-preview":"max-video-preview:-1"},"og_locale":"es_ES","og_type":"article","og_title":"Soluciones sin fl\u00faor","og_description":"Perimeter Solutions ofrece servicios de laboratorio para analizar concentrados de espuma. El an\u00e1lisis incluye verificaciones en laboratorio y pruebas de fuego.","og_url":"https:\/\/demo.perimeter-solutions.com\/es\/soluciones-sin-fluor\/","og_site_name":"PS Demo site","article_modified_time":"2024-08-15T14:39:18+00:00","og_image":[{"url":"https:\/\/demo.perimeter-solutions.com\/wp-content\/uploads\/2023\/08\/GOPR7450-Mark-Siem-crop-scaled.jpg"}],"twitter_card":"summary_large_image","twitter_misc":{"Tiempo de lectura":"2 minutos"},"schema":{"@context":"https:\/\/schema.org","@graph":[{"@type":"WebPage","@id":"https:\/\/demo.perimeter-solutions.com\/es\/soluciones-sin-fluor\/","url":"https:\/\/demo.perimeter-solutions.com\/es\/soluciones-sin-fluor\/","name":"Soluciones sin fl\u00faor - PS Demo site","isPartOf":{"@id":"https:\/\/demo.perimeter-solutions.com\/es\/#website"},"primaryImageOfPage":{"@id":"https:\/\/demo.perimeter-solutions.com\/es\/soluciones-sin-fluor\/#primaryimage"},"image":{"@id":"https:\/\/demo.perimeter-solutions.com\/es\/soluciones-sin-fluor\/#primaryimage"},"thumbnailUrl":"https:\/\/demo.perimeter-solutions.com\/wp-content\/uploads\/2023\/08\/GOPR7450-Mark-Siem-crop-scaled.jpg","datePublished":"2023-07-14T21:47:54+00:00","dateModified":"2024-08-15T14:39:18+00:00","description":"Perimeter Solutions ofrece servicios de laboratorio para analizar concentrados de espuma. El an\u00e1lisis incluye verificaciones en laboratorio y pruebas de fuego.","inLanguage":"es","potentialAction":[{"@type":"ReadAction","target":["https:\/\/demo.perimeter-solutions.com\/es\/soluciones-sin-fluor\/"]}]},{"@type":"ImageObject","inLanguage":"es","@id":"https:\/\/demo.perimeter-solutions.com\/es\/soluciones-sin-fluor\/#primaryimage","url":"https:\/\/demo.perimeter-solutions.com\/wp-content\/uploads\/2023\/08\/GOPR7450-Mark-Siem-crop-scaled.jpg","contentUrl":"https:\/\/demo.perimeter-solutions.com\/wp-content\/uploads\/2023\/08\/GOPR7450-Mark-Siem-crop-scaled.jpg"},{"@type":"WebSite","@id":"https:\/\/demo.perimeter-solutions.com\/es\/#website","url":"https:\/\/demo.perimeter-solutions.com\/es\/","name":"PS Demo site","description":"","publisher":{"@id":"https:\/\/demo.perimeter-solutions.com\/es\/#organization"},"potentialAction":[{"@type":"SearchAction","target":{"@type":"EntryPoint","urlTemplate":"https:\/\/demo.perimeter-solutions.com\/es\/?s={search_term_string}"},"query-input":{"@type":"PropertyValueSpecification","valueRequired":true,"valueName":"search_term_string"}}],"inLanguage":"es"},{"@type":"Organization","@id":"https:\/\/demo.perimeter-solutions.com\/es\/#organization","name":"Perimeter Solutions","url":"https:\/\/demo.perimeter-solutions.com\/es\/","logo":{"@type":"ImageObject","inLanguage":"es","@id":"https:\/\/demo.perimeter-solutions.com\/es\/#\/schema\/logo\/image\/","url":"https:\/\/demo.perimeter-solutions.com\/wp-content\/uploads\/2021\/02\/perimeter-logo-RGB.png","contentUrl":"https:\/\/demo.perimeter-solutions.com\/wp-content\/uploads\/2021\/02\/perimeter-logo-RGB.png","width":794,"height":138,"caption":"Perimeter Solutions"},"image":{"@id":"https:\/\/demo.perimeter-solutions.com\/es\/#\/schema\/logo\/image\/"}}]}},"_links":{"self":[{"href":"https:\/\/demo.perimeter-solutions.com\/es\/wp-json\/wp\/v2\/pages\/42608","targetHints":{"allow":["GET"]}}],"collection":[{"href":"https:\/\/demo.perimeter-solutions.com\/es\/wp-json\/wp\/v2\/pages"}],"about":[{"href":"https:\/\/demo.perimeter-solutions.com\/es\/wp-json\/wp\/v2\/types\/page"}],"author":[{"embeddable":true,"href":"https:\/\/demo.perimeter-solutions.com\/es\/wp-json\/wp\/v2\/users\/3"}],"replies":[{"embeddable":true,"href":"https:\/\/demo.perimeter-solutions.com\/es\/wp-json\/wp\/v2\/comments?post=42608"}],"version-history":[{"count":4,"href":"https:\/\/demo.perimeter-solutions.com\/es\/wp-json\/wp\/v2\/pages\/42608\/revisions"}],"predecessor-version":[{"id":43570,"href":"https:\/\/demo.perimeter-solutions.com\/es\/wp-json\/wp\/v2\/pages\/42608\/revisions\/43570"}],"wp:attachment":[{"href":"https:\/\/demo.perimeter-solutions.com\/es\/wp-json\/wp\/v2\/media?parent=42608"}],"curies":[{"name":"wp","href":"https:\/\/api.w.org\/{rel}","templated":true}]}}