{"id":42205,"date":"2024-06-28T15:18:46","date_gmt":"2024-06-28T19:18:46","guid":{"rendered":"https:\/\/demo.perimeter-solutions.com\/product\/solberg-versagard-1x3\/"},"modified":"2024-08-16T14:13:37","modified_gmt":"2024-08-16T18:13:37","slug":"solberg-versagard-1x3","status":"publish","type":"product","link":"https:\/\/demo.perimeter-solutions.com\/es\/product\/solberg-versagard-1x3\/","title":{"rendered":"SOLBERG<sup>\u00ae<\/sup> VERSAGARD\u2122 1&#215;3"},"content":{"rendered":"<div>\n<p><strong>SOLBERG<sup>\u00ae<\/sup> VERSAGARD\u2122 1\u00d73<\/strong> concentrado de espuma polivalente sin fl\u00faor es una tecnolog\u00eda punta de espuma pseudopl\u00e1stica AR sin fl\u00faor. No persistente, sin siloxano, sin productos qu\u00edmicos PFAS a\u00f1adidos intencionadamente, SOLBERG VERSAGARD 1\u00d73 est\u00e1 dise\u00f1ado para extinguir y asegurar incendios de Clase B (combustible hidrocarburo y combustible disolvente polar). SOLBERG VERSAGARD 1\u00d73 es una combinaci\u00f3n de tensioactivos de hidrocarburos y aditivos que produce una excelente expansi\u00f3n de la espuma, estabilidad del producto, sellado de vapores, extinci\u00f3n y propiedades de reignici\u00f3n tanto para fuegos poco profundos como profundos de combustible, utilizando agua dulce, de mar o salobre.<\/p>\n<p><strong>Una amplia gama de aplicaciones<\/strong><\/p>\n<p>SOLBERG VERSAGARD 1\u00d73 est\u00e1 dise\u00f1ado para generar una capa de espuma estable con un largo tiempo de drenaje y una movilidad excepcional por la superficie del combustible y alrededor de obstrucciones. Esta espuma sin fl\u00faor de nueva generaci\u00f3n puede utilizarse con equipos de baja y media expansi\u00f3n (boquillas y monitores) al 1% para combustibles de hidrocarburos y al 3% para incendios de combustibles de disolventes polares. SOLBERG VERSAGARD 1\u00d73 puede utilizarse con equipos de baja expansi\u00f3n (boquillas y monitores), algunos dispositivos no aspirantes y dispositivos de descarga de espuma de expansi\u00f3n media. La viscosidad de este producto puede aumentar en caso de temperaturas muy bajas y podr\u00eda recomendarse el uso de equipos especiales. Adem\u00e1s de su excelente espumabilidad y estabilidad de burbujas, SOLBERG VERSAGARD 1\u00d73 tiene una excelente capacidad humectante, lo que lo convierte en una herramienta eficaz para la extinci\u00f3n de incendios de combustible de Clase B.<\/p>\n<p><strong>CERTIFICACIONES:<\/strong> SOLBERG VERSAGARD 1\u00d73 ha sido objeto de m\u00faltiples programas de pruebas de fuego a gran escala. Los resultados incluyen:<\/p>\n<ul>\n<li>Alcanzado una calificaci\u00f3n alta y certificado en la Norma Europea EN-1568:2018 parte 3 y 4 en todos los combustibles con agua dulce y de mar &#8211; IA\/IB- IA\/IA (acetona\/IPA)<\/li>\n<li>Aprobado y certificado seg\u00fan la Norma Europea EN-1568:2018 parte 1 y 2 &#8211; para uso al 3% con dispositivos de descarga de espuma de media y alta expansi\u00f3n<\/li>\n<li>Certificaci\u00f3n de la Organizaci\u00f3n Mar\u00edtima Internacional MSC.1\/Circ. 1312<\/li>\n<li>LASTFIRE certificado por lotes con tres boquillas (semi, asp, sistema)<\/li>\n<\/ul>\n<\/div>\n<p>&nbsp;<\/p>\n<h4>Opciones disponibles<\/h4>\n","protected":false},"excerpt":{"rendered":"<h1 class=\"elementor-heading-title elementor-size-default\">CONCENTRADO DE ESPUMA SIN FLUORINA 1&#215;3 MULTIUSOS<\/h1>\n","protected":false},"featured_media":42209,"template":"","meta":{"_acf_changed":false},"product_cat":[197,188],"product_tag":[217,222,226,230,232,236,246,237,250,252,248,242,244],"class_list":{"0":"post-42205","1":"product","2":"type-product","3":"status-publish","4":"has-post-thumbnail","6":"product_cat-class-b-fluorine-free-es","7":"product_cat-class-b-es","8":"product_tag-aviacion","9":"product_tag-en-1568-es","10":"product_tag-gesip-es","11":"product_tag-icao-es","12":"product_tag-industrial-es","13":"product_tag-lastfire-es","14":"product_tag-marina-es","15":"product_tag-med-imo-es","16":"product_tag-militar-dod-es","17":"product_tag-municipal-es","18":"product_tag-petroleo-y-gas","19":"product_tag-solberg-es","20":"product_tag-ul-162-es","22":"first","23":"instock","24":"shipping-taxable","25":"purchasable","26":"product-type-simple"},"acf":[],"yoast_head":"<!-- This site is optimized with the Yoast SEO Premium plugin v21.9 (Yoast SEO v23.5) - https:\/\/yoast.com\/wordpress\/plugins\/seo\/ -->\n<title>SOLBERG\u00ae VERSAGARD\u2122 1x3 - PS Demo site<\/title>\n<meta name=\"description\" content=\"SOLBERG\u00ae VERSAGARD\u2122 1\u00d73 concentrado de espuma multiusos sin fl\u00faor es una tecnolog\u00eda punta de espuma pseudopl\u00e1stica AR sin fl\u00faor. No persistente, sin siloxano, sin productos qu\u00edmicos PFAS a\u00f1adidos intencionadamente, SOLBERG VERSAGARD 1\u00d73 est\u00e1 dise\u00f1ado para extinguir y asegurar incendios de Clase B (combustible hidrocarburo y combustible disolvente polar).\" \/>\n<meta name=\"robots\" content=\"noindex, follow, max-snippet:-1, max-image-preview:large, max-video-preview:-1\" \/>\n<meta property=\"og:locale\" content=\"es_ES\" \/>\n<meta property=\"og:type\" content=\"article\" \/>\n<meta property=\"og:title\" content=\"SOLBERG\u00ae VERSAGARD\u2122 1x3\" \/>\n<meta property=\"og:description\" content=\"SOLBERG\u00ae VERSAGARD\u2122 1\u00d73 concentrado de espuma multiusos sin fl\u00faor es una tecnolog\u00eda punta de espuma pseudopl\u00e1stica AR sin fl\u00faor. No persistente, sin siloxano, sin productos qu\u00edmicos PFAS a\u00f1adidos intencionadamente, SOLBERG VERSAGARD 1\u00d73 est\u00e1 dise\u00f1ado para extinguir y asegurar incendios de Clase B (combustible hidrocarburo y combustible disolvente polar).\" \/>\n<meta property=\"og:url\" content=\"https:\/\/demo.perimeter-solutions.com\/es\/product\/solberg-versagard-1x3\/\" \/>\n<meta property=\"og:site_name\" content=\"PS Demo site\" \/>\n<meta property=\"article:modified_time\" content=\"2024-08-16T18:13:37+00:00\" \/>\n<meta name=\"twitter:card\" content=\"summary_large_image\" \/>\n<meta name=\"twitter:label1\" content=\"Tiempo de lectura\" \/>\n\t<meta name=\"twitter:data1\" content=\"2 minutos\" \/>\n<script type=\"application\/ld+json\" class=\"yoast-schema-graph\">{\"@context\":\"https:\/\/schema.org\",\"@graph\":[{\"@type\":\"WebPage\",\"@id\":\"https:\/\/demo.perimeter-solutions.com\/es\/product\/solberg-versagard-1x3\/\",\"url\":\"https:\/\/demo.perimeter-solutions.com\/es\/product\/solberg-versagard-1x3\/\",\"name\":\"SOLBERG\u00ae VERSAGARD\u2122 1x3 - PS Demo site\",\"isPartOf\":{\"@id\":\"https:\/\/demo.perimeter-solutions.com\/es\/#website\"},\"primaryImageOfPage\":{\"@id\":\"https:\/\/demo.perimeter-solutions.com\/es\/product\/solberg-versagard-1x3\/#primaryimage\"},\"image\":{\"@id\":\"https:\/\/demo.perimeter-solutions.com\/es\/product\/solberg-versagard-1x3\/#primaryimage\"},\"thumbnailUrl\":\"https:\/\/demo.perimeter-solutions.com\/wp-content\/uploads\/2024\/06\/VERSAGARD-1x3_Standard_v5.2-1-pdf.jpg\",\"datePublished\":\"2024-06-28T19:18:46+00:00\",\"dateModified\":\"2024-08-16T18:13:37+00:00\",\"description\":\"SOLBERG\u00ae VERSAGARD\u2122 1\u00d73 concentrado de espuma multiusos sin fl\u00faor es una tecnolog\u00eda punta de espuma pseudopl\u00e1stica AR sin fl\u00faor. No persistente, sin siloxano, sin productos qu\u00edmicos PFAS a\u00f1adidos intencionadamente, SOLBERG VERSAGARD 1\u00d73 est\u00e1 dise\u00f1ado para extinguir y asegurar incendios de Clase B (combustible hidrocarburo y combustible disolvente polar).\",\"breadcrumb\":{\"@id\":\"https:\/\/demo.perimeter-solutions.com\/es\/product\/solberg-versagard-1x3\/#breadcrumb\"},\"inLanguage\":\"es\",\"potentialAction\":[{\"@type\":\"ReadAction\",\"target\":[\"https:\/\/demo.perimeter-solutions.com\/es\/product\/solberg-versagard-1x3\/\"]}]},{\"@type\":\"ImageObject\",\"inLanguage\":\"es\",\"@id\":\"https:\/\/demo.perimeter-solutions.com\/es\/product\/solberg-versagard-1x3\/#primaryimage\",\"url\":\"https:\/\/demo.perimeter-solutions.com\/wp-content\/uploads\/2024\/06\/VERSAGARD-1x3_Standard_v5.2-1-pdf.jpg\",\"contentUrl\":\"https:\/\/demo.perimeter-solutions.com\/wp-content\/uploads\/2024\/06\/VERSAGARD-1x3_Standard_v5.2-1-pdf.jpg\"},{\"@type\":\"BreadcrumbList\",\"@id\":\"https:\/\/demo.perimeter-solutions.com\/es\/product\/solberg-versagard-1x3\/#breadcrumb\",\"itemListElement\":[{\"@type\":\"ListItem\",\"position\":1,\"name\":\"Cat\u00e1logo de productos\",\"item\":\"https:\/\/demo.perimeter-solutions.com\/es\/product-catalog\/\"},{\"@type\":\"ListItem\",\"position\":2,\"name\":\"SOLBERG\u00ae VERSAGARD\u2122 1&#215;3\"}]},{\"@type\":\"WebSite\",\"@id\":\"https:\/\/demo.perimeter-solutions.com\/es\/#website\",\"url\":\"https:\/\/demo.perimeter-solutions.com\/es\/\",\"name\":\"PS Demo site\",\"description\":\"\",\"publisher\":{\"@id\":\"https:\/\/demo.perimeter-solutions.com\/es\/#organization\"},\"potentialAction\":[{\"@type\":\"SearchAction\",\"target\":{\"@type\":\"EntryPoint\",\"urlTemplate\":\"https:\/\/demo.perimeter-solutions.com\/es\/?s={search_term_string}\"},\"query-input\":{\"@type\":\"PropertyValueSpecification\",\"valueRequired\":true,\"valueName\":\"search_term_string\"}}],\"inLanguage\":\"es\"},{\"@type\":\"Organization\",\"@id\":\"https:\/\/demo.perimeter-solutions.com\/es\/#organization\",\"name\":\"Perimeter Solutions\",\"url\":\"https:\/\/demo.perimeter-solutions.com\/es\/\",\"logo\":{\"@type\":\"ImageObject\",\"inLanguage\":\"es\",\"@id\":\"https:\/\/demo.perimeter-solutions.com\/es\/#\/schema\/logo\/image\/\",\"url\":\"https:\/\/demo.perimeter-solutions.com\/wp-content\/uploads\/2021\/02\/perimeter-logo-RGB.png\",\"contentUrl\":\"https:\/\/demo.perimeter-solutions.com\/wp-content\/uploads\/2021\/02\/perimeter-logo-RGB.png\",\"width\":794,\"height\":138,\"caption\":\"Perimeter Solutions\"},\"image\":{\"@id\":\"https:\/\/demo.perimeter-solutions.com\/es\/#\/schema\/logo\/image\/\"}}]}<\/script>\n<!-- \/ Yoast SEO Premium plugin. -->","yoast_head_json":{"title":"SOLBERG\u00ae VERSAGARD\u2122 1x3 - PS Demo site","description":"SOLBERG\u00ae VERSAGARD\u2122 1\u00d73 concentrado de espuma multiusos sin fl\u00faor es una tecnolog\u00eda punta de espuma pseudopl\u00e1stica AR sin fl\u00faor. No persistente, sin siloxano, sin productos qu\u00edmicos PFAS a\u00f1adidos intencionadamente, SOLBERG VERSAGARD 1\u00d73 est\u00e1 dise\u00f1ado para extinguir y asegurar incendios de Clase B (combustible hidrocarburo y combustible disolvente polar).","robots":{"index":"noindex","follow":"follow","max-snippet":"max-snippet:-1","max-image-preview":"max-image-preview:large","max-video-preview":"max-video-preview:-1"},"og_locale":"es_ES","og_type":"article","og_title":"SOLBERG\u00ae VERSAGARD\u2122 1x3","og_description":"SOLBERG\u00ae VERSAGARD\u2122 1\u00d73 concentrado de espuma multiusos sin fl\u00faor es una tecnolog\u00eda punta de espuma pseudopl\u00e1stica AR sin fl\u00faor. No persistente, sin siloxano, sin productos qu\u00edmicos PFAS a\u00f1adidos intencionadamente, SOLBERG VERSAGARD 1\u00d73 est\u00e1 dise\u00f1ado para extinguir y asegurar incendios de Clase B (combustible hidrocarburo y combustible disolvente polar).","og_url":"https:\/\/demo.perimeter-solutions.com\/es\/product\/solberg-versagard-1x3\/","og_site_name":"PS Demo site","article_modified_time":"2024-08-16T18:13:37+00:00","twitter_card":"summary_large_image","twitter_misc":{"Tiempo de lectura":"2 minutos"},"schema":{"@context":"https:\/\/schema.org","@graph":[{"@type":"WebPage","@id":"https:\/\/demo.perimeter-solutions.com\/es\/product\/solberg-versagard-1x3\/","url":"https:\/\/demo.perimeter-solutions.com\/es\/product\/solberg-versagard-1x3\/","name":"SOLBERG\u00ae VERSAGARD\u2122 1x3 - PS Demo site","isPartOf":{"@id":"https:\/\/demo.perimeter-solutions.com\/es\/#website"},"primaryImageOfPage":{"@id":"https:\/\/demo.perimeter-solutions.com\/es\/product\/solberg-versagard-1x3\/#primaryimage"},"image":{"@id":"https:\/\/demo.perimeter-solutions.com\/es\/product\/solberg-versagard-1x3\/#primaryimage"},"thumbnailUrl":"https:\/\/demo.perimeter-solutions.com\/wp-content\/uploads\/2024\/06\/VERSAGARD-1x3_Standard_v5.2-1-pdf.jpg","datePublished":"2024-06-28T19:18:46+00:00","dateModified":"2024-08-16T18:13:37+00:00","description":"SOLBERG\u00ae VERSAGARD\u2122 1\u00d73 concentrado de espuma multiusos sin fl\u00faor es una tecnolog\u00eda punta de espuma pseudopl\u00e1stica AR sin fl\u00faor. No persistente, sin siloxano, sin productos qu\u00edmicos PFAS a\u00f1adidos intencionadamente, SOLBERG VERSAGARD 1\u00d73 est\u00e1 dise\u00f1ado para extinguir y asegurar incendios de Clase B (combustible hidrocarburo y combustible disolvente polar).","breadcrumb":{"@id":"https:\/\/demo.perimeter-solutions.com\/es\/product\/solberg-versagard-1x3\/#breadcrumb"},"inLanguage":"es","potentialAction":[{"@type":"ReadAction","target":["https:\/\/demo.perimeter-solutions.com\/es\/product\/solberg-versagard-1x3\/"]}]},{"@type":"ImageObject","inLanguage":"es","@id":"https:\/\/demo.perimeter-solutions.com\/es\/product\/solberg-versagard-1x3\/#primaryimage","url":"https:\/\/demo.perimeter-solutions.com\/wp-content\/uploads\/2024\/06\/VERSAGARD-1x3_Standard_v5.2-1-pdf.jpg","contentUrl":"https:\/\/demo.perimeter-solutions.com\/wp-content\/uploads\/2024\/06\/VERSAGARD-1x3_Standard_v5.2-1-pdf.jpg"},{"@type":"BreadcrumbList","@id":"https:\/\/demo.perimeter-solutions.com\/es\/product\/solberg-versagard-1x3\/#breadcrumb","itemListElement":[{"@type":"ListItem","position":1,"name":"Cat\u00e1logo de productos","item":"https:\/\/demo.perimeter-solutions.com\/es\/product-catalog\/"},{"@type":"ListItem","position":2,"name":"SOLBERG\u00ae VERSAGARD\u2122 1&#215;3"}]},{"@type":"WebSite","@id":"https:\/\/demo.perimeter-solutions.com\/es\/#website","url":"https:\/\/demo.perimeter-solutions.com\/es\/","name":"PS Demo site","description":"","publisher":{"@id":"https:\/\/demo.perimeter-solutions.com\/es\/#organization"},"potentialAction":[{"@type":"SearchAction","target":{"@type":"EntryPoint","urlTemplate":"https:\/\/demo.perimeter-solutions.com\/es\/?s={search_term_string}"},"query-input":{"@type":"PropertyValueSpecification","valueRequired":true,"valueName":"search_term_string"}}],"inLanguage":"es"},{"@type":"Organization","@id":"https:\/\/demo.perimeter-solutions.com\/es\/#organization","name":"Perimeter Solutions","url":"https:\/\/demo.perimeter-solutions.com\/es\/","logo":{"@type":"ImageObject","inLanguage":"es","@id":"https:\/\/demo.perimeter-solutions.com\/es\/#\/schema\/logo\/image\/","url":"https:\/\/demo.perimeter-solutions.com\/wp-content\/uploads\/2021\/02\/perimeter-logo-RGB.png","contentUrl":"https:\/\/demo.perimeter-solutions.com\/wp-content\/uploads\/2021\/02\/perimeter-logo-RGB.png","width":794,"height":138,"caption":"Perimeter Solutions"},"image":{"@id":"https:\/\/demo.perimeter-solutions.com\/es\/#\/schema\/logo\/image\/"}}]}},"_links":{"self":[{"href":"https:\/\/demo.perimeter-solutions.com\/es\/wp-json\/wp\/v2\/product\/42205","targetHints":{"allow":["GET"]}}],"collection":[{"href":"https:\/\/demo.perimeter-solutions.com\/es\/wp-json\/wp\/v2\/product"}],"about":[{"href":"https:\/\/demo.perimeter-solutions.com\/es\/wp-json\/wp\/v2\/types\/product"}],"wp:featuredmedia":[{"embeddable":true,"href":"https:\/\/demo.perimeter-solutions.com\/es\/wp-json\/wp\/v2\/media\/42209"}],"wp:attachment":[{"href":"https:\/\/demo.perimeter-solutions.com\/es\/wp-json\/wp\/v2\/media?parent=42205"}],"wp:term":[{"taxonomy":"product_cat","embeddable":true,"href":"https:\/\/demo.perimeter-solutions.com\/es\/wp-json\/wp\/v2\/product_cat?post=42205"},{"taxonomy":"product_tag","embeddable":true,"href":"https:\/\/demo.perimeter-solutions.com\/es\/wp-json\/wp\/v2\/product_tag?post=42205"}],"curies":[{"name":"wp","href":"https:\/\/api.w.org\/{rel}","templated":true}]}}