{"id":42219,"date":"2024-06-28T14:54:20","date_gmt":"2024-06-28T18:54:20","guid":{"rendered":"https:\/\/demo.perimeter-solutions.com\/product\/solberg-versagard-as-100\/"},"modified":"2024-08-14T21:38:13","modified_gmt":"2024-08-15T01:38:13","slug":"solberg-versagard-as-100","status":"publish","type":"product","link":"https:\/\/demo.perimeter-solutions.com\/es\/product\/solberg-versagard-as-100\/","title":{"rendered":"SOLBERG<sup>\u00ae<\/sup> VERSAGARD \u2122 AS-100"},"content":{"rendered":"<div>El concentrado de espuma multiuso 3\u00d73 sin fl\u00faor <strong>SOLBERG<sup>\u00ae<\/sup> VERSAGARD\u2122 AS-100<\/strong> es una tecnolog\u00eda de espuma pseudopl\u00e1stica de \u00faltima generaci\u00f3n resistente al alcohol, sin sustancias qu\u00edmicas PFAS a\u00f1adidas intencionadamente, dise\u00f1ada para extinguir y asegurar tanto incendios de Clase B (combustible hidrocarburo y combustible disolvente polar) como incendios profundos de Clase A. Este concentrado de espuma libre de fl\u00faor biodegradable y no persistente es una combinaci\u00f3n de surfactantes y aditivos de hidrocarburos que ofrece excelentes propiedades de formaci\u00f3n de espuma, sellado de vapor, extinci\u00f3n y quemado para atacar y asegurar incendios poco profundos y profundos de combustible, utilizando agua fresca, marina o salobre. agua. Algunas espumas sin fl\u00faor son viscosas y, a menudo, muestran un aumento de viscosidad cuando entran en contacto con el agua. SOLBERG VERSAGARD AS-100 crea espumas muy estables con viscosidad similar a las espumas AR-AFFF tradicionales. Esto mejora significativamente el almacenamiento, la manipulaci\u00f3n y la estabilidad a largo plazo. SOLBERG VERSAGARD AS-100 no contiene siloxanos.<\/div>\n<div><\/div>\n<div><strong>Una amplia gama de aplicaciones de<\/strong> uso SOLBERG VERSAGARD AS-100 est\u00e1 dise\u00f1ado para generar espumas estables de gran fluidez y drenaje lento. Esta nueva tecnolog\u00eda permite que SOLBERG VERSAGARD funcione de manera similar a los productos fluorados. Puede usarse con equipos de espuma de baja expansi\u00f3n (boquillas y monitores) y dispositivos de descarga de espuma de expansi\u00f3n media y alta para combatir incendios que involucren incendios de hidrocarburos de clase B y combustibles de solventes polares. Es totalmente compatible y se proporciona f\u00e1cilmente con el equipo est\u00e1ndar de extinci\u00f3n de incendios, incluidos inductores en l\u00ednea, boquillas autoinductoras, bombas de camiones de bomberos, tanques de vejiga, patines de bombas, sistemas de presi\u00f3n equilibrada y m\u00e1s. Adem\u00e1s de su excelente espumabilidad y estabilidad de burbujas, el VERSAGARD AS-100 de SOLBERG tiene una excelente capacidad humectante, lo que lo convierte tambi\u00e9n en una herramienta eficaz para la extinci\u00f3n de incendios de combustible de Clase A.<\/div>\n<div><\/div>\n<div><strong>CERTIFICACIONES: <\/strong>Norma Europea EN-1568:2018 parte 3 y 4 sobre todos los combustibles con agua dulce y agua de mar (IA\/IA &#8211; IA\/IA); Norma Europea EN-1568:2018 parte 1 y 2 &#8211; para uso con dispositivos de descarga de espuma de media y alta expansi\u00f3n; certificaci\u00f3n de la Organizaci\u00f3n Mar\u00edtima Internacional MSC.1\/Circ. 1312; LASTFIRE (Bueno\/Bueno\/Bueno) con 3 boquillas (semi, asp, sistema); OACI Nivel B,<span lang=\"EN-AU\"> Listado<\/span> <span lang=\"EN-AU\">UL162<\/span>.<\/div>\n<h4>Opciones disponibles<\/h4>\n","protected":false},"excerpt":{"rendered":"<h1 class=\"elementor-heading-title elementor-size-default\">MULTI-PURPOSE 3&#215;3 FLUORINE-FREE FOAM CONCENTRATE<\/h1>\n","protected":false},"featured_media":42220,"template":"","meta":{"_acf_changed":false},"product_cat":[197,188],"product_tag":[217,222,226,230,232,236,246,237,250,252,248,242,244],"class_list":{"0":"post-42219","1":"product","2":"type-product","3":"status-publish","4":"has-post-thumbnail","6":"product_cat-class-b-fluorine-free-es","7":"product_cat-class-b-es","8":"product_tag-aviacion","9":"product_tag-en-1568-es","10":"product_tag-gesip-es","11":"product_tag-icao-es","12":"product_tag-industrial-es","13":"product_tag-lastfire-es","14":"product_tag-marina-es","15":"product_tag-med-imo-es","16":"product_tag-militar-dod-es","17":"product_tag-municipal-es","18":"product_tag-petroleo-y-gas","19":"product_tag-solberg-es","20":"product_tag-ul-162-es","22":"first","23":"instock","24":"shipping-taxable","25":"purchasable","26":"product-type-simple"},"acf":[],"yoast_head":"<!-- This site is optimized with the Yoast SEO Premium plugin v21.9 (Yoast SEO v23.5) - https:\/\/yoast.com\/wordpress\/plugins\/seo\/ -->\n<title>SOLBERG\u00ae VERSAGARD \u2122 AS-100 - PS Demo site<\/title>\n<meta name=\"description\" content=\"El concentrado de espuma multiuso 3\u00d73 sin fl\u00faor SOLBERG\u00ae VERSAGARD\u2122 AS-100 es una tecnolog\u00eda de espuma pseudopl\u00e1stica de \u00faltima generaci\u00f3n resistente al alcohol, sin sustancias qu\u00edmicas PFAS a\u00f1adidas intencionadamente, dise\u00f1ada para extinguir y asegurar tanto incendios de Clase B (combustible hidrocarburo y combustible disolvente polar) como incendios profundos de Clase A.\" \/>\n<meta name=\"robots\" content=\"noindex, follow, max-snippet:-1, max-image-preview:large, max-video-preview:-1\" \/>\n<meta property=\"og:locale\" content=\"es_ES\" \/>\n<meta property=\"og:type\" content=\"article\" \/>\n<meta property=\"og:title\" content=\"SOLBERG\u00ae VERSAGARD \u2122 AS-100\" \/>\n<meta property=\"og:description\" content=\"El concentrado de espuma multiuso 3\u00d73 sin fl\u00faor SOLBERG\u00ae VERSAGARD\u2122 AS-100 es una tecnolog\u00eda de espuma pseudopl\u00e1stica de \u00faltima generaci\u00f3n resistente al alcohol, sin sustancias qu\u00edmicas PFAS a\u00f1adidas intencionadamente, dise\u00f1ada para extinguir y asegurar tanto incendios de Clase B (combustible hidrocarburo y combustible disolvente polar) como incendios profundos de Clase A.\" \/>\n<meta property=\"og:url\" content=\"https:\/\/demo.perimeter-solutions.com\/es\/product\/solberg-versagard-as-100\/\" \/>\n<meta property=\"og:site_name\" content=\"PS Demo site\" \/>\n<meta property=\"article:modified_time\" content=\"2024-08-15T01:38:13+00:00\" \/>\n<meta name=\"twitter:card\" content=\"summary_large_image\" \/>\n<meta name=\"twitter:label1\" content=\"Tiempo de lectura\" \/>\n\t<meta name=\"twitter:data1\" content=\"2 minutos\" \/>\n<script type=\"application\/ld+json\" class=\"yoast-schema-graph\">{\"@context\":\"https:\/\/schema.org\",\"@graph\":[{\"@type\":\"WebPage\",\"@id\":\"https:\/\/demo.perimeter-solutions.com\/es\/product\/solberg-versagard-as-100\/\",\"url\":\"https:\/\/demo.perimeter-solutions.com\/es\/product\/solberg-versagard-as-100\/\",\"name\":\"SOLBERG\u00ae VERSAGARD \u2122 AS-100 - PS Demo site\",\"isPartOf\":{\"@id\":\"https:\/\/demo.perimeter-solutions.com\/es\/#website\"},\"primaryImageOfPage\":{\"@id\":\"https:\/\/demo.perimeter-solutions.com\/es\/product\/solberg-versagard-as-100\/#primaryimage\"},\"image\":{\"@id\":\"https:\/\/demo.perimeter-solutions.com\/es\/product\/solberg-versagard-as-100\/#primaryimage\"},\"thumbnailUrl\":\"https:\/\/demo.perimeter-solutions.com\/wp-content\/uploads\/2024\/06\/PERI9969-VERSAGARD-AS-100-UL-approved-datasheet-a4-v6.3-pdf.jpg\",\"datePublished\":\"2024-06-28T18:54:20+00:00\",\"dateModified\":\"2024-08-15T01:38:13+00:00\",\"description\":\"El concentrado de espuma multiuso 3\u00d73 sin fl\u00faor SOLBERG\u00ae VERSAGARD\u2122 AS-100 es una tecnolog\u00eda de espuma pseudopl\u00e1stica de \u00faltima generaci\u00f3n resistente al alcohol, sin sustancias qu\u00edmicas PFAS a\u00f1adidas intencionadamente, dise\u00f1ada para extinguir y asegurar tanto incendios de Clase B (combustible hidrocarburo y combustible disolvente polar) como incendios profundos de Clase A.\",\"breadcrumb\":{\"@id\":\"https:\/\/demo.perimeter-solutions.com\/es\/product\/solberg-versagard-as-100\/#breadcrumb\"},\"inLanguage\":\"es\",\"potentialAction\":[{\"@type\":\"ReadAction\",\"target\":[\"https:\/\/demo.perimeter-solutions.com\/es\/product\/solberg-versagard-as-100\/\"]}]},{\"@type\":\"ImageObject\",\"inLanguage\":\"es\",\"@id\":\"https:\/\/demo.perimeter-solutions.com\/es\/product\/solberg-versagard-as-100\/#primaryimage\",\"url\":\"https:\/\/demo.perimeter-solutions.com\/wp-content\/uploads\/2024\/06\/PERI9969-VERSAGARD-AS-100-UL-approved-datasheet-a4-v6.3-pdf.jpg\",\"contentUrl\":\"https:\/\/demo.perimeter-solutions.com\/wp-content\/uploads\/2024\/06\/PERI9969-VERSAGARD-AS-100-UL-approved-datasheet-a4-v6.3-pdf.jpg\"},{\"@type\":\"BreadcrumbList\",\"@id\":\"https:\/\/demo.perimeter-solutions.com\/es\/product\/solberg-versagard-as-100\/#breadcrumb\",\"itemListElement\":[{\"@type\":\"ListItem\",\"position\":1,\"name\":\"Cat\u00e1logo de productos\",\"item\":\"https:\/\/demo.perimeter-solutions.com\/es\/product-catalog\/\"},{\"@type\":\"ListItem\",\"position\":2,\"name\":\"SOLBERG\u00ae VERSAGARD \u2122 AS-100\"}]},{\"@type\":\"WebSite\",\"@id\":\"https:\/\/demo.perimeter-solutions.com\/es\/#website\",\"url\":\"https:\/\/demo.perimeter-solutions.com\/es\/\",\"name\":\"PS Demo site\",\"description\":\"\",\"publisher\":{\"@id\":\"https:\/\/demo.perimeter-solutions.com\/es\/#organization\"},\"potentialAction\":[{\"@type\":\"SearchAction\",\"target\":{\"@type\":\"EntryPoint\",\"urlTemplate\":\"https:\/\/demo.perimeter-solutions.com\/es\/?s={search_term_string}\"},\"query-input\":{\"@type\":\"PropertyValueSpecification\",\"valueRequired\":true,\"valueName\":\"search_term_string\"}}],\"inLanguage\":\"es\"},{\"@type\":\"Organization\",\"@id\":\"https:\/\/demo.perimeter-solutions.com\/es\/#organization\",\"name\":\"Perimeter Solutions\",\"url\":\"https:\/\/demo.perimeter-solutions.com\/es\/\",\"logo\":{\"@type\":\"ImageObject\",\"inLanguage\":\"es\",\"@id\":\"https:\/\/demo.perimeter-solutions.com\/es\/#\/schema\/logo\/image\/\",\"url\":\"https:\/\/demo.perimeter-solutions.com\/wp-content\/uploads\/2021\/02\/perimeter-logo-RGB.png\",\"contentUrl\":\"https:\/\/demo.perimeter-solutions.com\/wp-content\/uploads\/2021\/02\/perimeter-logo-RGB.png\",\"width\":794,\"height\":138,\"caption\":\"Perimeter Solutions\"},\"image\":{\"@id\":\"https:\/\/demo.perimeter-solutions.com\/es\/#\/schema\/logo\/image\/\"}}]}<\/script>\n<!-- \/ Yoast SEO Premium plugin. -->","yoast_head_json":{"title":"SOLBERG\u00ae VERSAGARD \u2122 AS-100 - PS Demo site","description":"El concentrado de espuma multiuso 3\u00d73 sin fl\u00faor SOLBERG\u00ae VERSAGARD\u2122 AS-100 es una tecnolog\u00eda de espuma pseudopl\u00e1stica de \u00faltima generaci\u00f3n resistente al alcohol, sin sustancias qu\u00edmicas PFAS a\u00f1adidas intencionadamente, dise\u00f1ada para extinguir y asegurar tanto incendios de Clase B (combustible hidrocarburo y combustible disolvente polar) como incendios profundos de Clase A.","robots":{"index":"noindex","follow":"follow","max-snippet":"max-snippet:-1","max-image-preview":"max-image-preview:large","max-video-preview":"max-video-preview:-1"},"og_locale":"es_ES","og_type":"article","og_title":"SOLBERG\u00ae VERSAGARD \u2122 AS-100","og_description":"El concentrado de espuma multiuso 3\u00d73 sin fl\u00faor SOLBERG\u00ae VERSAGARD\u2122 AS-100 es una tecnolog\u00eda de espuma pseudopl\u00e1stica de \u00faltima generaci\u00f3n resistente al alcohol, sin sustancias qu\u00edmicas PFAS a\u00f1adidas intencionadamente, dise\u00f1ada para extinguir y asegurar tanto incendios de Clase B (combustible hidrocarburo y combustible disolvente polar) como incendios profundos de Clase A.","og_url":"https:\/\/demo.perimeter-solutions.com\/es\/product\/solberg-versagard-as-100\/","og_site_name":"PS Demo site","article_modified_time":"2024-08-15T01:38:13+00:00","twitter_card":"summary_large_image","twitter_misc":{"Tiempo de lectura":"2 minutos"},"schema":{"@context":"https:\/\/schema.org","@graph":[{"@type":"WebPage","@id":"https:\/\/demo.perimeter-solutions.com\/es\/product\/solberg-versagard-as-100\/","url":"https:\/\/demo.perimeter-solutions.com\/es\/product\/solberg-versagard-as-100\/","name":"SOLBERG\u00ae VERSAGARD \u2122 AS-100 - PS Demo site","isPartOf":{"@id":"https:\/\/demo.perimeter-solutions.com\/es\/#website"},"primaryImageOfPage":{"@id":"https:\/\/demo.perimeter-solutions.com\/es\/product\/solberg-versagard-as-100\/#primaryimage"},"image":{"@id":"https:\/\/demo.perimeter-solutions.com\/es\/product\/solberg-versagard-as-100\/#primaryimage"},"thumbnailUrl":"https:\/\/demo.perimeter-solutions.com\/wp-content\/uploads\/2024\/06\/PERI9969-VERSAGARD-AS-100-UL-approved-datasheet-a4-v6.3-pdf.jpg","datePublished":"2024-06-28T18:54:20+00:00","dateModified":"2024-08-15T01:38:13+00:00","description":"El concentrado de espuma multiuso 3\u00d73 sin fl\u00faor SOLBERG\u00ae VERSAGARD\u2122 AS-100 es una tecnolog\u00eda de espuma pseudopl\u00e1stica de \u00faltima generaci\u00f3n resistente al alcohol, sin sustancias qu\u00edmicas PFAS a\u00f1adidas intencionadamente, dise\u00f1ada para extinguir y asegurar tanto incendios de Clase B (combustible hidrocarburo y combustible disolvente polar) como incendios profundos de Clase A.","breadcrumb":{"@id":"https:\/\/demo.perimeter-solutions.com\/es\/product\/solberg-versagard-as-100\/#breadcrumb"},"inLanguage":"es","potentialAction":[{"@type":"ReadAction","target":["https:\/\/demo.perimeter-solutions.com\/es\/product\/solberg-versagard-as-100\/"]}]},{"@type":"ImageObject","inLanguage":"es","@id":"https:\/\/demo.perimeter-solutions.com\/es\/product\/solberg-versagard-as-100\/#primaryimage","url":"https:\/\/demo.perimeter-solutions.com\/wp-content\/uploads\/2024\/06\/PERI9969-VERSAGARD-AS-100-UL-approved-datasheet-a4-v6.3-pdf.jpg","contentUrl":"https:\/\/demo.perimeter-solutions.com\/wp-content\/uploads\/2024\/06\/PERI9969-VERSAGARD-AS-100-UL-approved-datasheet-a4-v6.3-pdf.jpg"},{"@type":"BreadcrumbList","@id":"https:\/\/demo.perimeter-solutions.com\/es\/product\/solberg-versagard-as-100\/#breadcrumb","itemListElement":[{"@type":"ListItem","position":1,"name":"Cat\u00e1logo de productos","item":"https:\/\/demo.perimeter-solutions.com\/es\/product-catalog\/"},{"@type":"ListItem","position":2,"name":"SOLBERG\u00ae VERSAGARD \u2122 AS-100"}]},{"@type":"WebSite","@id":"https:\/\/demo.perimeter-solutions.com\/es\/#website","url":"https:\/\/demo.perimeter-solutions.com\/es\/","name":"PS Demo site","description":"","publisher":{"@id":"https:\/\/demo.perimeter-solutions.com\/es\/#organization"},"potentialAction":[{"@type":"SearchAction","target":{"@type":"EntryPoint","urlTemplate":"https:\/\/demo.perimeter-solutions.com\/es\/?s={search_term_string}"},"query-input":{"@type":"PropertyValueSpecification","valueRequired":true,"valueName":"search_term_string"}}],"inLanguage":"es"},{"@type":"Organization","@id":"https:\/\/demo.perimeter-solutions.com\/es\/#organization","name":"Perimeter Solutions","url":"https:\/\/demo.perimeter-solutions.com\/es\/","logo":{"@type":"ImageObject","inLanguage":"es","@id":"https:\/\/demo.perimeter-solutions.com\/es\/#\/schema\/logo\/image\/","url":"https:\/\/demo.perimeter-solutions.com\/wp-content\/uploads\/2021\/02\/perimeter-logo-RGB.png","contentUrl":"https:\/\/demo.perimeter-solutions.com\/wp-content\/uploads\/2021\/02\/perimeter-logo-RGB.png","width":794,"height":138,"caption":"Perimeter Solutions"},"image":{"@id":"https:\/\/demo.perimeter-solutions.com\/es\/#\/schema\/logo\/image\/"}}]}},"_links":{"self":[{"href":"https:\/\/demo.perimeter-solutions.com\/es\/wp-json\/wp\/v2\/product\/42219","targetHints":{"allow":["GET"]}}],"collection":[{"href":"https:\/\/demo.perimeter-solutions.com\/es\/wp-json\/wp\/v2\/product"}],"about":[{"href":"https:\/\/demo.perimeter-solutions.com\/es\/wp-json\/wp\/v2\/types\/product"}],"wp:featuredmedia":[{"embeddable":true,"href":"https:\/\/demo.perimeter-solutions.com\/es\/wp-json\/wp\/v2\/media\/42220"}],"wp:attachment":[{"href":"https:\/\/demo.perimeter-solutions.com\/es\/wp-json\/wp\/v2\/media?parent=42219"}],"wp:term":[{"taxonomy":"product_cat","embeddable":true,"href":"https:\/\/demo.perimeter-solutions.com\/es\/wp-json\/wp\/v2\/product_cat?post=42219"},{"taxonomy":"product_tag","embeddable":true,"href":"https:\/\/demo.perimeter-solutions.com\/es\/wp-json\/wp\/v2\/product_tag?post=42219"}],"curies":[{"name":"wp","href":"https:\/\/api.w.org\/{rel}","templated":true}]}}