{"id":42238,"date":"2024-06-28T13:34:17","date_gmt":"2024-06-28T17:34:17","guid":{"rendered":"https:\/\/demo.perimeter-solutions.com\/product\/auxquimia-h-930\/"},"modified":"2024-08-16T14:11:37","modified_gmt":"2024-08-16T18:11:37","slug":"auxquimia-h-930-2","status":"publish","type":"product","link":"https:\/\/demo.perimeter-solutions.com\/es\/product\/auxquimia-h-930-2\/","title":{"rendered":"AUXQUIMIA<sup>\u00ae<\/sup> H-930"},"content":{"rendered":"<div><strong>AUXQUIMIA<sup>\u00ae<\/sup> H-930<\/strong> es un compuesto espum\u00f3geno sint\u00e9tico especialmente dise\u00f1ado para ser utilizado en generadores de espuma de alta y media expansi\u00f3n para combatir incendios de clase A y clase B (hidrocarburos). Este producto contiene tensioactivos sint\u00e9ticos con muy buena resistencia a la dureza del agua y es f\u00e1cilmente biodegradable. La espuma muestra una buena estabilidad y drena lentamente.AUXQUIMIA H-930 puede utilizarse con equipos de espuma de alta, media y baja expansi\u00f3n. Esta espuma de alta expansi\u00f3n, con coeficiente de dilataci\u00f3n de 500 a 1.000, es adecuada para extinguir incendios en interiores por sofocaci\u00f3n. La espuma de media expansi\u00f3n es una espuma suficientemente pesada para utilizarla en exteriores, rellenar lugares peque\u00f1os, cubrir r\u00e1pidamente derrames, etc. Puede utilizarse para producir espuma baja y muy baja (utilizando boquillas de pulverizaci\u00f3n de agua) para fines generales (fuegos de clase A y B). Cuando sea necesario extinguir fuegos de hidrocarburos ligeros, aplica suavemente y aumenta la dosis de aplicaci\u00f3n seg\u00fan sea necesario. El concentrado AUXQUIMIA H-930 no presenta problemas de compatibilidad con otros concentrados utilizados en las mismas aplicaciones, y su espuma puede aplicarse simult\u00e1neamente con otras.<\/div>\n<div><\/div>\n<div><\/div>\n<div><strong>CERTIFICACIONES:<\/strong> EN-1568-1 y EN-1568-3 con agua dulce y de mar (clase IIIC).<\/div>\n<p>&nbsp;<\/p>\n<h4>Opciones disponibles<\/h4>\n","protected":false},"excerpt":{"rendered":"<p>AUXQUIMIA\u00ae H-930 es un compuesto espum\u00f3geno sint\u00e9tico especialmente dise\u00f1ado para ser utilizado en generadores de espuma de alta y media expansi\u00f3n para combatir incendios de clase A y clase B [&hellip;]<\/p>\n","protected":false},"featured_media":42239,"template":"","meta":{"_acf_changed":false},"product_cat":[188,200],"product_tag":[214,222,232,246,252,248],"class_list":{"0":"post-42238","1":"product","2":"type-product","3":"status-publish","4":"has-post-thumbnail","6":"product_cat-class-b-es","7":"product_cat-hi-ex-foam-concentrate-es","8":"product_tag-auxquimia-es","9":"product_tag-en-1568-es","10":"product_tag-industrial-es","11":"product_tag-marina-es","12":"product_tag-municipal-es","13":"product_tag-petroleo-y-gas","15":"first","16":"instock","17":"shipping-taxable","18":"purchasable","19":"product-type-simple"},"acf":[],"yoast_head":"<!-- This site is optimized with the Yoast SEO Premium plugin v21.9 (Yoast SEO v23.5) - https:\/\/yoast.com\/wordpress\/plugins\/seo\/ -->\n<title>AUXQUIMIA\u00ae H-930 - PS Demo site<\/title>\n<meta name=\"description\" content=\"AUXQUIMIA\u00ae H-930 es un compuesto espum\u00f3geno sint\u00e9tico especialmente dise\u00f1ado para ser utilizado en generadores de espuma de alta y media expansi\u00f3n para combatir incendios de clase A y clase B (hidrocarburos).\" \/>\n<meta name=\"robots\" content=\"noindex, follow, max-snippet:-1, max-image-preview:large, max-video-preview:-1\" \/>\n<meta property=\"og:locale\" content=\"es_ES\" \/>\n<meta property=\"og:type\" content=\"article\" \/>\n<meta property=\"og:title\" content=\"AUXQUIMIA\u00ae H-930\" \/>\n<meta property=\"og:description\" content=\"AUXQUIMIA\u00ae H-930 es un compuesto espum\u00f3geno sint\u00e9tico especialmente dise\u00f1ado para ser utilizado en generadores de espuma de alta y media expansi\u00f3n para combatir incendios de clase A y clase B (hidrocarburos).\" \/>\n<meta property=\"og:url\" content=\"https:\/\/demo.perimeter-solutions.com\/es\/product\/auxquimia-h-930-2\/\" \/>\n<meta property=\"og:site_name\" content=\"PS Demo site\" \/>\n<meta property=\"article:modified_time\" content=\"2024-08-16T18:11:37+00:00\" \/>\n<meta property=\"og:image\" content=\"https:\/\/demo.perimeter-solutions.com\/wp-content\/uploads\/2024\/06\/AUXQUIMIA_H-930_Page_1.jpg\" \/>\n\t<meta property=\"og:image:width\" content=\"1445\" \/>\n\t<meta property=\"og:image:height\" content=\"1870\" \/>\n\t<meta property=\"og:image:type\" content=\"image\/jpeg\" \/>\n<meta name=\"twitter:card\" content=\"summary_large_image\" \/>\n<meta name=\"twitter:label1\" content=\"Tiempo de lectura\" \/>\n\t<meta name=\"twitter:data1\" content=\"2 minutos\" \/>\n<script type=\"application\/ld+json\" class=\"yoast-schema-graph\">{\"@context\":\"https:\/\/schema.org\",\"@graph\":[{\"@type\":\"WebPage\",\"@id\":\"https:\/\/demo.perimeter-solutions.com\/es\/product\/auxquimia-h-930-2\/\",\"url\":\"https:\/\/demo.perimeter-solutions.com\/es\/product\/auxquimia-h-930-2\/\",\"name\":\"AUXQUIMIA\u00ae H-930 - PS Demo site\",\"isPartOf\":{\"@id\":\"https:\/\/demo.perimeter-solutions.com\/es\/#website\"},\"primaryImageOfPage\":{\"@id\":\"https:\/\/demo.perimeter-solutions.com\/es\/product\/auxquimia-h-930-2\/#primaryimage\"},\"image\":{\"@id\":\"https:\/\/demo.perimeter-solutions.com\/es\/product\/auxquimia-h-930-2\/#primaryimage\"},\"thumbnailUrl\":\"https:\/\/demo.perimeter-solutions.com\/wp-content\/uploads\/2024\/06\/AUXQUIMIA_H-930_Page_1.jpg\",\"datePublished\":\"2024-06-28T17:34:17+00:00\",\"dateModified\":\"2024-08-16T18:11:37+00:00\",\"description\":\"AUXQUIMIA\u00ae H-930 es un compuesto espum\u00f3geno sint\u00e9tico especialmente dise\u00f1ado para ser utilizado en generadores de espuma de alta y media expansi\u00f3n para combatir incendios de clase A y clase B (hidrocarburos).\",\"breadcrumb\":{\"@id\":\"https:\/\/demo.perimeter-solutions.com\/es\/product\/auxquimia-h-930-2\/#breadcrumb\"},\"inLanguage\":\"es\",\"potentialAction\":[{\"@type\":\"ReadAction\",\"target\":[\"https:\/\/demo.perimeter-solutions.com\/es\/product\/auxquimia-h-930-2\/\"]}]},{\"@type\":\"ImageObject\",\"inLanguage\":\"es\",\"@id\":\"https:\/\/demo.perimeter-solutions.com\/es\/product\/auxquimia-h-930-2\/#primaryimage\",\"url\":\"https:\/\/demo.perimeter-solutions.com\/wp-content\/uploads\/2024\/06\/AUXQUIMIA_H-930_Page_1.jpg\",\"contentUrl\":\"https:\/\/demo.perimeter-solutions.com\/wp-content\/uploads\/2024\/06\/AUXQUIMIA_H-930_Page_1.jpg\",\"width\":1445,\"height\":1870},{\"@type\":\"BreadcrumbList\",\"@id\":\"https:\/\/demo.perimeter-solutions.com\/es\/product\/auxquimia-h-930-2\/#breadcrumb\",\"itemListElement\":[{\"@type\":\"ListItem\",\"position\":1,\"name\":\"Cat\u00e1logo de productos\",\"item\":\"https:\/\/demo.perimeter-solutions.com\/es\/product-catalog\/\"},{\"@type\":\"ListItem\",\"position\":2,\"name\":\"AUXQUIMIA\u00ae H-930\"}]},{\"@type\":\"WebSite\",\"@id\":\"https:\/\/demo.perimeter-solutions.com\/es\/#website\",\"url\":\"https:\/\/demo.perimeter-solutions.com\/es\/\",\"name\":\"PS Demo site\",\"description\":\"\",\"publisher\":{\"@id\":\"https:\/\/demo.perimeter-solutions.com\/es\/#organization\"},\"potentialAction\":[{\"@type\":\"SearchAction\",\"target\":{\"@type\":\"EntryPoint\",\"urlTemplate\":\"https:\/\/demo.perimeter-solutions.com\/es\/?s={search_term_string}\"},\"query-input\":{\"@type\":\"PropertyValueSpecification\",\"valueRequired\":true,\"valueName\":\"search_term_string\"}}],\"inLanguage\":\"es\"},{\"@type\":\"Organization\",\"@id\":\"https:\/\/demo.perimeter-solutions.com\/es\/#organization\",\"name\":\"Perimeter Solutions\",\"url\":\"https:\/\/demo.perimeter-solutions.com\/es\/\",\"logo\":{\"@type\":\"ImageObject\",\"inLanguage\":\"es\",\"@id\":\"https:\/\/demo.perimeter-solutions.com\/es\/#\/schema\/logo\/image\/\",\"url\":\"https:\/\/demo.perimeter-solutions.com\/wp-content\/uploads\/2021\/02\/perimeter-logo-RGB.png\",\"contentUrl\":\"https:\/\/demo.perimeter-solutions.com\/wp-content\/uploads\/2021\/02\/perimeter-logo-RGB.png\",\"width\":794,\"height\":138,\"caption\":\"Perimeter Solutions\"},\"image\":{\"@id\":\"https:\/\/demo.perimeter-solutions.com\/es\/#\/schema\/logo\/image\/\"}}]}<\/script>\n<!-- \/ Yoast SEO Premium plugin. -->","yoast_head_json":{"title":"AUXQUIMIA\u00ae H-930 - PS Demo site","description":"AUXQUIMIA\u00ae H-930 es un compuesto espum\u00f3geno sint\u00e9tico especialmente dise\u00f1ado para ser utilizado en generadores de espuma de alta y media expansi\u00f3n para combatir incendios de clase A y clase B (hidrocarburos).","robots":{"index":"noindex","follow":"follow","max-snippet":"max-snippet:-1","max-image-preview":"max-image-preview:large","max-video-preview":"max-video-preview:-1"},"og_locale":"es_ES","og_type":"article","og_title":"AUXQUIMIA\u00ae H-930","og_description":"AUXQUIMIA\u00ae H-930 es un compuesto espum\u00f3geno sint\u00e9tico especialmente dise\u00f1ado para ser utilizado en generadores de espuma de alta y media expansi\u00f3n para combatir incendios de clase A y clase B (hidrocarburos).","og_url":"https:\/\/demo.perimeter-solutions.com\/es\/product\/auxquimia-h-930-2\/","og_site_name":"PS Demo site","article_modified_time":"2024-08-16T18:11:37+00:00","og_image":[{"width":1445,"height":1870,"url":"https:\/\/demo.perimeter-solutions.com\/wp-content\/uploads\/2024\/06\/AUXQUIMIA_H-930_Page_1.jpg","type":"image\/jpeg"}],"twitter_card":"summary_large_image","twitter_misc":{"Tiempo de lectura":"2 minutos"},"schema":{"@context":"https:\/\/schema.org","@graph":[{"@type":"WebPage","@id":"https:\/\/demo.perimeter-solutions.com\/es\/product\/auxquimia-h-930-2\/","url":"https:\/\/demo.perimeter-solutions.com\/es\/product\/auxquimia-h-930-2\/","name":"AUXQUIMIA\u00ae H-930 - PS Demo site","isPartOf":{"@id":"https:\/\/demo.perimeter-solutions.com\/es\/#website"},"primaryImageOfPage":{"@id":"https:\/\/demo.perimeter-solutions.com\/es\/product\/auxquimia-h-930-2\/#primaryimage"},"image":{"@id":"https:\/\/demo.perimeter-solutions.com\/es\/product\/auxquimia-h-930-2\/#primaryimage"},"thumbnailUrl":"https:\/\/demo.perimeter-solutions.com\/wp-content\/uploads\/2024\/06\/AUXQUIMIA_H-930_Page_1.jpg","datePublished":"2024-06-28T17:34:17+00:00","dateModified":"2024-08-16T18:11:37+00:00","description":"AUXQUIMIA\u00ae H-930 es un compuesto espum\u00f3geno sint\u00e9tico especialmente dise\u00f1ado para ser utilizado en generadores de espuma de alta y media expansi\u00f3n para combatir incendios de clase A y clase B (hidrocarburos).","breadcrumb":{"@id":"https:\/\/demo.perimeter-solutions.com\/es\/product\/auxquimia-h-930-2\/#breadcrumb"},"inLanguage":"es","potentialAction":[{"@type":"ReadAction","target":["https:\/\/demo.perimeter-solutions.com\/es\/product\/auxquimia-h-930-2\/"]}]},{"@type":"ImageObject","inLanguage":"es","@id":"https:\/\/demo.perimeter-solutions.com\/es\/product\/auxquimia-h-930-2\/#primaryimage","url":"https:\/\/demo.perimeter-solutions.com\/wp-content\/uploads\/2024\/06\/AUXQUIMIA_H-930_Page_1.jpg","contentUrl":"https:\/\/demo.perimeter-solutions.com\/wp-content\/uploads\/2024\/06\/AUXQUIMIA_H-930_Page_1.jpg","width":1445,"height":1870},{"@type":"BreadcrumbList","@id":"https:\/\/demo.perimeter-solutions.com\/es\/product\/auxquimia-h-930-2\/#breadcrumb","itemListElement":[{"@type":"ListItem","position":1,"name":"Cat\u00e1logo de productos","item":"https:\/\/demo.perimeter-solutions.com\/es\/product-catalog\/"},{"@type":"ListItem","position":2,"name":"AUXQUIMIA\u00ae H-930"}]},{"@type":"WebSite","@id":"https:\/\/demo.perimeter-solutions.com\/es\/#website","url":"https:\/\/demo.perimeter-solutions.com\/es\/","name":"PS Demo site","description":"","publisher":{"@id":"https:\/\/demo.perimeter-solutions.com\/es\/#organization"},"potentialAction":[{"@type":"SearchAction","target":{"@type":"EntryPoint","urlTemplate":"https:\/\/demo.perimeter-solutions.com\/es\/?s={search_term_string}"},"query-input":{"@type":"PropertyValueSpecification","valueRequired":true,"valueName":"search_term_string"}}],"inLanguage":"es"},{"@type":"Organization","@id":"https:\/\/demo.perimeter-solutions.com\/es\/#organization","name":"Perimeter Solutions","url":"https:\/\/demo.perimeter-solutions.com\/es\/","logo":{"@type":"ImageObject","inLanguage":"es","@id":"https:\/\/demo.perimeter-solutions.com\/es\/#\/schema\/logo\/image\/","url":"https:\/\/demo.perimeter-solutions.com\/wp-content\/uploads\/2021\/02\/perimeter-logo-RGB.png","contentUrl":"https:\/\/demo.perimeter-solutions.com\/wp-content\/uploads\/2021\/02\/perimeter-logo-RGB.png","width":794,"height":138,"caption":"Perimeter Solutions"},"image":{"@id":"https:\/\/demo.perimeter-solutions.com\/es\/#\/schema\/logo\/image\/"}}]}},"_links":{"self":[{"href":"https:\/\/demo.perimeter-solutions.com\/es\/wp-json\/wp\/v2\/product\/42238","targetHints":{"allow":["GET"]}}],"collection":[{"href":"https:\/\/demo.perimeter-solutions.com\/es\/wp-json\/wp\/v2\/product"}],"about":[{"href":"https:\/\/demo.perimeter-solutions.com\/es\/wp-json\/wp\/v2\/types\/product"}],"wp:featuredmedia":[{"embeddable":true,"href":"https:\/\/demo.perimeter-solutions.com\/es\/wp-json\/wp\/v2\/media\/42239"}],"wp:attachment":[{"href":"https:\/\/demo.perimeter-solutions.com\/es\/wp-json\/wp\/v2\/media?parent=42238"}],"wp:term":[{"taxonomy":"product_cat","embeddable":true,"href":"https:\/\/demo.perimeter-solutions.com\/es\/wp-json\/wp\/v2\/product_cat?post=42238"},{"taxonomy":"product_tag","embeddable":true,"href":"https:\/\/demo.perimeter-solutions.com\/es\/wp-json\/wp\/v2\/product_tag?post=42238"}],"curies":[{"name":"wp","href":"https:\/\/api.w.org\/{rel}","templated":true}]}}