{"id":42246,"date":"2024-06-28T13:37:16","date_gmt":"2024-06-28T17:37:16","guid":{"rendered":"https:\/\/demo.perimeter-solutions.com\/product\/espuma-de-alta-expansion-solberg\/"},"modified":"2024-08-16T14:11:45","modified_gmt":"2024-08-16T18:11:45","slug":"espuma-de-alta-expansion-solberg","status":"publish","type":"product","link":"https:\/\/demo.perimeter-solutions.com\/es\/product\/espuma-de-alta-expansion-solberg\/","title":{"rendered":"SOLBERG<sup>\u00ae<\/sup>HI-EX ESPUMA"},"content":{"rendered":"<div><strong>SOLBERG<sup>\u00ae <\/sup><\/strong><strong>HI-EX<\/strong><strong>\u00a0ESPUMA\u00a0 <\/strong>\u00a0es un agente espumante sint\u00e9tico que contiene, entre otros ingredientes, una mezcla de agentes tensioactivos a base de hidrocarburos. Es un l\u00edquido espum\u00f3geno del tipo detergente sint\u00e9tico y especialmente dise\u00f1ado para ser utilizado en generadores de espuma de media y alta expansi\u00f3n, con aspiraci\u00f3n de aire, para producir espuma con relaciones de expansi\u00f3n de 200:1 a m\u00e1s de 1000:1 seg\u00fan el tipo de generador. Como espuma de alta expansi\u00f3n, el producto se utiliza principalmente para extinguir incendios en zonas inaccesibles, como almacenes, con desplazamiento de aire como principal mecanismo de extinci\u00f3n. La tasa de inducci\u00f3n de la ESPUMA HI-EX SOLBERG es del 1-2% y la espuma generada muestra una excelente capacidad de extinci\u00f3n de incendios. Su bajo \u00edndice de mezcla hace que la ESPUMA HI-EX SOLBERG sea econ\u00f3mica de utilizar. La ESPUMA HI-EX SOLBERG es un producto de \u00faltima generaci\u00f3n, pr\u00e1cticamente no t\u00f3xico y con un bajo impacto medioambiental. La ESPUMA HI-EX SOLBERG puede aplicarse en situaciones de incendio en las que ya se utilizan otros tipos de espuma.<\/div>\n<div><\/div>\n<div><\/div>\n<div><strong>CERTIFICACIONES:<\/strong> EN 1568\/2, ISO 7203-2<\/div>\n<p>&nbsp;<\/p>\n<h4>Opciones disponibles<\/h4>\n","protected":false},"excerpt":{"rendered":"<p>SOLBERG\u00ae HI-EX\u00a0ESPUMA\u00a0 \u00a0es un agente espumante sint\u00e9tico que contiene, entre otros ingredientes, una mezcla de agentes tensioactivos a base de hidrocarburos. Es un l\u00edquido espum\u00f3geno del tipo detergente sint\u00e9tico y [&hellip;]<\/p>\n","protected":false},"featured_media":42248,"template":"","meta":{"_acf_changed":false},"product_cat":[188,200],"product_tag":[222,232,246,252,248,242],"class_list":{"0":"post-42246","1":"product","2":"type-product","3":"status-publish","4":"has-post-thumbnail","6":"product_cat-class-b-es","7":"product_cat-hi-ex-foam-concentrate-es","8":"product_tag-en-1568-es","9":"product_tag-industrial-es","10":"product_tag-marina-es","11":"product_tag-municipal-es","12":"product_tag-petroleo-y-gas","13":"product_tag-solberg-es","15":"first","16":"instock","17":"shipping-taxable","18":"purchasable","19":"product-type-simple"},"acf":[],"yoast_head":"<!-- This site is optimized with the Yoast SEO Premium plugin v21.9 (Yoast SEO v23.5) - https:\/\/yoast.com\/wordpress\/plugins\/seo\/ -->\n<title>SOLBERG\u00aeHI-EX ESPUMA - PS Demo site<\/title>\n<meta name=\"robots\" content=\"noindex, follow, max-snippet:-1, max-image-preview:large, max-video-preview:-1\" \/>\n<meta property=\"og:locale\" content=\"es_ES\" \/>\n<meta property=\"og:type\" content=\"article\" \/>\n<meta property=\"og:title\" content=\"SOLBERG\u00aeHI-EX ESPUMA\" \/>\n<meta property=\"og:description\" content=\"SOLBERG\u00ae HI-EX\u00a0ESPUMA\u00a0 \u00a0es un agente espumante sint\u00e9tico que contiene, entre otros ingredientes, una mezcla de agentes tensioactivos a base de hidrocarburos. Es un l\u00edquido espum\u00f3geno del tipo detergente sint\u00e9tico y [&hellip;]\" \/>\n<meta property=\"og:url\" content=\"https:\/\/demo.perimeter-solutions.com\/es\/product\/espuma-de-alta-expansion-solberg\/\" \/>\n<meta property=\"og:site_name\" content=\"PS Demo site\" \/>\n<meta property=\"article:modified_time\" content=\"2024-08-16T18:11:45+00:00\" \/>\n<meta name=\"twitter:card\" content=\"summary_large_image\" \/>\n<meta name=\"twitter:label1\" content=\"Tiempo de lectura\" \/>\n\t<meta name=\"twitter:data1\" content=\"1 minuto\" \/>\n<script type=\"application\/ld+json\" class=\"yoast-schema-graph\">{\"@context\":\"https:\/\/schema.org\",\"@graph\":[{\"@type\":\"WebPage\",\"@id\":\"https:\/\/demo.perimeter-solutions.com\/es\/product\/espuma-de-alta-expansion-solberg\/\",\"url\":\"https:\/\/demo.perimeter-solutions.com\/es\/product\/espuma-de-alta-expansion-solberg\/\",\"name\":\"SOLBERG\u00aeHI-EX ESPUMA - PS Demo site\",\"isPartOf\":{\"@id\":\"https:\/\/demo.perimeter-solutions.com\/es\/#website\"},\"primaryImageOfPage\":{\"@id\":\"https:\/\/demo.perimeter-solutions.com\/es\/product\/espuma-de-alta-expansion-solberg\/#primaryimage\"},\"image\":{\"@id\":\"https:\/\/demo.perimeter-solutions.com\/es\/product\/espuma-de-alta-expansion-solberg\/#primaryimage\"},\"thumbnailUrl\":\"https:\/\/demo.perimeter-solutions.com\/wp-content\/uploads\/2024\/06\/SOLBERG-HI-EX-1-2-pdf.jpg\",\"datePublished\":\"2024-06-28T17:37:16+00:00\",\"dateModified\":\"2024-08-16T18:11:45+00:00\",\"breadcrumb\":{\"@id\":\"https:\/\/demo.perimeter-solutions.com\/es\/product\/espuma-de-alta-expansion-solberg\/#breadcrumb\"},\"inLanguage\":\"es\",\"potentialAction\":[{\"@type\":\"ReadAction\",\"target\":[\"https:\/\/demo.perimeter-solutions.com\/es\/product\/espuma-de-alta-expansion-solberg\/\"]}]},{\"@type\":\"ImageObject\",\"inLanguage\":\"es\",\"@id\":\"https:\/\/demo.perimeter-solutions.com\/es\/product\/espuma-de-alta-expansion-solberg\/#primaryimage\",\"url\":\"https:\/\/demo.perimeter-solutions.com\/wp-content\/uploads\/2024\/06\/SOLBERG-HI-EX-1-2-pdf.jpg\",\"contentUrl\":\"https:\/\/demo.perimeter-solutions.com\/wp-content\/uploads\/2024\/06\/SOLBERG-HI-EX-1-2-pdf.jpg\"},{\"@type\":\"BreadcrumbList\",\"@id\":\"https:\/\/demo.perimeter-solutions.com\/es\/product\/espuma-de-alta-expansion-solberg\/#breadcrumb\",\"itemListElement\":[{\"@type\":\"ListItem\",\"position\":1,\"name\":\"Cat\u00e1logo de productos\",\"item\":\"https:\/\/demo.perimeter-solutions.com\/es\/product-catalog\/\"},{\"@type\":\"ListItem\",\"position\":2,\"name\":\"SOLBERG\u00aeHI-EX ESPUMA\"}]},{\"@type\":\"WebSite\",\"@id\":\"https:\/\/demo.perimeter-solutions.com\/es\/#website\",\"url\":\"https:\/\/demo.perimeter-solutions.com\/es\/\",\"name\":\"PS Demo site\",\"description\":\"\",\"publisher\":{\"@id\":\"https:\/\/demo.perimeter-solutions.com\/es\/#organization\"},\"potentialAction\":[{\"@type\":\"SearchAction\",\"target\":{\"@type\":\"EntryPoint\",\"urlTemplate\":\"https:\/\/demo.perimeter-solutions.com\/es\/?s={search_term_string}\"},\"query-input\":{\"@type\":\"PropertyValueSpecification\",\"valueRequired\":true,\"valueName\":\"search_term_string\"}}],\"inLanguage\":\"es\"},{\"@type\":\"Organization\",\"@id\":\"https:\/\/demo.perimeter-solutions.com\/es\/#organization\",\"name\":\"Perimeter Solutions\",\"url\":\"https:\/\/demo.perimeter-solutions.com\/es\/\",\"logo\":{\"@type\":\"ImageObject\",\"inLanguage\":\"es\",\"@id\":\"https:\/\/demo.perimeter-solutions.com\/es\/#\/schema\/logo\/image\/\",\"url\":\"https:\/\/demo.perimeter-solutions.com\/wp-content\/uploads\/2021\/02\/perimeter-logo-RGB.png\",\"contentUrl\":\"https:\/\/demo.perimeter-solutions.com\/wp-content\/uploads\/2021\/02\/perimeter-logo-RGB.png\",\"width\":794,\"height\":138,\"caption\":\"Perimeter Solutions\"},\"image\":{\"@id\":\"https:\/\/demo.perimeter-solutions.com\/es\/#\/schema\/logo\/image\/\"}}]}<\/script>\n<!-- \/ Yoast SEO Premium plugin. -->","yoast_head_json":{"title":"SOLBERG\u00aeHI-EX ESPUMA - PS Demo site","robots":{"index":"noindex","follow":"follow","max-snippet":"max-snippet:-1","max-image-preview":"max-image-preview:large","max-video-preview":"max-video-preview:-1"},"og_locale":"es_ES","og_type":"article","og_title":"SOLBERG\u00aeHI-EX ESPUMA","og_description":"SOLBERG\u00ae HI-EX\u00a0ESPUMA\u00a0 \u00a0es un agente espumante sint\u00e9tico que contiene, entre otros ingredientes, una mezcla de agentes tensioactivos a base de hidrocarburos. Es un l\u00edquido espum\u00f3geno del tipo detergente sint\u00e9tico y [&hellip;]","og_url":"https:\/\/demo.perimeter-solutions.com\/es\/product\/espuma-de-alta-expansion-solberg\/","og_site_name":"PS Demo site","article_modified_time":"2024-08-16T18:11:45+00:00","twitter_card":"summary_large_image","twitter_misc":{"Tiempo de lectura":"1 minuto"},"schema":{"@context":"https:\/\/schema.org","@graph":[{"@type":"WebPage","@id":"https:\/\/demo.perimeter-solutions.com\/es\/product\/espuma-de-alta-expansion-solberg\/","url":"https:\/\/demo.perimeter-solutions.com\/es\/product\/espuma-de-alta-expansion-solberg\/","name":"SOLBERG\u00aeHI-EX ESPUMA - PS Demo site","isPartOf":{"@id":"https:\/\/demo.perimeter-solutions.com\/es\/#website"},"primaryImageOfPage":{"@id":"https:\/\/demo.perimeter-solutions.com\/es\/product\/espuma-de-alta-expansion-solberg\/#primaryimage"},"image":{"@id":"https:\/\/demo.perimeter-solutions.com\/es\/product\/espuma-de-alta-expansion-solberg\/#primaryimage"},"thumbnailUrl":"https:\/\/demo.perimeter-solutions.com\/wp-content\/uploads\/2024\/06\/SOLBERG-HI-EX-1-2-pdf.jpg","datePublished":"2024-06-28T17:37:16+00:00","dateModified":"2024-08-16T18:11:45+00:00","breadcrumb":{"@id":"https:\/\/demo.perimeter-solutions.com\/es\/product\/espuma-de-alta-expansion-solberg\/#breadcrumb"},"inLanguage":"es","potentialAction":[{"@type":"ReadAction","target":["https:\/\/demo.perimeter-solutions.com\/es\/product\/espuma-de-alta-expansion-solberg\/"]}]},{"@type":"ImageObject","inLanguage":"es","@id":"https:\/\/demo.perimeter-solutions.com\/es\/product\/espuma-de-alta-expansion-solberg\/#primaryimage","url":"https:\/\/demo.perimeter-solutions.com\/wp-content\/uploads\/2024\/06\/SOLBERG-HI-EX-1-2-pdf.jpg","contentUrl":"https:\/\/demo.perimeter-solutions.com\/wp-content\/uploads\/2024\/06\/SOLBERG-HI-EX-1-2-pdf.jpg"},{"@type":"BreadcrumbList","@id":"https:\/\/demo.perimeter-solutions.com\/es\/product\/espuma-de-alta-expansion-solberg\/#breadcrumb","itemListElement":[{"@type":"ListItem","position":1,"name":"Cat\u00e1logo de productos","item":"https:\/\/demo.perimeter-solutions.com\/es\/product-catalog\/"},{"@type":"ListItem","position":2,"name":"SOLBERG\u00aeHI-EX ESPUMA"}]},{"@type":"WebSite","@id":"https:\/\/demo.perimeter-solutions.com\/es\/#website","url":"https:\/\/demo.perimeter-solutions.com\/es\/","name":"PS Demo site","description":"","publisher":{"@id":"https:\/\/demo.perimeter-solutions.com\/es\/#organization"},"potentialAction":[{"@type":"SearchAction","target":{"@type":"EntryPoint","urlTemplate":"https:\/\/demo.perimeter-solutions.com\/es\/?s={search_term_string}"},"query-input":{"@type":"PropertyValueSpecification","valueRequired":true,"valueName":"search_term_string"}}],"inLanguage":"es"},{"@type":"Organization","@id":"https:\/\/demo.perimeter-solutions.com\/es\/#organization","name":"Perimeter Solutions","url":"https:\/\/demo.perimeter-solutions.com\/es\/","logo":{"@type":"ImageObject","inLanguage":"es","@id":"https:\/\/demo.perimeter-solutions.com\/es\/#\/schema\/logo\/image\/","url":"https:\/\/demo.perimeter-solutions.com\/wp-content\/uploads\/2021\/02\/perimeter-logo-RGB.png","contentUrl":"https:\/\/demo.perimeter-solutions.com\/wp-content\/uploads\/2021\/02\/perimeter-logo-RGB.png","width":794,"height":138,"caption":"Perimeter Solutions"},"image":{"@id":"https:\/\/demo.perimeter-solutions.com\/es\/#\/schema\/logo\/image\/"}}]}},"_links":{"self":[{"href":"https:\/\/demo.perimeter-solutions.com\/es\/wp-json\/wp\/v2\/product\/42246","targetHints":{"allow":["GET"]}}],"collection":[{"href":"https:\/\/demo.perimeter-solutions.com\/es\/wp-json\/wp\/v2\/product"}],"about":[{"href":"https:\/\/demo.perimeter-solutions.com\/es\/wp-json\/wp\/v2\/types\/product"}],"wp:featuredmedia":[{"embeddable":true,"href":"https:\/\/demo.perimeter-solutions.com\/es\/wp-json\/wp\/v2\/media\/42248"}],"wp:attachment":[{"href":"https:\/\/demo.perimeter-solutions.com\/es\/wp-json\/wp\/v2\/media?parent=42246"}],"wp:term":[{"taxonomy":"product_cat","embeddable":true,"href":"https:\/\/demo.perimeter-solutions.com\/es\/wp-json\/wp\/v2\/product_cat?post=42246"},{"taxonomy":"product_tag","embeddable":true,"href":"https:\/\/demo.perimeter-solutions.com\/es\/wp-json\/wp\/v2\/product_tag?post=42246"}],"curies":[{"name":"wp","href":"https:\/\/api.w.org\/{rel}","templated":true}]}}