{"id":42270,"date":"2024-06-28T13:47:08","date_gmt":"2024-06-28T17:47:08","guid":{"rendered":"https:\/\/demo.perimeter-solutions.com\/product\/auxquimia-unipol-ff-3-6\/"},"modified":"2024-08-14T20:12:50","modified_gmt":"2024-08-15T00:12:50","slug":"auxquimia-unipol-ff-3-6","status":"publish","type":"product","link":"https:\/\/demo.perimeter-solutions.com\/es\/product\/auxquimia-unipol-ff-3-6\/","title":{"rendered":"AUXQUIMIA<sup>\u00ae<\/sup> UNIPOL-FF\u2122 3\/6"},"content":{"rendered":"<p><span style=\"color: #000000;\"><strong>AUXQUIMIA<sup>\u00ae<\/sup> UNIPOL-FF<sup>\u2122<\/sup> 3\/6 <\/strong>es un concentrado espum\u00f3geno formulado con una combinaci\u00f3n especial de tensioactivos hidrocarbonados y pol\u00edmeros pseudopl\u00e1sticos que confiere excelentes propiedades espumantes, extintoras y de reabsorci\u00f3n a sus soluciones espum\u00f3genas. No contiene compuestos organohalogenados. Puede utilizarse para apagar fuegos de clase B (l\u00edquidos) y clase A (s\u00f3lidos).<\/span><\/p>\n<p><span style=\"color: #000000;\">UNIPOL-FF 3\/6 ha sido dise\u00f1ado para ser utilizado con equipos de espuma de alta, media y baja expansi\u00f3n y generar espumas de gran fluidez y drenaje lento. Se utiliza principalmente en fuegos de hidrocarburos y puede aplicarse incluso con capacidad de aplicaci\u00f3n contundente hasta ahora s\u00f3lo emitida para agentes AFFF. Tambi\u00e9n puede utilizarse en disolventes polares, en este caso con una aplicaci\u00f3n suave. La falta de aditivos fluorados, que mejora el efecto antialcohol del producto, puede reducir el rendimiento con distintos disolventes, por lo que puede ser necesario aumentar las dosis t\u00edpicas de aplicaci\u00f3n. A diferencia de los agentes AFFF, no forma una pel\u00edcula acuosa sobre los hidrocarburos porque no contiene tensioactivos fluorados. Los excelentes tiempos de extinci\u00f3n son posibles gracias a su buena capacidad espumante, alta retenci\u00f3n de agua y oleofobicidad.<\/span><\/p>\n<p><span style=\"color: #000000;\">Como no forma una pel\u00edcula acuosa, se recomienda que cuando se utilice UNIPOL-FF 3\/6 se cubra el combustible con una capa de espuma lo suficientemente gruesa como para evitar que la superficie del combustible quede expuesta y se encienda de nuevo. Su buena capacidad de humectaci\u00f3n y gran retenci\u00f3n de agua lo hacen muy adecuado para extinguir fuegos de Clase A (s\u00f3lidos) tanto con boquillas de pulverizaci\u00f3n como de baja expansi\u00f3n.<\/span><\/p>\n<p><span style=\"color: #000000;\">La tasa de diluci\u00f3n de UNIPOL-FF 3\/6 es del 3% en agua dulce o de mar para extinguir fuegos de hidrocarburos y del 6% para fuegos de disolventes polares (alcoholes, cetonas, \u00e9teres, \u00e9steres, aminas, etc.) o cuando se requiera una expansi\u00f3n media.<\/span><\/p>\n<p><span style=\"color: #000000;\">UNIPOL-FF 3\/6 es altamente biodegradable. Funciona eficazmente con agua dulce o salada y puede dosificarse con equipos est\u00e1ndar (inductores en l\u00ednea, dep\u00f3sitos de vejiga, bombas, sistemas de presi\u00f3n equilibrada, etc.) y especiales para agentes AFFF (por ejemplo, boquillas Hydrofoam).<\/span><\/p>\n<h4>Opciones disponibles<\/h4>\n","protected":false},"excerpt":{"rendered":"<p>AUXQUIMIA\u00ae UNIPOL-FF\u2122 3\/6 es un concentrado espum\u00f3geno formulado con una combinaci\u00f3n especial de tensioactivos hidrocarbonados y pol\u00edmeros pseudopl\u00e1sticos que confiere excelentes propiedades espumantes, extintoras y de reabsorci\u00f3n a sus soluciones [&hellip;]<\/p>\n","protected":false},"featured_media":42272,"template":"","meta":{"_acf_changed":false},"product_cat":[197,188],"product_tag":[214,222,232,236,252,248,244],"class_list":{"0":"post-42270","1":"product","2":"type-product","3":"status-publish","4":"has-post-thumbnail","6":"product_cat-class-b-fluorine-free-es","7":"product_cat-class-b-es","8":"product_tag-auxquimia-es","9":"product_tag-en-1568-es","10":"product_tag-industrial-es","11":"product_tag-lastfire-es","12":"product_tag-municipal-es","13":"product_tag-petroleo-y-gas","14":"product_tag-ul-162-es","16":"first","17":"instock","18":"shipping-taxable","19":"purchasable","20":"product-type-simple"},"acf":[],"yoast_head":"<!-- This site is optimized with the Yoast SEO Premium plugin v21.9 (Yoast SEO v23.5) - https:\/\/yoast.com\/wordpress\/plugins\/seo\/ -->\n<title>AUXQUIMIA\u00ae UNIPOL-FF\u2122 3\/6 - PS Demo site<\/title>\n<meta name=\"description\" content=\"AUXQUIMIA\u00ae UNIPOL-FF\u2122 3\/6 es un concentrado espum\u00f3geno formulado con una combinaci\u00f3n especial de tensioactivos hidrocarbonados y pol\u00edmeros pseudopl\u00e1sticos que confiere excelentes propiedades espumantes, extintoras y de reabsorci\u00f3n a sus soluciones espum\u00f3genas.\" \/>\n<meta name=\"robots\" content=\"noindex, follow, max-snippet:-1, max-image-preview:large, max-video-preview:-1\" \/>\n<meta property=\"og:locale\" content=\"es_ES\" \/>\n<meta property=\"og:type\" content=\"article\" \/>\n<meta property=\"og:title\" content=\"AUXQUIMIA\u00ae UNIPOL-FF\u2122 3\/6\" \/>\n<meta property=\"og:description\" content=\"AUXQUIMIA\u00ae UNIPOL-FF\u2122 3\/6 es un concentrado espum\u00f3geno formulado con una combinaci\u00f3n especial de tensioactivos hidrocarbonados y pol\u00edmeros pseudopl\u00e1sticos que confiere excelentes propiedades espumantes, extintoras y de reabsorci\u00f3n a sus soluciones espum\u00f3genas.\" \/>\n<meta property=\"og:url\" content=\"https:\/\/demo.perimeter-solutions.com\/es\/product\/auxquimia-unipol-ff-3-6\/\" \/>\n<meta property=\"og:site_name\" content=\"PS Demo site\" \/>\n<meta property=\"article:modified_time\" content=\"2024-08-15T00:12:50+00:00\" \/>\n<meta property=\"og:image\" content=\"https:\/\/demo.perimeter-solutions.com\/wp-content\/uploads\/2024\/06\/AUXQUIMIA_Unipol-FF-3-6-ENG-A4_v2_Page_1-scaled.jpg\" \/>\n\t<meta property=\"og:image:width\" content=\"1811\" \/>\n\t<meta property=\"og:image:height\" content=\"2560\" \/>\n\t<meta property=\"og:image:type\" content=\"image\/jpeg\" \/>\n<meta name=\"twitter:card\" content=\"summary_large_image\" \/>\n<meta name=\"twitter:label1\" content=\"Tiempo de lectura\" \/>\n\t<meta name=\"twitter:data1\" content=\"2 minutos\" \/>\n<script type=\"application\/ld+json\" class=\"yoast-schema-graph\">{\"@context\":\"https:\/\/schema.org\",\"@graph\":[{\"@type\":\"WebPage\",\"@id\":\"https:\/\/demo.perimeter-solutions.com\/es\/product\/auxquimia-unipol-ff-3-6\/\",\"url\":\"https:\/\/demo.perimeter-solutions.com\/es\/product\/auxquimia-unipol-ff-3-6\/\",\"name\":\"AUXQUIMIA\u00ae UNIPOL-FF\u2122 3\/6 - PS Demo site\",\"isPartOf\":{\"@id\":\"https:\/\/demo.perimeter-solutions.com\/es\/#website\"},\"primaryImageOfPage\":{\"@id\":\"https:\/\/demo.perimeter-solutions.com\/es\/product\/auxquimia-unipol-ff-3-6\/#primaryimage\"},\"image\":{\"@id\":\"https:\/\/demo.perimeter-solutions.com\/es\/product\/auxquimia-unipol-ff-3-6\/#primaryimage\"},\"thumbnailUrl\":\"https:\/\/demo.perimeter-solutions.com\/wp-content\/uploads\/2024\/06\/AUXQUIMIA_Unipol-FF-3-6-ENG-A4_v2_Page_1-scaled.jpg\",\"datePublished\":\"2024-06-28T17:47:08+00:00\",\"dateModified\":\"2024-08-15T00:12:50+00:00\",\"description\":\"AUXQUIMIA\u00ae UNIPOL-FF\u2122 3\/6 es un concentrado espum\u00f3geno formulado con una combinaci\u00f3n especial de tensioactivos hidrocarbonados y pol\u00edmeros pseudopl\u00e1sticos que confiere excelentes propiedades espumantes, extintoras y de reabsorci\u00f3n a sus soluciones espum\u00f3genas.\",\"breadcrumb\":{\"@id\":\"https:\/\/demo.perimeter-solutions.com\/es\/product\/auxquimia-unipol-ff-3-6\/#breadcrumb\"},\"inLanguage\":\"es\",\"potentialAction\":[{\"@type\":\"ReadAction\",\"target\":[\"https:\/\/demo.perimeter-solutions.com\/es\/product\/auxquimia-unipol-ff-3-6\/\"]}]},{\"@type\":\"ImageObject\",\"inLanguage\":\"es\",\"@id\":\"https:\/\/demo.perimeter-solutions.com\/es\/product\/auxquimia-unipol-ff-3-6\/#primaryimage\",\"url\":\"https:\/\/demo.perimeter-solutions.com\/wp-content\/uploads\/2024\/06\/AUXQUIMIA_Unipol-FF-3-6-ENG-A4_v2_Page_1-scaled.jpg\",\"contentUrl\":\"https:\/\/demo.perimeter-solutions.com\/wp-content\/uploads\/2024\/06\/AUXQUIMIA_Unipol-FF-3-6-ENG-A4_v2_Page_1-scaled.jpg\",\"width\":1811,\"height\":2560},{\"@type\":\"BreadcrumbList\",\"@id\":\"https:\/\/demo.perimeter-solutions.com\/es\/product\/auxquimia-unipol-ff-3-6\/#breadcrumb\",\"itemListElement\":[{\"@type\":\"ListItem\",\"position\":1,\"name\":\"Cat\u00e1logo de productos\",\"item\":\"https:\/\/demo.perimeter-solutions.com\/es\/product-catalog\/\"},{\"@type\":\"ListItem\",\"position\":2,\"name\":\"AUXQUIMIA\u00ae UNIPOL-FF\u2122 3\/6\"}]},{\"@type\":\"WebSite\",\"@id\":\"https:\/\/demo.perimeter-solutions.com\/es\/#website\",\"url\":\"https:\/\/demo.perimeter-solutions.com\/es\/\",\"name\":\"PS Demo site\",\"description\":\"\",\"publisher\":{\"@id\":\"https:\/\/demo.perimeter-solutions.com\/es\/#organization\"},\"potentialAction\":[{\"@type\":\"SearchAction\",\"target\":{\"@type\":\"EntryPoint\",\"urlTemplate\":\"https:\/\/demo.perimeter-solutions.com\/es\/?s={search_term_string}\"},\"query-input\":{\"@type\":\"PropertyValueSpecification\",\"valueRequired\":true,\"valueName\":\"search_term_string\"}}],\"inLanguage\":\"es\"},{\"@type\":\"Organization\",\"@id\":\"https:\/\/demo.perimeter-solutions.com\/es\/#organization\",\"name\":\"Perimeter Solutions\",\"url\":\"https:\/\/demo.perimeter-solutions.com\/es\/\",\"logo\":{\"@type\":\"ImageObject\",\"inLanguage\":\"es\",\"@id\":\"https:\/\/demo.perimeter-solutions.com\/es\/#\/schema\/logo\/image\/\",\"url\":\"https:\/\/demo.perimeter-solutions.com\/wp-content\/uploads\/2021\/02\/perimeter-logo-RGB.png\",\"contentUrl\":\"https:\/\/demo.perimeter-solutions.com\/wp-content\/uploads\/2021\/02\/perimeter-logo-RGB.png\",\"width\":794,\"height\":138,\"caption\":\"Perimeter Solutions\"},\"image\":{\"@id\":\"https:\/\/demo.perimeter-solutions.com\/es\/#\/schema\/logo\/image\/\"}}]}<\/script>\n<!-- \/ Yoast SEO Premium plugin. -->","yoast_head_json":{"title":"AUXQUIMIA\u00ae UNIPOL-FF\u2122 3\/6 - PS Demo site","description":"AUXQUIMIA\u00ae UNIPOL-FF\u2122 3\/6 es un concentrado espum\u00f3geno formulado con una combinaci\u00f3n especial de tensioactivos hidrocarbonados y pol\u00edmeros pseudopl\u00e1sticos que confiere excelentes propiedades espumantes, extintoras y de reabsorci\u00f3n a sus soluciones espum\u00f3genas.","robots":{"index":"noindex","follow":"follow","max-snippet":"max-snippet:-1","max-image-preview":"max-image-preview:large","max-video-preview":"max-video-preview:-1"},"og_locale":"es_ES","og_type":"article","og_title":"AUXQUIMIA\u00ae UNIPOL-FF\u2122 3\/6","og_description":"AUXQUIMIA\u00ae UNIPOL-FF\u2122 3\/6 es un concentrado espum\u00f3geno formulado con una combinaci\u00f3n especial de tensioactivos hidrocarbonados y pol\u00edmeros pseudopl\u00e1sticos que confiere excelentes propiedades espumantes, extintoras y de reabsorci\u00f3n a sus soluciones espum\u00f3genas.","og_url":"https:\/\/demo.perimeter-solutions.com\/es\/product\/auxquimia-unipol-ff-3-6\/","og_site_name":"PS Demo site","article_modified_time":"2024-08-15T00:12:50+00:00","og_image":[{"width":1811,"height":2560,"url":"https:\/\/demo.perimeter-solutions.com\/wp-content\/uploads\/2024\/06\/AUXQUIMIA_Unipol-FF-3-6-ENG-A4_v2_Page_1-scaled.jpg","type":"image\/jpeg"}],"twitter_card":"summary_large_image","twitter_misc":{"Tiempo de lectura":"2 minutos"},"schema":{"@context":"https:\/\/schema.org","@graph":[{"@type":"WebPage","@id":"https:\/\/demo.perimeter-solutions.com\/es\/product\/auxquimia-unipol-ff-3-6\/","url":"https:\/\/demo.perimeter-solutions.com\/es\/product\/auxquimia-unipol-ff-3-6\/","name":"AUXQUIMIA\u00ae UNIPOL-FF\u2122 3\/6 - PS Demo site","isPartOf":{"@id":"https:\/\/demo.perimeter-solutions.com\/es\/#website"},"primaryImageOfPage":{"@id":"https:\/\/demo.perimeter-solutions.com\/es\/product\/auxquimia-unipol-ff-3-6\/#primaryimage"},"image":{"@id":"https:\/\/demo.perimeter-solutions.com\/es\/product\/auxquimia-unipol-ff-3-6\/#primaryimage"},"thumbnailUrl":"https:\/\/demo.perimeter-solutions.com\/wp-content\/uploads\/2024\/06\/AUXQUIMIA_Unipol-FF-3-6-ENG-A4_v2_Page_1-scaled.jpg","datePublished":"2024-06-28T17:47:08+00:00","dateModified":"2024-08-15T00:12:50+00:00","description":"AUXQUIMIA\u00ae UNIPOL-FF\u2122 3\/6 es un concentrado espum\u00f3geno formulado con una combinaci\u00f3n especial de tensioactivos hidrocarbonados y pol\u00edmeros pseudopl\u00e1sticos que confiere excelentes propiedades espumantes, extintoras y de reabsorci\u00f3n a sus soluciones espum\u00f3genas.","breadcrumb":{"@id":"https:\/\/demo.perimeter-solutions.com\/es\/product\/auxquimia-unipol-ff-3-6\/#breadcrumb"},"inLanguage":"es","potentialAction":[{"@type":"ReadAction","target":["https:\/\/demo.perimeter-solutions.com\/es\/product\/auxquimia-unipol-ff-3-6\/"]}]},{"@type":"ImageObject","inLanguage":"es","@id":"https:\/\/demo.perimeter-solutions.com\/es\/product\/auxquimia-unipol-ff-3-6\/#primaryimage","url":"https:\/\/demo.perimeter-solutions.com\/wp-content\/uploads\/2024\/06\/AUXQUIMIA_Unipol-FF-3-6-ENG-A4_v2_Page_1-scaled.jpg","contentUrl":"https:\/\/demo.perimeter-solutions.com\/wp-content\/uploads\/2024\/06\/AUXQUIMIA_Unipol-FF-3-6-ENG-A4_v2_Page_1-scaled.jpg","width":1811,"height":2560},{"@type":"BreadcrumbList","@id":"https:\/\/demo.perimeter-solutions.com\/es\/product\/auxquimia-unipol-ff-3-6\/#breadcrumb","itemListElement":[{"@type":"ListItem","position":1,"name":"Cat\u00e1logo de productos","item":"https:\/\/demo.perimeter-solutions.com\/es\/product-catalog\/"},{"@type":"ListItem","position":2,"name":"AUXQUIMIA\u00ae UNIPOL-FF\u2122 3\/6"}]},{"@type":"WebSite","@id":"https:\/\/demo.perimeter-solutions.com\/es\/#website","url":"https:\/\/demo.perimeter-solutions.com\/es\/","name":"PS Demo site","description":"","publisher":{"@id":"https:\/\/demo.perimeter-solutions.com\/es\/#organization"},"potentialAction":[{"@type":"SearchAction","target":{"@type":"EntryPoint","urlTemplate":"https:\/\/demo.perimeter-solutions.com\/es\/?s={search_term_string}"},"query-input":{"@type":"PropertyValueSpecification","valueRequired":true,"valueName":"search_term_string"}}],"inLanguage":"es"},{"@type":"Organization","@id":"https:\/\/demo.perimeter-solutions.com\/es\/#organization","name":"Perimeter Solutions","url":"https:\/\/demo.perimeter-solutions.com\/es\/","logo":{"@type":"ImageObject","inLanguage":"es","@id":"https:\/\/demo.perimeter-solutions.com\/es\/#\/schema\/logo\/image\/","url":"https:\/\/demo.perimeter-solutions.com\/wp-content\/uploads\/2021\/02\/perimeter-logo-RGB.png","contentUrl":"https:\/\/demo.perimeter-solutions.com\/wp-content\/uploads\/2021\/02\/perimeter-logo-RGB.png","width":794,"height":138,"caption":"Perimeter Solutions"},"image":{"@id":"https:\/\/demo.perimeter-solutions.com\/es\/#\/schema\/logo\/image\/"}}]}},"_links":{"self":[{"href":"https:\/\/demo.perimeter-solutions.com\/es\/wp-json\/wp\/v2\/product\/42270","targetHints":{"allow":["GET"]}}],"collection":[{"href":"https:\/\/demo.perimeter-solutions.com\/es\/wp-json\/wp\/v2\/product"}],"about":[{"href":"https:\/\/demo.perimeter-solutions.com\/es\/wp-json\/wp\/v2\/types\/product"}],"wp:featuredmedia":[{"embeddable":true,"href":"https:\/\/demo.perimeter-solutions.com\/es\/wp-json\/wp\/v2\/media\/42272"}],"wp:attachment":[{"href":"https:\/\/demo.perimeter-solutions.com\/es\/wp-json\/wp\/v2\/media?parent=42270"}],"wp:term":[{"taxonomy":"product_cat","embeddable":true,"href":"https:\/\/demo.perimeter-solutions.com\/es\/wp-json\/wp\/v2\/product_cat?post=42270"},{"taxonomy":"product_tag","embeddable":true,"href":"https:\/\/demo.perimeter-solutions.com\/es\/wp-json\/wp\/v2\/product_tag?post=42270"}],"curies":[{"name":"wp","href":"https:\/\/api.w.org\/{rel}","templated":true}]}}