{"id":42282,"date":"2024-06-28T14:25:54","date_gmt":"2024-06-28T18:25:54","guid":{"rendered":"https:\/\/demo.perimeter-solutions.com\/product\/solberg-re-healing-3x3-sin-fluor-sp-100\/"},"modified":"2024-08-14T20:42:42","modified_gmt":"2024-08-15T00:42:42","slug":"solberg-re-healing-3x3-sin-fluor-sp-100","status":"publish","type":"product","link":"https:\/\/demo.perimeter-solutions.com\/es\/product\/solberg-re-healing-3x3-sin-fluor-sp-100\/","title":{"rendered":"SOLBERG<sup>\u00ae<\/sup> RE-HEALING\u2122 3X3 SIN FL\u00daOR SP-100"},"content":{"rendered":"<div>El concentrado de espuma <strong>SOLBERG<sup>\u00ae<\/sup> RE-HEALING<sup>\u2122<\/sup> 3\u00d73 SIN FLUOR SP-100<\/strong> es el primer concentrado de espuma 3\u00d73 sin fl\u00faor de la industria con listado UL y con el complemento completo de hardware y listados de aspersores, incluidos los cabezales de aspersores est\u00e1ndar no aspirados. Contiene una tecnolog\u00eda innovadora que no es persistente, no contiene productos qu\u00edmicos de silicona\/siloxano y no contiene productos qu\u00edmicos PFAS a\u00f1adidos intencionadamente. SOLBERG RE-HEALING 3\u00d73 FLUORINE-FREE SP-100 est\u00e1 dise\u00f1ado para extinguir y asegurar tanto fuegos de Clase B (combustible hidrocarburo y combustible disolvente polar) como fuegos profundos de Clase A. Este concentrado de espuma sin fl\u00faor es una combinaci\u00f3n de tensioactivos y aditivos de hidrocarburos patentados que ofrecen excelentes propiedades de formaci\u00f3n de espuma, sellado de vapores y estabilidad para atacar y asegurar tanto fuegos poco profundos como fuegos profundos de combustible. SOLBERG RE-HEALING 3\u00d73 FLUORINE-FREE SP-100 est\u00e1 dise\u00f1ado espec\u00edficamente para aplicaciones de rociadores para extinguir y asegurar combustibles de Clase B (combustible de hidrocarburo y disolvente polar). Esta tecnolog\u00eda permite utilizarlo con \u00e9xito a trav\u00e9s de aspersores est\u00e1ndar y de aspiraci\u00f3n de aire, tanto en incendios de hidrocarburos como de combustibles de disolventes polares. SOLBERG RE-HEALING 3\u00d73 FLUORINE-FREE SP-100 tambi\u00e9n puede utilizarse con dispositivos de descarga de baja expansi\u00f3n, incluyendo una variedad de boquillas y monitores. Es totalmente compatible y se dosifica f\u00e1cilmente con los equipos est\u00e1ndar de extinci\u00f3n de incendios, incluidos los inductores en l\u00ednea, las boquillas autoinductoras, las bombas de cami\u00f3n de bomberos, los dep\u00f3sitos de vejiga, los patines de bomba, los sistemas de presi\u00f3n equilibrada y mucho m\u00e1s.<\/div>\n<div><\/div>\n<div><\/div>\n<div><strong>CERTIFICACIONES: <\/strong>UL 162 (consulta la Hoja de Datos T\u00e9cnicos para ver los listados de equipos), Aprobado por FM<\/div>\n<p>&nbsp;<\/p>\n<h4>Opciones disponibles<\/h4>\n","protected":false},"excerpt":{"rendered":"<p>El concentrado de espuma SOLBERG\u00ae RE-HEALING\u2122 3\u00d73 SIN FLUOR SP-100 es el primer concentrado de espuma 3\u00d73 sin fl\u00faor de la industria con listado UL y con el complemento completo [&hellip;]<\/p>\n","protected":false},"featured_media":42284,"template":"","meta":{"_acf_changed":false},"product_cat":[197,188],"product_tag":[217,224,230,232,246,248,242,244],"class_list":{"0":"post-42282","1":"product","2":"type-product","3":"status-publish","4":"has-post-thumbnail","6":"product_cat-class-b-fluorine-free-es","7":"product_cat-class-b-es","8":"product_tag-aviacion","9":"product_tag-fm-es","10":"product_tag-icao-es","11":"product_tag-industrial-es","12":"product_tag-marina-es","13":"product_tag-petroleo-y-gas","14":"product_tag-solberg-es","15":"product_tag-ul-162-es","17":"first","18":"instock","19":"shipping-taxable","20":"purchasable","21":"product-type-simple"},"acf":[],"yoast_head":"<!-- This site is optimized with the Yoast SEO Premium plugin v21.9 (Yoast SEO v23.5) - https:\/\/yoast.com\/wordpress\/plugins\/seo\/ -->\n<title>SOLBERG\u00ae RE-HEALING\u2122 3X3 SIN FL\u00daOR SP-100 - PS Demo site<\/title>\n<meta name=\"robots\" content=\"noindex, follow, max-snippet:-1, max-image-preview:large, max-video-preview:-1\" \/>\n<meta property=\"og:locale\" content=\"es_ES\" \/>\n<meta property=\"og:type\" content=\"article\" \/>\n<meta property=\"og:title\" content=\"SOLBERG\u00ae RE-HEALING\u2122 3X3 SIN FL\u00daOR SP-100\" \/>\n<meta property=\"og:description\" content=\"El concentrado de espuma SOLBERG\u00ae RE-HEALING\u2122 3\u00d73 SIN FLUOR SP-100 es el primer concentrado de espuma 3\u00d73 sin fl\u00faor de la industria con listado UL y con el complemento completo [&hellip;]\" \/>\n<meta property=\"og:url\" content=\"https:\/\/demo.perimeter-solutions.com\/es\/product\/solberg-re-healing-3x3-sin-fluor-sp-100\/\" \/>\n<meta property=\"og:site_name\" content=\"PS Demo site\" \/>\n<meta property=\"article:modified_time\" content=\"2024-08-15T00:42:42+00:00\" \/>\n<meta name=\"twitter:card\" content=\"summary_large_image\" \/>\n<meta name=\"twitter:label1\" content=\"Tiempo de lectura\" \/>\n\t<meta name=\"twitter:data1\" content=\"2 minutos\" \/>\n<script type=\"application\/ld+json\" class=\"yoast-schema-graph\">{\"@context\":\"https:\/\/schema.org\",\"@graph\":[{\"@type\":\"WebPage\",\"@id\":\"https:\/\/demo.perimeter-solutions.com\/es\/product\/solberg-re-healing-3x3-sin-fluor-sp-100\/\",\"url\":\"https:\/\/demo.perimeter-solutions.com\/es\/product\/solberg-re-healing-3x3-sin-fluor-sp-100\/\",\"name\":\"SOLBERG\u00ae RE-HEALING\u2122 3X3 SIN FL\u00daOR SP-100 - PS Demo site\",\"isPartOf\":{\"@id\":\"https:\/\/demo.perimeter-solutions.com\/es\/#website\"},\"primaryImageOfPage\":{\"@id\":\"https:\/\/demo.perimeter-solutions.com\/es\/product\/solberg-re-healing-3x3-sin-fluor-sp-100\/#primaryimage\"},\"image\":{\"@id\":\"https:\/\/demo.perimeter-solutions.com\/es\/product\/solberg-re-healing-3x3-sin-fluor-sp-100\/#primaryimage\"},\"thumbnailUrl\":\"https:\/\/demo.perimeter-solutions.com\/wp-content\/uploads\/2024\/06\/SOLBERG-RE-HEALING-3x3-FLUORINE-FREE-SP-100-datasheet_Letter-v18-pdf.jpg\",\"datePublished\":\"2024-06-28T18:25:54+00:00\",\"dateModified\":\"2024-08-15T00:42:42+00:00\",\"breadcrumb\":{\"@id\":\"https:\/\/demo.perimeter-solutions.com\/es\/product\/solberg-re-healing-3x3-sin-fluor-sp-100\/#breadcrumb\"},\"inLanguage\":\"es\",\"potentialAction\":[{\"@type\":\"ReadAction\",\"target\":[\"https:\/\/demo.perimeter-solutions.com\/es\/product\/solberg-re-healing-3x3-sin-fluor-sp-100\/\"]}]},{\"@type\":\"ImageObject\",\"inLanguage\":\"es\",\"@id\":\"https:\/\/demo.perimeter-solutions.com\/es\/product\/solberg-re-healing-3x3-sin-fluor-sp-100\/#primaryimage\",\"url\":\"https:\/\/demo.perimeter-solutions.com\/wp-content\/uploads\/2024\/06\/SOLBERG-RE-HEALING-3x3-FLUORINE-FREE-SP-100-datasheet_Letter-v18-pdf.jpg\",\"contentUrl\":\"https:\/\/demo.perimeter-solutions.com\/wp-content\/uploads\/2024\/06\/SOLBERG-RE-HEALING-3x3-FLUORINE-FREE-SP-100-datasheet_Letter-v18-pdf.jpg\"},{\"@type\":\"BreadcrumbList\",\"@id\":\"https:\/\/demo.perimeter-solutions.com\/es\/product\/solberg-re-healing-3x3-sin-fluor-sp-100\/#breadcrumb\",\"itemListElement\":[{\"@type\":\"ListItem\",\"position\":1,\"name\":\"Cat\u00e1logo de productos\",\"item\":\"https:\/\/demo.perimeter-solutions.com\/es\/product-catalog\/\"},{\"@type\":\"ListItem\",\"position\":2,\"name\":\"SOLBERG\u00ae RE-HEALING\u2122 3X3 SIN FL\u00daOR SP-100\"}]},{\"@type\":\"WebSite\",\"@id\":\"https:\/\/demo.perimeter-solutions.com\/es\/#website\",\"url\":\"https:\/\/demo.perimeter-solutions.com\/es\/\",\"name\":\"PS Demo site\",\"description\":\"\",\"publisher\":{\"@id\":\"https:\/\/demo.perimeter-solutions.com\/es\/#organization\"},\"potentialAction\":[{\"@type\":\"SearchAction\",\"target\":{\"@type\":\"EntryPoint\",\"urlTemplate\":\"https:\/\/demo.perimeter-solutions.com\/es\/?s={search_term_string}\"},\"query-input\":{\"@type\":\"PropertyValueSpecification\",\"valueRequired\":true,\"valueName\":\"search_term_string\"}}],\"inLanguage\":\"es\"},{\"@type\":\"Organization\",\"@id\":\"https:\/\/demo.perimeter-solutions.com\/es\/#organization\",\"name\":\"Perimeter Solutions\",\"url\":\"https:\/\/demo.perimeter-solutions.com\/es\/\",\"logo\":{\"@type\":\"ImageObject\",\"inLanguage\":\"es\",\"@id\":\"https:\/\/demo.perimeter-solutions.com\/es\/#\/schema\/logo\/image\/\",\"url\":\"https:\/\/demo.perimeter-solutions.com\/wp-content\/uploads\/2021\/02\/perimeter-logo-RGB.png\",\"contentUrl\":\"https:\/\/demo.perimeter-solutions.com\/wp-content\/uploads\/2021\/02\/perimeter-logo-RGB.png\",\"width\":794,\"height\":138,\"caption\":\"Perimeter Solutions\"},\"image\":{\"@id\":\"https:\/\/demo.perimeter-solutions.com\/es\/#\/schema\/logo\/image\/\"}}]}<\/script>\n<!-- \/ Yoast SEO Premium plugin. -->","yoast_head_json":{"title":"SOLBERG\u00ae RE-HEALING\u2122 3X3 SIN FL\u00daOR SP-100 - PS Demo site","robots":{"index":"noindex","follow":"follow","max-snippet":"max-snippet:-1","max-image-preview":"max-image-preview:large","max-video-preview":"max-video-preview:-1"},"og_locale":"es_ES","og_type":"article","og_title":"SOLBERG\u00ae RE-HEALING\u2122 3X3 SIN FL\u00daOR SP-100","og_description":"El concentrado de espuma SOLBERG\u00ae RE-HEALING\u2122 3\u00d73 SIN FLUOR SP-100 es el primer concentrado de espuma 3\u00d73 sin fl\u00faor de la industria con listado UL y con el complemento completo [&hellip;]","og_url":"https:\/\/demo.perimeter-solutions.com\/es\/product\/solberg-re-healing-3x3-sin-fluor-sp-100\/","og_site_name":"PS Demo site","article_modified_time":"2024-08-15T00:42:42+00:00","twitter_card":"summary_large_image","twitter_misc":{"Tiempo de lectura":"2 minutos"},"schema":{"@context":"https:\/\/schema.org","@graph":[{"@type":"WebPage","@id":"https:\/\/demo.perimeter-solutions.com\/es\/product\/solberg-re-healing-3x3-sin-fluor-sp-100\/","url":"https:\/\/demo.perimeter-solutions.com\/es\/product\/solberg-re-healing-3x3-sin-fluor-sp-100\/","name":"SOLBERG\u00ae RE-HEALING\u2122 3X3 SIN FL\u00daOR SP-100 - PS Demo site","isPartOf":{"@id":"https:\/\/demo.perimeter-solutions.com\/es\/#website"},"primaryImageOfPage":{"@id":"https:\/\/demo.perimeter-solutions.com\/es\/product\/solberg-re-healing-3x3-sin-fluor-sp-100\/#primaryimage"},"image":{"@id":"https:\/\/demo.perimeter-solutions.com\/es\/product\/solberg-re-healing-3x3-sin-fluor-sp-100\/#primaryimage"},"thumbnailUrl":"https:\/\/demo.perimeter-solutions.com\/wp-content\/uploads\/2024\/06\/SOLBERG-RE-HEALING-3x3-FLUORINE-FREE-SP-100-datasheet_Letter-v18-pdf.jpg","datePublished":"2024-06-28T18:25:54+00:00","dateModified":"2024-08-15T00:42:42+00:00","breadcrumb":{"@id":"https:\/\/demo.perimeter-solutions.com\/es\/product\/solberg-re-healing-3x3-sin-fluor-sp-100\/#breadcrumb"},"inLanguage":"es","potentialAction":[{"@type":"ReadAction","target":["https:\/\/demo.perimeter-solutions.com\/es\/product\/solberg-re-healing-3x3-sin-fluor-sp-100\/"]}]},{"@type":"ImageObject","inLanguage":"es","@id":"https:\/\/demo.perimeter-solutions.com\/es\/product\/solberg-re-healing-3x3-sin-fluor-sp-100\/#primaryimage","url":"https:\/\/demo.perimeter-solutions.com\/wp-content\/uploads\/2024\/06\/SOLBERG-RE-HEALING-3x3-FLUORINE-FREE-SP-100-datasheet_Letter-v18-pdf.jpg","contentUrl":"https:\/\/demo.perimeter-solutions.com\/wp-content\/uploads\/2024\/06\/SOLBERG-RE-HEALING-3x3-FLUORINE-FREE-SP-100-datasheet_Letter-v18-pdf.jpg"},{"@type":"BreadcrumbList","@id":"https:\/\/demo.perimeter-solutions.com\/es\/product\/solberg-re-healing-3x3-sin-fluor-sp-100\/#breadcrumb","itemListElement":[{"@type":"ListItem","position":1,"name":"Cat\u00e1logo de productos","item":"https:\/\/demo.perimeter-solutions.com\/es\/product-catalog\/"},{"@type":"ListItem","position":2,"name":"SOLBERG\u00ae RE-HEALING\u2122 3X3 SIN FL\u00daOR SP-100"}]},{"@type":"WebSite","@id":"https:\/\/demo.perimeter-solutions.com\/es\/#website","url":"https:\/\/demo.perimeter-solutions.com\/es\/","name":"PS Demo site","description":"","publisher":{"@id":"https:\/\/demo.perimeter-solutions.com\/es\/#organization"},"potentialAction":[{"@type":"SearchAction","target":{"@type":"EntryPoint","urlTemplate":"https:\/\/demo.perimeter-solutions.com\/es\/?s={search_term_string}"},"query-input":{"@type":"PropertyValueSpecification","valueRequired":true,"valueName":"search_term_string"}}],"inLanguage":"es"},{"@type":"Organization","@id":"https:\/\/demo.perimeter-solutions.com\/es\/#organization","name":"Perimeter Solutions","url":"https:\/\/demo.perimeter-solutions.com\/es\/","logo":{"@type":"ImageObject","inLanguage":"es","@id":"https:\/\/demo.perimeter-solutions.com\/es\/#\/schema\/logo\/image\/","url":"https:\/\/demo.perimeter-solutions.com\/wp-content\/uploads\/2021\/02\/perimeter-logo-RGB.png","contentUrl":"https:\/\/demo.perimeter-solutions.com\/wp-content\/uploads\/2021\/02\/perimeter-logo-RGB.png","width":794,"height":138,"caption":"Perimeter Solutions"},"image":{"@id":"https:\/\/demo.perimeter-solutions.com\/es\/#\/schema\/logo\/image\/"}}]}},"_links":{"self":[{"href":"https:\/\/demo.perimeter-solutions.com\/es\/wp-json\/wp\/v2\/product\/42282","targetHints":{"allow":["GET"]}}],"collection":[{"href":"https:\/\/demo.perimeter-solutions.com\/es\/wp-json\/wp\/v2\/product"}],"about":[{"href":"https:\/\/demo.perimeter-solutions.com\/es\/wp-json\/wp\/v2\/types\/product"}],"wp:featuredmedia":[{"embeddable":true,"href":"https:\/\/demo.perimeter-solutions.com\/es\/wp-json\/wp\/v2\/media\/42284"}],"wp:attachment":[{"href":"https:\/\/demo.perimeter-solutions.com\/es\/wp-json\/wp\/v2\/media?parent=42282"}],"wp:term":[{"taxonomy":"product_cat","embeddable":true,"href":"https:\/\/demo.perimeter-solutions.com\/es\/wp-json\/wp\/v2\/product_cat?post=42282"},{"taxonomy":"product_tag","embeddable":true,"href":"https:\/\/demo.perimeter-solutions.com\/es\/wp-json\/wp\/v2\/product_tag?post=42282"}],"curies":[{"name":"wp","href":"https:\/\/api.w.org\/{rel}","templated":true}]}}