{"id":42287,"date":"2024-06-28T14:21:19","date_gmt":"2024-06-28T18:21:19","guid":{"rendered":"https:\/\/demo.perimeter-solutions.com\/product\/solberg-re-healing-rf3x6-atc-concentrado-de-espuma\/"},"modified":"2024-08-14T20:40:52","modified_gmt":"2024-08-15T00:40:52","slug":"solberg-re-healing-rf3x6-atc-concentrado-de-espuma","status":"publish","type":"product","link":"https:\/\/demo.perimeter-solutions.com\/es\/product\/solberg-re-healing-rf3x6-atc-concentrado-de-espuma\/","title":{"rendered":"SOLBERG<sup>\u00ae<\/sup> RE-HEALING\u2122 RF3X6% ATC\u2122 CONCENTRADO DE ESPUMA"},"content":{"rendered":"<p><span style=\"color: #000000;\">El concentrado de espuma <strong>SOLBERG<sup>\u00ae<\/sup> RE-HEALING\u2122 RF3x6 ATC<\/strong> de SOLBERG es un innovador concentrado de espuma sin fluorosurfactantes ni fluoropol\u00edmeros, sostenible desde el punto de vista medioambiental, que se utiliza para extinguir eficazmente incendios de combustibles de hidrocarburos de Clase B al 3% y de combustibles de disolventes polares al 6% de soluci\u00f3n. La espuma SOLBERG RE-HEALING RF3x6 ATC puede utilizarse en agua dulce, salada o salobre. La espuma SOLBERG RE-HEALING RF3x6 ATC posee una excelente resistencia al quemado gracias a sus notables caracter\u00edsticas de fluidez y r\u00e1pido resellado. Los concentrados de espuma SOLBERG RE-HEALING est\u00e1n formulados con una nueva tecnolog\u00eda de espuma sint\u00e9tica de alto rendimiento para sustituir a los concentrados de espuma AFFF y FFFP tradicionales y a las antiguas espumas prote\u00ednicas y fluoroprote\u00ednicas.<\/span><\/p>\n<h4>Opciones disponibles<\/h4>\n","protected":false},"excerpt":{"rendered":"<p>El concentrado de espuma SOLBERG\u00ae RE-HEALING\u2122 RF3x6 ATC de SOLBERG es un innovador concentrado de espuma sin fluorosurfactantes ni fluoropol\u00edmeros, sostenible desde el punto de vista medioambiental, que se utiliza [&hellip;]<\/p>\n","protected":false},"featured_media":42289,"template":"","meta":{"_acf_changed":false},"product_cat":[197,188],"product_tag":[217,222,230,232,252,248,242],"class_list":{"0":"post-42287","1":"product","2":"type-product","3":"status-publish","4":"has-post-thumbnail","6":"product_cat-class-b-fluorine-free-es","7":"product_cat-class-b-es","8":"product_tag-aviacion","9":"product_tag-en-1568-es","10":"product_tag-icao-es","11":"product_tag-industrial-es","12":"product_tag-municipal-es","13":"product_tag-petroleo-y-gas","14":"product_tag-solberg-es","16":"first","17":"instock","18":"shipping-taxable","19":"purchasable","20":"product-type-simple"},"acf":[],"yoast_head":"<!-- This site is optimized with the Yoast SEO Premium plugin v21.9 (Yoast SEO v23.5) - https:\/\/yoast.com\/wordpress\/plugins\/seo\/ -->\n<title>SOLBERG\u00ae RE-HEALING\u2122 RF3X6% ATC\u2122 CONCENTRADO DE ESPUMA - PS Demo site<\/title>\n<meta name=\"robots\" content=\"noindex, follow, max-snippet:-1, max-image-preview:large, max-video-preview:-1\" \/>\n<meta property=\"og:locale\" content=\"es_ES\" \/>\n<meta property=\"og:type\" content=\"article\" \/>\n<meta property=\"og:title\" content=\"SOLBERG\u00ae RE-HEALING\u2122 RF3X6% ATC\u2122 CONCENTRADO DE ESPUMA\" \/>\n<meta property=\"og:description\" content=\"El concentrado de espuma SOLBERG\u00ae RE-HEALING\u2122 RF3x6 ATC de SOLBERG es un innovador concentrado de espuma sin fluorosurfactantes ni fluoropol\u00edmeros, sostenible desde el punto de vista medioambiental, que se utiliza [&hellip;]\" \/>\n<meta property=\"og:url\" content=\"https:\/\/demo.perimeter-solutions.com\/es\/product\/solberg-re-healing-rf3x6-atc-concentrado-de-espuma\/\" \/>\n<meta property=\"og:site_name\" content=\"PS Demo site\" \/>\n<meta property=\"article:modified_time\" content=\"2024-08-15T00:40:52+00:00\" \/>\n<meta name=\"twitter:card\" content=\"summary_large_image\" \/>\n<meta name=\"twitter:label1\" content=\"Tiempo de lectura\" \/>\n\t<meta name=\"twitter:data1\" content=\"1 minuto\" \/>\n<script type=\"application\/ld+json\" class=\"yoast-schema-graph\">{\"@context\":\"https:\/\/schema.org\",\"@graph\":[{\"@type\":\"WebPage\",\"@id\":\"https:\/\/demo.perimeter-solutions.com\/es\/product\/solberg-re-healing-rf3x6-atc-concentrado-de-espuma\/\",\"url\":\"https:\/\/demo.perimeter-solutions.com\/es\/product\/solberg-re-healing-rf3x6-atc-concentrado-de-espuma\/\",\"name\":\"SOLBERG\u00ae RE-HEALING\u2122 RF3X6% ATC\u2122 CONCENTRADO DE ESPUMA - PS Demo site\",\"isPartOf\":{\"@id\":\"https:\/\/demo.perimeter-solutions.com\/es\/#website\"},\"primaryImageOfPage\":{\"@id\":\"https:\/\/demo.perimeter-solutions.com\/es\/product\/solberg-re-healing-rf3x6-atc-concentrado-de-espuma\/#primaryimage\"},\"image\":{\"@id\":\"https:\/\/demo.perimeter-solutions.com\/es\/product\/solberg-re-healing-rf3x6-atc-concentrado-de-espuma\/#primaryimage\"},\"thumbnailUrl\":\"https:\/\/demo.perimeter-solutions.com\/wp-content\/uploads\/2024\/06\/PERI_Rehealing_RF3x6_ATC_FoamConcentrate_Datasheet-APAC-A4_v3-pdf.jpg\",\"datePublished\":\"2024-06-28T18:21:19+00:00\",\"dateModified\":\"2024-08-15T00:40:52+00:00\",\"breadcrumb\":{\"@id\":\"https:\/\/demo.perimeter-solutions.com\/es\/product\/solberg-re-healing-rf3x6-atc-concentrado-de-espuma\/#breadcrumb\"},\"inLanguage\":\"es\",\"potentialAction\":[{\"@type\":\"ReadAction\",\"target\":[\"https:\/\/demo.perimeter-solutions.com\/es\/product\/solberg-re-healing-rf3x6-atc-concentrado-de-espuma\/\"]}]},{\"@type\":\"ImageObject\",\"inLanguage\":\"es\",\"@id\":\"https:\/\/demo.perimeter-solutions.com\/es\/product\/solberg-re-healing-rf3x6-atc-concentrado-de-espuma\/#primaryimage\",\"url\":\"https:\/\/demo.perimeter-solutions.com\/wp-content\/uploads\/2024\/06\/PERI_Rehealing_RF3x6_ATC_FoamConcentrate_Datasheet-APAC-A4_v3-pdf.jpg\",\"contentUrl\":\"https:\/\/demo.perimeter-solutions.com\/wp-content\/uploads\/2024\/06\/PERI_Rehealing_RF3x6_ATC_FoamConcentrate_Datasheet-APAC-A4_v3-pdf.jpg\"},{\"@type\":\"BreadcrumbList\",\"@id\":\"https:\/\/demo.perimeter-solutions.com\/es\/product\/solberg-re-healing-rf3x6-atc-concentrado-de-espuma\/#breadcrumb\",\"itemListElement\":[{\"@type\":\"ListItem\",\"position\":1,\"name\":\"Cat\u00e1logo de productos\",\"item\":\"https:\/\/demo.perimeter-solutions.com\/es\/product-catalog\/\"},{\"@type\":\"ListItem\",\"position\":2,\"name\":\"SOLBERG\u00ae RE-HEALING\u2122 RF3X6% ATC\u2122 CONCENTRADO DE ESPUMA\"}]},{\"@type\":\"WebSite\",\"@id\":\"https:\/\/demo.perimeter-solutions.com\/es\/#website\",\"url\":\"https:\/\/demo.perimeter-solutions.com\/es\/\",\"name\":\"PS Demo site\",\"description\":\"\",\"publisher\":{\"@id\":\"https:\/\/demo.perimeter-solutions.com\/es\/#organization\"},\"potentialAction\":[{\"@type\":\"SearchAction\",\"target\":{\"@type\":\"EntryPoint\",\"urlTemplate\":\"https:\/\/demo.perimeter-solutions.com\/es\/?s={search_term_string}\"},\"query-input\":{\"@type\":\"PropertyValueSpecification\",\"valueRequired\":true,\"valueName\":\"search_term_string\"}}],\"inLanguage\":\"es\"},{\"@type\":\"Organization\",\"@id\":\"https:\/\/demo.perimeter-solutions.com\/es\/#organization\",\"name\":\"Perimeter Solutions\",\"url\":\"https:\/\/demo.perimeter-solutions.com\/es\/\",\"logo\":{\"@type\":\"ImageObject\",\"inLanguage\":\"es\",\"@id\":\"https:\/\/demo.perimeter-solutions.com\/es\/#\/schema\/logo\/image\/\",\"url\":\"https:\/\/demo.perimeter-solutions.com\/wp-content\/uploads\/2021\/02\/perimeter-logo-RGB.png\",\"contentUrl\":\"https:\/\/demo.perimeter-solutions.com\/wp-content\/uploads\/2021\/02\/perimeter-logo-RGB.png\",\"width\":794,\"height\":138,\"caption\":\"Perimeter Solutions\"},\"image\":{\"@id\":\"https:\/\/demo.perimeter-solutions.com\/es\/#\/schema\/logo\/image\/\"}}]}<\/script>\n<!-- \/ Yoast SEO Premium plugin. -->","yoast_head_json":{"title":"SOLBERG\u00ae RE-HEALING\u2122 RF3X6% ATC\u2122 CONCENTRADO DE ESPUMA - PS Demo site","robots":{"index":"noindex","follow":"follow","max-snippet":"max-snippet:-1","max-image-preview":"max-image-preview:large","max-video-preview":"max-video-preview:-1"},"og_locale":"es_ES","og_type":"article","og_title":"SOLBERG\u00ae RE-HEALING\u2122 RF3X6% ATC\u2122 CONCENTRADO DE ESPUMA","og_description":"El concentrado de espuma SOLBERG\u00ae RE-HEALING\u2122 RF3x6 ATC de SOLBERG es un innovador concentrado de espuma sin fluorosurfactantes ni fluoropol\u00edmeros, sostenible desde el punto de vista medioambiental, que se utiliza [&hellip;]","og_url":"https:\/\/demo.perimeter-solutions.com\/es\/product\/solberg-re-healing-rf3x6-atc-concentrado-de-espuma\/","og_site_name":"PS Demo site","article_modified_time":"2024-08-15T00:40:52+00:00","twitter_card":"summary_large_image","twitter_misc":{"Tiempo de lectura":"1 minuto"},"schema":{"@context":"https:\/\/schema.org","@graph":[{"@type":"WebPage","@id":"https:\/\/demo.perimeter-solutions.com\/es\/product\/solberg-re-healing-rf3x6-atc-concentrado-de-espuma\/","url":"https:\/\/demo.perimeter-solutions.com\/es\/product\/solberg-re-healing-rf3x6-atc-concentrado-de-espuma\/","name":"SOLBERG\u00ae RE-HEALING\u2122 RF3X6% ATC\u2122 CONCENTRADO DE ESPUMA - PS Demo site","isPartOf":{"@id":"https:\/\/demo.perimeter-solutions.com\/es\/#website"},"primaryImageOfPage":{"@id":"https:\/\/demo.perimeter-solutions.com\/es\/product\/solberg-re-healing-rf3x6-atc-concentrado-de-espuma\/#primaryimage"},"image":{"@id":"https:\/\/demo.perimeter-solutions.com\/es\/product\/solberg-re-healing-rf3x6-atc-concentrado-de-espuma\/#primaryimage"},"thumbnailUrl":"https:\/\/demo.perimeter-solutions.com\/wp-content\/uploads\/2024\/06\/PERI_Rehealing_RF3x6_ATC_FoamConcentrate_Datasheet-APAC-A4_v3-pdf.jpg","datePublished":"2024-06-28T18:21:19+00:00","dateModified":"2024-08-15T00:40:52+00:00","breadcrumb":{"@id":"https:\/\/demo.perimeter-solutions.com\/es\/product\/solberg-re-healing-rf3x6-atc-concentrado-de-espuma\/#breadcrumb"},"inLanguage":"es","potentialAction":[{"@type":"ReadAction","target":["https:\/\/demo.perimeter-solutions.com\/es\/product\/solberg-re-healing-rf3x6-atc-concentrado-de-espuma\/"]}]},{"@type":"ImageObject","inLanguage":"es","@id":"https:\/\/demo.perimeter-solutions.com\/es\/product\/solberg-re-healing-rf3x6-atc-concentrado-de-espuma\/#primaryimage","url":"https:\/\/demo.perimeter-solutions.com\/wp-content\/uploads\/2024\/06\/PERI_Rehealing_RF3x6_ATC_FoamConcentrate_Datasheet-APAC-A4_v3-pdf.jpg","contentUrl":"https:\/\/demo.perimeter-solutions.com\/wp-content\/uploads\/2024\/06\/PERI_Rehealing_RF3x6_ATC_FoamConcentrate_Datasheet-APAC-A4_v3-pdf.jpg"},{"@type":"BreadcrumbList","@id":"https:\/\/demo.perimeter-solutions.com\/es\/product\/solberg-re-healing-rf3x6-atc-concentrado-de-espuma\/#breadcrumb","itemListElement":[{"@type":"ListItem","position":1,"name":"Cat\u00e1logo de productos","item":"https:\/\/demo.perimeter-solutions.com\/es\/product-catalog\/"},{"@type":"ListItem","position":2,"name":"SOLBERG\u00ae RE-HEALING\u2122 RF3X6% ATC\u2122 CONCENTRADO DE ESPUMA"}]},{"@type":"WebSite","@id":"https:\/\/demo.perimeter-solutions.com\/es\/#website","url":"https:\/\/demo.perimeter-solutions.com\/es\/","name":"PS Demo site","description":"","publisher":{"@id":"https:\/\/demo.perimeter-solutions.com\/es\/#organization"},"potentialAction":[{"@type":"SearchAction","target":{"@type":"EntryPoint","urlTemplate":"https:\/\/demo.perimeter-solutions.com\/es\/?s={search_term_string}"},"query-input":{"@type":"PropertyValueSpecification","valueRequired":true,"valueName":"search_term_string"}}],"inLanguage":"es"},{"@type":"Organization","@id":"https:\/\/demo.perimeter-solutions.com\/es\/#organization","name":"Perimeter Solutions","url":"https:\/\/demo.perimeter-solutions.com\/es\/","logo":{"@type":"ImageObject","inLanguage":"es","@id":"https:\/\/demo.perimeter-solutions.com\/es\/#\/schema\/logo\/image\/","url":"https:\/\/demo.perimeter-solutions.com\/wp-content\/uploads\/2021\/02\/perimeter-logo-RGB.png","contentUrl":"https:\/\/demo.perimeter-solutions.com\/wp-content\/uploads\/2021\/02\/perimeter-logo-RGB.png","width":794,"height":138,"caption":"Perimeter Solutions"},"image":{"@id":"https:\/\/demo.perimeter-solutions.com\/es\/#\/schema\/logo\/image\/"}}]}},"_links":{"self":[{"href":"https:\/\/demo.perimeter-solutions.com\/es\/wp-json\/wp\/v2\/product\/42287","targetHints":{"allow":["GET"]}}],"collection":[{"href":"https:\/\/demo.perimeter-solutions.com\/es\/wp-json\/wp\/v2\/product"}],"about":[{"href":"https:\/\/demo.perimeter-solutions.com\/es\/wp-json\/wp\/v2\/types\/product"}],"wp:featuredmedia":[{"embeddable":true,"href":"https:\/\/demo.perimeter-solutions.com\/es\/wp-json\/wp\/v2\/media\/42289"}],"wp:attachment":[{"href":"https:\/\/demo.perimeter-solutions.com\/es\/wp-json\/wp\/v2\/media?parent=42287"}],"wp:term":[{"taxonomy":"product_cat","embeddable":true,"href":"https:\/\/demo.perimeter-solutions.com\/es\/wp-json\/wp\/v2\/product_cat?post=42287"},{"taxonomy":"product_tag","embeddable":true,"href":"https:\/\/demo.perimeter-solutions.com\/es\/wp-json\/wp\/v2\/product_tag?post=42287"}],"curies":[{"name":"wp","href":"https:\/\/api.w.org\/{rel}","templated":true}]}}