{"id":42290,"date":"2024-06-28T14:29:51","date_gmt":"2024-06-28T18:29:51","guid":{"rendered":"https:\/\/demo.perimeter-solutions.com\/product\/concentrado-de-espuma-solberg-re-healing-rf6\/"},"modified":"2024-08-14T20:45:21","modified_gmt":"2024-08-15T00:45:21","slug":"concentrado-de-espuma-solberg-re-healing-rf6","status":"publish","type":"product","link":"https:\/\/demo.perimeter-solutions.com\/es\/product\/concentrado-de-espuma-solberg-re-healing-rf6\/","title":{"rendered":"CONCENTRADO DE ESPUMA SOLBERG<sup>\u00ae<\/sup> RE HEALING\u2122 RF6"},"content":{"rendered":"<div>\n<p><strong>SOLBERG<sup>\u00ae<\/sup> RE\u2011HEALING\u2122 RF6<\/strong> foam concentrate es un innovador concentrado de espuma libre de fluorotensioactivo y fluoropol\u00edmero, ambientalmente sostenible, que se utiliza para extinguir de manera eficaz los incendios de combustibles de hidrocarburos de Clase B. Proporcionado en una soluci\u00f3n al 6%, el espum\u00f3geno SOLBERG RE-HEALING RF6 se puede utilizar en agua dulce, salada o salobre.<\/p>\n<p>La espuma SOLBERG RE-HEALING RF6 posee una excelente resistencia a la combusti\u00f3n debido a su notable flujo y caracter\u00edsticas de resellado r\u00e1pido. Los espum\u00f3genos SOLBERG RE-HEALING est\u00e1n formulados utilizando una nueva tecnolog\u00eda de espuma sint\u00e9tica de alto rendimiento para reemplazar los espum\u00f3genos tradicionales AFFF, FFFP y las espumas de prote\u00ednas y fluoroprote\u00ednas m\u00e1s antiguas.<\/p>\n<p>El espum\u00f3geno SOLBERG RE-HEALING RF6 est\u00e1 dise\u00f1ado para su uso en incendios de combustibles de hidrocarburos de Clase B. No est\u00e1 dise\u00f1ado para usarse con combustibles solventes polares de Clase B. La espuma se puede utilizar para evitar la reignici\u00f3n de un derrame de l\u00edquido y controlar los vapores peligrosos. En combustibles de Clase A, la espuma SOLBERG RE-HEALING RF6 mejorar\u00e1 la extinci\u00f3n en incendios profundos. Los dispositivos de descarga de espuma, como los de aspiraci\u00f3n de aire, as\u00ed como los equipos sin aspiraci\u00f3n de aire, incluidos los cabezales de rociadores contra incendios est\u00e1ndar, se pueden utilizar para obtener los mejores resultados. El producto se mezcla con 3 partes de concentrado de espuma con 97 partes de agua. Tambi\u00e9n se puede utilizar como una soluci\u00f3n premezclada al 6%. La espuma SOLBERG RE \u2011 HEALING RF3 es compatible con la mayor\u00eda de los agentes (qu\u00edmicos) en polvo seco.<\/p>\n<p><strong>CERTIFICACIONES: <\/strong><span class=\"TextRun SCXW223846905 BCX0\" lang=\"EN-US\" xml:lang=\"EN-US\" data-contrast=\"none\"><span class=\"NormalTextRun SCXW223846905 BCX0\" data-ccp-charstyle=\"x_a1\" data-ccp-charstyle-defn=\"{\">Norma Europea EN 1568 Parte 3 y Organizaci\u00f3n de Aviaci\u00f3n Civil Internacional <\/span><\/span><span class=\"TextRun SCXW223846905 BCX0\" lang=\"EN-US\" xml:lang=\"EN-US\" data-contrast=\"none\"><span class=\"NormalTextRun SCXW223846905 BCX0\" data-ccp-charstyle=\"x_a1\">Civil Internacional (OACI) Nivel B.<\/span><\/span><\/p>\n<\/div>\n<p>&nbsp;<\/p>\n<h4>Opciones disponibles<\/h4>\n","protected":false},"excerpt":{"rendered":"<p>SOLBERG\u00ae RE\u2011HEALING\u2122 RF6 foam concentrate es un innovador concentrado de espuma libre de fluorotensioactivo y fluoropol\u00edmero, ambientalmente sostenible, que se utiliza para extinguir de manera eficaz los incendios de combustibles [&hellip;]<\/p>\n","protected":false},"featured_media":42292,"template":"","meta":{"_acf_changed":false},"product_cat":[197,188],"product_tag":[217,222,230,232,252,242],"class_list":{"0":"post-42290","1":"product","2":"type-product","3":"status-publish","4":"has-post-thumbnail","6":"product_cat-class-b-fluorine-free-es","7":"product_cat-class-b-es","8":"product_tag-aviacion","9":"product_tag-en-1568-es","10":"product_tag-icao-es","11":"product_tag-industrial-es","12":"product_tag-municipal-es","13":"product_tag-solberg-es","15":"first","16":"instock","17":"shipping-taxable","18":"purchasable","19":"product-type-simple"},"acf":[],"yoast_head":"<!-- This site is optimized with the Yoast SEO Premium plugin v21.9 (Yoast SEO v23.5) - https:\/\/yoast.com\/wordpress\/plugins\/seo\/ -->\n<title>CONCENTRADO DE ESPUMA SOLBERG\u00ae RE HEALING\u2122 RF6 - PS Demo site<\/title>\n<meta name=\"robots\" content=\"noindex, follow, max-snippet:-1, max-image-preview:large, max-video-preview:-1\" \/>\n<meta property=\"og:locale\" content=\"es_ES\" \/>\n<meta property=\"og:type\" content=\"article\" \/>\n<meta property=\"og:title\" content=\"CONCENTRADO DE ESPUMA SOLBERG\u00ae RE HEALING\u2122 RF6\" \/>\n<meta property=\"og:description\" content=\"SOLBERG\u00ae RE\u2011HEALING\u2122 RF6 foam concentrate es un innovador concentrado de espuma libre de fluorotensioactivo y fluoropol\u00edmero, ambientalmente sostenible, que se utiliza para extinguir de manera eficaz los incendios de combustibles [&hellip;]\" \/>\n<meta property=\"og:url\" content=\"https:\/\/demo.perimeter-solutions.com\/es\/product\/concentrado-de-espuma-solberg-re-healing-rf6\/\" \/>\n<meta property=\"og:site_name\" content=\"PS Demo site\" \/>\n<meta property=\"article:modified_time\" content=\"2024-08-15T00:45:21+00:00\" \/>\n<meta name=\"twitter:card\" content=\"summary_large_image\" \/>\n<meta name=\"twitter:label1\" content=\"Tiempo de lectura\" \/>\n\t<meta name=\"twitter:data1\" content=\"2 minutos\" \/>\n<script type=\"application\/ld+json\" class=\"yoast-schema-graph\">{\"@context\":\"https:\/\/schema.org\",\"@graph\":[{\"@type\":\"WebPage\",\"@id\":\"https:\/\/demo.perimeter-solutions.com\/es\/product\/concentrado-de-espuma-solberg-re-healing-rf6\/\",\"url\":\"https:\/\/demo.perimeter-solutions.com\/es\/product\/concentrado-de-espuma-solberg-re-healing-rf6\/\",\"name\":\"CONCENTRADO DE ESPUMA SOLBERG\u00ae RE HEALING\u2122 RF6 - PS Demo site\",\"isPartOf\":{\"@id\":\"https:\/\/demo.perimeter-solutions.com\/es\/#website\"},\"primaryImageOfPage\":{\"@id\":\"https:\/\/demo.perimeter-solutions.com\/es\/product\/concentrado-de-espuma-solberg-re-healing-rf6\/#primaryimage\"},\"image\":{\"@id\":\"https:\/\/demo.perimeter-solutions.com\/es\/product\/concentrado-de-espuma-solberg-re-healing-rf6\/#primaryimage\"},\"thumbnailUrl\":\"https:\/\/demo.perimeter-solutions.com\/wp-content\/uploads\/2024\/06\/PERI_Rehealing_RF6_FoamConcentrate_Datasheet_APAC_v2-1-pdf.jpg\",\"datePublished\":\"2024-06-28T18:29:51+00:00\",\"dateModified\":\"2024-08-15T00:45:21+00:00\",\"breadcrumb\":{\"@id\":\"https:\/\/demo.perimeter-solutions.com\/es\/product\/concentrado-de-espuma-solberg-re-healing-rf6\/#breadcrumb\"},\"inLanguage\":\"es\",\"potentialAction\":[{\"@type\":\"ReadAction\",\"target\":[\"https:\/\/demo.perimeter-solutions.com\/es\/product\/concentrado-de-espuma-solberg-re-healing-rf6\/\"]}]},{\"@type\":\"ImageObject\",\"inLanguage\":\"es\",\"@id\":\"https:\/\/demo.perimeter-solutions.com\/es\/product\/concentrado-de-espuma-solberg-re-healing-rf6\/#primaryimage\",\"url\":\"https:\/\/demo.perimeter-solutions.com\/wp-content\/uploads\/2024\/06\/PERI_Rehealing_RF6_FoamConcentrate_Datasheet_APAC_v2-1-pdf.jpg\",\"contentUrl\":\"https:\/\/demo.perimeter-solutions.com\/wp-content\/uploads\/2024\/06\/PERI_Rehealing_RF6_FoamConcentrate_Datasheet_APAC_v2-1-pdf.jpg\"},{\"@type\":\"BreadcrumbList\",\"@id\":\"https:\/\/demo.perimeter-solutions.com\/es\/product\/concentrado-de-espuma-solberg-re-healing-rf6\/#breadcrumb\",\"itemListElement\":[{\"@type\":\"ListItem\",\"position\":1,\"name\":\"Cat\u00e1logo de productos\",\"item\":\"https:\/\/demo.perimeter-solutions.com\/es\/product-catalog\/\"},{\"@type\":\"ListItem\",\"position\":2,\"name\":\"CONCENTRADO DE ESPUMA SOLBERG\u00ae RE HEALING\u2122 RF6\"}]},{\"@type\":\"WebSite\",\"@id\":\"https:\/\/demo.perimeter-solutions.com\/es\/#website\",\"url\":\"https:\/\/demo.perimeter-solutions.com\/es\/\",\"name\":\"PS Demo site\",\"description\":\"\",\"publisher\":{\"@id\":\"https:\/\/demo.perimeter-solutions.com\/es\/#organization\"},\"potentialAction\":[{\"@type\":\"SearchAction\",\"target\":{\"@type\":\"EntryPoint\",\"urlTemplate\":\"https:\/\/demo.perimeter-solutions.com\/es\/?s={search_term_string}\"},\"query-input\":{\"@type\":\"PropertyValueSpecification\",\"valueRequired\":true,\"valueName\":\"search_term_string\"}}],\"inLanguage\":\"es\"},{\"@type\":\"Organization\",\"@id\":\"https:\/\/demo.perimeter-solutions.com\/es\/#organization\",\"name\":\"Perimeter Solutions\",\"url\":\"https:\/\/demo.perimeter-solutions.com\/es\/\",\"logo\":{\"@type\":\"ImageObject\",\"inLanguage\":\"es\",\"@id\":\"https:\/\/demo.perimeter-solutions.com\/es\/#\/schema\/logo\/image\/\",\"url\":\"https:\/\/demo.perimeter-solutions.com\/wp-content\/uploads\/2021\/02\/perimeter-logo-RGB.png\",\"contentUrl\":\"https:\/\/demo.perimeter-solutions.com\/wp-content\/uploads\/2021\/02\/perimeter-logo-RGB.png\",\"width\":794,\"height\":138,\"caption\":\"Perimeter Solutions\"},\"image\":{\"@id\":\"https:\/\/demo.perimeter-solutions.com\/es\/#\/schema\/logo\/image\/\"}}]}<\/script>\n<!-- \/ Yoast SEO Premium plugin. -->","yoast_head_json":{"title":"CONCENTRADO DE ESPUMA SOLBERG\u00ae RE HEALING\u2122 RF6 - PS Demo site","robots":{"index":"noindex","follow":"follow","max-snippet":"max-snippet:-1","max-image-preview":"max-image-preview:large","max-video-preview":"max-video-preview:-1"},"og_locale":"es_ES","og_type":"article","og_title":"CONCENTRADO DE ESPUMA SOLBERG\u00ae RE HEALING\u2122 RF6","og_description":"SOLBERG\u00ae RE\u2011HEALING\u2122 RF6 foam concentrate es un innovador concentrado de espuma libre de fluorotensioactivo y fluoropol\u00edmero, ambientalmente sostenible, que se utiliza para extinguir de manera eficaz los incendios de combustibles [&hellip;]","og_url":"https:\/\/demo.perimeter-solutions.com\/es\/product\/concentrado-de-espuma-solberg-re-healing-rf6\/","og_site_name":"PS Demo site","article_modified_time":"2024-08-15T00:45:21+00:00","twitter_card":"summary_large_image","twitter_misc":{"Tiempo de lectura":"2 minutos"},"schema":{"@context":"https:\/\/schema.org","@graph":[{"@type":"WebPage","@id":"https:\/\/demo.perimeter-solutions.com\/es\/product\/concentrado-de-espuma-solberg-re-healing-rf6\/","url":"https:\/\/demo.perimeter-solutions.com\/es\/product\/concentrado-de-espuma-solberg-re-healing-rf6\/","name":"CONCENTRADO DE ESPUMA SOLBERG\u00ae RE HEALING\u2122 RF6 - PS Demo site","isPartOf":{"@id":"https:\/\/demo.perimeter-solutions.com\/es\/#website"},"primaryImageOfPage":{"@id":"https:\/\/demo.perimeter-solutions.com\/es\/product\/concentrado-de-espuma-solberg-re-healing-rf6\/#primaryimage"},"image":{"@id":"https:\/\/demo.perimeter-solutions.com\/es\/product\/concentrado-de-espuma-solberg-re-healing-rf6\/#primaryimage"},"thumbnailUrl":"https:\/\/demo.perimeter-solutions.com\/wp-content\/uploads\/2024\/06\/PERI_Rehealing_RF6_FoamConcentrate_Datasheet_APAC_v2-1-pdf.jpg","datePublished":"2024-06-28T18:29:51+00:00","dateModified":"2024-08-15T00:45:21+00:00","breadcrumb":{"@id":"https:\/\/demo.perimeter-solutions.com\/es\/product\/concentrado-de-espuma-solberg-re-healing-rf6\/#breadcrumb"},"inLanguage":"es","potentialAction":[{"@type":"ReadAction","target":["https:\/\/demo.perimeter-solutions.com\/es\/product\/concentrado-de-espuma-solberg-re-healing-rf6\/"]}]},{"@type":"ImageObject","inLanguage":"es","@id":"https:\/\/demo.perimeter-solutions.com\/es\/product\/concentrado-de-espuma-solberg-re-healing-rf6\/#primaryimage","url":"https:\/\/demo.perimeter-solutions.com\/wp-content\/uploads\/2024\/06\/PERI_Rehealing_RF6_FoamConcentrate_Datasheet_APAC_v2-1-pdf.jpg","contentUrl":"https:\/\/demo.perimeter-solutions.com\/wp-content\/uploads\/2024\/06\/PERI_Rehealing_RF6_FoamConcentrate_Datasheet_APAC_v2-1-pdf.jpg"},{"@type":"BreadcrumbList","@id":"https:\/\/demo.perimeter-solutions.com\/es\/product\/concentrado-de-espuma-solberg-re-healing-rf6\/#breadcrumb","itemListElement":[{"@type":"ListItem","position":1,"name":"Cat\u00e1logo de productos","item":"https:\/\/demo.perimeter-solutions.com\/es\/product-catalog\/"},{"@type":"ListItem","position":2,"name":"CONCENTRADO DE ESPUMA SOLBERG\u00ae RE HEALING\u2122 RF6"}]},{"@type":"WebSite","@id":"https:\/\/demo.perimeter-solutions.com\/es\/#website","url":"https:\/\/demo.perimeter-solutions.com\/es\/","name":"PS Demo site","description":"","publisher":{"@id":"https:\/\/demo.perimeter-solutions.com\/es\/#organization"},"potentialAction":[{"@type":"SearchAction","target":{"@type":"EntryPoint","urlTemplate":"https:\/\/demo.perimeter-solutions.com\/es\/?s={search_term_string}"},"query-input":{"@type":"PropertyValueSpecification","valueRequired":true,"valueName":"search_term_string"}}],"inLanguage":"es"},{"@type":"Organization","@id":"https:\/\/demo.perimeter-solutions.com\/es\/#organization","name":"Perimeter Solutions","url":"https:\/\/demo.perimeter-solutions.com\/es\/","logo":{"@type":"ImageObject","inLanguage":"es","@id":"https:\/\/demo.perimeter-solutions.com\/es\/#\/schema\/logo\/image\/","url":"https:\/\/demo.perimeter-solutions.com\/wp-content\/uploads\/2021\/02\/perimeter-logo-RGB.png","contentUrl":"https:\/\/demo.perimeter-solutions.com\/wp-content\/uploads\/2021\/02\/perimeter-logo-RGB.png","width":794,"height":138,"caption":"Perimeter Solutions"},"image":{"@id":"https:\/\/demo.perimeter-solutions.com\/es\/#\/schema\/logo\/image\/"}}]}},"_links":{"self":[{"href":"https:\/\/demo.perimeter-solutions.com\/es\/wp-json\/wp\/v2\/product\/42290","targetHints":{"allow":["GET"]}}],"collection":[{"href":"https:\/\/demo.perimeter-solutions.com\/es\/wp-json\/wp\/v2\/product"}],"about":[{"href":"https:\/\/demo.perimeter-solutions.com\/es\/wp-json\/wp\/v2\/types\/product"}],"wp:featuredmedia":[{"embeddable":true,"href":"https:\/\/demo.perimeter-solutions.com\/es\/wp-json\/wp\/v2\/media\/42292"}],"wp:attachment":[{"href":"https:\/\/demo.perimeter-solutions.com\/es\/wp-json\/wp\/v2\/media?parent=42290"}],"wp:term":[{"taxonomy":"product_cat","embeddable":true,"href":"https:\/\/demo.perimeter-solutions.com\/es\/wp-json\/wp\/v2\/product_cat?post=42290"},{"taxonomy":"product_tag","embeddable":true,"href":"https:\/\/demo.perimeter-solutions.com\/es\/wp-json\/wp\/v2\/product_tag?post=42290"}],"curies":[{"name":"wp","href":"https:\/\/api.w.org\/{rel}","templated":true}]}}