{"id":42300,"date":"2024-06-28T14:40:41","date_gmt":"2024-06-28T18:40:41","guid":{"rendered":"https:\/\/demo.perimeter-solutions.com\/product\/solberg-re-healing-rf1-ag-1-espuma-concentrada\/"},"modified":"2024-08-14T21:24:13","modified_gmt":"2024-08-15T01:24:13","slug":"solberg-re-healing-rf1-ag-1-espuma-concentrada","status":"publish","type":"product","link":"https:\/\/demo.perimeter-solutions.com\/es\/product\/solberg-re-healing-rf1-ag-1-espuma-concentrada\/","title":{"rendered":"SOLBERG<sup>\u00ae<\/sup> RE-HEALING\u2122 RF1-AG 1% ESPUMA CONCENTRADA"},"content":{"rendered":"<div>\n<p><strong>SOLBERG<sup>\u00ae<\/sup> RE-HEALING<sup>\u2122<\/sup> RF1-AG, concentrado de espuma al 1% <\/strong>es un innovador concentrado de espuma sin fluorosurfactantes ni fluoropol\u00edmeros, sostenible desde el punto de vista medioambiental, que se utiliza para extinguir eficazmente incendios de combustibles hidrocarburos de Clase B. Dosificado al 1% de soluci\u00f3n, el espum\u00f3geno SOLBERG RE-HEALING RF1-AG puede utilizarse en agua dulce y salada. La espuma concentrada SOLBERG RE-HEALING RF1-AG posee una excelente resistencia al quemado gracias a sus notables caracter\u00edsticas de fluidez y r\u00e1pido resellado. El concentrado de espuma SOLBERG RE-HEALING RF1-AG est\u00e1 formulado con una nueva tecnolog\u00eda de espuma sint\u00e9tica de alto rendimiento para sustituir a los concentrados de espuma tradicionales AFFF, FFFP y a las antiguas espumas prote\u00ednicas y fluoroprote\u00ednicas. El concentrado de espuma SOLBERG RE-HEALING RF1-AG est\u00e1 destinado al uso en incendios de combustibles hidrocarburos de Clase B. No est\u00e1 dise\u00f1ado para usarse con combustibles solventes polares de Clase B. La espuma se puede utilizar para evitar la reignici\u00f3n de un derrame de l\u00edquido y controlar los vapores peligrosos. En combustibles de Clase A, la espuma SOLBERG RE-HEALING RF1-AG mejorar\u00e1 la extinci\u00f3n en fuegos profundos. Los dispositivos de descarga de espuma, como los de aspiraci\u00f3n de aire, as\u00ed como los equipos sin aspiraci\u00f3n de aire, se pueden utilizar para obtener los m\u00e1ximos resultados. El producto se mezcla 1 parte de concentrado de espuma con 99 partes de agua. Tambi\u00e9n se puede utilizar como una soluci\u00f3n premezclada al 1%. La espuma SOLBERG RE-HEALING RF1-AG es compatible con la mayor\u00eda de los agentes en polvo seco (qu\u00edmicos).<\/p>\n<p><strong>CERTIFICACIONES: <\/strong>Aprobado por la norma EN 1568-3:2008 (Clase 1A).<\/p>\n<\/div>\n<p>&nbsp;<\/p>\n<h4>Opciones disponibles<\/h4>\n","protected":false},"excerpt":{"rendered":"<p>SOLBERG\u00ae RE-HEALING\u2122 RF1-AG, concentrado de espuma al 1% es un innovador concentrado de espuma sin fluorosurfactantes ni fluoropol\u00edmeros, sostenible desde el punto de vista medioambiental, que se utiliza para extinguir [&hellip;]<\/p>\n","protected":false},"featured_media":42301,"template":"","meta":{"_acf_changed":false},"product_cat":[197,188],"product_tag":[222,246,248,242],"class_list":{"0":"post-42300","1":"product","2":"type-product","3":"status-publish","4":"has-post-thumbnail","6":"product_cat-class-b-fluorine-free-es","7":"product_cat-class-b-es","8":"product_tag-en-1568-es","9":"product_tag-marina-es","10":"product_tag-petroleo-y-gas","11":"product_tag-solberg-es","13":"first","14":"instock","15":"shipping-taxable","16":"purchasable","17":"product-type-simple"},"acf":[],"yoast_head":"<!-- This site is optimized with the Yoast SEO Premium plugin v21.9 (Yoast SEO v23.5) - https:\/\/yoast.com\/wordpress\/plugins\/seo\/ -->\n<title>SOLBERG\u00ae RE-HEALING\u2122 RF1-AG 1% ESPUMA CONCENTRADA - PS Demo site<\/title>\n<meta name=\"description\" content=\"SOLBERG\u00ae RE-HEALING\u2122 RF1-AG, concentrado de espuma al 1% es un innovador concentrado de espuma sin fluorosurfactantes ni fluoropol\u00edmeros, sostenible desde el punto de vista medioambiental, que se utiliza para extinguir eficazmente incendios de combustibles hidrocarburos de Clase B.\" \/>\n<meta name=\"robots\" content=\"noindex, follow, max-snippet:-1, max-image-preview:large, max-video-preview:-1\" \/>\n<meta property=\"og:locale\" content=\"es_ES\" \/>\n<meta property=\"og:type\" content=\"article\" \/>\n<meta property=\"og:title\" content=\"SOLBERG\u00ae RE-HEALING\u2122 RF1-AG 1% ESPUMA CONCENTRADA\" \/>\n<meta property=\"og:description\" content=\"SOLBERG\u00ae RE-HEALING\u2122 RF1-AG, concentrado de espuma al 1% es un innovador concentrado de espuma sin fluorosurfactantes ni fluoropol\u00edmeros, sostenible desde el punto de vista medioambiental, que se utiliza para extinguir eficazmente incendios de combustibles hidrocarburos de Clase B.\" \/>\n<meta property=\"og:url\" content=\"https:\/\/demo.perimeter-solutions.com\/es\/product\/solberg-re-healing-rf1-ag-1-espuma-concentrada\/\" \/>\n<meta property=\"og:site_name\" content=\"PS Demo site\" \/>\n<meta property=\"article:modified_time\" content=\"2024-08-15T01:24:13+00:00\" \/>\n<meta name=\"twitter:card\" content=\"summary_large_image\" \/>\n<meta name=\"twitter:label1\" content=\"Tiempo de lectura\" \/>\n\t<meta name=\"twitter:data1\" content=\"2 minutos\" \/>\n<script type=\"application\/ld+json\" class=\"yoast-schema-graph\">{\"@context\":\"https:\/\/schema.org\",\"@graph\":[{\"@type\":\"WebPage\",\"@id\":\"https:\/\/demo.perimeter-solutions.com\/es\/product\/solberg-re-healing-rf1-ag-1-espuma-concentrada\/\",\"url\":\"https:\/\/demo.perimeter-solutions.com\/es\/product\/solberg-re-healing-rf1-ag-1-espuma-concentrada\/\",\"name\":\"SOLBERG\u00ae RE-HEALING\u2122 RF1-AG 1% ESPUMA CONCENTRADA - PS Demo site\",\"isPartOf\":{\"@id\":\"https:\/\/demo.perimeter-solutions.com\/es\/#website\"},\"primaryImageOfPage\":{\"@id\":\"https:\/\/demo.perimeter-solutions.com\/es\/product\/solberg-re-healing-rf1-ag-1-espuma-concentrada\/#primaryimage\"},\"image\":{\"@id\":\"https:\/\/demo.perimeter-solutions.com\/es\/product\/solberg-re-healing-rf1-ag-1-espuma-concentrada\/#primaryimage\"},\"thumbnailUrl\":\"https:\/\/demo.perimeter-solutions.com\/wp-content\/uploads\/2024\/06\/PERI_Rehealing_RF1-AG_1_FoamConcentrate_Datasheet_v2-pdf.jpg\",\"datePublished\":\"2024-06-28T18:40:41+00:00\",\"dateModified\":\"2024-08-15T01:24:13+00:00\",\"description\":\"SOLBERG\u00ae RE-HEALING\u2122 RF1-AG, concentrado de espuma al 1% es un innovador concentrado de espuma sin fluorosurfactantes ni fluoropol\u00edmeros, sostenible desde el punto de vista medioambiental, que se utiliza para extinguir eficazmente incendios de combustibles hidrocarburos de Clase B.\",\"breadcrumb\":{\"@id\":\"https:\/\/demo.perimeter-solutions.com\/es\/product\/solberg-re-healing-rf1-ag-1-espuma-concentrada\/#breadcrumb\"},\"inLanguage\":\"es\",\"potentialAction\":[{\"@type\":\"ReadAction\",\"target\":[\"https:\/\/demo.perimeter-solutions.com\/es\/product\/solberg-re-healing-rf1-ag-1-espuma-concentrada\/\"]}]},{\"@type\":\"ImageObject\",\"inLanguage\":\"es\",\"@id\":\"https:\/\/demo.perimeter-solutions.com\/es\/product\/solberg-re-healing-rf1-ag-1-espuma-concentrada\/#primaryimage\",\"url\":\"https:\/\/demo.perimeter-solutions.com\/wp-content\/uploads\/2024\/06\/PERI_Rehealing_RF1-AG_1_FoamConcentrate_Datasheet_v2-pdf.jpg\",\"contentUrl\":\"https:\/\/demo.perimeter-solutions.com\/wp-content\/uploads\/2024\/06\/PERI_Rehealing_RF1-AG_1_FoamConcentrate_Datasheet_v2-pdf.jpg\"},{\"@type\":\"BreadcrumbList\",\"@id\":\"https:\/\/demo.perimeter-solutions.com\/es\/product\/solberg-re-healing-rf1-ag-1-espuma-concentrada\/#breadcrumb\",\"itemListElement\":[{\"@type\":\"ListItem\",\"position\":1,\"name\":\"Cat\u00e1logo de productos\",\"item\":\"https:\/\/demo.perimeter-solutions.com\/es\/product-catalog\/\"},{\"@type\":\"ListItem\",\"position\":2,\"name\":\"SOLBERG\u00ae RE-HEALING\u2122 RF1-AG 1% ESPUMA CONCENTRADA\"}]},{\"@type\":\"WebSite\",\"@id\":\"https:\/\/demo.perimeter-solutions.com\/es\/#website\",\"url\":\"https:\/\/demo.perimeter-solutions.com\/es\/\",\"name\":\"PS Demo site\",\"description\":\"\",\"publisher\":{\"@id\":\"https:\/\/demo.perimeter-solutions.com\/es\/#organization\"},\"potentialAction\":[{\"@type\":\"SearchAction\",\"target\":{\"@type\":\"EntryPoint\",\"urlTemplate\":\"https:\/\/demo.perimeter-solutions.com\/es\/?s={search_term_string}\"},\"query-input\":{\"@type\":\"PropertyValueSpecification\",\"valueRequired\":true,\"valueName\":\"search_term_string\"}}],\"inLanguage\":\"es\"},{\"@type\":\"Organization\",\"@id\":\"https:\/\/demo.perimeter-solutions.com\/es\/#organization\",\"name\":\"Perimeter Solutions\",\"url\":\"https:\/\/demo.perimeter-solutions.com\/es\/\",\"logo\":{\"@type\":\"ImageObject\",\"inLanguage\":\"es\",\"@id\":\"https:\/\/demo.perimeter-solutions.com\/es\/#\/schema\/logo\/image\/\",\"url\":\"https:\/\/demo.perimeter-solutions.com\/wp-content\/uploads\/2021\/02\/perimeter-logo-RGB.png\",\"contentUrl\":\"https:\/\/demo.perimeter-solutions.com\/wp-content\/uploads\/2021\/02\/perimeter-logo-RGB.png\",\"width\":794,\"height\":138,\"caption\":\"Perimeter Solutions\"},\"image\":{\"@id\":\"https:\/\/demo.perimeter-solutions.com\/es\/#\/schema\/logo\/image\/\"}}]}<\/script>\n<!-- \/ Yoast SEO Premium plugin. -->","yoast_head_json":{"title":"SOLBERG\u00ae RE-HEALING\u2122 RF1-AG 1% ESPUMA CONCENTRADA - PS Demo site","description":"SOLBERG\u00ae RE-HEALING\u2122 RF1-AG, concentrado de espuma al 1% es un innovador concentrado de espuma sin fluorosurfactantes ni fluoropol\u00edmeros, sostenible desde el punto de vista medioambiental, que se utiliza para extinguir eficazmente incendios de combustibles hidrocarburos de Clase B.","robots":{"index":"noindex","follow":"follow","max-snippet":"max-snippet:-1","max-image-preview":"max-image-preview:large","max-video-preview":"max-video-preview:-1"},"og_locale":"es_ES","og_type":"article","og_title":"SOLBERG\u00ae RE-HEALING\u2122 RF1-AG 1% ESPUMA CONCENTRADA","og_description":"SOLBERG\u00ae RE-HEALING\u2122 RF1-AG, concentrado de espuma al 1% es un innovador concentrado de espuma sin fluorosurfactantes ni fluoropol\u00edmeros, sostenible desde el punto de vista medioambiental, que se utiliza para extinguir eficazmente incendios de combustibles hidrocarburos de Clase B.","og_url":"https:\/\/demo.perimeter-solutions.com\/es\/product\/solberg-re-healing-rf1-ag-1-espuma-concentrada\/","og_site_name":"PS Demo site","article_modified_time":"2024-08-15T01:24:13+00:00","twitter_card":"summary_large_image","twitter_misc":{"Tiempo de lectura":"2 minutos"},"schema":{"@context":"https:\/\/schema.org","@graph":[{"@type":"WebPage","@id":"https:\/\/demo.perimeter-solutions.com\/es\/product\/solberg-re-healing-rf1-ag-1-espuma-concentrada\/","url":"https:\/\/demo.perimeter-solutions.com\/es\/product\/solberg-re-healing-rf1-ag-1-espuma-concentrada\/","name":"SOLBERG\u00ae RE-HEALING\u2122 RF1-AG 1% ESPUMA CONCENTRADA - PS Demo site","isPartOf":{"@id":"https:\/\/demo.perimeter-solutions.com\/es\/#website"},"primaryImageOfPage":{"@id":"https:\/\/demo.perimeter-solutions.com\/es\/product\/solberg-re-healing-rf1-ag-1-espuma-concentrada\/#primaryimage"},"image":{"@id":"https:\/\/demo.perimeter-solutions.com\/es\/product\/solberg-re-healing-rf1-ag-1-espuma-concentrada\/#primaryimage"},"thumbnailUrl":"https:\/\/demo.perimeter-solutions.com\/wp-content\/uploads\/2024\/06\/PERI_Rehealing_RF1-AG_1_FoamConcentrate_Datasheet_v2-pdf.jpg","datePublished":"2024-06-28T18:40:41+00:00","dateModified":"2024-08-15T01:24:13+00:00","description":"SOLBERG\u00ae RE-HEALING\u2122 RF1-AG, concentrado de espuma al 1% es un innovador concentrado de espuma sin fluorosurfactantes ni fluoropol\u00edmeros, sostenible desde el punto de vista medioambiental, que se utiliza para extinguir eficazmente incendios de combustibles hidrocarburos de Clase B.","breadcrumb":{"@id":"https:\/\/demo.perimeter-solutions.com\/es\/product\/solberg-re-healing-rf1-ag-1-espuma-concentrada\/#breadcrumb"},"inLanguage":"es","potentialAction":[{"@type":"ReadAction","target":["https:\/\/demo.perimeter-solutions.com\/es\/product\/solberg-re-healing-rf1-ag-1-espuma-concentrada\/"]}]},{"@type":"ImageObject","inLanguage":"es","@id":"https:\/\/demo.perimeter-solutions.com\/es\/product\/solberg-re-healing-rf1-ag-1-espuma-concentrada\/#primaryimage","url":"https:\/\/demo.perimeter-solutions.com\/wp-content\/uploads\/2024\/06\/PERI_Rehealing_RF1-AG_1_FoamConcentrate_Datasheet_v2-pdf.jpg","contentUrl":"https:\/\/demo.perimeter-solutions.com\/wp-content\/uploads\/2024\/06\/PERI_Rehealing_RF1-AG_1_FoamConcentrate_Datasheet_v2-pdf.jpg"},{"@type":"BreadcrumbList","@id":"https:\/\/demo.perimeter-solutions.com\/es\/product\/solberg-re-healing-rf1-ag-1-espuma-concentrada\/#breadcrumb","itemListElement":[{"@type":"ListItem","position":1,"name":"Cat\u00e1logo de productos","item":"https:\/\/demo.perimeter-solutions.com\/es\/product-catalog\/"},{"@type":"ListItem","position":2,"name":"SOLBERG\u00ae RE-HEALING\u2122 RF1-AG 1% ESPUMA CONCENTRADA"}]},{"@type":"WebSite","@id":"https:\/\/demo.perimeter-solutions.com\/es\/#website","url":"https:\/\/demo.perimeter-solutions.com\/es\/","name":"PS Demo site","description":"","publisher":{"@id":"https:\/\/demo.perimeter-solutions.com\/es\/#organization"},"potentialAction":[{"@type":"SearchAction","target":{"@type":"EntryPoint","urlTemplate":"https:\/\/demo.perimeter-solutions.com\/es\/?s={search_term_string}"},"query-input":{"@type":"PropertyValueSpecification","valueRequired":true,"valueName":"search_term_string"}}],"inLanguage":"es"},{"@type":"Organization","@id":"https:\/\/demo.perimeter-solutions.com\/es\/#organization","name":"Perimeter Solutions","url":"https:\/\/demo.perimeter-solutions.com\/es\/","logo":{"@type":"ImageObject","inLanguage":"es","@id":"https:\/\/demo.perimeter-solutions.com\/es\/#\/schema\/logo\/image\/","url":"https:\/\/demo.perimeter-solutions.com\/wp-content\/uploads\/2021\/02\/perimeter-logo-RGB.png","contentUrl":"https:\/\/demo.perimeter-solutions.com\/wp-content\/uploads\/2021\/02\/perimeter-logo-RGB.png","width":794,"height":138,"caption":"Perimeter Solutions"},"image":{"@id":"https:\/\/demo.perimeter-solutions.com\/es\/#\/schema\/logo\/image\/"}}]}},"_links":{"self":[{"href":"https:\/\/demo.perimeter-solutions.com\/es\/wp-json\/wp\/v2\/product\/42300","targetHints":{"allow":["GET"]}}],"collection":[{"href":"https:\/\/demo.perimeter-solutions.com\/es\/wp-json\/wp\/v2\/product"}],"about":[{"href":"https:\/\/demo.perimeter-solutions.com\/es\/wp-json\/wp\/v2\/types\/product"}],"wp:featuredmedia":[{"embeddable":true,"href":"https:\/\/demo.perimeter-solutions.com\/es\/wp-json\/wp\/v2\/media\/42301"}],"wp:attachment":[{"href":"https:\/\/demo.perimeter-solutions.com\/es\/wp-json\/wp\/v2\/media?parent=42300"}],"wp:term":[{"taxonomy":"product_cat","embeddable":true,"href":"https:\/\/demo.perimeter-solutions.com\/es\/wp-json\/wp\/v2\/product_cat?post=42300"},{"taxonomy":"product_tag","embeddable":true,"href":"https:\/\/demo.perimeter-solutions.com\/es\/wp-json\/wp\/v2\/product_tag?post=42300"}],"curies":[{"name":"wp","href":"https:\/\/api.w.org\/{rel}","templated":true}]}}