{"id":42304,"date":"2024-06-28T12:00:33","date_gmt":"2024-06-28T16:00:33","guid":{"rendered":"https:\/\/demo.perimeter-solutions.com\/product\/aquafilm-af-1u-concentrado-de-espuma-afff-1\/"},"modified":"2024-08-16T13:52:07","modified_gmt":"2024-08-16T17:52:07","slug":"aquafilm-af-1u-concentrado-de-espuma-afff-1","status":"publish","type":"product","link":"https:\/\/demo.perimeter-solutions.com\/es\/product\/aquafilm-af-1u-concentrado-de-espuma-afff-1\/","title":{"rendered":"AQUAFILM\u2122 AF-1U CONCENTRADO DE ESPUMA AFFF (1%)"},"content":{"rendered":"<p><span style=\"color: #000000;\"><strong>AQUAFILM\u2122 AF-1U<\/strong> est\u00e1 espec\u00edficamente dise\u00f1ado para combatir todo tipo de fuegos de Clase B (hidrocarburos), as\u00ed como fuegos de Clase A.<br \/>\nSus excelentes propiedades AFFF confieren a este producto un eficaz y r\u00e1pido derribo del fuego cuando se combaten l\u00edquidos inflamables no miscibles. <\/span><\/p>\n<p><span style=\"color: #000000;\">AQUAFILM AF-1U utiliza tensioactivos fluorados e hidrocarbonados seleccionados para permitir una buena formaci\u00f3n de una pel\u00edcula acuosa en la superficie de la mayor\u00eda de los combustibles hidrocarbonados, suprimiendo las fugas de vapor y evitando su contacto con el ox\u00edgeno, al tiempo que proporciona un sellado excelente en superficies calientes.<br \/>\nSu formulaci\u00f3n permite una excelente repelencia al aceite, fluidez y resistencia al quemado.<br \/>\nAQUAFILM AF-1U es una herramienta perfecta para combatir incendios en tanques de almacenamiento, bund, zonas de proceso, estanter\u00edas de carga, centrales el\u00e9ctricas, aeropuertos o terminales mar\u00edtimas. <\/span><\/p>\n<p><span style=\"color: #000000;\">AQUAFILM AF-1U est\u00e1 dise\u00f1ado para ser utilizado con equipos de espuma de baja expansi\u00f3n (boquillas, monitores, c\u00e1maras de espuma, etc.), dispositivos no-aspirantes (boquillas de pulverizaci\u00f3n de agua y aspersores est\u00e1ndar) y ramas de espuma de expansi\u00f3n media.<\/span><\/p>\n<p><span style=\"color: #000000;\">La tasa de diluci\u00f3n de AQUAFILM AF-1U es del 1% en agua dulce o salada (1% de concentrado de espuma + 99% de agua).<br \/>\nPuede dosificarse con equipos est\u00e1ndar (inductores en l\u00ednea, dep\u00f3sitos de vejiga, sistemas de presi\u00f3n equilibrada, etc.) y especiales para agentes AFFF (por ejemplo, boquillas Hydrofoam). <\/span><\/p>\n<p><span style=\"color: #000000;\">AQUAFILM AF-1U es altamente biodegradable y se fabrica conforme a los &#8220;fluorocompuestos C6&#8221; cumpliendo el Programa de Administraci\u00f3n de PFOA 2010\/2015 de la EPA.<\/span><\/p>\n<p><span style=\"color: #000000;\"><strong>CERTIFICACIONES: <\/strong><strong>EN-1568-3:2008 (clase 1B con agua dulce y clase 1A con agua de mar)<\/strong>.<\/span><\/p>\n<p><span style=\"color: #000000;\">El producto supera <strong>el protocolo LASTFIRE <\/strong>de extinci\u00f3n de hidrocarburos en cisternas, con en las 3 pruebas: semiaspirado, aspirado y boquillas de sistema en agua dulce (G\/G\/G) y agua de mar (A\/A\/G). <\/span><\/p>\n<h4>Opciones disponibles<\/h4>\n","protected":false},"excerpt":{"rendered":"<p>AQUAFILM\u2122 AF-1U est\u00e1 espec\u00edficamente dise\u00f1ado para combatir todo tipo de fuegos de Clase B (hidrocarburos), as\u00ed como fuegos de Clase A. Sus excelentes propiedades AFFF confieren a este producto un [&hellip;]<\/p>\n","protected":false},"featured_media":42305,"template":"","meta":{"_acf_changed":false},"product_cat":[202,188],"product_tag":[214,217,222,230,232,250,252,248,244],"class_list":{"0":"post-42304","1":"product","2":"type-product","3":"status-publish","4":"has-post-thumbnail","6":"product_cat-class-b-fluorinated-es","7":"product_cat-class-b-es","8":"product_tag-auxquimia-es","9":"product_tag-aviacion","10":"product_tag-en-1568-es","11":"product_tag-icao-es","12":"product_tag-industrial-es","13":"product_tag-militar-dod-es","14":"product_tag-municipal-es","15":"product_tag-petroleo-y-gas","16":"product_tag-ul-162-es","18":"first","19":"instock","20":"shipping-taxable","21":"purchasable","22":"product-type-simple"},"acf":[],"yoast_head":"<!-- This site is optimized with the Yoast SEO Premium plugin v21.9 (Yoast SEO v23.5) - https:\/\/yoast.com\/wordpress\/plugins\/seo\/ -->\n<title>AQUAFILM\u2122 AF-1U CONCENTRADO DE ESPUMA AFFF (1%) - PS Demo site<\/title>\n<meta name=\"description\" content=\"AQUAFILM\u2122 AF-1U est\u00e1 espec\u00edficamente dise\u00f1ado para combatir todo tipo de fuegos de Clase B (hidrocarburos), as\u00ed como fuegos de Clase A. Sus excelentes propiedades AFFF confieren a este producto un eficaz y r\u00e1pido derribo del fuego cuando se combaten l\u00edquidos inflamables no miscibles.\" \/>\n<meta name=\"robots\" content=\"noindex, follow, max-snippet:-1, max-image-preview:large, max-video-preview:-1\" \/>\n<meta property=\"og:locale\" content=\"es_ES\" \/>\n<meta property=\"og:type\" content=\"article\" \/>\n<meta property=\"og:title\" content=\"AQUAFILM\u2122 AF-1U CONCENTRADO DE ESPUMA AFFF (1%)\" \/>\n<meta property=\"og:description\" content=\"AQUAFILM\u2122 AF-1U est\u00e1 espec\u00edficamente dise\u00f1ado para combatir todo tipo de fuegos de Clase B (hidrocarburos), as\u00ed como fuegos de Clase A. Sus excelentes propiedades AFFF confieren a este producto un eficaz y r\u00e1pido derribo del fuego cuando se combaten l\u00edquidos inflamables no miscibles.\" \/>\n<meta property=\"og:url\" content=\"https:\/\/demo.perimeter-solutions.com\/es\/product\/aquafilm-af-1u-concentrado-de-espuma-afff-1\/\" \/>\n<meta property=\"og:site_name\" content=\"PS Demo site\" \/>\n<meta property=\"article:modified_time\" content=\"2024-08-16T17:52:07+00:00\" \/>\n<meta property=\"og:image\" content=\"https:\/\/demo.perimeter-solutions.com\/wp-content\/uploads\/2024\/06\/AUXQUIMIA_AQUAFILM_AF-1U_EN_Page_1.jpg\" \/>\n\t<meta property=\"og:image:width\" content=\"1275\" \/>\n\t<meta property=\"og:image:height\" content=\"1639\" \/>\n\t<meta property=\"og:image:type\" content=\"image\/jpeg\" \/>\n<meta name=\"twitter:card\" content=\"summary_large_image\" \/>\n<meta name=\"twitter:label1\" content=\"Tiempo de lectura\" \/>\n\t<meta name=\"twitter:data1\" content=\"2 minutos\" \/>\n<script type=\"application\/ld+json\" class=\"yoast-schema-graph\">{\"@context\":\"https:\/\/schema.org\",\"@graph\":[{\"@type\":\"WebPage\",\"@id\":\"https:\/\/demo.perimeter-solutions.com\/es\/product\/aquafilm-af-1u-concentrado-de-espuma-afff-1\/\",\"url\":\"https:\/\/demo.perimeter-solutions.com\/es\/product\/aquafilm-af-1u-concentrado-de-espuma-afff-1\/\",\"name\":\"AQUAFILM\u2122 AF-1U CONCENTRADO DE ESPUMA AFFF (1%) - PS Demo site\",\"isPartOf\":{\"@id\":\"https:\/\/demo.perimeter-solutions.com\/es\/#website\"},\"primaryImageOfPage\":{\"@id\":\"https:\/\/demo.perimeter-solutions.com\/es\/product\/aquafilm-af-1u-concentrado-de-espuma-afff-1\/#primaryimage\"},\"image\":{\"@id\":\"https:\/\/demo.perimeter-solutions.com\/es\/product\/aquafilm-af-1u-concentrado-de-espuma-afff-1\/#primaryimage\"},\"thumbnailUrl\":\"https:\/\/demo.perimeter-solutions.com\/wp-content\/uploads\/2024\/06\/AUXQUIMIA_AQUAFILM_AF-1U_EN_Page_1.jpg\",\"datePublished\":\"2024-06-28T16:00:33+00:00\",\"dateModified\":\"2024-08-16T17:52:07+00:00\",\"description\":\"AQUAFILM\u2122 AF-1U est\u00e1 espec\u00edficamente dise\u00f1ado para combatir todo tipo de fuegos de Clase B (hidrocarburos), as\u00ed como fuegos de Clase A. Sus excelentes propiedades AFFF confieren a este producto un eficaz y r\u00e1pido derribo del fuego cuando se combaten l\u00edquidos inflamables no miscibles.\",\"breadcrumb\":{\"@id\":\"https:\/\/demo.perimeter-solutions.com\/es\/product\/aquafilm-af-1u-concentrado-de-espuma-afff-1\/#breadcrumb\"},\"inLanguage\":\"es\",\"potentialAction\":[{\"@type\":\"ReadAction\",\"target\":[\"https:\/\/demo.perimeter-solutions.com\/es\/product\/aquafilm-af-1u-concentrado-de-espuma-afff-1\/\"]}]},{\"@type\":\"ImageObject\",\"inLanguage\":\"es\",\"@id\":\"https:\/\/demo.perimeter-solutions.com\/es\/product\/aquafilm-af-1u-concentrado-de-espuma-afff-1\/#primaryimage\",\"url\":\"https:\/\/demo.perimeter-solutions.com\/wp-content\/uploads\/2024\/06\/AUXQUIMIA_AQUAFILM_AF-1U_EN_Page_1.jpg\",\"contentUrl\":\"https:\/\/demo.perimeter-solutions.com\/wp-content\/uploads\/2024\/06\/AUXQUIMIA_AQUAFILM_AF-1U_EN_Page_1.jpg\",\"width\":1275,\"height\":1639},{\"@type\":\"BreadcrumbList\",\"@id\":\"https:\/\/demo.perimeter-solutions.com\/es\/product\/aquafilm-af-1u-concentrado-de-espuma-afff-1\/#breadcrumb\",\"itemListElement\":[{\"@type\":\"ListItem\",\"position\":1,\"name\":\"Cat\u00e1logo de productos\",\"item\":\"https:\/\/demo.perimeter-solutions.com\/es\/product-catalog\/\"},{\"@type\":\"ListItem\",\"position\":2,\"name\":\"AQUAFILM\u2122 AF-1U CONCENTRADO DE ESPUMA AFFF (1%)\"}]},{\"@type\":\"WebSite\",\"@id\":\"https:\/\/demo.perimeter-solutions.com\/es\/#website\",\"url\":\"https:\/\/demo.perimeter-solutions.com\/es\/\",\"name\":\"PS Demo site\",\"description\":\"\",\"publisher\":{\"@id\":\"https:\/\/demo.perimeter-solutions.com\/es\/#organization\"},\"potentialAction\":[{\"@type\":\"SearchAction\",\"target\":{\"@type\":\"EntryPoint\",\"urlTemplate\":\"https:\/\/demo.perimeter-solutions.com\/es\/?s={search_term_string}\"},\"query-input\":{\"@type\":\"PropertyValueSpecification\",\"valueRequired\":true,\"valueName\":\"search_term_string\"}}],\"inLanguage\":\"es\"},{\"@type\":\"Organization\",\"@id\":\"https:\/\/demo.perimeter-solutions.com\/es\/#organization\",\"name\":\"Perimeter Solutions\",\"url\":\"https:\/\/demo.perimeter-solutions.com\/es\/\",\"logo\":{\"@type\":\"ImageObject\",\"inLanguage\":\"es\",\"@id\":\"https:\/\/demo.perimeter-solutions.com\/es\/#\/schema\/logo\/image\/\",\"url\":\"https:\/\/demo.perimeter-solutions.com\/wp-content\/uploads\/2021\/02\/perimeter-logo-RGB.png\",\"contentUrl\":\"https:\/\/demo.perimeter-solutions.com\/wp-content\/uploads\/2021\/02\/perimeter-logo-RGB.png\",\"width\":794,\"height\":138,\"caption\":\"Perimeter Solutions\"},\"image\":{\"@id\":\"https:\/\/demo.perimeter-solutions.com\/es\/#\/schema\/logo\/image\/\"}}]}<\/script>\n<!-- \/ Yoast SEO Premium plugin. -->","yoast_head_json":{"title":"AQUAFILM\u2122 AF-1U CONCENTRADO DE ESPUMA AFFF (1%) - PS Demo site","description":"AQUAFILM\u2122 AF-1U est\u00e1 espec\u00edficamente dise\u00f1ado para combatir todo tipo de fuegos de Clase B (hidrocarburos), as\u00ed como fuegos de Clase A. Sus excelentes propiedades AFFF confieren a este producto un eficaz y r\u00e1pido derribo del fuego cuando se combaten l\u00edquidos inflamables no miscibles.","robots":{"index":"noindex","follow":"follow","max-snippet":"max-snippet:-1","max-image-preview":"max-image-preview:large","max-video-preview":"max-video-preview:-1"},"og_locale":"es_ES","og_type":"article","og_title":"AQUAFILM\u2122 AF-1U CONCENTRADO DE ESPUMA AFFF (1%)","og_description":"AQUAFILM\u2122 AF-1U est\u00e1 espec\u00edficamente dise\u00f1ado para combatir todo tipo de fuegos de Clase B (hidrocarburos), as\u00ed como fuegos de Clase A. Sus excelentes propiedades AFFF confieren a este producto un eficaz y r\u00e1pido derribo del fuego cuando se combaten l\u00edquidos inflamables no miscibles.","og_url":"https:\/\/demo.perimeter-solutions.com\/es\/product\/aquafilm-af-1u-concentrado-de-espuma-afff-1\/","og_site_name":"PS Demo site","article_modified_time":"2024-08-16T17:52:07+00:00","og_image":[{"width":1275,"height":1639,"url":"https:\/\/demo.perimeter-solutions.com\/wp-content\/uploads\/2024\/06\/AUXQUIMIA_AQUAFILM_AF-1U_EN_Page_1.jpg","type":"image\/jpeg"}],"twitter_card":"summary_large_image","twitter_misc":{"Tiempo de lectura":"2 minutos"},"schema":{"@context":"https:\/\/schema.org","@graph":[{"@type":"WebPage","@id":"https:\/\/demo.perimeter-solutions.com\/es\/product\/aquafilm-af-1u-concentrado-de-espuma-afff-1\/","url":"https:\/\/demo.perimeter-solutions.com\/es\/product\/aquafilm-af-1u-concentrado-de-espuma-afff-1\/","name":"AQUAFILM\u2122 AF-1U CONCENTRADO DE ESPUMA AFFF (1%) - PS Demo site","isPartOf":{"@id":"https:\/\/demo.perimeter-solutions.com\/es\/#website"},"primaryImageOfPage":{"@id":"https:\/\/demo.perimeter-solutions.com\/es\/product\/aquafilm-af-1u-concentrado-de-espuma-afff-1\/#primaryimage"},"image":{"@id":"https:\/\/demo.perimeter-solutions.com\/es\/product\/aquafilm-af-1u-concentrado-de-espuma-afff-1\/#primaryimage"},"thumbnailUrl":"https:\/\/demo.perimeter-solutions.com\/wp-content\/uploads\/2024\/06\/AUXQUIMIA_AQUAFILM_AF-1U_EN_Page_1.jpg","datePublished":"2024-06-28T16:00:33+00:00","dateModified":"2024-08-16T17:52:07+00:00","description":"AQUAFILM\u2122 AF-1U est\u00e1 espec\u00edficamente dise\u00f1ado para combatir todo tipo de fuegos de Clase B (hidrocarburos), as\u00ed como fuegos de Clase A. Sus excelentes propiedades AFFF confieren a este producto un eficaz y r\u00e1pido derribo del fuego cuando se combaten l\u00edquidos inflamables no miscibles.","breadcrumb":{"@id":"https:\/\/demo.perimeter-solutions.com\/es\/product\/aquafilm-af-1u-concentrado-de-espuma-afff-1\/#breadcrumb"},"inLanguage":"es","potentialAction":[{"@type":"ReadAction","target":["https:\/\/demo.perimeter-solutions.com\/es\/product\/aquafilm-af-1u-concentrado-de-espuma-afff-1\/"]}]},{"@type":"ImageObject","inLanguage":"es","@id":"https:\/\/demo.perimeter-solutions.com\/es\/product\/aquafilm-af-1u-concentrado-de-espuma-afff-1\/#primaryimage","url":"https:\/\/demo.perimeter-solutions.com\/wp-content\/uploads\/2024\/06\/AUXQUIMIA_AQUAFILM_AF-1U_EN_Page_1.jpg","contentUrl":"https:\/\/demo.perimeter-solutions.com\/wp-content\/uploads\/2024\/06\/AUXQUIMIA_AQUAFILM_AF-1U_EN_Page_1.jpg","width":1275,"height":1639},{"@type":"BreadcrumbList","@id":"https:\/\/demo.perimeter-solutions.com\/es\/product\/aquafilm-af-1u-concentrado-de-espuma-afff-1\/#breadcrumb","itemListElement":[{"@type":"ListItem","position":1,"name":"Cat\u00e1logo de productos","item":"https:\/\/demo.perimeter-solutions.com\/es\/product-catalog\/"},{"@type":"ListItem","position":2,"name":"AQUAFILM\u2122 AF-1U CONCENTRADO DE ESPUMA AFFF (1%)"}]},{"@type":"WebSite","@id":"https:\/\/demo.perimeter-solutions.com\/es\/#website","url":"https:\/\/demo.perimeter-solutions.com\/es\/","name":"PS Demo site","description":"","publisher":{"@id":"https:\/\/demo.perimeter-solutions.com\/es\/#organization"},"potentialAction":[{"@type":"SearchAction","target":{"@type":"EntryPoint","urlTemplate":"https:\/\/demo.perimeter-solutions.com\/es\/?s={search_term_string}"},"query-input":{"@type":"PropertyValueSpecification","valueRequired":true,"valueName":"search_term_string"}}],"inLanguage":"es"},{"@type":"Organization","@id":"https:\/\/demo.perimeter-solutions.com\/es\/#organization","name":"Perimeter Solutions","url":"https:\/\/demo.perimeter-solutions.com\/es\/","logo":{"@type":"ImageObject","inLanguage":"es","@id":"https:\/\/demo.perimeter-solutions.com\/es\/#\/schema\/logo\/image\/","url":"https:\/\/demo.perimeter-solutions.com\/wp-content\/uploads\/2021\/02\/perimeter-logo-RGB.png","contentUrl":"https:\/\/demo.perimeter-solutions.com\/wp-content\/uploads\/2021\/02\/perimeter-logo-RGB.png","width":794,"height":138,"caption":"Perimeter Solutions"},"image":{"@id":"https:\/\/demo.perimeter-solutions.com\/es\/#\/schema\/logo\/image\/"}}]}},"_links":{"self":[{"href":"https:\/\/demo.perimeter-solutions.com\/es\/wp-json\/wp\/v2\/product\/42304","targetHints":{"allow":["GET"]}}],"collection":[{"href":"https:\/\/demo.perimeter-solutions.com\/es\/wp-json\/wp\/v2\/product"}],"about":[{"href":"https:\/\/demo.perimeter-solutions.com\/es\/wp-json\/wp\/v2\/types\/product"}],"wp:featuredmedia":[{"embeddable":true,"href":"https:\/\/demo.perimeter-solutions.com\/es\/wp-json\/wp\/v2\/media\/42305"}],"wp:attachment":[{"href":"https:\/\/demo.perimeter-solutions.com\/es\/wp-json\/wp\/v2\/media?parent=42304"}],"wp:term":[{"taxonomy":"product_cat","embeddable":true,"href":"https:\/\/demo.perimeter-solutions.com\/es\/wp-json\/wp\/v2\/product_cat?post=42304"},{"taxonomy":"product_tag","embeddable":true,"href":"https:\/\/demo.perimeter-solutions.com\/es\/wp-json\/wp\/v2\/product_tag?post=42304"}],"curies":[{"name":"wp","href":"https:\/\/api.w.org\/{rel}","templated":true}]}}