{"id":42342,"date":"2024-06-27T13:19:59","date_gmt":"2024-06-27T17:19:59","guid":{"rendered":"https:\/\/demo.perimeter-solutions.com\/product\/phos-chek-first-response\/"},"modified":"2024-08-14T19:05:30","modified_gmt":"2024-08-14T23:05:30","slug":"phos-chek-first-response-2","status":"publish","type":"product","link":"https:\/\/demo.perimeter-solutions.com\/es\/product\/phos-chek-first-response-2\/","title":{"rendered":"PHOS-CHEK First Response"},"content":{"rendered":"<p><span style=\"color: #000000;\"><strong>PHOS-CHEK<sup>\u00ae<\/sup> FIRST RESPONSE<\/strong> es el \u00faltimo desarrollo de un concentrado de espuma Clase A consciente del presupuesto que se compara favorablemente con el rendimiento de otras espumas econ\u00f3micas como los productos de espuma Clase A de Chemguard y Ansul Silv-ex Plus.<\/span><\/p>\n<p><span style=\"color: #000000;\">PHOS-CHEK FIRST RESPONSE est\u00e1 formulado para hacer que el agua sea m\u00e1s eficaz para combatir incendios. La combinaci\u00f3n \u00fanica de tensioactivos reduce significativamente la tensi\u00f3n superficial del agua y, cuando se mezcla con aire, crea una capa de espuma que rodea los combustibles con una capa gruesa de agua. Esto crea una barrera entre el combustible y el fuego, derribando el fuego m\u00e1s r\u00e1pido que el agua sola, y permite que los bomberos vean las \u00e1reas de aplicaci\u00f3n. Hacer que el agua sea m\u00e1s eficaz reduce la cantidad de agua necesaria para extinguir el fuego, lo que reduce el da\u00f1o causado por el agua y aumenta la seguridad de los bomberos a trav\u00e9s de un derribo m\u00e1s r\u00e1pido y menores requisitos de limpieza \/ revisi\u00f3n.<\/span><\/p>\n<p><span style=\"color: #000000;\">PHOS-CHEK FIRST RESPONSE no contiene materiales peligrosos, no es corrosivo, no es t\u00f3xico, es f\u00e1cilmente biodegradable y no tiene punto de inflamaci\u00f3n. No contiene ning\u00fan tensioactivo fluorado como PFOS \/ PFOA, que se encuentran solo en las espumas de Clase B.<\/span><\/p>\n<p><span style=\"color: #000000;\"><strong>Consulta a tu experto en reglamentaci\u00f3n para conocer las restricciones y normativas aplicables en tu estado o localidad en relaci\u00f3n con la venta y distribuci\u00f3n de concentrados de espuma de la Clase A.<\/strong><\/span><\/p>\n<h4>Opciones disponibles<\/h4>\n","protected":false},"excerpt":{"rendered":"<h4 class=\"elementor-heading-title elementor-size-default\">Desempe\u00f1o econ\u00f3mico<\/h4>\n","protected":false},"featured_media":42344,"template":"","meta":{"_acf_changed":false},"product_cat":[185],"product_tag":[222,232,252,240,258,256],"class_list":{"0":"post-42342","1":"product","2":"type-product","3":"status-publish","4":"has-post-thumbnail","6":"product_cat-class-a-es","7":"product_tag-en-1568-es","8":"product_tag-industrial-es","9":"product_tag-municipal-es","10":"product_tag-phos-chek-es","11":"product_tag-tierra-forestale","12":"product_tag-usfs-qpl-es","14":"first","15":"instock","16":"shipping-taxable","17":"purchasable","18":"product-type-simple"},"acf":[],"yoast_head":"<!-- This site is optimized with the Yoast SEO Premium plugin v21.9 (Yoast SEO v23.5) - https:\/\/yoast.com\/wordpress\/plugins\/seo\/ -->\n<title>PHOS-CHEK First Response - PS Demo site<\/title>\n<meta name=\"description\" content=\"PHOS-CHEK\u00ae FIRST RESPONSE es el \u00faltimo desarrollo de un concentrado de espuma de clase A econ\u00f3mico que se compara favorablemente con el rendimiento de otras espumas econ\u00f3micas.\" \/>\n<meta name=\"robots\" content=\"noindex, follow, max-snippet:-1, max-image-preview:large, max-video-preview:-1\" \/>\n<meta property=\"og:locale\" content=\"es_ES\" \/>\n<meta property=\"og:type\" content=\"article\" \/>\n<meta property=\"og:title\" content=\"PHOS-CHEK First Response\" \/>\n<meta property=\"og:description\" content=\"PHOS-CHEK\u00ae FIRST RESPONSE es el \u00faltimo desarrollo de un concentrado de espuma de clase A econ\u00f3mico que se compara favorablemente con el rendimiento de otras espumas econ\u00f3micas.\" \/>\n<meta property=\"og:url\" content=\"https:\/\/demo.perimeter-solutions.com\/es\/product\/phos-chek-first-response-2\/\" \/>\n<meta property=\"og:site_name\" content=\"PS Demo site\" \/>\n<meta property=\"article:modified_time\" content=\"2024-08-14T23:05:30+00:00\" \/>\n<meta name=\"twitter:card\" content=\"summary_large_image\" \/>\n<meta name=\"twitter:label1\" content=\"Tiempo de lectura\" \/>\n\t<meta name=\"twitter:data1\" content=\"2 minutos\" \/>\n<script type=\"application\/ld+json\" class=\"yoast-schema-graph\">{\"@context\":\"https:\/\/schema.org\",\"@graph\":[{\"@type\":\"WebPage\",\"@id\":\"https:\/\/demo.perimeter-solutions.com\/es\/product\/phos-chek-first-response-2\/\",\"url\":\"https:\/\/demo.perimeter-solutions.com\/es\/product\/phos-chek-first-response-2\/\",\"name\":\"PHOS-CHEK First Response - PS Demo site\",\"isPartOf\":{\"@id\":\"https:\/\/demo.perimeter-solutions.com\/es\/#website\"},\"primaryImageOfPage\":{\"@id\":\"https:\/\/demo.perimeter-solutions.com\/es\/product\/phos-chek-first-response-2\/#primaryimage\"},\"image\":{\"@id\":\"https:\/\/demo.perimeter-solutions.com\/es\/product\/phos-chek-first-response-2\/#primaryimage\"},\"thumbnailUrl\":\"https:\/\/demo.perimeter-solutions.com\/wp-content\/uploads\/2024\/06\/PC-FIRST-RESPONSE-Class-A_PCC-2019018_Letter-v8-pdf.jpg\",\"datePublished\":\"2024-06-27T17:19:59+00:00\",\"dateModified\":\"2024-08-14T23:05:30+00:00\",\"description\":\"PHOS-CHEK\u00ae FIRST RESPONSE es el \u00faltimo desarrollo de un concentrado de espuma de clase A econ\u00f3mico que se compara favorablemente con el rendimiento de otras espumas econ\u00f3micas.\",\"breadcrumb\":{\"@id\":\"https:\/\/demo.perimeter-solutions.com\/es\/product\/phos-chek-first-response-2\/#breadcrumb\"},\"inLanguage\":\"es\",\"potentialAction\":[{\"@type\":\"ReadAction\",\"target\":[\"https:\/\/demo.perimeter-solutions.com\/es\/product\/phos-chek-first-response-2\/\"]}]},{\"@type\":\"ImageObject\",\"inLanguage\":\"es\",\"@id\":\"https:\/\/demo.perimeter-solutions.com\/es\/product\/phos-chek-first-response-2\/#primaryimage\",\"url\":\"https:\/\/demo.perimeter-solutions.com\/wp-content\/uploads\/2024\/06\/PC-FIRST-RESPONSE-Class-A_PCC-2019018_Letter-v8-pdf.jpg\",\"contentUrl\":\"https:\/\/demo.perimeter-solutions.com\/wp-content\/uploads\/2024\/06\/PC-FIRST-RESPONSE-Class-A_PCC-2019018_Letter-v8-pdf.jpg\"},{\"@type\":\"BreadcrumbList\",\"@id\":\"https:\/\/demo.perimeter-solutions.com\/es\/product\/phos-chek-first-response-2\/#breadcrumb\",\"itemListElement\":[{\"@type\":\"ListItem\",\"position\":1,\"name\":\"Cat\u00e1logo de productos\",\"item\":\"https:\/\/demo.perimeter-solutions.com\/es\/product-catalog\/\"},{\"@type\":\"ListItem\",\"position\":2,\"name\":\"PHOS-CHEK First Response\"}]},{\"@type\":\"WebSite\",\"@id\":\"https:\/\/demo.perimeter-solutions.com\/es\/#website\",\"url\":\"https:\/\/demo.perimeter-solutions.com\/es\/\",\"name\":\"PS Demo site\",\"description\":\"\",\"publisher\":{\"@id\":\"https:\/\/demo.perimeter-solutions.com\/es\/#organization\"},\"potentialAction\":[{\"@type\":\"SearchAction\",\"target\":{\"@type\":\"EntryPoint\",\"urlTemplate\":\"https:\/\/demo.perimeter-solutions.com\/es\/?s={search_term_string}\"},\"query-input\":{\"@type\":\"PropertyValueSpecification\",\"valueRequired\":true,\"valueName\":\"search_term_string\"}}],\"inLanguage\":\"es\"},{\"@type\":\"Organization\",\"@id\":\"https:\/\/demo.perimeter-solutions.com\/es\/#organization\",\"name\":\"Perimeter Solutions\",\"url\":\"https:\/\/demo.perimeter-solutions.com\/es\/\",\"logo\":{\"@type\":\"ImageObject\",\"inLanguage\":\"es\",\"@id\":\"https:\/\/demo.perimeter-solutions.com\/es\/#\/schema\/logo\/image\/\",\"url\":\"https:\/\/demo.perimeter-solutions.com\/wp-content\/uploads\/2021\/02\/perimeter-logo-RGB.png\",\"contentUrl\":\"https:\/\/demo.perimeter-solutions.com\/wp-content\/uploads\/2021\/02\/perimeter-logo-RGB.png\",\"width\":794,\"height\":138,\"caption\":\"Perimeter Solutions\"},\"image\":{\"@id\":\"https:\/\/demo.perimeter-solutions.com\/es\/#\/schema\/logo\/image\/\"}}]}<\/script>\n<!-- \/ Yoast SEO Premium plugin. -->","yoast_head_json":{"title":"PHOS-CHEK First Response - PS Demo site","description":"PHOS-CHEK\u00ae FIRST RESPONSE es el \u00faltimo desarrollo de un concentrado de espuma de clase A econ\u00f3mico que se compara favorablemente con el rendimiento de otras espumas econ\u00f3micas.","robots":{"index":"noindex","follow":"follow","max-snippet":"max-snippet:-1","max-image-preview":"max-image-preview:large","max-video-preview":"max-video-preview:-1"},"og_locale":"es_ES","og_type":"article","og_title":"PHOS-CHEK First Response","og_description":"PHOS-CHEK\u00ae FIRST RESPONSE es el \u00faltimo desarrollo de un concentrado de espuma de clase A econ\u00f3mico que se compara favorablemente con el rendimiento de otras espumas econ\u00f3micas.","og_url":"https:\/\/demo.perimeter-solutions.com\/es\/product\/phos-chek-first-response-2\/","og_site_name":"PS Demo site","article_modified_time":"2024-08-14T23:05:30+00:00","twitter_card":"summary_large_image","twitter_misc":{"Tiempo de lectura":"2 minutos"},"schema":{"@context":"https:\/\/schema.org","@graph":[{"@type":"WebPage","@id":"https:\/\/demo.perimeter-solutions.com\/es\/product\/phos-chek-first-response-2\/","url":"https:\/\/demo.perimeter-solutions.com\/es\/product\/phos-chek-first-response-2\/","name":"PHOS-CHEK First Response - PS Demo site","isPartOf":{"@id":"https:\/\/demo.perimeter-solutions.com\/es\/#website"},"primaryImageOfPage":{"@id":"https:\/\/demo.perimeter-solutions.com\/es\/product\/phos-chek-first-response-2\/#primaryimage"},"image":{"@id":"https:\/\/demo.perimeter-solutions.com\/es\/product\/phos-chek-first-response-2\/#primaryimage"},"thumbnailUrl":"https:\/\/demo.perimeter-solutions.com\/wp-content\/uploads\/2024\/06\/PC-FIRST-RESPONSE-Class-A_PCC-2019018_Letter-v8-pdf.jpg","datePublished":"2024-06-27T17:19:59+00:00","dateModified":"2024-08-14T23:05:30+00:00","description":"PHOS-CHEK\u00ae FIRST RESPONSE es el \u00faltimo desarrollo de un concentrado de espuma de clase A econ\u00f3mico que se compara favorablemente con el rendimiento de otras espumas econ\u00f3micas.","breadcrumb":{"@id":"https:\/\/demo.perimeter-solutions.com\/es\/product\/phos-chek-first-response-2\/#breadcrumb"},"inLanguage":"es","potentialAction":[{"@type":"ReadAction","target":["https:\/\/demo.perimeter-solutions.com\/es\/product\/phos-chek-first-response-2\/"]}]},{"@type":"ImageObject","inLanguage":"es","@id":"https:\/\/demo.perimeter-solutions.com\/es\/product\/phos-chek-first-response-2\/#primaryimage","url":"https:\/\/demo.perimeter-solutions.com\/wp-content\/uploads\/2024\/06\/PC-FIRST-RESPONSE-Class-A_PCC-2019018_Letter-v8-pdf.jpg","contentUrl":"https:\/\/demo.perimeter-solutions.com\/wp-content\/uploads\/2024\/06\/PC-FIRST-RESPONSE-Class-A_PCC-2019018_Letter-v8-pdf.jpg"},{"@type":"BreadcrumbList","@id":"https:\/\/demo.perimeter-solutions.com\/es\/product\/phos-chek-first-response-2\/#breadcrumb","itemListElement":[{"@type":"ListItem","position":1,"name":"Cat\u00e1logo de productos","item":"https:\/\/demo.perimeter-solutions.com\/es\/product-catalog\/"},{"@type":"ListItem","position":2,"name":"PHOS-CHEK First Response"}]},{"@type":"WebSite","@id":"https:\/\/demo.perimeter-solutions.com\/es\/#website","url":"https:\/\/demo.perimeter-solutions.com\/es\/","name":"PS Demo site","description":"","publisher":{"@id":"https:\/\/demo.perimeter-solutions.com\/es\/#organization"},"potentialAction":[{"@type":"SearchAction","target":{"@type":"EntryPoint","urlTemplate":"https:\/\/demo.perimeter-solutions.com\/es\/?s={search_term_string}"},"query-input":{"@type":"PropertyValueSpecification","valueRequired":true,"valueName":"search_term_string"}}],"inLanguage":"es"},{"@type":"Organization","@id":"https:\/\/demo.perimeter-solutions.com\/es\/#organization","name":"Perimeter Solutions","url":"https:\/\/demo.perimeter-solutions.com\/es\/","logo":{"@type":"ImageObject","inLanguage":"es","@id":"https:\/\/demo.perimeter-solutions.com\/es\/#\/schema\/logo\/image\/","url":"https:\/\/demo.perimeter-solutions.com\/wp-content\/uploads\/2021\/02\/perimeter-logo-RGB.png","contentUrl":"https:\/\/demo.perimeter-solutions.com\/wp-content\/uploads\/2021\/02\/perimeter-logo-RGB.png","width":794,"height":138,"caption":"Perimeter Solutions"},"image":{"@id":"https:\/\/demo.perimeter-solutions.com\/es\/#\/schema\/logo\/image\/"}}]}},"_links":{"self":[{"href":"https:\/\/demo.perimeter-solutions.com\/es\/wp-json\/wp\/v2\/product\/42342","targetHints":{"allow":["GET"]}}],"collection":[{"href":"https:\/\/demo.perimeter-solutions.com\/es\/wp-json\/wp\/v2\/product"}],"about":[{"href":"https:\/\/demo.perimeter-solutions.com\/es\/wp-json\/wp\/v2\/types\/product"}],"wp:featuredmedia":[{"embeddable":true,"href":"https:\/\/demo.perimeter-solutions.com\/es\/wp-json\/wp\/v2\/media\/42344"}],"wp:attachment":[{"href":"https:\/\/demo.perimeter-solutions.com\/es\/wp-json\/wp\/v2\/media?parent=42342"}],"wp:term":[{"taxonomy":"product_cat","embeddable":true,"href":"https:\/\/demo.perimeter-solutions.com\/es\/wp-json\/wp\/v2\/product_cat?post=42342"},{"taxonomy":"product_tag","embeddable":true,"href":"https:\/\/demo.perimeter-solutions.com\/es\/wp-json\/wp\/v2\/product_tag?post=42342"}],"curies":[{"name":"wp","href":"https:\/\/api.w.org\/{rel}","templated":true}]}}