{"id":42347,"date":"2024-06-27T14:56:15","date_gmt":"2024-06-27T18:56:15","guid":{"rendered":"https:\/\/demo.perimeter-solutions.com\/product\/phos-chek-wd881\/"},"modified":"2024-08-14T18:59:52","modified_gmt":"2024-08-14T22:59:52","slug":"phos-chek-wd881-2","status":"publish","type":"product","link":"https:\/\/demo.perimeter-solutions.com\/es\/product\/phos-chek-wd881-2\/","title":{"rendered":"PHOS-CHEK WD881"},"content":{"rendered":"<p><span style=\"color: #000000;\">El concentrado de Espuma de Clase A <strong>PHOS-CHEK<sup>\u00ae<\/sup> WD881<\/strong> est\u00e1 especialmente formulado para que el agua sea m\u00e1s eficaz en la lucha contra incendios. La combinaci\u00f3n \u00fanica de tensioactivos de PHOS-CHEK WD881 reduce significativamente la tensi\u00f3n superficial del agua y, al mezclarse con el aire, crea una capa de espuma superior que rodea los combustibles con una gruesa capa de agua. Esto crea una barrera entre el combustible y el fuego, derribando el fuego m\u00e1s r\u00e1pido que el agua sola y permitiendo que los bomberos vean las \u00e1reas de aplicaci\u00f3n. Hacer que el agua sea m\u00e1s efectiva reduce la cantidad de agua necesaria para extinguir el fuego, reduce el da\u00f1o causado por el agua y aumenta la seguridad de los bomberos a trav\u00e9s de un derribo m\u00e1s r\u00e1pido y menores requisitos de limpieza \/ revisi\u00f3n.<\/span><\/p>\n<p><span style=\"color: #000000;\">PHOS-CHEK WD881 es muy eficaz para combatir incendios de Clase A cuando se mezcla con agua en proporciones de uso del 0,1% al 1,0%. Ha demostrado su eficacia en muchas aplicaciones, como los Sistemas de Espuma de Aire Comprimido (CAFS), la lucha contra incendios estructurales, la extinci\u00f3n de incendios forestales y quemas prescritas, los incendios de minas, los incendios industriales de Clase A y para extinguir incendios provocados por vertidos de hidrocarburos.<\/span><\/p>\n<p><span style=\"color: #000000;\">PHOS-CHEK WD881 es uno de los productos espum\u00f3genos de Clase A m\u00e1s concentrados que existen en la actualidad. Otros productos contienen mucha m\u00e1s agua en el concentrado. Esta agua adicional significa que se necesitar\u00e1n tasas de uso m\u00e1s elevadas para conseguir los resultados esperados.<\/span><\/p>\n<p><span style=\"color: #000000;\">PHOS-CHEK WD881 no contiene ninguna sustancia qu\u00edmica PFAS a\u00f1adida intencionadamente (incluidos PFOS y PFOA).<\/span><\/p>\n<p><span style=\"color: #000000;\"><strong>Consulta a tu experto en reglamentaci\u00f3n para conocer las restricciones y normativas aplicables en tu estado o localidad en relaci\u00f3n con la venta y distribuci\u00f3n de concentrados de espuma de la Clase A.<\/strong><\/span><\/p>\n<p><span style=\"color: #000000;\"><strong>Las espumas de Clase B no deben utilizarse en fuegos de Clase A. Nunca mezcles concentrados espum\u00f3genos de Clase A y Clase B.<\/strong><\/span><\/p>\n<h4>Opciones disponibles<\/h4>\n","protected":false},"excerpt":{"rendered":"<h4 class=\"elementor-heading-title elementor-size-default\">Una de las espumas de Clase A m\u00e1s utilizadas del mundo<\/h4>\n","protected":false},"featured_media":42349,"template":"","meta":{"_acf_changed":false},"product_cat":[185,197],"product_tag":[232,252,240,258,254,256],"class_list":{"0":"post-42347","1":"product","2":"type-product","3":"status-publish","4":"has-post-thumbnail","6":"product_cat-class-a-es","7":"product_cat-class-b-fluorine-free-es","8":"product_tag-industrial-es","9":"product_tag-municipal-es","10":"product_tag-phos-chek-es","11":"product_tag-tierra-forestale","12":"product_tag-ul-wetting-agent-es","13":"product_tag-usfs-qpl-es","15":"first","16":"instock","17":"shipping-taxable","18":"purchasable","19":"product-type-simple"},"acf":[],"yoast_head":"<!-- This site is optimized with the Yoast SEO Premium plugin v21.9 (Yoast SEO v23.5) - https:\/\/yoast.com\/wordpress\/plugins\/seo\/ -->\n<title>PHOS-CHEK WD881 - PS Demo site<\/title>\n<meta name=\"description\" content=\"El concentrado de Espuma de Clase A PHOS-CHEK\u00ae WD881 est\u00e1 especialmente formulado para que el agua sea m\u00e1s eficaz en la lucha contra incendios. La combinaci\u00f3n \u00fanica de tensioactivos de PHOS-CHEK WD881 reduce significativamente la tensi\u00f3n superficial del agua y, al mezclarse con el aire, crea una capa de espuma superior que rodea los combustibles con una gruesa capa de agua.\" \/>\n<meta name=\"robots\" content=\"noindex, follow, max-snippet:-1, max-image-preview:large, max-video-preview:-1\" \/>\n<meta property=\"og:locale\" content=\"es_ES\" \/>\n<meta property=\"og:type\" content=\"article\" \/>\n<meta property=\"og:title\" content=\"PHOS-CHEK WD881\" \/>\n<meta property=\"og:description\" content=\"El concentrado de Espuma de Clase A PHOS-CHEK\u00ae WD881 est\u00e1 especialmente formulado para que el agua sea m\u00e1s eficaz en la lucha contra incendios. La combinaci\u00f3n \u00fanica de tensioactivos de PHOS-CHEK WD881 reduce significativamente la tensi\u00f3n superficial del agua y, al mezclarse con el aire, crea una capa de espuma superior que rodea los combustibles con una gruesa capa de agua.\" \/>\n<meta property=\"og:url\" content=\"https:\/\/demo.perimeter-solutions.com\/es\/product\/phos-chek-wd881-2\/\" \/>\n<meta property=\"og:site_name\" content=\"PS Demo site\" \/>\n<meta property=\"article:modified_time\" content=\"2024-08-14T22:59:52+00:00\" \/>\n<meta name=\"twitter:card\" content=\"summary_large_image\" \/>\n<meta name=\"twitter:label1\" content=\"Tiempo de lectura\" \/>\n\t<meta name=\"twitter:data1\" content=\"2 minutos\" \/>\n<script type=\"application\/ld+json\" class=\"yoast-schema-graph\">{\"@context\":\"https:\/\/schema.org\",\"@graph\":[{\"@type\":\"WebPage\",\"@id\":\"https:\/\/demo.perimeter-solutions.com\/es\/product\/phos-chek-wd881-2\/\",\"url\":\"https:\/\/demo.perimeter-solutions.com\/es\/product\/phos-chek-wd881-2\/\",\"name\":\"PHOS-CHEK WD881 - PS Demo site\",\"isPartOf\":{\"@id\":\"https:\/\/demo.perimeter-solutions.com\/es\/#website\"},\"primaryImageOfPage\":{\"@id\":\"https:\/\/demo.perimeter-solutions.com\/es\/product\/phos-chek-wd881-2\/#primaryimage\"},\"image\":{\"@id\":\"https:\/\/demo.perimeter-solutions.com\/es\/product\/phos-chek-wd881-2\/#primaryimage\"},\"thumbnailUrl\":\"https:\/\/demo.perimeter-solutions.com\/wp-content\/uploads\/2024\/06\/CF1-PC-WD881-Class-A-Datasheet_PCC-2019015-5-LETTER-2PG-03-pdf.jpg\",\"datePublished\":\"2024-06-27T18:56:15+00:00\",\"dateModified\":\"2024-08-14T22:59:52+00:00\",\"description\":\"El concentrado de Espuma de Clase A PHOS-CHEK\u00ae WD881 est\u00e1 especialmente formulado para que el agua sea m\u00e1s eficaz en la lucha contra incendios. La combinaci\u00f3n \u00fanica de tensioactivos de PHOS-CHEK WD881 reduce significativamente la tensi\u00f3n superficial del agua y, al mezclarse con el aire, crea una capa de espuma superior que rodea los combustibles con una gruesa capa de agua.\",\"breadcrumb\":{\"@id\":\"https:\/\/demo.perimeter-solutions.com\/es\/product\/phos-chek-wd881-2\/#breadcrumb\"},\"inLanguage\":\"es\",\"potentialAction\":[{\"@type\":\"ReadAction\",\"target\":[\"https:\/\/demo.perimeter-solutions.com\/es\/product\/phos-chek-wd881-2\/\"]}]},{\"@type\":\"ImageObject\",\"inLanguage\":\"es\",\"@id\":\"https:\/\/demo.perimeter-solutions.com\/es\/product\/phos-chek-wd881-2\/#primaryimage\",\"url\":\"https:\/\/demo.perimeter-solutions.com\/wp-content\/uploads\/2024\/06\/CF1-PC-WD881-Class-A-Datasheet_PCC-2019015-5-LETTER-2PG-03-pdf.jpg\",\"contentUrl\":\"https:\/\/demo.perimeter-solutions.com\/wp-content\/uploads\/2024\/06\/CF1-PC-WD881-Class-A-Datasheet_PCC-2019015-5-LETTER-2PG-03-pdf.jpg\"},{\"@type\":\"BreadcrumbList\",\"@id\":\"https:\/\/demo.perimeter-solutions.com\/es\/product\/phos-chek-wd881-2\/#breadcrumb\",\"itemListElement\":[{\"@type\":\"ListItem\",\"position\":1,\"name\":\"Cat\u00e1logo de productos\",\"item\":\"https:\/\/demo.perimeter-solutions.com\/es\/product-catalog\/\"},{\"@type\":\"ListItem\",\"position\":2,\"name\":\"PHOS-CHEK WD881\"}]},{\"@type\":\"WebSite\",\"@id\":\"https:\/\/demo.perimeter-solutions.com\/es\/#website\",\"url\":\"https:\/\/demo.perimeter-solutions.com\/es\/\",\"name\":\"PS Demo site\",\"description\":\"\",\"publisher\":{\"@id\":\"https:\/\/demo.perimeter-solutions.com\/es\/#organization\"},\"potentialAction\":[{\"@type\":\"SearchAction\",\"target\":{\"@type\":\"EntryPoint\",\"urlTemplate\":\"https:\/\/demo.perimeter-solutions.com\/es\/?s={search_term_string}\"},\"query-input\":{\"@type\":\"PropertyValueSpecification\",\"valueRequired\":true,\"valueName\":\"search_term_string\"}}],\"inLanguage\":\"es\"},{\"@type\":\"Organization\",\"@id\":\"https:\/\/demo.perimeter-solutions.com\/es\/#organization\",\"name\":\"Perimeter Solutions\",\"url\":\"https:\/\/demo.perimeter-solutions.com\/es\/\",\"logo\":{\"@type\":\"ImageObject\",\"inLanguage\":\"es\",\"@id\":\"https:\/\/demo.perimeter-solutions.com\/es\/#\/schema\/logo\/image\/\",\"url\":\"https:\/\/demo.perimeter-solutions.com\/wp-content\/uploads\/2021\/02\/perimeter-logo-RGB.png\",\"contentUrl\":\"https:\/\/demo.perimeter-solutions.com\/wp-content\/uploads\/2021\/02\/perimeter-logo-RGB.png\",\"width\":794,\"height\":138,\"caption\":\"Perimeter Solutions\"},\"image\":{\"@id\":\"https:\/\/demo.perimeter-solutions.com\/es\/#\/schema\/logo\/image\/\"}}]}<\/script>\n<!-- \/ Yoast SEO Premium plugin. -->","yoast_head_json":{"title":"PHOS-CHEK WD881 - PS Demo site","description":"El concentrado de Espuma de Clase A PHOS-CHEK\u00ae WD881 est\u00e1 especialmente formulado para que el agua sea m\u00e1s eficaz en la lucha contra incendios. La combinaci\u00f3n \u00fanica de tensioactivos de PHOS-CHEK WD881 reduce significativamente la tensi\u00f3n superficial del agua y, al mezclarse con el aire, crea una capa de espuma superior que rodea los combustibles con una gruesa capa de agua.","robots":{"index":"noindex","follow":"follow","max-snippet":"max-snippet:-1","max-image-preview":"max-image-preview:large","max-video-preview":"max-video-preview:-1"},"og_locale":"es_ES","og_type":"article","og_title":"PHOS-CHEK WD881","og_description":"El concentrado de Espuma de Clase A PHOS-CHEK\u00ae WD881 est\u00e1 especialmente formulado para que el agua sea m\u00e1s eficaz en la lucha contra incendios. La combinaci\u00f3n \u00fanica de tensioactivos de PHOS-CHEK WD881 reduce significativamente la tensi\u00f3n superficial del agua y, al mezclarse con el aire, crea una capa de espuma superior que rodea los combustibles con una gruesa capa de agua.","og_url":"https:\/\/demo.perimeter-solutions.com\/es\/product\/phos-chek-wd881-2\/","og_site_name":"PS Demo site","article_modified_time":"2024-08-14T22:59:52+00:00","twitter_card":"summary_large_image","twitter_misc":{"Tiempo de lectura":"2 minutos"},"schema":{"@context":"https:\/\/schema.org","@graph":[{"@type":"WebPage","@id":"https:\/\/demo.perimeter-solutions.com\/es\/product\/phos-chek-wd881-2\/","url":"https:\/\/demo.perimeter-solutions.com\/es\/product\/phos-chek-wd881-2\/","name":"PHOS-CHEK WD881 - PS Demo site","isPartOf":{"@id":"https:\/\/demo.perimeter-solutions.com\/es\/#website"},"primaryImageOfPage":{"@id":"https:\/\/demo.perimeter-solutions.com\/es\/product\/phos-chek-wd881-2\/#primaryimage"},"image":{"@id":"https:\/\/demo.perimeter-solutions.com\/es\/product\/phos-chek-wd881-2\/#primaryimage"},"thumbnailUrl":"https:\/\/demo.perimeter-solutions.com\/wp-content\/uploads\/2024\/06\/CF1-PC-WD881-Class-A-Datasheet_PCC-2019015-5-LETTER-2PG-03-pdf.jpg","datePublished":"2024-06-27T18:56:15+00:00","dateModified":"2024-08-14T22:59:52+00:00","description":"El concentrado de Espuma de Clase A PHOS-CHEK\u00ae WD881 est\u00e1 especialmente formulado para que el agua sea m\u00e1s eficaz en la lucha contra incendios. La combinaci\u00f3n \u00fanica de tensioactivos de PHOS-CHEK WD881 reduce significativamente la tensi\u00f3n superficial del agua y, al mezclarse con el aire, crea una capa de espuma superior que rodea los combustibles con una gruesa capa de agua.","breadcrumb":{"@id":"https:\/\/demo.perimeter-solutions.com\/es\/product\/phos-chek-wd881-2\/#breadcrumb"},"inLanguage":"es","potentialAction":[{"@type":"ReadAction","target":["https:\/\/demo.perimeter-solutions.com\/es\/product\/phos-chek-wd881-2\/"]}]},{"@type":"ImageObject","inLanguage":"es","@id":"https:\/\/demo.perimeter-solutions.com\/es\/product\/phos-chek-wd881-2\/#primaryimage","url":"https:\/\/demo.perimeter-solutions.com\/wp-content\/uploads\/2024\/06\/CF1-PC-WD881-Class-A-Datasheet_PCC-2019015-5-LETTER-2PG-03-pdf.jpg","contentUrl":"https:\/\/demo.perimeter-solutions.com\/wp-content\/uploads\/2024\/06\/CF1-PC-WD881-Class-A-Datasheet_PCC-2019015-5-LETTER-2PG-03-pdf.jpg"},{"@type":"BreadcrumbList","@id":"https:\/\/demo.perimeter-solutions.com\/es\/product\/phos-chek-wd881-2\/#breadcrumb","itemListElement":[{"@type":"ListItem","position":1,"name":"Cat\u00e1logo de productos","item":"https:\/\/demo.perimeter-solutions.com\/es\/product-catalog\/"},{"@type":"ListItem","position":2,"name":"PHOS-CHEK WD881"}]},{"@type":"WebSite","@id":"https:\/\/demo.perimeter-solutions.com\/es\/#website","url":"https:\/\/demo.perimeter-solutions.com\/es\/","name":"PS Demo site","description":"","publisher":{"@id":"https:\/\/demo.perimeter-solutions.com\/es\/#organization"},"potentialAction":[{"@type":"SearchAction","target":{"@type":"EntryPoint","urlTemplate":"https:\/\/demo.perimeter-solutions.com\/es\/?s={search_term_string}"},"query-input":{"@type":"PropertyValueSpecification","valueRequired":true,"valueName":"search_term_string"}}],"inLanguage":"es"},{"@type":"Organization","@id":"https:\/\/demo.perimeter-solutions.com\/es\/#organization","name":"Perimeter Solutions","url":"https:\/\/demo.perimeter-solutions.com\/es\/","logo":{"@type":"ImageObject","inLanguage":"es","@id":"https:\/\/demo.perimeter-solutions.com\/es\/#\/schema\/logo\/image\/","url":"https:\/\/demo.perimeter-solutions.com\/wp-content\/uploads\/2021\/02\/perimeter-logo-RGB.png","contentUrl":"https:\/\/demo.perimeter-solutions.com\/wp-content\/uploads\/2021\/02\/perimeter-logo-RGB.png","width":794,"height":138,"caption":"Perimeter Solutions"},"image":{"@id":"https:\/\/demo.perimeter-solutions.com\/es\/#\/schema\/logo\/image\/"}}]}},"_links":{"self":[{"href":"https:\/\/demo.perimeter-solutions.com\/es\/wp-json\/wp\/v2\/product\/42347","targetHints":{"allow":["GET"]}}],"collection":[{"href":"https:\/\/demo.perimeter-solutions.com\/es\/wp-json\/wp\/v2\/product"}],"about":[{"href":"https:\/\/demo.perimeter-solutions.com\/es\/wp-json\/wp\/v2\/types\/product"}],"wp:featuredmedia":[{"embeddable":true,"href":"https:\/\/demo.perimeter-solutions.com\/es\/wp-json\/wp\/v2\/media\/42349"}],"wp:attachment":[{"href":"https:\/\/demo.perimeter-solutions.com\/es\/wp-json\/wp\/v2\/media?parent=42347"}],"wp:term":[{"taxonomy":"product_cat","embeddable":true,"href":"https:\/\/demo.perimeter-solutions.com\/es\/wp-json\/wp\/v2\/product_cat?post=42347"},{"taxonomy":"product_tag","embeddable":true,"href":"https:\/\/demo.perimeter-solutions.com\/es\/wp-json\/wp\/v2\/product_tag?post=42347"}],"curies":[{"name":"wp","href":"https:\/\/api.w.org\/{rel}","templated":true}]}}