{"id":42370,"date":"2024-06-27T15:16:47","date_gmt":"2024-06-27T19:16:47","guid":{"rendered":"https:\/\/demo.perimeter-solutions.com\/product\/carro-de-bomberos-931\/"},"modified":"2024-08-14T18:04:40","modified_gmt":"2024-08-14T22:04:40","slug":"carro-de-bomberos-931","status":"publish","type":"product","link":"https:\/\/demo.perimeter-solutions.com\/es\/product\/carro-de-bomberos-931\/","title":{"rendered":"CARRO DE BOMBEROS 931"},"content":{"rendered":"<div>\n<p>El ign\u00edfugo de larga duraci\u00f3n <strong>FIRE-TROL<sup>\u00ae<\/sup> 931<\/strong> es la norma en Europa desde hace m\u00e1s de 30 a\u00f1os. Es una aplicaci\u00f3n a\u00e9rea muy eficaz utilizada por aviones de ala fija y helic\u00f3pteros para controlar y sofocar incendios forestales. FIRE-TROL 931 se adhiere muy bien a la fuente de combustible, y su brillante coloraci\u00f3n hace que la soluci\u00f3n sea f\u00e1cil de ver desde los aviones, ayudando a los pilotos a crear l\u00edneas retardantes continuas que ayudan a prevenir la propagaci\u00f3n de incendios forestales. FIRE-TROL 931 ha sido probado por el CEREN, Laboratorio Nacional Franc\u00e9s de Investigaci\u00f3n para la Lucha contra Incendios. Determinaron que FIRE-TROL 931 a una tasa de diluci\u00f3n del 20% es un excelente retardante del fuego a largo plazo.<\/p>\n<p><strong>Consulta a tu experto en normativa para conocer las restricciones y normativas aplicables en tu estado o localidad en relaci\u00f3n con la venta y distribuci\u00f3n de retardantes del fuego.<\/strong><\/p>\n<\/div>\n","protected":false},"excerpt":{"rendered":"<h4 class=\"elementor-heading-title elementor-size-default\">Ign\u00edfugo de larga duraci\u00f3n para aplicaci\u00f3n a\u00e9rea<\/h4>\n","protected":false},"featured_media":42372,"template":"","meta":{"_acf_changed":false},"product_cat":[183],"product_tag":[220],"class_list":{"0":"post-42370","1":"product","2":"type-product","3":"status-publish","4":"has-post-thumbnail","6":"product_cat-fire-retardants-es","7":"product_tag-biogema-es","9":"first","10":"instock","11":"shipping-taxable","12":"purchasable","13":"product-type-simple"},"acf":[],"yoast_head":"<!-- This site is optimized with the Yoast SEO Premium plugin v21.9 (Yoast SEO v23.5) - https:\/\/yoast.com\/wordpress\/plugins\/seo\/ -->\n<title>CARRO DE BOMBEROS 931 - PS Demo site<\/title>\n<meta name=\"description\" content=\"El ign\u00edfugo de larga duraci\u00f3n FIRE-TROL\u00ae 931 es la norma en Europa desde hace m\u00e1s de 30 a\u00f1os. Es una aplicaci\u00f3n a\u00e9rea muy eficaz utilizada por aviones de ala fija y helic\u00f3pteros para controlar y sofocar incendios forestales.\" \/>\n<meta name=\"robots\" content=\"noindex, follow, max-snippet:-1, max-image-preview:large, max-video-preview:-1\" \/>\n<meta property=\"og:locale\" content=\"es_ES\" \/>\n<meta property=\"og:type\" content=\"article\" \/>\n<meta property=\"og:title\" content=\"CARRO DE BOMBEROS 931\" \/>\n<meta property=\"og:description\" content=\"El ign\u00edfugo de larga duraci\u00f3n FIRE-TROL\u00ae 931 es la norma en Europa desde hace m\u00e1s de 30 a\u00f1os. Es una aplicaci\u00f3n a\u00e9rea muy eficaz utilizada por aviones de ala fija y helic\u00f3pteros para controlar y sofocar incendios forestales.\" \/>\n<meta property=\"og:url\" content=\"https:\/\/demo.perimeter-solutions.com\/es\/product\/carro-de-bomberos-931\/\" \/>\n<meta property=\"og:site_name\" content=\"PS Demo site\" \/>\n<meta property=\"article:modified_time\" content=\"2024-08-14T22:04:40+00:00\" \/>\n<meta property=\"og:image\" content=\"https:\/\/demo.perimeter-solutions.com\/wp-content\/uploads\/2024\/06\/PERI2643-FIRETROL931_Letter_v1.5-2_Page_1-scaled.jpg\" \/>\n\t<meta property=\"og:image:width\" content=\"1978\" \/>\n\t<meta property=\"og:image:height\" content=\"2560\" \/>\n\t<meta property=\"og:image:type\" content=\"image\/jpeg\" \/>\n<meta name=\"twitter:card\" content=\"summary_large_image\" \/>\n<meta name=\"twitter:label1\" content=\"Tiempo de lectura\" \/>\n\t<meta name=\"twitter:data1\" content=\"1 minuto\" \/>\n<script type=\"application\/ld+json\" class=\"yoast-schema-graph\">{\"@context\":\"https:\/\/schema.org\",\"@graph\":[{\"@type\":\"WebPage\",\"@id\":\"https:\/\/demo.perimeter-solutions.com\/es\/product\/carro-de-bomberos-931\/\",\"url\":\"https:\/\/demo.perimeter-solutions.com\/es\/product\/carro-de-bomberos-931\/\",\"name\":\"CARRO DE BOMBEROS 931 - PS Demo site\",\"isPartOf\":{\"@id\":\"https:\/\/demo.perimeter-solutions.com\/es\/#website\"},\"primaryImageOfPage\":{\"@id\":\"https:\/\/demo.perimeter-solutions.com\/es\/product\/carro-de-bomberos-931\/#primaryimage\"},\"image\":{\"@id\":\"https:\/\/demo.perimeter-solutions.com\/es\/product\/carro-de-bomberos-931\/#primaryimage\"},\"thumbnailUrl\":\"https:\/\/demo.perimeter-solutions.com\/wp-content\/uploads\/2024\/06\/PERI2643-FIRETROL931_Letter_v1.5-2_Page_1-scaled.jpg\",\"datePublished\":\"2024-06-27T19:16:47+00:00\",\"dateModified\":\"2024-08-14T22:04:40+00:00\",\"description\":\"El ign\u00edfugo de larga duraci\u00f3n FIRE-TROL\u00ae 931 es la norma en Europa desde hace m\u00e1s de 30 a\u00f1os. Es una aplicaci\u00f3n a\u00e9rea muy eficaz utilizada por aviones de ala fija y helic\u00f3pteros para controlar y sofocar incendios forestales.\",\"breadcrumb\":{\"@id\":\"https:\/\/demo.perimeter-solutions.com\/es\/product\/carro-de-bomberos-931\/#breadcrumb\"},\"inLanguage\":\"es\",\"potentialAction\":[{\"@type\":\"ReadAction\",\"target\":[\"https:\/\/demo.perimeter-solutions.com\/es\/product\/carro-de-bomberos-931\/\"]}]},{\"@type\":\"ImageObject\",\"inLanguage\":\"es\",\"@id\":\"https:\/\/demo.perimeter-solutions.com\/es\/product\/carro-de-bomberos-931\/#primaryimage\",\"url\":\"https:\/\/demo.perimeter-solutions.com\/wp-content\/uploads\/2024\/06\/PERI2643-FIRETROL931_Letter_v1.5-2_Page_1-scaled.jpg\",\"contentUrl\":\"https:\/\/demo.perimeter-solutions.com\/wp-content\/uploads\/2024\/06\/PERI2643-FIRETROL931_Letter_v1.5-2_Page_1-scaled.jpg\",\"width\":1978,\"height\":2560},{\"@type\":\"BreadcrumbList\",\"@id\":\"https:\/\/demo.perimeter-solutions.com\/es\/product\/carro-de-bomberos-931\/#breadcrumb\",\"itemListElement\":[{\"@type\":\"ListItem\",\"position\":1,\"name\":\"Cat\u00e1logo de productos\",\"item\":\"https:\/\/demo.perimeter-solutions.com\/es\/product-catalog\/\"},{\"@type\":\"ListItem\",\"position\":2,\"name\":\"CARRO DE BOMBEROS 931\"}]},{\"@type\":\"WebSite\",\"@id\":\"https:\/\/demo.perimeter-solutions.com\/es\/#website\",\"url\":\"https:\/\/demo.perimeter-solutions.com\/es\/\",\"name\":\"PS Demo site\",\"description\":\"\",\"publisher\":{\"@id\":\"https:\/\/demo.perimeter-solutions.com\/es\/#organization\"},\"potentialAction\":[{\"@type\":\"SearchAction\",\"target\":{\"@type\":\"EntryPoint\",\"urlTemplate\":\"https:\/\/demo.perimeter-solutions.com\/es\/?s={search_term_string}\"},\"query-input\":{\"@type\":\"PropertyValueSpecification\",\"valueRequired\":true,\"valueName\":\"search_term_string\"}}],\"inLanguage\":\"es\"},{\"@type\":\"Organization\",\"@id\":\"https:\/\/demo.perimeter-solutions.com\/es\/#organization\",\"name\":\"Perimeter Solutions\",\"url\":\"https:\/\/demo.perimeter-solutions.com\/es\/\",\"logo\":{\"@type\":\"ImageObject\",\"inLanguage\":\"es\",\"@id\":\"https:\/\/demo.perimeter-solutions.com\/es\/#\/schema\/logo\/image\/\",\"url\":\"https:\/\/demo.perimeter-solutions.com\/wp-content\/uploads\/2021\/02\/perimeter-logo-RGB.png\",\"contentUrl\":\"https:\/\/demo.perimeter-solutions.com\/wp-content\/uploads\/2021\/02\/perimeter-logo-RGB.png\",\"width\":794,\"height\":138,\"caption\":\"Perimeter Solutions\"},\"image\":{\"@id\":\"https:\/\/demo.perimeter-solutions.com\/es\/#\/schema\/logo\/image\/\"}}]}<\/script>\n<!-- \/ Yoast SEO Premium plugin. -->","yoast_head_json":{"title":"CARRO DE BOMBEROS 931 - PS Demo site","description":"El ign\u00edfugo de larga duraci\u00f3n FIRE-TROL\u00ae 931 es la norma en Europa desde hace m\u00e1s de 30 a\u00f1os. Es una aplicaci\u00f3n a\u00e9rea muy eficaz utilizada por aviones de ala fija y helic\u00f3pteros para controlar y sofocar incendios forestales.","robots":{"index":"noindex","follow":"follow","max-snippet":"max-snippet:-1","max-image-preview":"max-image-preview:large","max-video-preview":"max-video-preview:-1"},"og_locale":"es_ES","og_type":"article","og_title":"CARRO DE BOMBEROS 931","og_description":"El ign\u00edfugo de larga duraci\u00f3n FIRE-TROL\u00ae 931 es la norma en Europa desde hace m\u00e1s de 30 a\u00f1os. Es una aplicaci\u00f3n a\u00e9rea muy eficaz utilizada por aviones de ala fija y helic\u00f3pteros para controlar y sofocar incendios forestales.","og_url":"https:\/\/demo.perimeter-solutions.com\/es\/product\/carro-de-bomberos-931\/","og_site_name":"PS Demo site","article_modified_time":"2024-08-14T22:04:40+00:00","og_image":[{"width":1978,"height":2560,"url":"https:\/\/demo.perimeter-solutions.com\/wp-content\/uploads\/2024\/06\/PERI2643-FIRETROL931_Letter_v1.5-2_Page_1-scaled.jpg","type":"image\/jpeg"}],"twitter_card":"summary_large_image","twitter_misc":{"Tiempo de lectura":"1 minuto"},"schema":{"@context":"https:\/\/schema.org","@graph":[{"@type":"WebPage","@id":"https:\/\/demo.perimeter-solutions.com\/es\/product\/carro-de-bomberos-931\/","url":"https:\/\/demo.perimeter-solutions.com\/es\/product\/carro-de-bomberos-931\/","name":"CARRO DE BOMBEROS 931 - PS Demo site","isPartOf":{"@id":"https:\/\/demo.perimeter-solutions.com\/es\/#website"},"primaryImageOfPage":{"@id":"https:\/\/demo.perimeter-solutions.com\/es\/product\/carro-de-bomberos-931\/#primaryimage"},"image":{"@id":"https:\/\/demo.perimeter-solutions.com\/es\/product\/carro-de-bomberos-931\/#primaryimage"},"thumbnailUrl":"https:\/\/demo.perimeter-solutions.com\/wp-content\/uploads\/2024\/06\/PERI2643-FIRETROL931_Letter_v1.5-2_Page_1-scaled.jpg","datePublished":"2024-06-27T19:16:47+00:00","dateModified":"2024-08-14T22:04:40+00:00","description":"El ign\u00edfugo de larga duraci\u00f3n FIRE-TROL\u00ae 931 es la norma en Europa desde hace m\u00e1s de 30 a\u00f1os. Es una aplicaci\u00f3n a\u00e9rea muy eficaz utilizada por aviones de ala fija y helic\u00f3pteros para controlar y sofocar incendios forestales.","breadcrumb":{"@id":"https:\/\/demo.perimeter-solutions.com\/es\/product\/carro-de-bomberos-931\/#breadcrumb"},"inLanguage":"es","potentialAction":[{"@type":"ReadAction","target":["https:\/\/demo.perimeter-solutions.com\/es\/product\/carro-de-bomberos-931\/"]}]},{"@type":"ImageObject","inLanguage":"es","@id":"https:\/\/demo.perimeter-solutions.com\/es\/product\/carro-de-bomberos-931\/#primaryimage","url":"https:\/\/demo.perimeter-solutions.com\/wp-content\/uploads\/2024\/06\/PERI2643-FIRETROL931_Letter_v1.5-2_Page_1-scaled.jpg","contentUrl":"https:\/\/demo.perimeter-solutions.com\/wp-content\/uploads\/2024\/06\/PERI2643-FIRETROL931_Letter_v1.5-2_Page_1-scaled.jpg","width":1978,"height":2560},{"@type":"BreadcrumbList","@id":"https:\/\/demo.perimeter-solutions.com\/es\/product\/carro-de-bomberos-931\/#breadcrumb","itemListElement":[{"@type":"ListItem","position":1,"name":"Cat\u00e1logo de productos","item":"https:\/\/demo.perimeter-solutions.com\/es\/product-catalog\/"},{"@type":"ListItem","position":2,"name":"CARRO DE BOMBEROS 931"}]},{"@type":"WebSite","@id":"https:\/\/demo.perimeter-solutions.com\/es\/#website","url":"https:\/\/demo.perimeter-solutions.com\/es\/","name":"PS Demo site","description":"","publisher":{"@id":"https:\/\/demo.perimeter-solutions.com\/es\/#organization"},"potentialAction":[{"@type":"SearchAction","target":{"@type":"EntryPoint","urlTemplate":"https:\/\/demo.perimeter-solutions.com\/es\/?s={search_term_string}"},"query-input":{"@type":"PropertyValueSpecification","valueRequired":true,"valueName":"search_term_string"}}],"inLanguage":"es"},{"@type":"Organization","@id":"https:\/\/demo.perimeter-solutions.com\/es\/#organization","name":"Perimeter Solutions","url":"https:\/\/demo.perimeter-solutions.com\/es\/","logo":{"@type":"ImageObject","inLanguage":"es","@id":"https:\/\/demo.perimeter-solutions.com\/es\/#\/schema\/logo\/image\/","url":"https:\/\/demo.perimeter-solutions.com\/wp-content\/uploads\/2021\/02\/perimeter-logo-RGB.png","contentUrl":"https:\/\/demo.perimeter-solutions.com\/wp-content\/uploads\/2021\/02\/perimeter-logo-RGB.png","width":794,"height":138,"caption":"Perimeter Solutions"},"image":{"@id":"https:\/\/demo.perimeter-solutions.com\/es\/#\/schema\/logo\/image\/"}}]}},"_links":{"self":[{"href":"https:\/\/demo.perimeter-solutions.com\/es\/wp-json\/wp\/v2\/product\/42370","targetHints":{"allow":["GET"]}}],"collection":[{"href":"https:\/\/demo.perimeter-solutions.com\/es\/wp-json\/wp\/v2\/product"}],"about":[{"href":"https:\/\/demo.perimeter-solutions.com\/es\/wp-json\/wp\/v2\/types\/product"}],"wp:featuredmedia":[{"embeddable":true,"href":"https:\/\/demo.perimeter-solutions.com\/es\/wp-json\/wp\/v2\/media\/42372"}],"wp:attachment":[{"href":"https:\/\/demo.perimeter-solutions.com\/es\/wp-json\/wp\/v2\/media?parent=42370"}],"wp:term":[{"taxonomy":"product_cat","embeddable":true,"href":"https:\/\/demo.perimeter-solutions.com\/es\/wp-json\/wp\/v2\/product_cat?post=42370"},{"taxonomy":"product_tag","embeddable":true,"href":"https:\/\/demo.perimeter-solutions.com\/es\/wp-json\/wp\/v2\/product_tag?post=42370"}],"curies":[{"name":"wp","href":"https:\/\/api.w.org\/{rel}","templated":true}]}}