{"id":42383,"date":"2024-06-28T10:02:23","date_gmt":"2024-06-28T14:02:23","guid":{"rendered":"https:\/\/demo.perimeter-solutions.com\/product\/serie-phos-chek-lc95\/"},"modified":"2024-08-16T10:51:25","modified_gmt":"2024-08-16T14:51:25","slug":"serie-phos-chek-lc95","status":"publish","type":"product","link":"https:\/\/demo.perimeter-solutions.com\/es\/product\/serie-phos-chek-lc95\/","title":{"rendered":"Serie PHOS-CHEK LC95"},"content":{"rendered":"<div>\n<p><span style=\"color: #000000;\">El <strong>PHOS-CHEK \u00ae La serie LC95<\/strong> de retardadores de fuego se utiliza para el control de incendios forestales en combustibles para bosques, matorrales y pastizales. Funcionalmente, los retardadores de fuego de la serie PHOS-CHEK LC95 reaccionan y alteran la descomposici\u00f3n t\u00e9rmica de los combustibles forestales para que no soporten la combusti\u00f3n en llamas o incandescente. Esto priva al fuego de combustible, reduciendo la intensidad del fuego y la velocidad de combusti\u00f3n y propagaci\u00f3n de la llama.<\/span><\/p>\n<p><span style=\"color: #000000;\">PHOS-CHEK LC95 est\u00e1 disponible en forma de \u00f3xido de hierro rojo (R), fugitivo (F) y sin color (W). El color fugitivo mantiene la visibilidad durante la aplicaci\u00f3n, pero se desvanece lentamente despu\u00e9s de la exposici\u00f3n a la luz solar.<\/span><\/p>\n<p><span style=\"color: #000000;\">Los retardantes de fuego PHOS-CHEK LC95 son concentrados l\u00edquidos que se mezclan f\u00e1cilmente con agua mediante recirculaci\u00f3n, agitaci\u00f3n o sistemas de dosificaci\u00f3n PHOS-CHEK. Los retardadores de fuego PHOS-CHEK LC95 son retardadores de polifosfato de amonio que ofrecen tanto la facilidad de mezcla y manipulaci\u00f3n como las ventajas de ca\u00edda a\u00e9rea de un retardante de goma espesa. Estos retardantes PHOS-CHEK espesados con goma reducen la deriva y la evaporaci\u00f3n y aumentan la cobertura, envoltura y penetraci\u00f3n del combustible a trav\u00e9s de los combustibles de la cubierta y la escalera. La recuperaci\u00f3n puede superar el 90%.<\/span><\/p>\n<p><span style=\"color: #000000;\">PHOS-CHEK LC95A-R y PHOS-CHEK LC95A-Fx est\u00e1n coloreados para proporcionar una aplicaci\u00f3n a\u00e9rea eficaz. PHOS-CHEK LC95A-R es ideal para su uso en aviones cisterna multimotor, de ala fija y cisterna monomotor. El concentrado se entrega al lugar de mezcla como un l\u00edquido de viscosidad baja o media y se almacena en forma de concentrado. Se diluye y se mezcla con agua a medida que se transfiere al sistema de administraci\u00f3n. PHOS-CHEK LC95A-Fx proporciona una visibilidad ultra alta cuando se cae y mientras est\u00e1 sobre los combustibles. Ambos retardantes se desvanecen despu\u00e9s de la exposici\u00f3n a la luz solar.<\/span><\/p>\n<p><span style=\"color: #000000;\">PHOS-CHEK LC95W incoloro es ideal para aplicaciones en el suelo donde no se desea el color.<\/span><\/p>\n<p><span style=\"color: #000000;\"><strong>Ventajas de los retardantes de fuego aplicados en tierra<\/strong><\/span><\/p>\n<ul>\n<li><span style=\"color: #000000;\">Cobertura uniforme dise\u00f1ada para proporcionar la m\u00e1xima eficacia<\/span><\/li>\n<li><span style=\"color: #000000;\">Se puede aplicar con horas, d\u00edas, semanas y meses de anticipaci\u00f3n.<\/span><\/li>\n<li><span style=\"color: #000000;\">Aplicaci\u00f3n las 24 horas del d\u00eda, los 7 d\u00edas de la semana, incluidas las operaciones nocturnas<\/span><\/li>\n<li><span style=\"color: #000000;\">Se puede aplicar cuando los aviones cisterna no est\u00e1n disponibles debido a las condiciones clim\u00e1ticas o \u00e1reas de baja accesibilidad.<\/span><\/li>\n<li><span style=\"color: #000000;\">Colocaci\u00f3n: precisi\u00f3n milim\u00e9trica<\/span><\/li>\n<li><span style=\"color: #000000;\">Minimizaci\u00f3n de la interrupci\u00f3n del negocio, incluidos los cortes de energ\u00eda por motivos de seguridad p\u00fablica (PSPS)<\/span><\/li>\n<li><span style=\"color: #000000;\">Soluci\u00f3n incolora, y puede tratar zonas en las que no se desea color<\/span><\/li>\n<\/ul>\n<p><span style=\"color: #000000;\"><strong>Aplicaciones ideales<\/strong><\/span><\/p>\n<ul>\n<li><span style=\"color: #000000;\">Se requiere la lista de QPL del Servicio Forestal del USDA<\/span><\/li>\n<li><span style=\"color: #000000;\">Tratamiento previo de servidumbres e infraestructura de servicios p\u00fablicos<\/span><\/li>\n<li><span style=\"color: #000000;\">Esfuerzos de respuesta r\u00e1pida de servicios p\u00fablicos antes de un incendio<\/span><\/li>\n<li><span style=\"color: #000000;\">Alrededor de hogares y comunidades con peligro de incendio forestal pendiente<\/span><\/li>\n<li><span style=\"color: #000000;\">Caminos de entrada y salida antes de un incendio<\/span><\/li>\n<li><span style=\"color: #000000;\">En postes de servicios p\u00fablicos con incendios acerc\u00e1ndose<\/span><\/li>\n<li><span style=\"color: #000000;\">Soporte de aplicaciones de incendios y quemaduras prescritas que se llevan a cabo a los pocos d\u00edas o semanas de la aplicaci\u00f3n<\/span><\/li>\n<li><span style=\"color: #000000;\">Antes del &#8220;trabajo en caliente&#8221; que se realiza en \u00e1reas de alto riesgo de incendio<\/span><\/li>\n<\/ul>\n<p>&nbsp;<\/p>\n<p><span style=\"color: #000000;\"><strong>Consulta a tu experto en normativa para conocer las restricciones y normativas aplicables en tu estado o localidad en relaci\u00f3n con la venta y distribuci\u00f3n de retardantes del fuego.<\/strong><\/span><\/p>\n<\/div>\n","protected":false},"excerpt":{"rendered":"<h4 class=\"elementor-heading-title elementor-size-default\">Las ign\u00edfugas m\u00e1s conocidas del mundo<\/h4>\n","protected":false},"featured_media":42385,"template":"","meta":{"_acf_changed":false},"product_cat":[183],"product_tag":[240],"class_list":{"0":"post-42383","1":"product","2":"type-product","3":"status-publish","4":"has-post-thumbnail","6":"product_cat-fire-retardants-es","7":"product_tag-phos-chek-es","9":"first","10":"instock","11":"shipping-taxable","12":"purchasable","13":"product-type-simple"},"acf":[],"yoast_head":"<!-- This site is optimized with the Yoast SEO Premium plugin v21.9 (Yoast SEO v23.5) - https:\/\/yoast.com\/wordpress\/plugins\/seo\/ -->\n<title>Serie PHOS-CHEK LC95 - PS Demo site<\/title>\n<meta name=\"robots\" content=\"noindex, follow, max-snippet:-1, max-image-preview:large, max-video-preview:-1\" \/>\n<meta property=\"og:locale\" content=\"es_ES\" \/>\n<meta property=\"og:type\" content=\"article\" \/>\n<meta property=\"og:title\" content=\"Serie PHOS-CHEK LC95\" \/>\n<meta property=\"og:description\" content=\"Las ign\u00edfugas m\u00e1s conocidas del mundo\" \/>\n<meta property=\"og:url\" content=\"https:\/\/demo.perimeter-solutions.com\/es\/product\/serie-phos-chek-lc95\/\" \/>\n<meta property=\"og:site_name\" content=\"PS Demo site\" \/>\n<meta property=\"article:modified_time\" content=\"2024-08-16T14:51:25+00:00\" \/>\n<meta name=\"twitter:card\" content=\"summary_large_image\" \/>\n<meta name=\"twitter:label1\" content=\"Tiempo de lectura\" \/>\n\t<meta name=\"twitter:data1\" content=\"3 minutos\" \/>\n<script type=\"application\/ld+json\" class=\"yoast-schema-graph\">{\"@context\":\"https:\/\/schema.org\",\"@graph\":[{\"@type\":\"WebPage\",\"@id\":\"https:\/\/demo.perimeter-solutions.com\/es\/product\/serie-phos-chek-lc95\/\",\"url\":\"https:\/\/demo.perimeter-solutions.com\/es\/product\/serie-phos-chek-lc95\/\",\"name\":\"Serie PHOS-CHEK LC95 - PS Demo site\",\"isPartOf\":{\"@id\":\"https:\/\/demo.perimeter-solutions.com\/es\/#website\"},\"primaryImageOfPage\":{\"@id\":\"https:\/\/demo.perimeter-solutions.com\/es\/product\/serie-phos-chek-lc95\/#primaryimage\"},\"image\":{\"@id\":\"https:\/\/demo.perimeter-solutions.com\/es\/product\/serie-phos-chek-lc95\/#primaryimage\"},\"thumbnailUrl\":\"https:\/\/demo.perimeter-solutions.com\/wp-content\/uploads\/2024\/06\/PC-LC95-PCC-2019042-v8_EN_Standard-1-pdf.jpg\",\"datePublished\":\"2024-06-28T14:02:23+00:00\",\"dateModified\":\"2024-08-16T14:51:25+00:00\",\"breadcrumb\":{\"@id\":\"https:\/\/demo.perimeter-solutions.com\/es\/product\/serie-phos-chek-lc95\/#breadcrumb\"},\"inLanguage\":\"es\",\"potentialAction\":[{\"@type\":\"ReadAction\",\"target\":[\"https:\/\/demo.perimeter-solutions.com\/es\/product\/serie-phos-chek-lc95\/\"]}]},{\"@type\":\"ImageObject\",\"inLanguage\":\"es\",\"@id\":\"https:\/\/demo.perimeter-solutions.com\/es\/product\/serie-phos-chek-lc95\/#primaryimage\",\"url\":\"https:\/\/demo.perimeter-solutions.com\/wp-content\/uploads\/2024\/06\/PC-LC95-PCC-2019042-v8_EN_Standard-1-pdf.jpg\",\"contentUrl\":\"https:\/\/demo.perimeter-solutions.com\/wp-content\/uploads\/2024\/06\/PC-LC95-PCC-2019042-v8_EN_Standard-1-pdf.jpg\"},{\"@type\":\"BreadcrumbList\",\"@id\":\"https:\/\/demo.perimeter-solutions.com\/es\/product\/serie-phos-chek-lc95\/#breadcrumb\",\"itemListElement\":[{\"@type\":\"ListItem\",\"position\":1,\"name\":\"Cat\u00e1logo de productos\",\"item\":\"https:\/\/demo.perimeter-solutions.com\/es\/product-catalog\/\"},{\"@type\":\"ListItem\",\"position\":2,\"name\":\"Serie PHOS-CHEK LC95\"}]},{\"@type\":\"WebSite\",\"@id\":\"https:\/\/demo.perimeter-solutions.com\/es\/#website\",\"url\":\"https:\/\/demo.perimeter-solutions.com\/es\/\",\"name\":\"PS Demo site\",\"description\":\"\",\"publisher\":{\"@id\":\"https:\/\/demo.perimeter-solutions.com\/es\/#organization\"},\"potentialAction\":[{\"@type\":\"SearchAction\",\"target\":{\"@type\":\"EntryPoint\",\"urlTemplate\":\"https:\/\/demo.perimeter-solutions.com\/es\/?s={search_term_string}\"},\"query-input\":{\"@type\":\"PropertyValueSpecification\",\"valueRequired\":true,\"valueName\":\"search_term_string\"}}],\"inLanguage\":\"es\"},{\"@type\":\"Organization\",\"@id\":\"https:\/\/demo.perimeter-solutions.com\/es\/#organization\",\"name\":\"Perimeter Solutions\",\"url\":\"https:\/\/demo.perimeter-solutions.com\/es\/\",\"logo\":{\"@type\":\"ImageObject\",\"inLanguage\":\"es\",\"@id\":\"https:\/\/demo.perimeter-solutions.com\/es\/#\/schema\/logo\/image\/\",\"url\":\"https:\/\/demo.perimeter-solutions.com\/wp-content\/uploads\/2021\/02\/perimeter-logo-RGB.png\",\"contentUrl\":\"https:\/\/demo.perimeter-solutions.com\/wp-content\/uploads\/2021\/02\/perimeter-logo-RGB.png\",\"width\":794,\"height\":138,\"caption\":\"Perimeter Solutions\"},\"image\":{\"@id\":\"https:\/\/demo.perimeter-solutions.com\/es\/#\/schema\/logo\/image\/\"}}]}<\/script>\n<!-- \/ Yoast SEO Premium plugin. -->","yoast_head_json":{"title":"Serie PHOS-CHEK LC95 - PS Demo site","robots":{"index":"noindex","follow":"follow","max-snippet":"max-snippet:-1","max-image-preview":"max-image-preview:large","max-video-preview":"max-video-preview:-1"},"og_locale":"es_ES","og_type":"article","og_title":"Serie PHOS-CHEK LC95","og_description":"Las ign\u00edfugas m\u00e1s conocidas del mundo","og_url":"https:\/\/demo.perimeter-solutions.com\/es\/product\/serie-phos-chek-lc95\/","og_site_name":"PS Demo site","article_modified_time":"2024-08-16T14:51:25+00:00","twitter_card":"summary_large_image","twitter_misc":{"Tiempo de lectura":"3 minutos"},"schema":{"@context":"https:\/\/schema.org","@graph":[{"@type":"WebPage","@id":"https:\/\/demo.perimeter-solutions.com\/es\/product\/serie-phos-chek-lc95\/","url":"https:\/\/demo.perimeter-solutions.com\/es\/product\/serie-phos-chek-lc95\/","name":"Serie PHOS-CHEK LC95 - PS Demo site","isPartOf":{"@id":"https:\/\/demo.perimeter-solutions.com\/es\/#website"},"primaryImageOfPage":{"@id":"https:\/\/demo.perimeter-solutions.com\/es\/product\/serie-phos-chek-lc95\/#primaryimage"},"image":{"@id":"https:\/\/demo.perimeter-solutions.com\/es\/product\/serie-phos-chek-lc95\/#primaryimage"},"thumbnailUrl":"https:\/\/demo.perimeter-solutions.com\/wp-content\/uploads\/2024\/06\/PC-LC95-PCC-2019042-v8_EN_Standard-1-pdf.jpg","datePublished":"2024-06-28T14:02:23+00:00","dateModified":"2024-08-16T14:51:25+00:00","breadcrumb":{"@id":"https:\/\/demo.perimeter-solutions.com\/es\/product\/serie-phos-chek-lc95\/#breadcrumb"},"inLanguage":"es","potentialAction":[{"@type":"ReadAction","target":["https:\/\/demo.perimeter-solutions.com\/es\/product\/serie-phos-chek-lc95\/"]}]},{"@type":"ImageObject","inLanguage":"es","@id":"https:\/\/demo.perimeter-solutions.com\/es\/product\/serie-phos-chek-lc95\/#primaryimage","url":"https:\/\/demo.perimeter-solutions.com\/wp-content\/uploads\/2024\/06\/PC-LC95-PCC-2019042-v8_EN_Standard-1-pdf.jpg","contentUrl":"https:\/\/demo.perimeter-solutions.com\/wp-content\/uploads\/2024\/06\/PC-LC95-PCC-2019042-v8_EN_Standard-1-pdf.jpg"},{"@type":"BreadcrumbList","@id":"https:\/\/demo.perimeter-solutions.com\/es\/product\/serie-phos-chek-lc95\/#breadcrumb","itemListElement":[{"@type":"ListItem","position":1,"name":"Cat\u00e1logo de productos","item":"https:\/\/demo.perimeter-solutions.com\/es\/product-catalog\/"},{"@type":"ListItem","position":2,"name":"Serie PHOS-CHEK LC95"}]},{"@type":"WebSite","@id":"https:\/\/demo.perimeter-solutions.com\/es\/#website","url":"https:\/\/demo.perimeter-solutions.com\/es\/","name":"PS Demo site","description":"","publisher":{"@id":"https:\/\/demo.perimeter-solutions.com\/es\/#organization"},"potentialAction":[{"@type":"SearchAction","target":{"@type":"EntryPoint","urlTemplate":"https:\/\/demo.perimeter-solutions.com\/es\/?s={search_term_string}"},"query-input":{"@type":"PropertyValueSpecification","valueRequired":true,"valueName":"search_term_string"}}],"inLanguage":"es"},{"@type":"Organization","@id":"https:\/\/demo.perimeter-solutions.com\/es\/#organization","name":"Perimeter Solutions","url":"https:\/\/demo.perimeter-solutions.com\/es\/","logo":{"@type":"ImageObject","inLanguage":"es","@id":"https:\/\/demo.perimeter-solutions.com\/es\/#\/schema\/logo\/image\/","url":"https:\/\/demo.perimeter-solutions.com\/wp-content\/uploads\/2021\/02\/perimeter-logo-RGB.png","contentUrl":"https:\/\/demo.perimeter-solutions.com\/wp-content\/uploads\/2021\/02\/perimeter-logo-RGB.png","width":794,"height":138,"caption":"Perimeter Solutions"},"image":{"@id":"https:\/\/demo.perimeter-solutions.com\/es\/#\/schema\/logo\/image\/"}}]}},"_links":{"self":[{"href":"https:\/\/demo.perimeter-solutions.com\/es\/wp-json\/wp\/v2\/product\/42383","targetHints":{"allow":["GET"]}}],"collection":[{"href":"https:\/\/demo.perimeter-solutions.com\/es\/wp-json\/wp\/v2\/product"}],"about":[{"href":"https:\/\/demo.perimeter-solutions.com\/es\/wp-json\/wp\/v2\/types\/product"}],"wp:featuredmedia":[{"embeddable":true,"href":"https:\/\/demo.perimeter-solutions.com\/es\/wp-json\/wp\/v2\/media\/42385"}],"wp:attachment":[{"href":"https:\/\/demo.perimeter-solutions.com\/es\/wp-json\/wp\/v2\/media?parent=42383"}],"wp:term":[{"taxonomy":"product_cat","embeddable":true,"href":"https:\/\/demo.perimeter-solutions.com\/es\/wp-json\/wp\/v2\/product_cat?post=42383"},{"taxonomy":"product_tag","embeddable":true,"href":"https:\/\/demo.perimeter-solutions.com\/es\/wp-json\/wp\/v2\/product_tag?post=42383"}],"curies":[{"name":"wp","href":"https:\/\/api.w.org\/{rel}","templated":true}]}}