{"id":42398,"date":"2024-06-28T11:13:53","date_gmt":"2024-06-28T15:13:53","guid":{"rendered":"https:\/\/demo.perimeter-solutions.com\/product\/phos-chek-3-x-3-ar-afff\/"},"modified":"2024-08-16T13:51:31","modified_gmt":"2024-08-16T17:51:31","slug":"phos-chek-3-x-3-ar-afff-2","status":"publish","type":"product","link":"https:\/\/demo.perimeter-solutions.com\/es\/product\/phos-chek-3-x-3-ar-afff-2\/","title":{"rendered":"PHOS-CHEK 3\u00d73% AR-AFFF"},"content":{"rendered":"<div>El concentrado de espuma <strong>PHOS-CHEK<sup>\u00ae<\/sup> 3\u00d73% AR-AFFF<\/strong> es una mezcla de agua, tensioactivos de hidrocarburos, disolventes, fluorotensioactivos C6 y fluoropol\u00edmeros. El producto se proporciona al 3% tanto para fuegos de hidrocarburos como de disolventes polares. PHOS-CHEK 3\u00d73% AR-AFFF est\u00e1 homologado por UL y aprobado por FM para aplicaciones suaves y en\u00e9rgicas cuando se diluye con agua dulce, salada y salobre. PHOS-CHEK 3\u00d73% AR-AFFF es una espuma vers\u00e1til para utilizar tanto en sistemas de espuma fijos como en respuesta a emergencias. Es la elecci\u00f3n de muchos departamentos de bomberos municipales e industriales. PHOS-CHEK 3\u00d73% AR-AFFF puede utilizarse con equipos dosificadores est\u00e1ndar, dispositivos de descarga de espuma, sistemas de dep\u00f3sito\/dosificador de vejiga, c\u00e1maras de espuma, espum\u00f3genos, aspersores, dosificadores de espuma en l\u00ednea y boquillas de tipo autoinductor.<\/div>\n<div><\/div>\n<div><\/div>\n<div><strong>CERTIFICACIONES: <\/strong>Listado UL162, Aprobado EN 1568-3:2008 (Clase 1A), Aprobado EN 1568-4:2008 (Clase 1B), Aprobado FM.<\/div>\n<p>&nbsp;<\/p>\n<h4>Opciones disponibles<\/h4>\n","protected":false},"excerpt":{"rendered":"<p>El concentrado de espuma PHOS-CHEK\u00ae 3\u00d73% AR-AFFF es una mezcla de agua, tensioactivos de hidrocarburos, disolventes, fluorotensioactivos C6 y fluoropol\u00edmeros. El producto se proporciona al 3% tanto para fuegos de [&hellip;]<\/p>\n","protected":false},"featured_media":42400,"template":"","meta":{"_acf_changed":false},"product_cat":[202,188],"product_tag":[232,248,240,244],"class_list":{"0":"post-42398","1":"product","2":"type-product","3":"status-publish","4":"has-post-thumbnail","6":"product_cat-class-b-fluorinated-es","7":"product_cat-class-b-es","8":"product_tag-industrial-es","9":"product_tag-petroleo-y-gas","10":"product_tag-phos-chek-es","11":"product_tag-ul-162-es","13":"first","14":"instock","15":"shipping-taxable","16":"purchasable","17":"product-type-simple"},"acf":[],"yoast_head":"<!-- This site is optimized with the Yoast SEO Premium plugin v21.9 (Yoast SEO v23.5) - https:\/\/yoast.com\/wordpress\/plugins\/seo\/ -->\n<title>PHOS-CHEK 3\u00d73% AR-AFFF - PS Demo site<\/title>\n<meta name=\"description\" content=\"El concentrado de espuma PHOS-CHEK\u00ae 3\u00d73% AR-AFFF es una mezcla de agua, tensioactivos de hidrocarburos, disolventes, fluorotensioactivos C6 y fluoropol\u00edmeros. El producto se proporciona al 3% tanto para fuegos de hidrocarburos como de disolventes polares.\" \/>\n<meta name=\"robots\" content=\"noindex, follow, max-snippet:-1, max-image-preview:large, max-video-preview:-1\" \/>\n<meta property=\"og:locale\" content=\"es_ES\" \/>\n<meta property=\"og:type\" content=\"article\" \/>\n<meta property=\"og:title\" content=\"PHOS-CHEK 3\u00d73% AR-AFFF\" \/>\n<meta property=\"og:description\" content=\"El concentrado de espuma PHOS-CHEK\u00ae 3\u00d73% AR-AFFF es una mezcla de agua, tensioactivos de hidrocarburos, disolventes, fluorotensioactivos C6 y fluoropol\u00edmeros. El producto se proporciona al 3% tanto para fuegos de hidrocarburos como de disolventes polares.\" \/>\n<meta property=\"og:url\" content=\"https:\/\/demo.perimeter-solutions.com\/es\/product\/phos-chek-3-x-3-ar-afff-2\/\" \/>\n<meta property=\"og:site_name\" content=\"PS Demo site\" \/>\n<meta property=\"article:modified_time\" content=\"2024-08-16T17:51:31+00:00\" \/>\n<meta name=\"twitter:card\" content=\"summary_large_image\" \/>\n<meta name=\"twitter:label1\" content=\"Tiempo de lectura\" \/>\n\t<meta name=\"twitter:data1\" content=\"1 minuto\" \/>\n<script type=\"application\/ld+json\" class=\"yoast-schema-graph\">{\"@context\":\"https:\/\/schema.org\",\"@graph\":[{\"@type\":\"WebPage\",\"@id\":\"https:\/\/demo.perimeter-solutions.com\/es\/product\/phos-chek-3-x-3-ar-afff-2\/\",\"url\":\"https:\/\/demo.perimeter-solutions.com\/es\/product\/phos-chek-3-x-3-ar-afff-2\/\",\"name\":\"PHOS-CHEK 3\u00d73% AR-AFFF - PS Demo site\",\"isPartOf\":{\"@id\":\"https:\/\/demo.perimeter-solutions.com\/es\/#website\"},\"primaryImageOfPage\":{\"@id\":\"https:\/\/demo.perimeter-solutions.com\/es\/product\/phos-chek-3-x-3-ar-afff-2\/#primaryimage\"},\"image\":{\"@id\":\"https:\/\/demo.perimeter-solutions.com\/es\/product\/phos-chek-3-x-3-ar-afff-2\/#primaryimage\"},\"thumbnailUrl\":\"https:\/\/demo.perimeter-solutions.com\/wp-content\/uploads\/2024\/06\/PC-3x3-AR-AFFF-PCC-2019002-4-pdf.jpg\",\"datePublished\":\"2024-06-28T15:13:53+00:00\",\"dateModified\":\"2024-08-16T17:51:31+00:00\",\"description\":\"El concentrado de espuma PHOS-CHEK\u00ae 3\u00d73% AR-AFFF es una mezcla de agua, tensioactivos de hidrocarburos, disolventes, fluorotensioactivos C6 y fluoropol\u00edmeros. El producto se proporciona al 3% tanto para fuegos de hidrocarburos como de disolventes polares.\",\"breadcrumb\":{\"@id\":\"https:\/\/demo.perimeter-solutions.com\/es\/product\/phos-chek-3-x-3-ar-afff-2\/#breadcrumb\"},\"inLanguage\":\"es\",\"potentialAction\":[{\"@type\":\"ReadAction\",\"target\":[\"https:\/\/demo.perimeter-solutions.com\/es\/product\/phos-chek-3-x-3-ar-afff-2\/\"]}]},{\"@type\":\"ImageObject\",\"inLanguage\":\"es\",\"@id\":\"https:\/\/demo.perimeter-solutions.com\/es\/product\/phos-chek-3-x-3-ar-afff-2\/#primaryimage\",\"url\":\"https:\/\/demo.perimeter-solutions.com\/wp-content\/uploads\/2024\/06\/PC-3x3-AR-AFFF-PCC-2019002-4-pdf.jpg\",\"contentUrl\":\"https:\/\/demo.perimeter-solutions.com\/wp-content\/uploads\/2024\/06\/PC-3x3-AR-AFFF-PCC-2019002-4-pdf.jpg\"},{\"@type\":\"BreadcrumbList\",\"@id\":\"https:\/\/demo.perimeter-solutions.com\/es\/product\/phos-chek-3-x-3-ar-afff-2\/#breadcrumb\",\"itemListElement\":[{\"@type\":\"ListItem\",\"position\":1,\"name\":\"Cat\u00e1logo de productos\",\"item\":\"https:\/\/demo.perimeter-solutions.com\/es\/product-catalog\/\"},{\"@type\":\"ListItem\",\"position\":2,\"name\":\"PHOS-CHEK 3\u00d73% AR-AFFF\"}]},{\"@type\":\"WebSite\",\"@id\":\"https:\/\/demo.perimeter-solutions.com\/es\/#website\",\"url\":\"https:\/\/demo.perimeter-solutions.com\/es\/\",\"name\":\"PS Demo site\",\"description\":\"\",\"publisher\":{\"@id\":\"https:\/\/demo.perimeter-solutions.com\/es\/#organization\"},\"potentialAction\":[{\"@type\":\"SearchAction\",\"target\":{\"@type\":\"EntryPoint\",\"urlTemplate\":\"https:\/\/demo.perimeter-solutions.com\/es\/?s={search_term_string}\"},\"query-input\":{\"@type\":\"PropertyValueSpecification\",\"valueRequired\":true,\"valueName\":\"search_term_string\"}}],\"inLanguage\":\"es\"},{\"@type\":\"Organization\",\"@id\":\"https:\/\/demo.perimeter-solutions.com\/es\/#organization\",\"name\":\"Perimeter Solutions\",\"url\":\"https:\/\/demo.perimeter-solutions.com\/es\/\",\"logo\":{\"@type\":\"ImageObject\",\"inLanguage\":\"es\",\"@id\":\"https:\/\/demo.perimeter-solutions.com\/es\/#\/schema\/logo\/image\/\",\"url\":\"https:\/\/demo.perimeter-solutions.com\/wp-content\/uploads\/2021\/02\/perimeter-logo-RGB.png\",\"contentUrl\":\"https:\/\/demo.perimeter-solutions.com\/wp-content\/uploads\/2021\/02\/perimeter-logo-RGB.png\",\"width\":794,\"height\":138,\"caption\":\"Perimeter Solutions\"},\"image\":{\"@id\":\"https:\/\/demo.perimeter-solutions.com\/es\/#\/schema\/logo\/image\/\"}}]}<\/script>\n<!-- \/ Yoast SEO Premium plugin. -->","yoast_head_json":{"title":"PHOS-CHEK 3\u00d73% AR-AFFF - PS Demo site","description":"El concentrado de espuma PHOS-CHEK\u00ae 3\u00d73% AR-AFFF es una mezcla de agua, tensioactivos de hidrocarburos, disolventes, fluorotensioactivos C6 y fluoropol\u00edmeros. El producto se proporciona al 3% tanto para fuegos de hidrocarburos como de disolventes polares.","robots":{"index":"noindex","follow":"follow","max-snippet":"max-snippet:-1","max-image-preview":"max-image-preview:large","max-video-preview":"max-video-preview:-1"},"og_locale":"es_ES","og_type":"article","og_title":"PHOS-CHEK 3\u00d73% AR-AFFF","og_description":"El concentrado de espuma PHOS-CHEK\u00ae 3\u00d73% AR-AFFF es una mezcla de agua, tensioactivos de hidrocarburos, disolventes, fluorotensioactivos C6 y fluoropol\u00edmeros. El producto se proporciona al 3% tanto para fuegos de hidrocarburos como de disolventes polares.","og_url":"https:\/\/demo.perimeter-solutions.com\/es\/product\/phos-chek-3-x-3-ar-afff-2\/","og_site_name":"PS Demo site","article_modified_time":"2024-08-16T17:51:31+00:00","twitter_card":"summary_large_image","twitter_misc":{"Tiempo de lectura":"1 minuto"},"schema":{"@context":"https:\/\/schema.org","@graph":[{"@type":"WebPage","@id":"https:\/\/demo.perimeter-solutions.com\/es\/product\/phos-chek-3-x-3-ar-afff-2\/","url":"https:\/\/demo.perimeter-solutions.com\/es\/product\/phos-chek-3-x-3-ar-afff-2\/","name":"PHOS-CHEK 3\u00d73% AR-AFFF - PS Demo site","isPartOf":{"@id":"https:\/\/demo.perimeter-solutions.com\/es\/#website"},"primaryImageOfPage":{"@id":"https:\/\/demo.perimeter-solutions.com\/es\/product\/phos-chek-3-x-3-ar-afff-2\/#primaryimage"},"image":{"@id":"https:\/\/demo.perimeter-solutions.com\/es\/product\/phos-chek-3-x-3-ar-afff-2\/#primaryimage"},"thumbnailUrl":"https:\/\/demo.perimeter-solutions.com\/wp-content\/uploads\/2024\/06\/PC-3x3-AR-AFFF-PCC-2019002-4-pdf.jpg","datePublished":"2024-06-28T15:13:53+00:00","dateModified":"2024-08-16T17:51:31+00:00","description":"El concentrado de espuma PHOS-CHEK\u00ae 3\u00d73% AR-AFFF es una mezcla de agua, tensioactivos de hidrocarburos, disolventes, fluorotensioactivos C6 y fluoropol\u00edmeros. El producto se proporciona al 3% tanto para fuegos de hidrocarburos como de disolventes polares.","breadcrumb":{"@id":"https:\/\/demo.perimeter-solutions.com\/es\/product\/phos-chek-3-x-3-ar-afff-2\/#breadcrumb"},"inLanguage":"es","potentialAction":[{"@type":"ReadAction","target":["https:\/\/demo.perimeter-solutions.com\/es\/product\/phos-chek-3-x-3-ar-afff-2\/"]}]},{"@type":"ImageObject","inLanguage":"es","@id":"https:\/\/demo.perimeter-solutions.com\/es\/product\/phos-chek-3-x-3-ar-afff-2\/#primaryimage","url":"https:\/\/demo.perimeter-solutions.com\/wp-content\/uploads\/2024\/06\/PC-3x3-AR-AFFF-PCC-2019002-4-pdf.jpg","contentUrl":"https:\/\/demo.perimeter-solutions.com\/wp-content\/uploads\/2024\/06\/PC-3x3-AR-AFFF-PCC-2019002-4-pdf.jpg"},{"@type":"BreadcrumbList","@id":"https:\/\/demo.perimeter-solutions.com\/es\/product\/phos-chek-3-x-3-ar-afff-2\/#breadcrumb","itemListElement":[{"@type":"ListItem","position":1,"name":"Cat\u00e1logo de productos","item":"https:\/\/demo.perimeter-solutions.com\/es\/product-catalog\/"},{"@type":"ListItem","position":2,"name":"PHOS-CHEK 3\u00d73% AR-AFFF"}]},{"@type":"WebSite","@id":"https:\/\/demo.perimeter-solutions.com\/es\/#website","url":"https:\/\/demo.perimeter-solutions.com\/es\/","name":"PS Demo site","description":"","publisher":{"@id":"https:\/\/demo.perimeter-solutions.com\/es\/#organization"},"potentialAction":[{"@type":"SearchAction","target":{"@type":"EntryPoint","urlTemplate":"https:\/\/demo.perimeter-solutions.com\/es\/?s={search_term_string}"},"query-input":{"@type":"PropertyValueSpecification","valueRequired":true,"valueName":"search_term_string"}}],"inLanguage":"es"},{"@type":"Organization","@id":"https:\/\/demo.perimeter-solutions.com\/es\/#organization","name":"Perimeter Solutions","url":"https:\/\/demo.perimeter-solutions.com\/es\/","logo":{"@type":"ImageObject","inLanguage":"es","@id":"https:\/\/demo.perimeter-solutions.com\/es\/#\/schema\/logo\/image\/","url":"https:\/\/demo.perimeter-solutions.com\/wp-content\/uploads\/2021\/02\/perimeter-logo-RGB.png","contentUrl":"https:\/\/demo.perimeter-solutions.com\/wp-content\/uploads\/2021\/02\/perimeter-logo-RGB.png","width":794,"height":138,"caption":"Perimeter Solutions"},"image":{"@id":"https:\/\/demo.perimeter-solutions.com\/es\/#\/schema\/logo\/image\/"}}]}},"_links":{"self":[{"href":"https:\/\/demo.perimeter-solutions.com\/es\/wp-json\/wp\/v2\/product\/42398","targetHints":{"allow":["GET"]}}],"collection":[{"href":"https:\/\/demo.perimeter-solutions.com\/es\/wp-json\/wp\/v2\/product"}],"about":[{"href":"https:\/\/demo.perimeter-solutions.com\/es\/wp-json\/wp\/v2\/types\/product"}],"wp:featuredmedia":[{"embeddable":true,"href":"https:\/\/demo.perimeter-solutions.com\/es\/wp-json\/wp\/v2\/media\/42400"}],"wp:attachment":[{"href":"https:\/\/demo.perimeter-solutions.com\/es\/wp-json\/wp\/v2\/media?parent=42398"}],"wp:term":[{"taxonomy":"product_cat","embeddable":true,"href":"https:\/\/demo.perimeter-solutions.com\/es\/wp-json\/wp\/v2\/product_cat?post=42398"},{"taxonomy":"product_tag","embeddable":true,"href":"https:\/\/demo.perimeter-solutions.com\/es\/wp-json\/wp\/v2\/product_tag?post=42398"}],"curies":[{"name":"wp","href":"https:\/\/api.w.org\/{rel}","templated":true}]}}