{"id":42402,"date":"2024-06-28T11:25:49","date_gmt":"2024-06-28T15:25:49","guid":{"rendered":"https:\/\/demo.perimeter-solutions.com\/product\/concentrado-de-espuma-solberg-arctic-3-mil-spec-afff-2\/"},"modified":"2024-08-14T20:20:53","modified_gmt":"2024-08-15T00:20:53","slug":"concentrado-de-espuma-solberg-arctic-3-mil-spec-afff-2","status":"publish","type":"product","link":"https:\/\/demo.perimeter-solutions.com\/es\/product\/concentrado-de-espuma-solberg-arctic-3-mil-spec-afff-2\/","title":{"rendered":"CONCENTRADO DE ESPUMA SOLBERG\u00ae ARCTIC\u2122 3% MIL-SPEC AFFF"},"content":{"rendered":"<p><span style=\"color: #000000;\"><strong>SOLBERG<sup>\u00ae<\/sup> ARCTIC\u2122 3% MIL-SPEC AFFF<\/strong> es un concentrado de espuma sint\u00e9tica utilizado para extinguir eficazmente incendios de combustibles de hidrocarburos de Clase B con un 3% de soluci\u00f3n. La espuma AFFF SOLBERG ARCTIC 3% MIL-SPEC proporciona una extinci\u00f3n r\u00e1pida y excelentes caracter\u00edsticas de reignici\u00f3n, y puede utilizarse con agua dulce, salada y salobre.<\/span><\/p>\n<p><span style=\"color: #000000;\">El concentrado de espuma AFFF SOLBERG ARCTIC 3% MIL-SPEC puede aplicarse a incendios de combustibles de hidrocarburos de Clase B. No est\u00e1 dise\u00f1ado para usarse con combustibles solventes polares de Clase B. La espuma puede utilizarse para evitar la reignici\u00f3n de un vertido l\u00edquido y controlar los vapores peligrosos. Para obtener los m\u00e1ximos resultados, se pueden utilizar dispositivos de descarga de espuma, como la aspiraci\u00f3n por aire, as\u00ed como equipos sin aspiraci\u00f3n por aire, incluidos los cabezales est\u00e1ndar de rociadores contra incendios. El producto se mezcla con 3 partes de concentrado de espuma con 97 partes de agua. Tambi\u00e9n se puede utilizar como una soluci\u00f3n premezclada al 3%. La espuma SOLBERG ARCTIC 3% MIL-SPEC AFFF es compatible con la mayor\u00eda de los agentes en polvo (productos qu\u00edmicos secos).<\/span><\/p>\n<p><span style=\"color: #000000;\">El espum\u00f3geno concentrado SOLBERG ARCTIC 3% MIL-SPEC AFFF ha sido probado y cumple los criterios de ensayo de comportamiento frente al fuego de la norma 162 de Underwriters Laboratories, Inc. (UL).<\/span><span style=\"color: #000000;\">El concentrado de espuma SOLBERG ARCTIC 3% MIL-SPEC AFFF puede dosificarse en el porcentaje adecuado de soluci\u00f3n espumante utilizando los dispositivos dosificadores m\u00e1s comunes.<\/span><\/p>\n<p><span style=\"color: #000000;\"><strong>CERTIFICACIONES:<\/strong> UL-162; Normas UL Canad\u00e1 (CAN\/ULC) S560, S564; OACI Nivel C; Especificaci\u00f3n Militar de EE.UU. MIL-F-24385F.<\/span><\/p>\n<h4>Opciones disponibles<\/h4>\n","protected":false},"excerpt":{"rendered":"<p>SOLBERG\u00ae ARCTIC\u2122 3% MIL-SPEC AFFF es un concentrado de espuma sint\u00e9tica utilizado para extinguir eficazmente incendios de combustibles de hidrocarburos de Clase B con un 3% de soluci\u00f3n. La espuma [&hellip;]<\/p>\n","protected":false},"featured_media":42404,"template":"","meta":{"_acf_changed":false},"product_cat":[202,188],"product_tag":[217,230,238,250,242,244],"class_list":{"0":"post-42402","1":"product","2":"type-product","3":"status-publish","4":"has-post-thumbnail","6":"product_cat-class-b-fluorinated-es","7":"product_cat-class-b-es","8":"product_tag-aviacion","9":"product_tag-icao-es","10":"product_tag-mil-spec-es","11":"product_tag-militar-dod-es","12":"product_tag-solberg-es","13":"product_tag-ul-162-es","15":"first","16":"instock","17":"shipping-taxable","18":"purchasable","19":"product-type-simple"},"acf":[],"yoast_head":"<!-- This site is optimized with the Yoast SEO Premium plugin v21.9 (Yoast SEO v23.5) - https:\/\/yoast.com\/wordpress\/plugins\/seo\/ -->\n<title>CONCENTRADO DE ESPUMA SOLBERG\u00ae ARCTIC\u2122 3% MIL-SPEC AFFF - PS Demo site<\/title>\n<meta name=\"description\" content=\"SOLBERG\u00ae ARCTIC\u2122 3% MIL-SPEC AFFF es un concentrado de espuma sint\u00e9tica utilizado para extinguir eficazmente incendios de combustibles de hidrocarburos de Clase B con un 3% de soluci\u00f3n. La espuma AFFF SOLBERG ARCTIC 3% MIL-SPEC proporciona una extinci\u00f3n r\u00e1pida y excelentes caracter\u00edsticas de reignici\u00f3n, y puede utilizarse con agua dulce, salada y salobre.\" \/>\n<meta name=\"robots\" content=\"noindex, follow, max-snippet:-1, max-image-preview:large, max-video-preview:-1\" \/>\n<meta property=\"og:locale\" content=\"es_ES\" \/>\n<meta property=\"og:type\" content=\"article\" \/>\n<meta property=\"og:title\" content=\"CONCENTRADO DE ESPUMA SOLBERG\u00ae ARCTIC\u2122 3% MIL-SPEC AFFF\" \/>\n<meta property=\"og:description\" content=\"SOLBERG\u00ae ARCTIC\u2122 3% MIL-SPEC AFFF es un concentrado de espuma sint\u00e9tica utilizado para extinguir eficazmente incendios de combustibles de hidrocarburos de Clase B con un 3% de soluci\u00f3n. La espuma AFFF SOLBERG ARCTIC 3% MIL-SPEC proporciona una extinci\u00f3n r\u00e1pida y excelentes caracter\u00edsticas de reignici\u00f3n, y puede utilizarse con agua dulce, salada y salobre.\" \/>\n<meta property=\"og:url\" content=\"https:\/\/demo.perimeter-solutions.com\/es\/product\/concentrado-de-espuma-solberg-arctic-3-mil-spec-afff-2\/\" \/>\n<meta property=\"og:site_name\" content=\"PS Demo site\" \/>\n<meta property=\"article:modified_time\" content=\"2024-08-15T00:20:53+00:00\" \/>\n<meta name=\"twitter:card\" content=\"summary_large_image\" \/>\n<meta name=\"twitter:label1\" content=\"Tiempo de lectura\" \/>\n\t<meta name=\"twitter:data1\" content=\"2 minutos\" \/>\n<script type=\"application\/ld+json\" class=\"yoast-schema-graph\">{\"@context\":\"https:\/\/schema.org\",\"@graph\":[{\"@type\":\"WebPage\",\"@id\":\"https:\/\/demo.perimeter-solutions.com\/es\/product\/concentrado-de-espuma-solberg-arctic-3-mil-spec-afff-2\/\",\"url\":\"https:\/\/demo.perimeter-solutions.com\/es\/product\/concentrado-de-espuma-solberg-arctic-3-mil-spec-afff-2\/\",\"name\":\"CONCENTRADO DE ESPUMA SOLBERG\u00ae ARCTIC\u2122 3% MIL-SPEC AFFF - PS Demo site\",\"isPartOf\":{\"@id\":\"https:\/\/demo.perimeter-solutions.com\/es\/#website\"},\"primaryImageOfPage\":{\"@id\":\"https:\/\/demo.perimeter-solutions.com\/es\/product\/concentrado-de-espuma-solberg-arctic-3-mil-spec-afff-2\/#primaryimage\"},\"image\":{\"@id\":\"https:\/\/demo.perimeter-solutions.com\/es\/product\/concentrado-de-espuma-solberg-arctic-3-mil-spec-afff-2\/#primaryimage\"},\"thumbnailUrl\":\"https:\/\/demo.perimeter-solutions.com\/wp-content\/uploads\/2024\/06\/ARCTIC-3-MIL-SPEC-AFFF-F-2015006-3-A4-pdf.jpg\",\"datePublished\":\"2024-06-28T15:25:49+00:00\",\"dateModified\":\"2024-08-15T00:20:53+00:00\",\"description\":\"SOLBERG\u00ae ARCTIC\u2122 3% MIL-SPEC AFFF es un concentrado de espuma sint\u00e9tica utilizado para extinguir eficazmente incendios de combustibles de hidrocarburos de Clase B con un 3% de soluci\u00f3n. La espuma AFFF SOLBERG ARCTIC 3% MIL-SPEC proporciona una extinci\u00f3n r\u00e1pida y excelentes caracter\u00edsticas de reignici\u00f3n, y puede utilizarse con agua dulce, salada y salobre.\",\"breadcrumb\":{\"@id\":\"https:\/\/demo.perimeter-solutions.com\/es\/product\/concentrado-de-espuma-solberg-arctic-3-mil-spec-afff-2\/#breadcrumb\"},\"inLanguage\":\"es\",\"potentialAction\":[{\"@type\":\"ReadAction\",\"target\":[\"https:\/\/demo.perimeter-solutions.com\/es\/product\/concentrado-de-espuma-solberg-arctic-3-mil-spec-afff-2\/\"]}]},{\"@type\":\"ImageObject\",\"inLanguage\":\"es\",\"@id\":\"https:\/\/demo.perimeter-solutions.com\/es\/product\/concentrado-de-espuma-solberg-arctic-3-mil-spec-afff-2\/#primaryimage\",\"url\":\"https:\/\/demo.perimeter-solutions.com\/wp-content\/uploads\/2024\/06\/ARCTIC-3-MIL-SPEC-AFFF-F-2015006-3-A4-pdf.jpg\",\"contentUrl\":\"https:\/\/demo.perimeter-solutions.com\/wp-content\/uploads\/2024\/06\/ARCTIC-3-MIL-SPEC-AFFF-F-2015006-3-A4-pdf.jpg\"},{\"@type\":\"BreadcrumbList\",\"@id\":\"https:\/\/demo.perimeter-solutions.com\/es\/product\/concentrado-de-espuma-solberg-arctic-3-mil-spec-afff-2\/#breadcrumb\",\"itemListElement\":[{\"@type\":\"ListItem\",\"position\":1,\"name\":\"Cat\u00e1logo de productos\",\"item\":\"https:\/\/demo.perimeter-solutions.com\/es\/product-catalog\/\"},{\"@type\":\"ListItem\",\"position\":2,\"name\":\"CONCENTRADO DE ESPUMA SOLBERG\u00ae ARCTIC\u2122 3% MIL-SPEC AFFF\"}]},{\"@type\":\"WebSite\",\"@id\":\"https:\/\/demo.perimeter-solutions.com\/es\/#website\",\"url\":\"https:\/\/demo.perimeter-solutions.com\/es\/\",\"name\":\"PS Demo site\",\"description\":\"\",\"publisher\":{\"@id\":\"https:\/\/demo.perimeter-solutions.com\/es\/#organization\"},\"potentialAction\":[{\"@type\":\"SearchAction\",\"target\":{\"@type\":\"EntryPoint\",\"urlTemplate\":\"https:\/\/demo.perimeter-solutions.com\/es\/?s={search_term_string}\"},\"query-input\":{\"@type\":\"PropertyValueSpecification\",\"valueRequired\":true,\"valueName\":\"search_term_string\"}}],\"inLanguage\":\"es\"},{\"@type\":\"Organization\",\"@id\":\"https:\/\/demo.perimeter-solutions.com\/es\/#organization\",\"name\":\"Perimeter Solutions\",\"url\":\"https:\/\/demo.perimeter-solutions.com\/es\/\",\"logo\":{\"@type\":\"ImageObject\",\"inLanguage\":\"es\",\"@id\":\"https:\/\/demo.perimeter-solutions.com\/es\/#\/schema\/logo\/image\/\",\"url\":\"https:\/\/demo.perimeter-solutions.com\/wp-content\/uploads\/2021\/02\/perimeter-logo-RGB.png\",\"contentUrl\":\"https:\/\/demo.perimeter-solutions.com\/wp-content\/uploads\/2021\/02\/perimeter-logo-RGB.png\",\"width\":794,\"height\":138,\"caption\":\"Perimeter Solutions\"},\"image\":{\"@id\":\"https:\/\/demo.perimeter-solutions.com\/es\/#\/schema\/logo\/image\/\"}}]}<\/script>\n<!-- \/ Yoast SEO Premium plugin. -->","yoast_head_json":{"title":"CONCENTRADO DE ESPUMA SOLBERG\u00ae ARCTIC\u2122 3% MIL-SPEC AFFF - PS Demo site","description":"SOLBERG\u00ae ARCTIC\u2122 3% MIL-SPEC AFFF es un concentrado de espuma sint\u00e9tica utilizado para extinguir eficazmente incendios de combustibles de hidrocarburos de Clase B con un 3% de soluci\u00f3n. La espuma AFFF SOLBERG ARCTIC 3% MIL-SPEC proporciona una extinci\u00f3n r\u00e1pida y excelentes caracter\u00edsticas de reignici\u00f3n, y puede utilizarse con agua dulce, salada y salobre.","robots":{"index":"noindex","follow":"follow","max-snippet":"max-snippet:-1","max-image-preview":"max-image-preview:large","max-video-preview":"max-video-preview:-1"},"og_locale":"es_ES","og_type":"article","og_title":"CONCENTRADO DE ESPUMA SOLBERG\u00ae ARCTIC\u2122 3% MIL-SPEC AFFF","og_description":"SOLBERG\u00ae ARCTIC\u2122 3% MIL-SPEC AFFF es un concentrado de espuma sint\u00e9tica utilizado para extinguir eficazmente incendios de combustibles de hidrocarburos de Clase B con un 3% de soluci\u00f3n. La espuma AFFF SOLBERG ARCTIC 3% MIL-SPEC proporciona una extinci\u00f3n r\u00e1pida y excelentes caracter\u00edsticas de reignici\u00f3n, y puede utilizarse con agua dulce, salada y salobre.","og_url":"https:\/\/demo.perimeter-solutions.com\/es\/product\/concentrado-de-espuma-solberg-arctic-3-mil-spec-afff-2\/","og_site_name":"PS Demo site","article_modified_time":"2024-08-15T00:20:53+00:00","twitter_card":"summary_large_image","twitter_misc":{"Tiempo de lectura":"2 minutos"},"schema":{"@context":"https:\/\/schema.org","@graph":[{"@type":"WebPage","@id":"https:\/\/demo.perimeter-solutions.com\/es\/product\/concentrado-de-espuma-solberg-arctic-3-mil-spec-afff-2\/","url":"https:\/\/demo.perimeter-solutions.com\/es\/product\/concentrado-de-espuma-solberg-arctic-3-mil-spec-afff-2\/","name":"CONCENTRADO DE ESPUMA SOLBERG\u00ae ARCTIC\u2122 3% MIL-SPEC AFFF - PS Demo site","isPartOf":{"@id":"https:\/\/demo.perimeter-solutions.com\/es\/#website"},"primaryImageOfPage":{"@id":"https:\/\/demo.perimeter-solutions.com\/es\/product\/concentrado-de-espuma-solberg-arctic-3-mil-spec-afff-2\/#primaryimage"},"image":{"@id":"https:\/\/demo.perimeter-solutions.com\/es\/product\/concentrado-de-espuma-solberg-arctic-3-mil-spec-afff-2\/#primaryimage"},"thumbnailUrl":"https:\/\/demo.perimeter-solutions.com\/wp-content\/uploads\/2024\/06\/ARCTIC-3-MIL-SPEC-AFFF-F-2015006-3-A4-pdf.jpg","datePublished":"2024-06-28T15:25:49+00:00","dateModified":"2024-08-15T00:20:53+00:00","description":"SOLBERG\u00ae ARCTIC\u2122 3% MIL-SPEC AFFF es un concentrado de espuma sint\u00e9tica utilizado para extinguir eficazmente incendios de combustibles de hidrocarburos de Clase B con un 3% de soluci\u00f3n. La espuma AFFF SOLBERG ARCTIC 3% MIL-SPEC proporciona una extinci\u00f3n r\u00e1pida y excelentes caracter\u00edsticas de reignici\u00f3n, y puede utilizarse con agua dulce, salada y salobre.","breadcrumb":{"@id":"https:\/\/demo.perimeter-solutions.com\/es\/product\/concentrado-de-espuma-solberg-arctic-3-mil-spec-afff-2\/#breadcrumb"},"inLanguage":"es","potentialAction":[{"@type":"ReadAction","target":["https:\/\/demo.perimeter-solutions.com\/es\/product\/concentrado-de-espuma-solberg-arctic-3-mil-spec-afff-2\/"]}]},{"@type":"ImageObject","inLanguage":"es","@id":"https:\/\/demo.perimeter-solutions.com\/es\/product\/concentrado-de-espuma-solberg-arctic-3-mil-spec-afff-2\/#primaryimage","url":"https:\/\/demo.perimeter-solutions.com\/wp-content\/uploads\/2024\/06\/ARCTIC-3-MIL-SPEC-AFFF-F-2015006-3-A4-pdf.jpg","contentUrl":"https:\/\/demo.perimeter-solutions.com\/wp-content\/uploads\/2024\/06\/ARCTIC-3-MIL-SPEC-AFFF-F-2015006-3-A4-pdf.jpg"},{"@type":"BreadcrumbList","@id":"https:\/\/demo.perimeter-solutions.com\/es\/product\/concentrado-de-espuma-solberg-arctic-3-mil-spec-afff-2\/#breadcrumb","itemListElement":[{"@type":"ListItem","position":1,"name":"Cat\u00e1logo de productos","item":"https:\/\/demo.perimeter-solutions.com\/es\/product-catalog\/"},{"@type":"ListItem","position":2,"name":"CONCENTRADO DE ESPUMA SOLBERG\u00ae ARCTIC\u2122 3% MIL-SPEC AFFF"}]},{"@type":"WebSite","@id":"https:\/\/demo.perimeter-solutions.com\/es\/#website","url":"https:\/\/demo.perimeter-solutions.com\/es\/","name":"PS Demo site","description":"","publisher":{"@id":"https:\/\/demo.perimeter-solutions.com\/es\/#organization"},"potentialAction":[{"@type":"SearchAction","target":{"@type":"EntryPoint","urlTemplate":"https:\/\/demo.perimeter-solutions.com\/es\/?s={search_term_string}"},"query-input":{"@type":"PropertyValueSpecification","valueRequired":true,"valueName":"search_term_string"}}],"inLanguage":"es"},{"@type":"Organization","@id":"https:\/\/demo.perimeter-solutions.com\/es\/#organization","name":"Perimeter Solutions","url":"https:\/\/demo.perimeter-solutions.com\/es\/","logo":{"@type":"ImageObject","inLanguage":"es","@id":"https:\/\/demo.perimeter-solutions.com\/es\/#\/schema\/logo\/image\/","url":"https:\/\/demo.perimeter-solutions.com\/wp-content\/uploads\/2021\/02\/perimeter-logo-RGB.png","contentUrl":"https:\/\/demo.perimeter-solutions.com\/wp-content\/uploads\/2021\/02\/perimeter-logo-RGB.png","width":794,"height":138,"caption":"Perimeter Solutions"},"image":{"@id":"https:\/\/demo.perimeter-solutions.com\/es\/#\/schema\/logo\/image\/"}}]}},"_links":{"self":[{"href":"https:\/\/demo.perimeter-solutions.com\/es\/wp-json\/wp\/v2\/product\/42402","targetHints":{"allow":["GET"]}}],"collection":[{"href":"https:\/\/demo.perimeter-solutions.com\/es\/wp-json\/wp\/v2\/product"}],"about":[{"href":"https:\/\/demo.perimeter-solutions.com\/es\/wp-json\/wp\/v2\/types\/product"}],"wp:featuredmedia":[{"embeddable":true,"href":"https:\/\/demo.perimeter-solutions.com\/es\/wp-json\/wp\/v2\/media\/42404"}],"wp:attachment":[{"href":"https:\/\/demo.perimeter-solutions.com\/es\/wp-json\/wp\/v2\/media?parent=42402"}],"wp:term":[{"taxonomy":"product_cat","embeddable":true,"href":"https:\/\/demo.perimeter-solutions.com\/es\/wp-json\/wp\/v2\/product_cat?post=42402"},{"taxonomy":"product_tag","embeddable":true,"href":"https:\/\/demo.perimeter-solutions.com\/es\/wp-json\/wp\/v2\/product_tag?post=42402"}],"curies":[{"name":"wp","href":"https:\/\/api.w.org\/{rel}","templated":true}]}}