{"id":42407,"date":"2024-06-28T11:46:48","date_gmt":"2024-06-28T15:46:48","guid":{"rendered":"https:\/\/demo.perimeter-solutions.com\/product\/solberg-arctic-6-afff-foam-concentrate\/"},"modified":"2024-08-14T20:24:35","modified_gmt":"2024-08-15T00:24:35","slug":"solberg-arctic-6-afff-foam-concentrate","status":"publish","type":"product","link":"https:\/\/demo.perimeter-solutions.com\/es\/product\/solberg-arctic-6-afff-foam-concentrate\/","title":{"rendered":"SOLBERG<sup>\u00ae<\/sup> ARCTIC\u2122 6% AFFF FOAM CONCENTRATE"},"content":{"rendered":"<p><span style=\"color: #000000;\">Espuma concentrada <strong>SOLBERG<sup>\u00ae<\/sup> ARCTIC\u2122 6% AFFF<\/strong> es un concentrado de espuma sint\u00e9tico que se usa para extinguir de manera efectiva incendios de combustibles de hidrocarburos de Clase B en una soluci\u00f3n al 6%. La espuma SOLBERG ARCTIC 6% AFFF proporciona una r\u00e1pida extinci\u00f3n y excelentes caracter\u00edsticas de quemado y se puede usar con agua dulce, salada y salobre.<\/span><\/p>\n<p><span style=\"color: #000000;\">El espum\u00f3geno SOLBERG ARCTIC 6% AFFF se puede aplicar a incendios de combustibles de hidrocarburos de Clase B. No est\u00e1 dise\u00f1ado para usarse con combustibles solventes polares de Clase B. La espuma se puede utilizar para evitar la reignici\u00f3n de un derrame de l\u00edquido y controlar los vapores peligrosos. Los dispositivos de descarga de espuma, como los de aspiraci\u00f3n de aire, as\u00ed como los equipos sin aspiraci\u00f3n de aire, se pueden utilizar para obtener los m\u00e1ximos resultados. El producto se mezcla con 6 partes de concentrado de espuma con 94 partes de agua. Tambi\u00e9n se puede utilizar como una soluci\u00f3n premezclada al 6%. La espuma SOLBERG ARCTIC 6% AFFF es compatible con la mayor\u00eda de los agentes en polvo (qu\u00edmicos secos).<\/span><\/p>\n<p><span style=\"color: #000000;\"><strong>CERTIFICACIONES:<\/strong> Listado en UL162 \/ ULC S564, EN 1568-3: 2008 (Clase 1A), Nivel B de la OACI<\/span><\/p>\n<h4>Opciones disponibles<\/h4>\n","protected":false},"excerpt":{"rendered":"<p>Espuma concentrada SOLBERG\u00ae ARCTIC\u2122 6% AFFF es un concentrado de espuma sint\u00e9tico que se usa para extinguir de manera efectiva incendios de combustibles de hidrocarburos de Clase B en una [&hellip;]<\/p>\n","protected":false},"featured_media":42409,"template":"","meta":{"_acf_changed":false},"product_cat":[202,188],"product_tag":[232,242,244],"class_list":{"0":"post-42407","1":"product","2":"type-product","3":"status-publish","4":"has-post-thumbnail","6":"product_cat-class-b-fluorinated-es","7":"product_cat-class-b-es","8":"product_tag-industrial-es","9":"product_tag-solberg-es","10":"product_tag-ul-162-es","12":"first","13":"instock","14":"shipping-taxable","15":"purchasable","16":"product-type-simple"},"acf":[],"yoast_head":"<!-- This site is optimized with the Yoast SEO Premium plugin v21.9 (Yoast SEO v23.5) - https:\/\/yoast.com\/wordpress\/plugins\/seo\/ -->\n<title>SOLBERG\u00ae ARCTIC\u2122 6% AFFF FOAM CONCENTRATE - PS Demo site<\/title>\n<meta name=\"robots\" content=\"noindex, follow, max-snippet:-1, max-image-preview:large, max-video-preview:-1\" \/>\n<meta property=\"og:locale\" content=\"es_ES\" \/>\n<meta property=\"og:type\" content=\"article\" \/>\n<meta property=\"og:title\" content=\"SOLBERG\u00ae ARCTIC\u2122 6% AFFF FOAM CONCENTRATE\" \/>\n<meta property=\"og:description\" content=\"Espuma concentrada SOLBERG\u00ae ARCTIC\u2122 6% AFFF es un concentrado de espuma sint\u00e9tico que se usa para extinguir de manera efectiva incendios de combustibles de hidrocarburos de Clase B en una [&hellip;]\" \/>\n<meta property=\"og:url\" content=\"https:\/\/demo.perimeter-solutions.com\/es\/product\/solberg-arctic-6-afff-foam-concentrate\/\" \/>\n<meta property=\"og:site_name\" content=\"PS Demo site\" \/>\n<meta property=\"article:modified_time\" content=\"2024-08-15T00:24:35+00:00\" \/>\n<meta name=\"twitter:card\" content=\"summary_large_image\" \/>\n<meta name=\"twitter:label1\" content=\"Tiempo de lectura\" \/>\n\t<meta name=\"twitter:data1\" content=\"2 minutos\" \/>\n<script type=\"application\/ld+json\" class=\"yoast-schema-graph\">{\"@context\":\"https:\/\/schema.org\",\"@graph\":[{\"@type\":\"WebPage\",\"@id\":\"https:\/\/demo.perimeter-solutions.com\/es\/product\/solberg-arctic-6-afff-foam-concentrate\/\",\"url\":\"https:\/\/demo.perimeter-solutions.com\/es\/product\/solberg-arctic-6-afff-foam-concentrate\/\",\"name\":\"SOLBERG\u00ae ARCTIC\u2122 6% AFFF FOAM CONCENTRATE - PS Demo site\",\"isPartOf\":{\"@id\":\"https:\/\/demo.perimeter-solutions.com\/es\/#website\"},\"primaryImageOfPage\":{\"@id\":\"https:\/\/demo.perimeter-solutions.com\/es\/product\/solberg-arctic-6-afff-foam-concentrate\/#primaryimage\"},\"image\":{\"@id\":\"https:\/\/demo.perimeter-solutions.com\/es\/product\/solberg-arctic-6-afff-foam-concentrate\/#primaryimage\"},\"thumbnailUrl\":\"https:\/\/demo.perimeter-solutions.com\/wp-content\/uploads\/2024\/06\/PERI_Arctic6_AFFF_FoamConcentrate_Datasheet_v1-1-pdf.jpg\",\"datePublished\":\"2024-06-28T15:46:48+00:00\",\"dateModified\":\"2024-08-15T00:24:35+00:00\",\"breadcrumb\":{\"@id\":\"https:\/\/demo.perimeter-solutions.com\/es\/product\/solberg-arctic-6-afff-foam-concentrate\/#breadcrumb\"},\"inLanguage\":\"es\",\"potentialAction\":[{\"@type\":\"ReadAction\",\"target\":[\"https:\/\/demo.perimeter-solutions.com\/es\/product\/solberg-arctic-6-afff-foam-concentrate\/\"]}]},{\"@type\":\"ImageObject\",\"inLanguage\":\"es\",\"@id\":\"https:\/\/demo.perimeter-solutions.com\/es\/product\/solberg-arctic-6-afff-foam-concentrate\/#primaryimage\",\"url\":\"https:\/\/demo.perimeter-solutions.com\/wp-content\/uploads\/2024\/06\/PERI_Arctic6_AFFF_FoamConcentrate_Datasheet_v1-1-pdf.jpg\",\"contentUrl\":\"https:\/\/demo.perimeter-solutions.com\/wp-content\/uploads\/2024\/06\/PERI_Arctic6_AFFF_FoamConcentrate_Datasheet_v1-1-pdf.jpg\"},{\"@type\":\"BreadcrumbList\",\"@id\":\"https:\/\/demo.perimeter-solutions.com\/es\/product\/solberg-arctic-6-afff-foam-concentrate\/#breadcrumb\",\"itemListElement\":[{\"@type\":\"ListItem\",\"position\":1,\"name\":\"Cat\u00e1logo de productos\",\"item\":\"https:\/\/demo.perimeter-solutions.com\/es\/product-catalog\/\"},{\"@type\":\"ListItem\",\"position\":2,\"name\":\"SOLBERG\u00ae ARCTIC\u2122 6% AFFF FOAM CONCENTRATE\"}]},{\"@type\":\"WebSite\",\"@id\":\"https:\/\/demo.perimeter-solutions.com\/es\/#website\",\"url\":\"https:\/\/demo.perimeter-solutions.com\/es\/\",\"name\":\"PS Demo site\",\"description\":\"\",\"publisher\":{\"@id\":\"https:\/\/demo.perimeter-solutions.com\/es\/#organization\"},\"potentialAction\":[{\"@type\":\"SearchAction\",\"target\":{\"@type\":\"EntryPoint\",\"urlTemplate\":\"https:\/\/demo.perimeter-solutions.com\/es\/?s={search_term_string}\"},\"query-input\":{\"@type\":\"PropertyValueSpecification\",\"valueRequired\":true,\"valueName\":\"search_term_string\"}}],\"inLanguage\":\"es\"},{\"@type\":\"Organization\",\"@id\":\"https:\/\/demo.perimeter-solutions.com\/es\/#organization\",\"name\":\"Perimeter Solutions\",\"url\":\"https:\/\/demo.perimeter-solutions.com\/es\/\",\"logo\":{\"@type\":\"ImageObject\",\"inLanguage\":\"es\",\"@id\":\"https:\/\/demo.perimeter-solutions.com\/es\/#\/schema\/logo\/image\/\",\"url\":\"https:\/\/demo.perimeter-solutions.com\/wp-content\/uploads\/2021\/02\/perimeter-logo-RGB.png\",\"contentUrl\":\"https:\/\/demo.perimeter-solutions.com\/wp-content\/uploads\/2021\/02\/perimeter-logo-RGB.png\",\"width\":794,\"height\":138,\"caption\":\"Perimeter Solutions\"},\"image\":{\"@id\":\"https:\/\/demo.perimeter-solutions.com\/es\/#\/schema\/logo\/image\/\"}}]}<\/script>\n<!-- \/ Yoast SEO Premium plugin. -->","yoast_head_json":{"title":"SOLBERG\u00ae ARCTIC\u2122 6% AFFF FOAM CONCENTRATE - PS Demo site","robots":{"index":"noindex","follow":"follow","max-snippet":"max-snippet:-1","max-image-preview":"max-image-preview:large","max-video-preview":"max-video-preview:-1"},"og_locale":"es_ES","og_type":"article","og_title":"SOLBERG\u00ae ARCTIC\u2122 6% AFFF FOAM CONCENTRATE","og_description":"Espuma concentrada SOLBERG\u00ae ARCTIC\u2122 6% AFFF es un concentrado de espuma sint\u00e9tico que se usa para extinguir de manera efectiva incendios de combustibles de hidrocarburos de Clase B en una [&hellip;]","og_url":"https:\/\/demo.perimeter-solutions.com\/es\/product\/solberg-arctic-6-afff-foam-concentrate\/","og_site_name":"PS Demo site","article_modified_time":"2024-08-15T00:24:35+00:00","twitter_card":"summary_large_image","twitter_misc":{"Tiempo de lectura":"2 minutos"},"schema":{"@context":"https:\/\/schema.org","@graph":[{"@type":"WebPage","@id":"https:\/\/demo.perimeter-solutions.com\/es\/product\/solberg-arctic-6-afff-foam-concentrate\/","url":"https:\/\/demo.perimeter-solutions.com\/es\/product\/solberg-arctic-6-afff-foam-concentrate\/","name":"SOLBERG\u00ae ARCTIC\u2122 6% AFFF FOAM CONCENTRATE - PS Demo site","isPartOf":{"@id":"https:\/\/demo.perimeter-solutions.com\/es\/#website"},"primaryImageOfPage":{"@id":"https:\/\/demo.perimeter-solutions.com\/es\/product\/solberg-arctic-6-afff-foam-concentrate\/#primaryimage"},"image":{"@id":"https:\/\/demo.perimeter-solutions.com\/es\/product\/solberg-arctic-6-afff-foam-concentrate\/#primaryimage"},"thumbnailUrl":"https:\/\/demo.perimeter-solutions.com\/wp-content\/uploads\/2024\/06\/PERI_Arctic6_AFFF_FoamConcentrate_Datasheet_v1-1-pdf.jpg","datePublished":"2024-06-28T15:46:48+00:00","dateModified":"2024-08-15T00:24:35+00:00","breadcrumb":{"@id":"https:\/\/demo.perimeter-solutions.com\/es\/product\/solberg-arctic-6-afff-foam-concentrate\/#breadcrumb"},"inLanguage":"es","potentialAction":[{"@type":"ReadAction","target":["https:\/\/demo.perimeter-solutions.com\/es\/product\/solberg-arctic-6-afff-foam-concentrate\/"]}]},{"@type":"ImageObject","inLanguage":"es","@id":"https:\/\/demo.perimeter-solutions.com\/es\/product\/solberg-arctic-6-afff-foam-concentrate\/#primaryimage","url":"https:\/\/demo.perimeter-solutions.com\/wp-content\/uploads\/2024\/06\/PERI_Arctic6_AFFF_FoamConcentrate_Datasheet_v1-1-pdf.jpg","contentUrl":"https:\/\/demo.perimeter-solutions.com\/wp-content\/uploads\/2024\/06\/PERI_Arctic6_AFFF_FoamConcentrate_Datasheet_v1-1-pdf.jpg"},{"@type":"BreadcrumbList","@id":"https:\/\/demo.perimeter-solutions.com\/es\/product\/solberg-arctic-6-afff-foam-concentrate\/#breadcrumb","itemListElement":[{"@type":"ListItem","position":1,"name":"Cat\u00e1logo de productos","item":"https:\/\/demo.perimeter-solutions.com\/es\/product-catalog\/"},{"@type":"ListItem","position":2,"name":"SOLBERG\u00ae ARCTIC\u2122 6% AFFF FOAM CONCENTRATE"}]},{"@type":"WebSite","@id":"https:\/\/demo.perimeter-solutions.com\/es\/#website","url":"https:\/\/demo.perimeter-solutions.com\/es\/","name":"PS Demo site","description":"","publisher":{"@id":"https:\/\/demo.perimeter-solutions.com\/es\/#organization"},"potentialAction":[{"@type":"SearchAction","target":{"@type":"EntryPoint","urlTemplate":"https:\/\/demo.perimeter-solutions.com\/es\/?s={search_term_string}"},"query-input":{"@type":"PropertyValueSpecification","valueRequired":true,"valueName":"search_term_string"}}],"inLanguage":"es"},{"@type":"Organization","@id":"https:\/\/demo.perimeter-solutions.com\/es\/#organization","name":"Perimeter Solutions","url":"https:\/\/demo.perimeter-solutions.com\/es\/","logo":{"@type":"ImageObject","inLanguage":"es","@id":"https:\/\/demo.perimeter-solutions.com\/es\/#\/schema\/logo\/image\/","url":"https:\/\/demo.perimeter-solutions.com\/wp-content\/uploads\/2021\/02\/perimeter-logo-RGB.png","contentUrl":"https:\/\/demo.perimeter-solutions.com\/wp-content\/uploads\/2021\/02\/perimeter-logo-RGB.png","width":794,"height":138,"caption":"Perimeter Solutions"},"image":{"@id":"https:\/\/demo.perimeter-solutions.com\/es\/#\/schema\/logo\/image\/"}}]}},"_links":{"self":[{"href":"https:\/\/demo.perimeter-solutions.com\/es\/wp-json\/wp\/v2\/product\/42407","targetHints":{"allow":["GET"]}}],"collection":[{"href":"https:\/\/demo.perimeter-solutions.com\/es\/wp-json\/wp\/v2\/product"}],"about":[{"href":"https:\/\/demo.perimeter-solutions.com\/es\/wp-json\/wp\/v2\/types\/product"}],"wp:featuredmedia":[{"embeddable":true,"href":"https:\/\/demo.perimeter-solutions.com\/es\/wp-json\/wp\/v2\/media\/42409"}],"wp:attachment":[{"href":"https:\/\/demo.perimeter-solutions.com\/es\/wp-json\/wp\/v2\/media?parent=42407"}],"wp:term":[{"taxonomy":"product_cat","embeddable":true,"href":"https:\/\/demo.perimeter-solutions.com\/es\/wp-json\/wp\/v2\/product_cat?post=42407"},{"taxonomy":"product_tag","embeddable":true,"href":"https:\/\/demo.perimeter-solutions.com\/es\/wp-json\/wp\/v2\/product_tag?post=42407"}],"curies":[{"name":"wp","href":"https:\/\/api.w.org\/{rel}","templated":true}]}}