{"id":42410,"date":"2024-06-28T11:28:14","date_gmt":"2024-06-28T15:28:14","guid":{"rendered":"https:\/\/demo.perimeter-solutions.com\/product\/concentrado-de-espuma-solberg-arctic-1-sp-afff\/"},"modified":"2024-08-14T20:22:11","modified_gmt":"2024-08-15T00:22:11","slug":"concentrado-de-espuma-solberg-arctic-1-sp-afff","status":"publish","type":"product","link":"https:\/\/demo.perimeter-solutions.com\/es\/product\/concentrado-de-espuma-solberg-arctic-1-sp-afff\/","title":{"rendered":"CONCENTRADO DE ESPUMA SOLBERG<sup>\u00ae<\/sup> ARCTIC\u2122 1% SP AFFF"},"content":{"rendered":"<p><span style=\"color: #000000;\"><strong>SOLBERG<sup>\u00ae<\/sup> ARCTIC\u2122 1% SP AFFF<\/strong> es un concentrado de espuma sint\u00e9tica utilizado para extinguir eficazmente incendios de combustibles hidrocarburos de Clase B al 1% de soluci\u00f3n. El espum\u00f3geno SOLBERG ARCTIC 1% SP AFFF proporciona una r\u00e1pida extinci\u00f3n y excelentes caracter\u00edsticas de quemado y puede usarse con agua dulce, salada y salobre.<\/span><\/p>\n<p><span style=\"color: #000000;\">El espum\u00f3geno SOLBERG ARCTIC 1% SP AFFF se puede aplicar a incendios de combustibles de hidrocarburos de Clase B. No est\u00e1 dise\u00f1ado para usarse con combustibles solventes polares de Clase B. La espuma se puede utilizar para evitar la reignici\u00f3n de un derrame de l\u00edquido y controlar los vapores peligrosos. Los dispositivos de descarga de espuma, como los que no aspiran aire, as\u00ed como los equipos de aspiraci\u00f3n de aire, incluidos los rociadores est\u00e1ndar, se pueden utilizar para obtener los mejores resultados. El producto se mezcla 1 parte de concentrado de espuma con 99 partes de agua. Tambi\u00e9n se puede utilizar y almacenar como una soluci\u00f3n premezclada al 1%. La espuma SOLBERG ARCTIC 1% SP AFFF es compatible con la mayor\u00eda de los polvos (qu\u00edmico seco).<\/span><\/p>\n<h4>Opciones disponibles<\/h4>\n","protected":false},"excerpt":{"rendered":"<p>SOLBERG\u00ae ARCTIC\u2122 1% SP AFFF es un concentrado de espuma sint\u00e9tica utilizado para extinguir eficazmente incendios de combustibles hidrocarburos de Clase B al 1% de soluci\u00f3n. El espum\u00f3geno SOLBERG ARCTIC [&hellip;]<\/p>\n","protected":false},"featured_media":42412,"template":"","meta":{"_acf_changed":false},"product_cat":[202,188],"product_tag":[246,242,244],"class_list":{"0":"post-42410","1":"product","2":"type-product","3":"status-publish","4":"has-post-thumbnail","6":"product_cat-class-b-fluorinated-es","7":"product_cat-class-b-es","8":"product_tag-marina-es","9":"product_tag-solberg-es","10":"product_tag-ul-162-es","12":"first","13":"instock","14":"shipping-taxable","15":"purchasable","16":"product-type-simple"},"acf":[],"yoast_head":"<!-- This site is optimized with the Yoast SEO Premium plugin v21.9 (Yoast SEO v23.5) - https:\/\/yoast.com\/wordpress\/plugins\/seo\/ -->\n<title>CONCENTRADO DE ESPUMA SOLBERG\u00ae ARCTIC\u2122 1% SP AFFF - PS Demo site<\/title>\n<meta name=\"description\" content=\"SOLBERG\u00ae ARCTIC\u2122 1% SP AFFF es un concentrado de espuma sint\u00e9tica utilizado para extinguir eficazmente incendios de combustibles hidrocarburos de Clase B al 1% de soluci\u00f3n. El espum\u00f3geno SOLBERG ARCTIC 1% SP AFFF proporciona una r\u00e1pida extinci\u00f3n y excelentes caracter\u00edsticas de quemado y puede usarse con agua dulce, salada y salobre.\" \/>\n<meta name=\"robots\" content=\"noindex, follow, max-snippet:-1, max-image-preview:large, max-video-preview:-1\" \/>\n<meta property=\"og:locale\" content=\"es_ES\" \/>\n<meta property=\"og:type\" content=\"article\" \/>\n<meta property=\"og:title\" content=\"CONCENTRADO DE ESPUMA SOLBERG\u00ae ARCTIC\u2122 1% SP AFFF\" \/>\n<meta property=\"og:description\" content=\"SOLBERG\u00ae ARCTIC\u2122 1% SP AFFF es un concentrado de espuma sint\u00e9tica utilizado para extinguir eficazmente incendios de combustibles hidrocarburos de Clase B al 1% de soluci\u00f3n. El espum\u00f3geno SOLBERG ARCTIC 1% SP AFFF proporciona una r\u00e1pida extinci\u00f3n y excelentes caracter\u00edsticas de quemado y puede usarse con agua dulce, salada y salobre.\" \/>\n<meta property=\"og:url\" content=\"https:\/\/demo.perimeter-solutions.com\/es\/product\/concentrado-de-espuma-solberg-arctic-1-sp-afff\/\" \/>\n<meta property=\"og:site_name\" content=\"PS Demo site\" \/>\n<meta property=\"article:modified_time\" content=\"2024-08-15T00:22:11+00:00\" \/>\n<meta name=\"twitter:card\" content=\"summary_large_image\" \/>\n<meta name=\"twitter:label1\" content=\"Tiempo de lectura\" \/>\n\t<meta name=\"twitter:data1\" content=\"1 minuto\" \/>\n<script type=\"application\/ld+json\" class=\"yoast-schema-graph\">{\"@context\":\"https:\/\/schema.org\",\"@graph\":[{\"@type\":\"WebPage\",\"@id\":\"https:\/\/demo.perimeter-solutions.com\/es\/product\/concentrado-de-espuma-solberg-arctic-1-sp-afff\/\",\"url\":\"https:\/\/demo.perimeter-solutions.com\/es\/product\/concentrado-de-espuma-solberg-arctic-1-sp-afff\/\",\"name\":\"CONCENTRADO DE ESPUMA SOLBERG\u00ae ARCTIC\u2122 1% SP AFFF - PS Demo site\",\"isPartOf\":{\"@id\":\"https:\/\/demo.perimeter-solutions.com\/es\/#website\"},\"primaryImageOfPage\":{\"@id\":\"https:\/\/demo.perimeter-solutions.com\/es\/product\/concentrado-de-espuma-solberg-arctic-1-sp-afff\/#primaryimage\"},\"image\":{\"@id\":\"https:\/\/demo.perimeter-solutions.com\/es\/product\/concentrado-de-espuma-solberg-arctic-1-sp-afff\/#primaryimage\"},\"thumbnailUrl\":\"https:\/\/demo.perimeter-solutions.com\/wp-content\/uploads\/2024\/06\/SOLBERG-Arctic1SPAFFFoamConcentrate_Datasheet-pdf.jpg\",\"datePublished\":\"2024-06-28T15:28:14+00:00\",\"dateModified\":\"2024-08-15T00:22:11+00:00\",\"description\":\"SOLBERG\u00ae ARCTIC\u2122 1% SP AFFF es un concentrado de espuma sint\u00e9tica utilizado para extinguir eficazmente incendios de combustibles hidrocarburos de Clase B al 1% de soluci\u00f3n. El espum\u00f3geno SOLBERG ARCTIC 1% SP AFFF proporciona una r\u00e1pida extinci\u00f3n y excelentes caracter\u00edsticas de quemado y puede usarse con agua dulce, salada y salobre.\",\"breadcrumb\":{\"@id\":\"https:\/\/demo.perimeter-solutions.com\/es\/product\/concentrado-de-espuma-solberg-arctic-1-sp-afff\/#breadcrumb\"},\"inLanguage\":\"es\",\"potentialAction\":[{\"@type\":\"ReadAction\",\"target\":[\"https:\/\/demo.perimeter-solutions.com\/es\/product\/concentrado-de-espuma-solberg-arctic-1-sp-afff\/\"]}]},{\"@type\":\"ImageObject\",\"inLanguage\":\"es\",\"@id\":\"https:\/\/demo.perimeter-solutions.com\/es\/product\/concentrado-de-espuma-solberg-arctic-1-sp-afff\/#primaryimage\",\"url\":\"https:\/\/demo.perimeter-solutions.com\/wp-content\/uploads\/2024\/06\/SOLBERG-Arctic1SPAFFFoamConcentrate_Datasheet-pdf.jpg\",\"contentUrl\":\"https:\/\/demo.perimeter-solutions.com\/wp-content\/uploads\/2024\/06\/SOLBERG-Arctic1SPAFFFoamConcentrate_Datasheet-pdf.jpg\"},{\"@type\":\"BreadcrumbList\",\"@id\":\"https:\/\/demo.perimeter-solutions.com\/es\/product\/concentrado-de-espuma-solberg-arctic-1-sp-afff\/#breadcrumb\",\"itemListElement\":[{\"@type\":\"ListItem\",\"position\":1,\"name\":\"Cat\u00e1logo de productos\",\"item\":\"https:\/\/demo.perimeter-solutions.com\/es\/product-catalog\/\"},{\"@type\":\"ListItem\",\"position\":2,\"name\":\"CONCENTRADO DE ESPUMA SOLBERG\u00ae ARCTIC\u2122 1% SP AFFF\"}]},{\"@type\":\"WebSite\",\"@id\":\"https:\/\/demo.perimeter-solutions.com\/es\/#website\",\"url\":\"https:\/\/demo.perimeter-solutions.com\/es\/\",\"name\":\"PS Demo site\",\"description\":\"\",\"publisher\":{\"@id\":\"https:\/\/demo.perimeter-solutions.com\/es\/#organization\"},\"potentialAction\":[{\"@type\":\"SearchAction\",\"target\":{\"@type\":\"EntryPoint\",\"urlTemplate\":\"https:\/\/demo.perimeter-solutions.com\/es\/?s={search_term_string}\"},\"query-input\":{\"@type\":\"PropertyValueSpecification\",\"valueRequired\":true,\"valueName\":\"search_term_string\"}}],\"inLanguage\":\"es\"},{\"@type\":\"Organization\",\"@id\":\"https:\/\/demo.perimeter-solutions.com\/es\/#organization\",\"name\":\"Perimeter Solutions\",\"url\":\"https:\/\/demo.perimeter-solutions.com\/es\/\",\"logo\":{\"@type\":\"ImageObject\",\"inLanguage\":\"es\",\"@id\":\"https:\/\/demo.perimeter-solutions.com\/es\/#\/schema\/logo\/image\/\",\"url\":\"https:\/\/demo.perimeter-solutions.com\/wp-content\/uploads\/2021\/02\/perimeter-logo-RGB.png\",\"contentUrl\":\"https:\/\/demo.perimeter-solutions.com\/wp-content\/uploads\/2021\/02\/perimeter-logo-RGB.png\",\"width\":794,\"height\":138,\"caption\":\"Perimeter Solutions\"},\"image\":{\"@id\":\"https:\/\/demo.perimeter-solutions.com\/es\/#\/schema\/logo\/image\/\"}}]}<\/script>\n<!-- \/ Yoast SEO Premium plugin. -->","yoast_head_json":{"title":"CONCENTRADO DE ESPUMA SOLBERG\u00ae ARCTIC\u2122 1% SP AFFF - PS Demo site","description":"SOLBERG\u00ae ARCTIC\u2122 1% SP AFFF es un concentrado de espuma sint\u00e9tica utilizado para extinguir eficazmente incendios de combustibles hidrocarburos de Clase B al 1% de soluci\u00f3n. El espum\u00f3geno SOLBERG ARCTIC 1% SP AFFF proporciona una r\u00e1pida extinci\u00f3n y excelentes caracter\u00edsticas de quemado y puede usarse con agua dulce, salada y salobre.","robots":{"index":"noindex","follow":"follow","max-snippet":"max-snippet:-1","max-image-preview":"max-image-preview:large","max-video-preview":"max-video-preview:-1"},"og_locale":"es_ES","og_type":"article","og_title":"CONCENTRADO DE ESPUMA SOLBERG\u00ae ARCTIC\u2122 1% SP AFFF","og_description":"SOLBERG\u00ae ARCTIC\u2122 1% SP AFFF es un concentrado de espuma sint\u00e9tica utilizado para extinguir eficazmente incendios de combustibles hidrocarburos de Clase B al 1% de soluci\u00f3n. El espum\u00f3geno SOLBERG ARCTIC 1% SP AFFF proporciona una r\u00e1pida extinci\u00f3n y excelentes caracter\u00edsticas de quemado y puede usarse con agua dulce, salada y salobre.","og_url":"https:\/\/demo.perimeter-solutions.com\/es\/product\/concentrado-de-espuma-solberg-arctic-1-sp-afff\/","og_site_name":"PS Demo site","article_modified_time":"2024-08-15T00:22:11+00:00","twitter_card":"summary_large_image","twitter_misc":{"Tiempo de lectura":"1 minuto"},"schema":{"@context":"https:\/\/schema.org","@graph":[{"@type":"WebPage","@id":"https:\/\/demo.perimeter-solutions.com\/es\/product\/concentrado-de-espuma-solberg-arctic-1-sp-afff\/","url":"https:\/\/demo.perimeter-solutions.com\/es\/product\/concentrado-de-espuma-solberg-arctic-1-sp-afff\/","name":"CONCENTRADO DE ESPUMA SOLBERG\u00ae ARCTIC\u2122 1% SP AFFF - PS Demo site","isPartOf":{"@id":"https:\/\/demo.perimeter-solutions.com\/es\/#website"},"primaryImageOfPage":{"@id":"https:\/\/demo.perimeter-solutions.com\/es\/product\/concentrado-de-espuma-solberg-arctic-1-sp-afff\/#primaryimage"},"image":{"@id":"https:\/\/demo.perimeter-solutions.com\/es\/product\/concentrado-de-espuma-solberg-arctic-1-sp-afff\/#primaryimage"},"thumbnailUrl":"https:\/\/demo.perimeter-solutions.com\/wp-content\/uploads\/2024\/06\/SOLBERG-Arctic1SPAFFFoamConcentrate_Datasheet-pdf.jpg","datePublished":"2024-06-28T15:28:14+00:00","dateModified":"2024-08-15T00:22:11+00:00","description":"SOLBERG\u00ae ARCTIC\u2122 1% SP AFFF es un concentrado de espuma sint\u00e9tica utilizado para extinguir eficazmente incendios de combustibles hidrocarburos de Clase B al 1% de soluci\u00f3n. El espum\u00f3geno SOLBERG ARCTIC 1% SP AFFF proporciona una r\u00e1pida extinci\u00f3n y excelentes caracter\u00edsticas de quemado y puede usarse con agua dulce, salada y salobre.","breadcrumb":{"@id":"https:\/\/demo.perimeter-solutions.com\/es\/product\/concentrado-de-espuma-solberg-arctic-1-sp-afff\/#breadcrumb"},"inLanguage":"es","potentialAction":[{"@type":"ReadAction","target":["https:\/\/demo.perimeter-solutions.com\/es\/product\/concentrado-de-espuma-solberg-arctic-1-sp-afff\/"]}]},{"@type":"ImageObject","inLanguage":"es","@id":"https:\/\/demo.perimeter-solutions.com\/es\/product\/concentrado-de-espuma-solberg-arctic-1-sp-afff\/#primaryimage","url":"https:\/\/demo.perimeter-solutions.com\/wp-content\/uploads\/2024\/06\/SOLBERG-Arctic1SPAFFFoamConcentrate_Datasheet-pdf.jpg","contentUrl":"https:\/\/demo.perimeter-solutions.com\/wp-content\/uploads\/2024\/06\/SOLBERG-Arctic1SPAFFFoamConcentrate_Datasheet-pdf.jpg"},{"@type":"BreadcrumbList","@id":"https:\/\/demo.perimeter-solutions.com\/es\/product\/concentrado-de-espuma-solberg-arctic-1-sp-afff\/#breadcrumb","itemListElement":[{"@type":"ListItem","position":1,"name":"Cat\u00e1logo de productos","item":"https:\/\/demo.perimeter-solutions.com\/es\/product-catalog\/"},{"@type":"ListItem","position":2,"name":"CONCENTRADO DE ESPUMA SOLBERG\u00ae ARCTIC\u2122 1% SP AFFF"}]},{"@type":"WebSite","@id":"https:\/\/demo.perimeter-solutions.com\/es\/#website","url":"https:\/\/demo.perimeter-solutions.com\/es\/","name":"PS Demo site","description":"","publisher":{"@id":"https:\/\/demo.perimeter-solutions.com\/es\/#organization"},"potentialAction":[{"@type":"SearchAction","target":{"@type":"EntryPoint","urlTemplate":"https:\/\/demo.perimeter-solutions.com\/es\/?s={search_term_string}"},"query-input":{"@type":"PropertyValueSpecification","valueRequired":true,"valueName":"search_term_string"}}],"inLanguage":"es"},{"@type":"Organization","@id":"https:\/\/demo.perimeter-solutions.com\/es\/#organization","name":"Perimeter Solutions","url":"https:\/\/demo.perimeter-solutions.com\/es\/","logo":{"@type":"ImageObject","inLanguage":"es","@id":"https:\/\/demo.perimeter-solutions.com\/es\/#\/schema\/logo\/image\/","url":"https:\/\/demo.perimeter-solutions.com\/wp-content\/uploads\/2021\/02\/perimeter-logo-RGB.png","contentUrl":"https:\/\/demo.perimeter-solutions.com\/wp-content\/uploads\/2021\/02\/perimeter-logo-RGB.png","width":794,"height":138,"caption":"Perimeter Solutions"},"image":{"@id":"https:\/\/demo.perimeter-solutions.com\/es\/#\/schema\/logo\/image\/"}}]}},"_links":{"self":[{"href":"https:\/\/demo.perimeter-solutions.com\/es\/wp-json\/wp\/v2\/product\/42410","targetHints":{"allow":["GET"]}}],"collection":[{"href":"https:\/\/demo.perimeter-solutions.com\/es\/wp-json\/wp\/v2\/product"}],"about":[{"href":"https:\/\/demo.perimeter-solutions.com\/es\/wp-json\/wp\/v2\/types\/product"}],"wp:featuredmedia":[{"embeddable":true,"href":"https:\/\/demo.perimeter-solutions.com\/es\/wp-json\/wp\/v2\/media\/42412"}],"wp:attachment":[{"href":"https:\/\/demo.perimeter-solutions.com\/es\/wp-json\/wp\/v2\/media?parent=42410"}],"wp:term":[{"taxonomy":"product_cat","embeddable":true,"href":"https:\/\/demo.perimeter-solutions.com\/es\/wp-json\/wp\/v2\/product_cat?post=42410"},{"taxonomy":"product_tag","embeddable":true,"href":"https:\/\/demo.perimeter-solutions.com\/es\/wp-json\/wp\/v2\/product_tag?post=42410"}],"curies":[{"name":"wp","href":"https:\/\/api.w.org\/{rel}","templated":true}]}}